{"id":19134,"date":"2020-11-26T10:15:08","date_gmt":"2020-11-26T09:15:08","guid":{"rendered":"https:\/\/www.alarmautomatika.com\/impressum\/"},"modified":"2025-03-03T09:45:02","modified_gmt":"2025-03-03T08:45:02","slug":"impressum","status":"publish","type":"page","link":"https:\/\/www.alarmautomatika.com\/me\/impressum\/","title":{"rendered":"Impressum"},"content":{"rendered":"<p>[et_pb_section fb_built=&#8221;1&#8243; _builder_version=&#8221;4.16&#8243; _module_preset=&#8221;default&#8221; global_colors_info=&#8221;{}&#8221;][et_pb_row _builder_version=&#8221;4.16&#8243; _module_preset=&#8221;default&#8221; custom_padding=&#8221;0px||0px||true|false&#8221; global_colors_info=&#8221;{}&#8221;][et_pb_column type=&#8221;4_4&#8243; _builder_version=&#8221;4.16&#8243; _module_preset=&#8221;default&#8221; global_colors_info=&#8221;{}&#8221;][et_pb_text _builder_version=&#8221;4.16&#8243; _dynamic_attributes=&#8221;content&#8221; _module_preset=&#8221;default&#8221; custom_padding=&#8221;||||false|false&#8221; global_colors_info=&#8221;{}&#8221;]@ET-DC@eyJkeW5hbWljIjp0cnVlLCJjb250ZW50IjoicG9zdF90aXRsZSIsInNldHRpbmdzIjp7ImJlZm9yZSI6IjxoMT4iLCJhZnRlciI6IjxcL2gxPiJ9fQ==@[\/et_pb_text][\/et_pb_column][\/et_pb_row][et_pb_row column_structure=&#8221;1_2,1_2&#8243; _builder_version=&#8221;4.16&#8243; _module_preset=&#8221;default&#8221; global_colors_info=&#8221;{}&#8221;][et_pb_column type=&#8221;1_2&#8243; _builder_version=&#8221;4.16&#8243; _module_preset=&#8221;default&#8221; global_colors_info=&#8221;{}&#8221;][et_pb_text _builder_version=&#8221;4.25.0&#8243; _module_preset=&#8221;default&#8221; header_2_font_size=&#8221;24px&#8221; global_colors_info=&#8221;{}&#8221;]<\/p>\n<h2>Sjedi\u0161te<\/h2>\n<p>Alarm automatika d.o.o.<br \/>Dra\u017eice 123c (Zamet)<br \/>51000 Rijeka<\/p>\n<p>OIB:\u00a030532290707<\/p>\n<p>[\/et_pb_text][et_pb_text _builder_version=&#8221;4.27.4&#8243; _module_preset=&#8221;default&#8221; header_2_font_size=&#8221;24px&#8221; hover_enabled=&#8221;0&#8243; global_colors_info=&#8221;{}&#8221; sticky_enabled=&#8221;0&#8243;]<\/p>\n<h2>Podgorica<\/h2>\n<p>Alarm automatika d.o.o.<br \/>\u0110oka Mira\u0161evi\u0107a 106<br \/>81000 Podgorica<br \/>Crna Gora<\/p>\n<p>[\/et_pb_text][\/et_pb_column][et_pb_column type=&#8221;1_2&#8243; _builder_version=&#8221;4.16&#8243; _module_preset=&#8221;default&#8221; global_colors_info=&#8221;{}&#8221;][et_pb_text _builder_version=&#8221;4.16&#8243; _module_preset=&#8221;default&#8221; header_2_font_size=&#8221;24px&#8221; global_colors_info=&#8221;{}&#8221;]<\/p>\n<p>PDV: 30\/31-09222-0<br \/>PIB: 02774186<br \/>\u017diro ra\u010dun: NLB 530-17362-16<\/p>\n<p>[\/et_pb_text][\/et_pb_column][\/et_pb_row][\/et_pb_section]<\/p>\n","protected":false},"excerpt":{"rendered":"<p>Sjedi\u0161te Alarm automatika d.o.o.Dra\u017eice 123c (Zamet)51000 Rijeka OIB:\u00a030532290707Podgorica Alarm automatika d.o.o.\u0110oka Mira\u0161evi\u0107a 10681000 PodgoricaCrna GoraPDV: 30\/31-09222-0PIB: 02774186\u017diro ra\u010dun: NLB 530-17362-16<\/p>\n","protected":false},"author":15,"featured_media":0,"parent":0,"menu_order":0,"comment_status":"closed","ping_status":"closed","template":"","meta":{"_et_pb_use_builder":"on","_et_pb_old_content":"","_et_gb_content_width":"","footnotes":""},"class_list":["post-19134","page","type-page","status-publish","hentry"],"_links":{"self":[{"href":"https:\/\/www.alarmautomatika.com\/me\/wp-json\/wp\/v2\/pages\/19134","targetHints":{"allow":["GET"]}}],"collection":[{"href":"https:\/\/www.alarmautomatika.com\/me\/wp-json\/wp\/v2\/pages"}],"about":[{"href":"https:\/\/www.alarmautomatika.com\/me\/wp-json\/wp\/v2\/types\/page"}],"author":[{"embeddable":true,"href":"https:\/\/www.alarmautomatika.com\/me\/wp-json\/wp\/v2\/users\/15"}],"replies":[{"embeddable":true,"href":"https:\/\/www.alarmautomatika.com\/me\/wp-json\/wp\/v2\/comments?post=19134"}],"version-history":[{"count":2,"href":"https:\/\/www.alarmautomatika.com\/me\/wp-json\/wp\/v2\/pages\/19134\/revisions"}],"predecessor-version":[{"id":56652,"href":"https:\/\/www.alarmautomatika.com\/me\/wp-json\/wp\/v2\/pages\/19134\/revisions\/56652"}],"wp:attachment":[{"href":"https:\/\/www.alarmautomatika.com\/me\/wp-json\/wp\/v2\/media?parent=19134"}],"curies":[{"name":"wp","href":"https:\/\/api.w.org\/{rel}","templated":true}]}}