{"id":23359,"date":"2021-09-10T13:26:11","date_gmt":"2021-09-10T11:26:11","guid":{"rendered":"https:\/\/www.alarmautomatika.com\/adria-security-summit-2021\/"},"modified":"2021-10-05T14:35:04","modified_gmt":"2021-10-05T12:35:04","slug":"adria-security-2021-summit","status":"publish","type":"page","link":"https:\/\/www.alarmautomatika.com\/me\/adria-security-2021-summit\/","title":{"rendered":"Adria Security Summit 2021"},"content":{"rendered":"<p>[et_pb_section fb_built=&#8221;1&#8243; _builder_version=&#8221;4.11.1&#8243; _module_preset=&#8221;default&#8221; hover_enabled=&#8221;0&#8243; global_colors_info=&#8221;{}&#8221; vertical_offset=&#8221;-65px&#8221; sticky_enabled=&#8221;0&#8243;][et_pb_row _builder_version=&#8221;4.10.8&#8243; _module_preset=&#8221;default&#8221; global_colors_info=&#8221;{}&#8221;][et_pb_column type=&#8221;4_4&#8243; _builder_version=&#8221;4.10.8&#8243; _module_preset=&#8221;default&#8221; global_colors_info=&#8221;{}&#8221;][et_pb_text _builder_version=&#8221;4.10.7&#8243; _module_preset=&#8221;default&#8221; header_letter_spacing=&#8221;1px&#8221; header_line_height=&#8221;1.3em&#8221; global_colors_info=&#8221;{}&#8221;]<\/p>\n<blockquote>\n<h1>Prezentacije softverskih rje\u0161enja centralizacije i integracije &#8211; napredne funkcije i primjeri primjene<\/h1>\n<\/blockquote>\n<p>[\/et_pb_text][et_pb_text _builder_version=&#8221;4.10.8&#8243; _module_preset=&#8221;default&#8221; header_font=&#8221;||||||||&#8221; header_line_height=&#8221;1.5em&#8221; header_4_text_align=&#8221;left&#8221; header_4_line_height=&#8221;1.5em&#8221; custom_margin=&#8221;||||false|false&#8221; custom_padding=&#8221;20px||||false|false&#8221; global_colors_info=&#8221;{}&#8221;]<\/p>\n<h4>Adria Security Summit 2021., Beograd, 13.10.2021.<\/h4>\n<p><em>Alarm automatika i ove godine u\u010destvuje na  Adria Security Summitu, najve\u0107em doga\u0111aju u industriji za\u0161tite u regionu. Novitete u ponudi Alarm automatike i na\u0161ih dugogodi\u0161njih dobavlja\u010da \u0107emo predstaviti u izlo\u017ebenom dijelu Summita, a iskustva u radu i strategiju daljnjeg razvoja kroz prezentacijski i konferencijski dio.<\/em><\/p>\n<p>[\/et_pb_text][et_pb_image src=&#8221;https:\/\/www.alarmautomatika.com\/wp-content\/uploads\/2021\/09\/banner-poziv-summit-mne-bih.jpg&#8221; alt=&#8221;Adria Security Summit 2021&#8243; align=&#8221;center&#8221; _builder_version=&#8221;4.10.7&#8243; _module_preset=&#8221;default&#8221; global_colors_info=&#8221;{}&#8221;][\/et_pb_image][et_pb_text _builder_version=&#8221;4.10.8&#8243; _module_preset=&#8221;default&#8221; header_line_height=&#8221;1.5em&#8221; header_4_line_height=&#8221;1.5em&#8221; global_colors_info=&#8221;{}&#8221;]<\/p>\n<p>Nastup Alarm automatike je posve\u0107en rje\u0161enjima softverske centralizacije i integracije koja kontinuirano razvijamo u skladu sa tehnolo\u0161kim novitetima i zahtjevima korisnika. Svoja rje\u0161enja \u0107emo predstaviti kroz tri prezentacije koje \u0107e biti usmjerene na teme koje su u fokusu interesa krajnjih korisnika: centralizovani prijem signala alarma s dislociranih objekata, me\u0111usobna integracija sistema tehni\u010dke za\u0161tite na objektu te integracija tehni\u010dkih sistema sa softverima za vo\u0111enje poslovanja.<\/p>\n<p>[\/et_pb_text][\/et_pb_column][\/et_pb_row][et_pb_row column_structure=&#8221;1_2,1_2&#8243; _builder_version=&#8221;4.10.8&#8243; _module_preset=&#8221;default&#8221; global_colors_info=&#8221;{}&#8221;][et_pb_column type=&#8221;1_2&#8243; _builder_version=&#8221;4.10.8&#8243; _module_preset=&#8221;default&#8221; global_colors_info=&#8221;{}&#8221;][et_pb_text _builder_version=&#8221;4.10.8&#8243; _module_preset=&#8221;default&#8221; global_colors_info=&#8221;{}&#8221;]<\/p>\n<p><strong>Uvodno predavanje<\/strong><br \/>Dojavni i nadzorni centri budu\u0107nosti<br \/>Boris Popovi\u0107, CEO<\/p>\n<p><strong>13.10.2021.<\/strong><br \/><strong>10:45-11:10<\/strong><\/p>\n<p>Glavna konferencijska dvorana<\/p>\n<p>[\/et_pb_text][\/et_pb_column][et_pb_column type=&#8221;1_2&#8243; _builder_version=&#8221;4.10.8&#8243; _module_preset=&#8221;default&#8221; global_colors_info=&#8221;{}&#8221;][et_pb_text _builder_version=&#8221;4.10.8&#8243; _module_preset=&#8221;default&#8221; global_colors_info=&#8221;{}&#8221;]<\/p>\n<p><strong>Case Study<\/strong><br \/>Integrirano rje\u0161enje za\u0161tite Infobip kampusa Alpha Centauri<br \/>Miroslav \u0106iri\u0107, direktor projektne prodaje<\/p>\n<p><strong>14.10.2021.<\/strong><br \/><strong>13:15-13:30<\/strong><\/p>\n<p>Glavna konferencijska dvorana<\/p>\n<p>[\/et_pb_text][\/et_pb_column][\/et_pb_row][et_pb_row _builder_version=&#8221;4.10.6&#8243; _module_preset=&#8221;default&#8221; vertical_offset=&#8221;-50px&#8221; global_colors_info=&#8221;{}&#8221;][et_pb_column type=&#8221;4_4&#8243; _builder_version=&#8221;4.10.6&#8243; _module_preset=&#8221;default&#8221; global_colors_info=&#8221;{}&#8221;][et_pb_divider color=&#8221;#D7D7D7&#8243; divider_style=&#8221;dotted&#8221; divider_position=&#8221;center&#8221; divider_weight=&#8221;2px&#8221; _builder_version=&#8221;4.10.7&#8243; _module_preset=&#8221;default&#8221; background_color=&#8221;RGBA(0,0,0,0)&#8221; global_colors_info=&#8221;{}&#8221;][\/et_pb_divider][et_pb_text _builder_version=&#8221;4.10.8&#8243; _module_preset=&#8221;default&#8221; global_colors_info=&#8221;{}&#8221;]<\/p>\n<blockquote>\n<h3>Raspored prezentacija<\/h3>\n<\/blockquote>\n<p>Sve prezentacije se odr\u017eavaju u sklopu Adria Security Summita, 13.10.2021. u popodnevnim satima, u dvorani Pink Panter konferencijskog centra BELEXPOCENTAR, u hotelu Holiday Inn, Beograd.<\/p>\n<p>[\/et_pb_text][et_pb_text _builder_version=&#8221;4.10.7&#8243; _module_preset=&#8221;default&#8221; custom_margin=&#8221;0px||||false|false&#8221; custom_padding=&#8221;0px||||false|false&#8221; border_radii=&#8221;on|1px|1px|1px|1px&#8221; border_width_all=&#8221;7px&#8221; border_color_all=&#8221;#8CC89B&#8221; global_colors_info=&#8221;{}&#8221;]<\/p>\n<h4><img loading=\"lazy\" decoding=\"async\" class=\"wp-image-23404 size-full alignleft\" src=\"https:\/\/www.alarmautomatika.com\/wp-content\/uploads\/2021\/09\/slicica-ass2021.png\" alt=\"ABsistemDCi\" width=\"294\" height=\"134\" \/><\/h4>\n<h4>Centralizacija alarmnih i video nadzornih sistema putem ABsistemDC(NG)v2 softvera sa primjerima<\/h4>\n<p>[\/et_pb_text][et_pb_text _builder_version=&#8221;4.10.7&#8243; _module_preset=&#8221;default&#8221; link_font=&#8221;|700|||||||&#8221; header_line_height=&#8221;1.5em&#8221; header_4_line_height=&#8221;1.5em&#8221; custom_margin=&#8221;5px||||false|false&#8221; custom_padding=&#8221;5px||||false|false&#8221; border_color_all=&#8221;#33A44D&#8221; global_colors_info=&#8221;{}&#8221;]Na prezentaciji \u0107e biti prikazano kako <a href=\"https:\/\/www.alarmautomatika.com\/me\/softveri\/prijem-i-obrada-alarma\/\">ABsistemDC(NG)v2<\/a> softver za centralizovani prijem i obradu alarmnih doga\u0111aja sa \u0161ti\u0107enih objekata prati tehnolo\u0161ke promjene i nove zahtjeve korisnika usluga dojavnih centara. Namijenjena je prvenstveno menad\u017eerima dojavnih centara i instalaterima tehni\u010dke za\u0161tite, postoje\u0107im i potencijalnim korisnicima ABSistemDC(NG)v2 softvera, kao i krajnjim korisnicima njihovih usluga. U\u010desnici \u0107e biti informisani o novim funkcionalnostima ABSistemDC(NG)v2 softvera koje omogu\u0107uju osmi\u0161ljavanje i nu\u0111enje novih usluga, a bi\u0107e opisani i neki noviji primjeri implementacije.<\/p>\n<p>&nbsp;<\/p>\n<ul>\n<li style=\"list-style-type: none;\">\n<ul>\n<li style=\"list-style-type: none;\">\n<ul>\n<li>ABsistemDC(NG)v2 softver za prijem i obradu signala alarma u dojavnim centrima<img loading=\"lazy\" decoding=\"async\" class=\"wp-image-23448 size-medium alignright\" src=\"https:\/\/www.alarmautomatika.com\/wp-content\/uploads\/2021\/09\/ABSistem_DCNGv2_logo-300x35.png\" alt=\"\" width=\"300\" height=\"35\" srcset=\"https:\/\/www.alarmautomatika.com\/wp-content\/uploads\/2021\/09\/ABSistem_DCNGv2_logo-300x35.png 300w, https:\/\/www.alarmautomatika.com\/wp-content\/uploads\/2021\/09\/ABSistem_DCNGv2_logo.png 427w\" sizes=\"(max-width: 300px) 100vw, 300px\" \/><\/li>\n<li style=\"text-align: left;\">Cloud verzija softvera za manje dojavne centre<\/li>\n<li>Videoverifikacija signala alarma<\/li>\n<li>Foto verifikacija putem Ajax MotionCam detektora<\/li>\n<li>Online nadzor obilaska obezbje\u0111enja u realnom vremenu<\/li>\n<li>Centralni tehni\u010dki nadzor za neprestani uvid u stanje sistema za\u0161tite<\/li>\n<li>Vatrogasni dojavni centri<\/li>\n<li>DVC video nadzorni centri<\/li>\n<\/ul>\n<\/li>\n<\/ul>\n<\/li>\n<\/ul>\n<p>[\/et_pb_text][et_pb_button button_url=&#8221;https:\/\/docs.google.com\/forms\/d\/e\/1FAIpQLScH9RVX9qfYqG_DR8UcQaWfd2GB4H-nmeR_3wlQk0mMH5czhg\/viewform&#8221; url_new_window=&#8221;on&#8221; button_text=&#8221;Prijava sudjelovanja&#8221; button_alignment=&#8221;center&#8221; disabled_on=&#8221;off|off|off&#8221; _builder_version=&#8221;4.10.7&#8243; _module_preset=&#8221;default&#8221; custom_button=&#8221;on&#8221; button_text_size=&#8221;14px&#8221; button_font=&#8221;|600|||||||&#8221; button_use_icon=&#8221;off&#8221; custom_padding=&#8221;14px|53px|14px|53px|true|true&#8221; global_colors_info=&#8221;{}&#8221;][\/et_pb_button][et_pb_divider color=&#8221;#D7D7D7&#8243; divider_style=&#8221;dotted&#8221; divider_position=&#8221;center&#8221; divider_weight=&#8221;2px&#8221; _builder_version=&#8221;4.10.7&#8243; _module_preset=&#8221;default&#8221; background_color=&#8221;RGBA(0,0,0,0)&#8221; global_colors_info=&#8221;{}&#8221;][\/et_pb_divider][et_pb_text _builder_version=&#8221;4.10.7&#8243; _module_preset=&#8221;default&#8221; header_line_height=&#8221;1.4em&#8221; custom_margin=&#8221;0px||||false|false&#8221; custom_padding=&#8221;0px||||false|false&#8221; border_radii=&#8221;on|1px|1px|1px|1px&#8221; border_width_all=&#8221;6px&#8221; border_color_all=&#8221;#8CC89B&#8221; global_colors_info=&#8221;{}&#8221;]<\/p>\n<h4><img loading=\"lazy\" decoding=\"async\" class=\"wp-image-23412 size-full alignleft\" src=\"https:\/\/www.alarmautomatika.com\/wp-content\/uploads\/2021\/09\/slicica-ass2021-2.png\" alt=\"\" width=\"294\" height=\"134\" \/><\/h4>\n<h4>Integracija safety rje\u0161enja sa security i BMS sistema putem ABsistemDCi softvera sa primjerima<\/h4>\n<p>[\/et_pb_text][et_pb_text _builder_version=&#8221;4.10.7&#8243; _module_preset=&#8221;default&#8221; link_font=&#8221;|700|||||||&#8221; header_line_height=&#8221;1.5em&#8221; header_4_line_height=&#8221;1.5em&#8221; global_colors_info=&#8221;{}&#8221;]<\/p>\n<p>Safety sistemi na objektu se integri\u0161u kako bi se osigurala koordinirana funkcija detekcije i dojave po\u017eara te sigurne evakuacije ljudi. Na prezentaciji \u0107e biti prikazano koje su karakteristike opreme, posebno <a href=\"https:\/\/www.alarmautomatika.com\/me\/proizvodi\/dojava-pozara\/\">vatrodojavne centrale<\/a>, presudne za uspje\u0161nu integraciju. Bi\u0107e istaknute prednosti integracije putem <a href=\"https:\/\/www.alarmautomatika.com\/me\/softveri\/nadzor-i-upravljanje-sistemima-zastite\/\">ABsistemDCi<\/a> softvera koji omogu\u0107uje nadzor i upravljanje nad integrisanim sistemima putem jedinstvenog ulaza te daljnju integraciju safety sistema sa security i BMS sistemima na objektu. Prezentacija je namijenjena prvenstveno elektro projektantima i sistem integratorima, ali i krajnjim korisnicima koji u svojim objektima moraju imati safety sisteme projektovane i izvedene u skladu s va\u017ee\u0107im propisima i koji \u017eele imati mogu\u0107nost daljnje integracije svih tehni\u010dkih sistema na objektu.<\/p>\n<p>&nbsp;<\/p>\n<ul>\n<li style=\"list-style-type: none;\">\n<ul>\n<li style=\"list-style-type: none;\">\n<ul>\n<li>Zna\u010daj i pokrivenost integriranog safety rje\u0161enja<\/li>\n<li>Safety oprema uskla\u0111ena sa EN 54 i drugim va\u017ee\u0107im normama<\/li>\n<li>Fleksibilnost u dimenzionisanju sistema dojave po\u017eara putem Inim Previdia vatrodojavnih centrala<\/li>\n<li>Sistemi za sigurnu evakuaciju \u2013 evakuacijski razglas, odimljavanje, panik rasvjeta<\/li>\n<li>Integracija sa tehni\u010dkom za\u0161titom i BMS sistemima<\/li>\n<li>ABsistemDCi softver za nadzor i upravljanje nad integrisanim sistemima na objektu<\/li>\n<\/ul>\n<\/li>\n<\/ul>\n<\/li>\n<\/ul>\n<p>[\/et_pb_text][et_pb_button button_url=&#8221;https:\/\/docs.google.com\/forms\/d\/e\/1FAIpQLScH9RVX9qfYqG_DR8UcQaWfd2GB4H-nmeR_3wlQk0mMH5czhg\/viewform&#8221; url_new_window=&#8221;on&#8221; button_text=&#8221;Prijava sudjelovanja&#8221; button_alignment=&#8221;center&#8221; disabled_on=&#8221;off|off|off&#8221; _builder_version=&#8221;4.10.6&#8243; _module_preset=&#8221;default&#8221; custom_button=&#8221;on&#8221; button_text_size=&#8221;14px&#8221; button_font=&#8221;|600|||||||&#8221; button_use_icon=&#8221;off&#8221; custom_padding=&#8221;14px|53px|14px|53px|true|true&#8221; global_colors_info=&#8221;{}&#8221;][\/et_pb_button][et_pb_divider color=&#8221;#D7D7D7&#8243; divider_style=&#8221;dotted&#8221; divider_position=&#8221;center&#8221; divider_weight=&#8221;2px&#8221; _builder_version=&#8221;4.10.7&#8243; _module_preset=&#8221;default&#8221; background_color=&#8221;RGBA(0,0,0,0)&#8221; global_colors_info=&#8221;{}&#8221;][\/et_pb_divider][et_pb_text _builder_version=&#8221;4.10.7&#8243; _module_preset=&#8221;default&#8221; custom_margin=&#8221;||||false|false&#8221; custom_padding=&#8221;||||false|false&#8221; border_radii=&#8221;on|1px|1px|1px|1px&#8221; border_width_all=&#8221;6px&#8221; border_color_all=&#8221;#8CC89B&#8221; global_colors_info=&#8221;{}&#8221;]<\/p>\n<h4><img loading=\"lazy\" decoding=\"async\" class=\"wp-image-23424 size-full alignleft\" src=\"https:\/\/www.alarmautomatika.com\/wp-content\/uploads\/2021\/09\/slicica-ass2021-3.png\" alt=\"\" width=\"294\" height=\"134\" \/><\/h4>\n<h4>\u00a0<\/h4>\n<h4>ABsistem serija softvera za inteligentno upravljanje i kontrolu sa primjerima<\/h4>\n<p>[\/et_pb_text][et_pb_text _builder_version=&#8221;4.10.7&#8243; _module_preset=&#8221;default&#8221; link_font=&#8221;|700|||||||&#8221; header_line_height=&#8221;1.5em&#8221; header_4_line_height=&#8221;1.5em&#8221; global_colors_info=&#8221;{}&#8221;]<\/p>\n<p>Na prezentaciji \u0107e biti prikazani razli\u010dita rje\u0161enja integracije tehni\u010dkih sustava na objektu sa softverima koje krajnji korisnici koriste za vo\u0111enje poslovanja putem <a href=\"https:\/\/www.alarmautomatika.com\/me\/softveri\/inteligentno-upravljanje-i-kontrola\/#izdavanje-ulaznica\">ABsistem serije softvera za inteligentno upravljanje i kontrolu<\/a>. Primjerima \u0107e biti obuhva\u0107ena rje\u0161enja implementirana u javnim, trgova\u010dkim, hotelskim i poslovnim objektima. Prezentacija je namijenjena prvenstveno projektantima tehni\u010dkih sustava na objektu, sistem integratorima i krajnjim korisnicima koji u svoje poslovanje \u017eele uvesti rje\u0161enja koja im osiguravaju pouzdan nadzor i razvoj poslovnih procesa.<\/p>\n<p>[\/et_pb_text][\/et_pb_column][\/et_pb_row][et_pb_row column_structure=&#8221;1_2,1_2&#8243; _builder_version=&#8221;4.10.7&#8243; _module_preset=&#8221;default&#8221; vertical_offset=&#8221;-70px&#8221; global_colors_info=&#8221;{}&#8221;][et_pb_column type=&#8221;1_2&#8243; _builder_version=&#8221;4.10.7&#8243; _module_preset=&#8221;default&#8221; global_colors_info=&#8221;{}&#8221;][et_pb_text _builder_version=&#8221;4.10.7&#8243; _module_preset=&#8221;default&#8221; global_colors_info=&#8221;{}&#8221;]<\/p>\n<ul>\n<li style=\"list-style-type: none;\">\n<ul>\n<li style=\"list-style-type: none;\">\n<ul>\n<li>Razvoj specijalisti\u010dkih softvera za inteligentno upravljanje i kontrolu<\/li>\n<li>Integracija tehni\u010dkih sustava na objektu sa softverima za vo\u0111enje poslovanja<\/li>\n<li>ABsistemCounter serija softvera za brojanje ljudi i vozila<\/li>\n<li>ABsistemPark serija softvera za kontrolu i upravljanje parkirali\u0161tima<\/li>\n<li>ABsistemTicketing serija softvera za izdavanje ulaznica i upravljanje ulazom u javne objekte<\/li>\n<li>ABsistemGreen softver za nadzor na pretovarnim stanicama i odlagali\u0161tima otpada<\/li>\n<li>ABsistemGuestManager softver za upravljanje i evidenciju ulaza posjetitelja u javne i poslovne objekte<\/li>\n<\/ul>\n<\/li>\n<\/ul>\n<\/li>\n<\/ul>\n<p>[\/et_pb_text][\/et_pb_column][et_pb_column type=&#8221;1_2&#8243; _builder_version=&#8221;4.10.7&#8243; _module_preset=&#8221;default&#8221; global_colors_info=&#8221;{}&#8221;][et_pb_image src=&#8221;https:\/\/www.alarmautomatika.com\/wp-content\/uploads\/2021\/09\/absistem_counter_300x49.png&#8221; title_text=&#8221;absistem_counter_300x49&#8243; _builder_version=&#8221;4.10.7&#8243; _module_preset=&#8221;default&#8221; positioning=&#8221;relative&#8221; horizontal_offset=&#8221;200px&#8221; z_index=&#8221;0&#8243; global_colors_info=&#8221;{}&#8221;][\/et_pb_image][et_pb_image src=&#8221;https:\/\/www.alarmautomatika.com\/wp-content\/uploads\/2021\/09\/absistem_park_300x49-1.png&#8221; title_text=&#8221;absistem_park_300x49&#8243; _builder_version=&#8221;4.10.7&#8243; _module_preset=&#8221;default&#8221; positioning=&#8221;relative&#8221; horizontal_offset=&#8221;200px&#8221; z_index=&#8221;0&#8243; global_colors_info=&#8221;{}&#8221;][\/et_pb_image][et_pb_image src=&#8221;https:\/\/www.alarmautomatika.com\/wp-content\/uploads\/2021\/09\/absistem_ticketing_300x49.png&#8221; title_text=&#8221;absistem_ticketing_300x49&#8243; _builder_version=&#8221;4.10.7&#8243; _module_preset=&#8221;default&#8221; positioning=&#8221;relative&#8221; horizontal_offset=&#8221;200px&#8221; z_index=&#8221;0&#8243; global_colors_info=&#8221;{}&#8221;][\/et_pb_image][\/et_pb_column][\/et_pb_row][et_pb_row _builder_version=&#8221;4.10.7&#8243; _module_preset=&#8221;default&#8221; vertical_offset=&#8221;-80px&#8221; global_colors_info=&#8221;{}&#8221;][et_pb_column type=&#8221;4_4&#8243; _builder_version=&#8221;4.10.7&#8243; _module_preset=&#8221;default&#8221; global_colors_info=&#8221;{}&#8221;][et_pb_button button_url=&#8221;https:\/\/docs.google.com\/forms\/d\/e\/1FAIpQLScH9RVX9qfYqG_DR8UcQaWfd2GB4H-nmeR_3wlQk0mMH5czhg\/viewform&#8221; url_new_window=&#8221;on&#8221; button_text=&#8221;Prijava sudjelovanja&#8221; button_alignment=&#8221;center&#8221; disabled_on=&#8221;off|off|off&#8221; _builder_version=&#8221;4.10.6&#8243; _module_preset=&#8221;default&#8221; custom_button=&#8221;on&#8221; button_text_size=&#8221;14px&#8221; button_font=&#8221;|600|||||||&#8221; button_use_icon=&#8221;off&#8221; custom_padding=&#8221;14px|53px|14px|53px|true|true&#8221; global_colors_info=&#8221;{}&#8221;][\/et_pb_button][et_pb_divider color=&#8221;#D7D7D7&#8243; divider_style=&#8221;dotted&#8221; divider_position=&#8221;center&#8221; divider_weight=&#8221;2px&#8221; _builder_version=&#8221;4.10.7&#8243; _module_preset=&#8221;default&#8221; background_color=&#8221;RGBA(0,0,0,0)&#8221; global_colors_info=&#8221;{}&#8221;][\/et_pb_divider][et_pb_text _builder_version=&#8221;4.10.8&#8243; _module_preset=&#8221;default&#8221; link_font=&#8221;|700|||||||&#8221; header_line_height=&#8221;1.5em&#8221; header_4_line_height=&#8221;1.5em&#8221; border_color_all=&#8221;#8CC89B&#8221; global_colors_info=&#8221;{}&#8221;]<\/p>\n<p><span style=\"color: #333333;\">Alarm automatika je jedan od glavnih sponzora <a href=\"https:\/\/www.adriasecuritysummit.com\/\" target=\"_blank\" rel=\"noopener\">Adria Security Summita<\/a>, najve\u0107eg doga\u0111aja u industriji za\u0161tite u regionu. Novitete u ponudi Alarm automatike i na\u0161ih dugogodi\u0161njih dobavlja\u010da \u0107emo predstaviti u izlo\u017ebenom dijelu Summita na ukupno devet \u0161tandova, a iskustva u radu i strategiju daljnjeg razvoja \u0107emo predstaviti kroz prezentacijski i konferencijski dio \u2013 uvodno izlaganje predsjednika Uprave Borisa Popovi\u0107a o dojavnim i nadzornim centrima budu\u0107nosti i case study prezentaciju Implementacija integrisanog rje\u0161enja za\u0161tite kampusa firme Infobip.<\/span><\/p>\n<p>[\/et_pb_text][\/et_pb_column][\/et_pb_row][\/et_pb_section]<\/p>\n","protected":false},"excerpt":{"rendered":"<p>Prezentacije softverskih rje\u0161enja centralizacije i integracije &#8211; napredne funkcije i primjeri primjene Adria Security Summit 2021., Beograd, 13.10.2021. Alarm automatika i ove godine u\u010destvuje na Adria Security Summitu, najve\u0107em doga\u0111aju u industriji za\u0161tite u regionu. Novitete u ponudi Alarm automatike i na\u0161ih dugogodi\u0161njih dobavlja\u010da \u0107emo predstaviti u izlo\u017ebenom dijelu Summita, a iskustva u radu i [&hellip;]<\/p>\n","protected":false},"author":15,"featured_media":0,"parent":0,"menu_order":0,"comment_status":"closed","ping_status":"closed","template":"","meta":{"_et_pb_use_builder":"on","_et_pb_old_content":"","_et_gb_content_width":"","footnotes":""},"class_list":["post-23359","page","type-page","status-publish","hentry"],"_links":{"self":[{"href":"https:\/\/www.alarmautomatika.com\/me\/wp-json\/wp\/v2\/pages\/23359","targetHints":{"allow":["GET"]}}],"collection":[{"href":"https:\/\/www.alarmautomatika.com\/me\/wp-json\/wp\/v2\/pages"}],"about":[{"href":"https:\/\/www.alarmautomatika.com\/me\/wp-json\/wp\/v2\/types\/page"}],"author":[{"embeddable":true,"href":"https:\/\/www.alarmautomatika.com\/me\/wp-json\/wp\/v2\/users\/15"}],"replies":[{"embeddable":true,"href":"https:\/\/www.alarmautomatika.com\/me\/wp-json\/wp\/v2\/comments?post=23359"}],"version-history":[{"count":0,"href":"https:\/\/www.alarmautomatika.com\/me\/wp-json\/wp\/v2\/pages\/23359\/revisions"}],"wp:attachment":[{"href":"https:\/\/www.alarmautomatika.com\/me\/wp-json\/wp\/v2\/media?parent=23359"}],"curies":[{"name":"wp","href":"https:\/\/api.w.org\/{rel}","templated":true}]}}