{"id":35677,"date":"2022-09-09T09:46:13","date_gmt":"2022-09-09T07:46:13","guid":{"rendered":"https:\/\/www.alarmautomatika.com\/aplikacija-za-prikupljanje-pohranu-analizu-i-vizualizaciju-podataka-o-potrosnji-energenata-absistemenergy\/"},"modified":"2022-12-14T15:45:07","modified_gmt":"2022-12-14T14:45:07","slug":"aplikacija-za-prikupljanje-pohranu-analizu-i-vizualizaciju-podataka-o-potrosnji-energenata-absistemenergy","status":"publish","type":"page","link":"https:\/\/www.alarmautomatika.com\/me\/aplikacija-za-prikupljanje-pohranu-analizu-i-vizualizaciju-podataka-o-potrosnji-energenata-absistemenergy\/","title":{"rendered":"Aplikacija za prikupljanje, smje\u0161tanje, analizu i vizualizaciju podataka o potro\u0161nji energenata ABsistemEnergy"},"content":{"rendered":"<p>[et_pb_section fb_built=&#8221;1&#8243; _builder_version=&#8221;4.18.0&#8243; _module_preset=&#8221;default&#8221; vertical_offset=&#8221;-70px&#8221; global_colors_info=&#8221;{}&#8221;][et_pb_row _builder_version=&#8221;4.18.0&#8243; _module_preset=&#8221;default&#8221; global_colors_info=&#8221;{}&#8221;][et_pb_column type=&#8221;4_4&#8243; _builder_version=&#8221;4.18.0&#8243; _module_preset=&#8221;default&#8221; global_colors_info=&#8221;{}&#8221;][et_pb_text _builder_version=&#8221;4.18.0&#8243; _module_preset=&#8221;default&#8221; header_line_height=&#8221;1.4em&#8221; global_colors_info=&#8221;{}&#8221;]<\/p>\n<blockquote>\n<h1>Aplikacija za prikupljanje, smje\u0161tanje, analizu i vizualizaciju podataka o potro\u0161nji energenata ABsistemEnergy<\/h1>\n<\/blockquote>\n<p>[\/et_pb_text][et_pb_text _builder_version=&#8221;4.18.0&#8243; _module_preset=&#8221;default&#8221; global_colors_info=&#8221;{}&#8221;]<\/p>\n<p><em>Globalne razmjere zaga\u0111enja okoline, smanjeni energetski resursi i klimatske promjene su energetsku efikasnost doveli u fokus interesa dru\u0161tva, nau\u010dnika, privrednika  i pojedinaca. Svi segmenti dru\u0161tva su u potrazi za rje\u0161enjima koja \u0107e pove\u0107ati energetsku efikasnost i smanjiti emisiju ugljen-dioksida odr\u017eivim rje\u0161enjima, a uspje\u0161nost u naporima da potro\u0161nja bude odr\u017eiva u velikoj mjeri zavise od ta\u010dnosti i aktuelnosti podataka o potro\u0161nji energenata i vode.  <\/em><\/p>\n<p>[\/et_pb_text][et_pb_image src=&#8221;https:\/\/www.alarmautomatika.com\/wp-content\/uploads\/2022\/09\/banner-absistemenergy-1400&#215;444-v2.jpg&#8221; align=&#8221;center&#8221; _builder_version=&#8221;4.18.0&#8243; _module_preset=&#8221;default&#8221; hover_enabled=&#8221;0&#8243; global_colors_info=&#8221;{}&#8221; sticky_enabled=&#8221;0&#8243;][\/et_pb_image][et_pb_text _builder_version=&#8221;4.18.0&#8243; _module_preset=&#8221;default&#8221; global_colors_info=&#8221;{}&#8221;]<\/p>\n<p>ABsistemEnergy je aplikacija za centralizovano prikupljanje, smje\u0161tanje, analizu i vizualizaciju podataka o potro\u0161nji energenata i vode u objektima na jednoj ili vi\u0161e geografski udaljenih lokacija. Svrha mu je omogu\u0107iti jednostavnu i brzu analizu podataka o potro\u0161nji kako bi korisnici na osnovu njih implementirali mjere koje \u0107e dovesti do ve\u0107e energetske efikasnosti objekata kojima upravljaju. <\/p>\n<p>[\/et_pb_text][et_pb_image src=&#8221;https:\/\/www.alarmautomatika.com\/wp-content\/uploads\/2022\/12\/ilustracija_1-absistemenergy-1400&#215;444-MNE.jpg&#8221; align=&#8221;center&#8221; _builder_version=&#8221;4.19.3&#8243; _module_preset=&#8221;default&#8221; hover_enabled=&#8221;0&#8243; global_colors_info=&#8221;{}&#8221; sticky_enabled=&#8221;0&#8243;][\/et_pb_image][\/et_pb_column][\/et_pb_row][et_pb_row column_structure=&#8221;1_2,1_2&#8243; _builder_version=&#8221;4.18.0&#8243; _module_preset=&#8221;default&#8221; global_colors_info=&#8221;{}&#8221;][et_pb_column type=&#8221;1_2&#8243; _builder_version=&#8221;4.18.0&#8243; _module_preset=&#8221;default&#8221; global_colors_info=&#8221;{}&#8221;][et_pb_text _builder_version=&#8221;4.18.0&#8243; _module_preset=&#8221;default&#8221; global_colors_info=&#8221;{}&#8221;]<\/p>\n<ul>\n<li>Centralizovano pra\u0107enje potro\u0161nje energenata na geografski udaljenim objektima<\/li>\n<li>Jednostavno dodavanje i a\u017euriranje novih objekata, podataka o objektima, mjernih mjesta i parametara<\/li>\n<li>Potpuna sloboda u izboru mjernih ure\u0111aja<\/li>\n<li>Trenutno obavje\u0161tavanje o potro\u0161nji izvan referentnih vrijednosti<\/li>\n<li>Benchmarking za brzo uo\u010davanje mogu\u0107nosti pobolj\u0161anja energetske u\u010dinkovitosti, korisnicima prilago\u0111eni kriterijumu usporedbe potro\u0161nje<\/li>\n<\/ul>\n<p>[\/et_pb_text][\/et_pb_column][et_pb_column type=&#8221;1_2&#8243; _builder_version=&#8221;4.18.0&#8243; _module_preset=&#8221;default&#8221; global_colors_info=&#8221;{}&#8221;][et_pb_text _builder_version=&#8221;4.18.0&#8243; _module_preset=&#8221;default&#8221; global_colors_info=&#8221;{}&#8221;]<\/p>\n<ul>\n<li>Mogu\u0107nost pore\u0111enja podataka prikupljenih mjernim instrumentima s podacima o potro\u0161nji s ra\u010duna za razne energente<\/li>\n<li>Korisni\u010dki podesivo \/ Prilagodba potrebama korisnika<\/li>\n<li>Izvje\u0161taji i analize<\/li>\n<li>Vizualizacija podataka za njihovo lak\u0161e razumijevanje<\/li>\n<li>U skladu sa zahtjevima ISO 50001<\/li>\n<\/ul>\n<p>[\/et_pb_text][\/et_pb_column][\/et_pb_row][et_pb_row column_structure=&#8221;1_2,1_2&#8243; _builder_version=&#8221;4.18.0&#8243; _module_preset=&#8221;default&#8221; global_colors_info=&#8221;{}&#8221;][et_pb_column type=&#8221;1_2&#8243; _builder_version=&#8221;4.18.0&#8243; _module_preset=&#8221;default&#8221; global_colors_info=&#8221;{}&#8221;][et_pb_text _builder_version=&#8221;4.18.0&#8243; _module_preset=&#8221;default&#8221; global_colors_info=&#8221;{}&#8221;]<\/p>\n<h3>Potro\u0161nja energenata<\/h3>\n<ul>\n<li>Elektri\u010dna energija<\/li>\n<li>Voda<\/li>\n<li>Plin<\/li>\n<li>Gorivo<\/li>\n<li>Energenti za grijanje i hla\u0111enje<\/li>\n<\/ul>\n<p>[\/et_pb_text][et_pb_text _builder_version=&#8221;4.18.0&#8243; _module_preset=&#8221;default&#8221; global_colors_info=&#8221;{}&#8221;]<\/p>\n<h3>Pra\u0107enje stanje okoline<\/h3>\n<ul>\n<li>Vlaga<\/li>\n<li>Koncentracija CO<sub>2<\/sub> u prostorijama<\/li>\n<li>Temperatura spolja\u0161nja \/ unutra\u0161nja<\/li>\n<li>Atmosferski pritisak<\/li>\n<\/ul>\n<p>[\/et_pb_text][et_pb_text _builder_version=&#8221;4.18.0&#8243; _module_preset=&#8221;default&#8221; global_colors_info=&#8221;{}&#8221;]<\/p>\n<h3>Specifi\u010dna mjerenja<\/h3>\n<ul>\n<li>Potro\u0161nja energije pojedinih pogona i\/ili proizvodnih procesa<\/li>\n<\/ul>\n<p>[\/et_pb_text][\/et_pb_column][et_pb_column type=&#8221;1_2&#8243; _builder_version=&#8221;4.18.0&#8243; _module_preset=&#8221;default&#8221; global_colors_info=&#8221;{}&#8221;][et_pb_image src=&#8221;https:\/\/www.alarmautomatika.com\/wp-content\/uploads\/2022\/09\/ilustracija_2-absistemenergy-1440px.jpg&#8221; show_in_lightbox=&#8221;on&#8221; _builder_version=&#8221;4.18.0&#8243; _module_preset=&#8221;default&#8221; z_index=&#8221;50&#8243; width=&#8221;75%&#8221; global_colors_info=&#8221;{}&#8221;][\/et_pb_image][\/et_pb_column][\/et_pb_row][\/et_pb_section]<\/p>\n","protected":false},"excerpt":{"rendered":"<p>Aplikacija za prikupljanje, smje\u0161tanje, analizu i vizualizaciju podataka o potro\u0161nji energenata ABsistemEnergy Globalne razmjere zaga\u0111enja okoline, smanjeni energetski resursi i klimatske promjene su energetsku efikasnost doveli u fokus interesa dru\u0161tva, nau\u010dnika, privrednika i pojedinaca. Svi segmenti dru\u0161tva su u potrazi za rje\u0161enjima koja \u0107e pove\u0107ati energetsku efikasnost i smanjiti emisiju ugljen-dioksida odr\u017eivim rje\u0161enjima, a uspje\u0161nost [&hellip;]<\/p>\n","protected":false},"author":15,"featured_media":0,"parent":0,"menu_order":0,"comment_status":"closed","ping_status":"closed","template":"","meta":{"_et_pb_use_builder":"on","_et_pb_old_content":"","_et_gb_content_width":"","footnotes":""},"class_list":["post-35677","page","type-page","status-publish","hentry"],"_links":{"self":[{"href":"https:\/\/www.alarmautomatika.com\/me\/wp-json\/wp\/v2\/pages\/35677","targetHints":{"allow":["GET"]}}],"collection":[{"href":"https:\/\/www.alarmautomatika.com\/me\/wp-json\/wp\/v2\/pages"}],"about":[{"href":"https:\/\/www.alarmautomatika.com\/me\/wp-json\/wp\/v2\/types\/page"}],"author":[{"embeddable":true,"href":"https:\/\/www.alarmautomatika.com\/me\/wp-json\/wp\/v2\/users\/15"}],"replies":[{"embeddable":true,"href":"https:\/\/www.alarmautomatika.com\/me\/wp-json\/wp\/v2\/comments?post=35677"}],"version-history":[{"count":0,"href":"https:\/\/www.alarmautomatika.com\/me\/wp-json\/wp\/v2\/pages\/35677\/revisions"}],"wp:attachment":[{"href":"https:\/\/www.alarmautomatika.com\/me\/wp-json\/wp\/v2\/media?parent=35677"}],"curies":[{"name":"wp","href":"https:\/\/api.w.org\/{rel}","templated":true}]}}