{"id":4035,"date":"2020-09-11T15:32:20","date_gmt":"2020-09-11T13:32:20","guid":{"rendered":"https:\/\/www.alarmautomatika.com\/usluge\/po-mjeri-korisnika\/"},"modified":"2023-11-10T08:59:36","modified_gmt":"2023-11-10T07:59:36","slug":"po-mjeri-korisnika","status":"publish","type":"page","link":"https:\/\/www.alarmautomatika.com\/me\/usluge\/po-mjeri-korisnika\/","title":{"rendered":"Po mjeri korisnika"},"content":{"rendered":"<p>[et_pb_section fb_built=&#8221;1&#8243; _builder_version=&#8221;4.6.2&#8243; _module_preset=&#8221;default&#8221; background_image=&#8221;https:\/\/www.alarmautomatika.com\/wp-content\/uploads\/2020\/09\/Po-mjeri-korisnika.jpg&#8221; background_size=&#8221;initial&#8221; background_position=&#8221;top_center&#8221;][et_pb_row _builder_version=&#8221;4.6.0&#8243; _module_preset=&#8221;default&#8221; width=&#8221;95%&#8221;][et_pb_column type=&#8221;4_4&#8243; _builder_version=&#8221;4.6.0&#8243; _module_preset=&#8221;default&#8221;][et_pb_text _builder_version=&#8221;4.6.0&#8243; _dynamic_attributes=&#8221;content&#8221; _module_preset=&#8221;default&#8221; text_font=&#8221;|600|||||||&#8221; text_text_color=&#8221;#ffffff&#8221; text_font_size=&#8221;48px&#8221; text_line_height=&#8221;1.2em&#8221; custom_padding=&#8221;80px|50px||50px|false|true&#8221; text_font_size_tablet=&#8221;40px&#8221; text_font_size_phone=&#8221;32px&#8221; text_font_size_last_edited=&#8221;on|desktop&#8221; text_line_height_tablet=&#8221;&#8221; text_line_height_phone=&#8221;&#8221; text_line_height_last_edited=&#8221;on|phone&#8221; header_font_tablet=&#8221;&#8221; header_font_phone=&#8221;&#8221; header_font_last_edited=&#8221;on|phone&#8221; header_font_size_tablet=&#8221;&#8221; header_font_size_phone=&#8221;&#8221; header_font_size_last_edited=&#8221;on|phone&#8221; header_line_height_tablet=&#8221;&#8221; header_line_height_phone=&#8221;&#8221; header_line_height_last_edited=&#8221;on|desktop&#8221;]@ET-DC@eyJkeW5hbWljIjp0cnVlLCJjb250ZW50IjoicG9zdF90aXRsZSIsInNldHRpbmdzIjp7ImJlZm9yZSI6IiIsImFmdGVyIjoiIn19@[\/et_pb_text][\/et_pb_column][\/et_pb_row][et_pb_row column_structure=&#8221;3_4,1_4&#8243; _builder_version=&#8221;4.6.0&#8243; _module_preset=&#8221;default&#8221; background_color=&#8221;#ffffff&#8221; width=&#8221;95%&#8221; custom_margin=&#8221;20px||||false|false&#8221; custom_margin_tablet=&#8221;10px||||false|false&#8221; custom_margin_phone=&#8221;10px||||false|false&#8221; custom_margin_last_edited=&#8221;on|desktop&#8221; custom_padding=&#8221;50px|50px|50px|50px|true|true&#8221; box_shadow_style=&#8221;preset2&#8243;][et_pb_column type=&#8221;3_4&#8243; _builder_version=&#8221;4.6.0&#8243; _module_preset=&#8221;default&#8221;][et_pb_text _builder_version=&#8221;4.7.4&#8243; _module_preset=&#8221;default&#8221; link_font=&#8221;|600|||||||&#8221; header_2_text_align=&#8221;left&#8221; header_2_font_size=&#8221;30px&#8221; header_2_line_height=&#8221;1.2em&#8221; header_font_size_tablet=&#8221;48px&#8221; header_font_size_phone=&#8221;&#8221; header_font_size_last_edited=&#8221;on|tablet&#8221; header_2_font_size_tablet=&#8221;&#8221; header_2_font_size_phone=&#8221;25px&#8221; header_2_font_size_last_edited=&#8221;on|phone&#8221;]<\/p>\n<blockquote>\n<h2 id=\"paketi-prilagodjeni-potrebama-korisnika\">Paketi prilago\u0111eni potrebama korisnika<\/h2>\n<\/blockquote>\n<p>Korisni\u010dki paketi se formiraju zavisno o veli\u010dini sistema i odabranim uslugama pa svaki korisnik mo\u017ee odabrati paket koji je primjeren trenutnim potrebama te ga s vremenom mijenjati. Korisni\u010dki paketi se formiraju zavisno o veli\u010dini sistema i odabranim uslugama pa svaki korisnik mo\u017ee odabrati paket koji je primjeren trenutnim potrebama te ga s vremenom mijenjati.<\/p>\n<p>Sistemi su po veli\u010dini kategorizovani u \u010detiri grupe:<\/p>\n<ul>\n<li>mikro (do 16 elemenata)<\/li>\n<li>mali (16 do 64 elementa)<\/li>\n<li>srednji (64 do 256 elemenata)<\/li>\n<li>veliki (vi\u0161e od 256 elemenata).<\/li>\n<\/ul>\n<p>Dostupne su i \u010detiri nivoa usluge &#8211; od jednostavne dojave alarma na mobilni ure\u0111aj do za\u0161titarske intervencije po potvrdi korisnika.<\/p>\n<blockquote>\n<h2 id=\"dojava-alarma-na-mobitel\">Dojava alarma na mobilni<\/h2>\n<\/blockquote>\n<p>Kako bi korisnik odmah znao da se u \u0161ti\u0107enom prostoru doga\u0111a ne\u0161to neobi\u010dno, omogu\u0107ena je usluga automatskog slanja signala alarma sa za\u0161titnog sistema na mobilni ure\u0111aj.<\/p>\n<blockquote>\n<h2 id=\"servis-uredjaja\">Servis ure\u0111aja<\/h2>\n<\/blockquote>\n<p>Korisnicima usluge servisa je osiguran redovni servis i servis na poziv u slu\u010daju potrebe kojima se zna\u010dajno pove\u0107ava pouzdanost i \u017eivotni vijek za\u0161titnih sistema.<\/p>\n<blockquote>\n<h2 id=\"monitoring-sustava\">Monitoring sistema<\/h2>\n<\/blockquote>\n<p>Monitoring sistema podrazumijeva kontinuirani nadzor nad njegovom tehni\u010dkom ispravno\u0161\u0107u. Time je omogu\u0107eno da se kvarovi na sistemu (gubitak napajanja ili komunikacije, niski napon baterija, gre\u0161ke u zonama i sl.) odmah otkriju i otklone.<\/p>\n<blockquote>\n<h2 id=\"zastitarska-intervencija\">Za\u0161titarska intervencija<\/h2>\n<\/blockquote>\n<p>Kada primi alarmnu dojavu na mobilni ure\u0111aj, korisnik putem aplikacije bira da li \u017eeli ili ne \u017eeli da se za\u0161titari upute u \u0161ti\u0107eni prostor i interveni\u0161u.<\/p>\n<p>[\/et_pb_text][\/et_pb_column][et_pb_column type=&#8221;1_4&#8243; _builder_version=&#8221;4.6.0&#8243; _module_preset=&#8221;default&#8221; custom_padding_tablet=&#8221;&#8221; custom_padding_phone=&#8221;&#8221; custom_padding_last_edited=&#8221;on|phone&#8221;][et_pb_image src=&#8221;https:\/\/www.alarmautomatika.com\/wp-content\/uploads\/2020\/10\/idea-express-logo-home-banner.png&#8221; alt=&#8221;iDEA Express&#8221; title_text=&#8221;iDEA Express&#8221; align=&#8221;center&#8221; _builder_version=&#8221;4.7.4&#8243; _module_preset=&#8221;default&#8221;][\/et_pb_image][et_pb_accordion module_class=&#8221;idea-value-propositions&#8221; _builder_version=&#8221;4.9.0&#8243; _module_preset=&#8221;default&#8221; global_module=&#8221;8296&#8243;][et_pb_accordion_item title=&#8221;Blank&#8221; open=&#8221;on&#8221; _builder_version=&#8221;4.9.0&#8243; _module_preset=&#8221;default&#8221; custom_css_main_element=&#8221;display:none;&#8221;][\/et_pb_accordion_item][et_pb_accordion_item title=&#8221;Klijenti&#8221; _builder_version=&#8221;4.9.0&#8243; _module_preset=&#8221;default&#8221; open=&#8221;off&#8221;]<\/p>\n<p><a href=\"https:\/\/www.alarmautomatika.com\/me\/klijenti\/vlasnici-stambenih-i-manjih-poslovnih-objekata\/\">Vlasnici stambenih i manjih poslovnih objekata<\/a><\/p>\n<p>[\/et_pb_accordion_item][et_pb_accordion_item title=&#8221;Proizvodi&#8221; _builder_version=&#8221;4.9.0&#8243; _module_preset=&#8221;default&#8221; open=&#8221;off&#8221;]<\/p>\n<p><a href=\"https:\/\/www.alarmautomatika.com\/me\/proizvodi\/upravljanje-potrosnjom-energije\/\">Upravljanje potro\u0161njom energije<\/a><\/p>\n<p><a href=\"https:\/\/www.alarmautomatika.com\/me\/proizvodi\/upravljanje-rasvjetom\/\">Upravljanje rasvjetom<\/a><\/p>\n<p><a href=\"https:\/\/www.alarmautomatika.com\/me\/proizvodi\/protivprovala-s-videoverifikacijom\/\">Protuprovala s videoverifikacijom<\/a><\/p>\n<p><a href=\"https:\/\/www.alarmautomatika.com\/me\/proizvodi\/prevencija-pozara-poplave-i-curenja-plina\/\">Prevencija po\u017eara, poplave i istjecanja plina<\/a><\/p>\n<p><a href=\"https:\/\/www.alarmautomatika.com\/me\/proizvodi\/zakljucavanje-vrata\/\">Pametne brave<\/a><\/p>\n<p><a href=\"https:\/\/www.alarmautomatika.com\/me\/proizvodi\/sos-medicinski-alarmi\/\">SOS medicinski alarmi<\/a><\/p>\n<p><a href=\"https:\/\/www.alarmautomatika.com\/me\/proizvodi\/videonadzor-pametnog-doma\/\">Videonadzor pametnog doma<\/a><\/p>\n<p>[\/et_pb_accordion_item][et_pb_accordion_item title=&#8221;Softveri&#8221; _builder_version=&#8221;4.9.0&#8243; _module_preset=&#8221;default&#8221; open=&#8221;off&#8221;]<\/p>\n<p><a href=\"https:\/\/www.alarmautomatika.com\/me\/softveri\/mobilna-aplikacija-za-potvrdu-zastitarske-intervencije\/\">Mobilna aplikacija za potvrdu za\u0161titarske intervencije<\/a><\/p>\n<p>[\/et_pb_accordion_item][et_pb_accordion_item title=&#8221;Usluge&#8221; _builder_version=&#8221;4.9.0&#8243; _module_preset=&#8221;default&#8221; open=&#8221;off&#8221;]<\/p>\n<p><a href=\"https:\/\/www.alarmautomatika.com\/me\/usluge\/po-mjeri-korisnika\/#paketi-prilagodjeni-potrebama-korisnika\" data-et-has-event-already=\"true\">Paketi prilago\u0111eni potrebama korisnika<\/a><\/p>\n<p><a href=\"https:\/\/www.alarmautomatika.com\/me\/usluge\/po-mjeri-korisnika\/#dojava-alarma-na-mobitel\" data-et-has-event-already=\"true\">Dojava alarma na mobitel<\/a><\/p>\n<p><a href=\"https:\/\/www.alarmautomatika.com\/me\/usluge\/po-mjeri-korisnika\/#servis-uredjaja\" data-et-has-event-already=\"true\">Servis ure\u0111aja<\/a><\/p>\n<p><a href=\"https:\/\/www.alarmautomatika.com\/me\/usluge\/po-mjeri-korisnika\/#monitoring-sustava\" data-et-has-event-already=\"true\">Monitoring sustava<\/a><\/p>\n<p><a href=\"https:\/\/www.alarmautomatika.com\/me\/usluge\/po-mjeri-korisnika\/#zastitarska-intervencija\" data-et-has-event-already=\"true\">Za\u0161titarska intervencija<\/a><\/p>\n<p>[\/et_pb_accordion_item][et_pb_accordion_item title=&#8221;Platforma&#8221; _builder_version=&#8221;4.9.0&#8243; _module_preset=&#8221;default&#8221; open=&#8221;off&#8221;]<\/p>\n<p><a href=\"https:\/\/www.alarmautomatika.com\/me\/platforma\/#b2c-platforma\" data-et-has-event-already=\"true\">Interaktivna B2C platforma<\/a><\/p>\n<p>[\/et_pb_accordion_item][\/et_pb_accordion][\/et_pb_column][\/et_pb_row][\/et_pb_section]<\/p>\n","protected":false},"excerpt":{"rendered":"<p>Paketi prilago\u0111eni potrebama korisnika Korisni\u010dki paketi se formiraju zavisno o veli\u010dini sistema i odabranim uslugama pa svaki korisnik mo\u017ee odabrati paket koji je primjeren trenutnim potrebama te ga s vremenom mijenjati. Korisni\u010dki paketi se formiraju zavisno o veli\u010dini sistema i odabranim uslugama pa svaki korisnik mo\u017ee odabrati paket koji je primjeren trenutnim potrebama te ga [&hellip;]<\/p>\n","protected":false},"author":15,"featured_media":0,"parent":4013,"menu_order":0,"comment_status":"closed","ping_status":"closed","template":"","meta":{"_et_pb_use_builder":"on","_et_pb_old_content":"","_et_gb_content_width":"","footnotes":""},"class_list":["post-4035","page","type-page","status-publish","hentry"],"_links":{"self":[{"href":"https:\/\/www.alarmautomatika.com\/me\/wp-json\/wp\/v2\/pages\/4035","targetHints":{"allow":["GET"]}}],"collection":[{"href":"https:\/\/www.alarmautomatika.com\/me\/wp-json\/wp\/v2\/pages"}],"about":[{"href":"https:\/\/www.alarmautomatika.com\/me\/wp-json\/wp\/v2\/types\/page"}],"author":[{"embeddable":true,"href":"https:\/\/www.alarmautomatika.com\/me\/wp-json\/wp\/v2\/users\/15"}],"replies":[{"embeddable":true,"href":"https:\/\/www.alarmautomatika.com\/me\/wp-json\/wp\/v2\/comments?post=4035"}],"version-history":[{"count":1,"href":"https:\/\/www.alarmautomatika.com\/me\/wp-json\/wp\/v2\/pages\/4035\/revisions"}],"predecessor-version":[{"id":49900,"href":"https:\/\/www.alarmautomatika.com\/me\/wp-json\/wp\/v2\/pages\/4035\/revisions\/49900"}],"up":[{"embeddable":true,"href":"https:\/\/www.alarmautomatika.com\/me\/wp-json\/wp\/v2\/pages\/4013"}],"wp:attachment":[{"href":"https:\/\/www.alarmautomatika.com\/me\/wp-json\/wp\/v2\/media?parent=4035"}],"curies":[{"name":"wp","href":"https:\/\/api.w.org\/{rel}","templated":true}]}}