{"id":4097,"date":"2020-08-20T14:46:51","date_gmt":"2020-08-20T12:46:51","guid":{"rendered":"https:\/\/www.alarmautomatika.com\/softveri\/prijem-i-obrada-alarma\/"},"modified":"2022-02-03T10:21:18","modified_gmt":"2022-02-03T09:21:18","slug":"prijem-i-obrada-alarma","status":"publish","type":"page","link":"https:\/\/www.alarmautomatika.com\/me\/softveri\/prijem-i-obrada-alarma\/","title":{"rendered":"ABsistemDC(NG)v2 softver za centralizaciju signala alarma"},"content":{"rendered":"<p>[et_pb_section fb_built=&#8221;1&#8243; _builder_version=&#8221;4.6.2&#8243; _module_preset=&#8221;default&#8221; background_image=&#8221;https:\/\/www.alarmautomatika.com\/wp-content\/uploads\/2020\/09\/centralizacija.jpg&#8221; background_size=&#8221;initial&#8221; background_position=&#8221;top_center&#8221; global_colors_info=&#8221;{}&#8221;][et_pb_row _builder_version=&#8221;4.7.4&#8243; _module_preset=&#8221;default&#8221; width=&#8221;95%&#8221; global_colors_info=&#8221;{}&#8221;][et_pb_column type=&#8221;4_4&#8243; _builder_version=&#8221;4.6.0&#8243; _module_preset=&#8221;default&#8221; global_colors_info=&#8221;{}&#8221;][et_pb_text _builder_version=&#8221;4.6.0&#8243; _dynamic_attributes=&#8221;content&#8221; _module_preset=&#8221;default&#8221; text_font=&#8221;|600|||||||&#8221; text_text_color=&#8221;#ffffff&#8221; text_font_size=&#8221;48px&#8221; text_line_height=&#8221;1.2em&#8221; custom_padding=&#8221;80px|50px||50px|false|true&#8221; text_font_size_tablet=&#8221;40px&#8221; text_font_size_phone=&#8221;32px&#8221; text_font_size_last_edited=&#8221;on|desktop&#8221; text_line_height_tablet=&#8221;&#8221; text_line_height_phone=&#8221;&#8221; text_line_height_last_edited=&#8221;on|phone&#8221; header_font_tablet=&#8221;&#8221; header_font_phone=&#8221;&#8221; header_font_last_edited=&#8221;on|phone&#8221; header_font_size_tablet=&#8221;&#8221; header_font_size_phone=&#8221;&#8221; header_font_size_last_edited=&#8221;on|phone&#8221; header_line_height_tablet=&#8221;&#8221; header_line_height_phone=&#8221;&#8221; header_line_height_last_edited=&#8221;on|desktop&#8221; global_colors_info=&#8221;{}&#8221;]@ET-DC@eyJkeW5hbWljIjp0cnVlLCJjb250ZW50IjoicG9zdF90aXRsZSIsInNldHRpbmdzIjp7ImJlZm9yZSI6IiIsImFmdGVyIjoiIn19@[\/et_pb_text][\/et_pb_column][\/et_pb_row][et_pb_row column_structure=&#8221;3_4,1_4&#8243; _builder_version=&#8221;4.6.0&#8243; _module_preset=&#8221;default&#8221; background_color=&#8221;#ffffff&#8221; width=&#8221;95%&#8221; custom_margin=&#8221;20px||||false|false&#8221; custom_margin_tablet=&#8221;10px||||false|false&#8221; custom_margin_phone=&#8221;10px||||false|false&#8221; custom_margin_last_edited=&#8221;on|desktop&#8221; custom_padding=&#8221;43px|50px|43px|50px|true|true&#8221; box_shadow_style=&#8221;preset2&#8243; global_colors_info=&#8221;{}&#8221;][et_pb_column type=&#8221;3_4&#8243; _builder_version=&#8221;4.6.0&#8243; _module_preset=&#8221;default&#8221; global_colors_info=&#8221;{}&#8221;][et_pb_text _builder_version=&#8221;4.10.5&#8243; _module_preset=&#8221;default&#8221; hover_enabled=&#8221;0&#8243; global_colors_info=&#8221;{}&#8221; sticky_enabled=&#8221;0&#8243;]<\/p>\n<p><a href=\"https:\/\/drive.google.com\/file\/d\/1KW6hdzR3K7L6rlrawUanJcBoUbiZCSMC\/view?usp=sharing\" target=\"_blank\" rel=\"noopener noreferrer\"><strong>ABsistemDC(NG)v2<\/strong><\/a> je softver koji omogu\u0107uje centralizaciju signala alarma sa \u0161ti\u0107enih objekta u dojavnom centru. Svrha mu je osigurati pouzdan prijem i kvalitetnu obradu signala alarma te operateru dojavnog centra olak\u0161ati rad. Koristi se u za\u0161titarskim dojavnim centrima za nadzor \u0161ti\u0107enih objekata, <strong><a href=\"https:\/\/drive.google.com\/file\/d\/1-69HSq5Hgg4ZwproJ3Wpfj-cKr_eUpiU\/view\" target=\"_blank\" rel=\"noopener\">vatrogasnim dojavnim centrima<\/a><\/strong> za prijem alarma sa sustava dojave po\u017eara te u ve\u0107im tvrtkama koje imaju uspostavljen vlastiti dojavni centar.<\/p>\n<p>R&amp;D odjel Alarm automatike kontinuirano razvija ABsistemDC(NG)v2 softver te ga prilago\u0111ava novim tehnologijama i potrebama korisnika od 1992. godine. Implementiran je u vi\u0161e stotina dojavnih centara u regiji i vi\u0161e puta nagra\u0111ivan za inovaciju Videoverifikacija signala alarma.<\/p>\n<p>[\/et_pb_text][et_pb_image src=&#8221;https:\/\/www.alarmautomatika.com\/wp-content\/uploads\/2021\/08\/DCNG-monitori-2021-header-web.jpg&#8221; alt=&#8221;ABsistemDC(NG)v2&#8243; align=&#8221;center&#8221; _builder_version=&#8221;4.10.5&#8243; _module_preset=&#8221;default&#8221; global_colors_info=&#8221;{}&#8221;][\/et_pb_image][et_pb_text _builder_version=&#8221;4.10.5&#8243; _module_preset=&#8221;default&#8221; link_font=&#8221;|600|||||||&#8221; header_2_text_align=&#8221;left&#8221; header_2_font_size=&#8221;30px&#8221; header_2_line_height=&#8221;1.2em&#8221; header_font_size_tablet=&#8221;48px&#8221; header_font_size_phone=&#8221;&#8221; header_font_size_last_edited=&#8221;on|tablet&#8221; header_2_font_size_tablet=&#8221;&#8221; header_2_font_size_phone=&#8221;25px&#8221; header_2_font_size_last_edited=&#8221;on|phone&#8221; global_colors_info=&#8221;{}&#8221;]<\/p>\n<blockquote>\n<h2>Prednosti ABsistemDC(NG)v2 softvera<\/h2>\n<\/blockquote>\n<p><strong>Videoverifikacija<br \/><\/strong>Omogu\u0107ava automatsko prikazivanje video zapisa iz prostora u kojem je detektovan alarm \u010dime se spre\u010davaju nepotrebne intervencije.<\/p>\n<p><img loading=\"lazy\" decoding=\"async\" class=\"wp-image-22381 aligncenter \" src=\"https:\/\/www.alarmautomatika.com\/wp-content\/uploads\/2021\/08\/zlatna-kuna-za-inovaciju-2009.png\" alt=\"\" width=\"192\" height=\"107\" srcset=\"https:\/\/www.alarmautomatika.com\/wp-content\/uploads\/2021\/08\/zlatna-kuna-za-inovaciju-2009.png 360w, https:\/\/www.alarmautomatika.com\/wp-content\/uploads\/2021\/08\/zlatna-kuna-za-inovaciju-2009-300x167.png 300w\" sizes=\"(max-width: 192px) 100vw, 192px\" \/><\/p>\n<p style=\"text-align: center;\"><em>Zlatna kuna za inovaciju 2009<\/em><\/p>\n<p><strong>Podr\u017eava razne komunikacijske formate sa prijemnicima<br \/><\/strong>ABsistemDC(NG)v2 podr\u017eava sve poznate komunikacijske formate pa je kompatibilan sa prijemnicima raznih proizvo\u0111a\u010da sistema tehni\u010dke za\u0161tite: SurGard, Visonic, Paradox, Enigma, Ademco, AMC, Eldes, Bosch, Satel, Inim, S-Link, ostali MLR kompatibilni prijemnici.<\/p>\n<p><strong>Cloud verzija<br \/><\/strong>ABsistemDCcloud je usluga koja omogu\u0107ava prijem alarmnih doga\u0111aja u dojavnim centrima putem \u201cCloud\u201d tehnologije. Sastoji se od serverske aplikacije koja obra\u0111uje alarmne doga\u0111aje u Alarm automatici i klijentske aplikacije koja prima ve\u0107 obra\u0111ene doga\u0111aje na ra\u010dunare u dojavnim centrima. Usluga je namenjena manjim dojavnim centrima \u010diji opseg posla ne opravdava ulaganje u skupu opremu, propisanu za\u0161titu objekta u koji je dojavni centar sme\u0161ten i njihovo odr\u017eavanje \u0161to zna\u010di da omogu\u0107ava da se svi poslovi dojavnog centra obavljaju uz zna\u010dajno manju investiciju.<\/p>\n<p><img loading=\"lazy\" decoding=\"async\" class=\"aligncenter wp-image-19154 size-full\" src=\"https:\/\/www.alarmautomatika.com\/wp-content\/uploads\/2021\/07\/esif-hamag-logo.jpg\" alt=\"\" width=\"430\" height=\"70\" srcset=\"https:\/\/www.alarmautomatika.com\/wp-content\/uploads\/2021\/07\/esif-hamag-logo.jpg 430w, https:\/\/www.alarmautomatika.com\/wp-content\/uploads\/2021\/07\/esif-hamag-logo-300x49.jpg 300w\" sizes=\"(max-width: 430px) 100vw, 430px\" \/><\/p>\n<p style=\"text-align: center;\"><em>Uz potporu Hamag invest<\/em><\/p>\n<p><strong>Vi\u0161ejezi\u010dnost<br \/><\/strong>Operateri u dojavnim centrima sve poruke primaju na jeziku i u pismu kojim najbolje vladaju i sa uobi\u010dajenom terminologijom.<\/p>\n<p><strong>WatchDog<br \/><\/strong>Nadzor vi\u0161e vrsta snima\u010da u mre\u017ei (napajanje, status kamera i hard diska) lokalno ili putem interneta.<\/p>\n<p><strong>Verifikacija alarma putem Ajax MotionCam detektora<br \/><\/strong>Ajax detektor automatski \u0161alje sliku doga\u0111aja u dojavni centar koji tako mo\u017ee da proveri da li je re\u010d o pravom alarmu.<\/p>\n<p><strong>CTN \u2013 Centralni tehni\u010dki nadzor za neprestani uvid u stanje sistema za\u0161tite<\/strong><br \/>\nCentralni tehni\u010dki nadzor (CTN) je tehni\u010dki nadzor nad ispravno\u0161\u0107u sistema tehni\u010dke za\u0161tite koji se uspostavlja sa svrhom promptnog otklanjanja svih uo\u010denih nedostataka. Omogu\u0107ava pra\u0107enje svih doga\u0111aja koje generi\u0161u sistemi tehni\u010dke za\u0161tite na objektu, nadzor nad njihovom tehni\u010dkom ispravno\u0161\u0107u i rano uo\u010davanje kvarova. Tako\u0111e omogu\u0107ava nadzor nad kori\u0161tenjem sistema (uklju\u010denje \/ isklju\u010denje alarmnog sistema, zatvaranje vrata) te nad radom servisera i interventnih za\u0161titara.<\/p>\n<p><strong>Online nadzor obilaska za\u0161titara u realnom vremenu<\/strong><br \/>\nGuardPatrol mobilna aplikacija omogu\u0107uje uvid u kretanje za\u0161titara, primjenu procedura te dokazivanje korisniku da su dogovorene procedure u cijelosti provedene. Za\u0161titar putem mobilnog o\u010ditava QR kodove ili NFC tagove koji su prethodno generisani \/ programirani za svaku kontrolnu ta\u010dku posebno. Mobilna aplikacija \u0161alje informaciju o tagovima i njihovoj geolokaciji u ABsistemDC(NG)v2 softver i ona je odmah, u realnom vremenu, vidljiva u za\u0161titarskom dojavnom centru.<\/p>\n<blockquote>\n<h2>Modularan koncept za potpunu prilago\u0111enost potrebama korisnika<\/h2>\n<\/blockquote>\n<p><strong>Osnovna aplikacija<\/strong><\/p>\n<p>Osnovna aplikacija za do 500 \u0161ti\u0107enih prostora i jednog operatera, a po potrebi se mo\u017ee pro\u0161iriti za dodatnih 500 objekata (Licenca 500) i za dodatnog operatera (Licenca Dodatni operater).<\/p>\n<ul>\n<li>Obrada doga\u0111aja<br \/>Modul omogu\u0107ava prikaz i obradu alarmnih doga\u0111aja.<\/li>\n<li>Adresar<br \/>Modul za upravljanje kontakt podacima o vlasnicima \u0161ti\u0107enih prostora.<\/li>\n<li>Izve\u0161taji<br \/>Modul za slanje automatskih izve\u0161taja i obave\u0161tenja.<\/li>\n<li>Instalater<br \/>Modul za pra\u0107enje odr\u017eavanja i servisa sistema.<\/li>\n<li>Satnica<br \/>Modul za pra\u0107enje otvaranja\/zatvaranja i testova na \u0161ti\u0107enom prostoru.<\/li>\n<\/ul>\n<p><strong>Dodatni moduli<\/strong><\/p>\n<ul>\n<li>Video verifikacija<br \/>Omogu\u0107ava automatsko prikazivanje slike sa kamera iz prostora u kojem je detektovan alarm.<\/li>\n<li>ABsistemGuardPatrol<br \/>U kombinaciji sa GuardPatrol mobilnom aplikacijom omogu\u0107ava pouzdan nadzor nad obilaskom \u010duvara u realnom vremenu.<\/li>\n<li>WEB pristup<br \/>Omogu\u0107ava korisnicima da putem interneta pristup informacijama o vlastitim \u0161ti\u0107enim prostorima.<\/li>\n<li>Skica<br \/>Omogu\u0107ava grafi\u010dki prikaz stanja zona \u0161ti\u0107enih prostora.<\/li>\n<li>Procedure<br \/>Modul vodi operatera korak po korak kroz postupak reagovanja na konkretan doga\u0111aj i upozorava ga koje vezane radnje treba poduzeti.<\/li>\n<li>SMS modul<br \/>Omogu\u0107ava slanje SMS poruke sa opisom unapred definisanog doga\u0111aja na jedan ili vi\u0161e brojeva mobilnih telefona.<\/li>\n<\/ul>\n<p>[\/et_pb_text][\/et_pb_column][et_pb_column type=&#8221;1_4&#8243; _builder_version=&#8221;4.6.0&#8243; _module_preset=&#8221;default&#8221; custom_padding_tablet=&#8221;&#8221; custom_padding_phone=&#8221;&#8221; custom_padding_last_edited=&#8221;on|phone&#8221; global_colors_info=&#8221;{}&#8221;][et_pb_image src=&#8221;https:\/\/www.alarmautomatika.com\/wp-content\/uploads\/2020\/10\/idea-classic-logo-home-banner.png&#8221; alt=&#8221;iDEA Classic&#8221; title_text=&#8221;iDEA Classic&#8221; align=&#8221;center&#8221; _builder_version=&#8221;4.7.4&#8243; _module_preset=&#8221;default&#8221; global_colors_info=&#8221;{}&#8221;][\/et_pb_image][et_pb_accordion module_class=&#8221;idea-value-propositions&#8221; _builder_version=&#8221;4.9.0&#8243; _module_preset=&#8221;default&#8221; global_module=&#8221;8295&#8243; global_colors_info=&#8221;{}&#8221;][et_pb_accordion_item title=&#8221;Blank&#8221; open=&#8221;on&#8221; _builder_version=&#8221;4.9.0&#8243; _module_preset=&#8221;default&#8221; custom_css_main_element=&#8221;display:none;&#8221; global_colors_info=&#8221;{}&#8221;][\/et_pb_accordion_item][et_pb_accordion_item title=&#8221;Klijenti&#8221; _builder_version=&#8221;4.9.0&#8243; _module_preset=&#8221;default&#8221; global_colors_info=&#8221;{}&#8221; open=&#8221;off&#8221;]<\/p>\n<p><a href=\"https:\/\/www.alarmautomatika.com\/me\/klijenti\/instalateri-tehnicke-zastite\/\">Instalateri tehni\u010dke za\u0161tite<\/a><\/p>\n<p><a href=\"https:\/\/www.alarmautomatika.com\/me\/klijenti\/dojavni-centri\/\">Dojavni centri<\/a><\/p>\n<p><a href=\"https:\/\/www.alarmautomatika.com\/me\/klijenti\/elektricari\/\">Elektri\u010dari<\/a><\/p>\n<p><a href=\"https:\/\/www.alarmautomatika.com\/me\/klijenti\/prodavnice-elektromaterijalom-i-it-opremom-internet-prodavnice\/\">Trgovine elektromaterijalom i IT opremom, internet trgovine<\/a><\/p>\n<p>[\/et_pb_accordion_item][et_pb_accordion_item title=&#8221;Proizvodi&#8221; _builder_version=&#8221;4.9.0&#8243; _module_preset=&#8221;default&#8221; global_colors_info=&#8221;{}&#8221; open=&#8221;off&#8221;]<\/p>\n<p><a href=\"https:\/\/www.alarmautomatika.com\/me\/proizvodi\/videonadzor\/\">Videonadzor<\/a><\/p>\n<p><a href=\"https:\/\/www.alarmautomatika.com\/me\/proizvodi\/protivprovala-i-protivprepad\/\">Protuprovala i protuprepad<\/a><\/p>\n<p><a href=\"https:\/\/www.alarmautomatika.com\/me\/proizvodi\/videointerfoni\/\">Videointerfoni<\/a><\/p>\n<p><a href=\"https:\/\/www.alarmautomatika.com\/me\/proizvodi\/kontrola-pristupa-i-evidencija-radnog-vremena\/\">Kontrola pristupa i evidencija radnog vremena<\/a><\/p>\n<p><a href=\"https:\/\/www.alarmautomatika.com\/me\/proizvodi\/audio-rjesenja\/\">Audio rje\u0161enja<\/a><\/p>\n<p><a href=\"https:\/\/www.alarmautomatika.com\/me\/proizvodi\/automatske-rampe-i-vrata\/\">Automatske rampe i vrata<\/a><\/p>\n<p><a href=\"https:\/\/www.alarmautomatika.com\/me\/proizvodi\/oprema-za-dojavne-centre\/\">Oprema za dojavne centre<\/a><\/p>\n<p><a href=\"https:\/\/www.alarmautomatika.com\/me\/proizvodi\/dojava-pozara-i-plina\/\">Dojava po\u017eara i plina<\/a><\/p>\n<p>[\/et_pb_accordion_item][et_pb_accordion_item title=&#8221;Softveri&#8221; _builder_version=&#8221;4.9.0&#8243; _module_preset=&#8221;default&#8221; global_colors_info=&#8221;{}&#8221; open=&#8221;off&#8221;]<\/p>\n<p><a href=\"https:\/\/www.alarmautomatika.com\/me\/softveri\/prijem-i-obrada-alarma\/\">Prijem i obrada signala alarma<\/a><\/p>\n<p>[\/et_pb_accordion_item][et_pb_accordion_item title=&#8221;Usluge&#8221; _builder_version=&#8221;4.9.0&#8243; _module_preset=&#8221;default&#8221; global_colors_info=&#8221;{}&#8221; open=&#8221;off&#8221;]<\/p>\n<p><a href=\"https:\/\/www.alarmautomatika.com\/me\/usluge\/sve-na-jednom-mjestu\/#prodajna-i-tehnicka-podrska\" data-et-has-event-already=\"true\">Prodajna i tehni\u010dka podr\u0161ka<\/a><\/p>\n<p><a href=\"https:\/\/www.alarmautomatika.com\/me\/usluge\/sve-na-jednom-mjestu\/#oprema-na-skladistu\" data-et-has-event-already=\"true\">Oprema na skladi\u0161tu<\/a><\/p>\n<p><a href=\"https:\/\/www.alarmautomatika.com\/me\/usluge\/sve-na-jednom-mjestu\/#edukacija-instalatera\" data-et-has-event-already=\"true\">Edukacija instalatera<\/a><\/p>\n<p><a href=\"https:\/\/www.alarmautomatika.com\/me\/usluge\/sve-na-jednom-mjestu\/#b2b-online-platforma\" data-et-has-event-already=\"true\">B2B online platforma<\/a><\/p>\n<p><a href=\"https:\/\/www.alarmautomatika.com\/me\/usluge\/sve-na-jednom-mjestu\/#servis\" data-et-has-event-already=\"true\">Servis<\/a><\/p>\n<p><a href=\"https:\/\/www.alarmautomatika.com\/me\/usluge\/sve-na-jednom-mjestu\/#idea-classic-katalog\" data-et-has-event-already=\"true\">iDEA Classic katalog<\/a><\/p>\n<p>[\/et_pb_accordion_item][et_pb_accordion_item title=&#8221;Platforma&#8221; _builder_version=&#8221;4.9.0&#8243; _module_preset=&#8221;default&#8221; global_colors_info=&#8221;{}&#8221; open=&#8221;off&#8221;]<\/p>\n<p><a href=\"https:\/\/www.alarmautomatika.com\/me\/platforma\/#b2b-platforma\" data-et-has-event-already=\"true\">Jedinstvena B2B platforma koja \u0161tedi vrijeme<\/a><\/p>\n<p>[\/et_pb_accordion_item][\/et_pb_accordion][\/et_pb_column][\/et_pb_row][\/et_pb_section]<\/p>\n","protected":false},"excerpt":{"rendered":"<p>ABsistemDC(NG)v2 je softver koji omogu\u0107uje centralizaciju signala alarma sa \u0161ti\u0107enih objekta u dojavnom centru. Svrha mu je osigurati pouzdan prijem i kvalitetnu obradu signala alarma te operateru dojavnog centra olak\u0161ati rad. Koristi se u za\u0161titarskim dojavnim centrima za nadzor \u0161ti\u0107enih objekata, vatrogasnim dojavnim centrima za prijem alarma sa sustava dojave po\u017eara te u ve\u0107im tvrtkama [&hellip;]<\/p>\n","protected":false},"author":15,"featured_media":0,"parent":4012,"menu_order":0,"comment_status":"closed","ping_status":"closed","template":"","meta":{"_et_pb_use_builder":"on","_et_pb_old_content":"","_et_gb_content_width":"","footnotes":""},"class_list":["post-4097","page","type-page","status-publish","hentry"],"_links":{"self":[{"href":"https:\/\/www.alarmautomatika.com\/me\/wp-json\/wp\/v2\/pages\/4097","targetHints":{"allow":["GET"]}}],"collection":[{"href":"https:\/\/www.alarmautomatika.com\/me\/wp-json\/wp\/v2\/pages"}],"about":[{"href":"https:\/\/www.alarmautomatika.com\/me\/wp-json\/wp\/v2\/types\/page"}],"author":[{"embeddable":true,"href":"https:\/\/www.alarmautomatika.com\/me\/wp-json\/wp\/v2\/users\/15"}],"replies":[{"embeddable":true,"href":"https:\/\/www.alarmautomatika.com\/me\/wp-json\/wp\/v2\/comments?post=4097"}],"version-history":[{"count":0,"href":"https:\/\/www.alarmautomatika.com\/me\/wp-json\/wp\/v2\/pages\/4097\/revisions"}],"up":[{"embeddable":true,"href":"https:\/\/www.alarmautomatika.com\/me\/wp-json\/wp\/v2\/pages\/4012"}],"wp:attachment":[{"href":"https:\/\/www.alarmautomatika.com\/me\/wp-json\/wp\/v2\/media?parent=4097"}],"curies":[{"name":"wp","href":"https:\/\/api.w.org\/{rel}","templated":true}]}}