{"id":42473,"date":"2023-05-25T13:27:03","date_gmt":"2023-05-25T11:27:03","guid":{"rendered":"https:\/\/www.alarmautomatika.com\/?page_id=42473"},"modified":"2023-06-05T15:50:30","modified_gmt":"2023-06-05T13:50:30","slug":"seminar-projektovanje-safety-i-sigurnosnih-sistema-u-praksi","status":"publish","type":"page","link":"https:\/\/www.alarmautomatika.com\/me\/seminar-projektovanje-safety-i-sigurnosnih-sistema-u-praksi\/","title":{"rendered":"Seminar Projektovanje safety i sigurnosnih sistema u praksi"},"content":{"rendered":"<p>[et_pb_section fb_built=&#8221;1&#8243; _builder_version=&#8221;4.21.0&#8243; _module_preset=&#8221;default&#8221; vertical_offset=&#8221;-63px&#8221; global_colors_info=&#8221;{}&#8221;][et_pb_row _builder_version=&#8221;4.21.0&#8243; _module_preset=&#8221;3ca71df3-feb8-4600-bb1e-2376d1d33f82&#8243; global_colors_info=&#8221;{}&#8221;][et_pb_column type=&#8221;4_4&#8243; _builder_version=&#8221;4.21.0&#8243; _module_preset=&#8221;default&#8221; global_colors_info=&#8221;{}&#8221;][et_pb_text admin_label=&#8221;Naslov&#8221; _builder_version=&#8221;4.21.0&#8243; _module_preset=&#8221;default&#8221; header_line_height=&#8221;1.4em&#8221; global_colors_info=&#8221;{}&#8221;]<\/p>\n<blockquote>\n<h1>Seminar Projektovanje safety i sigurnosnih sistema u praksi<\/h1>\n<\/blockquote>\n<p>[\/et_pb_text][et_pb_image src=&#8221;https:\/\/www.alarmautomatika.com\/wp-content\/uploads\/2023\/06\/Inim_Seminar15_06_23_skei.jpg&#8221; align=&#8221;center&#8221; _builder_version=&#8221;4.21.0&#8243; _module_preset=&#8221;default&#8221; hover_enabled=&#8221;0&#8243; global_colors_info=&#8221;{}&#8221; sticky_enabled=&#8221;0&#8243;][\/et_pb_image][et_pb_text admin_label=&#8221;Tekst uvodni&#8221; _builder_version=&#8221;4.21.0&#8243; _module_preset=&#8221;bbdb569d-0021-4ea5-9e7b-a39ada772d3e&#8221; global_colors_info=&#8221;{}&#8221;]<\/p>\n<p>Za punu funkcionalnost safety i sigurnosnih sistema je presudan kvalitetan projekat kojim se za\u0161tita putem elektronskih sistema uklapa u ukupne mjere za\u0161tite od po\u017eara te defini\u0161e koja \u0107e se tehnologija i detektori koristiti. Projektant pri tome mora voditi ra\u010duna o namjeni, ugro\u017eenosti i konfiguraciji prostora te osigurati da projektovano rje\u0161enje bude u skladu s va\u017ee\u0107im propisima i normama s razli\u010ditih oblasti. Kada je potrebno projektovati rje\u0161enje koje obuhvata ve\u0107i broj razli\u010ditih sistema koji funkcioni\u0161u uskla\u0111eno name\u0107e se i pitanje kompatibilnosti opreme koja se koristi.<\/p>\n<p>Takvu situaciju u velikoj mjeri pojednostavljuje kori\u0161tenje opreme istog proizvo\u0111a\u010da kao garant njene kompatibilnosti, a dobar primjer kompatibilnosti, umre\u017eavanja na hardverskom nivou te pozitivnih iskustava u praksi su Inim sistemi dojave po\u017eara i plina, upravljanja ga\u0161enjem, sigurnosne rasvjete i evakuacijskog razglasa.<\/p>\n<p>[\/et_pb_text][et_pb_button button_url=&#8221;https:\/\/docs.google.com\/forms\/d\/e\/1FAIpQLSd40PyooY6WSLSmNh0vBUKRnS7wYxxEADKsCXrCtESybEsQ_A\/viewform?usp=sf_link&#8221; url_new_window=&#8221;on&#8221; button_text=&#8221;Online prijava&#8221; button_alignment=&#8221;center&#8221; disabled_on=&#8221;off|off|off&#8221; _builder_version=&#8221;4.21.0&#8243; _module_preset=&#8221;default&#8221; custom_button=&#8221;on&#8221; button_text_size=&#8221;14px&#8221; button_font=&#8221;|600|||||||&#8221; button_use_icon=&#8221;off&#8221; custom_padding=&#8221;14px|53px|14px|53px|true|true&#8221; global_colors_info=&#8221;{}&#8221;][\/et_pb_button][et_pb_text admin_label=&#8221;Kome je seminar namijenjen?&#8221; _builder_version=&#8221;4.21.0&#8243; _module_preset=&#8221;bbdb569d-0021-4ea5-9e7b-a39ada772d3e&#8221; header_3_font_size=&#8221;21px&#8221; global_colors_info=&#8221;{}&#8221;]<\/p>\n<blockquote>\n<h4>Kome je seminar namijenjen?<\/h4>\n<\/blockquote>\n<p>Seminar je namijenjen prvenstveno ovla\u0161tenim elektro projektantima, ali i svim ostalim u\u010desnicima procesa projektovanja i ugradnje sistema dojave po\u017eara i plina, sigurnosne rasvjete i evakuacijskog razglasa.<\/p>\n<p>[\/et_pb_text][et_pb_text admin_label=&#8221;Upis bodova \u010dlanovima IKCG&#8221; _builder_version=&#8221;4.21.0&#8243; _module_preset=&#8221;default&#8221; global_colors_info=&#8221;{}&#8221;]<\/p>\n<blockquote>\n<h4>Upis bodova \u010dlanovima IKCG<\/h4>\n<\/blockquote>\n<p>Broj bodova, koji se ostvaruje prisustvom na seminaru za \u010dlanove\/ice SKEI i SKDIS je 2, za Stru\u010dno podru\u010dje<\/p>\n<p>Kako bi se upisali bodovi, neophodno je da prilikom registracije zatra\u017eite potvrdu o u\u010de\u0161\u0107u i da istu dostavite ma mail <a href=\"mailto:strucnousavrsavanje@ikcg.co.me\">strucnousavrsavanje@ikcg.co.me<\/a>.<\/p>\n<p>Bodovi \u0107e biti upisani u roku od 7 dana nakon dostavljanja potvrde.<\/p>\n<p>[\/et_pb_text][et_pb_text admin_label=&#8221;Izdavanje uvjerenja o u\u010destvovanju na seminaru&#8221; _builder_version=&#8221;4.21.0&#8243; _module_preset=&#8221;bbdb569d-0021-4ea5-9e7b-a39ada772d3e&#8221; global_colors_info=&#8221;{}&#8221;]<\/p>\n<blockquote>\n<h4>Izdavanje uvjerenja o u\u010destvovanju na seminaru<\/h4>\n<\/blockquote>\n<p>U\u010desnici mogu u prijavnici zatra\u017eiti uvjerenje o u\u010de\u0161\u0107u na seminaru i ono \u0107e biti poslato u roku od 30 dana od dana odr\u017eavanja seminara.<\/p>\n<p>&nbsp;<\/p>\n<p>[\/et_pb_text][et_pb_text admin_label=&#8221;Kada i gdje se seminar odr\u017eava?&#8221; _builder_version=&#8221;4.21.0&#8243; _module_preset=&#8221;bbdb569d-0021-4ea5-9e7b-a39ada772d3e&#8221; global_colors_info=&#8221;{}&#8221;]<\/p>\n<blockquote>\n<h4>Kada i gdje se seminar odr\u017eava?<\/h4>\n<\/blockquote>\n<p>Seminar se odr\u017eava u \u010detvrtak, <strong>15.06.2023<\/strong>. u Hotelu \u201eVoco\u201c, Oktoih 2, Podgorica<\/p>\n<p>[\/et_pb_text][et_pb_text admin_label=&#8221;Kotizacija&#8221; _builder_version=&#8221;4.21.0&#8243; _module_preset=&#8221;bbdb569d-0021-4ea5-9e7b-a39ada772d3e&#8221; global_colors_info=&#8221;{}&#8221;]<\/p>\n<blockquote>\n<h4>Kotizacija:<\/h4>\n<\/blockquote>\n<p>Kotizacija se ne napla\u0107uje.<\/p>\n<p>[\/et_pb_text][et_pb_text admin_label=&#8221;Do kada i kako se prijaviti?&#8221; _builder_version=&#8221;4.21.0&#8243; _module_preset=&#8221;bbdb569d-0021-4ea5-9e7b-a39ada772d3e&#8221; global_colors_info=&#8221;{}&#8221;]<\/p>\n<blockquote>\n<h4>Do kada i kako se prijaviti?<\/h4>\n<\/blockquote>\n<p>U\u010destvo na seminaru se mo\u017ee prijaviti najkasnije tri dana prije odr\u017eavanja putem <strong><a href=\"https:\/\/docs.google.com\/forms\/d\/e\/1FAIpQLSd40PyooY6WSLSmNh0vBUKRnS7wYxxEADKsCXrCtESybEsQ_A\/viewform?usp=sf_link\" target=\"_blank\" rel=\"noopener\">online prijave.<\/a><\/strong><\/p>\n<p>[\/et_pb_text][et_pb_button button_url=&#8221;https:\/\/docs.google.com\/forms\/d\/e\/1FAIpQLSd40PyooY6WSLSmNh0vBUKRnS7wYxxEADKsCXrCtESybEsQ_A\/viewform?usp=sf_link&#8221; url_new_window=&#8221;on&#8221; button_text=&#8221;Online prijava&#8221; button_alignment=&#8221;center&#8221; disabled_on=&#8221;off|off|off&#8221; _builder_version=&#8221;4.21.0&#8243; _module_preset=&#8221;default&#8221; custom_button=&#8221;on&#8221; button_text_size=&#8221;14px&#8221; button_font=&#8221;|600|||||||&#8221; button_use_icon=&#8221;off&#8221; custom_padding=&#8221;14px|53px|14px|53px|true|true&#8221; global_colors_info=&#8221;{}&#8221;][\/et_pb_button][et_pb_text admin_label=&#8221;Kako unaprijed postaviti pitanja?&#8221; _builder_version=&#8221;4.21.0&#8243; _module_preset=&#8221;bbdb569d-0021-4ea5-9e7b-a39ada772d3e&#8221; global_colors_info=&#8221;{}&#8221;]<\/p>\n<blockquote>\n<h4>Kako unaprijed postaviti pitanja?<\/h4>\n<\/blockquote>\n<p>U prijavnici je predvi\u0111en prostor za postavljanje pitanja predava\u010dima unaprijed.<\/p>\n<p>[\/et_pb_text][et_pb_text admin_label=&#8221;\u0160to sadr\u017ee materijali?&#8221; _builder_version=&#8221;4.21.0&#8243; _module_preset=&#8221;bbdb569d-0021-4ea5-9e7b-a39ada772d3e&#8221; global_colors_info=&#8221;{}&#8221;]<\/p>\n<blockquote>\n<h4>\u0160to sadr\u017ee materijali?<\/h4>\n<\/blockquote>\n<p>U\u010desnicima \u0107e nakon seminara biti poslata power point predavanja i dodatni materijali.<\/p>\n<p>[\/et_pb_text][et_pb_text admin_label=&#8221;Dnevni rapored:&#8221; _builder_version=&#8221;4.21.0&#8243; _module_preset=&#8221;default&#8221; global_colors_info=&#8221;{}&#8221;]<\/p>\n<blockquote>\n<h4>Dnevni rapored:<\/h4>\n<\/blockquote>\n<p>[\/et_pb_text][et_pb_code admin_label=&#8221;Raspored tabela&#8221; _builder_version=&#8221;4.21.0&#8243; _module_preset=&#8221;default&#8221; global_colors_info=&#8221;{}&#8221;]<!DOCTYPE html><!-- [et_pb_line_break_holder] --><html><!-- [et_pb_line_break_holder] --><head><!-- [et_pb_line_break_holder] --><\/p>\n<style><!-- [et_pb_line_break_holder] -->#customers {<!-- [et_pb_line_break_holder] -->  font-family: Arial, Helvetica, sans-serif;<!-- [et_pb_line_break_holder] -->  border-collapse: collapse;<!-- [et_pb_line_break_holder] -->  width: 100%;<!-- [et_pb_line_break_holder] -->}<!-- [et_pb_line_break_holder] --><!-- [et_pb_line_break_holder] -->#customers td, #customers th {<!-- [et_pb_line_break_holder] -->  border: 1px solid #ddd;<!-- [et_pb_line_break_holder] -->  padding: 10px;<!-- [et_pb_line_break_holder] -->}<!-- [et_pb_line_break_holder] --><!-- [et_pb_line_break_holder] -->#customers tr:nth-child(even){background-color: #f2f2f2;}<!-- [et_pb_line_break_holder] --><!-- [et_pb_line_break_holder] -->#customers tr:hover {background-color: #ddd;}<!-- [et_pb_line_break_holder] --><!-- [et_pb_line_break_holder] -->#customers th {<!-- [et_pb_line_break_holder] -->  padding-top: 12px;<!-- [et_pb_line_break_holder] -->  padding-bottom: 12px;<!-- [et_pb_line_break_holder] -->  text-align: left;<!-- [et_pb_line_break_holder] -->  background-color: #04AA6D;<!-- [et_pb_line_break_holder] -->  color: white;<!-- [et_pb_line_break_holder] -->}<!-- [et_pb_line_break_holder] --><\/style>\n<p><!-- [et_pb_line_break_holder] --><\/head><!-- [et_pb_line_break_holder] --><body><!-- [et_pb_line_break_holder] --><\/p>\n<table id=\"customers\"><!-- [et_pb_line_break_holder] -->  <\/p>\n<tr><!-- [et_pb_line_break_holder] -->    <\/p>\n<td>Okupljanje u\u010desnika<\/td>\n<p><!-- [et_pb_line_break_holder] -->    <\/p>\n<td>09:30 &#8211; 10:00<\/td>\n<p><!-- [et_pb_line_break_holder] -->  <\/tr>\n<p><!-- [et_pb_line_break_holder] -->  <\/p>\n<tr><!-- [et_pb_line_break_holder] -->    <\/p>\n<td>Projektovanje safety i sigurnosnih sistema u praksi \u2013 1. dio<!-- [et_pb_line_break_holder] --><\/td>\n<p><!-- [et_pb_line_break_holder] -->    <\/p>\n<td>10:00 &#8211; 10:45<\/td>\n<p><!-- [et_pb_line_break_holder] -->  <\/tr>\n<p><!-- [et_pb_line_break_holder] -->  <\/p>\n<tr><!-- [et_pb_line_break_holder] -->     <\/p>\n<td>Pauza<\/td>\n<p><!-- [et_pb_line_break_holder] -->    <\/p>\n<td>10:45 &#8211; 11:00<\/td>\n<p><!-- [et_pb_line_break_holder] -->  <\/tr>\n<p><!-- [et_pb_line_break_holder] -->  <\/p>\n<tr><!-- [et_pb_line_break_holder] -->    <\/p>\n<td>Projektovanje safety i sigurnosnih sistema u praksi \u2013 2. dio<\/td>\n<p><!-- [et_pb_line_break_holder] -->    <\/p>\n<td>11:00 &#8211; 11:45<\/td>\n<p><!-- [et_pb_line_break_holder] -->  <\/tr>\n<p><!-- [et_pb_line_break_holder] -->  <\/p>\n<tr><!-- [et_pb_line_break_holder] -->    <\/p>\n<td>Pauza<\/td>\n<p><!-- [et_pb_line_break_holder] -->  <\/p>\n<td>11:45 &#8211; 12:00<\/td>\n<p><!-- [et_pb_line_break_holder] --><\/tr>\n<p><!-- [et_pb_line_break_holder] -->  <\/p>\n<tr><!-- [et_pb_line_break_holder] -->    <\/p>\n<td>Inim safety rje\u0161enja<\/td>\n<p><!-- [et_pb_line_break_holder] -->  <\/p>\n<td>12:00 &#8211; 12:20<\/td>\n<p><!-- [et_pb_line_break_holder] --><\/tr>\n<p><!-- [et_pb_line_break_holder] -->  <\/p>\n<tr><!-- [et_pb_line_break_holder] -->    <\/p>\n<td>Upravljanje Inim Previdia centralama i njihova integracija s ostalim tehni\u010dkim sistemima na objektu<\/td>\n<p><!-- [et_pb_line_break_holder] -->    <\/p>\n<td>12:20 &#8211; 12:40<\/td>\n<p><!-- [et_pb_line_break_holder] -->  <\/tr>\n<p><!-- [et_pb_line_break_holder] --> <\/p>\n<tr><!-- [et_pb_line_break_holder] -->    <\/p>\n<td>Ru\u010dak<\/td>\n<p><!-- [et_pb_line_break_holder] -->    <\/p>\n<td>12:40<\/td>\n<p><!-- [et_pb_line_break_holder] -->  <\/tr>\n<p><!-- [et_pb_line_break_holder] --> <!-- [et_pb_line_break_holder] --><\/table>\n<p><!-- [et_pb_line_break_holder] --><!-- [et_pb_line_break_holder] --><\/body><!-- [et_pb_line_break_holder] --><\/html>[\/et_pb_code][et_pb_text admin_label=&#8221;Teme i predava\u010di&#8221; _builder_version=&#8221;4.21.0&#8243; _module_preset=&#8221;bbdb569d-0021-4ea5-9e7b-a39ada772d3e&#8221; global_colors_info=&#8221;{}&#8221;]<\/p>\n<blockquote>\n<h4>Teme i predava\u010di<\/h4>\n<\/blockquote>\n<p>[\/et_pb_text][et_pb_text admin_label=&#8221;Vedran&#8221; _builder_version=&#8221;4.21.0&#8243; _module_preset=&#8221;bbdb569d-0021-4ea5-9e7b-a39ada772d3e&#8221; global_colors_info=&#8221;{}&#8221;]<\/p>\n<h5>Projektovanje safety i sigurnosnih sistema u praksi<\/h5>\n<p><strong>Vedran Mihaljevi\u0107<\/strong>, bacc. ing. el., Voditelj projektne podr\u0161ke, Alarm automatika d.o.o. Split<br \/><strong><a href=\"mailto:vedranm@alarmautomatika.com\">vedranm@alarmautomatika.com<\/a><\/strong><\/p>\n<p>Projektovanje dojave po\u017eara, dojave plina, sigurnosne rasvjete i evakuacijskog razglasa. EU norme za opremu. Primjeri iz prakse, problemi i kako ih rije\u0161iti.<\/p>\n<p>[\/et_pb_text][et_pb_text admin_label=&#8221;Bal\u0161a&#8221; _builder_version=&#8221;4.21.0&#8243; _module_preset=&#8221;bbdb569d-0021-4ea5-9e7b-a39ada772d3e&#8221; global_colors_info=&#8221;{}&#8221;]<\/p>\n<h5>Inim safety rje\u0161enja<\/h5>\n<p><strong>Bal\u0161a Tanovi\u0107<\/strong>, dip. Ing. el., Voditelj projektne prodaje, Alarm automatika d.o.o. Podgorica<br \/><strong><a href=\"mailto:balsa@alarmautomatika.com\">balsa@alarmautomatika.com<\/a><\/strong><\/p>\n<p>Raspon ponude \u2013 dojava po\u017eara i plina, upravljanje ga\u0161enjem, sigurnosna rasvjeta, EVAC. Uskla\u0111enost s EU normama. Implementirane napredne tehnologije. Oprema istog proizvo\u0111a\u010da kao garant umre\u017eavanja sistema na hardverskom nivou.<\/p>\n<p>[\/et_pb_text][et_pb_text admin_label=&#8221;Maida&#8221; _builder_version=&#8221;4.21.0&#8243; _module_preset=&#8221;bbdb569d-0021-4ea5-9e7b-a39ada772d3e&#8221; global_colors_info=&#8221;{}&#8221;]<\/p>\n<h5>Upravljanje Inim Previdia centralama<\/h5>\n<p><strong>Maida Kurtagi\u0107<\/strong>, dipl. in\u017e. el., In\u017eenjer projektne prodaje, Alarm automatika d.o.o. Podgorica<br \/><strong><a href=\"mailto:maida@alarmautomatika.com\">maida@alarmautomatika.com<\/a><\/strong><\/p>\n<p>Raspon mogu\u0107nosti upravljanja \u2013 tipkovnica, izdvojena tipkovnica, softver, Cloud, mobilna aplikacija. ABsistemDCi softver za integraciju razli\u010ditih tehni\u010dkih sistema na objektu.<\/p>\n<p>[\/et_pb_text][et_pb_text admin_label=&#8221;Od koga se mogu dobiti dodatne informacije?&#8221; _builder_version=&#8221;4.21.0&#8243; _module_preset=&#8221;bbdb569d-0021-4ea5-9e7b-a39ada772d3e&#8221; global_colors_info=&#8221;{}&#8221;]<\/p>\n<blockquote>\n<h4>Od koga se mogu dobiti dodatne informacije?<\/h4>\n<\/blockquote>\n<p><strong>Bal\u0161a Tanovi\u0107<\/strong>, voditelj projektne prodaje Alarm automatike d.o.o. Podgorica<br \/>E-mail: <strong><a href=\"mailto:balsa@alarmautomatika.com\">balsa@alarmautomatika.com<\/a><\/strong><br \/>Tel: +382 67 310 313<\/p>\n<p>[\/et_pb_text][et_pb_text admin_label=&#8221;Vezani materijali&#8221; _builder_version=&#8221;4.21.0&#8243; _module_preset=&#8221;default&#8221; global_colors_info=&#8221;{}&#8221;]<\/p>\n<blockquote>\n<h4>Vezani materijali<\/h4>\n<\/blockquote>\n<p>[\/et_pb_text][et_pb_code admin_label=&#8221;Vezani materijali&#8221; _builder_version=&#8221;4.21.0&#8243; _module_preset=&#8221;default&#8221; global_colors_info=&#8221;{}&#8221;]<html><!-- [et_pb_line_break_holder] --><head><!-- [et_pb_line_break_holder] --><\/p>\n<style><!-- [et_pb_line_break_holder] -->#customers {<!-- [et_pb_line_break_holder] -->  font-family: Arial, Helvetica, sans-serif;<!-- [et_pb_line_break_holder] -->  border-collapse: collapse;<!-- [et_pb_line_break_holder] -->  width: 100%;<!-- [et_pb_line_break_holder] -->}<!-- [et_pb_line_break_holder] --><!-- [et_pb_line_break_holder] -->#customers td, #customers th {<!-- [et_pb_line_break_holder] -->  border: 2px solid #ddd;<!-- [et_pb_line_break_holder] -->  padding: 20px;<!-- [et_pb_line_break_holder] -->}<!-- [et_pb_line_break_holder] --><!-- [et_pb_line_break_holder] -->#customers tr:nth-child(even){background-color: #f2f2f2;}<!-- [et_pb_line_break_holder] --><!-- [et_pb_line_break_holder] -->#customers tr:hover {background-color: rgb(216,225,222);}<!-- [et_pb_line_break_holder] --><!-- [et_pb_line_break_holder] -->#customers th {<!-- [et_pb_line_break_holder] -->  padding-top: 12px;<!-- [et_pb_line_break_holder] -->  padding-bottom: 12px;<!-- [et_pb_line_break_holder] -->  text-align: left;<!-- [et_pb_line_break_holder] -->  background-color: #04AA6D;<!-- [et_pb_line_break_holder] -->  color: white;<!-- [et_pb_line_break_holder] -->}<!-- [et_pb_line_break_holder] --><\/style>\n<p><!-- [et_pb_line_break_holder] --><\/head><!-- [et_pb_line_break_holder] --><body><!-- [et_pb_line_break_holder] --><\/p>\n<table id=\"customers\"><!-- [et_pb_line_break_holder] -->  <\/p>\n<tr><!-- [et_pb_line_break_holder] -->    <\/p>\n<td><center><a href=\"https:\/\/drive.google.com\/file\/d\/1KXP1pEjlEff-ybtrkrNmaaBNq-pLTQQH\/view\" target=\"_blank\" rel=\"noopener\"><strong>Inim Previdia sistemi dojave po\u017eara<\/a><\/strong><\/center><\/td>\n<p><!-- [et_pb_line_break_holder] -->    <\/p>\n<td><center><a href=\"https:\/\/drive.google.com\/file\/d\/1qE2f0-1_9UK6BL1MxbIyxjR69jT92hRx\/view\" target=\"_blank\" rel=\"noopener\"><strong>Integrirana safety rje\u0161enja<\/strong><\/a><\/center><\/td>\n<p><!-- [et_pb_line_break_holder] -->      <\/p>\n<td><center><a href=\"https:\/\/www.alarmautomatika.com\/hr\/projektiranje-integriranog-rjesenja-zastite-od-pozara\/\" target=\"_blank\" rel=\"noopener\"><strong>Priru\u010dnik za projektiranje integriranih <\/br> sustava za za\u0161titu od po\u017eara<\/strong><\/a><\/center><\/td>\n<p><!-- [et_pb_line_break_holder] -->  <\/tr>\n<p><!-- [et_pb_line_break_holder] -->  <\/p>\n<tr><!-- [et_pb_line_break_holder] -->    <\/p>\n<td><center><a href=\"https:\/\/drive.google.com\/file\/d\/16EOJVF6vW9BRH0IPy21NY-31X8w005OK\/view\" target=\"_blank\" rel=\"noopener\"><strong>Projektna rje\u0161enja Alarm automatike<\/strong><\/a><\/center><\/td>\n<p><!-- [et_pb_line_break_holder] -->      <\/p>\n<td><center><a href=\"https:\/\/drive.google.com\/file\/d\/1rEw8odBaiF3PhS64NAjLC9p-t19uZXFF\/view\" target=\"_blank\" rel=\"noopener\"><strong>Specijalisti\u010dke softverske integracije<\/strong><\/a><\/center><\/td>\n<p><!-- [et_pb_line_break_holder] -->        <\/p>\n<td><center><a href=\"https:\/\/drive.google.com\/file\/d\/1ilxImOdA2Ne1joQe3I-TtNB6h-uQKWue\/view\" target=\"_blank\" rel=\"noopener\"><strong>ABSistemDCi integracija<\/strong><\/a><\/center><\/td>\n<p>      <!-- [et_pb_line_break_holder] -->  <\/tr>\n<p>  <!-- [et_pb_line_break_holder] --><\/table>\n<p><!-- [et_pb_line_break_holder] --><!-- [et_pb_line_break_holder] --><\/body><!-- [et_pb_line_break_holder] --><\/html>[\/et_pb_code][et_pb_image src=&#8221;https:\/\/www.alarmautomatika.com\/wp-content\/uploads\/2023\/05\/2023-05_banner_dobavljaci_pp.png&#8221; align=&#8221;center&#8221; _builder_version=&#8221;4.21.0&#8243; _module_preset=&#8221;default&#8221; global_colors_info=&#8221;{}&#8221;][\/et_pb_image][et_pb_text admin_label=&#8221;Organizator seminara&#8221; _builder_version=&#8221;4.21.0&#8243; _module_preset=&#8221;bbdb569d-0021-4ea5-9e7b-a39ada772d3e&#8221; global_colors_info=&#8221;{}&#8221;]<\/p>\n<blockquote>\n<h4>Organizator seminara<\/h4>\n<\/blockquote>\n<p><strong><img loading=\"lazy\" decoding=\"async\" class=\"wp-image-22109  alignleft\" src=\"https:\/\/www.alarmautomatika.com\/wp-content\/uploads\/2021\/08\/AA_HR_logo.png\" alt=\"Alarm automatika d.o.o.\" width=\"310\" height=\"100\" srcset=\"https:\/\/www.alarmautomatika.com\/wp-content\/uploads\/2021\/08\/AA_HR_logo.png 390w, https:\/\/www.alarmautomatika.com\/wp-content\/uploads\/2021\/08\/AA_HR_logo-300x97.png 300w\" sizes=\"(max-width: 310px) 100vw, 310px\" \/>Alarm automatika d.o.o.<\/strong> je regionalni lider u industriji tehni\u010dke za\u0161ite sa vi\u0161e od 30 godina iskustva i poslovanjem razvijenim u 11 zemalja regije. Zadnjih godina firma intenzivno razvija svoje projektno poslovanje \u2013 nabavu, isporuku, projektovanje i ugradnju safety i security sistema. Firma u Podgorici je osnovana 2009. godine od kada je razvila saradnju sa brojnim klijentima i implementirala veliki broj projekata u security i safety segmentu.<\/p>\n<p>[\/et_pb_text][et_pb_video src=&#8221;https:\/\/www.youtube.com\/watch?v=tZQbebRFgqQ&#038;t=24s&#8221; admin_label=&#8221;AA korporativni video&#8221; _builder_version=&#8221;4.21.0&#8243; _module_preset=&#8221;default&#8221; global_colors_info=&#8221;{}&#8221;][\/et_pb_video][\/et_pb_column][\/et_pb_row][\/et_pb_section]<\/p>\n","protected":false},"excerpt":{"rendered":"<p>Seminar Projektovanje safety i sigurnosnih sistema u praksi Za punu funkcionalnost safety i sigurnosnih sistema je presudan kvalitetan projekat kojim se za\u0161tita putem elektronskih sistema uklapa u ukupne mjere za\u0161tite od po\u017eara te defini\u0161e koja \u0107e se tehnologija i detektori koristiti. Projektant pri tome mora voditi ra\u010duna o namjeni, ugro\u017eenosti i konfiguraciji prostora te osigurati [&hellip;]<\/p>\n","protected":false},"author":15,"featured_media":0,"parent":0,"menu_order":0,"comment_status":"closed","ping_status":"closed","template":"","meta":{"_et_pb_use_builder":"on","_et_pb_old_content":"","_et_gb_content_width":"","footnotes":""},"class_list":["post-42473","page","type-page","status-publish","hentry"],"_links":{"self":[{"href":"https:\/\/www.alarmautomatika.com\/me\/wp-json\/wp\/v2\/pages\/42473","targetHints":{"allow":["GET"]}}],"collection":[{"href":"https:\/\/www.alarmautomatika.com\/me\/wp-json\/wp\/v2\/pages"}],"about":[{"href":"https:\/\/www.alarmautomatika.com\/me\/wp-json\/wp\/v2\/types\/page"}],"author":[{"embeddable":true,"href":"https:\/\/www.alarmautomatika.com\/me\/wp-json\/wp\/v2\/users\/15"}],"replies":[{"embeddable":true,"href":"https:\/\/www.alarmautomatika.com\/me\/wp-json\/wp\/v2\/comments?post=42473"}],"version-history":[{"count":0,"href":"https:\/\/www.alarmautomatika.com\/me\/wp-json\/wp\/v2\/pages\/42473\/revisions"}],"wp:attachment":[{"href":"https:\/\/www.alarmautomatika.com\/me\/wp-json\/wp\/v2\/media?parent=42473"}],"curies":[{"name":"wp","href":"https:\/\/api.w.org\/{rel}","templated":true}]}}