{"id":42559,"date":"2023-05-25T13:24:53","date_gmt":"2023-05-25T11:24:53","guid":{"rendered":"https:\/\/www.alarmautomatika.com\/?page_id=42559"},"modified":"2023-05-31T15:06:50","modified_gmt":"2023-05-31T13:06:50","slug":"radionica-rad-s-inim-previdia-sistemima-dojave-pozara","status":"publish","type":"page","link":"https:\/\/www.alarmautomatika.com\/me\/radionica-rad-s-inim-previdia-sistemima-dojave-pozara\/","title":{"rendered":"Radionica Rad s Inim Previdia sistemima dojave po\u017eara"},"content":{"rendered":"<p>[et_pb_section fb_built=&#8221;1&#8243; _builder_version=&#8221;4.21.0&#8243; _module_preset=&#8221;default&#8221; vertical_offset=&#8221;-60px&#8221; global_colors_info=&#8221;{}&#8221;][et_pb_row _builder_version=&#8221;4.21.0&#8243; _module_preset=&#8221;default&#8221; global_colors_info=&#8221;{}&#8221;][et_pb_column type=&#8221;4_4&#8243; _builder_version=&#8221;4.21.0&#8243; _module_preset=&#8221;default&#8221; global_colors_info=&#8221;{}&#8221;][et_pb_text admin_label=&#8221;Radionica Rad s Inim Previdia sistemima dojave po\u017eara&#8221; _builder_version=&#8221;4.21.0&#8243; _module_preset=&#8221;default&#8221; header_line_height=&#8221;1.4em&#8221; global_colors_info=&#8221;{}&#8221;]<\/p>\n<blockquote>\n<h1>Radionica Rad s Inim Previdia sistemima dojave po\u017eara<\/h1>\n<\/blockquote>\n<p>[\/et_pb_text][et_pb_image src=&#8221;https:\/\/www.alarmautomatika.com\/wp-content\/uploads\/2023\/05\/Inim_Radionica16_06_23.jpg&#8221; align=&#8221;center&#8221; _builder_version=&#8221;4.21.0&#8243; _module_preset=&#8221;default&#8221; global_colors_info=&#8221;{}&#8221;][\/et_pb_image][et_pb_text _builder_version=&#8221;4.21.0&#8243; _module_preset=&#8221;default&#8221; hover_enabled=&#8221;0&#8243; global_colors_info=&#8221;{}&#8221; sticky_enabled=&#8221;0&#8243;]<\/p>\n<p>U sklopu Dana Inima u Podgorici \u0107e biti odr\u017eana radionica Rad s Inim Previdia sistemima dojave po\u017eara na kojoj \u0107e polaznicima biti predstavljene Previdia vatrodojavne centrale, elementi petlje Previdia sistema te na aktivnoj opremi demonstrirane razli\u010dite faze rada s Previdia sistemima \u2013 o\u017ei\u010denje, napajanje, umre\u017eavanje te konfiguracija i dijagnostika putem Previdia Studio softvera.\u00a0<\/p>\n<p>Cilj radionice je u \u0161to ve\u0107oj mjeri osposobiti polaznike za samostalan rad s Inim Previdia sistemima, a namijenjena je instalaterima sistema dojave po\u017eara koji ve\u0107 imaju osnovno znanje o vatrodojavi.<\/p>\n<p>Radionica traje 5 \u0161kolskih sati, a vodi je Bruno Jela\u010di\u0107, dipl. ing. el., in\u017eenjer projektne podr\u0161ke iz Alarm automatika d.o.o. Rijeka.<\/p>\n<p>[\/et_pb_text][et_pb_button button_url=&#8221;https:\/\/docs.google.com\/forms\/d\/e\/1FAIpQLSfIikQF83Nu3DgxPp5kQwNLpoO3S7CVcYtqThsOH_67EZmIQQ\/viewform?usp=sf_link&#8221; button_text=&#8221;Prijava u\u010destva &#8221; button_alignment=&#8221;center&#8221; _builder_version=&#8221;4.21.0&#8243; _module_preset=&#8221;default&#8221; custom_button=&#8221;on&#8221; button_text_size=&#8221;18px&#8221; global_colors_info=&#8221;{}&#8221;][\/et_pb_button][et_pb_text admin_label=&#8221;Program radionice Rad s Inim Previdia sistemima za dojavu po\u017eara&#8221; _builder_version=&#8221;4.21.0&#8243; _module_preset=&#8221;default&#8221; global_colors_info=&#8221;{}&#8221;]<\/p>\n<blockquote>\n<h4>Program radionice Rad s Inim Previdia sistemima za dojavu po\u017eara<\/h4>\n<\/blockquote>\n<p><strong>Elementi petlje<\/strong><br \/>Adresabilni Enea elementi. Enea detektori. Ru\u010dni javlja\u010di. I \/ O moduli. Adresabilne sirene i bljeskalice. O\u017ei\u010denje. EITK 2000 alat.<\/p>\n<p><strong>Previdia Compact vatrodojavna centrala<\/strong><br \/>Uop\u0161teno o centrali i njenim mogu\u0107nostima<\/p>\n<p><strong>Previdia 216 vatrodojavna centrala<\/strong><br \/>Uop\u0161teno o centrali i njenim mogu\u0107nostima<\/p>\n<p><strong>Konfiguracija Previdia centrale<\/strong><\/p>\n<p>O\u017ei\u010denje petlje. O\u017ei\u010denje tipkovnica, I \/ O modula. HorNet+ mre\u017ea. Prvo uklju\u010divanje. Konfiguracija, autokonfiguracija, dijagnostika, topologija. TCP \/ IP postavke.<\/p>\n<p><strong>Previdia Studio<\/strong><\/p>\n<p>Rad s Previdia Studio konfiguracijskim softverom. Dijagnostika i pode\u0161avanje elemenata u sistemu. Topologija petlje. Pohrana podataka. Generisanje izvje\u0161taja.<\/p>\n<p>[\/et_pb_text][et_pb_text admin_label=&#8221;Sertifikati&#8221; _builder_version=&#8221;4.21.0&#8243; _module_preset=&#8221;default&#8221; global_colors_info=&#8221;{}&#8221;]<\/p>\n<blockquote>\n<h4>Sertifikati<\/h4>\n<\/blockquote>\n<p>U\u010desnicima \u0107e naknadno biti dostavljena uvjerenja o poha\u0111anju radionice u pdf obliku.<\/p>\n<p>[\/et_pb_text][et_pb_text admin_label=&#8221;Materijali za u\u010desnike&#8221; _builder_version=&#8221;4.21.0&#8243; _module_preset=&#8221;default&#8221; global_colors_info=&#8221;{}&#8221;]<\/p>\n<blockquote>\n<h4>Materijali za u\u010desnike<\/h4>\n<\/blockquote>\n<p>Svi u\u010desnici \u0107e dobiti link sa svim materijalima vezanim za sadr\u017eaj radionice &#8211; katalogom Inim proizvoda, razli\u010ditim tehni\u010dkim specifikacijama, data sheetovima i odr\u017eanom prezentacijom.<\/p>\n<p>[\/et_pb_text][et_pb_text admin_label=&#8221;Kada i gdje se radionica odr\u017eava&#8221; _builder_version=&#8221;4.21.0&#8243; _module_preset=&#8221;default&#8221; global_colors_info=&#8221;{}&#8221;]<\/p>\n<blockquote>\n<h4>Kada i gdje se radionica odr\u017eava<\/h4>\n<\/blockquote>\n<p>Radionica se odr\u017eava u petak, 16.6.2023. od 10 do 15 sati u konferencijskoj sali Alarm automatike d.o.o. u Podgorici, \u0110oka Mira\u0161evi\u0107a 106.<\/p>\n<p>[\/et_pb_text][et_pb_text admin_label=&#8221;Kako prijaviti u\u010destvovanje&#8221; _builder_version=&#8221;4.21.0&#8243; _module_preset=&#8221;default&#8221; hover_enabled=&#8221;0&#8243; global_colors_info=&#8221;{}&#8221; sticky_enabled=&#8221;0&#8243;]<\/p>\n<blockquote>\n<h4>Kako prijaviti u\u010destvovanje<\/h4>\n<\/blockquote>\n<p>U\u010destvovanje na radionici se mo\u017ee prijaviti najkasnije tri dana prije odr\u017eavanja radionice putem <a href=\"https:\/\/docs.google.com\/forms\/d\/e\/1FAIpQLSfIikQF83Nu3DgxPp5kQwNLpoO3S7CVcYtqThsOH_67EZmIQQ\/viewform?usp=sf_link\" target=\"_blank\" rel=\"noopener\"><strong>online obrasca.<\/strong><\/a><\/p>\n<p>[\/et_pb_text][et_pb_button button_url=&#8221;https:\/\/docs.google.com\/forms\/d\/e\/1FAIpQLSfIikQF83Nu3DgxPp5kQwNLpoO3S7CVcYtqThsOH_67EZmIQQ\/viewform?usp=sf_link&#8221; button_text=&#8221;Prijava u\u010destva &#8221; button_alignment=&#8221;center&#8221; _builder_version=&#8221;4.21.0&#8243; _module_preset=&#8221;default&#8221; global_colors_info=&#8221;{}&#8221;][\/et_pb_button][et_pb_text admin_label=&#8221;Dodatne informacije&#8221; _builder_version=&#8221;4.21.0&#8243; _module_preset=&#8221;default&#8221; global_colors_info=&#8221;{}&#8221;]<\/p>\n<blockquote>\n<h4>Dodatne informacije<\/h4>\n<\/blockquote>\n<p><strong>Bal\u0161a Tanovi\u0107<\/strong>, voditelj projektne prodaje Alarm automatike d.o.o. Podgorica<br \/>E-mail: <strong><a href=\"mailto:balsa@alarmautomatika.com\">balsa@alarmautomatika.com<\/a><\/strong><br \/>Tel: +382 67 310 313<\/p>\n<p>[\/et_pb_text][\/et_pb_column][\/et_pb_row][\/et_pb_section]<\/p>\n","protected":false},"excerpt":{"rendered":"<p>Radionica Rad s Inim Previdia sistemima dojave po\u017eara U sklopu Dana Inima u Podgorici \u0107e biti odr\u017eana radionica Rad s Inim Previdia sistemima dojave po\u017eara na kojoj \u0107e polaznicima biti predstavljene Previdia vatrodojavne centrale, elementi petlje Previdia sistema te na aktivnoj opremi demonstrirane razli\u010dite faze rada s Previdia sistemima \u2013 o\u017ei\u010denje, napajanje, umre\u017eavanje te konfiguracija [&hellip;]<\/p>\n","protected":false},"author":15,"featured_media":0,"parent":0,"menu_order":0,"comment_status":"closed","ping_status":"closed","template":"","meta":{"_et_pb_use_builder":"on","_et_pb_old_content":"","_et_gb_content_width":"","footnotes":""},"class_list":["post-42559","page","type-page","status-publish","hentry"],"_links":{"self":[{"href":"https:\/\/www.alarmautomatika.com\/me\/wp-json\/wp\/v2\/pages\/42559","targetHints":{"allow":["GET"]}}],"collection":[{"href":"https:\/\/www.alarmautomatika.com\/me\/wp-json\/wp\/v2\/pages"}],"about":[{"href":"https:\/\/www.alarmautomatika.com\/me\/wp-json\/wp\/v2\/types\/page"}],"author":[{"embeddable":true,"href":"https:\/\/www.alarmautomatika.com\/me\/wp-json\/wp\/v2\/users\/15"}],"replies":[{"embeddable":true,"href":"https:\/\/www.alarmautomatika.com\/me\/wp-json\/wp\/v2\/comments?post=42559"}],"version-history":[{"count":0,"href":"https:\/\/www.alarmautomatika.com\/me\/wp-json\/wp\/v2\/pages\/42559\/revisions"}],"wp:attachment":[{"href":"https:\/\/www.alarmautomatika.com\/me\/wp-json\/wp\/v2\/media?parent=42559"}],"curies":[{"name":"wp","href":"https:\/\/api.w.org\/{rel}","templated":true}]}}