{"id":4377,"date":"2020-08-20T14:19:43","date_gmt":"2020-08-20T12:19:43","guid":{"rendered":"https:\/\/www.alarmautomatika.com\/softveri\/nadzor-i-upravljanje-sistemima-zastite\/"},"modified":"2023-11-10T09:09:55","modified_gmt":"2023-11-10T08:09:55","slug":"nadzor-i-upravljanje-sistemima-zastite","status":"publish","type":"page","link":"https:\/\/www.alarmautomatika.com\/me\/softveri\/nadzor-i-upravljanje-sistemima-zastite\/","title":{"rendered":"Softver za integraciju sistema za\u0161tite &#8211; ABSistemDCi"},"content":{"rendered":"<p>[et_pb_section fb_built=&#8221;1&#8243; _builder_version=&#8221;4.16&#8243; _module_preset=&#8221;default&#8221; background_image=&#8221;https:\/\/www.alarmautomatika.com\/wp-content\/uploads\/2020\/09\/Integracija-Softveri.jpg&#8221; background_size=&#8221;initial&#8221; background_position=&#8221;top_center&#8221; global_colors_info=&#8221;{}&#8221;][et_pb_row _builder_version=&#8221;4.16&#8243; _module_preset=&#8221;default&#8221; width=&#8221;95%&#8221; global_colors_info=&#8221;{}&#8221;][et_pb_column type=&#8221;4_4&#8243; _builder_version=&#8221;4.16&#8243; _module_preset=&#8221;default&#8221; global_colors_info=&#8221;{}&#8221;][et_pb_text _builder_version=&#8221;4.16&#8243; _dynamic_attributes=&#8221;content&#8221; _module_preset=&#8221;default&#8221; text_font=&#8221;|600|||||||&#8221; text_text_color=&#8221;#ffffff&#8221; text_font_size=&#8221;48px&#8221; text_line_height=&#8221;1.2em&#8221; custom_padding=&#8221;80px|50px||50px|false|true&#8221; text_font_size_tablet=&#8221;40px&#8221; text_font_size_phone=&#8221;32px&#8221; text_font_size_last_edited=&#8221;on|desktop&#8221; text_line_height_tablet=&#8221;&#8221; text_line_height_phone=&#8221;&#8221; text_line_height_last_edited=&#8221;on|phone&#8221; header_font_tablet=&#8221;&#8221; header_font_phone=&#8221;&#8221; header_font_last_edited=&#8221;on|phone&#8221; header_font_size_tablet=&#8221;&#8221; header_font_size_phone=&#8221;&#8221; header_font_size_last_edited=&#8221;on|phone&#8221; header_line_height_tablet=&#8221;&#8221; header_line_height_phone=&#8221;&#8221; header_line_height_last_edited=&#8221;on|desktop&#8221; global_colors_info=&#8221;{}&#8221;]@ET-DC@eyJkeW5hbWljIjp0cnVlLCJjb250ZW50IjoicG9zdF90aXRsZSIsInNldHRpbmdzIjp7ImJlZm9yZSI6IiIsImFmdGVyIjoiIn19@[\/et_pb_text][\/et_pb_column][\/et_pb_row][et_pb_row _builder_version=&#8221;4.17.6&#8243; _module_preset=&#8221;default&#8221; background_color=&#8221;#ffffff&#8221; width=&#8221;95%&#8221; custom_margin=&#8221;20px||||false|false&#8221; custom_margin_tablet=&#8221;10px||||false|false&#8221; custom_margin_phone=&#8221;10px||||false|false&#8221; custom_margin_last_edited=&#8221;on|desktop&#8221; custom_padding=&#8221;50px|50px|50px|50px|true|true&#8221; hover_enabled=&#8221;0&#8243; global_colors_info=&#8221;{}&#8221; column_structure=&#8221;3_4,1_4&#8243; box_shadow_style=&#8221;preset2&#8243; sticky_enabled=&#8221;0&#8243;][et_pb_column type=&#8221;3_4&#8243; _builder_version=&#8221;4.16&#8243; _module_preset=&#8221;default&#8221; global_colors_info=&#8221;{}&#8221;][et_pb_text admin_label=&#8221;Text&#8221; _builder_version=&#8221;4.16&#8243; _module_preset=&#8221;default&#8221; link_font=&#8221;|600|||||||&#8221; header_2_text_align=&#8221;left&#8221; header_2_font_size=&#8221;30px&#8221; header_2_line_height=&#8221;1.2em&#8221; header_font_size_tablet=&#8221;48px&#8221; header_font_size_phone=&#8221;&#8221; header_font_size_last_edited=&#8221;on|tablet&#8221; header_2_font_size_tablet=&#8221;&#8221; header_2_font_size_phone=&#8221;25px&#8221; header_2_font_size_last_edited=&#8221;on|phone&#8221; global_colors_info=&#8221;{}&#8221;]<\/p>\n<blockquote>\n<h2>ABsistemDCi softver za integraciju sistema na objektu<\/h2>\n<\/blockquote>\n<p><a href=\"https:\/\/drive.google.com\/file\/d\/1ilxImOdA2Ne1joQe3I-TtNB6h-uQKWue\/view\" target=\"_blank\" rel=\"noopener\">ABsistemDCi<\/a> je programski paket koji omogu\u0107ava nadzor i upravljanje nad svim integrisanim za\u0161titnim sistemima za\u0161tite putem jedinstvenog pristupa. Svrha mu je osigurati koordiniranu i efikasnu za\u0161titu ve\u0107ih poslovnih, trgova\u010dkih, hotelskih i industrijskih objekata ili kompleksa objekata koji se, zbog svoje velike povr\u0161ine i izlo\u017eenosti ve\u0107im rizicima za ljude i imovinu, \u0161tite s vi\u0161e razli\u010ditih sistema. Omogu\u0107ena je i integracija BMS sistema.<\/p>\n<p>U Alarm automatici je razvijena i serija ABsistem softvera za inteligentno upravljanje i kontrolu kojima se sistemi integrisani pomo\u0107u ABsistemDCi softvera integri\u0161u u informacijsko \u2013 komunikacijsku strukturu koju korisnici koriste za vo\u0111enje poslovanja.<\/p>\n<blockquote>\n<h2>Modularan koncept softvera<\/h2>\n<\/blockquote>\n<p>Korisnici ABsistemDCi\u00ae softvera biraju module koje \u017eele implementirati. Tome je prilago\u0111eno i licenciranje pa se pla\u0107aju samo potrebne funkcije. Osnovni moduli obuhvataju sisteme koji se naj\u010de\u0161\u0107e integri\u0161u. Lista proizvo\u0111a\u010da \u010dija oprema mo\u017ee da se integri\u0161e pomo\u0107u ABsistemDCi softvera nema ograni\u010denja i neprestano se dopunjava novim proizvo\u0111a\u010dima.<\/p>\n<p>&nbsp;<\/p>\n<p>[\/et_pb_text][et_pb_image src=&#8221;https:\/\/www.alarmautomatika.com\/wp-content\/uploads\/2022\/07\/ABsistemDCi-shema-me.jpg&#8221; align=&#8221;center&#8221; admin_label=&#8221;Image&#8221; _builder_version=&#8221;4.17.6&#8243; _module_preset=&#8221;default&#8221; positioning=&#8221;relative&#8221; vertical_offset=&#8221;-60px&#8221; z_index=&#8221;auto&#8221; hover_enabled=&#8221;0&#8243; global_colors_info=&#8221;{}&#8221; sticky_enabled=&#8221;0&#8243;][\/et_pb_image][et_pb_text admin_label=&#8221;Text&#8221; _builder_version=&#8221;4.16&#8243; _module_preset=&#8221;default&#8221; link_font=&#8221;|600|||||||&#8221; header_2_text_align=&#8221;left&#8221; header_2_font_size=&#8221;30px&#8221; header_2_line_height=&#8221;1.2em&#8221; header_font_size_tablet=&#8221;48px&#8221; header_font_size_phone=&#8221;&#8221; header_font_size_last_edited=&#8221;on|tablet&#8221; header_2_font_size_tablet=&#8221;&#8221; header_2_font_size_phone=&#8221;25px&#8221; header_2_font_size_last_edited=&#8221;on|phone&#8221; global_colors_info=&#8221;{}&#8221;]<\/p>\n<blockquote>\n<h2>Prednosti integracije putem ABsistemDCi softvera<\/h2>\n<\/blockquote>\n<p><strong>Integracija opreme razli\u010ditih proizvo\u0111a\u010da<\/strong><br \/>\nABsistemDCi rje\u0161ava problem neuskla\u0111enih digitalnih protokola komunikacije razli\u010ditih proizvo\u0111a\u010da oprema i omogu\u0107ava povezivanje opreme proizvo\u0111a\u010da koji ustupe svoje digitalne protokole.<\/p>\n<p><strong>Modularni koncept<\/strong><br \/>\nKorisnik bira koje module \u017eeli implementirati. Licenciranje je tome prilago\u0111eno pa korisnik pla\u0107a samo one funkcije koje treba.<\/p>\n<p><strong>Integrirani sistemi ostaju autonomni<\/strong><br \/>\nIntegracija putem ABSistemDCi\u00ae softvera funkcioni\u0161e kao nadogradnja, a svaki pojedini sistem funkcioni\u0161e autonomno. Rizi\u010dne aplikacije se izvode s redundancijom.<\/p>\n<p><strong>Grafi\u010dke mape osiguravaju preglednost<\/strong><br \/>\nNa grafi\u010dkim mapama nadziranog prostora se postavljaju dinami\u010dki simboli svih relevantnih elemenata sistema. Softver signalizira njihov status i omogu\u0107uje upravljanje putem istih dinami\u010dkih simbola.<\/p>\n<p><strong>Jednostavno upravljanje integrisanim sistemima<\/strong><br \/>\nElementima sistema se upravlja putem grafi\u010dkih objekata na ekranu. Operater mo\u017ee pokrenuti sliku sa neke kamere, uklju\u010diti protivprovalu ili omogu\u0107iti pristup \u0161ti\u0107enom prostoru.<\/p>\n<p><strong>Pra\u0107enje i arhiviranje doga\u0111aja na jednom mjestu<\/strong><br \/>\nSvi doga\u0111aji i akcije korisnika se prate i arhiviraju na jednom mjestu i u jednom formatu. Za to softver koristi razne varijante Microsoft SQL Server baze podataka.<\/p>\n<p><strong>Integracija za\u0161titnih i ostalih tehni\u010dkih sistema<\/strong><br \/>\nIntegracijom ostalih sistema na objektu (klimatizacija, ventilacija, rasvjeta, liftovi) se pove\u0107ava sigurnost objekta (npr. blokiranje kori\u0161tenja lifta u slu\u010daju po\u017earnog alarma), olak\u0161ava upravljanje te \u0161tedi energiju.<\/p>\n<p><strong>Proaktivno odr\u017eavanje<\/strong><br \/>\nSoftver signalizira i informacije o ispravnosti ili kvaru ure\u0111aja \u0161to je va\u017eno za organizaciju popravka prije nego sistem bude izvan funkcije, a objekt neza\u0161ti\u0107en.<\/p>\n<p><strong>Rad u Windows okru\u017eenju<\/strong><br \/>\nSoftver radi na \u201eClient \u2013 server\u201c principu gdje server prima i analizira doga\u0111aje sa sustava, a klijent upravlja sistemom putem Windows aplikacije.[\/et_pb_text][\/et_pb_column][et_pb_column type=&#8221;1_4&#8243; _builder_version=&#8221;4.16&#8243; _module_preset=&#8221;default&#8221; global_colors_info=&#8221;{}&#8221;][et_pb_image _builder_version=&#8221;4.17.6&#8243; _module_preset=&#8221;default&#8221; alt=&#8221;iDEA PROJECT&#8221; title_text=&#8221;idea-project-menu-logo&#8221; src=&#8221;https:\/\/www.alarmautomatika.com\/wp-content\/uploads\/2020\/08\/idea-project-menu-logo.png&#8221; align=&#8221;center&#8221; hover_enabled=&#8221;0&#8243; sticky_enabled=&#8221;0&#8243;][\/et_pb_image][et_pb_accordion disabled_on=&#8221;off|off|off&#8221; module_class=&#8221;idea-value-propositions&#8221; _builder_version=&#8221;4.17.4&#8243; _module_preset=&#8221;default&#8221; global_colors_info=&#8221;{}&#8221; global_module=&#8221;9527&#8243; theme_builder_area=&#8221;post_content&#8221;][et_pb_accordion_item title=&#8221;Blank&#8221; open=&#8221;on&#8221; _builder_version=&#8221;4.16&#8243; _module_preset=&#8221;default&#8221; custom_css_main_element=&#8221;display:none;&#8221; global_colors_info=&#8221;{}&#8221; theme_builder_area=&#8221;post_content&#8221;][\/et_pb_accordion_item][et_pb_accordion_item title=&#8221;Klijenti&#8221; _builder_version=&#8221;4.16&#8243; _module_preset=&#8221;default&#8221; global_colors_info=&#8221;{}&#8221; theme_builder_area=&#8221;post_content&#8221; open=&#8221;off&#8221;]<\/p>\n<p><a href=\"https:\/\/www.alarmautomatika.com\/me\/klijenti\/arhitekte\/\">Arhitekte<\/a><\/p>\n<p><a href=\"https:\/\/www.alarmautomatika.com\/me\/klijenti\/elektro-projektanti\/\">Elektro projektanti<\/a><\/p>\n<p><a href=\"https:\/\/www.alarmautomatika.com\/me\/klijenti\/gradevinari\/\">Gra\u0111evinari<\/a><\/p>\n<p><a href=\"https:\/\/www.alarmautomatika.com\/me\/klijenti\/elektro-instalateri\/\">Elektro instalateri<\/a><\/p>\n<p><a href=\"https:\/\/www.alarmautomatika.com\/me\/klijenti\/sistem-integratori\/\">Sistem integratori<\/a><\/p>\n<p>[\/et_pb_accordion_item][et_pb_accordion_item title=&#8221;Proizvodi&#8221; _builder_version=&#8221;4.16&#8243; _module_preset=&#8221;default&#8221; global_colors_info=&#8221;{}&#8221; theme_builder_area=&#8221;post_content&#8221; open=&#8221;off&#8221;]<\/p>\n<p><a href=\"https:\/\/www.alarmautomatika.com\/me\/proizvodi\/inim-previdia\/\">Dojava po\u017eara<\/a><\/p>\n<p><a href=\"https:\/\/www.alarmautomatika.com\/me\/proizvodi\/dojava-plina\/\">Dojava plina<\/a><\/p>\n<p><a href=\"https:\/\/www.alarmautomatika.com\/me\/proizvodi\/sistemi-gasenja-pozara\/\">Sistemi ga\u0161enja po\u017eara<\/a><\/p>\n<p><a href=\"https:\/\/www.alarmautomatika.com\/me\/proizvodi\/evakuacijski-razglas\/\">Evakuacijski (EVAC) i javni (PA) razglas<\/a><\/p>\n<p><a href=\"https:\/\/www.alarmautomatika.com\/me\/proizvodi\/odvodjenje-dima-i-toplote-i-upravljanje-pozarnim-sektorima\/\">Odvo\u0111enje dima i toplote i upravljanje po\u017earnim sektorima<\/a><\/p>\n<p><a href=\"https:\/\/www.alarmautomatika.com\/me\/proizvodi\/panik-rasvjeta\/\">Panik rasvjeta<\/a><\/p>\n<p><a href=\"https:\/\/www.alarmautomatika.com\/me\/proizvodi\/tehnicka-zastita\/\">Tehni\u010dka za\u0161tita<\/a><\/p>\n<p>[\/et_pb_accordion_item][et_pb_accordion_item title=&#8221;Softveri&#8221; _builder_version=&#8221;4.17.4&#8243; _module_preset=&#8221;default&#8221; global_colors_info=&#8221;{}&#8221; theme_builder_area=&#8221;post_content&#8221; open=&#8221;off&#8221;]<\/p>\n<p><a href=\"https:\/\/www.alarmautomatika.com\/me\/softveri\/nadzor-i-upravljanje-sistemima-zastite\/\">ABsistemDCi softver za integraciju<\/a><\/p>\n<p>[\/et_pb_accordion_item][et_pb_accordion_item title=&#8221;Usluge&#8221; _builder_version=&#8221;4.16&#8243; _module_preset=&#8221;default&#8221; global_colors_info=&#8221;{}&#8221; theme_builder_area=&#8221;post_content&#8221; open=&#8221;off&#8221;]<\/p>\n<p><a href=\"https:\/\/www.alarmautomatika.com\/me\/usluge\/profesionalnost-u-svim-fazama-projekta\/#projektiranje-i-projektna-podrska\" data-et-has-event-already=\"true\">Projektovanje i projektna podr\u0161ka<\/a><\/p>\n<p><a href=\"https:\/\/www.alarmautomatika.com\/me\/usluge\/profesionalnost-u-svim-fazama-projekta\/#vodjenje-projekata\" data-et-has-event-already=\"true\">Vo\u0111enje projekata<\/a><\/p>\n<p><a href=\"https:\/\/www.alarmautomatika.com\/me\/usluge\/profesionalnost-u-svim-fazama-projekta\/#programiranje-i-integracija-sustava\" data-et-has-event-already=\"true\">Programiranje i integracija sistema<\/a><\/p>\n<p><a href=\"https:\/\/www.alarmautomatika.com\/me\/usluge\/profesionalnost-u-svim-fazama-projekta\/#pustanje-sustava-u-rad\" data-et-has-event-already=\"true\">Pu\u0161tanje sistema u rad<\/a><\/p>\n<p><a href=\"https:\/\/www.alarmautomatika.com\/me\/usluge\/profesionalnost-u-svim-fazama-projekta\/#certificiranje\" data-et-has-event-already=\"true\">Certificiranje<\/a><\/p>\n<p><a href=\"https:\/\/www.alarmautomatika.com\/me\/usluge\/profesionalnost-u-svim-fazama-projekta\/#idea-project-katalog-i-b2b-platforma\" data-et-has-event-already=\"true\">Projektni katalog i B2B platforma<\/a><\/p>\n<p>[\/et_pb_accordion_item][et_pb_accordion_item title=&#8221;Platforma&#8221; _builder_version=&#8221;4.16&#8243; _module_preset=&#8221;default&#8221; global_colors_info=&#8221;{}&#8221; theme_builder_area=&#8221;post_content&#8221; open=&#8221;off&#8221;]<\/p>\n<p><a href=\"https:\/\/www.alarmautomatika.com\/me\/platforma\/#b2b-projektna-dokumentacija\" data-et-has-event-already=\"true\">B2B platforma s cjelokupnom dokumentacijom<\/a><\/p>\n<p>[\/et_pb_accordion_item][\/et_pb_accordion][\/et_pb_column][\/et_pb_row][\/et_pb_section]<\/p>\n","protected":false},"excerpt":{"rendered":"<p>ABsistemDCi softver za integraciju sistema na objektu ABsistemDCi je programski paket koji omogu\u0107ava nadzor i upravljanje nad svim integrisanim za\u0161titnim sistemima za\u0161tite putem jedinstvenog pristupa. Svrha mu je osigurati koordiniranu i efikasnu za\u0161titu ve\u0107ih poslovnih, trgova\u010dkih, hotelskih i industrijskih objekata ili kompleksa objekata koji se, zbog svoje velike povr\u0161ine i izlo\u017eenosti ve\u0107im rizicima za ljude [&hellip;]<\/p>\n","protected":false},"author":15,"featured_media":0,"parent":4012,"menu_order":0,"comment_status":"closed","ping_status":"closed","template":"","meta":{"_et_pb_use_builder":"on","_et_pb_old_content":"","_et_gb_content_width":"","footnotes":""},"class_list":["post-4377","page","type-page","status-publish","hentry"],"_links":{"self":[{"href":"https:\/\/www.alarmautomatika.com\/me\/wp-json\/wp\/v2\/pages\/4377","targetHints":{"allow":["GET"]}}],"collection":[{"href":"https:\/\/www.alarmautomatika.com\/me\/wp-json\/wp\/v2\/pages"}],"about":[{"href":"https:\/\/www.alarmautomatika.com\/me\/wp-json\/wp\/v2\/types\/page"}],"author":[{"embeddable":true,"href":"https:\/\/www.alarmautomatika.com\/me\/wp-json\/wp\/v2\/users\/15"}],"replies":[{"embeddable":true,"href":"https:\/\/www.alarmautomatika.com\/me\/wp-json\/wp\/v2\/comments?post=4377"}],"version-history":[{"count":1,"href":"https:\/\/www.alarmautomatika.com\/me\/wp-json\/wp\/v2\/pages\/4377\/revisions"}],"predecessor-version":[{"id":50038,"href":"https:\/\/www.alarmautomatika.com\/me\/wp-json\/wp\/v2\/pages\/4377\/revisions\/50038"}],"up":[{"embeddable":true,"href":"https:\/\/www.alarmautomatika.com\/me\/wp-json\/wp\/v2\/pages\/4012"}],"wp:attachment":[{"href":"https:\/\/www.alarmautomatika.com\/me\/wp-json\/wp\/v2\/media?parent=4377"}],"curies":[{"name":"wp","href":"https:\/\/api.w.org\/{rel}","templated":true}]}}