{"id":4470,"date":"2020-08-20T13:03:11","date_gmt":"2020-08-20T11:03:11","guid":{"rendered":"https:\/\/www.alarmautomatika.com\/o-nama\/"},"modified":"2024-12-11T11:39:23","modified_gmt":"2024-12-11T10:39:23","slug":"o-nama","status":"publish","type":"page","link":"https:\/\/www.alarmautomatika.com\/me\/o-nama\/","title":{"rendered":"O nama"},"content":{"rendered":"<p>[et_pb_section fb_built=&#8221;1&#8243; _builder_version=&#8221;4.16&#8243; _module_preset=&#8221;default&#8221; background_image=&#8221;https:\/\/www.alarmautomatika.com\/wp-content\/uploads\/2020\/09\/o-nama.jpg&#8221; background_size=&#8221;initial&#8221; background_position=&#8221;top_center&#8221; global_colors_info=&#8221;{}&#8221;][et_pb_row _builder_version=&#8221;4.16&#8243; _module_preset=&#8221;default&#8221; width=&#8221;95%&#8221; global_colors_info=&#8221;{}&#8221;][et_pb_column type=&#8221;4_4&#8243; _builder_version=&#8221;4.16&#8243; _module_preset=&#8221;default&#8221; global_colors_info=&#8221;{}&#8221;][et_pb_text _builder_version=&#8221;4.16&#8243; _dynamic_attributes=&#8221;content&#8221; _module_preset=&#8221;default&#8221; text_font=&#8221;|600|||||||&#8221; text_text_color=&#8221;#ffffff&#8221; text_font_size=&#8221;48px&#8221; text_line_height=&#8221;1.2em&#8221; custom_padding=&#8221;80px|50px||50px|false|true&#8221; text_font_size_tablet=&#8221;40px&#8221; text_font_size_phone=&#8221;32px&#8221; text_font_size_last_edited=&#8221;on|desktop&#8221; text_line_height_tablet=&#8221;&#8221; text_line_height_phone=&#8221;&#8221; text_line_height_last_edited=&#8221;on|phone&#8221; header_font_tablet=&#8221;&#8221; header_font_phone=&#8221;&#8221; header_font_last_edited=&#8221;on|phone&#8221; header_font_size_tablet=&#8221;&#8221; header_font_size_phone=&#8221;&#8221; header_font_size_last_edited=&#8221;on|phone&#8221; header_line_height_tablet=&#8221;&#8221; header_line_height_phone=&#8221;&#8221; header_line_height_last_edited=&#8221;on|desktop&#8221; global_colors_info=&#8221;{}&#8221;]@ET-DC@eyJkeW5hbWljIjp0cnVlLCJjb250ZW50IjoicG9zdF90aXRsZSIsInNldHRpbmdzIjp7ImJlZm9yZSI6IiIsImFmdGVyIjoiIn19@[\/et_pb_text][\/et_pb_column][\/et_pb_row][et_pb_row column_structure=&#8221;3_4,1_4&#8243; _builder_version=&#8221;4.16&#8243; _module_preset=&#8221;default&#8221; background_color=&#8221;#ffffff&#8221; width=&#8221;95%&#8221; custom_margin=&#8221;20px||||false|false&#8221; custom_margin_tablet=&#8221;10px||||false|false&#8221; custom_margin_phone=&#8221;10px||||false|false&#8221; custom_margin_last_edited=&#8221;on|desktop&#8221; custom_padding=&#8221;50px|50px|50px|50px|true|true&#8221; box_shadow_style=&#8221;preset2&#8243; global_colors_info=&#8221;{}&#8221;][et_pb_column type=&#8221;3_4&#8243; _builder_version=&#8221;4.16&#8243; _module_preset=&#8221;default&#8221; global_colors_info=&#8221;{}&#8221;][et_pb_text _builder_version=&#8221;4.16&#8243; _module_preset=&#8221;default&#8221; header_2_text_color=&#8221;#ffffff&#8221; header_2_font_size=&#8221;30px&#8221; background_color=&#8221;#00B16A&#8221; custom_padding=&#8221;15px|15px|7px|15px|false|true&#8221; hover_enabled=&#8221;0&#8243; global_colors_info=&#8221;{}&#8221; sticky_enabled=&#8221;0&#8243;]<\/p>\n<h2>Regionalni lider u industriji tehni\u010dke za\u0161tite<\/h2>\n<p>[\/et_pb_text][et_pb_map zoom_level=&#8221;6&#8243; address_lat=&#8221;46.078845423823&#8243; address_lng=&#8221;19.069109416496&#8243; mouse_wheel=&#8221;off&#8221; use_grayscale_filter=&#8221;on&#8221; _builder_version=&#8221;4.27.4&#8243; _module_preset=&#8221;default&#8221; height=&#8221;700px&#8221; hover_enabled=&#8221;0&#8243; global_module=&#8221;27781&#8243; global_colors_info=&#8221;{}&#8221; sticky_enabled=&#8221;0&#8243;][et_pb_map_pin title=&#8221;Beograd&#8221; pin_address=&#8221;Zarija Vujo\u0161evi\u0107a 8, Beograd 11070, Serbia&#8221; pin_address_lat=&#8221;44.8109814&#8243; pin_address_lng=&#8221;20.4408027&#8243; _builder_version=&#8221;4.27.4&#8243; _module_preset=&#8221;default&#8221; global_colors_info=&#8221;{}&#8221;]<\/p>\n<p>Zarija Vujo\u0161evi\u0107a 8<br \/>11 070 Beograd (Novi Beograd)<br \/><strong>T:<\/strong> +381 (0)11 398 1482<br \/><strong>E:<\/strong> <a href=\"mailto:beograd@alarmautomatika.com\">beograd@alarmautomatika.com<\/a><\/p>\n<p>[\/et_pb_map_pin][et_pb_map_pin title=&#8221;Bratislava&#8221; pin_address=&#8221;Studen\u00e1 ulica 929\/5, 821 04 Bratislava, Slovakia&#8221; zoom_level=&#8221;17&#8243; pin_address_lat=&#8221;48.1807626&#8243; pin_address_lng=&#8221;17.178754&#8243; _builder_version=&#8221;4.21.0&#8243; _module_preset=&#8221;default&#8221; global_colors_info=&#8221;{}&#8221;]<\/p>\n<p>Studen\u00e1 5<br \/>821 04 Bratislava<br \/><strong>E:<\/strong> <a href=\"mailto:bratislava@alarmautomatika.com\">bratislava@alarmautomatika.com<\/a><\/p>\n<p>[\/et_pb_map_pin][et_pb_map_pin title=&#8221;Budimpe\u0161ta&#8221; pin_address=&#8221;Budapest, Fiv\u00e9r u. 8\/B, 1131 Hungary&#8221; pin_address_lat=&#8221;47.5421188&#8243; pin_address_lng=&#8221;19.0854868&#8243; _builder_version=&#8221;4.7.5&#8243; _module_preset=&#8221;default&#8221; global_colors_info=&#8221;{}&#8221;]<\/p>\n<p>Fiv\u00e9r utca 8\/B<br \/>1131 Budimpe\u0161ta<br \/><strong>T:<\/strong> +36 (0)1 615 0087<br \/><strong>E:<\/strong> <a href=\"mailto:budapest@alarmautomatika.com\">budapest@alarmautomatika.com<\/a><\/p>\n<p>[\/et_pb_map_pin][et_pb_map_pin title=&#8221;Bukure\u0161t&#8221; pin_address=&#8221;Strada Zece Mese nr. 9, Bucure\u0219ti 024061, Romania&#8221; pin_address_lat=&#8221;44.4410054&#8243; pin_address_lng=&#8221;26.1186778&#8243; _builder_version=&#8221;4.7.5&#8243; _module_preset=&#8221;default&#8221; global_colors_info=&#8221;{}&#8221;]<\/p>\n<p>Strada Zece Mese nr. 9, sector 2<br \/>024061 Bucuresti<br \/><strong>T:<\/strong> +40 (0)31 426 0355<br \/><strong>E:<\/strong> <a href=\"mailto:bucharest@alarmautomatika.com\">bucharest@alarmautomatika.com<\/a><\/p>\n<p>[\/et_pb_map_pin][et_pb_map_pin title=&#8221;Ljubljana&#8221; pin_address=&#8221;Letali\u0161ka cesta 32, 1000 Ljubljana, Slovenia&#8221; pin_address_lat=&#8221;46.0605934&#8243; pin_address_lng=&#8221;14.571208&#8243; _builder_version=&#8221;4.7.5&#8243; _module_preset=&#8221;default&#8221; global_colors_info=&#8221;{}&#8221;]<\/p>\n<p>Letali\u0161ka cesta 32<br \/>1000 Ljubljana<br \/><strong>T:<\/strong> +386 (0)8 205 3710<br \/><strong>E:<\/strong> <a href=\"mailto:ljubljana@alarmautomatika.com\">ljubljana@alarmautomatika.com<\/a><\/p>\n<p>[\/et_pb_map_pin][et_pb_map_pin title=&#8221;Podgorica&#8221; pin_address=&#8221;106 \u0110oka Mira\u0161evi\u0107a, Podgorica 81000, Montenegro&#8221; pin_address_lat=&#8221;42.4514727&#8243; pin_address_lng=&#8221;19.2392515&#8243; _builder_version=&#8221;4.7.5&#8243; _module_preset=&#8221;default&#8221; global_colors_info=&#8221;{}&#8221;]<\/p>\n<p>\u0110oka Mira\u0161evi\u0107a 106<br \/>81 000 Podgorica<br \/><strong>T:<\/strong> +382 (0)20 657 007<br \/><strong>E:<\/strong> <a href=\"mailto:podgorica@alarmautomatika.com\">podgorica@alarmautomatika.com<\/a><\/p>\n<p>[\/et_pb_map_pin][et_pb_map_pin title=&#8221;Rijeka&#8221; pin_address=&#8221;Dra\u017eice 123, 51000, Rijeka, Croatia&#8221; pin_address_lat=&#8221;45.350015&#8243; pin_address_lng=&#8221;14.373088&#8243; _builder_version=&#8221;4.7.5&#8243; _module_preset=&#8221;default&#8221; global_colors_info=&#8221;{}&#8221;]<\/p>\n<p>Dra\u017eice 123\/c (Zamet)<br \/>51000 Rijeka<br \/><strong>T:<\/strong> +385 (0)51 359 700<br \/><strong>E:<\/strong> <a href=\"mailto:rijeka@alarmautomatika.com\">rijeka@alarmautomatika.com<\/a><\/p>\n<p>[\/et_pb_map_pin][et_pb_map_pin title=&#8221;Skoplje&#8221; pin_address=&#8221;Gilles Verne 8 \u043b\u043e\u043a. 1, Skopje 1000, North Macedonia&#8221; pin_address_lat=&#8221;41.9841018&#8243; pin_address_lng=&#8221;21.4405924&#8243; _builder_version=&#8221;4.7.5&#8243; _module_preset=&#8221;default&#8221; global_colors_info=&#8221;{}&#8221;]<\/p>\n<p>Gilles Verne 8<br \/>1000 Skopje<br \/><strong>T:<\/strong> +389 (0)2 245 7388<br \/><strong>E:<\/strong> <a href=\"mailto:skopje@alarmautomatika.com\">skopje@alarmautomatika.com<\/a><\/p>\n<p>[\/et_pb_map_pin][et_pb_map_pin title=&#8221;Split&#8221; pin_address=&#8221;Lova\u010dki put 1, 21000, Split, Croatia&#8221; pin_address_lat=&#8221;43.512897235463&#8243; pin_address_lng=&#8221;16.484565390213&#8243; _builder_version=&#8221;4.27.4&#8243; _module_preset=&#8221;default&#8221; global_colors_info=&#8221;{}&#8221;]<\/p>\n<p>Lovacki put 1A<br \/>21000 Split<br \/><strong>T:<\/strong> +385 (0)21 542 653<br \/><strong>E:<\/strong> <a href=\"mailto:split@alarmautomatika.com\">split@alarmautomatika.com<\/a><\/p>\n<p>[\/et_pb_map_pin][et_pb_map_pin title=&#8221;Sarajevo&#8221; pin_address=&#8221;BA, D\u017eemala Bijedi\u0107a 156, Sarajevo 71000, Bosnia and Herzegovina&#8221; pin_address_lat=&#8221;43.850587&#8243; pin_address_lng=&#8221;18.360155&#8243; _builder_version=&#8221;4.7.5&#8243; _module_preset=&#8221;default&#8221; global_colors_info=&#8221;{}&#8221;]<\/p>\n<p>D\u017eemala Bijedi\u0107a 156<br \/>71 000 Sarajevo<br \/><strong>T:<\/strong> +387 (0)33 218 872<br \/><strong>E:<\/strong> <a href=\"mailto:sarajevo@alarmautomatika.com\">sarajevo@alarmautomatika.com<\/a><\/p>\n<p>[\/et_pb_map_pin][et_pb_map_pin title=&#8221;Sofija&#8221; pin_address=&#8221;ulitsa %22Prof. Aleksandar Tanev%22, Sofia, Bulgaria&#8221; pin_address_lat=&#8221;42.6273189&#8243; pin_address_lng=&#8221;23.3838731&#8243; _builder_version=&#8221;4.7.5&#8243; _module_preset=&#8221;default&#8221; global_colors_info=&#8221;{}&#8221;]<\/p>\n<p>\u0443\u043b. &#8220;\u043f\u0440\u043e\u0444. \u0410\u043b\u0435\u043a\u0441\u0430\u043d\u0434\u044a\u0440 \u0422\u0430\u043d\u0435\u0432&#8221;<br \/>1715 \u0436.\u043a. \u041c\u043b\u0430\u0434\u043e\u0441\u0442 4 Sofija<br \/><strong>T:<\/strong> +359 (2) 423 1452<br \/><strong>E:<\/strong> <a href=\"mailto:sofia@alarmautomatika.com\">sofia@alarmautomatika.com<\/a><\/p>\n<p>[\/et_pb_map_pin][et_pb_map_pin title=&#8221;Zadar&#8221; pin_address=&#8221;Ul. Bra\u0107e Miroslava i Janka Perice 19, 23000, Zadar, Croatia&#8221; pin_address_lat=&#8221;44.102241&#8243; pin_address_lng=&#8221;15.249642&#8243; _builder_version=&#8221;4.21.0&#8243; _module_preset=&#8221;default&#8221; global_colors_info=&#8221;{}&#8221;]<\/p>\n<p>Bra\u0107e Miroslava i Janka Perice 19<br \/>23000 Zadar<br \/><strong>T:<\/strong> +385 (0)23 629 218<br \/><strong>E:<\/strong> <a href=\"mailto:zadar@alarmautomatika.com\">zadar@alarmautomatika.com<\/a><\/p>\n<p>[\/et_pb_map_pin][et_pb_map_pin title=&#8221;Zagreb&#8221; pin_address=&#8221;Heinzelova ul. 60, 10000, Zagreb, Croatia&#8221; pin_address_lat=&#8221;45.808401&#8243; pin_address_lng=&#8221;16.003818&#8243; _builder_version=&#8221;4.7.5&#8243; _module_preset=&#8221;default&#8221; global_colors_info=&#8221;{}&#8221;]<\/p>\n<p>Heinzelova 60<br \/>10000 Zagreb<\/p>\n<p><strong>Projekti<\/strong><br \/><strong>T:<\/strong> +385 (0)1 4662 750<br \/><strong>E:<\/strong> <a href=\"mailto:projekti@alarmautomatika.com\">projekti@alarmautomatika.com<\/a><\/p>\n<p><strong>Veleprodaja<\/strong><br \/><strong>T:<\/strong> +385 (0)1 369 04 91<br \/><strong>E:<\/strong> <a href=\"mailto:veleprodaja@larmautomatika.com\">veleprodaja@larmautomatika.com<\/a><\/p>\n<p>[\/et_pb_map_pin][et_pb_map_pin title=&#8221;Tirana&#8221; pin_address=&#8221;Rruga Spiro Floqi, Kashar, Albania&#8221; pin_address_lat=&#8221;41.3293195&#8243; pin_address_lng=&#8221;19.7802936&#8243; _builder_version=&#8221;4.9.4&#8243; _module_preset=&#8221;default&#8221; global_colors_info=&#8221;{}&#8221;]<\/p>\n<p>Rruga Spiro Floqi<br \/>KOMPLEKSI &#8220;MOLLA&#8221;<br \/>NJESIA ADMINISTRATIVE 14<br \/>1001 Tirana<br \/><strong>T:<\/strong> +355 67 6067 000<br \/><strong>E:<\/strong> <a href=\"mailto:tirana@alarmautomatika.com\">tirana@alarmautomatika.com<\/a><\/p>\n<p>[\/et_pb_map_pin][\/et_pb_map][et_pb_text _builder_version=&#8221;4.16&#8243; _module_preset=&#8221;default&#8221; header_2_text_align=&#8221;left&#8221; header_2_font_size=&#8221;30px&#8221; header_2_line_height=&#8221;1.2em&#8221; header_3_font_size=&#8221;25px&#8221; header_font_size_tablet=&#8221;48px&#8221; header_font_size_phone=&#8221;&#8221; header_font_size_last_edited=&#8221;on|tablet&#8221; header_2_font_size_tablet=&#8221;&#8221; header_2_font_size_phone=&#8221;25px&#8221; header_2_font_size_last_edited=&#8221;on|phone&#8221; global_colors_info=&#8221;{}&#8221;]<\/p>\n<p>Kroz <strong>vi\u0161e od 30 godina rada<\/strong> Alarm automatika poslovanje razvija <strong>u 11 zemalja regije<\/strong>. O potrebama oko <strong>2.000 stalnih klijenta<\/strong> brine <strong>vi\u0161e od 150 zaposlenika<\/strong>. Ponuda obuhvata proizvode <strong>vi\u0161e od 200 proizvo\u0111a\u010da<\/strong> globalno, a kontinuirano se razvijaju i <strong>vlastiti brendovi<\/strong>, karakteristikama prilago\u0111eni regionalnom tr\u017ei\u0161tu.<\/p>\n<p>[\/et_pb_text][et_pb_video src=&#8221;https:\/\/www.youtube.com\/watch?v=SHnkE67Wsz0&#8243; image_src=&#8221;\/\/i.ytimg.com\/vi\/SHnkE67Wsz0\/hqdefault.jpg&#8221; thumbnail_overlay_color=&#8221;rgba(0,0,0,0.6)&#8221; _builder_version=&#8221;4.16&#8243; _module_preset=&#8221;default&#8221; width=&#8221;80%&#8221; module_alignment=&#8221;center&#8221; global_colors_info=&#8221;{}&#8221; src__hover_enabled=&#8221;off|desktop&#8221;][\/et_pb_video][et_pb_text _builder_version=&#8221;4.16&#8243; _module_preset=&#8221;default&#8221; header_2_text_align=&#8221;left&#8221; header_2_font_size=&#8221;30px&#8221; header_2_line_height=&#8221;1.2em&#8221; header_3_font_size=&#8221;25px&#8221; header_font_size_tablet=&#8221;48px&#8221; header_font_size_phone=&#8221;&#8221; header_font_size_last_edited=&#8221;on|tablet&#8221; header_2_font_size_tablet=&#8221;&#8221; header_2_font_size_phone=&#8221;25px&#8221; header_2_font_size_last_edited=&#8221;on|phone&#8221; global_colors_info=&#8221;{}&#8221;]<\/p>\n<blockquote>\n<h3>Vizija<\/h3>\n<\/blockquote>\n<p>Neprekidnim usvajanjem novih znanja i tehnologija, pra\u0107enjem tr\u017ei\u0161nih trendova i potreba potro\u0161a\u010da te bliskom saradnjom s klijentima i partnerima, graditi sistem odnosa kojem je primarni cilj za\u0161tititi \u017eivote i imovinu, uz pobolj\u0161anje kvalitete \u017eivljenja i poslovanja. Vizija kompanije Alarm automatika je ostvariti vode\u0107u ulogu u industriji tehni\u010dke za\u0161tite ju\u017ene i jugoisto\u010dne Europe.<\/p>\n<blockquote>\n<h3>Misija<\/h3>\n<\/blockquote>\n<p>Misija kompanije je stvoriti ponudu vrijednosti koja obuhvata visoko kvalitetne i inovativne proizvode i usluge te ukupna rje\u0161enja s aspekta individualnih potreba korisnika kako bi klijentima i poslovnim partnerima smanjili rizik, omogu\u0107ili neometano djelovanje i br\u017ei napredak kroz zajedni\u010dku platformu.<\/p>\n<blockquote>\n<h3>Kompetencije<\/h3>\n<\/blockquote>\n<p>Ljudi koji rade u kompaniji Alarm automatika su presudan \u010dimbenik ostvarenih rezultata i vizije daljeg razvoja. Pozicija regionalnog tr\u017ei\u0161nog lidera je izgra\u0111ena kontinuiranim ulaganjem u tehni\u010dke, ekonomske, organizacijske, in\u017eenjerske, informati\u010dke i upravlja\u010dke kompetencije zaposlenih.<\/p>\n<blockquote>\n<h3>Vlastiti R&amp;D<\/h3>\n<\/blockquote>\n<p>Kako bi ponuda kompanije bila maksimalno konkurentna i tehnolo\u0161ki napredna, cjelovita i prilago\u0111ena specifi\u010dnim potrebama korisnika cijeli tim in\u017eenjera neprestano prati nove tehnologije, razvija nove proizvode, usluge i softvere kao i sopstvene robne marke. Za razvijena rje\u0161enja i realizovane projekte kompanija je vi\u0161ekratno nagra\u0111ivana.<\/p>\n<blockquote>\n<h3>Ovla\u0161tenja i certifikati<\/h3>\n<\/blockquote>\n<p>Kako kompanija tako i zaposleni raspola\u017eu svim potrebnim ovla\u0161tenjima s podru\u010dja djelatnosti privatne za\u0161tite, gra\u0111evinarstva i informatike te Sertifikatom poslovne sigurnosti . Posluje se u skladu sa ISO 9001:2015 sertifikatom za upravljanje poslovanjem i ISO 27001 sertifikatom za informacijsku sigurnost. Uspje\u0161nost rada je verifikovana i 3A Sertifikatom bonitetne izvrsnosti tokom vi\u0161e od 15 godina.<\/p>\n<blockquote>\n<h3>Dru\u0161tveno odgovorno poslovanje<\/h3>\n<\/blockquote>\n<p>Va\u017ean dio na\u0161e vizije uspjeha je poslovati na na\u010din da osim ostvarenju vlastitih ciljeva doprinosimo i razvoju \u0161ire zajednice te o\u010duvanju okolIne. Aktivno se uklju\u010dujemo u \u010ditav niz projekata u kojima znanje i materijalne resurse Alarm automatike stavljamo u funkciju sa \u017eeljom stvaranja ugodnijeg i sigurnijeg dru\u0161tva za \u017eivot nas i budu\u0107ih generacija.<\/p>\n<p>[\/et_pb_text][et_pb_text _builder_version=&#8221;4.16&#8243; _module_preset=&#8221;default&#8221; header_2_text_color=&#8221;#ffffff&#8221; header_2_font_size=&#8221;30px&#8221; background_color=&#8221;#00B16A&#8221; custom_padding=&#8221;15px|15px|7px|15px|false|true&#8221; global_colors_info=&#8221;{}&#8221;]<\/p>\n<h2>Politike sistema upravljanja<\/h2>\n<p>[\/et_pb_text][et_pb_text _builder_version=&#8221;4.16&#8243; _module_preset=&#8221;default&#8221; header_2_text_align=&#8221;left&#8221; header_2_font_size=&#8221;30px&#8221; header_2_line_height=&#8221;1.2em&#8221; header_3_font_size=&#8221;25px&#8221; header_font_size_tablet=&#8221;48px&#8221; header_font_size_phone=&#8221;&#8221; header_font_size_last_edited=&#8221;on|tablet&#8221; header_2_font_size_tablet=&#8221;&#8221; header_2_font_size_phone=&#8221;25px&#8221; header_2_font_size_last_edited=&#8221;on|phone&#8221; global_colors_info=&#8221;{}&#8221;]<\/p>\n<blockquote>\n<h3>Politika kvalitete<\/h3>\n<\/blockquote>\n<p>Primjenom norme ISO 9001:2015, Sistema upravljanja kvalitetom, kompanija odredila politiku upravljanja kvalitetom i to na slijede\u0107e na\u010dine:<\/p>\n<ul>\n<li>njegovati i izgra\u0111ivati partnerski odnos sa kupcima<\/li>\n<li>zapo\u0161ljavati stru\u010dno i ambiciozno osoblje, te omogu\u0107avati i podsticati kontinuirano usavr\u0161avanje<\/li>\n<li>pribavljati najsavremeniju opremu, i odr\u017eavati infrastrukturu i okru\u017eenje za ugodan rad<\/li>\n<li>njegovati i razvijati partnerske odnose s dobavlja\u010dima<\/li>\n<li>primjenjivati i pobolj\u0161avati djelotvornost sistema upravljanja kvalitetom temeljenog na zahtjevima ove me\u0111unarodne norme i te\u017eiti prevazila\u017eenju razine tih zahtjeva<\/li>\n<li>postavljati si ambiciozne, mjerljive i ostvarive ciljeve kvalitete.<\/li>\n<\/ul>\n<blockquote>\n<h3>Politika za\u0161tite okoli\u0161a<\/h3>\n<\/blockquote>\n<p>Primjenom norme ISO 14001:2015, Sistema upravljanja za\u0161titom okoline, dru\u0161tvo demonstrira svoju ekolo\u0161ku i dru\u0161tvenu svijest partnerima, zaposlenima i dru\u0161tvu. Dru\u0161tvo je uspostavilo politiku \u017eivotne sredine, prikazuju\u0107i osve\u0107enost za\u0161titi prirode i \u017eivotne sredine, te prevenciji od zaga\u0111enja, na slijede\u0107e na\u010dine:<\/p>\n<ul>\n<li>paziti da uticaji proizvodnih aktivnosti, minimalno i kontrolisano uti\u010du na okoli\u0161 i prirodu<\/li>\n<li>kontinuirano raditi na pobolj\u0161anju za\u0161tite okoli\u0161a i prevenciji od zaga\u0111enja<\/li>\n<li>po\u0161tovati zakonodastvo koje se odnosi na za\u0161titu \u017eivotne sredine<\/li>\n<li>uspostaviti i pobolj\u0161avati ciljeve za\u0161tite \u017eivotne sredine<\/li>\n<li>dokumentovati, implementirati i odr\u017eavati sistem za\u0161tite \u017eivotne sredine<\/li>\n<li>upoznati organizaciju sa svrhom i potrebom za za\u0161titom \u017eivotne sredine.<\/li>\n<\/ul>\n<blockquote>\n<h3>Politika upravljanja zdravljem i sigurno\u0161\u0107u na radu<\/h3>\n<\/blockquote>\n<p>Dru\u0161tvo podr\u017eava proces upravljanja za\u0161titom zdravlja i sigurnosti na radu kao sastavni dio poslovne kulture dru\u0161tva, poslovne prakse i dobrog upravljanja \u010dime se ostvaruju bolji poslovni rezultati, a ja\u010da odgovornost uprave.<\/p>\n<p>Dru\u0161tvo osigurava okvire za postavljanje ciljeva za\u0161tite zdravlja i sigurnosti na radu kroz osiguranje potrebnih ljudskih, materijalnih i financijskih resursa te pribavlja potrebne vremenske okvire i znanja za ostvarenje postavljenih poslovnih ciljeva. Dru\u0161tvo je:<\/p>\n<ul>\n<li>posve\u0107eno ispunjavanju svih zakonskih i regulatornih zahtjeva te zahtjeva koji se ti\u010du specifi\u010dnog ind. sektora.<\/li>\n<li>posve\u0107eno upravljanju rizicima u obliku pravovremenog prepoznavanja rizika vezanih za sigurnost na radu te sprovo\u0111enje obrada rizika radi uklanjanja ili smanjivanja istih.<\/li>\n<li>posve\u0107eno osiguravanju sigurnih radnih uslova za sprje\u010davanje radnih povreda i\/ili bolesti uzimaju\u0107i u obzir kontekst dru\u0161tva i specifi\u010dnu prirodu rizika i mogu\u0107ih prilika.<\/li>\n<li>posve\u0107eno kontinuiranim pobolj\u0161anjima sistema upravljanja kroz prikladno i blagovremeno pobolj\u0161avanje dokumentacijei komunikacije promjena svim relevantnim stranama.<\/li>\n<\/ul>\n<p>Dru\u0161tvo je otvoreno za saradnju i savjetovanje sa radnicima i poti\u010de u\u010destvovanje radnika i\/ili njihovih predstavnika u svim pitanjima koja se ti\u010du radnih uslova te za\u0161tite zdravlja i sigurnosti na radu.<\/p>\n<p>[\/et_pb_text][\/et_pb_column][et_pb_column type=&#8221;1_4&#8243; _builder_version=&#8221;4.16&#8243; _module_preset=&#8221;default&#8221; custom_padding_tablet=&#8221;&#8221; custom_padding_phone=&#8221;&#8221; custom_padding_last_edited=&#8221;on|phone&#8221; global_colors_info=&#8221;{}&#8221;][et_pb_cta title=&#8221;Ponuda vrijednosti&#8221; button_url=&#8221;@ET-DC@eyJkeW5hbWljIjp0cnVlLCJjb250ZW50IjoicG9zdF9saW5rX3VybF9wYWdlIiwic2V0dGluZ3MiOnsicG9zdF9pZCI6IjIifX0=@&#8221; button_text=&#8221;Saznajte vi\u0161e&#8221; _builder_version=&#8221;4.16&#8243; _dynamic_attributes=&#8221;button_url&#8221; _module_preset=&#8221;default&#8221; header_level=&#8221;h4&#8243; header_text_color=&#8221;#2E2E2E&#8221; header_line_height=&#8221;1.5em&#8221; use_background_color=&#8221;off&#8221; custom_button=&#8221;on&#8221; button_text_size=&#8221;14px&#8221; button_bg_color=&#8221;#2E2E2E&#8221; button_font=&#8221;|600|||||||&#8221; button_use_icon=&#8221;off&#8221; button_custom_padding=&#8221;14px|30px|14px|30px|true|true&#8221; custom_padding=&#8221;0px||0px||true|false&#8221; border_color_all=&#8221;rgba(0,0,0,0)&#8221; global_colors_info=&#8221;{}&#8221; button_bg_color__hover_enabled=&#8221;on|desktop&#8221; button_bg_enable_color__hover=&#8221;on&#8221; button_bg_color__hover=&#8221;#2E2E2E&#8221;]<\/p>\n<p><img loading=\"lazy\" decoding=\"async\" class=\"wp-image-347 aligncenter size-full\" src=\"https:\/\/www.alarmautomatika.com\/wp-content\/uploads\/2020\/08\/idea-solution-menu-logo.png\" alt=\"\" width=\"113\" height=\"50\" \/> <img loading=\"lazy\" decoding=\"async\" class=\"wp-image-346 aligncenter size-full\" src=\"https:\/\/www.alarmautomatika.com\/wp-content\/uploads\/2020\/08\/idea-project-menu-logo.png\" alt=\"\" width=\"113\" height=\"50\" \/> <img loading=\"lazy\" decoding=\"async\" class=\"wp-image-344 aligncenter size-full\" src=\"https:\/\/www.alarmautomatika.com\/wp-content\/uploads\/2020\/08\/idea-classic-menu-logo.png\" alt=\"\" width=\"113\" height=\"50\" \/> <img loading=\"lazy\" decoding=\"async\" class=\"wp-image-345 aligncenter size-full\" src=\"https:\/\/www.alarmautomatika.com\/wp-content\/uploads\/2020\/08\/idea-express-menu-logo.png\" alt=\"\" width=\"113\" height=\"50\" \/><\/p>\n<p>[\/et_pb_cta][et_pb_cta button_url=&#8221;https:\/\/drive.google.com\/file\/d\/1HZqocpTA1HZU7nnc5HPyKZOutBEzmKxo\/view?usp=sharing&#8221; url_new_window=&#8221;on&#8221; button_text=&#8221;Preuzmite profil tvrtke&#8221; _builder_version=&#8221;4.16&#8243; _module_preset=&#8221;default&#8221; header_font_size=&#8221;22px&#8221; body_font_size=&#8221;14px&#8221; use_background_color_gradient=&#8221;on&#8221; background_color_gradient_stops=&#8221;#000000 0%|#604949 100%&#8221; background_color_gradient_start=&#8221;#000000&#8243; background_color_gradient_end=&#8221;#604949&#8243; background_image=&#8221;https:\/\/www.alarmautomatika.com\/wp-content\/uploads\/2020\/12\/company-profil-bcg-1.jpg&#8221; custom_button=&#8221;on&#8221; button_text_size=&#8221;14px&#8221; button_font=&#8221;|600|||||||&#8221; button_use_icon=&#8221;off&#8221; button_alignment=&#8221;center&#8221; button_custom_margin=&#8221;120px||||false|false&#8221; button_custom_padding=&#8221;14px|24px|14px|24px|true|true&#8221; text_orientation=&#8221;left&#8221; module_alignment=&#8221;center&#8221; min_height=&#8221;250px&#8221; custom_padding=&#8221;20px|20px|20px|20px|true|true&#8221; background_color_gradient_stops_tablet=&#8221;#000000 0%|#604949 100%&#8221; background_color_gradient_stops_phone=&#8221;#000000 0%|#604949 100%&#8221; global_module=&#8221;2564&#8243; global_colors_info=&#8221;{}&#8221;][\/et_pb_cta][\/et_pb_column][\/et_pb_row][\/et_pb_section]<\/p>\n","protected":false},"excerpt":{"rendered":"<p>Regionalni lider u industriji tehni\u010dke za\u0161titeZarija Vujo\u0161evi\u0107a 811 070 Beograd (Novi Beograd)T: +381 (0)11 398 1482E: beograd@alarmautomatika.comStuden\u00e1 5821 04 BratislavaE: bratislava@alarmautomatika.comFiv\u00e9r utca 8\/B1131 Budimpe\u0161taT: +36 (0)1 615 0087E: budapest@alarmautomatika.comStrada Zece Mese nr. 9, sector 2024061 BucurestiT: +40 (0)31 426 0355E: bucharest@alarmautomatika.comLetali\u0161ka cesta 321000 LjubljanaT: +386 (0)8 205 3710E: ljubljana@alarmautomatika.com\u0110oka Mira\u0161evi\u0107a 10681 000 PodgoricaT: +382 (0)20 [&hellip;]<\/p>\n","protected":false},"author":15,"featured_media":0,"parent":0,"menu_order":0,"comment_status":"closed","ping_status":"closed","template":"","meta":{"_et_pb_use_builder":"on","_et_pb_old_content":"","_et_gb_content_width":"","footnotes":""},"class_list":["post-4470","page","type-page","status-publish","hentry"],"_links":{"self":[{"href":"https:\/\/www.alarmautomatika.com\/me\/wp-json\/wp\/v2\/pages\/4470","targetHints":{"allow":["GET"]}}],"collection":[{"href":"https:\/\/www.alarmautomatika.com\/me\/wp-json\/wp\/v2\/pages"}],"about":[{"href":"https:\/\/www.alarmautomatika.com\/me\/wp-json\/wp\/v2\/types\/page"}],"author":[{"embeddable":true,"href":"https:\/\/www.alarmautomatika.com\/me\/wp-json\/wp\/v2\/users\/15"}],"replies":[{"embeddable":true,"href":"https:\/\/www.alarmautomatika.com\/me\/wp-json\/wp\/v2\/comments?post=4470"}],"version-history":[{"count":2,"href":"https:\/\/www.alarmautomatika.com\/me\/wp-json\/wp\/v2\/pages\/4470\/revisions"}],"predecessor-version":[{"id":56094,"href":"https:\/\/www.alarmautomatika.com\/me\/wp-json\/wp\/v2\/pages\/4470\/revisions\/56094"}],"wp:attachment":[{"href":"https:\/\/www.alarmautomatika.com\/me\/wp-json\/wp\/v2\/media?parent=4470"}],"curies":[{"name":"wp","href":"https:\/\/api.w.org\/{rel}","templated":true}]}}