{"id":58116,"date":"2025-09-02T12:32:25","date_gmt":"2025-09-02T10:32:25","guid":{"rendered":"https:\/\/www.alarmautomatika.com\/alarm-automatika-na-adria-security-summitu-na-talasu-sigurnosti\/"},"modified":"2025-09-18T13:54:09","modified_gmt":"2025-09-18T11:54:09","slug":"alarm-automatika-na-adria-security-summitu-na-talasu-sigurnosti","status":"publish","type":"page","link":"https:\/\/www.alarmautomatika.com\/me\/alarm-automatika-na-adria-security-summitu-na-talasu-sigurnosti\/","title":{"rendered":"Alarm automatika na Adria Security Summitu \u2013 Na talasu sigurnosti"},"content":{"rendered":"<p>[et_pb_section fb_built=&#8221;1&#8243; _builder_version=&#8221;4.27.4&#8243; _module_preset=&#8221;default&#8221; global_colors_info=&#8221;{}&#8221;][et_pb_row _builder_version=&#8221;4.27.4&#8243; _module_preset=&#8221;default&#8221; global_colors_info=&#8221;{}&#8221;][et_pb_column type=&#8221;4_4&#8243; _builder_version=&#8221;4.27.4&#8243; _module_preset=&#8221;default&#8221; global_colors_info=&#8221;{}&#8221;][et_pb_text _builder_version=&#8221;4.27.4&#8243; _module_preset=&#8221;default&#8221; global_colors_info=&#8221;{}&#8221;]<\/p>\n<blockquote>\n<h1>Alarm automatika na Adria Security Summitu \u2013 Na talasu sigurnosti<\/h1>\n<\/blockquote>\n<p>[\/et_pb_text][et_pb_image src=&#8221;https:\/\/www.alarmautomatika.com\/wp-content\/uploads\/2025\/09\/ASS_2025_Main-Banner-ME.jpg&#8221; title_text=&#8221;ASS_2025_Main-Banner-HR&#8221; align=&#8221;center&#8221; _builder_version=&#8221;4.27.4&#8243; _module_preset=&#8221;default&#8221; global_colors_info=&#8221;{}&#8221;][\/et_pb_image][et_pb_text _builder_version=&#8221;4.27.4&#8243; _module_preset=&#8221;default&#8221; global_colors_info=&#8221;{}&#8221;]<\/p>\n<p>Alarm automatika je i ove godine partner i dijamantni sponzor najve\u0107eg regionalnog doga\u0111aja za\u0161titarske industrije \u2013 Adria Security Summita 2025.<\/p>\n<p><\/p>\n<p>Vi\u0161e od 35 godina plovimo zajedno sa svojim pouzdanim partnerima <strong>na talasu sigurnosti<\/strong> uz \u010diju podr\u0161ku i ove godine predstavljamo niz inovativnih i pouzdanih safety i security rje\u0161enja za\u0161tite za sve u\u010desnike procesa za\u0161tite \u2013 instalatere, dojavne centre, projektante i krajnje korisnike.<\/p>\n<p><\/p>\n<p>Posjetite izlo\u017ebeni prostor Alarm automatike i prezentacije kroz koje \u0107e na Summitu biti predstavljena na\u0161a safety i security rje\u0161enja!<\/p>\n<p><\/p>\n<blockquote>\n<h2>Uvodno predavanje &#8211; Trendovi u safety i security rje\u0161enjima<\/h2>\n<\/blockquote>\n<p><\/p>\n<blockquote>\n<h5>8.10.2025., 10:50 -11:10, Glavna konferencijska dvorana<\/h5>\n<\/blockquote>\n<p>[\/et_pb_text][et_pb_team_member name=&#8221;Boris Popovi\u0107, MBA, CEO i Tijana Kocevska, dipl. ing. el., Izvr\u0161ni direktor, Alarm automatika d.o.o.&#8221; image_url=&#8221;https:\/\/www.alarmautomatika.com\/wp-content\/uploads\/2025\/09\/2025-09_ASS_Boris_i_Tijana.png&#8221; _builder_version=&#8221;4.27.4&#8243; _module_preset=&#8221;default&#8221; global_colors_info=&#8221;{}&#8221;]<\/p>\n<p>Ubrzani razvoj tehnologije omogu\u0107io je profesionalcima u safety i security industriji visoku razinu kreativnosti u svakodnevnom poslu osmi\u0161ljavanja rje\u0161enja za\u0161tite za svoje klijente. Interoperabilnosti svih tehni\u010dkih sistema na objektu je zna\u010dajno pove\u0107ana, a za posljedicu ima nepregledne mogu\u0107nosti pro\u0161irenja podru\u010dja primjene sistema tehni\u010dke za\u0161tite na sferu upravljanja poslovanjem, primjerice potro\u0161njom energenata i vode, prodajom ulaznica, parkingom ili prometom. Broj primjera iz prakse dokazuje da se elementi sustava koji se uobi\u010dajeno koriste u svrhu tehni\u010dke za\u0161tite mogu koristiti za puno vi\u0161e od svoje prvobitne namjene.<\/p>\n<p>[\/et_pb_team_member][et_pb_text _builder_version=&#8221;4.27.4&#8243; _module_preset=&#8221;default&#8221; global_colors_info=&#8221;{}&#8221;]<\/p>\n<blockquote>\n<h2>Stru\u010dno predavanje Za\u0161tita od po\u017eara \u2013 regulativa i tehni\u010dki aspekti<\/h2>\n<\/blockquote>\n<p><\/p>\n<blockquote>\n<h5>8.10.2025., 14:30 do 17:15, Glavna konferencijska dvorana<\/h5>\n<p><strong>Za projektante, ispitiva\u010de i sistem integratore safety sistema<\/strong><\/p>\n<\/blockquote>\n<p>[\/et_pb_text][et_pb_team_member name=&#8221;Vedran Mihaljevi\u0107, ing. el., razvojni in\u017eenjer i Renata Don\u010devi\u0107, mag. ing. el., \u010dlan Uprave za projektno poslovanje&#8221; image_url=&#8221;https:\/\/www.alarmautomatika.com\/wp-content\/uploads\/2025\/09\/2025-09_ASS_Vedran_i_Renata.png&#8221; _builder_version=&#8221;4.27.4&#8243; _module_preset=&#8221;default&#8221; global_colors_info=&#8221;{}&#8221;]<\/p>\n<p>Mjere za\u0161tite od po\u017eara zadiru u razli\u010dite sfere gra\u0111enja i kori\u0161tenja objekata. Uz gra\u0111evinske i organizacijske mjere, za\u0161tita od po\u017eara obuhvata i razne elektronske sisteme kojima je svrha osigurati ranu detekciju po\u017eara, njegovu brzu signalizaciju ljudima koji se nalaze u po\u017earom zahva\u0107enom prostoru i vatrogasnoj slu\u017ebi te sigurnu evakuaciju ljudi.<\/p>\n<p><\/p>\n<p>Na predavanju \u0107e biti rije\u010di o bitnim aspektima uspostave mjera za\u0161tite od po\u017eara &#8211; propisima kojima se ona reguli\u0161e te tehni\u010dkim aspektima va\u017enim za pravilan odabir opreme i rje\u0161enja.<\/p>\n<p>[\/et_pb_team_member][et_pb_button button_url=&#8221;https:\/\/www.alarmautomatika.com\/hr\/strucno-predavanje-zastita-od-pozara-regulativa-i-tehnicki-aspekti\/&#8221; url_new_window=&#8221;on&#8221; button_text=&#8221;Vi\u0161e informacija!&#8221; button_alignment=&#8221;center&#8221; disabled_on=&#8221;off|off|off&#8221; _builder_version=&#8221;4.27.4&#8243; _module_preset=&#8221;default&#8221; custom_button=&#8221;on&#8221; button_text_size=&#8221;14px&#8221; button_font=&#8221;|600|||||||&#8221; button_use_icon=&#8221;off&#8221; custom_padding=&#8221;14px|53px|14px|53px|true|true&#8221; global_colors_info=&#8221;{}&#8221;][\/et_pb_button][et_pb_text _builder_version=&#8221;4.27.4&#8243; _module_preset=&#8221;default&#8221; global_colors_info=&#8221;{}&#8221;]<\/p>\n<p>Najavite svoj dolazak na predavanje i osigurajte vlastiti primjerak <strong><a href=\"https:\/\/www.alarmautomatika.com\/hr\/projektiranje-integriranog-rjesenja-zastite-od-pozara\/\">Priru\u010dnika za projektiranje integriranih sustava za za\u0161titu od po\u017eara<\/a><\/strong>!<\/p>\n<p>[\/et_pb_text][et_pb_button button_url=&#8221;https:\/\/forms.office.com\/e\/wtVuxXfVNg&#8221; url_new_window=&#8221;on&#8221; button_text=&#8221;Najavite svoj dolazak&#8221; button_alignment=&#8221;center&#8221; disabled_on=&#8221;off|off|off&#8221; _builder_version=&#8221;4.27.4&#8243; _module_preset=&#8221;default&#8221; custom_button=&#8221;on&#8221; button_text_size=&#8221;14px&#8221; button_font=&#8221;|600|||||||&#8221; button_use_icon=&#8221;off&#8221; custom_padding=&#8221;14px|53px|14px|53px|true|true&#8221; global_colors_info=&#8221;{}&#8221;][\/et_pb_button][et_pb_text _builder_version=&#8221;4.27.4&#8243; _module_preset=&#8221;default&#8221; global_colors_info=&#8221;{}&#8221;]<\/p>\n<blockquote>\n<h2>Panel rasprava Za\u0161tita od po\u017eara\u00a0 &#8211; propisi i njihova primjena<\/h2>\n<\/blockquote>\n<p><\/p>\n<blockquote>\n<h5>8.10.2025., 17:15 \u2013 18:00, Glavna konferencijska dvorana<\/h5>\n<\/blockquote>\n<p><\/p>\n<p>Primjena mjera za\u0161tite od po\u017eara je u svim zemljama regiona regulisana posebnim propisima te podlo\u017ena inspekcijskom nadzoru. Na panel raspravi <strong>Za\u0161tita od po\u017eara\u00a0 &#8211; propisi i njihova primjena<\/strong> prvenstveno \u0107e biti rije\u010di o primjeni va\u017ee\u0107ih propisa (zakona i pravilnika) i tehni\u010dkih normi, efektu pojedinih odredbi na protupo\u017earnu sigurnost te potrebama za osuvremenjivanjem propisa.<\/p>\n<p><\/p>\n<p>Panel rasprava \u010dini cjelinu sa stru\u010dnim predavanje <strong>Za\u0161tita od po\u017eara \u2013 propisi i tehni\u010dki aspekti<\/strong> nakon kojeg \u0107e biti odr\u017eana. Panelisti \u0107e biti predstavnici razli\u010ditih tijela zadu\u017eenih za provedbu i nadzor protupo\u017earne za\u0161tite &#8211; Ministarstva unutarnjih poslova Makedonije, Ministarstva unutarnjih poslova Hrvatske, Komore ovla\u0161tenih arhitekata i ovla\u0161tenih in\u017eenjera Makedonije i Komore za tehni\u010dko i privatno obezbje\u0111enje Makedonije.<\/p>\n<p>[\/et_pb_text][et_pb_text _builder_version=&#8221;4.27.4&#8243; _module_preset=&#8221;default&#8221; hover_enabled=&#8221;0&#8243; global_colors_info=&#8221;{}&#8221; sticky_enabled=&#8221;0&#8243;]<\/p>\n<blockquote>\n<h2>Prezentacija Nova rje\u0161enja za profesionalce u tehni\u010dkoj za\u0161titi<\/h2>\n<\/blockquote>\n<p><\/p>\n<blockquote>\n<h5>9.10.2025., 11:00 \u2013 12:00, dvorana James Bond<\/h5>\n<p><strong>Za instalatere i dojavne centre<\/strong><\/p>\n<\/blockquote>\n<p>[\/et_pb_text][et_pb_image src=&#8221;https:\/\/www.alarmautomatika.com\/wp-content\/uploads\/2025\/09\/DVC-AJAX-Ruijie-1920&#215;225-1.jpg&#8221; title_text=&#8221;DVC-AJAX-Ruijie-1920&#215;225&#8243; align=&#8221;center&#8221; _builder_version=&#8221;4.27.4&#8243; _module_preset=&#8221;default&#8221; width=&#8221;80%&#8221; global_colors_info=&#8221;{}&#8221;][\/et_pb_image][et_pb_text _builder_version=&#8221;4.27.4&#8243; _module_preset=&#8221;default&#8221; global_colors_info=&#8221;{}&#8221;]<\/p>\n<p>Profesionalci u tehni\u010dkoj za\u0161titi, instalateri i dojavni centri, su u stalnoj potrazi za novitetima koji \u0107e im omogu\u0107iti da svojim korisnicima ponude inovativna, skalabilna i pouzdana rje\u0161enja za\u0161tite.<\/p>\n<p><\/p>\n<p>Na prezentaciji <strong>Nova rje\u0161enja za profesionalce u tehni\u010dkoj za\u0161titi<\/strong> bit \u0107e predstavljena upravo takva rje\u0161enja dostupna u ponudi Alarm automatike. Rje\u0161enja se baziraju na opremi renomiranih proizvo\u0111a\u010da koja se mo\u017ee prilagoditi zahtjevima razli\u010ditih aplikacija, omogu\u0107ava jednostavno upravljanje i ugradnju, brz daljinski pristup ure\u0111ajima i sistemima u funkciji nadzora i odr\u017eavanja te cjenovnu isplativost.<\/p>\n<p>[\/et_pb_text][et_pb_button button_url=&#8221;https:\/\/forms.office.com\/e\/wtVuxXfVNg&#8221; url_new_window=&#8221;on&#8221; button_text=&#8221;Najavite svoj dolazak na prezentaciju!&#8221; button_alignment=&#8221;center&#8221; disabled_on=&#8221;off|off|off&#8221; _builder_version=&#8221;4.27.4&#8243; _module_preset=&#8221;default&#8221; custom_button=&#8221;on&#8221; button_text_size=&#8221;14px&#8221; button_font=&#8221;|600|||||||&#8221; button_use_icon=&#8221;off&#8221; custom_padding=&#8221;14px|53px|14px|53px|true|true&#8221; global_colors_info=&#8221;{}&#8221;][\/et_pb_button][et_pb_text _builder_version=&#8221;4.27.4&#8243; _module_preset=&#8221;default&#8221; hover_enabled=&#8221;0&#8243; global_colors_info=&#8221;{}&#8221; sticky_enabled=&#8221;0&#8243;]<\/p>\n<blockquote>\n<h2>Izlo\u017eba<\/h2>\n<\/blockquote>\n<p><\/p>\n<p>Na izlo\u017ebenom prostoru predstavit \u0107emo vlastite novitete u ponudi te novitete dugogodi\u0161njih pouzdanih partnera Alarm automatike.<\/p>\n<p>[\/et_pb_text][et_pb_image src=&#8221;https:\/\/www.alarmautomatika.com\/wp-content\/uploads\/2025\/09\/logotipi-ASS-2025-landing-600px-final.jpg&#8221; title_text=&#8221;logotipi-ASS-2025-landing-600px-final&#8221; align=&#8221;center&#8221; _builder_version=&#8221;4.27.4&#8243; _module_preset=&#8221;default&#8221; global_colors_info=&#8221;{}&#8221;][\/et_pb_image][et_pb_text _builder_version=&#8221;4.27.4&#8243; _module_preset=&#8221;default&#8221; global_colors_info=&#8221;{}&#8221;]<\/p>\n<p><a href=\"https:\/\/adriasecuritysummit.com\/\" target=\"_blank\" rel=\"noopener\"><strong>Adria Security Summit 2025.<\/strong><\/a><strong> se odr\u017eava 8. i 9.10.2025., <\/strong><a href=\"https:\/\/aleksandarpalace.com.mk\/\" target=\"_blank\" rel=\"noopener\"><strong>Hotel Aleksandar Palace<\/strong><\/a><strong>, Blvd. 8th September No. 15, Skopje<\/strong><\/p>\n<p><\/p>\n<p><strong>Ulazak na Summit je besplatan uz prethodnu registraciju na slu\u017ebenim stranicama organizatora. <\/strong><a href=\"https:\/\/drive.google.com\/file\/d\/1WMv--D0HdsOPg5p4rupYAyt-m4Z-LZx0\/view?usp=sharing\" target=\"_blank\" rel=\"noopener\"><strong>Upute za registraciju nalaze se ov<\/strong><strong>dje<\/strong><\/a><strong>! <\/strong><\/p>\n<p>[\/et_pb_text][\/et_pb_column][\/et_pb_row][\/et_pb_section]<\/p>\n","protected":false},"excerpt":{"rendered":"<p>Alarm automatika na Adria Security Summitu \u2013 Na talasu sigurnosti Alarm automatika je i ove godine partner i dijamantni sponzor najve\u0107eg regionalnog doga\u0111aja za\u0161titarske industrije \u2013 Adria Security Summita 2025.Vi\u0161e od 35 godina plovimo zajedno sa svojim pouzdanim partnerima na talasu sigurnosti uz \u010diju podr\u0161ku i ove godine predstavljamo niz inovativnih i pouzdanih safety i [&hellip;]<\/p>\n","protected":false},"author":14,"featured_media":0,"parent":0,"menu_order":0,"comment_status":"closed","ping_status":"closed","template":"","meta":{"_et_pb_use_builder":"on","_et_pb_old_content":"","_et_gb_content_width":"","footnotes":""},"class_list":["post-58116","page","type-page","status-publish","hentry"],"_links":{"self":[{"href":"https:\/\/www.alarmautomatika.com\/me\/wp-json\/wp\/v2\/pages\/58116","targetHints":{"allow":["GET"]}}],"collection":[{"href":"https:\/\/www.alarmautomatika.com\/me\/wp-json\/wp\/v2\/pages"}],"about":[{"href":"https:\/\/www.alarmautomatika.com\/me\/wp-json\/wp\/v2\/types\/page"}],"author":[{"embeddable":true,"href":"https:\/\/www.alarmautomatika.com\/me\/wp-json\/wp\/v2\/users\/14"}],"replies":[{"embeddable":true,"href":"https:\/\/www.alarmautomatika.com\/me\/wp-json\/wp\/v2\/comments?post=58116"}],"version-history":[{"count":2,"href":"https:\/\/www.alarmautomatika.com\/me\/wp-json\/wp\/v2\/pages\/58116\/revisions"}],"predecessor-version":[{"id":58395,"href":"https:\/\/www.alarmautomatika.com\/me\/wp-json\/wp\/v2\/pages\/58116\/revisions\/58395"}],"wp:attachment":[{"href":"https:\/\/www.alarmautomatika.com\/me\/wp-json\/wp\/v2\/media?parent=58116"}],"curies":[{"name":"wp","href":"https:\/\/api.w.org\/{rel}","templated":true}]}}