{"id":59842,"date":"2026-04-28T08:43:36","date_gmt":"2026-04-28T06:43:36","guid":{"rendered":"https:\/\/www.alarmautomatika.com\/idea-solution-jedinstven-i-cjelovit-pametni-nadzor\/"},"modified":"2026-04-28T10:10:17","modified_gmt":"2026-04-28T08:10:17","slug":"idea-solution-jedinstven-i-cjelovit-pametni-nadzor","status":"publish","type":"page","link":"https:\/\/www.alarmautomatika.com\/me\/idea-solution-jedinstven-i-cjelovit-pametni-nadzor\/","title":{"rendered":"iDEA Solution &#8211; jedinstven i cjelovit pametni nadzor"},"content":{"rendered":"<p>[et_pb_section fb_built=&#8221;1&#8243; _builder_version=&#8221;4.27.6&#8243; _module_preset=&#8221;default&#8221; background_image=&#8221;https:\/\/www.alarmautomatika.com\/wp-content\/uploads\/2020\/09\/idea-rjesenja.jpg&#8221; background_size=&#8221;initial&#8221; background_position=&#8221;top_center&#8221; global_colors_info=&#8221;{}&#8221;][et_pb_row _builder_version=&#8221;4.16&#8243; _module_preset=&#8221;default&#8221; width=&#8221;95%&#8221; global_colors_info=&#8221;{}&#8221;][et_pb_column type=&#8221;4_4&#8243; _builder_version=&#8221;4.16&#8243; _module_preset=&#8221;default&#8221; global_colors_info=&#8221;{}&#8221;][et_pb_text _builder_version=&#8221;4.16&#8243; _dynamic_attributes=&#8221;content&#8221; _module_preset=&#8221;default&#8221; text_font=&#8221;|600|||||||&#8221; text_text_color=&#8221;#ffffff&#8221; text_font_size=&#8221;48px&#8221; text_line_height=&#8221;1.2em&#8221; header_font=&#8221;||||||||&#8221; custom_padding=&#8221;80px|50px||50px|false|true&#8221; text_font_size_tablet=&#8221;40px&#8221; text_font_size_phone=&#8221;32px&#8221; text_font_size_last_edited=&#8221;on|desktop&#8221; text_line_height_tablet=&#8221;&#8221; text_line_height_phone=&#8221;&#8221; text_line_height_last_edited=&#8221;on|phone&#8221; header_font_tablet=&#8221;&#8221; header_font_phone=&#8221;&#8221; header_font_last_edited=&#8221;on|phone&#8221; header_font_size_tablet=&#8221;&#8221; header_font_size_phone=&#8221;&#8221; header_font_size_last_edited=&#8221;on|phone&#8221; header_line_height_tablet=&#8221;&#8221; header_line_height_phone=&#8221;&#8221; header_line_height_last_edited=&#8221;on|desktop&#8221; global_colors_info=&#8221;{}&#8221;]@ET-DC@eyJkeW5hbWljIjp0cnVlLCJjb250ZW50IjoicG9zdF90aXRsZSIsInNldHRpbmdzIjp7ImJlZm9yZSI6IiIsImFmdGVyIjoiIn19@[\/et_pb_text][\/et_pb_column][\/et_pb_row][et_pb_row _builder_version=&#8221;4.16&#8243; _module_preset=&#8221;default&#8221; background_color=&#8221;#ffffff&#8221; width=&#8221;95%&#8221; custom_margin=&#8221;20px||||false|false&#8221; custom_margin_tablet=&#8221;10px||||false|false&#8221; custom_margin_phone=&#8221;10px||||false|false&#8221; custom_margin_last_edited=&#8221;on|desktop&#8221; custom_padding=&#8221;50px|50px|50px|50px|true|true&#8221; box_shadow_style=&#8221;preset2&#8243; global_colors_info=&#8221;{}&#8221;][et_pb_column type=&#8221;4_4&#8243; _builder_version=&#8221;4.16&#8243; _module_preset=&#8221;default&#8221; global_colors_info=&#8221;{}&#8221;][et_pb_toggle title=&#8221;Klijenti&#8221; icon_color=&#8221;#33A44D&#8221; toggle_icon=&#8221;&#x22;||divi||400&#8243; open_icon_color=&#8221;#33A44D&#8221; open_toggle_icon=&#8221;&#x21;||divi||400&#8243; _builder_version=&#8221;4.27.6&#8243; _module_preset=&#8221;default&#8221; hover_enabled=&#8221;0&#8243; global_colors_info=&#8221;{}&#8221; sticky_enabled=&#8221;0&#8243;]<\/p>\n<ul>\n<li><a href=\"https:\/\/www.alarmautomatika.com\/me\/klijenti\/banke-i-finansijske-institucije\/\">Banke i finansijske institucije<\/a><\/li>\n<li><a href=\"https:\/\/www.alarmautomatika.com\/me\/klijenti\/hoteli-kampovi\/\">Hoteli<\/a><\/li>\n<li><a href=\"https:\/\/www.alarmautomatika.com\/me\/klijenti\/trgovacki-centri\/\">Trgova\u010dki centri<\/a><\/li>\n<li><a href=\"https:\/\/www.alarmautomatika.com\/me\/klijenti\/javni-i-poslovni-objekti\/\">Javni i poslovni objekti<\/a><\/li>\n<li><a href=\"https:\/\/www.alarmautomatika.com\/me\/klijenti\/industrija-i-kriticna-infrastruktura\/\">Industrija i kriti\u010dna infrastruktura<\/a><\/li>\n<li><a href=\"https:\/\/www.alarmautomatika.com\/me\/klijenti\/javne-povrsine-i-prostori\/\">Javne povr\u0161ine i prostori<\/a><\/li>\n<\/ul>\n<p>[\/et_pb_toggle][et_pb_toggle title=&#8221;Proizvodi&#8221; icon_color=&#8221;#33A44D&#8221; toggle_icon=&#8221;&#x22;||divi||400&#8243; open_icon_color=&#8221;#33A44D&#8221; open_toggle_icon=&#8221;&#x21;||divi||400&#8243; _builder_version=&#8221;4.27.6&#8243; _module_preset=&#8221;default&#8221; hover_enabled=&#8221;0&#8243; global_colors_info=&#8221;{}&#8221; sticky_enabled=&#8221;0&#8243;]<\/p>\n<ul>\n<li><a href=\"https:\/\/www.alarmautomatika.com\/me\/proizvodi\/videoanalitika-i-vjestacka-inteligencija\/\">Videoanalitika i vje\u0161ta\u010dka inteligencija<\/a><\/li>\n<li><a href=\"https:\/\/www.alarmautomatika.com\/me\/proizvodi\/termovizija-i-zastita-perimetra\/\">Termovizija i za\u0161tita perimetra<\/a><\/li>\n<li><a href=\"https:\/\/www.alarmautomatika.com\/me\/proizvodi\/napredni-sistemi-kontrole-pristupa\/\">Napredni sistemi kontrole pristupa<\/a><\/li>\n<li><a href=\"https:\/\/www.alarmautomatika.com\/me\/proizvodi\/elektronicka-zastita-artikala-od-kradje\/\">Elektroni\u010dka za\u0161tita artikala od kra\u0111e<\/a><\/li>\n<li><a href=\"https:\/\/www.alarmautomatika.com\/me\/proizvodi\/inteligentno-upravljanje-saobracajem-i-parkingom\/\">Inteligentno upravljanje saobra\u0107ajem i parkingom<\/a><\/li>\n<li><a href=\"https:\/\/www.alarmautomatika.com\/me\/proizvodi\/bms-i-upravljanje-sistemima-na-objektu\/\">BMS i upravljanje sistemima na objektu<\/a><\/li>\n<\/ul>\n<p>[\/et_pb_toggle][et_pb_toggle title=&#8221;Usluge&#8221; icon_color=&#8221;#33A44D&#8221; toggle_icon=&#8221;&#x22;||divi||400&#8243; open_icon_color=&#8221;#33A44D&#8221; open_toggle_icon=&#8221;&#x21;||divi||400&#8243; _builder_version=&#8221;4.27.6&#8243; _module_preset=&#8221;default&#8221; hover_enabled=&#8221;0&#8243; global_colors_info=&#8221;{}&#8221; sticky_enabled=&#8221;0&#8243;]<\/p>\n<ul>\n<li><a href=\"https:\/\/www.alarmautomatika.com\/me\/usluge\/strucne-usluge-za-slozene-projekte\/#projektiranje\" data-et-has-event-already=\"true\">Projektiranje<\/a><\/li>\n<li><a href=\"https:\/\/www.alarmautomatika.com\/me\/usluge\/strucne-usluge-za-slozene-projekte\/#prosudba-ugrozenosti-i-elaborat-mjera-sigurnosti\" data-et-has-event-already=\"true\">Procjena ugro\u017eenosti i elaborat mjera sigurnosti<\/a><\/li>\n<li><a href=\"https:\/\/www.alarmautomatika.com\/me\/usluge\/strucne-usluge-za-slozene-projekte\/#konzalting\" data-et-has-event-already=\"true\">Konzalting<\/a><\/li>\n<li><a href=\"https:\/\/www.alarmautomatika.com\/me\/usluge\/strucne-usluge-za-slozene-projekte\/#nadzor-nad-izvodjenjem\" data-et-has-event-already=\"true\">Nadzor nad izvo\u0111enjem<\/a><\/li>\n<li><a href=\"https:\/\/www.alarmautomatika.com\/me\/usluge\/strucne-usluge-za-slozene-projekte\/#koordinacija-i-vodjenje-projekata\" data-et-has-event-already=\"true\">Koordinacija i vo\u0111enje projekata<\/a><\/li>\n<li><a href=\"https:\/\/www.alarmautomatika.com\/me\/usluge\/strucne-usluge-za-slozene-projekte\/#softverska-integracija\" data-et-has-event-already=\"true\">Softverska integracija i uklapanje u IKT<\/a><\/li>\n<li><a href=\"https:\/\/www.alarmautomatika.com\/me\/usluge\/strucne-usluge-za-slozene-projekte\/#odrzavanje\" data-et-has-event-already=\"true\">Odr\u017eavanje<\/a><\/li>\n<\/ul>\n<p>[\/et_pb_toggle][et_pb_toggle title=&#8221;Softveri&#8221; icon_color=&#8221;#33A44D&#8221; toggle_icon=&#8221;&#x22;||divi||400&#8243; open_icon_color=&#8221;#33A44D&#8221; open_toggle_icon=&#8221;&#x21;||divi||400&#8243; _builder_version=&#8221;4.27.6&#8243; _module_preset=&#8221;default&#8221; hover_enabled=&#8221;0&#8243; global_colors_info=&#8221;{}&#8221; sticky_enabled=&#8221;0&#8243;]<\/p>\n<ul>\n<li><a href=\"https:\/\/www.alarmautomatika.com\/me\/softveri\/inteligentno-upravljanje-i-kontrola\/#izdavanje-ulaznica\" data-et-has-event-already=\"true\">Izdavanje ulaznica<\/a><\/li>\n<li><a href=\"https:\/\/www.alarmautomatika.com\/me\/softveri\/inteligentno-upravljanje-i-kontrola\/#brojanje-ljudi\" data-et-has-event-already=\"true\">Brojanje ljudi<\/a><\/li>\n<li><a href=\"https:\/\/www.alarmautomatika.com\/me\/softveri\/inteligentno-upravljanje-i-kontrola\/#rezervacija-soba\" data-et-has-event-already=\"true\">Rezervacija soba<\/a><\/li>\n<li><a href=\"https:\/\/www.alarmautomatika.com\/me\/softveri\/inteligentno-upravljanje-i-kontrola\/#parking-rjesenja\" data-et-has-event-already=\"true\">Parking rje\u0161enja<\/a><\/li>\n<li><a href=\"https:\/\/www.alarmautomatika.com\/me\/softveri\/inteligentno-upravljanje-i-kontrola\/#upravljanje-prometom\" data-et-has-event-already=\"true\">Upravljanje prometom<\/a><\/li>\n<li><a href=\"https:\/\/www.alarmautomatika.com\/me\/softveri\/inteligentno-upravljanje-i-kontrola\/#upravljanje-posjetiteljima\" data-et-has-event-already=\"true\">Upravljanje posjetiteljima<\/a><\/li>\n<li><a href=\"https:\/\/www.alarmautomatika.com\/me\/softveri\/inteligentno-upravljanje-i-kontrola\/#nadzor-na-pretovarnim-stanicama\" data-et-has-event-already=\"true\">Nadzor na pretovarnim stanicama<\/a><\/li>\n<\/ul>\n<p>[\/et_pb_toggle][et_pb_toggle title=&#8221;Platforma&#8221; icon_color=&#8221;#33A44D&#8221; toggle_icon=&#8221;&#x22;||divi||400&#8243; open_icon_color=&#8221;#33A44D&#8221; open_toggle_icon=&#8221;&#x21;||divi||400&#8243; _builder_version=&#8221;4.27.6&#8243; _module_preset=&#8221;default&#8221; hover_enabled=&#8221;0&#8243; global_colors_info=&#8221;{}&#8221; sticky_enabled=&#8221;0&#8243;]<\/p>\n<ul>\n<li><a href=\"https:\/\/www.alarmautomatika.com\/me\/platforma\/#razmjena-znanja\" data-et-has-event-already=\"true\">Platforma za razmjenu znanja sudionika procesa gra\u0111enja<\/a><\/li>\n<\/ul>\n<p>[\/et_pb_toggle][\/et_pb_column][\/et_pb_row][\/et_pb_section]<\/p>\n","protected":false},"excerpt":{"rendered":"<p>Banke i finansijske institucije Hoteli Trgova\u010dki centri Javni i poslovni objekti Industrija i kriti\u010dna infrastruktura Javne povr\u0161ine i prostori Videoanalitika i vje\u0161ta\u010dka inteligencija Termovizija i za\u0161tita perimetra Napredni sistemi kontrole pristupa Elektroni\u010dka za\u0161tita artikala od kra\u0111e Inteligentno upravljanje saobra\u0107ajem i parkingom BMS i upravljanje sistemima na objektu Projektiranje Procjena ugro\u017eenosti i elaborat mjera sigurnosti Konzalting [&hellip;]<\/p>\n","protected":false},"author":15,"featured_media":0,"parent":0,"menu_order":0,"comment_status":"closed","ping_status":"closed","template":"","meta":{"_et_pb_use_builder":"on","_et_pb_old_content":"","_et_gb_content_width":"","footnotes":""},"class_list":["post-59842","page","type-page","status-publish","hentry"],"_links":{"self":[{"href":"https:\/\/www.alarmautomatika.com\/me\/wp-json\/wp\/v2\/pages\/59842","targetHints":{"allow":["GET"]}}],"collection":[{"href":"https:\/\/www.alarmautomatika.com\/me\/wp-json\/wp\/v2\/pages"}],"about":[{"href":"https:\/\/www.alarmautomatika.com\/me\/wp-json\/wp\/v2\/types\/page"}],"author":[{"embeddable":true,"href":"https:\/\/www.alarmautomatika.com\/me\/wp-json\/wp\/v2\/users\/15"}],"replies":[{"embeddable":true,"href":"https:\/\/www.alarmautomatika.com\/me\/wp-json\/wp\/v2\/comments?post=59842"}],"version-history":[{"count":2,"href":"https:\/\/www.alarmautomatika.com\/me\/wp-json\/wp\/v2\/pages\/59842\/revisions"}],"predecessor-version":[{"id":59848,"href":"https:\/\/www.alarmautomatika.com\/me\/wp-json\/wp\/v2\/pages\/59842\/revisions\/59848"}],"wp:attachment":[{"href":"https:\/\/www.alarmautomatika.com\/me\/wp-json\/wp\/v2\/media?parent=59842"}],"curies":[{"name":"wp","href":"https:\/\/api.w.org\/{rel}","templated":true}]}}