{"id":29325,"date":"2020-08-20T13:24:22","date_gmt":"2020-08-20T11:24:22","guid":{"rendered":"https:\/\/www.alarmautomatika.com\/clients\/public-areas-and-facilities\/"},"modified":"2023-11-02T11:28:32","modified_gmt":"2023-11-02T10:28:32","slug":"public-areas-and-facilities","status":"publish","type":"page","link":"https:\/\/www.alarmautomatika.com\/mk\/clients\/public-areas-and-facilities\/","title":{"rendered":"Public areas and facilities"},"content":{"rendered":"<p>[et_pb_section fb_built=&#8221;1&#8243; _builder_version=&#8221;4.6.2&#8243; _module_preset=&#8221;default&#8221; background_image=&#8221;https:\/\/www.alarmautomatika.com\/wp-content\/uploads\/2020\/09\/gradovi-javne-povrsine.jpg&#8221; background_size=&#8221;initial&#8221; background_position=&#8221;top_center&#8221; global_colors_info=&#8221;{}&#8221;][et_pb_row _builder_version=&#8221;4.6.0&#8243; _module_preset=&#8221;default&#8221; width=&#8221;95%&#8221; global_colors_info=&#8221;{}&#8221;][et_pb_column type=&#8221;4_4&#8243; _builder_version=&#8221;4.6.0&#8243; _module_preset=&#8221;default&#8221; global_colors_info=&#8221;{}&#8221;][et_pb_text _builder_version=&#8221;4.6.0&#8243; _dynamic_attributes=&#8221;content&#8221; _module_preset=&#8221;default&#8221; text_font=&#8221;|600|||||||&#8221; text_text_color=&#8221;#ffffff&#8221; text_font_size=&#8221;48px&#8221; text_line_height=&#8221;1.2em&#8221; custom_padding=&#8221;80px|50px||50px|false|true&#8221; text_font_size_tablet=&#8221;40px&#8221; text_font_size_phone=&#8221;32px&#8221; text_font_size_last_edited=&#8221;on|desktop&#8221; text_line_height_tablet=&#8221;&#8221; text_line_height_phone=&#8221;&#8221; text_line_height_last_edited=&#8221;on|phone&#8221; header_font_tablet=&#8221;&#8221; header_font_phone=&#8221;&#8221; header_font_last_edited=&#8221;on|phone&#8221; header_font_size_tablet=&#8221;&#8221; header_font_size_phone=&#8221;&#8221; header_font_size_last_edited=&#8221;on|phone&#8221; header_line_height_tablet=&#8221;&#8221; header_line_height_phone=&#8221;&#8221; header_line_height_last_edited=&#8221;on|desktop&#8221; global_colors_info=&#8221;{}&#8221;]@ET-DC@eyJkeW5hbWljIjp0cnVlLCJjb250ZW50IjoicG9zdF90aXRsZSIsInNldHRpbmdzIjp7ImJlZm9yZSI6IiIsImFmdGVyIjoiIn19@[\/et_pb_text][\/et_pb_column][\/et_pb_row][et_pb_row column_structure=&#8221;3_4,1_4&#8243; _builder_version=&#8221;4.6.0&#8243; _module_preset=&#8221;default&#8221; background_color=&#8221;#ffffff&#8221; width=&#8221;95%&#8221; custom_margin=&#8221;20px||||false|false&#8221; custom_margin_tablet=&#8221;10px||||false|false&#8221; custom_margin_phone=&#8221;10px||||false|false&#8221; custom_margin_last_edited=&#8221;on|desktop&#8221; custom_padding=&#8221;50px|50px|50px|50px|true|true&#8221; box_shadow_style=&#8221;preset2&#8243; global_colors_info=&#8221;{}&#8221;][et_pb_column type=&#8221;3_4&#8243; _builder_version=&#8221;4.6.0&#8243; _module_preset=&#8221;default&#8221; global_colors_info=&#8221;{}&#8221;][et_pb_text _builder_version=&#8221;4.14.7&#8243; _module_preset=&#8221;default&#8221; link_font=&#8221;|600|||||||&#8221; header_2_text_align=&#8221;left&#8221; header_2_font_size=&#8221;30px&#8221; header_2_line_height=&#8221;1.2em&#8221; hover_enabled=&#8221;0&#8243; header_font_size_tablet=&#8221;48px&#8221; header_font_size_phone=&#8221;&#8221; header_font_size_last_edited=&#8221;on|tablet&#8221; header_2_font_size_tablet=&#8221;&#8221; header_2_font_size_phone=&#8221;25px&#8221; header_2_font_size_last_edited=&#8221;on|phone&#8221; global_colors_info=&#8221;{}&#8221; sticky_enabled=&#8221;0&#8243;]<\/p>\n<blockquote>\n<h2>Dokumentacija u skladu s propisima i GDPR uredbom<\/h2>\n<\/blockquote>\n<p>Za\u0161tita javnih povr\u0161ina je regulirana raznim propisima o kojima treba voditi ra\u010duna pri izradi dokumentacije kao \u0161to su sigurnosne prosudbe, tehni\u010dka rje\u0161enja i projekti tehni\u010dke za\u0161tite.<\/p>\n<blockquote>\n<h2>Prometna analitika<\/h2>\n<\/blockquote>\n<p><a href=\"https:\/\/www.alarmautomatika.com\/mk\/products\/video-analytics-and-artificial-intelligence\/\">Videoanalitka<\/a> je va\u017ean alat nadzora, regulacije i automatske detekcije opasnih doga\u0111aja u prometu kao \u0161to su vo\u017enja u krivom smjeru, kamioni u nedozvoljenim podru\u010djima, prebrza vo\u017enja, detekcija prometnih zastoja i zagu\u0161enosti.<\/p>\n<blockquote>\n<h2>Parking rje\u0161enja<\/h2>\n<\/blockquote>\n<p>Za <a href=\"https:\/\/www.alarmautomatika.com\/mk\/softwares\/intelligent-management-and-control\/#parking-rjesenja\">upravljanje parkingom<\/a> se koriste rje\u0161enja za ubrzavanje ulaza\/izlaza, obavje\u0161tavanje o slobodnim parkirnim mjesta, usmjeravanje prometa i naplatu parkinga koja obuhva\u0107a serija <a href=\"https:\/\/www.alarmautomatika.com\/mk\/softwares\/absistem-park\/\">ABsistemPark<\/a> softvera. Obuhva\u0107aju i kategorizaciju vozila, identifikaciju vozila LPR kamerama, identifikaciju voza\u010da i naplatu.<\/p>\n<blockquote>\n<h2>Brojanje putnika<\/h2>\n<\/blockquote>\n<p><a href=\"https:\/\/www.alarmautomatika.com\/mk\/softwares\/people-counting\/#brojenje_putnika\">Brojanje putnika u javnom prijevozu<\/a> je bitno za poslovne analize. Koristi se specijalna oprema koja mora biti otporna na vibracije. Mogu\u0107e je spajanje vi\u0161e kamera za vi\u0161e ulaza\/izlaza, a mogu\u0107 je lokalni nadzor i prijenos podataka u centar.<\/p>\n<blockquote>\n<h2>Po\u017ear otvorenog prostora<\/h2>\n<\/blockquote>\n<p>Po\u017ear otvorenog prostora se automatski detektira putem <a href=\"https:\/\/www.alarmautomatika.com\/mk\/products\/thermal-imaging-and-perimeter-protection\/\">termalnih kamera s videoanalitikom<\/a> koja prepoznaje spektar karakteristi\u010dan za plamen te upozorava operatera.<\/p>\n<blockquote>\n<h2>Rje\u0161enja za odlagali\u0161ta otpada<\/h2>\n<\/blockquote>\n<p>Za upravljanje odlagali\u0161tima otpada je namijenjen softver <a href=\"https:\/\/www.alarmautomatika.com\/mk\/softwares\/absistem-green\/\">ABsistemGreen<\/a> koji integrira kontrolu pristupa, identifikaciju vozila i voza\u010da, signalizaciju, vaganje tereta, videonadzor i automatski ispis svih potrebnih dokumenata.<\/p>\n<blockquote>\n<h2>Za\u0161tita od teroristi\u010dkog napada vozilom<\/h2>\n<\/blockquote>\n<p>Zbog pove\u0107ane opasnosti od teroristi\u010dkog napada, javni prostori se sve \u010de\u0161\u0107e \u0161tite protuteroristi\u010dkim barijerama koje efikasno sprje\u010davaju poku\u0161aj napada vozilom. Naj\u010de\u0161\u0107e se koriste <a href=\"https:\/\/www.alarmautomatika.com\/hr\/protuteroristicke-barijere-za-vozila\/#fiksni-stupici\">fiksni i podizni stupi\u0107i<\/a> te barijere <a href=\"https:\/\/www.alarmautomatika.com\/hr\/protuteroristicke-barijere-za-vozila\/#cityprotector\">CityProtector<\/a> \u010dija otpornost je dokazana na crash testovima. Dostupni su u izvedbama prilago\u0111enima potrebama stanovnika gradova i mogu slu\u017eiti kao klupice za odmor, mjesta za privezivanje bicikala, kante za otpatke ili posude za cvije\u0107e<\/p>\n<p>[\/et_pb_text][\/et_pb_column][et_pb_column type=&#8221;1_4&#8243; _builder_version=&#8221;4.6.0&#8243; _module_preset=&#8221;default&#8221; custom_padding_tablet=&#8221;&#8221; custom_padding_phone=&#8221;&#8221; custom_padding_last_edited=&#8221;on|phone&#8221; global_colors_info=&#8221;{}&#8221;][et_pb_image src=&#8221;https:\/\/www.alarmautomatika.com\/wp-content\/uploads\/2020\/10\/idea-solution-logo-home-banner.png&#8221; alt=&#8221;iDEA Solution&#8221; title_text=&#8221;iDEA Solution&#8221; align=&#8221;center&#8221; _builder_version=&#8221;4.7.4&#8243; _module_preset=&#8221;default&#8221; global_colors_info=&#8221;{}&#8221;][\/et_pb_image][et_pb_accordion module_class=&#8221;idea-value-propositions&#8221; _builder_version=&#8221;4.9.0&#8243; _module_preset=&#8221;default&#8221; global_module=&#8221;8292&#8243; global_colors_info=&#8221;{}&#8221;][et_pb_accordion_item title=&#8221;Blank&#8221; open=&#8221;on&#8221; _builder_version=&#8221;4.9.0&#8243; _module_preset=&#8221;default&#8221; custom_css_main_element=&#8221;display:none;&#8221; global_colors_info=&#8221;{}&#8221;][\/et_pb_accordion_item][et_pb_accordion_item title=&#8221;Clients&#8221; _builder_version=&#8221;4.9.0&#8243; _module_preset=&#8221;default&#8221; global_colors_info=&#8221;{}&#8221; open=&#8221;off&#8221;]<\/p>\n<p><a href=\"https:\/\/www.alarmautomatika.com\/mk\/clients\/banks-and-financial-institutions\/\">Banke i financijske institucije<\/a><\/p>\n<p><a href=\"https:\/\/www.alarmautomatika.com\/mk\/clients\/hotels\/\">Hoteli<\/a><\/p>\n<p><a href=\"https:\/\/www.alarmautomatika.com\/mk\/clients\/shopping-malls\/\">Trgova\u010dki centri<\/a><\/p>\n<p><a href=\"https:\/\/www.alarmautomatika.com\/mk\/clients\/public-and-business-facilities\/\">Javni i poslovni objekti<\/a><\/p>\n<p><a href=\"https:\/\/www.alarmautomatika.com\/mk\/clients\/industry-and-large-infrastructure-facilities\/\">Industrija i kriti\u010dna infrastruktura<\/a><\/p>\n<p><a href=\"https:\/\/www.alarmautomatika.com\/mk\/clients\/public-areas-and-facilities\/\">Javne povr\u0161ine i prostori<\/a><\/p>\n<p>[\/et_pb_accordion_item][et_pb_accordion_item title=&#8221;Products&#8221; _builder_version=&#8221;4.9.0&#8243; _module_preset=&#8221;default&#8221; global_colors_info=&#8221;{}&#8221; open=&#8221;off&#8221;]<\/p>\n<p><a href=\"https:\/\/www.alarmautomatika.com\/mk\/products\/video-analytics-and-artificial-intelligence\/\">Videoanalitika i umjetna inteligencija<\/a><\/p>\n<p><a href=\"https:\/\/www.alarmautomatika.com\/mk\/products\/thermal-imaging-and-perimeter-protection\/\">Termovizija i za\u0161tita perimetra<\/a><\/p>\n<p><a href=\"https:\/\/www.alarmautomatika.com\/mk\/products\/advanced-access-control-systems\/\">Napredni sustavi kontrole pristupa<\/a><\/p>\n<p><a href=\"https:\/\/www.alarmautomatika.com\/mk\/products\/electronic-article-surveillance\/\">Elektroni\u010dka za\u0161tita artikala od kra\u0111e<\/a><\/p>\n<p><a href=\"https:\/\/www.alarmautomatika.com\/mk\/products\/intelligent-traffic-and-parking-management\/\">Inteligentno upravljanje prometom i parkingom<\/a><\/p>\n<p><a href=\"https:\/\/www.alarmautomatika.com\/mk\/products\/bms-and-facility-management-systems\/\">BMS i upravljanje sustavima na objektu<\/a><\/p>\n<p>[\/et_pb_accordion_item][et_pb_accordion_item title=&#8221;Softwares&#8221; _builder_version=&#8221;4.9.0&#8243; _module_preset=&#8221;default&#8221; global_colors_info=&#8221;{}&#8221; open=&#8221;off&#8221;]<\/p>\n<p><a href=\"https:\/\/www.alarmautomatika.com\/mk\/softwares\/intelligent-management-and-control\/#izdavanje-ulaznica\" data-et-has-event-already=\"true\">Izdavanje ulaznica<\/a><\/p>\n<p><a href=\"https:\/\/www.alarmautomatika.com\/mk\/softwares\/intelligent-management-and-control\/#brojanje-ljudi\" data-et-has-event-already=\"true\">Brojanje ljudi<\/a><\/p>\n<p><a href=\"https:\/\/www.alarmautomatika.com\/mk\/softwares\/intelligent-management-and-control\/#rezervacija-soba\" data-et-has-event-already=\"true\">Rezervacija soba<\/a><\/p>\n<p><a href=\"https:\/\/www.alarmautomatika.com\/mk\/softwares\/intelligent-management-and-control\/#parking-rjesenja\" data-et-has-event-already=\"true\">Parking rje\u0161enja<\/a><\/p>\n<p><a href=\"https:\/\/www.alarmautomatika.com\/mk\/softwares\/intelligent-management-and-control\/#upravljanje-prometom\" data-et-has-event-already=\"true\">Upravljanje prometom<\/a><\/p>\n<p><a href=\"https:\/\/www.alarmautomatika.com\/mk\/softwares\/intelligent-management-and-control\/#upravljanje-posjetiteljima\" data-et-has-event-already=\"true\">Upravljanje posjetiteljima<\/a><\/p>\n<p><a href=\"https:\/\/www.alarmautomatika.com\/mk\/softwares\/intelligent-management-and-control\/#nadzor-na-pretovarnim-stanicama\" data-et-has-event-already=\"true\">Nadzor na pretovarnim stanicama<\/a><\/p>\n<p>[\/et_pb_accordion_item][et_pb_accordion_item title=&#8221;Services&#8221; _builder_version=&#8221;4.9.0&#8243; _module_preset=&#8221;default&#8221; global_colors_info=&#8221;{}&#8221; open=&#8221;off&#8221;]<\/p>\n<p><a href=\"https:\/\/www.alarmautomatika.com\/mk\/services\/professional-services-for-complex-projects\/#projektiranje\" data-et-has-event-already=\"true\">Projektiranje<\/a><\/p>\n<p><a href=\"https:\/\/www.alarmautomatika.com\/mk\/services\/professional-services-for-complex-projects\/#prosudba-ugrozenosti-i-elaborat-mjera-sigurnosti\" data-et-has-event-already=\"true\">Prosudba ugro\u017eenosti i elaborat mjera sigurnosti<\/a><\/p>\n<p><a href=\"https:\/\/www.alarmautomatika.com\/mk\/services\/professional-services-for-complex-projects\/#konzalting\" data-et-has-event-already=\"true\">Konzalting<\/a><\/p>\n<p><a href=\"https:\/\/www.alarmautomatika.com\/mk\/services\/professional-services-for-complex-projects\/#nadzor-nad-izvodjenjem\" data-et-has-event-already=\"true\">Nadzor nad izvo\u0111enjem<\/a><\/p>\n<p><a href=\"https:\/\/www.alarmautomatika.com\/mk\/services\/professional-services-for-complex-projects\/#koordinacija-i-vodjenje-projekata\" data-et-has-event-already=\"true\">Koordinacija i vo\u0111enje projekata<\/a><\/p>\n<p><a href=\"https:\/\/www.alarmautomatika.com\/mk\/services\/professional-services-for-complex-projects\/#softverska-integracija\" data-et-has-event-already=\"true\">Softverska integracija i ukla\u0161anje u IKT<\/a><\/p>\n<p>[\/et_pb_accordion_item][et_pb_accordion_item title=&#8221;Platform&#8221; _builder_version=&#8221;4.9.0&#8243; _module_preset=&#8221;default&#8221; global_colors_info=&#8221;{}&#8221; open=&#8221;off&#8221;]<\/p>\n<p><a href=\"https:\/\/www.alarmautomatika.com\/mk\/platform\/#razmjena-znanja\" data-et-has-event-already=\"true\">Platforma za razmjenu znanja sudionika procesa gra\u0111enja<\/a><\/p>\n<p>[\/et_pb_accordion_item][\/et_pb_accordion][\/et_pb_column][\/et_pb_row][\/et_pb_section]<\/p>\n","protected":false},"excerpt":{"rendered":"<p>Dokumentacija u skladu s propisima i GDPR uredbom Za\u0161tita javnih povr\u0161ina je regulirana raznim propisima o kojima treba voditi ra\u010duna pri izradi dokumentacije kao \u0161to su sigurnosne prosudbe, tehni\u010dka rje\u0161enja i projekti tehni\u010dke za\u0161tite. Prometna analitika Videoanalitka je va\u017ean alat nadzora, regulacije i automatske detekcije opasnih doga\u0111aja u prometu kao \u0161to su vo\u017enja u krivom [&hellip;]<\/p>\n","protected":false},"author":15,"featured_media":0,"parent":28982,"menu_order":0,"comment_status":"closed","ping_status":"closed","template":"","meta":{"_et_pb_use_builder":"on","_et_pb_old_content":"","_et_gb_content_width":"","footnotes":""},"class_list":["post-29325","page","type-page","status-publish","hentry"],"_links":{"self":[{"href":"https:\/\/www.alarmautomatika.com\/mk\/wp-json\/wp\/v2\/pages\/29325","targetHints":{"allow":["GET"]}}],"collection":[{"href":"https:\/\/www.alarmautomatika.com\/mk\/wp-json\/wp\/v2\/pages"}],"about":[{"href":"https:\/\/www.alarmautomatika.com\/mk\/wp-json\/wp\/v2\/types\/page"}],"author":[{"embeddable":true,"href":"https:\/\/www.alarmautomatika.com\/mk\/wp-json\/wp\/v2\/users\/15"}],"replies":[{"embeddable":true,"href":"https:\/\/www.alarmautomatika.com\/mk\/wp-json\/wp\/v2\/comments?post=29325"}],"version-history":[{"count":1,"href":"https:\/\/www.alarmautomatika.com\/mk\/wp-json\/wp\/v2\/pages\/29325\/revisions"}],"predecessor-version":[{"id":48503,"href":"https:\/\/www.alarmautomatika.com\/mk\/wp-json\/wp\/v2\/pages\/29325\/revisions\/48503"}],"up":[{"embeddable":true,"href":"https:\/\/www.alarmautomatika.com\/mk\/wp-json\/wp\/v2\/pages\/28982"}],"wp:attachment":[{"href":"https:\/\/www.alarmautomatika.com\/mk\/wp-json\/wp\/v2\/media?parent=29325"}],"curies":[{"name":"wp","href":"https:\/\/api.w.org\/{rel}","templated":true}]}}