{"id":10672,"date":"2020-10-26T15:24:17","date_gmt":"2020-10-26T14:24:17","guid":{"rendered":"https:\/\/www.alarmautomatika.com\/educatie\/"},"modified":"2022-02-03T10:19:02","modified_gmt":"2022-02-03T09:19:02","slug":"educatie","status":"publish","type":"page","link":"https:\/\/www.alarmautomatika.com\/ro\/educatie\/","title":{"rendered":"\u0218colarizare pentru instalarea sistemelor \u0219i software"},"content":{"rendered":"<p>[et_pb_section fb_built=&#8221;1&#8243; _builder_version=&#8221;4.6.6&#8243; _module_preset=&#8221;default&#8221; background_image=&#8221;https:\/\/www.alarmautomatika.com\/wp-content\/uploads\/2020\/10\/edukacija.jpg&#8221; background_size=&#8221;initial&#8221; background_position=&#8221;top_center&#8221;][et_pb_row _builder_version=&#8221;4.6.0&#8243; _module_preset=&#8221;default&#8221; width=&#8221;95%&#8221;][et_pb_column type=&#8221;4_4&#8243; _builder_version=&#8221;4.6.0&#8243; _module_preset=&#8221;default&#8221;][et_pb_text _builder_version=&#8221;4.6.0&#8243; _dynamic_attributes=&#8221;content&#8221; _module_preset=&#8221;default&#8221; text_font=&#8221;|600|||||||&#8221; text_text_color=&#8221;#ffffff&#8221; text_font_size=&#8221;48px&#8221; text_line_height=&#8221;1.2em&#8221; custom_padding=&#8221;80px|50px||50px|false|true&#8221; text_font_size_tablet=&#8221;40px&#8221; text_font_size_phone=&#8221;32px&#8221; text_font_size_last_edited=&#8221;on|desktop&#8221; text_line_height_tablet=&#8221;&#8221; text_line_height_phone=&#8221;&#8221; text_line_height_last_edited=&#8221;on|phone&#8221; header_font_tablet=&#8221;&#8221; header_font_phone=&#8221;&#8221; header_font_last_edited=&#8221;on|phone&#8221; header_font_size_tablet=&#8221;&#8221; header_font_size_phone=&#8221;&#8221; header_font_size_last_edited=&#8221;on|phone&#8221; header_line_height_tablet=&#8221;&#8221; header_line_height_phone=&#8221;&#8221; header_line_height_last_edited=&#8221;on|desktop&#8221;]@ET-DC@eyJkeW5hbWljIjp0cnVlLCJjb250ZW50IjoicG9zdF90aXRsZSIsInNldHRpbmdzIjp7ImJlZm9yZSI6IiIsImFmdGVyIjoiIn19@[\/et_pb_text][\/et_pb_column][\/et_pb_row][et_pb_row _builder_version=&#8221;4.6.0&#8243; _module_preset=&#8221;default&#8221; background_color=&#8221;#ffffff&#8221; width=&#8221;95%&#8221; custom_margin=&#8221;20px||||false|false&#8221; custom_margin_tablet=&#8221;10px||||false|false&#8221; custom_margin_phone=&#8221;10px||||false|false&#8221; custom_margin_last_edited=&#8221;on|desktop&#8221; custom_padding=&#8221;50px|50px|50px|50px|true|true&#8221; box_shadow_style=&#8221;preset2&#8243;][et_pb_column type=&#8221;4_4&#8243; _builder_version=&#8221;4.6.0&#8243; _module_preset=&#8221;default&#8221;][et_pb_text _builder_version=&#8221;4.6.6&#8243; _module_preset=&#8221;default&#8221; header_2_text_align=&#8221;left&#8221; header_2_font_size=&#8221;30px&#8221; header_2_line_height=&#8221;1.2em&#8221; header_font_size_tablet=&#8221;48px&#8221; header_font_size_phone=&#8221;&#8221; header_font_size_last_edited=&#8221;on|tablet&#8221; header_2_font_size_tablet=&#8221;&#8221; header_2_font_size_phone=&#8221;25px&#8221; header_2_font_size_last_edited=&#8221;on|phone&#8221;]<\/p>\n<p>Pentru clien\u021bii \u0219i partenerii s\u0103i, Alarm automatika organizeaz\u0103 \u00een mod regulat sesiuni de \u0219colarizare pentru utilizarea \u0219i programarea sistemelor tehnice de securitate. Scopul lor principal \u00eel reprezint\u0103 cre\u0219terea calit\u0103\u021bii serviciilor oferite utilizatorilor finali. \u00cen principiu, activit\u0103\u021bile de formare sunt legate de un anumit produc\u0103tor de echipamente (DVC, Inim, Ajax, DSC, Jantar etc.) \u0219i sunt adaptate rolurilor \u00een care sunt implica\u021bi participan\u021bii (instalatori de securitate tehnic\u0103, operatori de securitate CSM, electricieni).<\/p>\n<h2>Modelul \u0219i num\u0103rul de participan\u021bi la instruiri<\/h2>\n<p>Modelele activit\u0103\u021bilor de formare sunt adaptate la cerin\u021bele participan\u021bilor \u0219i sunt axate pe activitatea practic\u0103 cu produse, sisteme \u0219i software. Acestea sunt \u00een mare parte de tip atelier, ceea ce \u00eenseamn\u0103 c\u0103, dup\u0103 prezentarea introductiv\u0103 a instructorului, participan\u021bii lucreaz\u0103 independent cu dispozitivele \u0219i software-ul \u0219i le pot conecta, programa sau regla imediat. Num\u0103rul de participan\u021bi este limitat la opt persoane, pentru a asigura c\u0103 fiecare participant poate lucra independent cu echipamente specifice.<\/p>\n<h2>\u00censcrieri<\/h2>\n<p>Implementarea fiec\u0103rui program are loc atunci c\u00e2nd se \u00eenscrie un num\u0103r suficient de participan\u021bi. \u00cen orice moment al anului, v\u0103 pute\u021bi exprima interesul pentru un anumit program educa\u021bional, prin intermediul unui e-mail trimis persoanei dvs. de contact de la Alarm automatika. Acesta este urmat de un r\u0103spuns referitor la prima dat\u0103 disponibil\u0103 la care va fi implementat acel program. Locurile din ateliere sunt ocupate \u00een ordinea primirii cererilor.<\/p>\n<h2>Certificate<\/h2>\n<p>Participan\u021bii primesc un Certificat de participare, dup\u0103 \u00eencheierea cu succes a programului.<\/p>\n<p>[\/et_pb_text][\/et_pb_column][\/et_pb_row][\/et_pb_section]<\/p>\n","protected":false},"excerpt":{"rendered":"<p>Pentru clien\u021bii \u0219i partenerii s\u0103i, Alarm automatika organizeaz\u0103 \u00een mod regulat sesiuni de \u0219colarizare pentru utilizarea \u0219i programarea sistemelor tehnice de securitate. Scopul lor principal \u00eel reprezint\u0103 cre\u0219terea calit\u0103\u021bii serviciilor oferite utilizatorilor finali. \u00cen principiu, activit\u0103\u021bile de formare sunt legate de un anumit produc\u0103tor de echipamente (DVC, Inim, Ajax, DSC, Jantar etc.) \u0219i sunt adaptate [&hellip;]<\/p>\n","protected":false},"author":15,"featured_media":0,"parent":0,"menu_order":0,"comment_status":"closed","ping_status":"closed","template":"","meta":{"_et_pb_use_builder":"on","_et_pb_old_content":"","_et_gb_content_width":"","footnotes":""},"class_list":["post-10672","page","type-page","status-publish","hentry"],"_links":{"self":[{"href":"https:\/\/www.alarmautomatika.com\/ro\/wp-json\/wp\/v2\/pages\/10672","targetHints":{"allow":["GET"]}}],"collection":[{"href":"https:\/\/www.alarmautomatika.com\/ro\/wp-json\/wp\/v2\/pages"}],"about":[{"href":"https:\/\/www.alarmautomatika.com\/ro\/wp-json\/wp\/v2\/types\/page"}],"author":[{"embeddable":true,"href":"https:\/\/www.alarmautomatika.com\/ro\/wp-json\/wp\/v2\/users\/15"}],"replies":[{"embeddable":true,"href":"https:\/\/www.alarmautomatika.com\/ro\/wp-json\/wp\/v2\/comments?post=10672"}],"version-history":[{"count":0,"href":"https:\/\/www.alarmautomatika.com\/ro\/wp-json\/wp\/v2\/pages\/10672\/revisions"}],"wp:attachment":[{"href":"https:\/\/www.alarmautomatika.com\/ro\/wp-json\/wp\/v2\/media?parent=10672"}],"curies":[{"name":"wp","href":"https:\/\/api.w.org\/{rel}","templated":true}]}}