{"id":10679,"date":"2020-09-11T15:07:13","date_gmt":"2020-09-11T13:07:13","guid":{"rendered":"https:\/\/www.alarmautomatika.com\/conceptul-de-sursa-unica\/"},"modified":"2023-11-10T10:00:42","modified_gmt":"2023-11-10T09:00:42","slug":"conceptul-de-sursa-unica","status":"publish","type":"page","link":"https:\/\/www.alarmautomatika.com\/ro\/servicii\/conceptul-de-sursa-unica\/","title":{"rendered":"Conceptul de surs\u0103 unic\u0103"},"content":{"rendered":"<p>[et_pb_section fb_built=&#8221;1&#8243; _builder_version=&#8221;4.6.2&#8243; _module_preset=&#8221;default&#8221; background_image=&#8221;https:\/\/www.alarmautomatika.com\/wp-content\/uploads\/2020\/09\/B2B-platforma.jpg&#8221; background_size=&#8221;initial&#8221; background_position=&#8221;top_center&#8221;][et_pb_row _builder_version=&#8221;4.6.0&#8243; _module_preset=&#8221;default&#8221; width=&#8221;95%&#8221;][et_pb_column type=&#8221;4_4&#8243; _builder_version=&#8221;4.6.0&#8243; _module_preset=&#8221;default&#8221;][et_pb_text _builder_version=&#8221;4.6.0&#8243; _dynamic_attributes=&#8221;content&#8221; _module_preset=&#8221;default&#8221; text_font=&#8221;|600|||||||&#8221; text_text_color=&#8221;#ffffff&#8221; text_font_size=&#8221;48px&#8221; text_line_height=&#8221;1.2em&#8221; custom_padding=&#8221;80px|50px||50px|false|true&#8221; text_font_size_tablet=&#8221;40px&#8221; text_font_size_phone=&#8221;32px&#8221; text_font_size_last_edited=&#8221;on|desktop&#8221; text_line_height_tablet=&#8221;&#8221; text_line_height_phone=&#8221;&#8221; text_line_height_last_edited=&#8221;on|phone&#8221; header_font_tablet=&#8221;&#8221; header_font_phone=&#8221;&#8221; header_font_last_edited=&#8221;on|phone&#8221; header_font_size_tablet=&#8221;&#8221; header_font_size_phone=&#8221;&#8221; header_font_size_last_edited=&#8221;on|phone&#8221; header_line_height_tablet=&#8221;&#8221; header_line_height_phone=&#8221;&#8221; header_line_height_last_edited=&#8221;on|desktop&#8221;]@ET-DC@eyJkeW5hbWljIjp0cnVlLCJjb250ZW50IjoicG9zdF90aXRsZSIsInNldHRpbmdzIjp7ImJlZm9yZSI6IiIsImFmdGVyIjoiIn19@[\/et_pb_text][\/et_pb_column][\/et_pb_row][et_pb_row column_structure=&#8221;3_4,1_4&#8243; _builder_version=&#8221;4.6.0&#8243; _module_preset=&#8221;default&#8221; background_color=&#8221;#ffffff&#8221; width=&#8221;95%&#8221; custom_margin=&#8221;20px||||false|false&#8221; custom_margin_tablet=&#8221;10px||||false|false&#8221; custom_margin_phone=&#8221;10px||||false|false&#8221; custom_margin_last_edited=&#8221;on|desktop&#8221; custom_padding=&#8221;50px|50px|50px|50px|true|true&#8221; box_shadow_style=&#8221;preset2&#8243;][et_pb_column type=&#8221;3_4&#8243; _builder_version=&#8221;4.6.0&#8243; _module_preset=&#8221;default&#8221;][et_pb_text _builder_version=&#8221;4.7.4&#8243; _module_preset=&#8221;default&#8221; link_font=&#8221;|600|||||||&#8221; header_2_text_align=&#8221;left&#8221; header_2_font_size=&#8221;30px&#8221; header_2_line_height=&#8221;1.2em&#8221; header_font_size_tablet=&#8221;48px&#8221; header_font_size_phone=&#8221;&#8221; header_font_size_last_edited=&#8221;on|tablet&#8221; header_2_font_size_tablet=&#8221;&#8221; header_2_font_size_phone=&#8221;25px&#8221; header_2_font_size_last_edited=&#8221;on|phone&#8221;]<\/p>\n<blockquote>\n<h2><span lang=\"RO\">Asisten\u021b\u0103 tehnic\u0103 \u0219i pentru v\u00e2nz\u0103ri<\/span><\/h2>\n<\/blockquote>\n<p>Asisten\u021ba tehnic\u0103 \u0219i pentru v\u00e2nz\u0103ri include documenta\u021bia produsului, asisten\u021b\u0103 telefonic\u0103 \u0219i online, asisten\u021b\u0103 la locul de instalare sau la sediile investitorilor, \u00een timpul prezent\u0103rii produselor \u0219i solu\u021biei. Peste 20 de exper\u021bi \u00een v\u00e2nz\u0103ri \u0219i peste 20 de tehnicieni sunt disponibili clien\u021bilor \u0219i ajut\u0103 la definirea solu\u021biei \u0219i la preg\u0103tirea ofertelor competitive.<\/p>\n<blockquote>\n<h2><span lang=\"RO\">Produse \u00een stoc<\/span><\/h2>\n<\/blockquote>\n<p>Peste 3.000 de produse diferite de la 200 <a href=\"https:\/\/www.alarmautomatika.com\/ro\/furnizori\/\">de furnizori<\/a> permanen\u021bi sunt stocate constant \u00een depozitul central \u0219i, de asemenea, depozitele locale sunt organizate \u00een toate \u021b\u0103rile \u00een care \u00ee\u0219i desf\u0103\u0219oar\u0103 activitatea compania.<\/p>\n<blockquote>\n<h2><span lang=\"RO\">Educarea instalatorilor<\/span><\/h2>\n<\/blockquote>\n<p>Educarea continu\u0103 a<a href=\"https:\/\/www.alarmautomatika.com\/ro\/clientii\/instalatori-autorizati-de-sisteme-de-securitate\/\"> instalatorilor de securitate tehnic\u0103<\/a> este disponibil\u0103 prin seminarii web \u0219i ateliere, pentru a fi informa\u021bi despre inova\u021biile tehnologice, instalarea corect\u0103 \u0219i programarea sistemelor. Toate instruirile sunt conduse de exper\u021bi, \u00eenalt specializa\u021bi \u00een domeniile lor.<\/p>\n<blockquote>\n<h2><span lang=\"RO\">Platforma online B2B<\/span><\/h2>\n<\/blockquote>\n<p>Platforma online <a href=\"https:\/\/b2b.alarmautomatika.com\/\">B2B a Alarm automatika<\/a> a fost dezvoltat\u0103 \u00een principal pentru a simplifica \u0219i facilita procedeul de comand\u0103 pentru clien\u021bii no\u0219tri, dar ofer\u0103, de asemenea, multe alte avantaje, cum ar fi compararea produselor, afi\u0219area pe telefoanele mobile \u0219i tablete, preg\u0103tirea ofertelor \u0219i definirea termenilor \u0219i condi\u021biilor actuale ale afacerii, cu diferite niveluri de acces.<\/p>\n<blockquote>\n<h2><span lang=\"RO\">\u00centre\u021binerea \u0219i \u00eenlocuirea echipamentelor<\/span><\/h2>\n<\/blockquote>\n<p>Alarm automatika este un service autorizat pentru echipamente pentru gama complet\u0103 de produse. Asigur\u0103m mentenan\u021ba tuturor produselor, \u00een timpul perioadei de garan\u021bie sau dup\u0103 expirarea acesteia, repararea dispozitivelor deteriorate, \u00eenlocuirea produselor, asamblarea componentelor \u0219i analiza rentabilit\u0103\u021bii repara\u021biilor.<\/p>\n<blockquote>\n<h2><span lang=\"RO\">Catalogul iDEA Classic<\/span><\/h2>\n<\/blockquote>\n<p><a href=\"https:\/\/drive.google.com\/file\/d\/1qndfUTX66Ac5s8qpAeUBc5BXpLhM75_z\/view?usp=drive_link\" target=\"_blank\" rel=\"noopener\">Catalogul iDEA Classic<\/a> con\u021bine o gam\u0103 anual\u0103 de produse, cu accent pe nout\u0103\u021bi. Pentru fiecare <a href=\"https:\/\/www.alarmautomatika.com\/ro\/despre-noi\/\">pia\u021b\u0103 pe care ac\u021bioneaz\u0103 Alarm automatika<\/a>, este definit\u0103 o gam\u0103 special\u0103, \u00een limba \u021b\u0103rii pentru care este destinat\u0103. Ambele versiuni sunt disponibile, tip\u0103rite \u0219i digital.[\/et_pb_text][\/et_pb_column][et_pb_column type=&#8221;1_4&#8243; _builder_version=&#8221;4.6.0&#8243; _module_preset=&#8221;default&#8221; custom_padding_tablet=&#8221;&#8221; custom_padding_phone=&#8221;&#8221; custom_padding_last_edited=&#8221;on|phone&#8221;][et_pb_image src=&#8221;https:\/\/www.alarmautomatika.com\/wp-content\/uploads\/2020\/10\/idea-classic-logo-home-banner.png&#8221; alt=&#8221;iDEA Classic&#8221; title_text=&#8221;iDEA Classic&#8221; align=&#8221;center&#8221; _builder_version=&#8221;4.7.4&#8243; _module_preset=&#8221;default&#8221;][\/et_pb_image][et_pb_accordion module_class=&#8221;idea-value-propositions&#8221; _builder_version=&#8221;4.9.0&#8243; _module_preset=&#8221;default&#8221; global_module=&#8221;8295&#8243;][et_pb_accordion_item title=&#8221;Blank&#8221; open=&#8221;on&#8221; _builder_version=&#8221;4.9.0&#8243; _module_preset=&#8221;default&#8221; custom_css_main_element=&#8221;display:none;&#8221;][\/et_pb_accordion_item][et_pb_accordion_item title=&#8221;Clien\u021bi&#8221; _builder_version=&#8221;4.9.0&#8243; _module_preset=&#8221;default&#8221; open=&#8221;off&#8221;]<\/p>\n<p><a href=\"https:\/\/www.alarmautomatika.com\/ro\/clientii\/instalatori-autorizati-de-sisteme-de-securitate\/\">Instalatori autoriza\u021bi de sisteme de securitate<\/a><\/p>\n<p><a href=\"https:\/\/www.alarmautomatika.com\/ro\/clientii\/statii-centrale-de-monitorizare\/\">Sta\u021bii centrale de monitorizare <\/a><\/p>\n<p><a href=\"https:\/\/www.alarmautomatika.com\/ro\/clientii\/electricieni\/\">Electricieni<\/a><\/p>\n<p><a href=\"https:\/\/www.alarmautomatika.com\/ro\/clientii\/aparate-electrice-si-magazine-de-calculatoare-magazine-online\/\">Aparate electrice \u0219i magazine de calculatoare, magazine online <\/a><\/p>\n<p>[\/et_pb_accordion_item][et_pb_accordion_item title=&#8221;Produse&#8221; _builder_version=&#8221;4.9.0&#8243; _module_preset=&#8221;default&#8221; open=&#8221;off&#8221;]<\/p>\n<p><a href=\"https:\/\/www.alarmautomatika.com\/ro\/produse\/supraveghere-video\/\">Supraveghere video<\/a><\/p>\n<p><a href=\"https:\/\/www.alarmautomatika.com\/ro\/produse\/sisteme-anti-intruziune-si-antiefractie\/\">Sisteme anti-intruziune \u0219i antiefrac\u021bie <\/a><\/p>\n<p><a href=\"https:\/\/www.alarmautomatika.com\/ro\/produse\/interfoane-video\/\">Interfoane video<\/a><\/p>\n<p><a href=\"https:\/\/www.alarmautomatika.com\/ro\/produse\/controlul-accesului-si-al-duratei-accesului\/\">Controlul accesului \u0219i al duratei accesului<\/a><\/p>\n<p><a href=\"https:\/\/www.alarmautomatika.com\/ro\/produse\/solutii-audio\/\">Solu\u021bii audio <\/a><\/p>\n<p><a href=\"https:\/\/www.alarmautomatika.com\/ro\/produse\/automatizari-pentru-usi-si-rampe\/\">Rampe \u0219i u\u0219i automate<\/a><\/p>\n<p><a href=\"https:\/\/www.alarmautomatika.com\/ro\/produse\/echipamente-pentru-statii-centrale-de-monitorizare\/\">Echipamente pentru sta\u021bii centrale de monitorizare <\/a><\/p>\n<p><a href=\"https:\/\/www.alarmautomatika.com\/ro\/produse\/sisteme-de-alarma-impotriva-incendiilor-si-gazelor\/\">Sisteme de alarm\u0103 \u00eempotriva incendiilor \u0219i gazelor<\/a><\/p>\n<p>[\/et_pb_accordion_item][et_pb_accordion_item title=&#8221;Software&#8221; _builder_version=&#8221;4.9.0&#8243; _module_preset=&#8221;default&#8221; open=&#8221;off&#8221;]<a href=\"https:\/\/www.alarmautomatika.com\/ro\/software\/receptia-si-procesarea-semnalelor-de-alarma\/\">Recep\u021bia \u0219i procesarea semnalelor de alarm\u0103 <\/a>[\/et_pb_accordion_item][et_pb_accordion_item title=&#8221;Servicii&#8221; _builder_version=&#8221;4.9.0&#8243; _module_preset=&#8221;default&#8221; open=&#8221;off&#8221;]<\/p>\n<p><a href=\"https:\/\/www.alarmautomatika.com\/ro\/servicii\/conceptul-de-sursa-unica\/#prodajna-i-tehnicka-podrska\" data-et-has-event-already=\"true\">Asisten\u021b\u0103 tehnic\u0103 \u0219i pentru v\u00e2nz\u0103ri<\/a><\/p>\n<p><a href=\"https:\/\/www.alarmautomatika.com\/ro\/servicii\/conceptul-de-sursa-unica\/#oprema-na-skladistu\" data-et-has-event-already=\"true\">Produse \u00een stoc<\/a><\/p>\n<p><a href=\"https:\/\/www.alarmautomatika.com\/ro\/servicii\/conceptul-de-sursa-unica\/#edukacija-instalatera\" data-et-has-event-already=\"true\">Educarea instalatorilor<\/a><\/p>\n<p><a href=\"https:\/\/www.alarmautomatika.com\/ro\/servicii\/conceptul-de-sursa-unica\/#b2b-online-platforma\" data-et-has-event-already=\"true\">Platforma online B2B<\/a><\/p>\n<p><a href=\"https:\/\/www.alarmautomatika.com\/ro\/servicii\/conceptul-de-sursa-unica\/#servis\" data-et-has-event-already=\"true\">\u00centre\u021binerea \u0219i \u00eenlocuirea echipamentelor<\/a><\/p>\n<p><a href=\"https:\/\/www.alarmautomatika.com\/ro\/servicii\/conceptul-de-sursa-unica\/#idea-classic-katalog\" data-et-has-event-already=\"true\">Catalogul iDEA Classic<\/a><\/p>\n<p>[\/et_pb_accordion_item][et_pb_accordion_item title=&#8221;Platforma de afaceri&#8221; _builder_version=&#8221;4.9.0&#8243; _module_preset=&#8221;default&#8221; open=&#8221;off&#8221;]<a href=\"https:\/\/www.alarmautomatika.com\/ro\/platforma-de-afaceri\/#b2b-platforma\" data-et-has-event-already=\"true\">O platform\u0103 B2B unic\u0103 pentru economisirea timpului<\/a>[\/et_pb_accordion_item][\/et_pb_accordion][\/et_pb_column][\/et_pb_row][\/et_pb_section]<\/p>\n","protected":false},"excerpt":{"rendered":"<p>Asisten\u021b\u0103 tehnic\u0103 \u0219i pentru v\u00e2nz\u0103ri Asisten\u021ba tehnic\u0103 \u0219i pentru v\u00e2nz\u0103ri include documenta\u021bia produsului, asisten\u021b\u0103 telefonic\u0103 \u0219i online, asisten\u021b\u0103 la locul de instalare sau la sediile investitorilor, \u00een timpul prezent\u0103rii produselor \u0219i solu\u021biei. Peste 20 de exper\u021bi \u00een v\u00e2nz\u0103ri \u0219i peste 20 de tehnicieni sunt disponibili clien\u021bilor \u0219i ajut\u0103 la definirea solu\u021biei \u0219i la preg\u0103tirea ofertelor [&hellip;]<\/p>\n","protected":false},"author":15,"featured_media":0,"parent":11370,"menu_order":0,"comment_status":"closed","ping_status":"closed","template":"","meta":{"_et_pb_use_builder":"on","_et_pb_old_content":"","_et_gb_content_width":"","footnotes":""},"class_list":["post-10679","page","type-page","status-publish","hentry"],"_links":{"self":[{"href":"https:\/\/www.alarmautomatika.com\/ro\/wp-json\/wp\/v2\/pages\/10679","targetHints":{"allow":["GET"]}}],"collection":[{"href":"https:\/\/www.alarmautomatika.com\/ro\/wp-json\/wp\/v2\/pages"}],"about":[{"href":"https:\/\/www.alarmautomatika.com\/ro\/wp-json\/wp\/v2\/types\/page"}],"author":[{"embeddable":true,"href":"https:\/\/www.alarmautomatika.com\/ro\/wp-json\/wp\/v2\/users\/15"}],"replies":[{"embeddable":true,"href":"https:\/\/www.alarmautomatika.com\/ro\/wp-json\/wp\/v2\/comments?post=10679"}],"version-history":[{"count":2,"href":"https:\/\/www.alarmautomatika.com\/ro\/wp-json\/wp\/v2\/pages\/10679\/revisions"}],"predecessor-version":[{"id":50501,"href":"https:\/\/www.alarmautomatika.com\/ro\/wp-json\/wp\/v2\/pages\/10679\/revisions\/50501"}],"up":[{"embeddable":true,"href":"https:\/\/www.alarmautomatika.com\/ro\/wp-json\/wp\/v2\/pages\/11370"}],"wp:attachment":[{"href":"https:\/\/www.alarmautomatika.com\/ro\/wp-json\/wp\/v2\/media?parent=10679"}],"curies":[{"name":"wp","href":"https:\/\/api.w.org\/{rel}","templated":true}]}}