{"id":10706,"date":"2020-08-20T14:54:23","date_gmt":"2020-08-20T12:54:23","guid":{"rendered":"https:\/\/www.alarmautomatika.com\/proprietarii-de-cladiri-rezidentiale-si-de-afaceri-mici\/"},"modified":"2023-11-10T08:59:38","modified_gmt":"2023-11-10T07:59:38","slug":"proprietarii-de-cladiri-rezidentiale-si-de-afaceri-mici","status":"publish","type":"page","link":"https:\/\/www.alarmautomatika.com\/ro\/clientii\/proprietarii-de-cladiri-rezidentiale-si-de-afaceri-mici\/","title":{"rendered":"Proprietarii de cl\u0103diri reziden\u021biale \u0219i de afaceri mici"},"content":{"rendered":"<p>[et_pb_section fb_built=&#8221;1&#8243; _builder_version=&#8221;4.6.2&#8243; _module_preset=&#8221;default&#8221; background_image=&#8221;https:\/\/www.alarmautomatika.com\/wp-content\/uploads\/2020\/09\/Vlasnici-stambenih-i-manjih-poslovnih-objekata.jpg&#8221; background_size=&#8221;initial&#8221; background_position=&#8221;top_center&#8221;][et_pb_row _builder_version=&#8221;4.6.0&#8243; _module_preset=&#8221;default&#8221; width=&#8221;95%&#8221;][et_pb_column type=&#8221;4_4&#8243; _builder_version=&#8221;4.6.0&#8243; _module_preset=&#8221;default&#8221;][et_pb_text _builder_version=&#8221;4.6.0&#8243; _dynamic_attributes=&#8221;content&#8221; _module_preset=&#8221;default&#8221; text_font=&#8221;|600|||||||&#8221; text_text_color=&#8221;#ffffff&#8221; text_font_size=&#8221;48px&#8221; text_line_height=&#8221;1.2em&#8221; custom_padding=&#8221;80px|50px||50px|false|true&#8221; text_font_size_tablet=&#8221;40px&#8221; text_font_size_phone=&#8221;32px&#8221; text_font_size_last_edited=&#8221;on|desktop&#8221; text_line_height_tablet=&#8221;&#8221; text_line_height_phone=&#8221;&#8221; text_line_height_last_edited=&#8221;on|phone&#8221; header_font_tablet=&#8221;&#8221; header_font_phone=&#8221;&#8221; header_font_last_edited=&#8221;on|phone&#8221; header_font_size_tablet=&#8221;&#8221; header_font_size_phone=&#8221;&#8221; header_font_size_last_edited=&#8221;on|phone&#8221; header_line_height_tablet=&#8221;&#8221; header_line_height_phone=&#8221;&#8221; header_line_height_last_edited=&#8221;on|desktop&#8221;]@ET-DC@eyJkeW5hbWljIjp0cnVlLCJjb250ZW50IjoicG9zdF90aXRsZSIsInNldHRpbmdzIjp7ImJlZm9yZSI6IiIsImFmdGVyIjoiIn19@[\/et_pb_text][\/et_pb_column][\/et_pb_row][et_pb_row column_structure=&#8221;3_4,1_4&#8243; _builder_version=&#8221;4.6.0&#8243; _module_preset=&#8221;default&#8221; background_color=&#8221;#ffffff&#8221; width=&#8221;95%&#8221; custom_margin=&#8221;20px||||false|false&#8221; custom_margin_tablet=&#8221;10px||||false|false&#8221; custom_margin_phone=&#8221;10px||||false|false&#8221; custom_margin_last_edited=&#8221;on|desktop&#8221; custom_padding=&#8221;50px|50px|50px|50px|true|true&#8221; box_shadow_style=&#8221;preset2&#8243;][et_pb_column type=&#8221;3_4&#8243; _builder_version=&#8221;4.6.0&#8243; _module_preset=&#8221;default&#8221;][et_pb_text _builder_version=&#8221;4.8.1&#8243; _module_preset=&#8221;default&#8221; link_font=&#8221;|600|||||||&#8221; header_2_text_align=&#8221;left&#8221; header_2_font_size=&#8221;30px&#8221; header_2_line_height=&#8221;1.2em&#8221; header_font_size_tablet=&#8221;48px&#8221; header_font_size_phone=&#8221;&#8221; header_font_size_last_edited=&#8221;on|tablet&#8221; header_2_font_size_tablet=&#8221;&#8221; header_2_font_size_phone=&#8221;25px&#8221; header_2_font_size_last_edited=&#8221;on|phone&#8221;]<\/p>\n<blockquote>\n<h2><span lang=\"RO\">Solu\u021bii wireless DIY pentru o locuin\u021b\u0103 inteligent\u0103 \u0219i sigur\u0103<\/span><\/h2>\n<\/blockquote>\n<p>Clien\u021bii pot instala \u0219i configura \u00een mod independent <a href=\"https:\/\/alex.shop\/\" target=\"_blank\" rel=\"noopener\">un sistem de securitate prin utilizarea<\/a> de solu\u021bii DIY (de bricolaj) pentru o locuin\u021b\u0103 inteligent\u0103 \u0219i sigur\u0103, f\u0103c\u00e2nd casa sau biroul lor sigur \u00eempotriva efrac\u021biei. Aceste solu\u021bii nu presupun instala\u021bii murdare, deoarece func\u021bioneaz\u0103 wireless.<\/p>\n<blockquote>\n<h2><span lang=\"RO\">Monitorizarea \u0219i gestionarea prin intermediul dispozitivelor mobile<\/span><\/h2>\n<\/blockquote>\n<p><a href=\"https:\/\/alex.shop\/\" target=\"_blank\" rel=\"noopener\">Solu\u021biile inteligente \u0219i sigure pentru locuin\u021b\u0103<\/a> sunt u\u0219or de administrat prin aplica\u021bii mobile. Toate notific\u0103rile din sistem sunt transmise automat c\u0103tre telefoanele mobile, iar utilizatorii pot controla de la distan\u021b\u0103 dispozitivele prin intermediul telefoanelor mobile.<\/p>\n<blockquote>\n<h2><span lang=\"RO\">Butoane de panic\u0103 pentru copii \u0219i v\u00e2rstnici<\/span><\/h2>\n<\/blockquote>\n<p>Butoanele de panic\u0103 wireless permit copiilor sau persoanelor v\u00e2rstnice s\u0103 informeze rapid \u0219i u\u0219or membrii familiei c\u0103 au nevoie de ajutor. Semnalul de alarm\u0103 va fi trimis imediat c\u0103tre telefoanele mobile ale membrilor familiei \u0219i vor putea oferi un r\u0103spuns rapid \u0219i ajutor.<\/p>\n<blockquote>\n<h2><span lang=\"RO\">Vizualizarea clipurilor video \u00een timp real<\/span><\/h2>\n<\/blockquote>\n<p>Utilizatorii pot monitoriza activitatea din zona securizat\u0103 \u00een timp real, de pe dispozitivele lor mobile.<\/p>\n<blockquote>\n<h2><span lang=\"RO\">Verificarea alarmei video \u0219i foto<\/span><\/h2>\n<\/blockquote>\n<p>Alarma primit\u0103 prin telefonul mobil poate fi verificat\u0103 prin intermediul solu\u021biilor care permit transmisia semnalului <a href=\"https:\/\/alex.shop\/\" target=\"_blank\" rel=\"noopener\">video (prin camere conectate la sistemul de automatizare a casei) \u0219i foto (prin detectoare antifurt cu camere \u00eencorporate)<\/a> de la incinte protejate.<\/p>\n<blockquote>\n<h2><span lang=\"RO\">Sta\u021bie de monitorizare la \u00eendem\u00e2n\u0103<\/span><\/h2>\n<\/blockquote>\n<p>Utilizatorul poate alege prin intermediul <a href=\"https:\/\/www.alarmautomatika.com\/ro\/software\/aplicatie-mobila-pentru-confirmarea-interventiei-agentilor-de-securitate\/\">aplica\u021biei mobile ALEX<\/a>, la primirea unei notific\u0103ri de alarm\u0103 de la sistemul de securitate de pe dispozitivul mobil, dac\u0103 dore\u0219te s\u0103 notifice Sta\u021bia Central\u0103 de Monitorizare (CMS). Acest lucru permi\u021b\u00e2nd evitarea interven\u021biilor inutile \u0219i costisitoare ale personalului profesionist de monitorizare 24\/7.<\/p>\n<blockquote>\n<h2><span lang=\"RO\">Pachete pentru utilizator<\/span><\/h2>\n<\/blockquote>\n<p>Pachetele pentru utilizatori depind de dimensiunea sistemului \u0219i de serviciile selectate, astfel \u00eenc\u00e2t fiecare utilizator s\u0103 poat\u0103 selecta un pachet adecvat nevoilor curente \u0219i s\u0103 \u00eel poat\u0103 modifica \u00een timp.<\/p>\n<blockquote>\n<h2><span lang=\"RO\">Automatizare la domiciliu<\/span><\/h2>\n<\/blockquote>\n<p>Integrarea dispozitivelor de<a href=\"https:\/\/alex.shop\/\" target=\"_blank\" rel=\"noopener\"> automatizare la domiciliu<\/a> permite gestionarea u\u0219oar\u0103 a consumului de energie, \u00eenc\u0103lzire, iluminat \u0219i aer condi\u021bionat prin intermediul dispozitivelor mobile.<\/p>\n<blockquote>\n<h2>alex.shop<\/h2>\n<\/blockquote>\n<p><a href=\"https:\/\/alex.shop\/\" target=\"_blank\" rel=\"noopener\">alex.shop<\/a> ofer\u0103 selectarea rapid\u0103, dar informat\u0103, achizi\u021bionarea \u0219i livrarea unei solu\u021bii de securitate direct la adresa utilizatorilor. Tranzac\u021bia efectuat\u0103 \u00een magazinul online este complet asigurat\u0103 de Corvus Pay \u2013 Internet Payment Gateway.<\/p>\n<blockquote>\n<h2><span lang=\"RO\">Asisten\u021b\u0103 prin chat live<\/span><\/h2>\n<\/blockquote>\n<p>Asisten\u021b\u0103 prin chat live este oferit\u0103 la alegerea dispozitivelor, setarea \u0219i utilizarea acestora.[\/et_pb_text][\/et_pb_column][et_pb_column type=&#8221;1_4&#8243; _builder_version=&#8221;4.6.0&#8243; _module_preset=&#8221;default&#8221; custom_padding_tablet=&#8221;&#8221; custom_padding_phone=&#8221;&#8221; custom_padding_last_edited=&#8221;on|phone&#8221;][et_pb_image src=&#8221;https:\/\/www.alarmautomatika.com\/wp-content\/uploads\/2020\/10\/idea-express-logo-home-banner.png&#8221; alt=&#8221;iDEA Express&#8221; title_text=&#8221;iDEA Express&#8221; align=&#8221;center&#8221; _builder_version=&#8221;4.7.4&#8243; _module_preset=&#8221;default&#8221;][\/et_pb_image][et_pb_accordion module_class=&#8221;idea-value-propositions&#8221; _builder_version=&#8221;4.9.0&#8243; _module_preset=&#8221;default&#8221; global_module=&#8221;8296&#8243;][et_pb_accordion_item title=&#8221;Blank&#8221; open=&#8221;on&#8221; _builder_version=&#8221;4.9.0&#8243; _module_preset=&#8221;default&#8221; custom_css_main_element=&#8221;display:none;&#8221;][\/et_pb_accordion_item][et_pb_accordion_item title=&#8221;Clien\u021bii&#8221; _builder_version=&#8221;4.9.0&#8243; _module_preset=&#8221;default&#8221; open=&#8221;off&#8221;]<\/p>\n<p><a href=\"https:\/\/www.alarmautomatika.com\/ro\/clientii\/proprietarii-de-cladiri-rezidentiale-si-de-afaceri-mici\/\">Proprietarii de cl\u0103diri reziden\u021biale \u0219i de afaceri mici<\/a><\/p>\n<p>[\/et_pb_accordion_item][et_pb_accordion_item title=&#8221;Produse&#8221; _builder_version=&#8221;4.9.0&#8243; _module_preset=&#8221;default&#8221; open=&#8221;off&#8221;]<\/p>\n<p><a href=\"https:\/\/www.alarmautomatika.com\/ro\/produse\/gestionarea-consumului-de-energie\/\">Gestionarea consumului de energie<\/a><\/p>\n<p><a href=\"https:\/\/www.alarmautomatika.com\/ro\/produse\/controlul-iluminatului\/\">Controlul iluminatului<\/a><\/p>\n<p><a href=\"https:\/\/www.alarmautomatika.com\/ro\/produse\/sistem-de-alarma-antiefractie-cu-verificare-video\/\">Sistem de alarm\u0103 antiefrac\u021bie cu verificare video<\/a><\/p>\n<p><a href=\"https:\/\/www.alarmautomatika.com\/ro\/produse\/prevenirea-incendiilor-inundatiilor-si-a-scurgerilor-de-gaze\/\">Prevenirea incendiilor, inunda\u021biilor \u0219i a scurgerilor de gaze<\/a><\/p>\n<p><a href=\"https:\/\/www.alarmautomatika.com\/ro\/produse\/sistem-de-inchidere-a-usii\/\">\u00cencuietori inteligente<\/a><\/p>\n<p><a href=\"https:\/\/www.alarmautomatika.com\/ro\/produse\/alarme-medicale-sos\/\">Alarme medicale SOS<\/a><\/p>\n<p><a href=\"https:\/\/www.alarmautomatika.com\/ro\/produse\/supraveghere-video-inteligenta-la-domiciliu\/\">Supraveghere video inteligent\u0103 la domiciliu<\/a><\/p>\n<p>[\/et_pb_accordion_item][et_pb_accordion_item title=&#8221;Software&#8221; _builder_version=&#8221;4.9.0&#8243; _module_preset=&#8221;default&#8221; open=&#8221;off&#8221;]<\/p>\n<p><a href=\"https:\/\/www.alarmautomatika.com\/ro\/software\/aplicatie-mobila-pentru-confirmarea-interventiei-agentilor-de-securitate\/\">Aplica\u021bie mobil\u0103 pentru confirmarea interven\u021biei agen\u021bilor de securitate<\/a><\/p>\n<p>[\/et_pb_accordion_item][et_pb_accordion_item title=&#8221;Servicii&#8221; _builder_version=&#8221;4.9.0&#8243; _module_preset=&#8221;default&#8221; open=&#8221;off&#8221;]<\/p>\n<p><a href=\"https:\/\/www.alarmautomatika.com\/ro\/servicii\/adaptate-utilizatorilor\/#paketi-prilagodjeni-potrebama-korisnika\" data-et-has-event-already=\"true\">Pachete adaptate necesit\u0103\u021bilor utilizatorilor<\/a><\/p>\n<p><a href=\"https:\/\/www.alarmautomatika.com\/ro\/servicii\/adaptate-utilizatorilor\/#dojava-alarma-na-mobitel\" data-et-has-event-already=\"true\">Notificarea de alarm\u0103 c\u0103tre telefonul mobil<\/a><\/p>\n<p><a href=\"https:\/\/www.alarmautomatika.com\/ro\/servicii\/adaptate-utilizatorilor\/#servis-uredjaja\" data-et-has-event-already=\"true\">\u00centre\u021binerea sistemului<\/a><\/p>\n<p><a href=\"https:\/\/www.alarmautomatika.com\/ro\/servicii\/adaptate-utilizatorilor\/#monitoring-sustava\" data-et-has-event-already=\"true\">Monitorizarea sistemului<\/a><\/p>\n<p><a href=\"https:\/\/www.alarmautomatika.com\/ro\/servicii\/adaptate-utilizatorilor\/#zastitarska-intervencija\" data-et-has-event-already=\"true\">Interven\u021bii ale agen\u021bilor de supraveghere 24\/7 <\/a><\/p>\n<p>[\/et_pb_accordion_item][et_pb_accordion_item title=&#8221;Platforma de afaceri&#8221; _builder_version=&#8221;4.9.0&#8243; _module_preset=&#8221;default&#8221; open=&#8221;off&#8221;]<\/p>\n<p><a href=\"https:\/\/www.alarmautomatika.com\/ro\/platforma-de-afaceri\/#b2c-platforma\" data-et-has-event-already=\"true\">Platforma interactiv\u0103 B2C <\/a><\/p>\n<p>[\/et_pb_accordion_item][\/et_pb_accordion][\/et_pb_column][\/et_pb_row][\/et_pb_section]<\/p>\n","protected":false},"excerpt":{"rendered":"<p>Solu\u021bii wireless DIY pentru o locuin\u021b\u0103 inteligent\u0103 \u0219i sigur\u0103 Clien\u021bii pot instala \u0219i configura \u00een mod independent un sistem de securitate prin utilizarea de solu\u021bii DIY (de bricolaj) pentru o locuin\u021b\u0103 inteligent\u0103 \u0219i sigur\u0103, f\u0103c\u00e2nd casa sau biroul lor sigur \u00eempotriva efrac\u021biei. Aceste solu\u021bii nu presupun instala\u021bii murdare, deoarece func\u021bioneaz\u0103 wireless. Monitorizarea \u0219i gestionarea prin [&hellip;]<\/p>\n","protected":false},"author":15,"featured_media":0,"parent":11177,"menu_order":0,"comment_status":"closed","ping_status":"closed","template":"","meta":{"_et_pb_use_builder":"on","_et_pb_old_content":"","_et_gb_content_width":"","footnotes":""},"class_list":["post-10706","page","type-page","status-publish","hentry"],"_links":{"self":[{"href":"https:\/\/www.alarmautomatika.com\/ro\/wp-json\/wp\/v2\/pages\/10706","targetHints":{"allow":["GET"]}}],"collection":[{"href":"https:\/\/www.alarmautomatika.com\/ro\/wp-json\/wp\/v2\/pages"}],"about":[{"href":"https:\/\/www.alarmautomatika.com\/ro\/wp-json\/wp\/v2\/types\/page"}],"author":[{"embeddable":true,"href":"https:\/\/www.alarmautomatika.com\/ro\/wp-json\/wp\/v2\/users\/15"}],"replies":[{"embeddable":true,"href":"https:\/\/www.alarmautomatika.com\/ro\/wp-json\/wp\/v2\/comments?post=10706"}],"version-history":[{"count":1,"href":"https:\/\/www.alarmautomatika.com\/ro\/wp-json\/wp\/v2\/pages\/10706\/revisions"}],"predecessor-version":[{"id":49917,"href":"https:\/\/www.alarmautomatika.com\/ro\/wp-json\/wp\/v2\/pages\/10706\/revisions\/49917"}],"up":[{"embeddable":true,"href":"https:\/\/www.alarmautomatika.com\/ro\/wp-json\/wp\/v2\/pages\/11177"}],"wp:attachment":[{"href":"https:\/\/www.alarmautomatika.com\/ro\/wp-json\/wp\/v2\/media?parent=10706"}],"curies":[{"name":"wp","href":"https:\/\/api.w.org\/{rel}","templated":true}]}}