{"id":10712,"date":"2020-08-20T14:57:01","date_gmt":"2020-08-20T12:57:01","guid":{"rendered":"https:\/\/www.alarmautomatika.com\/gestionarea-consumului-de-energie\/"},"modified":"2023-11-10T09:02:16","modified_gmt":"2023-11-10T08:02:16","slug":"gestionarea-consumului-de-energie","status":"publish","type":"page","link":"https:\/\/www.alarmautomatika.com\/ro\/produse\/gestionarea-consumului-de-energie\/","title":{"rendered":"Gestionarea consumului de energie"},"content":{"rendered":"<p>[et_pb_section fb_built=&#8221;1&#8243; _builder_version=&#8221;4.6.2&#8243; _module_preset=&#8221;default&#8221; background_image=&#8221;https:\/\/www.alarmautomatika.com\/wp-content\/uploads\/2020\/09\/Upravljanje-potrosnjom-energije.jpg&#8221; background_size=&#8221;initial&#8221; background_position=&#8221;top_center&#8221;][et_pb_row _builder_version=&#8221;4.6.0&#8243; _module_preset=&#8221;default&#8221; width=&#8221;95%&#8221;][et_pb_column type=&#8221;4_4&#8243; _builder_version=&#8221;4.6.0&#8243; _module_preset=&#8221;default&#8221;][et_pb_text _builder_version=&#8221;4.6.0&#8243; _dynamic_attributes=&#8221;content&#8221; _module_preset=&#8221;default&#8221; text_font=&#8221;|600|||||||&#8221; text_text_color=&#8221;#ffffff&#8221; text_font_size=&#8221;48px&#8221; text_line_height=&#8221;1.2em&#8221; custom_padding=&#8221;80px|50px||50px|false|true&#8221; text_font_size_tablet=&#8221;40px&#8221; text_font_size_phone=&#8221;32px&#8221; text_font_size_last_edited=&#8221;on|desktop&#8221; text_line_height_tablet=&#8221;&#8221; text_line_height_phone=&#8221;&#8221; text_line_height_last_edited=&#8221;on|phone&#8221; header_font_tablet=&#8221;&#8221; header_font_phone=&#8221;&#8221; header_font_last_edited=&#8221;on|phone&#8221; header_font_size_tablet=&#8221;&#8221; header_font_size_phone=&#8221;&#8221; header_font_size_last_edited=&#8221;on|phone&#8221; header_line_height_tablet=&#8221;&#8221; header_line_height_phone=&#8221;&#8221; header_line_height_last_edited=&#8221;on|desktop&#8221;]@ET-DC@eyJkeW5hbWljIjp0cnVlLCJjb250ZW50IjoicG9zdF90aXRsZSIsInNldHRpbmdzIjp7ImJlZm9yZSI6IiIsImFmdGVyIjoiIn19@[\/et_pb_text][\/et_pb_column][\/et_pb_row][et_pb_row column_structure=&#8221;3_4,1_4&#8243; _builder_version=&#8221;4.6.0&#8243; _module_preset=&#8221;default&#8221; background_color=&#8221;#ffffff&#8221; width=&#8221;95%&#8221; custom_margin=&#8221;20px||||false|false&#8221; custom_margin_tablet=&#8221;10px||||false|false&#8221; custom_margin_phone=&#8221;10px||||false|false&#8221; custom_margin_last_edited=&#8221;on|desktop&#8221; custom_padding=&#8221;50px|50px|50px|50px|true|true&#8221; box_shadow_style=&#8221;preset2&#8243;][et_pb_column type=&#8221;3_4&#8243; _builder_version=&#8221;4.6.0&#8243; _module_preset=&#8221;default&#8221;][et_pb_text _builder_version=&#8221;4.7.4&#8243; _module_preset=&#8221;default&#8221; link_font=&#8221;|600|||||||&#8221; header_2_text_align=&#8221;left&#8221; header_2_font_size=&#8221;30px&#8221; header_2_line_height=&#8221;1.2em&#8221; header_font_size_tablet=&#8221;48px&#8221; header_font_size_phone=&#8221;&#8221; header_font_size_last_edited=&#8221;on|tablet&#8221; header_2_font_size_tablet=&#8221;&#8221; header_2_font_size_phone=&#8221;25px&#8221; header_2_font_size_last_edited=&#8221;on|phone&#8221;]<\/p>\n<blockquote>\n<h2><span lang=\"RO\">Prize inteligente<\/span><\/h2>\n<\/blockquote>\n<p><a href=\"https:\/\/alex.shop\/proizvod\/ajax-socket-bezicna-pametna-uticnica\/\" target=\"_blank\" rel=\"noopener\">Prize inteligente<\/a> cu monitorizarea consumului de energie. Dispozitivul protejeaz\u0103 \u00eempotriva suprasarcinii \u0219i a scurtcircuitului. Sunt adecvate pentru conectarea tuturor electrocasnicelor din gospod\u0103rie, fiind compatibile cu prizele EU de tip F. Acestea permit trimiterea de avertiz\u0103ri prin SMS sau notific\u0103ri push pe telefonul mobil al utilizatorului \u00een cazul penelor de curent.<\/p>\n<blockquote>\n<h2><span lang=\"RO\">Comutatoare f\u0103r\u0103 fir<\/span><\/h2>\n<\/blockquote>\n<p>Cu aceste comutatoare de perete, pute\u021bi controla cu u\u0219urin\u021b\u0103 iluminarea \u0219i alte dispozitive electrice. Comutatoarele f\u0103r\u0103 fir de perete se monteaz\u0103 u\u0219or \u00eenlocuind comutatoarele de perete existente sau pot fi plasate pe orice suprafa\u021b\u0103 plan\u0103, cu ajutorul benzilor adezive.<\/p>\n<p>Comutatoarele mici f\u0103r\u0103 fir nu necesit\u0103 conexiune prin cablu \u0219i, datorit\u0103 designului miniatural, se vor potrivi \u00een diverse medii.<\/p>\n<blockquote>\n<h2><span lang=\"RO\">Relee<\/span><\/h2>\n<\/blockquote>\n<p><a href=\"https:\/\/alex.shop\/\" target=\"_blank\" rel=\"noopener\">Releele f\u0103r\u0103<\/a> fir permit controlul de la distan\u021b\u0103 al echipamentelor de \u00eenalt\u0103 \u0219i joas\u0103 tensiune. Acestea sunt utilizate pentru a porni \/ opri fiare de c\u0103lcat, u\u0219i de garaj, \u00eenc\u0103lzitoare de ap\u0103 \u0219i pardoseli izolate termic. Dispozitivele sunt protejate \u00eempotriva supratensiunii \u0219i supra\u00eenc\u0103lzirii. Pot fi, de asemenea, folosite pentru a activa \u00eencuietori electrice, u\u0219i de intrare \u0219i u\u0219i rulante, jaluzele \u0219i perdele, \u0219i pentru a reporni modemuri \u0219i routere. Securitatea utiliz\u0103rii dispozitivelor este garantat\u0103 de criptarea canalelor de autentificare, de detectare a bruiajului \u0219i de comunicare.[\/et_pb_text][\/et_pb_column][et_pb_column type=&#8221;1_4&#8243; _builder_version=&#8221;4.6.0&#8243; _module_preset=&#8221;default&#8221; custom_padding_tablet=&#8221;&#8221; custom_padding_phone=&#8221;&#8221; custom_padding_last_edited=&#8221;on|phone&#8221;][et_pb_image src=&#8221;https:\/\/www.alarmautomatika.com\/wp-content\/uploads\/2020\/10\/idea-express-logo-home-banner.png&#8221; alt=&#8221;iDEA Express&#8221; title_text=&#8221;iDEA Express&#8221; align=&#8221;center&#8221; _builder_version=&#8221;4.7.4&#8243; _module_preset=&#8221;default&#8221;][\/et_pb_image][et_pb_accordion module_class=&#8221;idea-value-propositions&#8221; _builder_version=&#8221;4.9.0&#8243; _module_preset=&#8221;default&#8221; global_module=&#8221;8296&#8243;][et_pb_accordion_item title=&#8221;Blank&#8221; open=&#8221;on&#8221; _builder_version=&#8221;4.9.0&#8243; _module_preset=&#8221;default&#8221; custom_css_main_element=&#8221;display:none;&#8221;][\/et_pb_accordion_item][et_pb_accordion_item title=&#8221;Clien\u021bi&#8221; _builder_version=&#8221;4.9.0&#8243; _module_preset=&#8221;default&#8221; open=&#8221;off&#8221;]<a href=\"https:\/\/www.alarmautomatika.com\/ro\/clientii\/proprietarii-de-cladiri-rezidentiale-si-de-afaceri-mici\/\">Proprietarii de cl\u0103diri reziden\u021biale \u0219i de afaceri mici<\/a>[\/et_pb_accordion_item][et_pb_accordion_item title=&#8221;Produse&#8221; _builder_version=&#8221;4.9.0&#8243; _module_preset=&#8221;default&#8221; open=&#8221;off&#8221;]<\/p>\n<p><a href=\"https:\/\/www.alarmautomatika.com\/ro\/produse\/gestionarea-consumului-de-energie\/\">Gestionarea consumului de energie<\/a><\/p>\n<p><a href=\"https:\/\/www.alarmautomatika.com\/ro\/produse\/controlul-iluminatului\/\">Controlul iluminatului<\/a><\/p>\n<p><a href=\"https:\/\/www.alarmautomatika.com\/ro\/produse\/sistem-de-alarma-antiefractie-cu-verificare-video\/\">Sistem de alarm\u0103 antiefrac\u021bie cu verificare video<\/a><\/p>\n<p><a href=\"https:\/\/www.alarmautomatika.com\/ro\/produse\/prevenirea-incendiilor-inundatiilor-si-a-scurgerilor-de-gaze\/\">Prevenirea incendiilor, inunda\u021biilor \u0219i a scurgerilor de gaze<\/a><\/p>\n<p><a href=\"https:\/\/www.alarmautomatika.com\/ro\/produse\/sistem-de-inchidere-a-usii\/\">\u00cencuietori inteligente<\/a><\/p>\n<p><a href=\"https:\/\/www.alarmautomatika.com\/ro\/produse\/alarme-medicale-sos\/\">Alarme medicale SOS<\/a><\/p>\n<p><a href=\"https:\/\/www.alarmautomatika.com\/ro\/produse\/supraveghere-video-inteligenta-la-domiciliu\/\">Supraveghere video inteligent\u0103 la domiciliu<\/a><\/p>\n<p>[\/et_pb_accordion_item][et_pb_accordion_item title=&#8221;Software&#8221; _builder_version=&#8221;4.9.0&#8243; _module_preset=&#8221;default&#8221; open=&#8221;off&#8221;]<\/p>\n<p><a href=\"https:\/\/www.alarmautomatika.com\/ro\/software\/aplicatie-mobila-pentru-confirmarea-interventiei-agentilor-de-securitate\/\">Aplica\u021bie mobil\u0103 pentru confirmarea interven\u021biei agen\u021bilor de securitate<\/a><\/p>\n<p>[\/et_pb_accordion_item][et_pb_accordion_item title=&#8221;Servicii&#8221; _builder_version=&#8221;4.9.0&#8243; _module_preset=&#8221;default&#8221; open=&#8221;off&#8221;]<\/p>\n<p><a href=\"https:\/\/www.alarmautomatika.com\/ro\/servicii\/adaptate-utilizatorilor\/#paketi-prilagodjeni-potrebama-korisnika\" data-et-has-event-already=\"true\">Pachete adaptate necesit\u0103\u021bilor utilizatorilor<\/a><\/p>\n<p><a href=\"https:\/\/www.alarmautomatika.com\/ro\/servicii\/adaptate-utilizatorilor\/#dojava-alarma-na-mobitel\" data-et-has-event-already=\"true\">Notificarea de alarm\u0103 c\u0103tre telefonul mobil<\/a><\/p>\n<p><a href=\"https:\/\/www.alarmautomatika.com\/ro\/servicii\/adaptate-utilizatorilor\/#servis-uredjaja\" data-et-has-event-already=\"true\">\u00centre\u021binerea sistemului<\/a><\/p>\n<p><a href=\"https:\/\/www.alarmautomatika.com\/ro\/servicii\/adaptate-utilizatorilor\/#monitoring-sustava\" data-et-has-event-already=\"true\">Monitorizarea sistemului<\/a><\/p>\n<p><a href=\"https:\/\/www.alarmautomatika.com\/ro\/servicii\/adaptate-utilizatorilor\/#zastitarska-intervencija\" data-et-has-event-already=\"true\">Interven\u021bii ale agen\u021bilor de supraveghere 24\/7 <\/a><\/p>\n<p>[\/et_pb_accordion_item][et_pb_accordion_item title=&#8221;Platforma de afaceri&#8221; _builder_version=&#8221;4.9.0&#8243; _module_preset=&#8221;default&#8221; open=&#8221;off&#8221;]<a href=\"https:\/\/www.alarmautomatika.com\/ro\/platforma-de-afaceri\/#b2c-platforma\" data-et-has-event-already=\"true\">Platforma interactiv\u0103 B2C <\/a>[\/et_pb_accordion_item][\/et_pb_accordion][\/et_pb_column][\/et_pb_row][\/et_pb_section]<\/p>\n","protected":false},"excerpt":{"rendered":"<p>Prize inteligente Prize inteligente cu monitorizarea consumului de energie. Dispozitivul protejeaz\u0103 \u00eempotriva suprasarcinii \u0219i a scurtcircuitului. Sunt adecvate pentru conectarea tuturor electrocasnicelor din gospod\u0103rie, fiind compatibile cu prizele EU de tip F. Acestea permit trimiterea de avertiz\u0103ri prin SMS sau notific\u0103ri push pe telefonul mobil al utilizatorului \u00een cazul penelor de curent. Comutatoare f\u0103r\u0103 fir [&hellip;]<\/p>\n","protected":false},"author":15,"featured_media":0,"parent":11256,"menu_order":0,"comment_status":"closed","ping_status":"closed","template":"","meta":{"_et_pb_use_builder":"on","_et_pb_old_content":"","_et_gb_content_width":"","footnotes":""},"class_list":["post-10712","page","type-page","status-publish","hentry"],"_links":{"self":[{"href":"https:\/\/www.alarmautomatika.com\/ro\/wp-json\/wp\/v2\/pages\/10712","targetHints":{"allow":["GET"]}}],"collection":[{"href":"https:\/\/www.alarmautomatika.com\/ro\/wp-json\/wp\/v2\/pages"}],"about":[{"href":"https:\/\/www.alarmautomatika.com\/ro\/wp-json\/wp\/v2\/types\/page"}],"author":[{"embeddable":true,"href":"https:\/\/www.alarmautomatika.com\/ro\/wp-json\/wp\/v2\/users\/15"}],"replies":[{"embeddable":true,"href":"https:\/\/www.alarmautomatika.com\/ro\/wp-json\/wp\/v2\/comments?post=10712"}],"version-history":[{"count":2,"href":"https:\/\/www.alarmautomatika.com\/ro\/wp-json\/wp\/v2\/pages\/10712\/revisions"}],"predecessor-version":[{"id":49967,"href":"https:\/\/www.alarmautomatika.com\/ro\/wp-json\/wp\/v2\/pages\/10712\/revisions\/49967"}],"up":[{"embeddable":true,"href":"https:\/\/www.alarmautomatika.com\/ro\/wp-json\/wp\/v2\/pages\/11256"}],"wp:attachment":[{"href":"https:\/\/www.alarmautomatika.com\/ro\/wp-json\/wp\/v2\/media?parent=10712"}],"curies":[{"name":"wp","href":"https:\/\/api.w.org\/{rel}","templated":true}]}}