{"id":10724,"date":"2020-08-20T15:01:49","date_gmt":"2020-08-20T13:01:49","guid":{"rendered":"https:\/\/www.alarmautomatika.com\/sistem-de-inchidere-a-usii\/"},"modified":"2023-11-10T08:59:38","modified_gmt":"2023-11-10T07:59:38","slug":"sistem-de-inchidere-a-usii","status":"publish","type":"page","link":"https:\/\/www.alarmautomatika.com\/ro\/produse\/sistem-de-inchidere-a-usii\/","title":{"rendered":"Sistem de \u00eenchidere a u\u0219ii"},"content":{"rendered":"<p>[et_pb_section fb_built=&#8221;1&#8243; _builder_version=&#8221;4.6.2&#8243; _module_preset=&#8221;default&#8221; background_image=&#8221;https:\/\/www.alarmautomatika.com\/wp-content\/uploads\/2020\/09\/Pametne-Brave.jpg&#8221; background_size=&#8221;initial&#8221; background_position=&#8221;top_center&#8221;][et_pb_row _builder_version=&#8221;4.6.0&#8243; _module_preset=&#8221;default&#8221; width=&#8221;95%&#8221;][et_pb_column type=&#8221;4_4&#8243; _builder_version=&#8221;4.6.0&#8243; _module_preset=&#8221;default&#8221;][et_pb_text _builder_version=&#8221;4.6.0&#8243; _dynamic_attributes=&#8221;content&#8221; _module_preset=&#8221;default&#8221; text_font=&#8221;|600|||||||&#8221; text_text_color=&#8221;#ffffff&#8221; text_font_size=&#8221;48px&#8221; text_line_height=&#8221;1.2em&#8221; custom_padding=&#8221;80px|50px||50px|false|true&#8221; text_font_size_tablet=&#8221;40px&#8221; text_font_size_phone=&#8221;32px&#8221; text_font_size_last_edited=&#8221;on|desktop&#8221; text_line_height_tablet=&#8221;&#8221; text_line_height_phone=&#8221;&#8221; text_line_height_last_edited=&#8221;on|phone&#8221; header_font_tablet=&#8221;&#8221; header_font_phone=&#8221;&#8221; header_font_last_edited=&#8221;on|phone&#8221; header_font_size_tablet=&#8221;&#8221; header_font_size_phone=&#8221;&#8221; header_font_size_last_edited=&#8221;on|phone&#8221; header_line_height_tablet=&#8221;&#8221; header_line_height_phone=&#8221;&#8221; header_line_height_last_edited=&#8221;on|desktop&#8221;]@ET-DC@eyJkeW5hbWljIjp0cnVlLCJjb250ZW50IjoicG9zdF90aXRsZSIsInNldHRpbmdzIjp7ImJlZm9yZSI6IiIsImFmdGVyIjoiIn19@[\/et_pb_text][\/et_pb_column][\/et_pb_row][et_pb_row column_structure=&#8221;3_4,1_4&#8243; _builder_version=&#8221;4.6.0&#8243; _module_preset=&#8221;default&#8221; background_color=&#8221;#ffffff&#8221; width=&#8221;95%&#8221; custom_margin=&#8221;20px||||false|false&#8221; custom_margin_tablet=&#8221;10px||||false|false&#8221; custom_margin_phone=&#8221;10px||||false|false&#8221; custom_margin_last_edited=&#8221;on|desktop&#8221; custom_padding=&#8221;50px|50px|50px|50px|true|true&#8221; box_shadow_style=&#8221;preset2&#8243;][et_pb_column type=&#8221;3_4&#8243; _builder_version=&#8221;4.6.0&#8243; _module_preset=&#8221;default&#8221;][et_pb_text _builder_version=&#8221;4.8.1&#8243; _module_preset=&#8221;default&#8221; link_font=&#8221;|600|||||||&#8221; header_2_text_align=&#8221;left&#8221; header_2_font_size=&#8221;30px&#8221; header_2_line_height=&#8221;1.2em&#8221; header_font_size_tablet=&#8221;48px&#8221; header_font_size_phone=&#8221;&#8221; header_font_size_last_edited=&#8221;on|tablet&#8221; header_2_font_size_tablet=&#8221;&#8221; header_2_font_size_phone=&#8221;25px&#8221; header_2_font_size_last_edited=&#8221;on|phone&#8221;]<\/p>\n<blockquote>\n<h2><span lang=\"RO\">\u00cencuietori inteligente<\/span><\/h2>\n<\/blockquote>\n<p>\u00cencuietorile inteligente v\u0103 permit blocarea \u0219i deblocarea u\u0219ilor prin intermediul telefonului mobil \u0219i urm\u0103rirea sosirilor \u0219i plec\u0103rilor, \u00een perioada \u00een care locatarul nu este acas\u0103. De asemenea, sunt disponibile versiuni care permit controlul de la distan\u021b\u0103 a dispozitivului de blocare prin intermediul unui telefon mobil \u0219i conectarea la alte dispozitive inteligente din incint\u0103.<\/p>\n<blockquote>\n<h2><span lang=\"RO\">Sonerie video<\/span><\/h2>\n<\/blockquote>\n<p>Soneria wireless Wi-fi video v\u0103 permite s\u0103 vede\u021bi \u0219i s\u0103 vorbi\u021bi clar cu persoana care a sunat la panoul dvs. exterior sau s\u0103 vede\u021bi cine a sunat \u00een timp ce sunte\u021bi plecat. Sunt disponibile \u0219i versiunile care transmit \u00eenregistrarea pe un telefon mobil \u0219i care pot fi conectate la alte dispozitive inteligente din cas\u0103.<\/p>\n<blockquote>\n<h2><span lang=\"RO\">Control autonom al accesului de intr\u0103ri \u0219i ie\u0219iri <\/span><\/h2>\n<\/blockquote>\n<p>Un sistem de control autonom al accesului de intr\u0103ri \u0219i ie\u0219iri reprezint\u0103 o solu\u021bie economic\u0103 care \u00eenlocuie\u0219te utilizarea cheilor pentru u\u0219i. Controlerul \u0219i cititorul se afl\u0103 \u00eentr-un singur dispozitiv, care controleaz\u0103 o u\u0219\u0103 (ie\u0219ire pentru \u00eenchiderea electric\u0103). Cardurile sunt programate chiar pe dispozitiv.[\/et_pb_text][\/et_pb_column][et_pb_column type=&#8221;1_4&#8243; _builder_version=&#8221;4.6.0&#8243; _module_preset=&#8221;default&#8221; custom_padding_tablet=&#8221;&#8221; custom_padding_phone=&#8221;&#8221; custom_padding_last_edited=&#8221;on|phone&#8221;][et_pb_image src=&#8221;https:\/\/www.alarmautomatika.com\/wp-content\/uploads\/2020\/10\/idea-express-logo-home-banner.png&#8221; alt=&#8221;iDEA Express&#8221; title_text=&#8221;iDEA Express&#8221; align=&#8221;center&#8221; _builder_version=&#8221;4.7.4&#8243; _module_preset=&#8221;default&#8221;][\/et_pb_image][et_pb_accordion module_class=&#8221;idea-value-propositions&#8221; _builder_version=&#8221;4.9.0&#8243; _module_preset=&#8221;default&#8221; global_module=&#8221;8296&#8243;][et_pb_accordion_item title=&#8221;Blank&#8221; open=&#8221;on&#8221; _builder_version=&#8221;4.9.0&#8243; _module_preset=&#8221;default&#8221; custom_css_main_element=&#8221;display:none;&#8221;][\/et_pb_accordion_item][et_pb_accordion_item title=&#8221;Clien\u021bi&#8221; _builder_version=&#8221;4.9.0&#8243; _module_preset=&#8221;default&#8221; open=&#8221;off&#8221;]<a href=\"https:\/\/www.alarmautomatika.com\/ro\/clientii\/proprietarii-de-cladiri-rezidentiale-si-de-afaceri-mici\/\">Proprietarii de cl\u0103diri reziden\u021biale \u0219i de afaceri mici<\/a>[\/et_pb_accordion_item][et_pb_accordion_item title=&#8221;Produse&#8221; _builder_version=&#8221;4.9.0&#8243; _module_preset=&#8221;default&#8221; open=&#8221;off&#8221;]<\/p>\n<p><a href=\"https:\/\/www.alarmautomatika.com\/ro\/produse\/gestionarea-consumului-de-energie\/\">Gestionarea consumului de energie<\/a><\/p>\n<p><a href=\"https:\/\/www.alarmautomatika.com\/ro\/produse\/controlul-iluminatului\/\">Controlul iluminatului<\/a><\/p>\n<p><a href=\"https:\/\/www.alarmautomatika.com\/ro\/produse\/sistem-de-alarma-antiefractie-cu-verificare-video\/\">Sistem de alarm\u0103 antiefrac\u021bie cu verificare video<\/a><\/p>\n<p><a href=\"https:\/\/www.alarmautomatika.com\/ro\/produse\/prevenirea-incendiilor-inundatiilor-si-a-scurgerilor-de-gaze\/\">Prevenirea incendiilor, inunda\u021biilor \u0219i a scurgerilor de gaze<\/a><\/p>\n<p><a href=\"https:\/\/www.alarmautomatika.com\/ro\/produse\/sistem-de-inchidere-a-usii\/\">\u00cencuietori inteligente<\/a><\/p>\n<p><a href=\"https:\/\/www.alarmautomatika.com\/ro\/produse\/alarme-medicale-sos\/\">Alarme medicale SOS<\/a><\/p>\n<p><a href=\"https:\/\/www.alarmautomatika.com\/ro\/produse\/supraveghere-video-inteligenta-la-domiciliu\/\">Supraveghere video inteligent\u0103 la domiciliu<\/a><\/p>\n<p>[\/et_pb_accordion_item][et_pb_accordion_item title=&#8221;Software&#8221; _builder_version=&#8221;4.9.0&#8243; _module_preset=&#8221;default&#8221; open=&#8221;off&#8221;]<a href=\"https:\/\/www.alarmautomatika.com\/ro\/software\/aplicatie-mobila-pentru-confirmarea-interventiei-agentilor-de-securitate\/\">Aplica\u021bie mobil\u0103 pentru confirmarea interven\u021biei agen\u021bilor de securitate<\/a>[\/et_pb_accordion_item][et_pb_accordion_item title=&#8221;Servicii&#8221; _builder_version=&#8221;4.9.0&#8243; _module_preset=&#8221;default&#8221; open=&#8221;off&#8221;]<\/p>\n<p><a href=\"https:\/\/www.alarmautomatika.com\/ro\/servicii\/adaptate-utilizatorilor\/#paketi-prilagodjeni-potrebama-korisnika\" data-et-has-event-already=\"true\">Pachete adaptate necesit\u0103\u021bilor utilizatorilor<\/a><\/p>\n<p><a href=\"https:\/\/www.alarmautomatika.com\/ro\/servicii\/adaptate-utilizatorilor\/#dojava-alarma-na-mobitel\" data-et-has-event-already=\"true\">Notificarea de alarm\u0103 c\u0103tre telefonul mobil<\/a><\/p>\n<p><a href=\"https:\/\/www.alarmautomatika.com\/ro\/servicii\/adaptate-utilizatorilor\/#servis-uredjaja\" data-et-has-event-already=\"true\">\u00centre\u021binerea sistemului<\/a><\/p>\n<p><a href=\"https:\/\/www.alarmautomatika.com\/ro\/servicii\/adaptate-utilizatorilor\/#monitoring-sustava\" data-et-has-event-already=\"true\">Monitorizarea sistemului<\/a><\/p>\n<p><a href=\"https:\/\/www.alarmautomatika.com\/ro\/servicii\/adaptate-utilizatorilor\/#zastitarska-intervencija\" data-et-has-event-already=\"true\">Interven\u021bii ale agen\u021bilor de supraveghere 24\/7<\/a><\/p>\n<p>[\/et_pb_accordion_item][et_pb_accordion_item title=&#8221;Platforma de afaceri&#8221; _builder_version=&#8221;4.9.0&#8243; _module_preset=&#8221;default&#8221; open=&#8221;off&#8221;]<a href=\"https:\/\/www.alarmautomatika.com\/ro\/platforma-de-afaceri\/#b2c-platforma\" data-et-has-event-already=\"true\">Platforma interactiv\u0103 B2C<\/a>[\/et_pb_accordion_item][\/et_pb_accordion][\/et_pb_column][\/et_pb_row][\/et_pb_section]<\/p>\n","protected":false},"excerpt":{"rendered":"<p>\u00cencuietori inteligente \u00cencuietorile inteligente v\u0103 permit blocarea \u0219i deblocarea u\u0219ilor prin intermediul telefonului mobil \u0219i urm\u0103rirea sosirilor \u0219i plec\u0103rilor, \u00een perioada \u00een care locatarul nu este acas\u0103. De asemenea, sunt disponibile versiuni care permit controlul de la distan\u021b\u0103 a dispozitivului de blocare prin intermediul unui telefon mobil \u0219i conectarea la alte dispozitive inteligente din incint\u0103. [&hellip;]<\/p>\n","protected":false},"author":15,"featured_media":0,"parent":11256,"menu_order":0,"comment_status":"closed","ping_status":"closed","template":"","meta":{"_et_pb_use_builder":"on","_et_pb_old_content":"","_et_gb_content_width":"","footnotes":""},"class_list":["post-10724","page","type-page","status-publish","hentry"],"_links":{"self":[{"href":"https:\/\/www.alarmautomatika.com\/ro\/wp-json\/wp\/v2\/pages\/10724","targetHints":{"allow":["GET"]}}],"collection":[{"href":"https:\/\/www.alarmautomatika.com\/ro\/wp-json\/wp\/v2\/pages"}],"about":[{"href":"https:\/\/www.alarmautomatika.com\/ro\/wp-json\/wp\/v2\/types\/page"}],"author":[{"embeddable":true,"href":"https:\/\/www.alarmautomatika.com\/ro\/wp-json\/wp\/v2\/users\/15"}],"replies":[{"embeddable":true,"href":"https:\/\/www.alarmautomatika.com\/ro\/wp-json\/wp\/v2\/comments?post=10724"}],"version-history":[{"count":1,"href":"https:\/\/www.alarmautomatika.com\/ro\/wp-json\/wp\/v2\/pages\/10724\/revisions"}],"predecessor-version":[{"id":49922,"href":"https:\/\/www.alarmautomatika.com\/ro\/wp-json\/wp\/v2\/pages\/10724\/revisions\/49922"}],"up":[{"embeddable":true,"href":"https:\/\/www.alarmautomatika.com\/ro\/wp-json\/wp\/v2\/pages\/11256"}],"wp:attachment":[{"href":"https:\/\/www.alarmautomatika.com\/ro\/wp-json\/wp\/v2\/media?parent=10724"}],"curies":[{"name":"wp","href":"https:\/\/api.w.org\/{rel}","templated":true}]}}