{"id":10739,"date":"2020-08-20T11:06:35","date_gmt":"2020-08-20T09:06:35","guid":{"rendered":"https:\/\/www.alarmautomatika.com\/propunerea-valorica-idea\/"},"modified":"2023-11-02T11:27:33","modified_gmt":"2023-11-02T10:27:33","slug":"propunerea-valorica-idea","status":"publish","type":"page","link":"https:\/\/www.alarmautomatika.com\/ro\/propunerea-valorica-idea\/","title":{"rendered":"Propunerea valoric\u0103 iDEA"},"content":{"rendered":"<p>[et_pb_section fb_built=&#8221;1&#8243; _builder_version=&#8221;4.16&#8243; _module_preset=&#8221;default&#8221; background_image=&#8221;https:\/\/www.alarmautomatika.com\/wp-content\/uploads\/2020\/09\/idea-rjesenja.jpg&#8221; background_size=&#8221;initial&#8221; background_position=&#8221;top_center&#8221; global_colors_info=&#8221;{}&#8221;][et_pb_row _builder_version=&#8221;4.16&#8243; _module_preset=&#8221;default&#8221; width=&#8221;95%&#8221; global_colors_info=&#8221;{}&#8221;][et_pb_column type=&#8221;4_4&#8243; _builder_version=&#8221;4.16&#8243; _module_preset=&#8221;default&#8221; global_colors_info=&#8221;{}&#8221;][et_pb_text _builder_version=&#8221;4.16&#8243; _dynamic_attributes=&#8221;content&#8221; _module_preset=&#8221;default&#8221; text_font=&#8221;|600|||||||&#8221; text_text_color=&#8221;#ffffff&#8221; text_font_size=&#8221;48px&#8221; text_line_height=&#8221;1.2em&#8221; header_font=&#8221;||||||||&#8221; custom_padding=&#8221;80px|50px||50px|false|true&#8221; text_font_size_tablet=&#8221;40px&#8221; text_font_size_phone=&#8221;32px&#8221; text_font_size_last_edited=&#8221;on|desktop&#8221; text_line_height_tablet=&#8221;&#8221; text_line_height_phone=&#8221;&#8221; text_line_height_last_edited=&#8221;on|phone&#8221; header_font_tablet=&#8221;&#8221; header_font_phone=&#8221;&#8221; header_font_last_edited=&#8221;on|phone&#8221; header_font_size_tablet=&#8221;&#8221; header_font_size_phone=&#8221;&#8221; header_font_size_last_edited=&#8221;on|phone&#8221; header_line_height_tablet=&#8221;&#8221; header_line_height_phone=&#8221;&#8221; header_line_height_last_edited=&#8221;on|desktop&#8221; global_colors_info=&#8221;{}&#8221;]@ET-DC@eyJkeW5hbWljIjp0cnVlLCJjb250ZW50IjoicG9zdF90aXRsZSIsInNldHRpbmdzIjp7ImJlZm9yZSI6IiIsImFmdGVyIjoiIn19@[\/et_pb_text][\/et_pb_column][\/et_pb_row][et_pb_row _builder_version=&#8221;4.16&#8243; _module_preset=&#8221;default&#8221; background_color=&#8221;#ffffff&#8221; width=&#8221;95%&#8221; custom_margin=&#8221;20px||||false|false&#8221; custom_margin_tablet=&#8221;10px||||false|false&#8221; custom_margin_phone=&#8221;10px||||false|false&#8221; custom_margin_last_edited=&#8221;on|desktop&#8221; custom_padding=&#8221;50px|50px|50px|50px|true|true&#8221; box_shadow_style=&#8221;preset2&#8243; global_colors_info=&#8221;{}&#8221;][et_pb_column type=&#8221;4_4&#8243; _builder_version=&#8221;4.16&#8243; _module_preset=&#8221;default&#8221; global_colors_info=&#8221;{}&#8221;][et_pb_text _builder_version=&#8221;4.16&#8243; _module_preset=&#8221;default&#8221; header_2_text_color=&#8221;#ffffff&#8221; header_2_font_size=&#8221;30px&#8221; header_2_line_height=&#8221;1.5em&#8221; background_color=&#8221;#00B16A&#8221; custom_padding=&#8221;6px|15px||15px|false|true&#8221; hover_enabled=&#8221;0&#8243; global_colors_info=&#8221;{}&#8221; sticky_enabled=&#8221;0&#8243;]<\/p>\n<h2><span lang=\"RO\">Valoarea oferit\u0103 este adaptat\u0103 nevoilor specifice ale clien\u021bilor<\/span><\/h2>\n<p>[\/et_pb_text][et_pb_text _builder_version=&#8221;4.16&#8243; _module_preset=&#8221;default&#8221; hover_enabled=&#8221;0&#8243; global_colors_info=&#8221;{}&#8221; sticky_enabled=&#8221;0&#8243;]Ideea principal\u0103 din spatele conceptului iDEA <strong>este<\/strong> <strong>reprezentat\u0103 de patru solu\u021bii de valoare adaptate nevoilor specifice ale diferi\u021bilor utilizatori<\/strong>. Solu\u021biile difer\u0103 \u00een ceea ce prive\u0219te complexitatea \u0219i aplicarea celor mai avansate tehnologii. Fiecare solu\u021bie propus\u0103 include o gam\u0103 de <strong>sisteme fiabile, software unic, servicii profesionale \u0219i o platform\u0103 comun\u0103.<\/strong>[\/et_pb_text][et_pb_image src=&#8221;https:\/\/www.alarmautomatika.com\/wp-content\/uploads\/2021\/04\/iDEA-ponuda-vrijednosti-en.jpg&#8221; title_text=&#8221;iDEA-ponuda-vrijednosti-en&#8221; show_in_lightbox=&#8221;on&#8221; align=&#8221;center&#8221; _builder_version=&#8221;4.16&#8243; _module_preset=&#8221;default&#8221; max_width=&#8221;50%&#8221; max_width_tablet=&#8221;75%&#8221; max_width_phone=&#8221;100%&#8221; max_width_last_edited=&#8221;on|phone&#8221; hover_enabled=&#8221;0&#8243; global_colors_info=&#8221;{}&#8221; sticky_enabled=&#8221;0&#8243;][\/et_pb_image][et_pb_text _builder_version=&#8221;4.21.0&#8243; _module_preset=&#8221;default&#8221; link_font=&#8221;|600|||||||&#8221; header_2_text_align=&#8221;left&#8221; header_2_font_size=&#8221;30px&#8221; header_2_line_height=&#8221;1.2em&#8221; hover_enabled=&#8221;0&#8243; header_font_size_tablet=&#8221;48px&#8221; header_font_size_phone=&#8221;&#8221; header_font_size_last_edited=&#8221;on|tablet&#8221; header_2_font_size_tablet=&#8221;&#8221; header_2_font_size_phone=&#8221;25px&#8221; header_2_font_size_last_edited=&#8221;on|phone&#8221; global_colors_info=&#8221;{}&#8221; sticky_enabled=&#8221;0&#8243;]<\/p>\n<blockquote>\n<h2>Pouzdani sustavi<\/h2>\n<\/blockquote>\n<p>Ponudom su obuhva\u0107eni proizvodi vi\u0161e od 200 svjetski poznatih proizvo\u0111a\u010da opreme za za\u0161titu, sigurnost, nadzor i pametnu automatizaciju. Rije\u010d je o tehnolo\u0161ki naprednim, pouzdanim i za upotrebu jednostavnim rje\u0161enjima koja kontinuirano razvija cijeli in\u017eenjerski tim. Kako bi se zadovoljile specifi\u010dne potrebe pojedinih tr\u017ei\u0161ta, razvijene su vlastite robne marke &#8211; <a href=\"https:\/\/www.dvc.video\/\" target=\"_blank\" rel=\"noopener noreferrer\">DVC<\/a> u videonadzoru i video interfoniji, inOUT u kontroli pristupa i S-Link u protuprovali.<\/p>\n<blockquote>\n<h2>Jedinstveni softveri<\/h2>\n<\/blockquote>\n<p>Softver za automatizaciju za\u0161titarskih nadzornih centara <a href=\"https:\/\/www.alarmautomatika.com\/ro\/software\/receptia-si-procesarea-semnalelor-de-alarma\/\">ABsistemDC(NG)v2<\/a> i PSIM softver <a href=\"https:\/\/www.alarmautomatika.com\/ro\/software\/supravegherea-si-gestionarea-sistemelor-de-protectie\/\">ABsistemDCi<\/a> su prvi razvijeni u vlastitom R&amp;D odjelu. U posljednjih 15 godina razvijeno je preko 20 softverskih rje\u0161enja koja integriraju podatke iz sustava tehni\u010dke za\u0161tite sa softverima za vo\u0111enje poslovanja, npr. <a href=\"https:\/\/www.alarmautomatika.com\/ro\/software\/gestionare-si-control-inteligente\/#parking-rjesenja\">ABsistemPARK<\/a> za upravljanje parkirali\u0161tima, <a href=\"https:\/\/www.alarmautomatika.com\/ro\/software\/gestionare-si-control-inteligente\/#brojanje-ljudi\">ABsistemCounter<\/a> za brojanje klijenata, logisti\u010dku i marketin\u0161ku podr\u0161ku te <a href=\"https:\/\/www.alarmautomatika.com\/ro\/software\/gestionare-si-control-inteligente\/#izdavanje-ulaznica\">ABsistemTicketing<\/a> za upravljanje kontrolom pristupa posjetitelja.<\/p>\n<blockquote>\n<h2>Profesionalne usluge<\/h2>\n<\/blockquote>\n<p>Tvrtka je za svoje klijente razvila mnogobrojne usluge: projektiranje, upravljanje projektima i IT podr\u0161ku za velike tvrtke; projektnu podr\u0161ku i pu\u0161tanje u rad za izvo\u0111a\u010de gradnje; <a href=\"https:\/\/b2b.alarmautomatika.com\/\" target=\"_blank\" rel=\"noopener noreferrer\">B2B platformu<\/a>, edukaciju i tehni\u010dku podr\u0161ku za instalatere; <a href=\"https:\/\/alex.shop\/\" target=\"_blank\" rel=\"noopener noreferrer\">B2C platformu<\/a> i predprogramiranje ure\u0111aja za krajnje korisnike.<\/p>\n<blockquote>\n<h2>Zajedni\u010dke platforme<\/h2>\n<\/blockquote>\n<p>Zajedni\u010dke <a href=\"https:\/\/b2b.alarmautomatika.com\/\" target=\"_blank\" rel=\"noopener noreferrer\">B2B<\/a> ili <a href=\"https:\/\/alex.shop\/\" target=\"_blank\" rel=\"noopener noreferrer\">B2C<\/a> platforme olak\u0161avaju suradnju svih dionika procesa prodaje i implementacije za\u0161titnih sustava, omogu\u0107uju pra\u0107enje svih transakcija i punu transparentnost.<\/p>\n<p>[\/et_pb_text][\/et_pb_column][\/et_pb_row][\/et_pb_section]<\/p>\n","protected":false},"excerpt":{"rendered":"<p>Valoarea oferit\u0103 este adaptat\u0103 nevoilor specifice ale clien\u021bilorIdeea principal\u0103 din spatele conceptului iDEA este reprezentat\u0103 de patru solu\u021bii de valoare adaptate nevoilor specifice ale diferi\u021bilor utilizatori. Solu\u021biile difer\u0103 \u00een ceea ce prive\u0219te complexitatea \u0219i aplicarea celor mai avansate tehnologii. Fiecare solu\u021bie propus\u0103 include o gam\u0103 de sisteme fiabile, software unic, servicii profesionale \u0219i o platform\u0103 [&hellip;]<\/p>\n","protected":false},"author":15,"featured_media":0,"parent":0,"menu_order":0,"comment_status":"closed","ping_status":"closed","template":"","meta":{"_et_pb_use_builder":"on","_et_pb_old_content":"","_et_gb_content_width":"","footnotes":""},"class_list":["post-10739","page","type-page","status-publish","hentry"],"_links":{"self":[{"href":"https:\/\/www.alarmautomatika.com\/ro\/wp-json\/wp\/v2\/pages\/10739","targetHints":{"allow":["GET"]}}],"collection":[{"href":"https:\/\/www.alarmautomatika.com\/ro\/wp-json\/wp\/v2\/pages"}],"about":[{"href":"https:\/\/www.alarmautomatika.com\/ro\/wp-json\/wp\/v2\/types\/page"}],"author":[{"embeddable":true,"href":"https:\/\/www.alarmautomatika.com\/ro\/wp-json\/wp\/v2\/users\/15"}],"replies":[{"embeddable":true,"href":"https:\/\/www.alarmautomatika.com\/ro\/wp-json\/wp\/v2\/comments?post=10739"}],"version-history":[{"count":2,"href":"https:\/\/www.alarmautomatika.com\/ro\/wp-json\/wp\/v2\/pages\/10739\/revisions"}],"predecessor-version":[{"id":48469,"href":"https:\/\/www.alarmautomatika.com\/ro\/wp-json\/wp\/v2\/pages\/10739\/revisions\/48469"}],"wp:attachment":[{"href":"https:\/\/www.alarmautomatika.com\/ro\/wp-json\/wp\/v2\/media?parent=10739"}],"curies":[{"name":"wp","href":"https:\/\/api.w.org\/{rel}","templated":true}]}}