{"id":10748,"date":"2020-08-20T14:22:10","date_gmt":"2020-08-20T12:22:10","guid":{"rendered":"https:\/\/www.alarmautomatika.com\/statii-centrale-de-monitorizare\/"},"modified":"2023-11-10T10:00:40","modified_gmt":"2023-11-10T09:00:40","slug":"statii-centrale-de-monitorizare","status":"publish","type":"page","link":"https:\/\/www.alarmautomatika.com\/ro\/clientii\/statii-centrale-de-monitorizare\/","title":{"rendered":"Sta\u021bii centrale de monitorizare"},"content":{"rendered":"<p>[et_pb_section fb_built=&#8221;1&#8243; _builder_version=&#8221;4.6.2&#8243; _module_preset=&#8221;default&#8221; background_image=&#8221;https:\/\/www.alarmautomatika.com\/wp-content\/uploads\/2020\/09\/dojavni-centri.jpg&#8221; background_size=&#8221;initial&#8221; background_position=&#8221;top_center&#8221;][et_pb_row _builder_version=&#8221;4.6.0&#8243; _module_preset=&#8221;default&#8221; width=&#8221;95%&#8221;][et_pb_column type=&#8221;4_4&#8243; _builder_version=&#8221;4.6.0&#8243; _module_preset=&#8221;default&#8221;][et_pb_text _builder_version=&#8221;4.6.0&#8243; _dynamic_attributes=&#8221;content&#8221; _module_preset=&#8221;default&#8221; text_font=&#8221;|600|||||||&#8221; text_text_color=&#8221;#ffffff&#8221; text_font_size=&#8221;48px&#8221; text_line_height=&#8221;1.2em&#8221; custom_padding=&#8221;80px|50px||50px|false|true&#8221; text_font_size_tablet=&#8221;40px&#8221; text_font_size_phone=&#8221;32px&#8221; text_font_size_last_edited=&#8221;on|desktop&#8221; text_line_height_tablet=&#8221;&#8221; text_line_height_phone=&#8221;&#8221; text_line_height_last_edited=&#8221;on|phone&#8221; header_font_tablet=&#8221;&#8221; header_font_phone=&#8221;&#8221; header_font_last_edited=&#8221;on|phone&#8221; header_font_size_tablet=&#8221;&#8221; header_font_size_phone=&#8221;&#8221; header_font_size_last_edited=&#8221;on|phone&#8221; header_line_height_tablet=&#8221;&#8221; header_line_height_phone=&#8221;&#8221; header_line_height_last_edited=&#8221;on|desktop&#8221;]@ET-DC@eyJkeW5hbWljIjp0cnVlLCJjb250ZW50IjoicG9zdF90aXRsZSIsInNldHRpbmdzIjp7ImJlZm9yZSI6IiIsImFmdGVyIjoiIn19@[\/et_pb_text][\/et_pb_column][\/et_pb_row][et_pb_row column_structure=&#8221;3_4,1_4&#8243; _builder_version=&#8221;4.6.0&#8243; _module_preset=&#8221;default&#8221; background_color=&#8221;#ffffff&#8221; width=&#8221;95%&#8221; custom_margin=&#8221;20px||||false|false&#8221; custom_margin_tablet=&#8221;10px||||false|false&#8221; custom_margin_phone=&#8221;10px||||false|false&#8221; custom_margin_last_edited=&#8221;on|desktop&#8221; custom_padding=&#8221;50px|50px|50px|50px|true|true&#8221; box_shadow_style=&#8221;preset2&#8243;][et_pb_column type=&#8221;3_4&#8243; _builder_version=&#8221;4.6.0&#8243; _module_preset=&#8221;default&#8221;][et_pb_text _builder_version=&#8221;4.7.4&#8243; _module_preset=&#8221;default&#8221; link_font=&#8221;|600|||||||&#8221; header_2_text_align=&#8221;left&#8221; header_2_font_size=&#8221;30px&#8221; header_2_line_height=&#8221;1.2em&#8221; header_font_size_tablet=&#8221;48px&#8221; header_font_size_phone=&#8221;&#8221; header_font_size_last_edited=&#8221;on|tablet&#8221; header_2_font_size_tablet=&#8221;&#8221; header_2_font_size_phone=&#8221;25px&#8221; header_2_font_size_last_edited=&#8221;on|phone&#8221;]<\/p>\n<blockquote>\n<h3><span lang=\"RO\">Software ABsistemDC (NG) pentru centralizarea semnalelor de alarm\u0103<\/span><\/h3>\n<\/blockquote>\n<p>Software-ul <a href=\"https:\/\/www.alarmautomatika.com\/ro\/software\/receptia-si-procesarea-semnalelor-de-alarma\/\">ABsistemDC (NG)<\/a> asigur\u0103 recep\u021bia \u0219i procesarea fiabil\u0103 a semnalelor de alarm\u0103 \u00een <a href=\"https:\/\/www.alarmautomatika.com\/ro\/clientii\/statii-centrale-de-monitorizare\/\">sta\u021biile de monitorizare<\/a>. Este utilizat de majoritatea CMS-urilor din regiune datorit\u0103 op\u021biunilor sale de personalizare \u00een func\u021bie de nevoile utilizatorilor \u0219i func\u021bionalit\u0103\u021bi avansate (verificare video, multilingvism, supraveghere a agen\u021bilor de securitate).<\/p>\n<blockquote>\n<h3><span lang=\"RO\">Platforma online B2B<\/span><\/h3>\n<\/blockquote>\n<p><a href=\"https:\/\/www.alarmautomatika.com\/ro\/platforma-de-afaceri\/#b2b-platforma\">Platforma online B2B<\/a> faciliteaz\u0103 pentru CMS-uri furnizarea de servicii de instalare de securitate tehnic\u0103. Procedurile de preg\u0103tire a comenzilor \u0219i ofertelor de cump\u0103rare sunt cu adev\u0103rat simplificate, iar toat\u0103 birocra\u021bia necesar\u0103 este disponibil\u0103 online, pe toate dispozitivele \u0219i sistemele de operare, 24\/7\/365.<\/p>\n<blockquote>\n<h3><span lang=\"RO\">Actualizare software ABsistemDC(NG)<\/span><\/h3>\n<\/blockquote>\n<p>Actualiz\u0103rile software-ului<a href=\"https:\/\/www.alarmautomatika.com\/ro\/software\/receptia-si-procesarea-semnalelor-de-alarma\/\"> ABsistemDC (NG)<\/a> cu noile versiuni \u0219i func\u021bionalit\u0103\u021bi pot fi efectuate online sau \u00een incinta CMS. Conceptul modular permite CMS-urilor s\u0103 actualizeze software-ul sau s\u0103 \u00eel actualizeze cu noile func\u021bii, imediat ce apare necesitatea.<\/p>\n<blockquote>\n<h3><span lang=\"RO\">Educarea operatorilor pentru a lucra cu software-ul ABsistemDC (NG)<\/span><\/h3>\n<\/blockquote>\n<p>Pe durata implement\u0103rii software-ului <a href=\"https:\/\/www.alarmautomatika.com\/ro\/software\/receptia-si-procesarea-semnalelor-de-alarma\/\">ABsistemDC(NG)<\/a>, se desf\u0103\u0219oar\u0103 \u0219i instruirea operatorilor. Dac\u0103 este necesar, se pot organiza cursuri de formare pentru noii operatori angaja\u021bi \u0219i pentru implementarea noilor module \u0219i func\u021bionalit\u0103\u021bi.<\/p>\n<blockquote>\n<h3><span lang=\"RO\">Asisten\u021b\u0103 tehnic\u0103<\/span><\/h3>\n<\/blockquote>\n<p>Operatorii de securitate tehnic\u0103 de la CMS-uri au acces<a href=\"https:\/\/www.alarmautomatika.com\/ro\/servicii\/conceptul-de-sursa-unica\/#prodajna-i-tehnicka-podrska\"> la asisten\u021b\u0103 tehnic\u0103 complet\u0103 pentru toate sistemele<\/a> din oferta de automatizare a alarmelor. \u00cen plus fa\u021b\u0103 de asisten\u021ba telefonic\u0103 \u0219i online, asisten\u021ba poate fi organizat\u0103 \u0219i la sediile utilizatorilor finali.<\/p>\n<blockquote>\n<h3>O gam\u0103 larg\u0103 de sisteme tehnice de securitate bazate pe tehnologii moderne<\/h3>\n<\/blockquote>\n<p><a href=\"https:\/\/www.alarmautomatika.com\/ro\/servicii\/conceptul-de-sursa-unica\/#oprema-na-skladistu\">Conceptul de surs\u0103 unic\u0103 a unei game largi de dispozitive \u0219i echipamente<\/a> de securitate garanteaz\u0103 instalatorilor c\u0103 vor g\u0103si \u00eentr-un singur loc tot ceea ce au nevoie pentru a crea un sistem de securitate tehnic complet func\u021bional. Departamentul tehnic testeaz\u0103 fiabilitatea echipamentelor \u0219i func\u021bionalitatea general\u0103 a tuturor sistemelor \u0219i, prin urmare, se introduc numai solu\u021bii de securitate demonstrate \u0219i fiabile pe pia\u021b\u0103. Oferta complet\u0103 este sistematizat\u0103 anual, sub forma unui catalog <strong>iDEA Classic cu solu\u021bii de securitate demonstrate.<\/strong><\/p>\n<blockquote>\n<h3><span lang=\"RO\">\u00centre\u021binerea \u0219i \u00eenlocuirea echipamentelor<\/span><\/h3>\n<\/blockquote>\n<p>\u00cen calitate de produc\u0103tor \u0219i <a href=\"https:\/\/www.alarmautomatika.com\/ro\/furnizori\/\">distribuitor autorizat<\/a>, Alarm automatika asigur\u0103 <a href=\"https:\/\/www.alarmautomatika.com\/ro\/servicii\/conceptul-de-sursa-unica\/#servis\">\u00eentre\u021binerea tuturor produselor din portofoliu<\/a>, \u00een timpul perioadei de garan\u021bie sau dup\u0103 expirarea acesteia. \u00centre\u021binerea se face pe baza duratei estimate \u0219i a costurilor repara\u021biilor. Un produs de \u00eenlocuire poate fi furnizat \u00een cazul \u00een care instalatorul are nevoie de acesta.<\/p>\n<blockquote>\n<h3><span lang=\"RO\">Documenta\u021bie tehnic\u0103 \u0219i pentru utilizatorul final<\/span><\/h3>\n<\/blockquote>\n<p>O documenta\u021bie complet\u0103 este furnizat\u0103 pentru toate produsele oferite &#8211; despre func\u021biile sale, certificatele produc\u0103torului, <a href=\"https:\/\/ce.alarmautomatika.com\/\">declara\u021biile de conformitate<\/a> \u0219i manuale de instalare \u0219i de utilizare final\u0103.[\/et_pb_text][\/et_pb_column][et_pb_column type=&#8221;1_4&#8243; _builder_version=&#8221;4.6.0&#8243; _module_preset=&#8221;default&#8221; custom_padding_tablet=&#8221;&#8221; custom_padding_phone=&#8221;&#8221; custom_padding_last_edited=&#8221;on|phone&#8221;][et_pb_image src=&#8221;https:\/\/www.alarmautomatika.com\/wp-content\/uploads\/2020\/10\/idea-classic-logo-home-banner.png&#8221; alt=&#8221;iDEA Classic&#8221; title_text=&#8221;iDEA Classic&#8221; align=&#8221;center&#8221; _builder_version=&#8221;4.7.4&#8243; _module_preset=&#8221;default&#8221;][\/et_pb_image][et_pb_accordion module_class=&#8221;idea-value-propositions&#8221; _builder_version=&#8221;4.9.0&#8243; _module_preset=&#8221;default&#8221; global_module=&#8221;8295&#8243;][et_pb_accordion_item title=&#8221;Blank&#8221; open=&#8221;on&#8221; _builder_version=&#8221;4.9.0&#8243; _module_preset=&#8221;default&#8221; custom_css_main_element=&#8221;display:none;&#8221;][\/et_pb_accordion_item][et_pb_accordion_item title=&#8221;Clien\u021bii&#8221; _builder_version=&#8221;4.9.0&#8243; _module_preset=&#8221;default&#8221;]<\/p>\n<p><a href=\"https:\/\/www.alarmautomatika.com\/ro\/clientii\/instalatori-autorizati-de-sisteme-de-securitate\/\">Instalatori autoriza\u021bi de sisteme de securitate<\/a><\/p>\n<p><a href=\"https:\/\/www.alarmautomatika.com\/ro\/clientii\/statii-centrale-de-monitorizare\/\">Sta\u021bii centrale de monitorizare (CMS)<\/a><\/p>\n<p><a href=\"https:\/\/www.alarmautomatika.com\/ro\/clientii\/electricieni\/\">Electricieni<\/a><\/p>\n<p><a href=\"https:\/\/www.alarmautomatika.com\/ro\/clientii\/aparate-electrice-si-magazine-de-calculatoare-magazine-online\/\">Aparate electrice \u0219i magazine de calculatoare, magazine online<\/a><\/p>\n<p>[\/et_pb_accordion_item][et_pb_accordion_item title=&#8221;Produse&#8221; _builder_version=&#8221;4.9.0&#8243; _module_preset=&#8221;default&#8221;]<\/p>\n<p><a href=\"https:\/\/www.alarmautomatika.com\/ro\/produse\/supraveghere-video\/\">Supraveghere video<\/a><\/p>\n<p><a href=\"https:\/\/www.alarmautomatika.com\/ro\/produse\/sisteme-anti-intruziune-si-antiefractie\/\">Sisteme anti-intruziune \u0219i antiefrac\u021bie<\/a><\/p>\n<p><a href=\"https:\/\/www.alarmautomatika.com\/ro\/produse\/interfoane-video\/\">Interfoane video<\/a><\/p>\n<p><a href=\"https:\/\/www.alarmautomatika.com\/ro\/produse\/controlul-accesului-si-al-duratei-accesului\/\">Controlul accesului \u0219i al duratei accesului<\/a><\/p>\n<p><a href=\"https:\/\/www.alarmautomatika.com\/ro\/produse\/solutii-audio\/\">Solu\u021bii audio<\/a><\/p>\n<p><a href=\"https:\/\/www.alarmautomatika.com\/ro\/produse\/automatizari-pentru-usi-si-rampe\/\">Rampe \u0219i u\u0219i automate<\/a><\/p>\n<p><a href=\"https:\/\/www.alarmautomatika.com\/ro\/produse\/echipamente-pentru-statii-centrale-de-monitorizare\/\">Echipamente pentru sta\u021bii centrale de monitorizare (CMS<\/a><\/p>\n<p><a href=\"https:\/\/www.alarmautomatika.com\/ro\/produse\/sisteme-de-alarma-impotriva-incendiilor-si-gazelor\/\">Sisteme de alarm\u0103 \u00eempotriva incendiilor \u0219i gazelor<\/a><\/p>\n<p>[\/et_pb_accordion_item][et_pb_accordion_item title=&#8221;Software&#8221; _builder_version=&#8221;4.9.0&#8243; _module_preset=&#8221;default&#8221;]<a href=\"https:\/\/www.alarmautomatika.com\/ro\/software\/receptia-si-procesarea-semnalelor-de-alarma\/\">Recep\u021bia \u0219i procesarea semnalelor de alarm\u0103<\/a>[\/et_pb_accordion_item][et_pb_accordion_item title=&#8221;Servicii&#8221; _builder_version=&#8221;4.9.0&#8243; _module_preset=&#8221;default&#8221;]<\/p>\n<p><a href=\"https:\/\/www.alarmautomatika.com\/ro\/servicii\/conceptul-de-sursa-unica\/#prodajna-i-tehnicka-podrska\" data-et-has-event-already=\"true\">Asisten\u021b\u0103 tehnic\u0103 \u0219i pentru v\u00e2nz\u0103ri<\/a><\/p>\n<p><a href=\"https:\/\/www.alarmautomatika.com\/ro\/servicii\/conceptul-de-sursa-unica\/#oprema-na-skladistu\" data-et-has-event-already=\"true\">Produse \u00een stoc<\/a><\/p>\n<p><a href=\"https:\/\/www.alarmautomatika.com\/ro\/servicii\/conceptul-de-sursa-unica\/#edukacija-instalatera\" data-et-has-event-already=\"true\">Educarea instalatorilor<\/a><\/p>\n<p><a href=\"https:\/\/www.alarmautomatika.com\/ro\/servicii\/conceptul-de-sursa-unica\/#b2b-online-platforma\" data-et-has-event-already=\"true\">Platforma online B2B<\/a><\/p>\n<p><a href=\"https:\/\/www.alarmautomatika.com\/ro\/servicii\/conceptul-de-sursa-unica\/#servis\" data-et-has-event-already=\"true\">\u00centre\u021binerea \u0219i \u00eenlocuirea echipamentelor<\/a><\/p>\n<p><a href=\"https:\/\/www.alarmautomatika.com\/ro\/servicii\/conceptul-de-sursa-unica\/#idea-classic-katalog\" data-et-has-event-already=\"true\">Catalogul iDEA Classic<\/a><\/p>\n<p>[\/et_pb_accordion_item][et_pb_accordion_item title=&#8221;Platforma de afaceri&#8221; _builder_version=&#8221;4.9.0&#8243; _module_preset=&#8221;default&#8221;]<a href=\"https:\/\/www.alarmautomatika.com\/ro\/platforma-de-afaceri\/#b2b-platforma\" data-et-has-event-already=\"true\">O platform\u0103 B2B unic\u0103 pentru economisirea timpului<\/a>[\/et_pb_accordion_item][\/et_pb_accordion][\/et_pb_column][\/et_pb_row][\/et_pb_section]<\/p>\n","protected":false},"excerpt":{"rendered":"<p>Software ABsistemDC (NG) pentru centralizarea semnalelor de alarm\u0103 Software-ul ABsistemDC (NG) asigur\u0103 recep\u021bia \u0219i procesarea fiabil\u0103 a semnalelor de alarm\u0103 \u00een sta\u021biile de monitorizare. Este utilizat de majoritatea CMS-urilor din regiune datorit\u0103 op\u021biunilor sale de personalizare \u00een func\u021bie de nevoile utilizatorilor \u0219i func\u021bionalit\u0103\u021bi avansate (verificare video, multilingvism, supraveghere a agen\u021bilor de securitate). Platforma online B2B [&hellip;]<\/p>\n","protected":false},"author":15,"featured_media":0,"parent":11177,"menu_order":0,"comment_status":"closed","ping_status":"closed","template":"","meta":{"_et_pb_use_builder":"on","_et_pb_old_content":"","_et_gb_content_width":"","footnotes":""},"class_list":["post-10748","page","type-page","status-publish","hentry"],"_links":{"self":[{"href":"https:\/\/www.alarmautomatika.com\/ro\/wp-json\/wp\/v2\/pages\/10748","targetHints":{"allow":["GET"]}}],"collection":[{"href":"https:\/\/www.alarmautomatika.com\/ro\/wp-json\/wp\/v2\/pages"}],"about":[{"href":"https:\/\/www.alarmautomatika.com\/ro\/wp-json\/wp\/v2\/types\/page"}],"author":[{"embeddable":true,"href":"https:\/\/www.alarmautomatika.com\/ro\/wp-json\/wp\/v2\/users\/15"}],"replies":[{"embeddable":true,"href":"https:\/\/www.alarmautomatika.com\/ro\/wp-json\/wp\/v2\/comments?post=10748"}],"version-history":[{"count":2,"href":"https:\/\/www.alarmautomatika.com\/ro\/wp-json\/wp\/v2\/pages\/10748\/revisions"}],"predecessor-version":[{"id":50491,"href":"https:\/\/www.alarmautomatika.com\/ro\/wp-json\/wp\/v2\/pages\/10748\/revisions\/50491"}],"up":[{"embeddable":true,"href":"https:\/\/www.alarmautomatika.com\/ro\/wp-json\/wp\/v2\/pages\/11177"}],"wp:attachment":[{"href":"https:\/\/www.alarmautomatika.com\/ro\/wp-json\/wp\/v2\/media?parent=10748"}],"curies":[{"name":"wp","href":"https:\/\/api.w.org\/{rel}","templated":true}]}}