{"id":10764,"date":"2020-08-20T14:32:02","date_gmt":"2020-08-20T12:32:02","guid":{"rendered":"https:\/\/www.alarmautomatika.com\/interfoane-video\/"},"modified":"2024-04-22T08:58:50","modified_gmt":"2024-04-22T06:58:50","slug":"interfoane-video","status":"publish","type":"page","link":"https:\/\/www.alarmautomatika.com\/ro\/produse\/interfoane-video\/","title":{"rendered":"Interfoane video"},"content":{"rendered":"<p>[et_pb_section fb_built=&#8221;1&#8243; _builder_version=&#8221;4.16&#8243; _module_preset=&#8221;default&#8221; background_image=&#8221;https:\/\/www.alarmautomatika.com\/wp-content\/uploads\/2020\/09\/Videointerfoni.jpg&#8221; background_size=&#8221;initial&#8221; background_position=&#8221;top_center&#8221; global_colors_info=&#8221;{}&#8221;][et_pb_row _builder_version=&#8221;4.16&#8243; _module_preset=&#8221;default&#8221; width=&#8221;95%&#8221; global_colors_info=&#8221;{}&#8221;][et_pb_column type=&#8221;4_4&#8243; _builder_version=&#8221;4.16&#8243; _module_preset=&#8221;default&#8221; global_colors_info=&#8221;{}&#8221;][et_pb_text _builder_version=&#8221;4.16&#8243; _dynamic_attributes=&#8221;content&#8221; _module_preset=&#8221;default&#8221; text_font=&#8221;|600|||||||&#8221; text_text_color=&#8221;#ffffff&#8221; text_font_size=&#8221;48px&#8221; text_line_height=&#8221;1.2em&#8221; custom_padding=&#8221;80px|50px||50px|false|true&#8221; text_font_size_tablet=&#8221;40px&#8221; text_font_size_phone=&#8221;32px&#8221; text_font_size_last_edited=&#8221;on|desktop&#8221; text_line_height_tablet=&#8221;&#8221; text_line_height_phone=&#8221;&#8221; text_line_height_last_edited=&#8221;on|phone&#8221; header_font_tablet=&#8221;&#8221; header_font_phone=&#8221;&#8221; header_font_last_edited=&#8221;on|phone&#8221; header_font_size_tablet=&#8221;&#8221; header_font_size_phone=&#8221;&#8221; header_font_size_last_edited=&#8221;on|phone&#8221; header_line_height_tablet=&#8221;&#8221; header_line_height_phone=&#8221;&#8221; header_line_height_last_edited=&#8221;on|desktop&#8221; global_colors_info=&#8221;{}&#8221;]@ET-DC@eyJkeW5hbWljIjp0cnVlLCJjb250ZW50IjoicG9zdF90aXRsZSIsInNldHRpbmdzIjp7ImJlZm9yZSI6IiIsImFmdGVyIjoiIn19@[\/et_pb_text][\/et_pb_column][\/et_pb_row][et_pb_row column_structure=&#8221;3_4,1_4&#8243; _builder_version=&#8221;4.16&#8243; _module_preset=&#8221;default&#8221; background_color=&#8221;#ffffff&#8221; width=&#8221;95%&#8221; custom_margin=&#8221;20px||||false|false&#8221; custom_margin_tablet=&#8221;10px||||false|false&#8221; custom_margin_phone=&#8221;10px||||false|false&#8221; custom_margin_last_edited=&#8221;on|desktop&#8221; custom_padding=&#8221;50px|50px|50px|50px|true|true&#8221; box_shadow_style=&#8221;preset2&#8243; global_colors_info=&#8221;{}&#8221;][et_pb_column type=&#8221;3_4&#8243; _builder_version=&#8221;4.16&#8243; _module_preset=&#8221;default&#8221; global_colors_info=&#8221;{}&#8221;][et_pb_text _builder_version=&#8221;4.24.3&#8243; _module_preset=&#8221;default&#8221; link_font=&#8221;|600|||||||&#8221; header_2_text_align=&#8221;left&#8221; header_2_font_size=&#8221;30px&#8221; header_2_line_height=&#8221;1.2em&#8221; hover_enabled=&#8221;0&#8243; header_font_size_tablet=&#8221;48px&#8221; header_font_size_phone=&#8221;&#8221; header_font_size_last_edited=&#8221;on|tablet&#8221; header_2_font_size_tablet=&#8221;&#8221; header_2_font_size_phone=&#8221;25px&#8221; header_2_font_size_last_edited=&#8221;on|phone&#8221; global_colors_info=&#8221;{}&#8221; sticky_enabled=&#8221;0&#8243;]<\/p>\n<blockquote>\n<h2><span lang=\"RO\">Flexibilitatea monitoarelor DVC \u0219i a panourilor de intrare<\/span><\/h2>\n<\/blockquote>\n<p>Monitoarele de interior <a href=\"https:\/\/www.dvc.video\/\" target=\"_blank\" rel=\"noopener\">DVC<\/a> sunt flexibile \u00een ceea ce prive\u0219te dimensiunea \u0219i performan\u021ba adaptate nevoilor diferite ale clien\u021bilor. Cea mai avansat\u0103 unitate ofer\u0103 acces la internet prin Wi-Fi, f\u0103r\u0103 a fi nevoie de un dispozitiv suplimentar, controlul se face printr-un ecran tactil, accept\u0103 exploatarea pe telefoane inteligente \u0219i pentru extinderea sistemului se pot conecta monitoare auxiliare.<\/p>\n<p>Panourile de intrare <a href=\"https:\/\/www.dvc.video\/\" target=\"_blank\" rel=\"noopener\">DVC<\/a> se caracterizeaz\u0103 prin calitate \u0219i design de excelen\u021b\u0103.\u00a0 Sunt fabricate din o\u021bel inoxidabil sau aluminiu mat, cresc\u00e2nd rezisten\u021ba \u00eempotriva influen\u021bei atmosferice. Modelele mai noi au o calitate superioar\u0103 a imaginii oferit\u0103 de o camer\u0103 color avansat\u0103 cu obiectiv fisheye, iar dimensiunile lor reduse adaug\u0103 flexibilitate la alegerea unui loc de montare.<\/p>\n<blockquote>\n<h2><span lang=\"RO\">Sisteme de interfon video DVC 2Easy<\/span><\/h2>\n<\/blockquote>\n<p>Cu doar 2 fire (f\u0103r\u0103 polaritate) \u00een \u00eentreaga instala\u021bie, sistemul 2Easy este un sistem de instalare simplificat care permite ca sistemele audio existente, \u00een special \u00een cl\u0103dirile reziden\u021biale mai mari, s\u0103 poat\u0103 fi \u00eenlocuite cu u\u0219urin\u021b\u0103 de sisteme video<a href=\"https:\/\/www.dvc.video\/\" target=\"_blank\" rel=\"noopener\"> DVC<\/a> moderne, f\u0103r\u0103 costuri suplimentare de instalare.<\/p>\n<blockquote>\n<h2><span lang=\"RO\">Sisteme de interfon video DVC IP <\/span><\/h2>\n<\/blockquote>\n<p>Sistemul de interfon video <a href=\"https:\/\/www.dvc.video\/\" target=\"_blank\" rel=\"noopener\">DVC<\/a> IP este stabil, flexibil, accesibil \u0219i u\u0219or de instalat \u0219i de utilizat. Acestea integreaz\u0103 cu u\u0219urin\u021b\u0103 alte sisteme. Pot fi programate p\u00e2n\u0103 la 32 de monitoare pe adres\u0103, cu distan\u021b\u0103 nelimitat\u0103, instalare rapid\u0103 \u0219i facil\u0103, f\u0103r\u0103 surse de alimentare, distribuitori sau orice alte module necesare. Acest lucru \u00eel face ideal pentru orice tipuri de cl\u0103diri, mici, medii \u0219i mari. Sistemul IP furnizeaz\u0103 semnale audio \u0219i video de \u00eenalt\u0103 calitate, utilizeaz\u0103 structura de re\u021bea existent\u0103, permite integrarea cu antene Wi-Fi \u0219i sisteme cu 2 fire, precum \u0219i utilizarea surselor de alimentare PoE universale \u0219i monitorizarea camerelor IP CCTV.<\/p>\n<blockquote>\n<h2><span lang=\"RO\">Panouri de intrare modulare DVC <\/span><\/h2>\n<\/blockquote>\n<p>Suplimentar fa\u021b\u0103 de func\u021biile standard ale fiec\u0103rui panou de intrare <a href=\"https:\/\/www.dvc.video\/\" target=\"_blank\" rel=\"noopener\">DVC<\/a>, sistemul modular permite ajustarea maxim\u0103 la nevoile specifice ale cl\u0103dirii. Panoul complet modular ofer\u0103 posibilitatea de a combina module cu 4 butoane \u00een cadre care accept\u0103 2, 3, 4 sau 6 astfel de module. Este posibil\u0103 instalarea butoanelor oarbe pentru tastele neutilizate. Sistemul este complet flexibil \u0219i adaptabil la diferitele nevoi ale clien\u021bilor, toate aceste func\u021bionalit\u0103\u021bi contribuind la estetica general\u0103.<\/p>\n<blockquote>\n<h2><span lang=\"RO\">Aplica\u021bie DVC 2Easy pentru sisteme de interfon video<\/span><\/h2>\n<\/blockquote>\n<p>Aplica\u021bia mobil\u0103 DVC 2Easy este u\u0219or de utilizat \u0219i ofer\u0103 o experien\u021b\u0103 de administrare a sistemului u\u0219or de utilizat. Din meniul aplica\u021biilor, utilizatorul poate r\u0103spunde la apeluri din panoul de intrare, poate vorbi cu vizitatorii prin intermediul dispozitivului s\u0103u mobil, poate primi apeluri video \u0219i poate oferi acces la sediul s\u0103u prin telefonul mobil sau tablet\u0103.[\/et_pb_text][\/et_pb_column][et_pb_column type=&#8221;1_4&#8243; _builder_version=&#8221;4.16&#8243; _module_preset=&#8221;default&#8221; custom_padding_tablet=&#8221;&#8221; custom_padding_phone=&#8221;&#8221; custom_padding_last_edited=&#8221;on|phone&#8221; global_colors_info=&#8221;{}&#8221;][et_pb_image src=&#8221;https:\/\/www.alarmautomatika.com\/wp-content\/uploads\/2020\/10\/idea-classic-logo-home-banner.png&#8221; alt=&#8221;iDEA Classic&#8221; title_text=&#8221;iDEA Classic&#8221; align=&#8221;center&#8221; _builder_version=&#8221;4.16&#8243; _module_preset=&#8221;default&#8221; global_colors_info=&#8221;{}&#8221;][\/et_pb_image][et_pb_accordion module_class=&#8221;idea-value-propositions&#8221; _builder_version=&#8221;4.9.0&#8243; _module_preset=&#8221;default&#8221; global_module=&#8221;8295&#8243; global_colors_info=&#8221;{}&#8221;][et_pb_accordion_item title=&#8221;Blank&#8221; open=&#8221;on&#8221; _builder_version=&#8221;4.16&#8243; _module_preset=&#8221;default&#8221; custom_css_main_element=&#8221;display:none;&#8221; global_colors_info=&#8221;{}&#8221;][\/et_pb_accordion_item][et_pb_accordion_item title=&#8221;Clien\u021bi&#8221; _builder_version=&#8221;4.16&#8243; _module_preset=&#8221;default&#8221; global_colors_info=&#8221;{}&#8221; open=&#8221;off&#8221;]<\/p>\n<p><a href=\"https:\/\/www.alarmautomatika.com\/ro\/clientii\/instalatori-autorizati-de-sisteme-de-securitate\/\">Instalatori autoriza\u021bi de sisteme de securitate<\/a><\/p>\n<p><a href=\"https:\/\/www.alarmautomatika.com\/ro\/clientii\/statii-centrale-de-monitorizare\/\">Sta\u021bii centrale de monitorizare (CMS)<\/a><\/p>\n<p><a href=\"https:\/\/www.alarmautomatika.com\/ro\/clientii\/electricieni\/\">Electricieni<\/a><\/p>\n<p><a href=\"https:\/\/www.alarmautomatika.com\/ro\/clientii\/aparate-electrice-si-magazine-de-calculatoare-magazine-online\/\">Aparate electrice \u0219i magazine de calculatoare, magazine online<\/a><\/p>\n<p>[\/et_pb_accordion_item][et_pb_accordion_item title=&#8221;Produse &#8221; _builder_version=&#8221;4.16&#8243; _module_preset=&#8221;default&#8221; global_colors_info=&#8221;{}&#8221; open=&#8221;off&#8221;]<\/p>\n<p><a href=\"https:\/\/www.alarmautomatika.com\/ro\/produse\/supraveghere-video\/\">Supraveghere video<\/a><\/p>\n<p><a href=\"https:\/\/www.alarmautomatika.com\/ro\/produse\/sisteme-anti-intruziune-si-antiefractie\/\">Sisteme anti-intruziune \u0219i antiefrac\u021bie<\/a><\/p>\n<p><a href=\"https:\/\/www.alarmautomatika.com\/ro\/produse\/interfoane-video\/\">Interfoane video<\/a><\/p>\n<p><a href=\"https:\/\/www.alarmautomatika.com\/ro\/produse\/controlul-accesului-si-al-duratei-accesului\/\">Controlul accesului \u0219i al duratei accesului<\/a><\/p>\n<p><a href=\"https:\/\/www.alarmautomatika.com\/ro\/produse\/solutii-audio\/\">Solu\u021bii audio<\/a><\/p>\n<p><a href=\"https:\/\/www.alarmautomatika.com\/proizvodi\/automatske-rampe-i-vrata\/\">Rampe \u0219i u\u0219i automate<\/a><\/p>\n<p><a href=\"https:\/\/www.alarmautomatika.com\/ro\/produse\/echipamente-pentru-statii-centrale-de-monitorizare\/\">Echipamente pentru sta\u021bii centrale de monitorizare (CMS)<\/a><\/p>\n<p><a href=\"https:\/\/www.alarmautomatika.com\/ro\/produse\/sisteme-de-alarma-impotriva-incendiilor-si-gazelor\/\">Sisteme de alarm\u0103 \u00eempotriva incendiilor \u0219i gazelor<\/a><\/p>\n<p>[\/et_pb_accordion_item][et_pb_accordion_item title=&#8221;Software&#8221; _builder_version=&#8221;4.16&#8243; _module_preset=&#8221;default&#8221; global_colors_info=&#8221;{}&#8221; open=&#8221;off&#8221;]<a href=\"https:\/\/www.alarmautomatika.com\/ro\/software\/receptia-si-procesarea-semnalelor-de-alarma\/\">Recep\u021bia \u0219i procesarea semnalelor de alarm\u0103<\/a>[\/et_pb_accordion_item][et_pb_accordion_item title=&#8221;Servicii&#8221; _builder_version=&#8221;4.16&#8243; _module_preset=&#8221;default&#8221; global_colors_info=&#8221;{}&#8221; open=&#8221;off&#8221;]<\/p>\n<p><a href=\"https:\/\/www.alarmautomatika.com\/ro\/servicii\/conceptul-de-sursa-unica\/#prodajna-i-tehnicka-podrska\" data-et-has-event-already=\"true\">Asisten\u021b\u0103 tehnic\u0103 \u0219i pentru v\u00e2nz\u0103ri<\/a><\/p>\n<p><a href=\"https:\/\/www.alarmautomatika.com\/ro\/servicii\/conceptul-de-sursa-unica\/#oprema-na-skladistu\" data-et-has-event-already=\"true\">Produse \u00een stoc<\/a><\/p>\n<p><a href=\"https:\/\/www.alarmautomatika.com\/ro\/servicii\/conceptul-de-sursa-unica\/#edukacija-instalatera\" data-et-has-event-already=\"true\">Educarea instalatorilor<\/a><\/p>\n<p><a href=\"https:\/\/www.alarmautomatika.com\/ro\/servicii\/conceptul-de-sursa-unica\/#b2b-online-platforma\" data-et-has-event-already=\"true\">Platforma online B2B<\/a><\/p>\n<p><a href=\"https:\/\/www.alarmautomatika.com\/ro\/servicii\/conceptul-de-sursa-unica\/#servis\" data-et-has-event-already=\"true\">\u00centre\u021binerea \u0219i \u00eenlocuirea echipamentelor<\/a><\/p>\n<p><a href=\"https:\/\/www.alarmautomatika.com\/ro\/servicii\/conceptul-de-sursa-unica\/#idea-classic-katalog\" data-et-has-event-already=\"true\">Catalogul iDEA Classic<\/a><\/p>\n<p>[\/et_pb_accordion_item][et_pb_accordion_item title=&#8221;Platforma de afaceri&#8221; _builder_version=&#8221;4.16&#8243; _module_preset=&#8221;default&#8221; global_colors_info=&#8221;{}&#8221; open=&#8221;off&#8221;]<a href=\"https:\/\/www.alarmautomatika.com\/ro\/platforma-de-afaceri\/#b2b-platforma\" data-et-has-event-already=\"true\">O platform\u0103 B2B unic\u0103 pentru economisirea timpului<\/a>[\/et_pb_accordion_item][\/et_pb_accordion][\/et_pb_column][\/et_pb_row][\/et_pb_section]<\/p>\n","protected":false},"excerpt":{"rendered":"<p>Flexibilitatea monitoarelor DVC \u0219i a panourilor de intrare Monitoarele de interior DVC sunt flexibile \u00een ceea ce prive\u0219te dimensiunea \u0219i performan\u021ba adaptate nevoilor diferite ale clien\u021bilor. Cea mai avansat\u0103 unitate ofer\u0103 acces la internet prin Wi-Fi, f\u0103r\u0103 a fi nevoie de un dispozitiv suplimentar, controlul se face printr-un ecran tactil, accept\u0103 exploatarea pe telefoane inteligente [&hellip;]<\/p>\n","protected":false},"author":15,"featured_media":0,"parent":11256,"menu_order":0,"comment_status":"closed","ping_status":"closed","template":"","meta":{"_et_pb_use_builder":"on","_et_pb_old_content":"","_et_gb_content_width":"","footnotes":""},"class_list":["post-10764","page","type-page","status-publish","hentry"],"_links":{"self":[{"href":"https:\/\/www.alarmautomatika.com\/ro\/wp-json\/wp\/v2\/pages\/10764","targetHints":{"allow":["GET"]}}],"collection":[{"href":"https:\/\/www.alarmautomatika.com\/ro\/wp-json\/wp\/v2\/pages"}],"about":[{"href":"https:\/\/www.alarmautomatika.com\/ro\/wp-json\/wp\/v2\/types\/page"}],"author":[{"embeddable":true,"href":"https:\/\/www.alarmautomatika.com\/ro\/wp-json\/wp\/v2\/users\/15"}],"replies":[{"embeddable":true,"href":"https:\/\/www.alarmautomatika.com\/ro\/wp-json\/wp\/v2\/comments?post=10764"}],"version-history":[{"count":2,"href":"https:\/\/www.alarmautomatika.com\/ro\/wp-json\/wp\/v2\/pages\/10764\/revisions"}],"predecessor-version":[{"id":53564,"href":"https:\/\/www.alarmautomatika.com\/ro\/wp-json\/wp\/v2\/pages\/10764\/revisions\/53564"}],"up":[{"embeddable":true,"href":"https:\/\/www.alarmautomatika.com\/ro\/wp-json\/wp\/v2\/pages\/11256"}],"wp:attachment":[{"href":"https:\/\/www.alarmautomatika.com\/ro\/wp-json\/wp\/v2\/media?parent=10764"}],"curies":[{"name":"wp","href":"https:\/\/api.w.org\/{rel}","templated":true}]}}