{"id":10770,"date":"2020-08-20T14:33:18","date_gmt":"2020-08-20T12:33:18","guid":{"rendered":"https:\/\/www.alarmautomatika.com\/solutii-audio\/"},"modified":"2023-11-10T10:00:42","modified_gmt":"2023-11-10T09:00:42","slug":"solutii-audio","status":"publish","type":"page","link":"https:\/\/www.alarmautomatika.com\/ro\/produse\/solutii-audio\/","title":{"rendered":"Solu\u021bii audio"},"content":{"rendered":"<p>[et_pb_section fb_built=&#8221;1&#8243; _builder_version=&#8221;4.6.2&#8243; _module_preset=&#8221;default&#8221; background_image=&#8221;https:\/\/www.alarmautomatika.com\/wp-content\/uploads\/2020\/09\/Audio-rjesenja.jpg&#8221; background_size=&#8221;initial&#8221; background_position=&#8221;top_center&#8221;][et_pb_row _builder_version=&#8221;4.6.0&#8243; _module_preset=&#8221;default&#8221; width=&#8221;95%&#8221;][et_pb_column type=&#8221;4_4&#8243; _builder_version=&#8221;4.6.0&#8243; _module_preset=&#8221;default&#8221;][et_pb_text _builder_version=&#8221;4.6.0&#8243; _dynamic_attributes=&#8221;content&#8221; _module_preset=&#8221;default&#8221; text_font=&#8221;|600|||||||&#8221; text_text_color=&#8221;#ffffff&#8221; text_font_size=&#8221;48px&#8221; text_line_height=&#8221;1.2em&#8221; custom_padding=&#8221;80px|50px||50px|false|true&#8221; hover_enabled=&#8221;0&#8243; text_font_size_tablet=&#8221;40px&#8221; text_font_size_phone=&#8221;32px&#8221; text_font_size_last_edited=&#8221;on|desktop&#8221; text_line_height_tablet=&#8221;&#8221; text_line_height_phone=&#8221;&#8221; text_line_height_last_edited=&#8221;on|phone&#8221; header_font_tablet=&#8221;&#8221; header_font_phone=&#8221;&#8221; header_font_last_edited=&#8221;on|phone&#8221; header_font_size_tablet=&#8221;&#8221; header_font_size_phone=&#8221;&#8221; header_font_size_last_edited=&#8221;on|phone&#8221; header_line_height_tablet=&#8221;&#8221; header_line_height_phone=&#8221;&#8221; header_line_height_last_edited=&#8221;on|desktop&#8221; sticky_enabled=&#8221;0&#8243;]@ET-DC@eyJkeW5hbWljIjp0cnVlLCJjb250ZW50IjoicG9zdF90aXRsZSIsInNldHRpbmdzIjp7ImJlZm9yZSI6IiIsImFmdGVyIjoiIn19@[\/et_pb_text][\/et_pb_column][\/et_pb_row][et_pb_row column_structure=&#8221;3_4,1_4&#8243; _builder_version=&#8221;4.6.0&#8243; _module_preset=&#8221;default&#8221; background_color=&#8221;#ffffff&#8221; width=&#8221;95%&#8221; custom_margin=&#8221;20px||||false|false&#8221; custom_margin_tablet=&#8221;10px||||false|false&#8221; custom_margin_phone=&#8221;10px||||false|false&#8221; custom_margin_last_edited=&#8221;on|desktop&#8221; custom_padding=&#8221;50px|50px|50px|50px|true|true&#8221; box_shadow_style=&#8221;preset2&#8243;][et_pb_column type=&#8221;3_4&#8243; _builder_version=&#8221;4.6.0&#8243; _module_preset=&#8221;default&#8221;][et_pb_text _builder_version=&#8221;4.7.4&#8243; _module_preset=&#8221;default&#8221; link_font=&#8221;|600|||||||&#8221; header_2_text_align=&#8221;left&#8221; header_2_font_size=&#8221;30px&#8221; header_2_line_height=&#8221;1.2em&#8221; hover_enabled=&#8221;0&#8243; header_font_size_tablet=&#8221;48px&#8221; header_font_size_phone=&#8221;&#8221; header_font_size_last_edited=&#8221;on|tablet&#8221; header_2_font_size_tablet=&#8221;&#8221; header_2_font_size_phone=&#8221;25px&#8221; header_2_font_size_last_edited=&#8221;on|phone&#8221; sticky_enabled=&#8221;0&#8243;]<\/p>\n<blockquote>\n<h2><span lang=\"RO\">Surse audio Fonestar<\/span><\/h2>\n<\/blockquote>\n<p>Amplificatoarele <a href=\"https:\/\/fonestar.com\/en\" target=\"_blank\" rel=\"noopener\">Fonestar<\/a> v\u0103 permit s\u0103 transmite\u021bi sunetul din diverse surse &#8211; radio, playere USB\/SD\/ MP3 \u0219i microfoane. Prin urmare, pot fi adaptate pentru utilizare cu diverse aplicabilit\u0103\u021bi (magazine, \u0219coli, biserici, \u0219coli, cafenele).<\/p>\n<blockquote>\n<h2><span lang=\"RO\">Control sunet Fonestar<\/span><\/h2>\n<\/blockquote>\n<p>Gama de<a href=\"https:\/\/fonestar.com\/\" target=\"_blank\" rel=\"noopener\"> amplificatoare Fonestar<\/a> cu niveluri diferite de putere permite adaptarea total\u0103 a solu\u021biei audio la cerin\u021bele aplica\u021biei. Cu atenuatoare suplimentare, este posibil\u0103 reglarea diferit\u0103 a volumului \u00een spa\u021bii diferite.<\/p>\n<blockquote>\n<h2><span lang=\"RO\">Boxe Fonestar<\/span><\/h2>\n<\/blockquote>\n<p><a href=\"https:\/\/fonestar.com\/\" target=\"_blank\" rel=\"noopener\">Boxele Fonestar<\/a> sunt disponibile \u00een diferite modele (montate pe suprafa\u021b\u0103, pe tavan) \u0219i cu func\u021bii diferite. Acest lucru permite echiparea fiec\u0103rui spa\u021biu cu un difuzor adecvat care s\u0103 se potriveasc\u0103 complet \u00een interior cu designul s\u0103u.<\/p>\n<blockquote>\n<h2><span lang=\"RO\">Solu\u021bie de distribu\u021bie audio wireless Fonestar<\/span><\/h2>\n<\/blockquote>\n<p>Solu\u021biile wireless <a href=\"https:\/\/fonestar.com\/\" target=\"_blank\" rel=\"noopener\">Fonestar<\/a> sunt utilizate pentru spa\u021bii care sunt deja \u00een func\u021biune \u0219i \u00een care procedura de cablare a sistemului de difuzoare public ar interfera cu func\u021bionarea. Sunt disponibile mai multe tipuri de receptoare wireless, c\u0103\u0219ti, microfoane \u0219i surse de alimentare.<\/p>\n<blockquote>\n<h2><span lang=\"RO\">Comunicare contactless Fonestar<\/span><\/h2>\n<\/blockquote>\n<p>Sistemele de interfon <a href=\"https:\/\/fonestar.com\/\" target=\"_blank\" rel=\"noopener\">Fonestar<\/a> permit comunicarea vocal\u0103 clar\u0103 \u00eentre persoanele care se afl\u0103 \u00een spa\u021bii separate sau comunic\u0103 printr-o parti\u021bie din sticl\u0103 f\u0103r\u0103 contact fizic. Solu\u021bii independente extrem de simple sunt disponibile pentru instalare \u0219i utilizare. Acestea constau practic din difuzoare \u0219i microfoane care pot fi conectate prin cablu \u0219i wireless.[\/et_pb_text][\/et_pb_column][et_pb_column type=&#8221;1_4&#8243; _builder_version=&#8221;4.6.0&#8243; _module_preset=&#8221;default&#8221; custom_padding_tablet=&#8221;&#8221; custom_padding_phone=&#8221;&#8221; custom_padding_last_edited=&#8221;on|phone&#8221;][et_pb_image src=&#8221;https:\/\/www.alarmautomatika.com\/wp-content\/uploads\/2020\/10\/idea-classic-logo-home-banner.png&#8221; alt=&#8221;iDEA Classic&#8221; title_text=&#8221;iDEA Classic&#8221; align=&#8221;center&#8221; _builder_version=&#8221;4.7.4&#8243; _module_preset=&#8221;default&#8221; hover_enabled=&#8221;0&#8243; sticky_enabled=&#8221;0&#8243;][\/et_pb_image][et_pb_accordion module_class=&#8221;idea-value-propositions&#8221; _builder_version=&#8221;4.9.0&#8243; _module_preset=&#8221;default&#8221; hover_enabled=&#8221;0&#8243; global_module=&#8221;8295&#8243; sticky_enabled=&#8221;0&#8243;][et_pb_accordion_item title=&#8221;Blank&#8221; open=&#8221;on&#8221; _builder_version=&#8221;4.9.0&#8243; _module_preset=&#8221;default&#8221; custom_css_main_element=&#8221;display:none;&#8221;][\/et_pb_accordion_item][et_pb_accordion_item title=&#8221;Clien\u021bi&#8221; _builder_version=&#8221;4.9.0&#8243; _module_preset=&#8221;default&#8221; open=&#8221;off&#8221;]<\/p>\n<p><a href=\"https:\/\/www.alarmautomatika.com\/ro\/clientii\/instalatori-autorizati-de-sisteme-de-securitate\/\">Instalatori autoriza\u021bi de sisteme de securitate<\/a><\/p>\n<p><a href=\"https:\/\/www.alarmautomatika.com\/ro\/clientii\/statii-centrale-de-monitorizare\/\">Sta\u021bii centrale de monitorizare (CMS)<\/a><\/p>\n<p><a href=\"https:\/\/www.alarmautomatika.com\/ro\/clientii\/electricieni\/\">Electricieni<\/a><\/p>\n<p><a href=\"https:\/\/www.alarmautomatika.com\/ro\/clientii\/aparate-electrice-si-magazine-de-calculatoare-magazine-online\/\">Aparate electrice \u0219i magazine de calculatoare, magazine online<\/a><\/p>\n<p>[\/et_pb_accordion_item][et_pb_accordion_item title=&#8221;Produse &#8221; _builder_version=&#8221;4.9.0&#8243; _module_preset=&#8221;default&#8221; open=&#8221;off&#8221;]<\/p>\n<p><a href=\"https:\/\/www.alarmautomatika.com\/ro\/produse\/supraveghere-video\/\">Supraveghere video<\/a><\/p>\n<p><a href=\"https:\/\/www.alarmautomatika.com\/ro\/produse\/sisteme-anti-intruziune-si-antiefractie\/\">Sisteme anti-intruziune \u0219i antiefrac\u021bie<\/a><\/p>\n<p><a href=\"https:\/\/www.alarmautomatika.com\/ro\/produse\/interfoane-video\/\">Interfoane video<\/a><\/p>\n<p><a href=\"https:\/\/www.alarmautomatika.com\/ro\/produse\/controlul-accesului-si-al-duratei-accesului\/\">Controlul accesului \u0219i al duratei accesului<\/a><\/p>\n<p><a href=\"https:\/\/www.alarmautomatika.com\/ro\/produse\/solutii-audio\/\">Solu\u021bii audio<\/a><\/p>\n<p><a href=\"https:\/\/www.alarmautomatika.com\/ro\/produse\/automatizari-pentru-usi-si-rampe\/\">Rampe \u0219i u\u0219i automate<\/a><\/p>\n<p><a href=\"https:\/\/www.alarmautomatika.com\/ro\/produse\/echipamente-pentru-statii-centrale-de-monitorizare\/\">Echipamente pentru sta\u021bii centrale de monitorizare (CMS)<\/a><\/p>\n<p><a href=\"https:\/\/www.alarmautomatika.com\/ro\/produse\/sisteme-de-alarma-impotriva-incendiilor-si-gazelor\/\">Sisteme de alarm\u0103 \u00eempotriva incendiilor \u0219i gazelor<\/a><\/p>\n<p>[\/et_pb_accordion_item][et_pb_accordion_item title=&#8221;Software&#8221; _builder_version=&#8221;4.9.0&#8243; _module_preset=&#8221;default&#8221; open=&#8221;off&#8221;]<a href=\"https:\/\/www.alarmautomatika.com\/ro\/software\/receptia-si-procesarea-semnalelor-de-alarma\/\">Recep\u021bia \u0219i procesarea semnalelor de alarm\u0103<\/a>[\/et_pb_accordion_item][et_pb_accordion_item title=&#8221;Servicii&#8221; _builder_version=&#8221;4.9.0&#8243; _module_preset=&#8221;default&#8221; open=&#8221;off&#8221;]<\/p>\n<p><a href=\"https:\/\/www.alarmautomatika.com\/ro\/servicii\/conceptul-de-sursa-unica\/#prodajna-i-tehnicka-podrska\" data-et-has-event-already=\"true\">Asisten\u021b\u0103 tehnic\u0103 \u0219i pentru v\u00e2nz\u0103ri<\/a><\/p>\n<p><a href=\"https:\/\/www.alarmautomatika.com\/ro\/servicii\/conceptul-de-sursa-unica\/#oprema-na-skladistu\" data-et-has-event-already=\"true\">Produse \u00een stoc<\/a><\/p>\n<p><a href=\"https:\/\/www.alarmautomatika.com\/ro\/servicii\/conceptul-de-sursa-unica\/#edukacija-instalatera\" data-et-has-event-already=\"true\">Educarea instalatorilor<\/a><\/p>\n<p><a href=\"https:\/\/www.alarmautomatika.com\/ro\/servicii\/conceptul-de-sursa-unica\/#b2b-online-platforma\" data-et-has-event-already=\"true\">Platforma online B2B<\/a><\/p>\n<p><a href=\"https:\/\/www.alarmautomatika.com\/ro\/servicii\/conceptul-de-sursa-unica\/#servis\" data-et-has-event-already=\"true\">\u00centre\u021binerea \u0219i \u00eenlocuirea echipamentelor<\/a><\/p>\n<p><a href=\"https:\/\/www.alarmautomatika.com\/ro\/servicii\/conceptul-de-sursa-unica\/#idea-classic-katalog\" data-et-has-event-already=\"true\">Catalogul iDEA Classic<\/a><\/p>\n<p>[\/et_pb_accordion_item][et_pb_accordion_item title=&#8221;Platforma de afaceri&#8221; _builder_version=&#8221;4.9.0&#8243; _module_preset=&#8221;default&#8221; open=&#8221;off&#8221;]<a href=\"https:\/\/www.alarmautomatika.com\/ro\/platforma-de-afaceri\/#b2b-platforma\" data-et-has-event-already=\"true\">O platform\u0103 B2B unic\u0103 pentru economisirea timpului<\/a>[\/et_pb_accordion_item][\/et_pb_accordion][\/et_pb_column][\/et_pb_row][\/et_pb_section]<\/p>\n","protected":false},"excerpt":{"rendered":"<p>Surse audio Fonestar Amplificatoarele Fonestar v\u0103 permit s\u0103 transmite\u021bi sunetul din diverse surse &#8211; radio, playere USB\/SD\/ MP3 \u0219i microfoane. Prin urmare, pot fi adaptate pentru utilizare cu diverse aplicabilit\u0103\u021bi (magazine, \u0219coli, biserici, \u0219coli, cafenele). Control sunet Fonestar Gama de amplificatoare Fonestar cu niveluri diferite de putere permite adaptarea total\u0103 a solu\u021biei audio la cerin\u021bele [&hellip;]<\/p>\n","protected":false},"author":15,"featured_media":0,"parent":11256,"menu_order":0,"comment_status":"closed","ping_status":"closed","template":"","meta":{"_et_pb_use_builder":"on","_et_pb_old_content":"","_et_gb_content_width":"","footnotes":""},"class_list":["post-10770","page","type-page","status-publish","hentry"],"_links":{"self":[{"href":"https:\/\/www.alarmautomatika.com\/ro\/wp-json\/wp\/v2\/pages\/10770","targetHints":{"allow":["GET"]}}],"collection":[{"href":"https:\/\/www.alarmautomatika.com\/ro\/wp-json\/wp\/v2\/pages"}],"about":[{"href":"https:\/\/www.alarmautomatika.com\/ro\/wp-json\/wp\/v2\/types\/page"}],"author":[{"embeddable":true,"href":"https:\/\/www.alarmautomatika.com\/ro\/wp-json\/wp\/v2\/users\/15"}],"replies":[{"embeddable":true,"href":"https:\/\/www.alarmautomatika.com\/ro\/wp-json\/wp\/v2\/comments?post=10770"}],"version-history":[{"count":2,"href":"https:\/\/www.alarmautomatika.com\/ro\/wp-json\/wp\/v2\/pages\/10770\/revisions"}],"predecessor-version":[{"id":50498,"href":"https:\/\/www.alarmautomatika.com\/ro\/wp-json\/wp\/v2\/pages\/10770\/revisions\/50498"}],"up":[{"embeddable":true,"href":"https:\/\/www.alarmautomatika.com\/ro\/wp-json\/wp\/v2\/pages\/11256"}],"wp:attachment":[{"href":"https:\/\/www.alarmautomatika.com\/ro\/wp-json\/wp\/v2\/media?parent=10770"}],"curies":[{"name":"wp","href":"https:\/\/api.w.org\/{rel}","templated":true}]}}