{"id":10785,"date":"2020-08-20T14:46:51","date_gmt":"2020-08-20T12:46:51","guid":{"rendered":"https:\/\/www.alarmautomatika.com\/receptia-si-procesarea-semnalelor-de-alarma\/"},"modified":"2023-11-10T10:00:42","modified_gmt":"2023-11-10T09:00:42","slug":"receptia-si-procesarea-semnalelor-de-alarma","status":"publish","type":"page","link":"https:\/\/www.alarmautomatika.com\/ro\/software\/receptia-si-procesarea-semnalelor-de-alarma\/","title":{"rendered":"Software de centralizare a alarmelor ABsistemDC(NG)"},"content":{"rendered":"<p>[et_pb_section fb_built=&#8221;1&#8243; _builder_version=&#8221;4.6.2&#8243; _module_preset=&#8221;default&#8221; background_image=&#8221;https:\/\/www.alarmautomatika.com\/wp-content\/uploads\/2020\/09\/centralizacija.jpg&#8221; background_size=&#8221;initial&#8221; background_position=&#8221;top_center&#8221;][et_pb_row _builder_version=&#8221;4.7.4&#8243; _module_preset=&#8221;default&#8221; width=&#8221;95%&#8221;][et_pb_column type=&#8221;4_4&#8243; _builder_version=&#8221;4.6.0&#8243; _module_preset=&#8221;default&#8221;][et_pb_text _builder_version=&#8221;4.6.0&#8243; _dynamic_attributes=&#8221;content&#8221; _module_preset=&#8221;default&#8221; text_font=&#8221;|600|||||||&#8221; text_text_color=&#8221;#ffffff&#8221; text_font_size=&#8221;48px&#8221; text_line_height=&#8221;1.2em&#8221; custom_padding=&#8221;80px|50px||50px|false|true&#8221; text_font_size_tablet=&#8221;40px&#8221; text_font_size_phone=&#8221;32px&#8221; text_font_size_last_edited=&#8221;on|desktop&#8221; text_line_height_tablet=&#8221;&#8221; text_line_height_phone=&#8221;&#8221; text_line_height_last_edited=&#8221;on|phone&#8221; header_font_tablet=&#8221;&#8221; header_font_phone=&#8221;&#8221; header_font_last_edited=&#8221;on|phone&#8221; header_font_size_tablet=&#8221;&#8221; header_font_size_phone=&#8221;&#8221; header_font_size_last_edited=&#8221;on|phone&#8221; header_line_height_tablet=&#8221;&#8221; header_line_height_phone=&#8221;&#8221; header_line_height_last_edited=&#8221;on|desktop&#8221;]@ET-DC@eyJkeW5hbWljIjp0cnVlLCJjb250ZW50IjoicG9zdF90aXRsZSIsInNldHRpbmdzIjp7ImJlZm9yZSI6IiIsImFmdGVyIjoiIn19@[\/et_pb_text][\/et_pb_column][\/et_pb_row][et_pb_row column_structure=&#8221;3_4,1_4&#8243; _builder_version=&#8221;4.6.0&#8243; _module_preset=&#8221;default&#8221; background_color=&#8221;#ffffff&#8221; width=&#8221;95%&#8221; custom_margin=&#8221;20px||||false|false&#8221; custom_margin_tablet=&#8221;10px||||false|false&#8221; custom_margin_phone=&#8221;10px||||false|false&#8221; custom_margin_last_edited=&#8221;on|desktop&#8221; custom_padding=&#8221;50px|50px|50px|50px|true|true&#8221; box_shadow_style=&#8221;preset2&#8243;][et_pb_column type=&#8221;3_4&#8243; _builder_version=&#8221;4.6.0&#8243; _module_preset=&#8221;default&#8221;][et_pb_text _builder_version=&#8221;4.7.4&#8243; _module_preset=&#8221;default&#8221; link_font=&#8221;|600|||||||&#8221; header_2_text_align=&#8221;left&#8221; header_2_font_size=&#8221;30px&#8221; header_2_line_height=&#8221;1.2em&#8221; header_font_size_tablet=&#8221;48px&#8221; header_font_size_phone=&#8221;&#8221; header_font_size_last_edited=&#8221;on|tablet&#8221; header_2_font_size_tablet=&#8221;&#8221; header_2_font_size_phone=&#8221;25px&#8221; header_2_font_size_last_edited=&#8221;on|phone&#8221;]<\/p>\n<p><a href=\"https:\/\/drive.google.com\/file\/d\/1P8l6WadzHk8bsbZVsVd59L7BLMiGrScI\/view?usp=drive_link\" target=\"_blank\" rel=\"noopener\">ABsistemDC(NG)<\/a> este un pachet software care permite centralizarea semnalelor de alarm\u0103 \u00een sta\u021bia de monitorizare din diferite conturi protejate. Scopul s\u0103u este de a asigura recep\u021bia fiabil\u0103 \u0219i procesarea de calitate a semnalelor de alarm\u0103 \u0219i de a facilita munca operatorilor CMS.<\/p>\n<blockquote>\n<h3><span lang=\"RO\">Avantajele actualiz\u0103rii software-ului ABsistemDC (NG)<\/span><\/h3>\n<\/blockquote>\n<p><strong>Verificare video<br \/><\/strong>Permite afi\u0219area automat\u0103 aproape instantanee a videoclipurilor din locul \u00een care a fost detectat\u0103 alarma, prevenind astfel interven\u021biile inutile ale echipelor de securitate.<\/p>\n<p><strong>Accept\u0103 diverse formate de comunicare<br \/><\/strong><a href=\"https:\/\/drive.google.com\/file\/d\/1P8l6WadzHk8bsbZVsVd59L7BLMiGrScI\/view?usp=drive_link\" target=\"_blank\" rel=\"noopener\">ABsistemDC(NG)<\/a> accept\u0103 toate formatele de comunicare cunoscute \u0219i, prin urmare, este compatibil cu receptoarele de la diferi\u021bi produc\u0103tori de sisteme tehnice de securitate: SurGard, Visonic, Paradox, Enigma, Ademco, AMC, Eldes, Bosch, Satel, Inim, S-Link \u0219i alte receptoare compatibile cu MLR.<\/p>\n<p><strong>Versiunea cloud<br \/><\/strong>ABsistemDCcloud este un serviciu care permite recep\u021bionarea evenimentelor de alarm\u0103 \u00een sta\u021biile <a href=\"https:\/\/www.alarmautomatika.com\/ro\/clientii\/statii-centrale-de-monitorizare\/\">centrale de monitorizare<\/a> prin tehnologia Cloud. Include o aplica\u021bie bazat\u0103 pe server care proceseaz\u0103 evenimente de alarm\u0103 la sediul Alarm automatika \u0219i aplica\u021biile pentru clien\u021bi, care primesc evenimente deja procesate pe computerele CMS.<\/p>\n<p><strong>Multilingvism<br \/><\/strong>Operatorii din <a href=\"https:\/\/www.alarmautomatika.com\/ro\/clientii\/statii-centrale-de-monitorizare\/\">CMS primesc<\/a> toate mesajele \u00een limba \u0219i scriptul pe care le cunosc cel mai bine \u0219i cu terminologia obi\u0219nuit\u0103.<\/p>\n<p><strong>WatchDog<br \/><\/strong>Mai multe tipuri de dispozitive de \u00eenregistrare prin monitorizare net\u0103 (alimentare, starea camerelor \u0219i a hard diskurilor), local sau prin internet.<\/p>\n<p><strong>Verificarea alarmelor prin detectorul Ajax MotionCam<br \/><\/strong>C\u00e2nd este activat, detectorul <a href=\"https:\/\/ajax.systems\/blog\/absistemdc-monitoring-software\/\" target=\"_blank\" rel=\"noopener\">Ajax MotionCam trimite automat o serie de imagini ale evenimentului la sta\u021bia central\u0103 de monitorizare<\/a>, care permite verificarea alarmelor \u00een timp real.<\/p>\n<blockquote>\n<h3><span lang=\"RO\">Concept modular pentru adaptare complet\u0103 la nevoile utilizatorilor<\/span><\/h3>\n<\/blockquote>\n<p><strong>Aplica\u021bie de baz\u0103<\/strong> Aplica\u021bia de baz\u0103 acoper\u0103 p\u00e2n\u0103 la 500 de conturi \u0219i un singur operator \u0219i, atunci c\u00e2nd este necesar, poate fi extins\u0103 pentru \u00eenc\u0103 500 de conturi (Licen\u021b\u0103 500) \u0219i pentru un operator suplimentar (Licen\u021b\u0103 Operator suplimentar).<\/p>\n<ul>\n<li>Procesarea evenimentelor<br \/>Modulul permite afi\u0219area \u0219i procesarea evenimentelor de alarm\u0103.<\/li>\n<li>Agend\u0103 de contacte<br \/>Modul pentru gestionarea informa\u021biilor de contact ale proprietarilor ariilor protejate.<\/li>\n<li>Rapoarte<br \/>Modul pentru trimiterea de rapoarte \u0219i notific\u0103ri automate.<\/li>\n<li>Instalator<br \/>Modul de monitorizare a mentenan\u021bei \u0219i \u00eentre\u021binerii sistemului.<\/li>\n<li>Orare (excep\u021bii)<br \/>Modul pentru supravegherea deschiderii\/\u00eenchiderii programate \u0219i a testelor din spa\u021biile monitorizate.<\/li>\n<\/ul>\n<p><strong>Module suplimentare<\/strong><\/p>\n<ul>\n<li>Verificare video<br \/>Permite afi\u0219area automat\u0103 a instantaneelor camerei din spa\u021biile monitorizate.<\/li>\n<li><a href=\"https:\/\/drive.google.com\/file\/d\/1FyHZxnmVlCEl8jE8qj2hJXyjzE5U3nnz\/view?usp=drive_link\" target=\"_blank\" rel=\"noopener\">ABsistemGuardPatrol<\/a><br \/>Combinat cu aplica\u021bia mobil\u0103 <a href=\"https:\/\/drive.google.com\/file\/d\/1FyHZxnmVlCEl8jE8qj2hJXyjzE5U3nnz\/view?usp=drive_link\" target=\"_blank\" rel=\"noopener\">ABsistemGuardPatrol<\/a>, asigur\u0103 supravegherea fiabil\u0103 \u00een timp real a agen\u021bilor de securitate.<\/li>\n<li>Acces WEB<br \/>Permite utilizatorilor s\u0103 acceseze informa\u021bii despre conturile lor prin Internet.<\/li>\n<li>Plan de \u00eencadrare<br \/>Ofer\u0103 o reprezentare grafic\u0103 a st\u0103rii zonelor monitorizate.<\/li>\n<li>Proceduri<br \/>Modulul ofer\u0103 ghidare pas cu pas prin procesul prescris pentru fiecare cont definit \u0219i avertizeaz\u0103 operatorul ce ac\u021biuni specifice ar trebui \u00eentreprinse.<\/li>\n<li>Modul SMS<br \/>Permite trimiterea unui mesaj text cu un eveniment predefinit care descrie numerele de mobil ale clien\u021bilor.<\/li>\n<\/ul>\n<p>[\/et_pb_text][\/et_pb_column][et_pb_column type=&#8221;1_4&#8243; _builder_version=&#8221;4.6.0&#8243; _module_preset=&#8221;default&#8221; custom_padding_tablet=&#8221;&#8221; custom_padding_phone=&#8221;&#8221; custom_padding_last_edited=&#8221;on|phone&#8221;][et_pb_image src=&#8221;https:\/\/www.alarmautomatika.com\/wp-content\/uploads\/2020\/10\/idea-classic-logo-home-banner.png&#8221; alt=&#8221;iDEA Classic&#8221; title_text=&#8221;iDEA Classic&#8221; align=&#8221;center&#8221; _builder_version=&#8221;4.7.4&#8243; _module_preset=&#8221;default&#8221;][\/et_pb_image][et_pb_accordion module_class=&#8221;idea-value-propositions&#8221; _builder_version=&#8221;4.9.0&#8243; _module_preset=&#8221;default&#8221; global_module=&#8221;8295&#8243;][et_pb_accordion_item title=&#8221;Blank&#8221; open=&#8221;on&#8221; _builder_version=&#8221;4.9.0&#8243; _module_preset=&#8221;default&#8221; custom_css_main_element=&#8221;display:none;&#8221;][\/et_pb_accordion_item][et_pb_accordion_item title=&#8221;Clien\u021bi&#8221; _builder_version=&#8221;4.9.0&#8243; _module_preset=&#8221;default&#8221; open=&#8221;off&#8221;]<\/p>\n<p><a href=\"https:\/\/www.alarmautomatika.com\/ro\/clientii\/instalatori-autorizati-de-sisteme-de-securitate\/\">Instalatori autoriza\u021bi de sisteme de securitate<\/a><\/p>\n<p><a href=\"https:\/\/www.alarmautomatika.com\/ro\/clientii\/statii-centrale-de-monitorizare\/\">Sta\u021bii centrale de monitorizare (CMS)<\/a><\/p>\n<p><a href=\"https:\/\/www.alarmautomatika.com\/ro\/clientii\/electricieni\/\">Electricieni<\/a><\/p>\n<p><a href=\"https:\/\/www.alarmautomatika.com\/ro\/clientii\/aparate-electrice-si-magazine-de-calculatoare-magazine-online\/\">Aparate electrice \u0219i magazine de calculatoare, magazine online<\/a><\/p>\n<p>[\/et_pb_accordion_item][et_pb_accordion_item title=&#8221;Produse&#8221; _builder_version=&#8221;4.9.0&#8243; _module_preset=&#8221;default&#8221; open=&#8221;off&#8221;]<\/p>\n<p><a href=\"https:\/\/www.alarmautomatika.com\/ro\/produse\/supraveghere-video\/\">Supraveghere video<\/a><\/p>\n<p><a href=\"https:\/\/www.alarmautomatika.com\/ro\/produse\/sisteme-anti-intruziune-si-antiefractie\/\">Sisteme anti-intruziune \u0219i antiefrac\u021bie<\/a><\/p>\n<p><a href=\"https:\/\/www.alarmautomatika.com\/ro\/produse\/interfoane-video\/\">Interfoane video<\/a><\/p>\n<p><a href=\"https:\/\/www.alarmautomatika.com\/ro\/produse\/controlul-accesului-si-al-duratei-accesului\/\">Controlul accesului \u0219i al duratei accesului<\/a><\/p>\n<p><a href=\"https:\/\/www.alarmautomatika.com\/ro\/produse\/solutii-audio\/\">Solu\u021bii audio<\/a><\/p>\n<p><a href=\"https:\/\/www.alarmautomatika.com\/ro\/produse\/automatizari-pentru-usi-si-rampe\/\">Rampe \u0219i u\u0219i automate<\/a><\/p>\n<p><a href=\"https:\/\/www.alarmautomatika.com\/ro\/produse\/echipamente-pentru-statii-centrale-de-monitorizare\/\">Echipamente pentru sta\u021bii centrale de monitorizare (CMS)<\/a><\/p>\n<p><a href=\"https:\/\/www.alarmautomatika.com\/ro\/produse\/sisteme-de-alarma-impotriva-incendiilor-si-gazelor\/\">Sisteme de alarm\u0103 \u00eempotriva incendiilor \u0219i gazelor<\/a><\/p>\n<p>[\/et_pb_accordion_item][et_pb_accordion_item title=&#8221;Software&#8221; _builder_version=&#8221;4.9.0&#8243; _module_preset=&#8221;default&#8221; open=&#8221;off&#8221;]<a href=\"https:\/\/www.alarmautomatika.com\/ro\/software\/receptia-si-procesarea-semnalelor-de-alarma\/\">Recep\u021bia \u0219i procesarea semnalelor de alarm\u0103<\/a>[\/et_pb_accordion_item][et_pb_accordion_item title=&#8221;Servicii&#8221; _builder_version=&#8221;4.9.0&#8243; _module_preset=&#8221;default&#8221; open=&#8221;off&#8221;]<\/p>\n<p><a href=\"https:\/\/www.alarmautomatika.com\/ro\/servicii\/conceptul-de-sursa-unica\/#prodajna-i-tehnicka-podrska\" data-et-has-event-already=\"true\">Asisten\u021b\u0103 tehnic\u0103 \u0219i pentru v\u00e2nz\u0103ri<\/a><\/p>\n<p><a href=\"https:\/\/www.alarmautomatika.com\/ro\/servicii\/conceptul-de-sursa-unica\/#oprema-na-skladistu\" data-et-has-event-already=\"true\">Produse \u00een stoc<\/a><\/p>\n<p><a href=\"https:\/\/www.alarmautomatika.com\/ro\/servicii\/conceptul-de-sursa-unica\/#edukacija-instalatera\" data-et-has-event-already=\"true\">Educarea instalatorilor<\/a><\/p>\n<p><a href=\"https:\/\/www.alarmautomatika.com\/ro\/servicii\/conceptul-de-sursa-unica\/#b2b-online-platforma\" data-et-has-event-already=\"true\">Platforma online B2B<\/a><\/p>\n<p><a href=\"https:\/\/www.alarmautomatika.com\/ro\/servicii\/conceptul-de-sursa-unica\/#servis\" data-et-has-event-already=\"true\">\u00centre\u021binerea \u0219i \u00eenlocuirea echipamentelor<\/a><\/p>\n<p><a href=\"https:\/\/www.alarmautomatika.com\/ro\/servicii\/conceptul-de-sursa-unica\/#idea-classic-katalog\" data-et-has-event-already=\"true\">Catalogul iDEA Classic<\/a><\/p>\n<p>[\/et_pb_accordion_item][et_pb_accordion_item title=&#8221;Platforma de afaceri&#8221; _builder_version=&#8221;4.9.0&#8243; _module_preset=&#8221;default&#8221; open=&#8221;off&#8221;]<a href=\"https:\/\/www.alarmautomatika.com\/ro\/platforma-de-afaceri\/#b2b-platforma\" data-et-has-event-already=\"true\">O platform\u0103 B2B unic\u0103 pentru economisirea timpului<\/a>[\/et_pb_accordion_item][\/et_pb_accordion][\/et_pb_column][\/et_pb_row][\/et_pb_section]<\/p>\n","protected":false},"excerpt":{"rendered":"<p>ABsistemDC(NG) este un pachet software care permite centralizarea semnalelor de alarm\u0103 \u00een sta\u021bia de monitorizare din diferite conturi protejate. Scopul s\u0103u este de a asigura recep\u021bia fiabil\u0103 \u0219i procesarea de calitate a semnalelor de alarm\u0103 \u0219i de a facilita munca operatorilor CMS. Avantajele actualiz\u0103rii software-ului ABsistemDC (NG) Verificare videoPermite afi\u0219area automat\u0103 aproape instantanee a videoclipurilor [&hellip;]<\/p>\n","protected":false},"author":15,"featured_media":0,"parent":11357,"menu_order":0,"comment_status":"closed","ping_status":"closed","template":"","meta":{"_et_pb_use_builder":"on","_et_pb_old_content":"","_et_gb_content_width":"","footnotes":""},"class_list":["post-10785","page","type-page","status-publish","hentry"],"_links":{"self":[{"href":"https:\/\/www.alarmautomatika.com\/ro\/wp-json\/wp\/v2\/pages\/10785","targetHints":{"allow":["GET"]}}],"collection":[{"href":"https:\/\/www.alarmautomatika.com\/ro\/wp-json\/wp\/v2\/pages"}],"about":[{"href":"https:\/\/www.alarmautomatika.com\/ro\/wp-json\/wp\/v2\/types\/page"}],"author":[{"embeddable":true,"href":"https:\/\/www.alarmautomatika.com\/ro\/wp-json\/wp\/v2\/users\/15"}],"replies":[{"embeddable":true,"href":"https:\/\/www.alarmautomatika.com\/ro\/wp-json\/wp\/v2\/comments?post=10785"}],"version-history":[{"count":2,"href":"https:\/\/www.alarmautomatika.com\/ro\/wp-json\/wp\/v2\/pages\/10785\/revisions"}],"predecessor-version":[{"id":50502,"href":"https:\/\/www.alarmautomatika.com\/ro\/wp-json\/wp\/v2\/pages\/10785\/revisions\/50502"}],"up":[{"embeddable":true,"href":"https:\/\/www.alarmautomatika.com\/ro\/wp-json\/wp\/v2\/pages\/11357"}],"wp:attachment":[{"href":"https:\/\/www.alarmautomatika.com\/ro\/wp-json\/wp\/v2\/media?parent=10785"}],"curies":[{"name":"wp","href":"https:\/\/api.w.org\/{rel}","templated":true}]}}