{"id":10814,"date":"2020-08-20T13:59:54","date_gmt":"2020-08-20T11:59:54","guid":{"rendered":"https:\/\/www.alarmautomatika.com\/alarma-pentru-detectarea-gazelor\/"},"modified":"2023-11-10T10:01:59","modified_gmt":"2023-11-10T09:01:59","slug":"alarma-pentru-detectarea-gazelor","status":"publish","type":"page","link":"https:\/\/www.alarmautomatika.com\/ro\/produse\/alarma-pentru-detectarea-gazelor\/","title":{"rendered":"Alarm\u0103 pentru detectarea gazelor"},"content":{"rendered":"<p>[et_pb_section fb_built=&#8221;1&#8243; _builder_version=&#8221;4.6.2&#8243; _module_preset=&#8221;default&#8221; background_image=&#8221;https:\/\/www.alarmautomatika.com\/wp-content\/uploads\/2020\/09\/dojava-plina.jpg&#8221; background_size=&#8221;initial&#8221; background_position=&#8221;top_center&#8221; global_colors_info=&#8221;{}&#8221;][et_pb_row _builder_version=&#8221;4.6.0&#8243; _module_preset=&#8221;default&#8221; width=&#8221;95%&#8221; global_colors_info=&#8221;{}&#8221;][et_pb_column type=&#8221;4_4&#8243; _builder_version=&#8221;4.6.0&#8243; _module_preset=&#8221;default&#8221; global_colors_info=&#8221;{}&#8221;][et_pb_text _builder_version=&#8221;4.6.0&#8243; _dynamic_attributes=&#8221;content&#8221; _module_preset=&#8221;default&#8221; text_font=&#8221;|600|||||||&#8221; text_text_color=&#8221;#ffffff&#8221; text_font_size=&#8221;48px&#8221; text_line_height=&#8221;1.2em&#8221; custom_padding=&#8221;80px|50px||50px|false|true&#8221; text_font_size_tablet=&#8221;40px&#8221; text_font_size_phone=&#8221;32px&#8221; text_font_size_last_edited=&#8221;on|desktop&#8221; text_line_height_tablet=&#8221;&#8221; text_line_height_phone=&#8221;&#8221; text_line_height_last_edited=&#8221;on|phone&#8221; header_font_tablet=&#8221;&#8221; header_font_phone=&#8221;&#8221; header_font_last_edited=&#8221;on|phone&#8221; header_font_size_tablet=&#8221;&#8221; header_font_size_phone=&#8221;&#8221; header_font_size_last_edited=&#8221;on|phone&#8221; header_line_height_tablet=&#8221;&#8221; header_line_height_phone=&#8221;&#8221; header_line_height_last_edited=&#8221;on|desktop&#8221; global_colors_info=&#8221;{}&#8221;]@ET-DC@eyJkeW5hbWljIjp0cnVlLCJjb250ZW50IjoicG9zdF90aXRsZSIsInNldHRpbmdzIjp7ImJlZm9yZSI6IiIsImFmdGVyIjoiIn19@[\/et_pb_text][\/et_pb_column][\/et_pb_row][et_pb_row column_structure=&#8221;3_4,1_4&#8243; _builder_version=&#8221;4.6.0&#8243; _module_preset=&#8221;default&#8221; background_color=&#8221;#ffffff&#8221; width=&#8221;95%&#8221; custom_margin=&#8221;20px||||false|false&#8221; custom_margin_tablet=&#8221;10px||||false|false&#8221; custom_margin_phone=&#8221;10px||||false|false&#8221; custom_margin_last_edited=&#8221;on|desktop&#8221; custom_padding=&#8221;50px|50px|50px|50px|true|true&#8221; box_shadow_style=&#8221;preset2&#8243; global_colors_info=&#8221;{}&#8221;][et_pb_column type=&#8221;3_4&#8243; _builder_version=&#8221;4.6.0&#8243; _module_preset=&#8221;default&#8221; global_colors_info=&#8221;{}&#8221;][et_pb_text _builder_version=&#8221;4.9.11&#8243; _module_preset=&#8221;default&#8221; link_font=&#8221;|600|||||||&#8221; header_2_text_align=&#8221;left&#8221; header_2_font_size=&#8221;30px&#8221; header_2_line_height=&#8221;1.2em&#8221; hover_enabled=&#8221;0&#8243; header_font_size_tablet=&#8221;48px&#8221; header_font_size_phone=&#8221;&#8221; header_font_size_last_edited=&#8221;on|tablet&#8221; header_2_font_size_tablet=&#8221;&#8221; header_2_font_size_phone=&#8221;25px&#8221; header_2_font_size_last_edited=&#8221;on|phone&#8221; global_colors_info=&#8221;{}&#8221; sticky_enabled=&#8221;0&#8243;]<\/p>\n<blockquote>\n<h2>Inim adresabilna i konvencionalna plinodojava<\/h2>\n<\/blockquote>\n<p>Dostupne su zasebne adresabilne i klasi\u010dne plinodojavne centrale, a budu\u0107i da <a href=\"https:\/\/inim.biz\/\" target=\"_blank\" rel=\"noopener noreferrer\">Inim<\/a> vatrodojavne centrala mogu prihvatiti signale sa plinodojavnih detektora, sustavi dojave po\u017eara i dojave plina se mogu objediniti u jedan.<\/p>\n<blockquote>\n<h2>Inim Industrial serija plinodojavnih detektora za industrijske aplikacije<\/h2>\n<\/blockquote>\n<p>Za industrijske aplikacije su namijenjeni posebni detektori koje odlikuje brzina, pouzdanost i to\u010dnost detekcije. Dostupni su detektori za metan, benzinske pare, CO, LPG, acetilen, vodik, propan u raznim tehnologijama izvedbe, u protueksplozijskom ili u \u201eobi\u010dnom\u201c ku\u0107i\u0161tu za\u0161ti\u0107enom od pra\u0161ine. Osjetni element detektora (senzor) izveden je kao izmjenjiva komponenta \u0161to pojednostavljuje odr\u017eavanja.<\/p>\n<blockquote>\n<h2>Inim Elite serija plinodojavnih detektora za poslovne aplikacije<\/h2>\n<\/blockquote>\n<p>Elite serija omogu\u0107ava detekciju \u0161irokog spektra plinova putem vi\u0161e tehnologija detekcije (kataliti\u010dka, pelistorska, elektrokemijska ili infracrvena), a odlikuje se jednostavnom kalibracijom i odr\u017eavanjem putem tipkala na ku\u0107i\u0161tu te su dostupni i u ex izvedbi.<\/p>\n<blockquote>\n<h2>ABsistemDCi softver za integraciju<\/h2>\n<\/blockquote>\n<p>Sustavima za dojavu plina se mo\u017ee upravljati i putem <a href=\"https:\/\/www.alarmautomatika.com\/ro\/software\/supravegherea-si-gestionarea-sistemelor-de-protectie\/\">ABsistemDCi<\/a> softvera za integraciju koji omogu\u0107uje da se sa safety, security i BMS sustavima na objektu upravlja putem jedinstvenog su\u010delja.<\/p>\n<p>[\/et_pb_text][\/et_pb_column][et_pb_column type=&#8221;1_4&#8243; _builder_version=&#8221;4.6.0&#8243; _module_preset=&#8221;default&#8221; custom_padding_tablet=&#8221;&#8221; custom_padding_phone=&#8221;&#8221; custom_padding_last_edited=&#8221;on|phone&#8221; global_colors_info=&#8221;{}&#8221;][et_pb_image src=&#8221;https:\/\/www.alarmautomatika.com\/wp-content\/uploads\/2020\/10\/idea-project-logo-home-banner.png&#8221; alt=&#8221;iDEA Project&#8221; title_text=&#8221;iDEA Project&#8221; align=&#8221;center&#8221; _builder_version=&#8221;4.7.4&#8243; _module_preset=&#8221;default&#8221; global_colors_info=&#8221;{}&#8221;][\/et_pb_image][et_pb_accordion module_class=&#8221;idea-value-propositions&#8221; _builder_version=&#8221;4.9.4&#8243; _module_preset=&#8221;default&#8221; global_module=&#8221;8294&#8243; global_colors_info=&#8221;{}&#8221;][et_pb_accordion_item title=&#8221;Blank&#8221; open=&#8221;on&#8221; _builder_version=&#8221;4.9.4&#8243; _module_preset=&#8221;default&#8221; custom_css_main_element=&#8221;display:none;&#8221; global_colors_info=&#8221;{}&#8221;][\/et_pb_accordion_item][et_pb_accordion_item title=&#8221;Clien\u021bi&#8221; _builder_version=&#8221;4.9.0&#8243; _module_preset=&#8221;default&#8221; global_colors_info=&#8221;{}&#8221; open=&#8221;off&#8221;]<\/p>\n<p><a href=\"https:\/\/www.alarmautomatika.com\/ro\/clientii\/arhitectii\/\">Arhitec\u021bii<\/a><\/p>\n<p><a href=\"https:\/\/www.alarmautomatika.com\/ro\/clientii\/proiectanti-electrici\/\">Proiectan\u021bi electrici<\/a><\/p>\n<p><a href=\"https:\/\/www.alarmautomatika.com\/ro\/clientii\/sectorul-constructiilor\/\">Sectorul construc\u021biilor<\/a><\/p>\n<p><a href=\"https:\/\/www.alarmautomatika.com\/ro\/clientii\/instalatori-electricieni\/\">Instalatori electricieni<\/a><\/p>\n<p><a href=\"https:\/\/www.alarmautomatika.com\/ro\/clientii\/integratoare-de-sisteme\/\">Integratoare de sisteme<\/a><\/p>\n<p>[\/et_pb_accordion_item][et_pb_accordion_item title=&#8221;Produse&#8221; _builder_version=&#8221;4.9.4&#8243; _module_preset=&#8221;default&#8221; global_colors_info=&#8221;{}&#8221; open=&#8221;off&#8221;]<\/p>\n<p><a href=\"https:\/\/www.alarmautomatika.com\/ro\/produse\/alarma-de-incendiu\/\">Alarm\u0103 de incendiu<\/a><\/p>\n<p><a href=\"https:\/\/www.alarmautomatika.com\/ro\/produse\/alarma-pentru-detectarea-gazelor\/\">Alarm\u0103 pentru detectarea gazelor<\/a><\/p>\n<p><a href=\"https:\/\/www.alarmautomatika.com\/ro\/produse\/sisteme-de-stingere-a-incendiilor\/\">Sisteme de stingere a incendiilor<\/a><\/p>\n<p><a href=\"https:\/\/www.alarmautomatika.com\/ro\/produse\/sisteme-de-evacuare-si-de-adresare-publica\/\">Sisteme de evacuare (EVAC) \u0219i de adresare public\u0103 (PA)<\/a><\/p>\n<p><a href=\"https:\/\/www.alarmautomatika.com\/ro\/produse\/sisteme-de-extractie-si-ventilare-a-fumului-si-caldurii\/\">Sisteme de extrac\u021bie \u0219i ventilare a fumului \u0219i c\u0103ldurii<\/a><\/p>\n<p><a href=\"https:\/\/www.alarmautomatika.com\/ro\/produse\/iluminare-de-urgenta\/\">Iluminare de urgen\u021b\u0103<\/a><\/p>\n<p><a href=\"https:\/\/www.alarmautomatika.com\/ro\/produse\/securitate-tehnica\/\">Securitate tehnic\u0103<\/a><\/p>\n<p>[\/et_pb_accordion_item][et_pb_accordion_item title=&#8221;Software&#8221; _builder_version=&#8221;4.9.0&#8243; _module_preset=&#8221;default&#8221; global_colors_info=&#8221;{}&#8221; open=&#8221;off&#8221;]<a href=\"https:\/\/www.alarmautomatika.com\/ro\/software\/supravegherea-si-gestionarea-sistemelor-de-protectie\/\">Supravegherea \u0219i gestionarea sistemelor de protec\u021bie<\/a>[\/et_pb_accordion_item][et_pb_accordion_item title=&#8221;Servicii&#8221; _builder_version=&#8221;4.9.0&#8243; _module_preset=&#8221;default&#8221; global_colors_info=&#8221;{}&#8221; open=&#8221;off&#8221;]<\/p>\n<p><a href=\"https:\/\/www.alarmautomatika.com\/ro\/servicii\/profesionalism-ridicat-in-toate-etapele-proiectului\/#projektiranje-i-projektna-podrska\" data-et-has-event-already=\"true\">Proiectare \u0219i asisten\u021b\u0103 pentru proiect<\/a><\/p>\n<p><a href=\"https:\/\/www.alarmautomatika.com\/ro\/servicii\/profesionalism-ridicat-in-toate-etapele-proiectului\/#vodjenje-projekata\" data-et-has-event-already=\"true\">Management de proiect<\/a><\/p>\n<p><a href=\"https:\/\/www.alarmautomatika.com\/ro\/servicii\/profesionalism-ridicat-in-toate-etapele-proiectului\/#programiranje-i-integracija-sustava\" data-et-has-event-already=\"true\">Programare \u0219i integrare a sistemului<\/a><\/p>\n<p><a href=\"https:\/\/www.alarmautomatika.com\/ro\/servicii\/profesionalism-ridicat-in-toate-etapele-proiectului\/#pustanje-sustava-u-rad\">Punerea \u00een func\u021biune a sistemului<\/a><\/p>\n<p><a href=\"https:\/\/www.alarmautomatika.com\/ro\/servicii\/profesionalism-ridicat-in-toate-etapele-proiectului\/#certificiranje\" data-et-has-event-already=\"true\">Certificare<\/a><\/p>\n<p><a href=\"https:\/\/www.alarmautomatika.com\/ro\/servicii\/profesionalism-ridicat-in-toate-etapele-proiectului\/#idea-project-katalog-i-b2b-platforma\" data-et-has-event-already=\"true\">Catalog de proiecte \u0219i platform\u0103 B2B<\/a><\/p>\n<p>[\/et_pb_accordion_item][et_pb_accordion_item title=&#8221;Platforma de afaceri&#8221; _builder_version=&#8221;4.9.0&#8243; _module_preset=&#8221;default&#8221; global_colors_info=&#8221;{}&#8221; open=&#8221;off&#8221;]<a href=\"https:\/\/www.alarmautomatika.com\/ro\/platforma-de-afaceri\/#b2b-projektna-dokumentacija\" data-et-has-event-already=\"true\">Platforma B2B cu documenta\u021bie complet\u0103<\/a>[\/et_pb_accordion_item][\/et_pb_accordion][\/et_pb_column][\/et_pb_row][\/et_pb_section]<\/p>\n","protected":false},"excerpt":{"rendered":"<p>Inim adresabilna i konvencionalna plinodojava Dostupne su zasebne adresabilne i klasi\u010dne plinodojavne centrale, a budu\u0107i da Inim vatrodojavne centrala mogu prihvatiti signale sa plinodojavnih detektora, sustavi dojave po\u017eara i dojave plina se mogu objediniti u jedan. Inim Industrial serija plinodojavnih detektora za industrijske aplikacije Za industrijske aplikacije su namijenjeni posebni detektori koje odlikuje brzina, pouzdanost [&hellip;]<\/p>\n","protected":false},"author":15,"featured_media":0,"parent":11256,"menu_order":0,"comment_status":"closed","ping_status":"closed","template":"","meta":{"_et_pb_use_builder":"on","_et_pb_old_content":"","_et_gb_content_width":"","footnotes":""},"class_list":["post-10814","page","type-page","status-publish","hentry"],"_links":{"self":[{"href":"https:\/\/www.alarmautomatika.com\/ro\/wp-json\/wp\/v2\/pages\/10814","targetHints":{"allow":["GET"]}}],"collection":[{"href":"https:\/\/www.alarmautomatika.com\/ro\/wp-json\/wp\/v2\/pages"}],"about":[{"href":"https:\/\/www.alarmautomatika.com\/ro\/wp-json\/wp\/v2\/types\/page"}],"author":[{"embeddable":true,"href":"https:\/\/www.alarmautomatika.com\/ro\/wp-json\/wp\/v2\/users\/15"}],"replies":[{"embeddable":true,"href":"https:\/\/www.alarmautomatika.com\/ro\/wp-json\/wp\/v2\/comments?post=10814"}],"version-history":[{"count":2,"href":"https:\/\/www.alarmautomatika.com\/ro\/wp-json\/wp\/v2\/pages\/10814\/revisions"}],"predecessor-version":[{"id":50516,"href":"https:\/\/www.alarmautomatika.com\/ro\/wp-json\/wp\/v2\/pages\/10814\/revisions\/50516"}],"up":[{"embeddable":true,"href":"https:\/\/www.alarmautomatika.com\/ro\/wp-json\/wp\/v2\/pages\/11256"}],"wp:attachment":[{"href":"https:\/\/www.alarmautomatika.com\/ro\/wp-json\/wp\/v2\/media?parent=10814"}],"curies":[{"name":"wp","href":"https:\/\/api.w.org\/{rel}","templated":true}]}}