{"id":10823,"date":"2020-08-20T14:09:04","date_gmt":"2020-08-20T12:09:04","guid":{"rendered":"https:\/\/www.alarmautomatika.com\/iluminare-de-urgenta\/"},"modified":"2023-11-10T08:51:48","modified_gmt":"2023-11-10T07:51:48","slug":"iluminare-de-urgenta","status":"publish","type":"page","link":"https:\/\/www.alarmautomatika.com\/ro\/produse\/iluminare-de-urgenta\/","title":{"rendered":"Iluminare de urgen\u021b\u0103"},"content":{"rendered":"<p>[et_pb_section fb_built=&#8221;1&#8243; _builder_version=&#8221;4.6.2&#8243; _module_preset=&#8221;default&#8221; background_image=&#8221;https:\/\/www.alarmautomatika.com\/wp-content\/uploads\/2020\/09\/Panik-rasvjeta.jpg&#8221; background_size=&#8221;initial&#8221; background_position=&#8221;top_center&#8221; global_colors_info=&#8221;{}&#8221;][et_pb_row _builder_version=&#8221;4.6.0&#8243; _module_preset=&#8221;default&#8221; width=&#8221;95%&#8221; global_colors_info=&#8221;{}&#8221;][et_pb_column type=&#8221;4_4&#8243; _builder_version=&#8221;4.6.0&#8243; _module_preset=&#8221;default&#8221; global_colors_info=&#8221;{}&#8221;][et_pb_text _builder_version=&#8221;4.6.0&#8243; _dynamic_attributes=&#8221;content&#8221; _module_preset=&#8221;default&#8221; text_font=&#8221;|600|||||||&#8221; text_text_color=&#8221;#ffffff&#8221; text_font_size=&#8221;48px&#8221; text_line_height=&#8221;1.2em&#8221; custom_padding=&#8221;80px|50px||50px|false|true&#8221; text_font_size_tablet=&#8221;40px&#8221; text_font_size_phone=&#8221;32px&#8221; text_font_size_last_edited=&#8221;on|desktop&#8221; text_line_height_tablet=&#8221;&#8221; text_line_height_phone=&#8221;&#8221; text_line_height_last_edited=&#8221;on|phone&#8221; header_font_tablet=&#8221;&#8221; header_font_phone=&#8221;&#8221; header_font_last_edited=&#8221;on|phone&#8221; header_font_size_tablet=&#8221;&#8221; header_font_size_phone=&#8221;&#8221; header_font_size_last_edited=&#8221;on|phone&#8221; header_line_height_tablet=&#8221;&#8221; header_line_height_phone=&#8221;&#8221; header_line_height_last_edited=&#8221;on|desktop&#8221; global_colors_info=&#8221;{}&#8221;]@ET-DC@eyJkeW5hbWljIjp0cnVlLCJjb250ZW50IjoicG9zdF90aXRsZSIsInNldHRpbmdzIjp7ImJlZm9yZSI6IiIsImFmdGVyIjoiIn19@[\/et_pb_text][\/et_pb_column][\/et_pb_row][et_pb_row column_structure=&#8221;3_4,1_4&#8243; _builder_version=&#8221;4.6.0&#8243; _module_preset=&#8221;default&#8221; background_color=&#8221;#ffffff&#8221; width=&#8221;95%&#8221; custom_margin=&#8221;20px||||false|false&#8221; custom_margin_tablet=&#8221;10px||||false|false&#8221; custom_margin_phone=&#8221;10px||||false|false&#8221; custom_margin_last_edited=&#8221;on|desktop&#8221; custom_padding=&#8221;50px|50px|50px|50px|true|true&#8221; box_shadow_style=&#8221;preset2&#8243; global_colors_info=&#8221;{}&#8221;][et_pb_column type=&#8221;3_4&#8243; _builder_version=&#8221;4.6.0&#8243; _module_preset=&#8221;default&#8221; global_colors_info=&#8221;{}&#8221;][et_pb_text _builder_version=&#8221;4.14.8&#8243; _module_preset=&#8221;default&#8221; link_font=&#8221;|600|||||||&#8221; header_2_text_align=&#8221;left&#8221; header_2_font_size=&#8221;30px&#8221; header_2_line_height=&#8221;1.2em&#8221; hover_enabled=&#8221;0&#8243; header_font_size_tablet=&#8221;48px&#8221; header_font_size_phone=&#8221;&#8221; header_font_size_last_edited=&#8221;on|tablet&#8221; header_2_font_size_tablet=&#8221;&#8221; header_2_font_size_phone=&#8221;25px&#8221; header_2_font_size_last_edited=&#8221;on|phone&#8221; global_colors_info=&#8221;{}&#8221; sticky_enabled=&#8221;0&#8243;]<\/p>\n<blockquote>\n<h2><span lang=\"RO\">Iluminare de urgen\u021b\u0103 Harper controlat\u0103 de panourile de control \u00eempotriva incendiilor Inim<\/span><\/h2>\n<\/blockquote>\n<p>Iluminare de urgen\u021b\u0103 controlat\u0103 de <a href=\"https:\/\/inim.biz\/en\/emergency-lighting\" target=\"_blank\" rel=\"noopener\">Harper<\/a> BUS este compatibil\u0103 cu protocolul de alarm\u0103 de incendiu. Toate elementele sistemului pot fi conectate la sisteme de alarm\u0103 de incendiu adresabile direct la aceea\u0219i bucl\u0103, la nivel hardware.<\/p>\n<blockquote>\n<h2><span lang=\"RO\">Iluminare de urgen\u021b\u0103 Harper operat\u0103 de panouri de control separate<\/span><\/h2>\n<\/blockquote>\n<p>Sunt disponibile \u0219i panouri de control pentru iluminatul de urgen\u021b\u0103, independent de alarmele de incendiu. Acestea permit monitorizarea, diagnosticarea \u0219i controlul fiec\u0103rui iluminator, precum \u0219i func\u021bii suplimentare, cum ar fi testarea func\u021bionalit\u0103\u021bii iluminatorului sau a energiei acumulatorului \u0219i reglarea nivelului de lumin\u0103.<\/p>\n<blockquote>\n<h2><span lang=\"RO\">Iluminatoare autonome Harper cu auto-alimentare<\/span><\/h2>\n<\/blockquote>\n<p>Iluminatoarele <a href=\"https:\/\/inim.biz\/en\/emergency-lighting\" target=\"_blank\" rel=\"noopener\">Harper<\/a> sunt disponibile \u00een diferite modele, intensitate \u0219i durat\u0103 diferite ale luminii, niveluri de autonomie \u0219i protec\u021bie. Au acela\u0219i protocol adresabil \u00eencorporat ca \u0219i \u00een elementele alarmelor de incendiu, astfel \u00eenc\u00e2t s\u0103 poat\u0103 fi conectate direct la bucla panoului de control al alarmelor de incendiu. Acestea sunt conforme cu standardul ISO 7010.<\/p>\n<blockquote>\n<h2><span lang=\"RO\">Semnalizare Harper pentru direc\u021bionarea evacu\u0103rii<\/span><\/h2>\n<\/blockquote>\n<p>Semnalizarea pentru direc\u021bionarea oamenilor c\u0103tre c\u0103ile de evacuare este disponibil\u0103 \u00een diferite modele (tavan, perete) \u0219i cu pictograme standardizate.<\/p>\n<blockquote>\n<h2>Alimentare centralizat\u0103 a ilumin\u0103rii de urgen\u021b\u0103 Harper<\/h2>\n<\/blockquote>\n<p>Alimentarea centralizat\u0103 asigur\u0103 monitorizarea constant\u0103 a l\u0103mpii de urgen\u021b\u0103 \u0219i testarea acumulatorului, simplific\u0103 examinarea \u0219i mentenan\u021ba, permite direc\u021bionarea mai bun\u0103 a evacu\u0103rii \u0219i reglarea nivelului de lumin\u0103.[\/et_pb_text][\/et_pb_column][et_pb_column type=&#8221;1_4&#8243; _builder_version=&#8221;4.6.0&#8243; _module_preset=&#8221;default&#8221; custom_padding_tablet=&#8221;&#8221; custom_padding_phone=&#8221;&#8221; custom_padding_last_edited=&#8221;on|phone&#8221; global_colors_info=&#8221;{}&#8221;][et_pb_image src=&#8221;https:\/\/www.alarmautomatika.com\/wp-content\/uploads\/2020\/10\/idea-project-logo-home-banner.png&#8221; alt=&#8221;iDEA Project&#8221; title_text=&#8221;iDEA Project&#8221; align=&#8221;center&#8221; _builder_version=&#8221;4.7.4&#8243; _module_preset=&#8221;default&#8221; global_colors_info=&#8221;{}&#8221;][\/et_pb_image][et_pb_accordion module_class=&#8221;idea-value-propositions&#8221; _builder_version=&#8221;4.9.4&#8243; _module_preset=&#8221;default&#8221; global_module=&#8221;8294&#8243; global_colors_info=&#8221;{}&#8221;][et_pb_accordion_item title=&#8221;Blank&#8221; open=&#8221;on&#8221; _builder_version=&#8221;4.9.4&#8243; _module_preset=&#8221;default&#8221; custom_css_main_element=&#8221;display:none;&#8221; global_colors_info=&#8221;{}&#8221;][\/et_pb_accordion_item][et_pb_accordion_item title=&#8221;Clien\u021bi&#8221; _builder_version=&#8221;4.9.0&#8243; _module_preset=&#8221;default&#8221; global_colors_info=&#8221;{}&#8221; open=&#8221;off&#8221;]<\/p>\n<p><a href=\"https:\/\/www.alarmautomatika.com\/ro\/clientii\/arhitectii\/\">Arhitec\u021bii<\/a><\/p>\n<p><a href=\"https:\/\/www.alarmautomatika.com\/ro\/clientii\/proiectanti-electrici\/\">Proiectan\u021bi electrici<\/a><\/p>\n<p><a href=\"https:\/\/www.alarmautomatika.com\/ro\/clientii\/sectorul-constructiilor\/\">Sectorul construc\u021biilor<\/a><\/p>\n<p><a href=\"https:\/\/www.alarmautomatika.com\/ro\/clientii\/instalatori-electricieni\/\">Instalatori electricieni<\/a><\/p>\n<p><a href=\"https:\/\/www.alarmautomatika.com\/ro\/clientii\/integratoare-de-sisteme\/\">Integratoare de sisteme<\/a><\/p>\n<p>[\/et_pb_accordion_item][et_pb_accordion_item title=&#8221;Produse&#8221; _builder_version=&#8221;4.9.4&#8243; _module_preset=&#8221;default&#8221; global_colors_info=&#8221;{}&#8221; open=&#8221;off&#8221;]<\/p>\n<p><a href=\"https:\/\/www.alarmautomatika.com\/ro\/produse\/alarma-de-incendiu\/\">Alarm\u0103 de incendiu<\/a><\/p>\n<p><a href=\"https:\/\/www.alarmautomatika.com\/ro\/produse\/alarma-pentru-detectarea-gazelor\/\">Alarm\u0103 pentru detectarea gazelor<\/a><\/p>\n<p><a href=\"https:\/\/www.alarmautomatika.com\/ro\/produse\/sisteme-de-stingere-a-incendiilor\/\">Sisteme de stingere a incendiilor<\/a><\/p>\n<p><a href=\"https:\/\/www.alarmautomatika.com\/ro\/produse\/sisteme-de-evacuare-si-de-adresare-publica\/\">Sisteme de evacuare (EVAC) \u0219i de adresare public\u0103 (PA)<\/a><\/p>\n<p><a href=\"https:\/\/www.alarmautomatika.com\/ro\/produse\/sisteme-de-extractie-si-ventilare-a-fumului-si-caldurii\/\">Sisteme de extrac\u021bie \u0219i ventilare a fumului \u0219i c\u0103ldurii<\/a><\/p>\n<p><a href=\"https:\/\/www.alarmautomatika.com\/ro\/produse\/iluminare-de-urgenta\/\">Iluminare de urgen\u021b\u0103<\/a><\/p>\n<p><a href=\"https:\/\/www.alarmautomatika.com\/ro\/produse\/securitate-tehnica\/\">Securitate tehnic\u0103<\/a><\/p>\n<p>[\/et_pb_accordion_item][et_pb_accordion_item title=&#8221;Software&#8221; _builder_version=&#8221;4.9.0&#8243; _module_preset=&#8221;default&#8221; global_colors_info=&#8221;{}&#8221; open=&#8221;off&#8221;]<a href=\"https:\/\/www.alarmautomatika.com\/ro\/software\/gestionare-si-control-inteligente\/\">Supravegherea \u0219i gestionarea sistemelor de protec\u021bie<\/a>[\/et_pb_accordion_item][et_pb_accordion_item title=&#8221;Servicii&#8221; _builder_version=&#8221;4.9.0&#8243; _module_preset=&#8221;default&#8221; global_colors_info=&#8221;{}&#8221; open=&#8221;off&#8221;]<\/p>\n<p><a href=\"https:\/\/www.alarmautomatika.com\/ro\/servicii\/profesionalism-ridicat-in-toate-etapele-proiectului\/#projektiranje-i-projektna-podrska\" data-et-has-event-already=\"true\">Proiectare \u0219i asisten\u021b\u0103 pentru proiect<\/a><\/p>\n<p><a href=\"https:\/\/www.alarmautomatika.com\/ro\/servicii\/profesionalism-ridicat-in-toate-etapele-proiectului\/#vodjenje-projekata\" data-et-has-event-already=\"true\">Management de proiect<\/a><\/p>\n<p><a href=\"https:\/\/www.alarmautomatika.com\/ro\/servicii\/profesionalism-ridicat-in-toate-etapele-proiectului\/#programiranje-i-integracija-sustava\" data-et-has-event-already=\"true\">Programare \u0219i integrare a sistemului<\/a><\/p>\n<p><a href=\"https:\/\/www.alarmautomatika.com\/ro\/servicii\/profesionalism-ridicat-in-toate-etapele-proiectului\/#pustanje-sustava-u-rad\">Punerea \u00een func\u021biune a sistemului<\/a><\/p>\n<p><a href=\"https:\/\/www.alarmautomatika.com\/ro\/servicii\/profesionalism-ridicat-in-toate-etapele-proiectului\/#certificiranje\" data-et-has-event-already=\"true\">Certificare<\/a><\/p>\n<p><a href=\"https:\/\/www.alarmautomatika.com\/ro\/servicii\/profesionalism-ridicat-in-toate-etapele-proiectului\/#idea-project-katalog-i-b2b-platforma\" data-et-has-event-already=\"true\">Catalog de proiecte \u0219i platform\u0103 B2B<\/a><\/p>\n<p>[\/et_pb_accordion_item][et_pb_accordion_item title=&#8221;Platforma de afaceri&#8221; _builder_version=&#8221;4.9.0&#8243; _module_preset=&#8221;default&#8221; global_colors_info=&#8221;{}&#8221; open=&#8221;off&#8221;]<a href=\"https:\/\/www.alarmautomatika.com\/ro\/platforma-de-afaceri\/#b2b-projektna-dokumentacija\" data-et-has-event-already=\"true\">Platforma B2B cu documenta\u021bie complet\u0103<\/a>[\/et_pb_accordion_item][\/et_pb_accordion][\/et_pb_column][\/et_pb_row][\/et_pb_section]<\/p>\n","protected":false},"excerpt":{"rendered":"<p>Iluminare de urgen\u021b\u0103 Harper controlat\u0103 de panourile de control \u00eempotriva incendiilor Inim Iluminare de urgen\u021b\u0103 controlat\u0103 de Harper BUS este compatibil\u0103 cu protocolul de alarm\u0103 de incendiu. Toate elementele sistemului pot fi conectate la sisteme de alarm\u0103 de incendiu adresabile direct la aceea\u0219i bucl\u0103, la nivel hardware. Iluminare de urgen\u021b\u0103 Harper operat\u0103 de panouri de [&hellip;]<\/p>\n","protected":false},"author":15,"featured_media":0,"parent":11256,"menu_order":0,"comment_status":"closed","ping_status":"closed","template":"","meta":{"_et_pb_use_builder":"on","_et_pb_old_content":"","_et_gb_content_width":"","footnotes":""},"class_list":["post-10823","page","type-page","status-publish","hentry"],"_links":{"self":[{"href":"https:\/\/www.alarmautomatika.com\/ro\/wp-json\/wp\/v2\/pages\/10823","targetHints":{"allow":["GET"]}}],"collection":[{"href":"https:\/\/www.alarmautomatika.com\/ro\/wp-json\/wp\/v2\/pages"}],"about":[{"href":"https:\/\/www.alarmautomatika.com\/ro\/wp-json\/wp\/v2\/types\/page"}],"author":[{"embeddable":true,"href":"https:\/\/www.alarmautomatika.com\/ro\/wp-json\/wp\/v2\/users\/15"}],"replies":[{"embeddable":true,"href":"https:\/\/www.alarmautomatika.com\/ro\/wp-json\/wp\/v2\/comments?post=10823"}],"version-history":[{"count":2,"href":"https:\/\/www.alarmautomatika.com\/ro\/wp-json\/wp\/v2\/pages\/10823\/revisions"}],"predecessor-version":[{"id":49799,"href":"https:\/\/www.alarmautomatika.com\/ro\/wp-json\/wp\/v2\/pages\/10823\/revisions\/49799"}],"up":[{"embeddable":true,"href":"https:\/\/www.alarmautomatika.com\/ro\/wp-json\/wp\/v2\/pages\/11256"}],"wp:attachment":[{"href":"https:\/\/www.alarmautomatika.com\/ro\/wp-json\/wp\/v2\/media?parent=10823"}],"curies":[{"name":"wp","href":"https:\/\/api.w.org\/{rel}","templated":true}]}}