{"id":10835,"date":"2020-08-20T13:21:32","date_gmt":"2020-08-20T11:21:32","guid":{"rendered":"https:\/\/www.alarmautomatika.com\/hoteluri\/"},"modified":"2023-11-10T10:01:08","modified_gmt":"2023-11-10T09:01:08","slug":"hoteluri","status":"publish","type":"page","link":"https:\/\/www.alarmautomatika.com\/ro\/clientii\/hoteluri\/","title":{"rendered":"Hoteluri"},"content":{"rendered":"<p>[et_pb_section fb_built=&#8221;1&#8243; _builder_version=&#8221;4.6.2&#8243; _module_preset=&#8221;default&#8221; background_image=&#8221;https:\/\/www.alarmautomatika.com\/wp-content\/uploads\/2020\/09\/hoteli-solution.jpg&#8221; background_size=&#8221;initial&#8221; background_position=&#8221;top_center&#8221; global_colors_info=&#8221;{}&#8221;][et_pb_row _builder_version=&#8221;4.6.0&#8243; _module_preset=&#8221;default&#8221; width=&#8221;95%&#8221; global_colors_info=&#8221;{}&#8221;][et_pb_column type=&#8221;4_4&#8243; _builder_version=&#8221;4.6.0&#8243; _module_preset=&#8221;default&#8221; global_colors_info=&#8221;{}&#8221;][et_pb_text _builder_version=&#8221;4.6.0&#8243; _dynamic_attributes=&#8221;content&#8221; _module_preset=&#8221;default&#8221; text_font=&#8221;|600|||||||&#8221; text_text_color=&#8221;#ffffff&#8221; text_font_size=&#8221;48px&#8221; text_line_height=&#8221;1.2em&#8221; custom_padding=&#8221;80px|50px||50px|false|true&#8221; text_font_size_tablet=&#8221;40px&#8221; text_font_size_phone=&#8221;32px&#8221; text_font_size_last_edited=&#8221;on|desktop&#8221; text_line_height_tablet=&#8221;&#8221; text_line_height_phone=&#8221;&#8221; text_line_height_last_edited=&#8221;on|phone&#8221; header_font_tablet=&#8221;&#8221; header_font_phone=&#8221;&#8221; header_font_last_edited=&#8221;on|phone&#8221; header_font_size_tablet=&#8221;&#8221; header_font_size_phone=&#8221;&#8221; header_font_size_last_edited=&#8221;on|phone&#8221; header_line_height_tablet=&#8221;&#8221; header_line_height_phone=&#8221;&#8221; header_line_height_last_edited=&#8221;on|desktop&#8221; global_colors_info=&#8221;{}&#8221;]@ET-DC@eyJkeW5hbWljIjp0cnVlLCJjb250ZW50IjoicG9zdF90aXRsZSIsInNldHRpbmdzIjp7ImJlZm9yZSI6IiIsImFmdGVyIjoiIn19@[\/et_pb_text][\/et_pb_column][\/et_pb_row][et_pb_row column_structure=&#8221;3_4,1_4&#8243; _builder_version=&#8221;4.6.0&#8243; _module_preset=&#8221;default&#8221; background_color=&#8221;#ffffff&#8221; width=&#8221;95%&#8221; custom_margin=&#8221;20px||||false|false&#8221; custom_margin_tablet=&#8221;10px||||false|false&#8221; custom_margin_phone=&#8221;10px||||false|false&#8221; custom_margin_last_edited=&#8221;on|desktop&#8221; custom_padding=&#8221;50px|50px|50px|50px|true|true&#8221; box_shadow_style=&#8221;preset2&#8243; global_colors_info=&#8221;{}&#8221;][et_pb_column type=&#8221;3_4&#8243; _builder_version=&#8221;4.6.0&#8243; _module_preset=&#8221;default&#8221; global_colors_info=&#8221;{}&#8221;][et_pb_text _builder_version=&#8221;4.14.7&#8243; _module_preset=&#8221;default&#8221; link_font=&#8221;|600|||||||&#8221; header_2_text_align=&#8221;left&#8221; header_2_font_size=&#8221;30px&#8221; header_2_line_height=&#8221;1.2em&#8221; hover_enabled=&#8221;0&#8243; header_font_size_tablet=&#8221;48px&#8221; header_font_size_phone=&#8221;&#8221; header_font_size_last_edited=&#8221;on|tablet&#8221; header_2_font_size_tablet=&#8221;&#8221; header_2_font_size_phone=&#8221;25px&#8221; header_2_font_size_last_edited=&#8221;on|phone&#8221; global_colors_info=&#8221;{}&#8221; sticky_enabled=&#8221;0&#8243;]<\/p>\n<blockquote>\n<h2>Brza prijava i odjava gostiju hotela<\/h2>\n<\/blockquote>\n<p><a href=\"https:\/\/www.alarmautomatika.com\/hr\/softveri\/absistem-ticketing\/#smart_kiosk\" target=\"_blank\" rel=\"noopener noreferrer\">ABsmartKiosk<\/a> omogu\u0107uje brzi check-in i check-out gostiju hotela, jer omogu\u0107uje provjeru dokumenata, izdavanje kartice, kontrolu ulaza u sobu i pla\u0107anje tro\u0161kova. Koristiti se i za reklamiranje dodatne ponude i kupnju ulaznica ili vau\u010dera za odabrane doga\u0111aje.<\/p>\n<blockquote>\n<h2>LPR i kontrola pristupa vozila<\/h2>\n<\/blockquote>\n<p><a href=\"https:\/\/www.alarmautomatika.com\/ro\/produse\/gestionarea-inteligenta-a-traficului-si-parcarii\/\">Kontrola ulaska vozila<\/a> gostiju i dobavlja\u010da se mo\u017ee ubrzati primjenom <a href=\"https:\/\/www.alarmautomatika.com\/hr\/softveri\/absistem-park\/\">ABsistemPark softvera<\/a>. Registarske oznake vozila se o\u010ditavaju putem LPR kamera, a softver uspore\u0111uju o\u010ditanu registraciju s bazom podataka te automatski propu\u0161ta vozila s dozvolom ulaska.<\/p>\n<blockquote>\n<h2>Panoramske kamere za nadzor velikih prostora<\/h2>\n<\/blockquote>\n<p>Megapikselne panoramske kamere omogu\u0107avaju nadzor velikih povr\u0161ina (parkirali\u0161ta, predvorja, stubi\u0161ta), a live video stream mo\u017ee poslu\u017eiti za promociju. Panoramska kamera mijenja vi\u0161e standardnih kamera.<\/p>\n<blockquote>\n<h2>Evidencija \u00a0radnog vremena i kontrola pristupa<\/h2>\n<\/blockquote>\n<p><a href=\"https:\/\/www.alarmautomatika.com\/ro\/produse\/sisteme-avansate-de-control-al-accesului\/\">Sustav kontrole pristupa i evidencije radnog vremena<\/a> treba podr\u017eavati nadzor pristupa pojedinim prostorima te razne modele radnog odnosa (redovni, sezonski) \u00a0i radnog vremena (prekovremeno, klizno, smjensko).<\/p>\n<div>\n<blockquote>\n<h2><span lang=\"HR\">Ograni\u010davanje broja ljudi u zasebnim prostorima hotela<\/span><\/h2>\n<\/blockquote>\n<\/div>\n<div><span lang=\"HR\"><a href=\"https:\/\/www.alarmautomatika.com\/hr\/softveri\/brojenje-ljudi\/#odredjivanje_broja_ljudi\">ABsistemLimitPeople<\/a>\u00a0<\/span>softver omogu\u0107uje jednostavan prikaz broja ljudi koji se nalaze u prostoru, primjerice u hotelskom restoranu, ili na bazenu. To gostima omogu\u0107uje da izbjegnu mjesta na kojima je trenuta\u010dno gu\u017eva te da socijalni kontakt zadr\u017ei u granicama po\u017eeljnog. Ljudi se broje putem IP kamera na ulazu, a na displeju se prikazuje koliko ljudi trenuta\u010dno u prostoru i koliki je maksimalno dozvoljen broj.<\/div>\n<div>\u00a0<\/div>\n<blockquote>\n<h2>Pametne sobe, SOS i energy management<\/h2>\n<\/blockquote>\n<p>Uspje\u0161nost poslovanja ovisi o tro\u0161kovima za grijanje, hla\u0111enje, rasvjetu i vodu i o njima treba voditi ra\u010duna. Kroz sustav inteligentnih soba jednostavno se upravlja potro\u0161njom u sobama. <a href=\"https:\/\/www.alarmautomatika.com\/hr\/sos-sustavi-za-poziv-u-nuzdi\/\">IP bazirani SOS sustavi<\/a> omogu\u0107uju da osoblje SOS poziv primi i putem mobilne aplikacije, dok obavlja ostale poslove.<\/p>\n<blockquote>\n<h2>Integracija safety rje\u0161enja i automatike<\/h2>\n<\/blockquote>\n<p>U hotelima se koristi velik broj sustava za upravljanje, nadzor i za\u0161titu. Safety sustavi sustavi (<a href=\"https:\/\/www.alarmautomatika.com\/ro\/produse\/alarma-de-incendiu\/\">dojave po\u017eara<\/a>, <a href=\"https:\/\/www.alarmautomatika.com\/ro\/produse\/alarma-pentru-detectarea-gazelor\/\">dojave plina<\/a>, <a href=\"https:\/\/www.alarmautomatika.com\/ro\/produse\/sisteme-de-evacuare-si-de-adresare-publica\/\">evakuacijskog razglasa<\/a>, <a href=\"https:\/\/www.alarmautomatika.com\/ro\/produse\/iluminare-de-urgenta\/\">panik rasvjete<\/a> i <a href=\"https:\/\/www.alarmautomatika.com\/ro\/produse\/sisteme-de-extractie-si-ventilare-a-fumului-si-caldurii\/\">odvo\u0111enja dima i topline<\/a>) su obavezni u vi\u0161im kategorijama, i u na\u010delu se integriraju sa <a href=\"https:\/\/www.alarmautomatika.com\/ro\/produse\/bms-si-sisteme-de-gestionare-a-locatiilor\/\">BMS sustavima<\/a> (grijanje, hla\u0111enje, rasvjeta, zasjenjivanje) kako bi se objektom upravljalo u\u010dinkovitije i smanjili tro\u0161kovi. Implementacijom <a href=\"https:\/\/www.alarmautomatika.com\/ro\/software\/supravegherea-si-gestionarea-sistemelor-de-protectie\/\">ABsistemDCi<\/a> softvera omogu\u0107uje se integracija svih tehni\u010dkih sustava na objektu &#8211; tehni\u010dke za\u0161tite, safety i BMS sustava.<\/p>\n<blockquote>\n<h2>Dokumentacija o primijenjenim mjerama za\u0161tite<\/h2>\n<\/blockquote>\n<p>Prosudba ugro\u017eenosti i projekt tehni\u010dke za\u0161tite su osnova za kasnije nadogradnje i odr\u017eavanje sustava. Dokumentacija obuhva\u0107a i certifikate za opremu te zapisnike i radne naloge vezane za popravke i servise.<\/p>\n<blockquote>\n<h2>Odr\u017eavanje i Centralni tehni\u010dki nadzor (CTN)<\/h2>\n<\/blockquote>\n<p><a href=\"https:\/\/www.alarmautomatika.com\/ro\/servicii\/servicii-profesionale-pentru-proiecte-complexe\/#odrzavanje\">Daljinski nadzor nad ispravno\u0161\u0107u tehni\u010dke za\u0161tite putem CTN-a<\/a> omogu\u0107ava brzo otklanjanje kvarova. Tehni\u010dku podr\u0161ku i organizaciju popravaka osigurava slu\u017eba odr\u017eavanja.<\/p>\n<p>[\/et_pb_text][\/et_pb_column][et_pb_column type=&#8221;1_4&#8243; _builder_version=&#8221;4.6.0&#8243; _module_preset=&#8221;default&#8221; custom_padding_tablet=&#8221;&#8221; custom_padding_phone=&#8221;&#8221; custom_padding_last_edited=&#8221;on|phone&#8221; global_colors_info=&#8221;{}&#8221;][et_pb_image src=&#8221;https:\/\/www.alarmautomatika.com\/wp-content\/uploads\/2020\/10\/idea-solution-logo-home-banner.png&#8221; alt=&#8221;iDEA Solution&#8221; title_text=&#8221;iDEA Solution&#8221; align=&#8221;center&#8221; _builder_version=&#8221;4.7.4&#8243; _module_preset=&#8221;default&#8221; global_colors_info=&#8221;{}&#8221;][\/et_pb_image][et_pb_accordion module_class=&#8221;idea-value-propositions&#8221; _builder_version=&#8221;4.9.0&#8243; _module_preset=&#8221;default&#8221; global_module=&#8221;8292&#8243; global_colors_info=&#8221;{}&#8221;][et_pb_accordion_item title=&#8221;Blank&#8221; open=&#8221;on&#8221; _builder_version=&#8221;4.9.0&#8243; _module_preset=&#8221;default&#8221; custom_css_main_element=&#8221;display:none;&#8221; global_colors_info=&#8221;{}&#8221;][\/et_pb_accordion_item][et_pb_accordion_item title=&#8221;Clien\u021bi&#8221; _builder_version=&#8221;4.9.0&#8243; _module_preset=&#8221;default&#8221; global_colors_info=&#8221;{}&#8221; open=&#8221;off&#8221;]<\/p>\n<p><a href=\"https:\/\/www.alarmautomatika.com\/ro\/clientii\/institutii-bancare-si-financiare\/\">Institu\u021bii bancare \u0219i financiare<\/a><\/p>\n<p><a href=\"https:\/\/www.alarmautomatika.com\/ro\/clientii\/hoteluri\/\">Hoteluri<\/a><\/p>\n<p><a href=\"https:\/\/www.alarmautomatika.com\/ro\/clientii\/centrele-comerciale\/\">Centrele comerciale<\/a><\/p>\n<p><a href=\"https:\/\/www.alarmautomatika.com\/ro\/clientii\/cladiri-publice-si-unitati-comerciale\/\">Cl\u0103diri publice \u0219i unit\u0103\u021bi comerciale<\/a><\/p>\n<p><a href=\"https:\/\/www.alarmautomatika.com\/ro\/clientii\/spatii-industriale-si-infrastructura-de-mari-dimensiuni\/\">Spa\u021bii industriale \u0219i infrastructur\u0103 de mari dimensiuni<\/a><\/p>\n<p><a href=\"https:\/\/www.alarmautomatika.com\/ro\/clientii\/zone-si-facilitati-publice\/\">Zone \u0219i facilit\u0103\u021bi publice<\/a><\/p>\n<p>[\/et_pb_accordion_item][et_pb_accordion_item title=&#8221;Produse&#8221; _builder_version=&#8221;4.9.0&#8243; _module_preset=&#8221;default&#8221; global_colors_info=&#8221;{}&#8221; open=&#8221;off&#8221;]<\/p>\n<p><a href=\"https:\/\/www.alarmautomatika.com\/ro\/produse\/analiza-video-si-inteligenta-artificiala\/\">Analiza video \u0219i inteligen\u021ba artificial\u0103<\/a><\/p>\n<p><a href=\"https:\/\/www.alarmautomatika.com\/ro\/produse\/scanarea-termica-si-protejarea-perimetrului\/\">Scanarea termic\u0103 \u0219i protejarea perimetrului<\/a><\/p>\n<p><a href=\"https:\/\/www.alarmautomatika.com\/ro\/produse\/sisteme-avansate-de-control-al-accesului\/\">Sisteme avansate de control al accesului<\/a><\/p>\n<p><a href=\"https:\/\/www.alarmautomatika.com\/ro\/produse\/sisteme-de-supraveghere-electronica-a-articolelor\/\">Sisteme de supraveghere electronic\u0103 a articolelor (EAS)<\/a><\/p>\n<p><a href=\"https:\/\/www.alarmautomatika.com\/ro\/software\/gestionare-si-control-inteligente\/\">Gestionarea inteligent\u0103 a traficului \u0219i parc\u0103rii<\/a><\/p>\n<p><a href=\"https:\/\/www.alarmautomatika.com\/ro\/produse\/bms-si-sisteme-de-gestionare-a-locatiilor\/\">BMS \u0219i sisteme de gestionare a loca\u021biilor<\/a><\/p>\n<p>[\/et_pb_accordion_item][et_pb_accordion_item title=&#8221;Software&#8221; _builder_version=&#8221;4.9.0&#8243; _module_preset=&#8221;default&#8221; global_colors_info=&#8221;{}&#8221; open=&#8221;off&#8221;]<\/p>\n<p><a href=\"https:\/\/www.alarmautomatika.com\/ro\/software\/gestionare-si-control-inteligente\/\" already=\"true\">Num\u0103rarea persoanelor<\/a><\/p>\n<p><a href=\"https:\/\/www.alarmautomatika.com\/ro\/software\/gestionare-si-control-inteligente\/\" already=\"true\">Rezervarea de camere<\/a><\/p>\n<p><a href=\"https:\/\/www.alarmautomatika.com\/ro\/software\/gestionare-si-control-inteligente\/#parking-rjesenja\" already=\"true\">Solu\u021bii de parcare<\/a><\/p>\n<p><a href=\"https:\/\/www.alarmautomatika.com\/ro\/software\/gestionare-si-control-inteligente\/#upravljanje-prometom\" already=\"true\">Gestionarea traficului<\/a><\/p>\n<p><a href=\"https:\/\/www.alarmautomatika.com\/ro\/software\/gestionare-si-control-inteligente\/#upravljanje-posjetiteljima\" already=\"true\">Gestionarea \u0219i \u00eenregistrarea intr\u0103rilor<\/a><\/p>\n<p><a href=\"https:\/\/www.alarmautomatika.com\/ro\/software\/gestionare-si-control-inteligente\/#nadzor-na-pretovarnim-stanicama\" already=\"true\">Supraveghere la Sta\u021biile de re\u00eenc\u0103rcare<\/a><\/p>\n<p>[\/et_pb_accordion_item][et_pb_accordion_item title=&#8221;Servicii&#8221; _builder_version=&#8221;4.9.0&#8243; _module_preset=&#8221;default&#8221; global_colors_info=&#8221;{}&#8221; open=&#8221;off&#8221;]<\/p>\n<p><a href=\"https:\/\/www.alarmautomatika.com\/ro\/servicii\/servicii-profesionale-pentru-proiecte-complexe\/#projektiranje\" data-et-has-event-already=\"true\">Proiectare<\/a><\/p>\n<p><a href=\"https:\/\/www.alarmautomatika.com\/ro\/servicii\/servicii-profesionale-pentru-proiecte-complexe\/#prosudba-ugrozenosti-i-elaborat-mjera-sigurnosti\" data-et-has-event-already=\"true\">Evaluarea vulnerabilit\u0103\u021bii securit\u0103\u021bii \u0219i studiul m\u0103surilor de securitate<\/a><\/p>\n<p><a href=\"https:\/\/www.alarmautomatika.com\/ro\/servicii\/servicii-profesionale-pentru-proiecte-complexe\/#konzalting\" data-et-has-event-already=\"true\">Consultan\u021b\u0103<\/a><\/p>\n<p><a href=\"https:\/\/www.alarmautomatika.com\/ro\/servicii\/servicii-profesionale-pentru-proiecte-complexe\/#nadzor-nad-izvodjenjem\" data-et-has-event-already=\"true\">Supervizarea proiectului<\/a><\/p>\n<p><a href=\"https:\/\/www.alarmautomatika.com\/ro\/servicii\/servicii-profesionale-pentru-proiecte-complexe\/#koordinacija-i-vodjenje-projekata\" data-et-has-event-already=\"true\">Coordonarea \u0219i managementul proiectului<\/a><\/p>\n<p><a href=\"https:\/\/www.alarmautomatika.com\/ro\/servicii\/servicii-profesionale-pentru-proiecte-complexe\/#softverska-integracija\" data-et-has-event-already=\"true\">Integrarea software-ului \u0219i integrarea cu structura comercial\u0103 a utilizatorului<\/a><\/p>\n<p>[\/et_pb_accordion_item][et_pb_accordion_item title=&#8221;Platforma de afaceri&#8221; _builder_version=&#8221;4.9.0&#8243; _module_preset=&#8221;default&#8221; global_colors_info=&#8221;{}&#8221; open=&#8221;off&#8221;]<\/p>\n<p><a href=\"https:\/\/www.alarmautomatika.com\/ro\/platforma-de-afaceri\/#razmjena-znanja\" data-et-has-event-already=\"true\">Schimbul de cuno\u0219tin\u021be ale participan\u021bilor \u00een procesul de construc\u021bie<\/a><\/p>\n<p>[\/et_pb_accordion_item][\/et_pb_accordion][\/et_pb_column][\/et_pb_row][\/et_pb_section]<\/p>\n","protected":false},"excerpt":{"rendered":"<p>Brza prijava i odjava gostiju hotela ABsmartKiosk omogu\u0107uje brzi check-in i check-out gostiju hotela, jer omogu\u0107uje provjeru dokumenata, izdavanje kartice, kontrolu ulaza u sobu i pla\u0107anje tro\u0161kova. Koristiti se i za reklamiranje dodatne ponude i kupnju ulaznica ili vau\u010dera za odabrane doga\u0111aje. LPR i kontrola pristupa vozila Kontrola ulaska vozila gostiju i dobavlja\u010da se mo\u017ee [&hellip;]<\/p>\n","protected":false},"author":15,"featured_media":0,"parent":11177,"menu_order":0,"comment_status":"closed","ping_status":"closed","template":"","meta":{"_et_pb_use_builder":"on","_et_pb_old_content":"","_et_gb_content_width":"","footnotes":""},"class_list":["post-10835","page","type-page","status-publish","hentry"],"_links":{"self":[{"href":"https:\/\/www.alarmautomatika.com\/ro\/wp-json\/wp\/v2\/pages\/10835","targetHints":{"allow":["GET"]}}],"collection":[{"href":"https:\/\/www.alarmautomatika.com\/ro\/wp-json\/wp\/v2\/pages"}],"about":[{"href":"https:\/\/www.alarmautomatika.com\/ro\/wp-json\/wp\/v2\/types\/page"}],"author":[{"embeddable":true,"href":"https:\/\/www.alarmautomatika.com\/ro\/wp-json\/wp\/v2\/users\/15"}],"replies":[{"embeddable":true,"href":"https:\/\/www.alarmautomatika.com\/ro\/wp-json\/wp\/v2\/comments?post=10835"}],"version-history":[{"count":2,"href":"https:\/\/www.alarmautomatika.com\/ro\/wp-json\/wp\/v2\/pages\/10835\/revisions"}],"predecessor-version":[{"id":50504,"href":"https:\/\/www.alarmautomatika.com\/ro\/wp-json\/wp\/v2\/pages\/10835\/revisions\/50504"}],"up":[{"embeddable":true,"href":"https:\/\/www.alarmautomatika.com\/ro\/wp-json\/wp\/v2\/pages\/11177"}],"wp:attachment":[{"href":"https:\/\/www.alarmautomatika.com\/ro\/wp-json\/wp\/v2\/media?parent=10835"}],"curies":[{"name":"wp","href":"https:\/\/api.w.org\/{rel}","templated":true}]}}