{"id":10838,"date":"2020-08-20T13:21:57","date_gmt":"2020-08-20T11:21:57","guid":{"rendered":"https:\/\/www.alarmautomatika.com\/centrele-comerciale\/"},"modified":"2023-11-10T10:01:08","modified_gmt":"2023-11-10T09:01:08","slug":"centrele-comerciale","status":"publish","type":"page","link":"https:\/\/www.alarmautomatika.com\/ro\/clientii\/centrele-comerciale\/","title":{"rendered":"Centrele comerciale"},"content":{"rendered":"<p>[et_pb_section fb_built=&#8221;1&#8243; _builder_version=&#8221;4.6.2&#8243; _module_preset=&#8221;default&#8221; background_image=&#8221;https:\/\/www.alarmautomatika.com\/wp-content\/uploads\/2020\/09\/trgovacki-centri.jpg&#8221; background_size=&#8221;initial&#8221; background_position=&#8221;top_center&#8221; global_colors_info=&#8221;{}&#8221;][et_pb_row _builder_version=&#8221;4.6.0&#8243; _module_preset=&#8221;default&#8221; width=&#8221;95%&#8221; global_colors_info=&#8221;{}&#8221;][et_pb_column type=&#8221;4_4&#8243; _builder_version=&#8221;4.6.0&#8243; _module_preset=&#8221;default&#8221; global_colors_info=&#8221;{}&#8221;][et_pb_text _builder_version=&#8221;4.6.0&#8243; _dynamic_attributes=&#8221;content&#8221; _module_preset=&#8221;default&#8221; text_font=&#8221;|600|||||||&#8221; text_text_color=&#8221;#ffffff&#8221; text_font_size=&#8221;48px&#8221; text_line_height=&#8221;1.2em&#8221; custom_padding=&#8221;80px|50px||50px|false|true&#8221; text_font_size_tablet=&#8221;40px&#8221; text_font_size_phone=&#8221;32px&#8221; text_font_size_last_edited=&#8221;on|desktop&#8221; text_line_height_tablet=&#8221;&#8221; text_line_height_phone=&#8221;&#8221; text_line_height_last_edited=&#8221;on|phone&#8221; header_font_tablet=&#8221;&#8221; header_font_phone=&#8221;&#8221; header_font_last_edited=&#8221;on|phone&#8221; header_font_size_tablet=&#8221;&#8221; header_font_size_phone=&#8221;&#8221; header_font_size_last_edited=&#8221;on|phone&#8221; header_line_height_tablet=&#8221;&#8221; header_line_height_phone=&#8221;&#8221; header_line_height_last_edited=&#8221;on|desktop&#8221; global_colors_info=&#8221;{}&#8221;]@ET-DC@eyJkeW5hbWljIjp0cnVlLCJjb250ZW50IjoicG9zdF90aXRsZSIsInNldHRpbmdzIjp7ImJlZm9yZSI6IiIsImFmdGVyIjoiIn19@[\/et_pb_text][\/et_pb_column][\/et_pb_row][et_pb_row column_structure=&#8221;3_4,1_4&#8243; _builder_version=&#8221;4.6.0&#8243; _module_preset=&#8221;default&#8221; background_color=&#8221;#ffffff&#8221; width=&#8221;95%&#8221; custom_margin=&#8221;20px||||false|false&#8221; custom_margin_tablet=&#8221;10px||||false|false&#8221; custom_margin_phone=&#8221;10px||||false|false&#8221; custom_margin_last_edited=&#8221;on|desktop&#8221; custom_padding=&#8221;50px|50px|50px|50px|true|true&#8221; box_shadow_style=&#8221;preset2&#8243; global_colors_info=&#8221;{}&#8221;][et_pb_column type=&#8221;3_4&#8243; _builder_version=&#8221;4.6.0&#8243; _module_preset=&#8221;default&#8221; global_colors_info=&#8221;{}&#8221;][et_pb_text _builder_version=&#8221;4.14.7&#8243; _module_preset=&#8221;default&#8221; link_font=&#8221;|600|||||||&#8221; header_2_text_align=&#8221;left&#8221; header_2_font_size=&#8221;30px&#8221; header_2_line_height=&#8221;1.2em&#8221; hover_enabled=&#8221;0&#8243; header_font_size_tablet=&#8221;48px&#8221; header_font_size_phone=&#8221;&#8221; header_font_size_last_edited=&#8221;on|tablet&#8221; header_2_font_size_tablet=&#8221;&#8221; header_2_font_size_phone=&#8221;25px&#8221; header_2_font_size_last_edited=&#8221;on|phone&#8221; global_colors_info=&#8221;{}&#8221; sticky_enabled=&#8221;0&#8243;]<\/p>\n<blockquote>\n<h2>Elektroni\u010dka za\u0161tita artikala od kra\u0111e (EAS)<\/h2>\n<\/blockquote>\n<p><a href=\"https:\/\/www.alarmautomatika.com\/ro\/produse\/sisteme-de-supraveghere-electronica-a-articolelor\/\">Elektroni\u010dka za\u0161tita od kra\u0111e<\/a> (Electronic Article Surveillance) najefikasniji je sustav u sprje\u010davanju kra\u0111e robe. Omogu\u0107uje izlaganje i dostupnost robe bez \u010dekanja kupca, a da pritom nije potrebno pove\u0107ati broj prodava\u010da. Koristi se i za efikasnije upravljanje procesima u maloprodaji.<\/p>\n<blockquote>\n<h2>Integracija IP videa s POS blagajnama<\/h2>\n<\/blockquote>\n<p>Video zapis se pretra\u017euje prema klju\u010dnim rije\u010dima (datum, artikl, iznos, prodava\u010d) i podacima o karti\u010dnoj transakciji. Omogu\u0107ava automatsko generiranje alarma kod npr. odbijenih transakcija, prikaz podataka s POS terminala na vi\u0161e lokacija te izvoz ili arhiviranje video klipa ili snimke spornih transakcija.<\/p>\n<blockquote>\n<h2>Brojanje kupca i analitika za trgovine<\/h2>\n<\/blockquote>\n<div><span lang=\"HR\"><a href=\"https:\/\/www.alarmautomatika.com\/hr\/softveri\/brojenje-ljudi\/#analitika_za_trgovine\">ABsistemSmartRetail<\/a>\u00a0<\/span>softver trgovcima omogu\u0107uje brojanje kupaca, pra\u0107enje njihovog pona\u0161anje u prostoru (<a href=\"https:\/\/www.alarmautomatika.com\/hr\/softveri\/brojenje-ljudi\/#analitika_za_trgovine\">heat mape<\/a>) te da na jednom mjestu imaju podatke o broja kupaca u odnosu na marketin\u0161ke kampanje, informacije o pona\u0161anju kupaca u trgovinama na razli\u010ditim lokacijama, analiziraju odnos vremenskih prilika i pona\u0161anja kupaca te da kontroliraju gu\u017eve.<\/div>\n<div>\u00a0<\/div>\n<blockquote>\n<h2>Fisheye kamere, heat mape, snimanje u visini lica<\/h2>\n<\/blockquote>\n<p>Fisheye kamere mijenjaju vi\u0161e kamera za nadzor ve\u0107eg podru\u010dja i pri tome se ne gube detalji na snimci. Koriste se i za analizu pona\u0161anja kupaca (&#8222;<a href=\"https:\/\/www.alarmautomatika.com\/ro\/produse\/analiza-video-si-inteligenta-artificiala\/\">heat mape<\/a>&#8222;). Posebne kamere koje snimaju u visini lica se koriste za nadzor polica s robom.<\/p>\n<blockquote>\n<h2>&#8222;Safety&#8221; sustavi su obvezni<\/h2>\n<\/blockquote>\n<p>&#8222;Safety&#8221; sustavi osiguravaju brzu dojavu i sigurnu evakuaciju u slu\u010daju po\u017eara. Obuhva\u0107aju sustave <a href=\"https:\/\/www.alarmautomatika.com\/ro\/produse\/alarma-de-incendiu\/\">dojave po\u017eara<\/a>, <a href=\"https:\/\/www.alarmautomatika.com\/ro\/produse\/alarma-pentru-detectarea-gazelor\/\">dojave plina<\/a>, <a href=\"https:\/\/www.alarmautomatika.com\/ro\/produse\/sisteme-de-evacuare-si-de-adresare-publica\/\">evakuacijskog razglasa<\/a>, <a href=\"https:\/\/www.alarmautomatika.com\/ro\/produse\/sisteme-de-extractie-si-ventilare-a-fumului-si-caldurii\/\">odvo\u0111enja dima i topline<\/a>,<a href=\"https:\/\/www.alarmautomatika.com\/hr\/sos-sustavi-za-poziv-u-nuzdi\/\"> SOS-a<\/a> te <a href=\"https:\/\/www.alarmautomatika.com\/ro\/produse\/iluminare-de-urgenta\/\">panik rasvjete<\/a>. Mogu smanjiti ukupnu investiciju u gra\u0111evinske mjere za\u0161tite od po\u017eara, a nove tehnologije omogu\u0107uju umre\u017eavanje centrala, prihva\u0107anje detektora razli\u010ditih proizvo\u0111a\u010da ili pristup putem interneta.<\/p>\n<blockquote>\n<h2>Integracija i centralizacija sustava na objektima<\/h2>\n<\/blockquote>\n<p>Softverska integracija tehni\u010dkih sustava na objektu putem <a href=\"https:\/\/www.alarmautomatika.com\/ro\/software\/supravegherea-si-gestionarea-sistemelor-de-protectie\/\">ABsistemDCi<\/a> softvera omogu\u0107ava lak\u0161i nadzor i upravljanje nad tehni\u010dkim sustavima na objektu. Pomo\u0107u <a href=\"https:\/\/www.alarmautomatika.com\/ro\/software\/receptia-si-procesarea-semnalelor-de-alarma\/\">ABsistemDC(NG)<\/a> softvera mogu\u0107a je i centralizacija signala sa dislociranih objekata u nadzornom centru. Rje\u0161enja softverske integracije i centralizacije su pro\u0161iriva u smislu dodavanja objekata, naknadne integracije tehni\u010dkih sustava (npr. klimatizacije) i novih funkcionalnosti (npr. upravljanje rampama za pristup na parkirali\u0161ta).<\/p>\n<blockquote>\n<h2>Dokumentacija o primijenjenim mjerama za\u0161tite<\/h2>\n<\/blockquote>\n<p>Prosudba ugro\u017eenosti i projekt tehni\u010dke za\u0161tite su osnova za kasnije nadogradnje i odr\u017eavanje sustava. Dokumentacija obuhva\u0107a i certifikate za opremu te zapisnike i radne naloge vezane za popravke i servise.<\/p>\n<blockquote>\n<h2>Odr\u017eavanje i Centralni tehni\u010dki nadzor (CTN)<\/h2>\n<\/blockquote>\n<p><a href=\"https:\/\/www.alarmautomatika.com\/ro\/servicii\/servicii-profesionale-pentru-proiecte-complexe\/#odrzavanje\">Daljinski nadzor nad ispravno\u0161\u0107u tehni\u010dke za\u0161tite putem CTN-a<\/a> omogu\u0107ava brzo otklanjanje kvarova. Tehni\u010dku podr\u0161ku i organizaciju popravaka osigurava slu\u017eba odr\u017eavanja.<\/p>\n<p>[\/et_pb_text][\/et_pb_column][et_pb_column type=&#8221;1_4&#8243; _builder_version=&#8221;4.6.0&#8243; _module_preset=&#8221;default&#8221; custom_padding_tablet=&#8221;&#8221; custom_padding_phone=&#8221;&#8221; custom_padding_last_edited=&#8221;on|phone&#8221; global_colors_info=&#8221;{}&#8221;][et_pb_image src=&#8221;https:\/\/www.alarmautomatika.com\/wp-content\/uploads\/2020\/10\/idea-solution-logo-home-banner.png&#8221; alt=&#8221;iDEA Solution&#8221; title_text=&#8221;iDEA Solution&#8221; align=&#8221;center&#8221; _builder_version=&#8221;4.7.4&#8243; _module_preset=&#8221;default&#8221; global_colors_info=&#8221;{}&#8221;][\/et_pb_image][et_pb_accordion module_class=&#8221;idea-value-propositions&#8221; _builder_version=&#8221;4.9.0&#8243; _module_preset=&#8221;default&#8221; global_module=&#8221;8292&#8243; global_colors_info=&#8221;{}&#8221;][et_pb_accordion_item title=&#8221;Blank&#8221; open=&#8221;on&#8221; _builder_version=&#8221;4.9.0&#8243; _module_preset=&#8221;default&#8221; custom_css_main_element=&#8221;display:none;&#8221; global_colors_info=&#8221;{}&#8221;][\/et_pb_accordion_item][et_pb_accordion_item title=&#8221;Clien\u021bi&#8221; _builder_version=&#8221;4.9.0&#8243; _module_preset=&#8221;default&#8221; global_colors_info=&#8221;{}&#8221; open=&#8221;off&#8221;]<\/p>\n<p><a href=\"https:\/\/www.alarmautomatika.com\/ro\/clientii\/institutii-bancare-si-financiare\/\">Institu\u021bii bancare \u0219i financiare<\/a><\/p>\n<p><a href=\"https:\/\/www.alarmautomatika.com\/ro\/clientii\/hoteluri\/\">Hoteluri<\/a><\/p>\n<p><a href=\"https:\/\/www.alarmautomatika.com\/ro\/clientii\/centrele-comerciale\/\">Centrele comerciale<\/a><\/p>\n<p><a href=\"https:\/\/www.alarmautomatika.com\/ro\/clientii\/cladiri-publice-si-unitati-comerciale\/\">Cl\u0103diri publice \u0219i unit\u0103\u021bi comerciale<\/a><\/p>\n<p><a href=\"https:\/\/www.alarmautomatika.com\/ro\/clientii\/spatii-industriale-si-infrastructura-de-mari-dimensiuni\/\">Spa\u021bii industriale \u0219i infrastructur\u0103 de mari dimensiuni<\/a><\/p>\n<p><a href=\"https:\/\/www.alarmautomatika.com\/ro\/clientii\/zone-si-facilitati-publice\/\">Zone \u0219i facilit\u0103\u021bi publice<\/a><\/p>\n<p>[\/et_pb_accordion_item][et_pb_accordion_item title=&#8221;Produse&#8221; _builder_version=&#8221;4.9.0&#8243; _module_preset=&#8221;default&#8221; global_colors_info=&#8221;{}&#8221; open=&#8221;off&#8221;]<\/p>\n<p><a href=\"https:\/\/www.alarmautomatika.com\/ro\/produse\/analiza-video-si-inteligenta-artificiala\/\">Analiza video \u0219i inteligen\u021ba artificial\u0103<\/a><\/p>\n<p><a href=\"https:\/\/www.alarmautomatika.com\/ro\/produse\/scanarea-termica-si-protejarea-perimetrului\/\">Scanarea termic\u0103 \u0219i protejarea perimetrului<\/a><\/p>\n<p><a href=\"https:\/\/www.alarmautomatika.com\/ro\/produse\/sisteme-avansate-de-control-al-accesului\/\">Sisteme avansate de control al accesului<\/a><\/p>\n<p><a href=\"https:\/\/www.alarmautomatika.com\/ro\/produse\/sisteme-de-supraveghere-electronica-a-articolelor\/\">Sisteme de supraveghere electronic\u0103 a articolelor (EAS)<\/a><\/p>\n<p><a href=\"https:\/\/www.alarmautomatika.com\/ro\/software\/gestionare-si-control-inteligente\/\">Gestionarea inteligent\u0103 a traficului \u0219i parc\u0103rii<\/a><\/p>\n<p><a href=\"https:\/\/www.alarmautomatika.com\/ro\/produse\/bms-si-sisteme-de-gestionare-a-locatiilor\/\">BMS \u0219i sisteme de gestionare a loca\u021biilor<\/a><\/p>\n<p>[\/et_pb_accordion_item][et_pb_accordion_item title=&#8221;Software&#8221; _builder_version=&#8221;4.9.0&#8243; _module_preset=&#8221;default&#8221; global_colors_info=&#8221;{}&#8221; open=&#8221;off&#8221;]<\/p>\n<p><a href=\"https:\/\/www.alarmautomatika.com\/ro\/software\/gestionare-si-control-inteligente\/\" already=\"true\">Num\u0103rarea persoanelor<\/a><\/p>\n<p><a href=\"https:\/\/www.alarmautomatika.com\/ro\/software\/gestionare-si-control-inteligente\/\" already=\"true\">Rezervarea de camere<\/a><\/p>\n<p><a href=\"https:\/\/www.alarmautomatika.com\/ro\/software\/gestionare-si-control-inteligente\/#parking-rjesenja\" already=\"true\">Solu\u021bii de parcare<\/a><\/p>\n<p><a href=\"https:\/\/www.alarmautomatika.com\/ro\/software\/gestionare-si-control-inteligente\/#upravljanje-prometom\" already=\"true\">Gestionarea traficului<\/a><\/p>\n<p><a href=\"https:\/\/www.alarmautomatika.com\/ro\/software\/gestionare-si-control-inteligente\/#upravljanje-posjetiteljima\" already=\"true\">Gestionarea \u0219i \u00eenregistrarea intr\u0103rilor<\/a><\/p>\n<p><a href=\"https:\/\/www.alarmautomatika.com\/ro\/software\/gestionare-si-control-inteligente\/#nadzor-na-pretovarnim-stanicama\" already=\"true\">Supraveghere la Sta\u021biile de re\u00eenc\u0103rcare<\/a><\/p>\n<p>[\/et_pb_accordion_item][et_pb_accordion_item title=&#8221;Servicii&#8221; _builder_version=&#8221;4.9.0&#8243; _module_preset=&#8221;default&#8221; global_colors_info=&#8221;{}&#8221; open=&#8221;off&#8221;]<\/p>\n<p><a href=\"https:\/\/www.alarmautomatika.com\/ro\/servicii\/servicii-profesionale-pentru-proiecte-complexe\/#projektiranje\" data-et-has-event-already=\"true\">Proiectare<\/a><\/p>\n<p><a href=\"https:\/\/www.alarmautomatika.com\/ro\/servicii\/servicii-profesionale-pentru-proiecte-complexe\/#prosudba-ugrozenosti-i-elaborat-mjera-sigurnosti\" data-et-has-event-already=\"true\">Evaluarea vulnerabilit\u0103\u021bii securit\u0103\u021bii \u0219i studiul m\u0103surilor de securitate<\/a><\/p>\n<p><a href=\"https:\/\/www.alarmautomatika.com\/ro\/servicii\/servicii-profesionale-pentru-proiecte-complexe\/#konzalting\" data-et-has-event-already=\"true\">Consultan\u021b\u0103<\/a><\/p>\n<p><a href=\"https:\/\/www.alarmautomatika.com\/ro\/servicii\/servicii-profesionale-pentru-proiecte-complexe\/#nadzor-nad-izvodjenjem\" data-et-has-event-already=\"true\">Supervizarea proiectului<\/a><\/p>\n<p><a href=\"https:\/\/www.alarmautomatika.com\/ro\/servicii\/servicii-profesionale-pentru-proiecte-complexe\/#koordinacija-i-vodjenje-projekata\" data-et-has-event-already=\"true\">Coordonarea \u0219i managementul proiectului<\/a><\/p>\n<p><a href=\"https:\/\/www.alarmautomatika.com\/ro\/servicii\/servicii-profesionale-pentru-proiecte-complexe\/#softverska-integracija\" data-et-has-event-already=\"true\">Integrarea software-ului \u0219i integrarea cu structura comercial\u0103 a utilizatorului<\/a><\/p>\n<p>[\/et_pb_accordion_item][et_pb_accordion_item title=&#8221;Platforma de afaceri&#8221; _builder_version=&#8221;4.9.0&#8243; _module_preset=&#8221;default&#8221; global_colors_info=&#8221;{}&#8221; open=&#8221;off&#8221;]<a href=\"https:\/\/www.alarmautomatika.com\/ro\/platforma-de-afaceri\/#razmjena-znanja\" data-et-has-event-already=\"true\">Schimbul de cuno\u0219tin\u021be ale participan\u021bilor \u00een procesul de construc\u021bie<\/a>[\/et_pb_accordion_item][\/et_pb_accordion][\/et_pb_column][\/et_pb_row][\/et_pb_section]<\/p>\n","protected":false},"excerpt":{"rendered":"<p>Elektroni\u010dka za\u0161tita artikala od kra\u0111e (EAS) Elektroni\u010dka za\u0161tita od kra\u0111e (Electronic Article Surveillance) najefikasniji je sustav u sprje\u010davanju kra\u0111e robe. Omogu\u0107uje izlaganje i dostupnost robe bez \u010dekanja kupca, a da pritom nije potrebno pove\u0107ati broj prodava\u010da. Koristi se i za efikasnije upravljanje procesima u maloprodaji. Integracija IP videa s POS blagajnama Video zapis se pretra\u017euje [&hellip;]<\/p>\n","protected":false},"author":15,"featured_media":0,"parent":11177,"menu_order":0,"comment_status":"closed","ping_status":"closed","template":"","meta":{"_et_pb_use_builder":"on","_et_pb_old_content":"","_et_gb_content_width":"","footnotes":""},"class_list":["post-10838","page","type-page","status-publish","hentry"],"_links":{"self":[{"href":"https:\/\/www.alarmautomatika.com\/ro\/wp-json\/wp\/v2\/pages\/10838","targetHints":{"allow":["GET"]}}],"collection":[{"href":"https:\/\/www.alarmautomatika.com\/ro\/wp-json\/wp\/v2\/pages"}],"about":[{"href":"https:\/\/www.alarmautomatika.com\/ro\/wp-json\/wp\/v2\/types\/page"}],"author":[{"embeddable":true,"href":"https:\/\/www.alarmautomatika.com\/ro\/wp-json\/wp\/v2\/users\/15"}],"replies":[{"embeddable":true,"href":"https:\/\/www.alarmautomatika.com\/ro\/wp-json\/wp\/v2\/comments?post=10838"}],"version-history":[{"count":2,"href":"https:\/\/www.alarmautomatika.com\/ro\/wp-json\/wp\/v2\/pages\/10838\/revisions"}],"predecessor-version":[{"id":50505,"href":"https:\/\/www.alarmautomatika.com\/ro\/wp-json\/wp\/v2\/pages\/10838\/revisions\/50505"}],"up":[{"embeddable":true,"href":"https:\/\/www.alarmautomatika.com\/ro\/wp-json\/wp\/v2\/pages\/11177"}],"wp:attachment":[{"href":"https:\/\/www.alarmautomatika.com\/ro\/wp-json\/wp\/v2\/media?parent=10838"}],"curies":[{"name":"wp","href":"https:\/\/api.w.org\/{rel}","templated":true}]}}