{"id":10862,"date":"2020-08-20T13:25:48","date_gmt":"2020-08-20T11:25:48","guid":{"rendered":"https:\/\/www.alarmautomatika.com\/sisteme-de-supraveghere-electronica-a-articolelor-eas\/"},"modified":"2023-11-10T10:07:48","modified_gmt":"2023-11-10T09:07:48","slug":"sisteme-de-supraveghere-electronica-a-articolelor","status":"publish","type":"page","link":"https:\/\/www.alarmautomatika.com\/ro\/produse\/sisteme-de-supraveghere-electronica-a-articolelor\/","title":{"rendered":"Sisteme de supraveghere electronic\u0103 a articolelor (EAS)"},"content":{"rendered":"<p>[et_pb_section fb_built=&#8221;1&#8243; _builder_version=&#8221;4.6.2&#8243; _module_preset=&#8221;default&#8221; background_image=&#8221;https:\/\/www.alarmautomatika.com\/wp-content\/uploads\/2020\/09\/elektronicka-zastita-artikala-od-kradje.jpg&#8221; background_size=&#8221;initial&#8221; background_position=&#8221;top_center&#8221;][et_pb_row _builder_version=&#8221;4.6.0&#8243; _module_preset=&#8221;default&#8221; width=&#8221;95%&#8221;][et_pb_column type=&#8221;4_4&#8243; _builder_version=&#8221;4.6.0&#8243; _module_preset=&#8221;default&#8221;][et_pb_text _builder_version=&#8221;4.6.0&#8243; _dynamic_attributes=&#8221;content&#8221; _module_preset=&#8221;default&#8221; text_font=&#8221;|600|||||||&#8221; text_text_color=&#8221;#ffffff&#8221; text_font_size=&#8221;48px&#8221; text_line_height=&#8221;1.2em&#8221; custom_padding=&#8221;80px|50px||50px|false|true&#8221; text_font_size_tablet=&#8221;40px&#8221; text_font_size_phone=&#8221;32px&#8221; text_font_size_last_edited=&#8221;on|desktop&#8221; text_line_height_tablet=&#8221;&#8221; text_line_height_phone=&#8221;&#8221; text_line_height_last_edited=&#8221;on|phone&#8221; header_font_tablet=&#8221;&#8221; header_font_phone=&#8221;&#8221; header_font_last_edited=&#8221;on|phone&#8221; header_font_size_tablet=&#8221;&#8221; header_font_size_phone=&#8221;&#8221; header_font_size_last_edited=&#8221;on|phone&#8221; header_line_height_tablet=&#8221;&#8221; header_line_height_phone=&#8221;&#8221; header_line_height_last_edited=&#8221;on|desktop&#8221;]@ET-DC@eyJkeW5hbWljIjp0cnVlLCJjb250ZW50IjoicG9zdF90aXRsZSIsInNldHRpbmdzIjp7ImJlZm9yZSI6IiIsImFmdGVyIjoiIn19@[\/et_pb_text][\/et_pb_column][\/et_pb_row][et_pb_row column_structure=&#8221;3_4,1_4&#8243; _builder_version=&#8221;4.6.0&#8243; _module_preset=&#8221;default&#8221; background_color=&#8221;#ffffff&#8221; width=&#8221;95%&#8221; custom_margin=&#8221;20px||||false|false&#8221; custom_margin_tablet=&#8221;10px||||false|false&#8221; custom_margin_phone=&#8221;10px||||false|false&#8221; custom_margin_last_edited=&#8221;on|desktop&#8221; custom_padding=&#8221;50px|50px|50px|50px|true|true&#8221; box_shadow_style=&#8221;preset2&#8243;][et_pb_column type=&#8221;3_4&#8243; _builder_version=&#8221;4.6.0&#8243; _module_preset=&#8221;default&#8221;][et_pb_text _builder_version=&#8221;4.7.4&#8243; _module_preset=&#8221;default&#8221; link_font=&#8221;|600|||||||&#8221; header_2_text_align=&#8221;left&#8221; header_2_font_size=&#8221;30px&#8221; header_2_line_height=&#8221;1.2em&#8221; header_font_size_tablet=&#8221;48px&#8221; header_font_size_phone=&#8221;&#8221; header_font_size_last_edited=&#8221;on|tablet&#8221; header_2_font_size_tablet=&#8221;&#8221; header_2_font_size_phone=&#8221;25px&#8221; header_2_font_size_last_edited=&#8221;on|phone&#8221;]<\/p>\n<blockquote>\n<h2><span lang=\"RO\">Antene pentru pasaje de diferite l\u0103\u021bimi<\/span><\/h2>\n<\/blockquote>\n<p>Indicatorii vizuali \u0219i audio integra\u021bi anun\u021b\u0103 imediat asocia\u021bii din magazin despre evenimentele de alarm\u0103. Antenele sunt disponibile \u00een diferite modele \u0219i pot fi adaptate la diferite l\u0103\u021bimi de trecere.\u00a0 Suprafe\u021bele lor largi sunt adesea folosite pentru a face publicitate companiilor \u0219i produselor oferite<\/p>\n<blockquote>\n<h2><span lang=\"RO\">Func\u021bii EAS avansate<\/span><\/h2>\n<\/blockquote>\n<p><a href=\"https:\/\/www.sensormatic.com\/\" target=\"_blank\" rel=\"noopener\">Solu\u021biile EAS Sensormatic<\/a> accept\u0103 mai multe caracteristici avansate, cum ar fi analiza datelor prin RFID, detectoare de metal \/ detectare prin emi\u021b\u0103tor perturbator, informa\u021bii despre trafic \u0219i verificare video, pentru combaterea criminalit\u0103\u021bii organizate. Func\u021biile suplimentare sunt modulare. Iar utilizatorul poate defini pe care dintre ele dore\u0219te s\u0103 le aplice.<\/p>\n<blockquote>\n<h2>Fiabilitate ridicat\u0103 a metodei de detectare AM<\/h2>\n<\/blockquote>\n<p><a href=\"https:\/\/www.sensormatic.com\/\" target=\"_blank\" rel=\"noopener\">Sistemele Sensormatic EAS<\/a> se bazeaz\u0103 pe tehnologia magnetic\u0103 acustic\u0103 (AM), caracterizat\u0103 prin fiabilitate ridicat\u0103 a detect\u0103rii. Detectarea nu depinde \u00een mod semnificativ de pozi\u021bia elementelor de securitate, permi\u021b\u00e2nd un interval de detec\u021bie mai lung \u0219i ofer\u0103 rate de preluare superioare \u00een toate mediile. Tehnologia AM permite aplicarea pe scar\u0103 larg\u0103, dar calitatea instal\u0103rii este important\u0103 pentru realizarea unei func\u021bionalit\u0103\u021bi complete.<\/p>\n<blockquote>\n<h2><span lang=\"RO\">Portofoliu complet de senzori antifurt <\/span><\/h2>\n<\/blockquote>\n<p>O \u00eentreag\u0103 gam\u0103 de senzori <a href=\"https:\/\/www.sensormatic.com\/\" target=\"_blank\" rel=\"noopener\">Sensorm<\/a>atic EAS permite protejarea m\u0103rfurilor de toate tipurile, dimensiunile \u0219i costurile. Oferta include etichete de diferite culori \u0219i design, etichete de diferite dimensiuni, standard cu un pin, f\u0103r\u0103 pini sau cu \u0219nur, plastic sau metal, pentru sticle, \u0219i seifuri \u0219i \u00eempachet\u0103ri multifunc\u021bionale.<\/p>\n<p>[\/et_pb_text][\/et_pb_column][et_pb_column type=&#8221;1_4&#8243; _builder_version=&#8221;4.6.0&#8243; _module_preset=&#8221;default&#8221; custom_padding_tablet=&#8221;&#8221; custom_padding_phone=&#8221;&#8221; custom_padding_last_edited=&#8221;on|phone&#8221;][et_pb_image src=&#8221;https:\/\/www.alarmautomatika.com\/wp-content\/uploads\/2020\/10\/idea-solution-logo-home-banner.png&#8221; alt=&#8221;iDEA Solution&#8221; title_text=&#8221;iDEA Solution&#8221; align=&#8221;center&#8221; _builder_version=&#8221;4.7.4&#8243; _module_preset=&#8221;default&#8221;][\/et_pb_image][et_pb_accordion module_class=&#8221;idea-value-propositions&#8221; _builder_version=&#8221;4.9.0&#8243; _module_preset=&#8221;default&#8221; global_module=&#8221;8292&#8243;][et_pb_accordion_item title=&#8221;Blank&#8221; open=&#8221;on&#8221; _builder_version=&#8221;4.9.0&#8243; _module_preset=&#8221;default&#8221; custom_css_main_element=&#8221;display:none;&#8221;][\/et_pb_accordion_item][et_pb_accordion_item title=&#8221;Clien\u021bii&#8221; _builder_version=&#8221;4.9.0&#8243; _module_preset=&#8221;default&#8221; open=&#8221;off&#8221;]<\/p>\n<p><a href=\"https:\/\/www.alarmautomatika.com\/ro\/clientii\/institutii-bancare-si-financiare\/\">Institu\u021bii bancare \u0219i financiare<\/a><\/p>\n<p><a href=\"https:\/\/www.alarmautomatika.com\/ro\/clientii\/hoteluri\/\">Hoteluri<\/a><\/p>\n<p><a href=\"https:\/\/www.alarmautomatika.com\/ro\/clientii\/centrele-comerciale\/\">Centrele comerciale<\/a><\/p>\n<p><a href=\"https:\/\/www.alarmautomatika.com\/ro\/clientii\/cladiri-publice-si-unitati-comerciale\/\">Cl\u0103diri publice \u0219i unit\u0103\u021bi comerciale<\/a><\/p>\n<p><a href=\"https:\/\/www.alarmautomatika.com\/ro\/clientii\/spatii-industriale-si-infrastructura-de-mari-dimensiuni\/\">Spa\u021bii industriale \u0219i infrastructur\u0103 de mari dimensiuni<\/a><\/p>\n<p><a href=\"https:\/\/www.alarmautomatika.com\/ro\/clientii\/zone-si-facilitati-publice\/\">Zone \u0219i facilit\u0103\u021bi publice<\/a><\/p>\n<p>[\/et_pb_accordion_item][et_pb_accordion_item title=&#8221;Produse&#8221; _builder_version=&#8221;4.9.0&#8243; _module_preset=&#8221;default&#8221; open=&#8221;off&#8221;]<\/p>\n<p><a href=\"https:\/\/www.alarmautomatika.com\/ro\/produse\/analiza-video-si-inteligenta-artificiala\/\">Analiza video \u0219i inteligen\u021ba artificial\u0103<\/a><\/p>\n<p><a href=\"https:\/\/www.alarmautomatika.com\/ro\/produse\/scanarea-termica-si-protejarea-perimetrului\/\">Scanarea termic\u0103 \u0219i protejarea perimetrului<\/a><\/p>\n<p><a href=\"https:\/\/www.alarmautomatika.com\/ro\/produse\/sisteme-avansate-de-control-al-accesului\/\">Sisteme avansate de control al accesului<\/a><\/p>\n<p><a href=\"https:\/\/www.alarmautomatika.com\/ro\/produse\/sisteme-de-supraveghere-electronica-a-articolelor\/\">Sisteme de supraveghere electronic\u0103 a articolelor (EAS)<\/a><\/p>\n<p><a href=\"https:\/\/www.alarmautomatika.com\/ro\/software\/gestionare-si-control-inteligente\/\">Gestionarea inteligent\u0103 a traficului \u0219i parc\u0103rii<\/a><\/p>\n<p><a href=\"https:\/\/www.alarmautomatika.com\/ro\/produse\/bms-si-sisteme-de-gestionare-a-locatiilor\/\">BMS \u0219i sisteme de gestionare a loca\u021biilor<\/a><\/p>\n<p>[\/et_pb_accordion_item][et_pb_accordion_item title=&#8221;Software&#8221; _builder_version=&#8221;4.9.0&#8243; _module_preset=&#8221;default&#8221; open=&#8221;off&#8221;]<\/p>\n<p><a href=\"https:\/\/www.alarmautomatika.com\/ro\/software\/gestionare-si-control-inteligente\/\" already=\"true\">Num\u0103rarea persoanelor<\/a><\/p>\n<p><a href=\"https:\/\/www.alarmautomatika.com\/ro\/software\/gestionare-si-control-inteligente\/\" already=\"true\">Rezervarea de camere<\/a><\/p>\n<p><a href=\"https:\/\/www.alarmautomatika.com\/ro\/software\/gestionare-si-control-inteligente\/#parking-rjesenja\" already=\"true\">Solu\u021bii de parcare<\/a><\/p>\n<p><a href=\"https:\/\/www.alarmautomatika.com\/ro\/software\/gestionare-si-control-inteligente\/#upravljanje-prometom\" already=\"true\">Gestionarea traficului<\/a><\/p>\n<p><a href=\"https:\/\/www.alarmautomatika.com\/ro\/software\/gestionare-si-control-inteligente\/#upravljanje-posjetiteljima\" already=\"true\">Gestionarea \u0219i \u00eenregistrarea intr\u0103rilor<\/a><\/p>\n<p><a href=\"https:\/\/www.alarmautomatika.com\/ro\/software\/gestionare-si-control-inteligente\/#nadzor-na-pretovarnim-stanicama\" already=\"true\">Supraveghere la Sta\u021biile de re\u00eenc\u0103rcare<\/a><\/p>\n<p>[\/et_pb_accordion_item][et_pb_accordion_item title=&#8221;Servicii&#8221; _builder_version=&#8221;4.9.0&#8243; _module_preset=&#8221;default&#8221; open=&#8221;off&#8221;]<\/p>\n<p><a href=\"https:\/\/www.alarmautomatika.com\/ro\/servicii\/servicii-profesionale-pentru-proiecte-complexe\/#projektiranje\" already=\"true\">Proiectare<\/a><\/p>\n<p><a href=\"https:\/\/www.alarmautomatika.com\/ro\/servicii\/servicii-profesionale-pentru-proiecte-complexe\/#prosudba-ugrozenosti-i-elaborat-mjera-sigurnosti\" already=\"true\">Evaluarea vulnerabilit\u0103\u021bii securit\u0103\u021bii \u0219i studiul m\u0103surilor de securitate<\/a><\/p>\n<p><a href=\"https:\/\/www.alarmautomatika.com\/ro\/servicii\/servicii-profesionale-pentru-proiecte-complexe\/#konzalting\" already=\"true\">Consultan\u021b\u0103<\/a><\/p>\n<p><a href=\"https:\/\/www.alarmautomatika.com\/ro\/servicii\/servicii-profesionale-pentru-proiecte-complexe\/#nadzor-nad-izvodjenjem\" already=\"true\">Supervizarea proiectului<\/a><\/p>\n<p><a href=\"https:\/\/www.alarmautomatika.com\/ro\/servicii\/servicii-profesionale-pentru-proiecte-complexe\/#koordinacija-i-vodjenje-projekata\" already=\"true\">Coordonarea \u0219i managementul proiectului<\/a><\/p>\n<p><a href=\"https:\/\/www.alarmautomatika.com\/ro\/servicii\/servicii-profesionale-pentru-proiecte-complexe\/#softverska-integracija\" already=\"true\">Integrarea software-ului \u0219i integrarea cu structura comercial\u0103 a utilizatorului<\/a><\/p>\n<p>[\/et_pb_accordion_item][et_pb_accordion_item title=&#8221;Platforma de afaceri&#8221; _builder_version=&#8221;4.9.0&#8243; _module_preset=&#8221;default&#8221; open=&#8221;off&#8221;]<\/p>\n<p><a href=\"https:\/\/www.alarmautomatika.com\/ro\/platforma-de-afaceri\/#razmjena-znanja\" data-et-has-event-already=\"true\">Schimbul de cuno\u0219tin\u021be ale participan\u021bilor \u00een procesul de construc\u021bie<\/a><\/p>\n<p>[\/et_pb_accordion_item][\/et_pb_accordion][\/et_pb_column][\/et_pb_row][\/et_pb_section]<\/p>\n","protected":false},"excerpt":{"rendered":"<p>Antene pentru pasaje de diferite l\u0103\u021bimi Indicatorii vizuali \u0219i audio integra\u021bi anun\u021b\u0103 imediat asocia\u021bii din magazin despre evenimentele de alarm\u0103. Antenele sunt disponibile \u00een diferite modele \u0219i pot fi adaptate la diferite l\u0103\u021bimi de trecere.\u00a0 Suprafe\u021bele lor largi sunt adesea folosite pentru a face publicitate companiilor \u0219i produselor oferite Func\u021bii EAS avansate Solu\u021biile EAS Sensormatic [&hellip;]<\/p>\n","protected":false},"author":15,"featured_media":0,"parent":11256,"menu_order":0,"comment_status":"closed","ping_status":"closed","template":"","meta":{"_et_pb_use_builder":"on","_et_pb_old_content":"","_et_gb_content_width":"","footnotes":""},"class_list":["post-10862","page","type-page","status-publish","hentry"],"_links":{"self":[{"href":"https:\/\/www.alarmautomatika.com\/ro\/wp-json\/wp\/v2\/pages\/10862","targetHints":{"allow":["GET"]}}],"collection":[{"href":"https:\/\/www.alarmautomatika.com\/ro\/wp-json\/wp\/v2\/pages"}],"about":[{"href":"https:\/\/www.alarmautomatika.com\/ro\/wp-json\/wp\/v2\/types\/page"}],"author":[{"embeddable":true,"href":"https:\/\/www.alarmautomatika.com\/ro\/wp-json\/wp\/v2\/users\/15"}],"replies":[{"embeddable":true,"href":"https:\/\/www.alarmautomatika.com\/ro\/wp-json\/wp\/v2\/comments?post=10862"}],"version-history":[{"count":2,"href":"https:\/\/www.alarmautomatika.com\/ro\/wp-json\/wp\/v2\/pages\/10862\/revisions"}],"predecessor-version":[{"id":50534,"href":"https:\/\/www.alarmautomatika.com\/ro\/wp-json\/wp\/v2\/pages\/10862\/revisions\/50534"}],"up":[{"embeddable":true,"href":"https:\/\/www.alarmautomatika.com\/ro\/wp-json\/wp\/v2\/pages\/11256"}],"wp:attachment":[{"href":"https:\/\/www.alarmautomatika.com\/ro\/wp-json\/wp\/v2\/media?parent=10862"}],"curies":[{"name":"wp","href":"https:\/\/api.w.org\/{rel}","templated":true}]}}