{"id":10865,"date":"2020-08-20T13:32:33","date_gmt":"2020-08-20T11:32:33","guid":{"rendered":"https:\/\/www.alarmautomatika.com\/gestionarea-inteligenta-a-traficului-si-parcarii\/"},"modified":"2023-11-10T09:22:26","modified_gmt":"2023-11-10T08:22:26","slug":"gestionarea-inteligenta-a-traficului-si-parcarii","status":"publish","type":"page","link":"https:\/\/www.alarmautomatika.com\/ro\/produse\/gestionarea-inteligenta-a-traficului-si-parcarii\/","title":{"rendered":"Gestionarea inteligent\u0103 a traficului \u0219i parc\u0103rii"},"content":{"rendered":"<p>[et_pb_section fb_built=&#8221;1&#8243; _builder_version=&#8221;4.6.2&#8243; _module_preset=&#8221;default&#8221; background_image=&#8221;https:\/\/www.alarmautomatika.com\/wp-content\/uploads\/2020\/09\/inteligentno-upravljanje-prometom-i-parkingom.jpg&#8221; background_size=&#8221;initial&#8221; background_position=&#8221;top_center&#8221;][et_pb_row _builder_version=&#8221;4.6.0&#8243; _module_preset=&#8221;default&#8221; width=&#8221;95%&#8221;][et_pb_column type=&#8221;4_4&#8243; _builder_version=&#8221;4.6.0&#8243; _module_preset=&#8221;default&#8221;][et_pb_text _builder_version=&#8221;4.6.0&#8243; _dynamic_attributes=&#8221;content&#8221; _module_preset=&#8221;default&#8221; text_font=&#8221;|600|||||||&#8221; text_text_color=&#8221;#ffffff&#8221; text_font_size=&#8221;48px&#8221; text_line_height=&#8221;1.2em&#8221; custom_padding=&#8221;80px|50px||50px|false|true&#8221; hover_enabled=&#8221;0&#8243; text_font_size_tablet=&#8221;40px&#8221; text_font_size_phone=&#8221;32px&#8221; text_font_size_last_edited=&#8221;on|desktop&#8221; text_line_height_tablet=&#8221;&#8221; text_line_height_phone=&#8221;&#8221; text_line_height_last_edited=&#8221;on|phone&#8221; header_font_tablet=&#8221;&#8221; header_font_phone=&#8221;&#8221; header_font_last_edited=&#8221;on|phone&#8221; header_font_size_tablet=&#8221;&#8221; header_font_size_phone=&#8221;&#8221; header_font_size_last_edited=&#8221;on|phone&#8221; header_line_height_tablet=&#8221;&#8221; header_line_height_phone=&#8221;&#8221; header_line_height_last_edited=&#8221;on|desktop&#8221; sticky_enabled=&#8221;0&#8243;]@ET-DC@eyJkeW5hbWljIjp0cnVlLCJjb250ZW50IjoicG9zdF90aXRsZSIsInNldHRpbmdzIjp7ImJlZm9yZSI6IiIsImFmdGVyIjoiIn19@[\/et_pb_text][\/et_pb_column][\/et_pb_row][et_pb_row column_structure=&#8221;3_4,1_4&#8243; _builder_version=&#8221;4.6.0&#8243; _module_preset=&#8221;default&#8221; background_color=&#8221;#ffffff&#8221; width=&#8221;95%&#8221; custom_margin=&#8221;20px||||false|false&#8221; custom_margin_tablet=&#8221;10px||||false|false&#8221; custom_margin_phone=&#8221;10px||||false|false&#8221; custom_margin_last_edited=&#8221;on|desktop&#8221; custom_padding=&#8221;50px|50px|50px|50px|true|true&#8221; box_shadow_style=&#8221;preset2&#8243;][et_pb_column type=&#8221;3_4&#8243; _builder_version=&#8221;4.6.0&#8243; _module_preset=&#8221;default&#8221;][et_pb_text _builder_version=&#8221;4.9.10&#8243; _module_preset=&#8221;default&#8221; link_font=&#8221;|600|||||||&#8221; header_2_text_align=&#8221;left&#8221; header_2_font_size=&#8221;30px&#8221; header_2_line_height=&#8221;1.2em&#8221; hover_enabled=&#8221;0&#8243; header_font_size_tablet=&#8221;48px&#8221; header_font_size_phone=&#8221;&#8221; header_font_size_last_edited=&#8221;on|tablet&#8221; header_2_font_size_tablet=&#8221;&#8221; header_2_font_size_phone=&#8221;25px&#8221; header_2_font_size_last_edited=&#8221;on|phone&#8221; sticky_enabled=&#8221;0&#8243;]<\/p>\n<blockquote>\n<h2>Analiza prometa videonadzorom<\/h2>\n<\/blockquote>\n<p>Napredna prometna analitika omogu\u0107uje otkrivanje situacija koje nisu uobi\u010dajene na prometnicama &#8211;\u00a0 vo\u017enja u krivom smjeru, prebrza vo\u017enja, zadr\u017eavanje vozila na zabranjenim mjestima, vozila kojima je zabranjeno kretanje prometnicama ili koja su na prometnici u nedozvoljeno vrijeme. Uz to se ve\u017ee prepoznavanje i snimanje registarskih oznaka vozila i obrada svih podataka u video nadzornom centru<\/p>\n<blockquote>\n<h2>Upravljanje parkingom putem ABsistemPark\u00a0softvera<\/h2>\n<\/blockquote>\n<p><a href=\"https:\/\/www.alarmautomatika.com\/hr\/softveri\/absistem-park\/\">ABsistemPark<\/a> upravlja kontrolom pristupa vozila na parkirali\u0161ta. Integrira LPR kamere, \u010dita\u010de kontrole pristupa, interfone i recepcijske softvere i druge poslovne softvere. Dostupna su verzije sa kategorizacijom vozila i, naplatom parkinga <a href=\"https:\/\/www.alarmautomatika.com\/hr\/softveri\/absistem-park\/#kategorizacija\">ABsistemParkPay<\/a> i signalizacijom slobodnih parkirnih mjesta <a href=\"https:\/\/www.alarmautomatika.com\/hr\/softveri\/absistem-park\/#zauzetost_parkinga\">ABsistemGaragePark<\/a>.<\/p>\n<p>[\/et_pb_text][\/et_pb_column][et_pb_column type=&#8221;1_4&#8243; _builder_version=&#8221;4.6.0&#8243; _module_preset=&#8221;default&#8221; custom_padding_tablet=&#8221;&#8221; custom_padding_phone=&#8221;&#8221; custom_padding_last_edited=&#8221;on|phone&#8221;][et_pb_image src=&#8221;https:\/\/www.alarmautomatika.com\/wp-content\/uploads\/2020\/10\/idea-solution-logo-home-banner.png&#8221; alt=&#8221;iDEA Solution&#8221; title_text=&#8221;iDEA Solution&#8221; align=&#8221;center&#8221; _builder_version=&#8221;4.7.4&#8243; _module_preset=&#8221;default&#8221;][\/et_pb_image][et_pb_accordion module_class=&#8221;idea-value-propositions&#8221; _builder_version=&#8221;4.9.0&#8243; _module_preset=&#8221;default&#8221; global_module=&#8221;8292&#8243;][et_pb_accordion_item title=&#8221;Blank&#8221; open=&#8221;on&#8221; _builder_version=&#8221;4.9.0&#8243; _module_preset=&#8221;default&#8221; custom_css_main_element=&#8221;display:none;&#8221;][\/et_pb_accordion_item][et_pb_accordion_item title=&#8221;Clien\u021bi&#8221; _builder_version=&#8221;4.9.0&#8243; _module_preset=&#8221;default&#8221; open=&#8221;off&#8221;]<\/p>\n<p><a href=\"https:\/\/www.alarmautomatika.com\/ro\/clientii\/institutii-bancare-si-financiare\/\">Institu\u021bii bancare \u0219i financiare<\/a><\/p>\n<p><a href=\"https:\/\/www.alarmautomatika.com\/ro\/clientii\/hoteluri\/\">Hoteluri<\/a><\/p>\n<p><a href=\"https:\/\/www.alarmautomatika.com\/ro\/clientii\/centrele-comerciale\/\">Centrele comerciale<\/a><\/p>\n<p><a href=\"https:\/\/www.alarmautomatika.com\/ro\/clientii\/cladiri-publice-si-unitati-comerciale\/\">Cl\u0103diri publice \u0219i unit\u0103\u021bi comerciale<\/a><\/p>\n<p><a href=\"https:\/\/www.alarmautomatika.com\/ro\/clientii\/spatii-industriale-si-infrastructura-de-mari-dimensiuni\/\">Spa\u021bii industriale \u0219i infrastructur\u0103 de mari dimensiuni<\/a><\/p>\n<p><a href=\"https:\/\/www.alarmautomatika.com\/ro\/clientii\/zone-si-facilitati-publice\/\">Zone \u0219i facilit\u0103\u021bi publice<\/a><\/p>\n<p>[\/et_pb_accordion_item][et_pb_accordion_item title=&#8221;Produse&#8221; _builder_version=&#8221;4.9.0&#8243; _module_preset=&#8221;default&#8221; open=&#8221;off&#8221;]<\/p>\n<p><a href=\"https:\/\/www.alarmautomatika.com\/ro\/produse\/analiza-video-si-inteligenta-artificiala\/\">Analiza video \u0219i inteligen\u021ba artificial\u0103<\/a><\/p>\n<p><a href=\"https:\/\/www.alarmautomatika.com\/ro\/produse\/scanarea-termica-si-protejarea-perimetrului\/\">Scanarea termic\u0103 \u0219i protejarea perimetrului<\/a><\/p>\n<p><a href=\"https:\/\/www.alarmautomatika.com\/ro\/produse\/sisteme-avansate-de-control-al-accesului\/\">Sisteme avansate de control al accesului<\/a><\/p>\n<p><a href=\"https:\/\/www.alarmautomatika.com\/ro\/produse\/sisteme-de-supraveghere-electronica-a-articolelor\/\">Sisteme de supraveghere electronic\u0103 a articolelor (EAS)<\/a><\/p>\n<p><a href=\"https:\/\/www.alarmautomatika.com\/ro\/produse\/gestionarea-inteligenta-a-traficului-si-parcarii\/\">Gestionarea inteligent\u0103 a traficului \u0219i parc\u0103rii<\/a><\/p>\n<p><a href=\"https:\/\/www.alarmautomatika.com\/ro\/produse\/bms-si-sisteme-de-gestionare-a-locatiilor\/\">BMS \u0219i sisteme de gestionare a loca\u021biilor<\/a><\/p>\n<p>[\/et_pb_accordion_item][et_pb_accordion_item title=&#8221;Software&#8221; _builder_version=&#8221;4.9.0&#8243; _module_preset=&#8221;default&#8221; open=&#8221;off&#8221;]<\/p>\n<p><a href=\"https:\/\/www.alarmautomatika.com\/ro\/software\/gestionare-si-control-inteligente\/\" already=\"true\">Num\u0103rarea persoanelor<\/a><\/p>\n<p><a href=\"https:\/\/www.alarmautomatika.com\/ro\/software\/gestionare-si-control-inteligente\/\" already=\"true\">Rezervarea de camere<\/a><\/p>\n<p><a href=\"https:\/\/www.alarmautomatika.com\/ro\/software\/gestionare-si-control-inteligente\/#parking-rjesenja\" already=\"true\">Solu\u021bii de parcare<\/a><\/p>\n<p><a href=\"https:\/\/www.alarmautomatika.com\/ro\/software\/gestionare-si-control-inteligente\/#upravljanje-prometom\" already=\"true\">Gestionarea traficului<\/a><\/p>\n<p><a href=\"https:\/\/www.alarmautomatika.com\/ro\/software\/gestionare-si-control-inteligente\/#upravljanje-posjetiteljima\" already=\"true\">Gestionarea \u0219i \u00eenregistrarea intr\u0103rilor<\/a><\/p>\n<p><a href=\"https:\/\/www.alarmautomatika.com\/ro\/software\/gestionare-si-control-inteligente\/#nadzor-na-pretovarnim-stanicama\" already=\"true\">Supraveghere la Sta\u021biile de re\u00eenc\u0103rcare<\/a><\/p>\n<p>[\/et_pb_accordion_item][et_pb_accordion_item title=&#8221;Servicii&#8221; _builder_version=&#8221;4.9.0&#8243; _module_preset=&#8221;default&#8221; open=&#8221;off&#8221;]<\/p>\n<p><a href=\"https:\/\/www.alarmautomatika.com\/ro\/servicii\/servicii-profesionale-pentru-proiecte-complexe\/#projektiranje\" data-et-has-event-already=\"true\">Proiectare<\/a><\/p>\n<p><a href=\"https:\/\/www.alarmautomatika.com\/ro\/servicii\/servicii-profesionale-pentru-proiecte-complexe\/#prosudba-ugrozenosti-i-elaborat-mjera-sigurnosti\" data-et-has-event-already=\"true\">Evaluarea vulnerabilit\u0103\u021bii securit\u0103\u021bii \u0219i studiul m\u0103surilor de securitate<\/a><\/p>\n<p><a href=\"https:\/\/www.alarmautomatika.com\/ro\/servicii\/servicii-profesionale-pentru-proiecte-complexe\/#konzalting\" data-et-has-event-already=\"true\">Consultan\u021b\u0103<\/a><\/p>\n<p><a href=\"https:\/\/www.alarmautomatika.com\/ro\/servicii\/servicii-profesionale-pentru-proiecte-complexe\/#nadzor-nad-izvodjenjem\" data-et-has-event-already=\"true\">Supervizarea proiectului<\/a><\/p>\n<p><a href=\"https:\/\/www.alarmautomatika.com\/ro\/servicii\/servicii-profesionale-pentru-proiecte-complexe\/#koordinacija-i-vodjenje-projekata\" data-et-has-event-already=\"true\">Coordonarea \u0219i managementul proiectului<\/a><\/p>\n<p><a href=\"https:\/\/www.alarmautomatika.com\/ro\/servicii\/servicii-profesionale-pentru-proiecte-complexe\/#softverska-integracija\" data-et-has-event-already=\"true\">Integrarea software-ului \u0219i integrarea cu structura comercial\u0103 a utilizatorului<\/a><\/p>\n<p>[\/et_pb_accordion_item][et_pb_accordion_item title=&#8221;Platforma de afaceri&#8221; _builder_version=&#8221;4.9.0&#8243; _module_preset=&#8221;default&#8221; open=&#8221;off&#8221;]<a href=\"https:\/\/www.alarmautomatika.com\/ro\/platforma-de-afaceri\/#razmjena-znanja\" data-et-has-event-already=\"true\">Schimbul de cuno\u0219tin\u021be ale participan\u021bilor \u00een procesul de construc\u021bie<\/a>[\/et_pb_accordion_item][\/et_pb_accordion][\/et_pb_column][\/et_pb_row][\/et_pb_section]<\/p>\n","protected":false},"excerpt":{"rendered":"<p>Analiza prometa videonadzorom Napredna prometna analitika omogu\u0107uje otkrivanje situacija koje nisu uobi\u010dajene na prometnicama &#8211;\u00a0 vo\u017enja u krivom smjeru, prebrza vo\u017enja, zadr\u017eavanje vozila na zabranjenim mjestima, vozila kojima je zabranjeno kretanje prometnicama ili koja su na prometnici u nedozvoljeno vrijeme. Uz to se ve\u017ee prepoznavanje i snimanje registarskih oznaka vozila i obrada svih podataka u [&hellip;]<\/p>\n","protected":false},"author":15,"featured_media":0,"parent":11256,"menu_order":0,"comment_status":"closed","ping_status":"closed","template":"","meta":{"_et_pb_use_builder":"on","_et_pb_old_content":"","_et_gb_content_width":"","footnotes":""},"class_list":["post-10865","page","type-page","status-publish","hentry"],"_links":{"self":[{"href":"https:\/\/www.alarmautomatika.com\/ro\/wp-json\/wp\/v2\/pages\/10865","targetHints":{"allow":["GET"]}}],"collection":[{"href":"https:\/\/www.alarmautomatika.com\/ro\/wp-json\/wp\/v2\/pages"}],"about":[{"href":"https:\/\/www.alarmautomatika.com\/ro\/wp-json\/wp\/v2\/types\/page"}],"author":[{"embeddable":true,"href":"https:\/\/www.alarmautomatika.com\/ro\/wp-json\/wp\/v2\/users\/15"}],"replies":[{"embeddable":true,"href":"https:\/\/www.alarmautomatika.com\/ro\/wp-json\/wp\/v2\/comments?post=10865"}],"version-history":[{"count":2,"href":"https:\/\/www.alarmautomatika.com\/ro\/wp-json\/wp\/v2\/pages\/10865\/revisions"}],"predecessor-version":[{"id":50136,"href":"https:\/\/www.alarmautomatika.com\/ro\/wp-json\/wp\/v2\/pages\/10865\/revisions\/50136"}],"up":[{"embeddable":true,"href":"https:\/\/www.alarmautomatika.com\/ro\/wp-json\/wp\/v2\/pages\/11256"}],"wp:attachment":[{"href":"https:\/\/www.alarmautomatika.com\/ro\/wp-json\/wp\/v2\/media?parent=10865"}],"curies":[{"name":"wp","href":"https:\/\/api.w.org\/{rel}","templated":true}]}}