{"id":10877,"date":"2020-08-26T15:11:20","date_gmt":"2020-08-26T13:11:20","guid":{"rendered":"https:\/\/www.alarmautomatika.com\/platforma-de-afaceri\/"},"modified":"2022-02-03T10:19:20","modified_gmt":"2022-02-03T09:19:20","slug":"platforma-de-afaceri","status":"publish","type":"page","link":"https:\/\/www.alarmautomatika.com\/ro\/platforma-de-afaceri\/","title":{"rendered":"Platforma de afaceri"},"content":{"rendered":"<p>[et_pb_section fb_built=&#8221;1&#8243; _builder_version=&#8221;4.6.2&#8243; _module_preset=&#8221;default&#8221; background_image=&#8221;https:\/\/www.alarmautomatika.com\/wp-content\/uploads\/2020\/09\/platforme.jpg&#8221; background_size=&#8221;initial&#8221; background_position=&#8221;top_center&#8221;][et_pb_row _builder_version=&#8221;4.6.0&#8243; _module_preset=&#8221;default&#8221; width=&#8221;95%&#8221;][et_pb_column type=&#8221;4_4&#8243; _builder_version=&#8221;4.6.0&#8243; _module_preset=&#8221;default&#8221;][et_pb_text _builder_version=&#8221;4.6.0&#8243; _dynamic_attributes=&#8221;content&#8221; _module_preset=&#8221;default&#8221; text_font=&#8221;|600|||||||&#8221; text_text_color=&#8221;#ffffff&#8221; text_font_size=&#8221;48px&#8221; text_line_height=&#8221;1.2em&#8221; custom_padding=&#8221;80px|50px||50px|false|true&#8221; text_font_size_tablet=&#8221;40px&#8221; text_font_size_phone=&#8221;32px&#8221; text_font_size_last_edited=&#8221;on|desktop&#8221; text_line_height_tablet=&#8221;&#8221; text_line_height_phone=&#8221;&#8221; text_line_height_last_edited=&#8221;on|phone&#8221; header_font_tablet=&#8221;&#8221; header_font_phone=&#8221;&#8221; header_font_last_edited=&#8221;on|phone&#8221; header_font_size_tablet=&#8221;&#8221; header_font_size_phone=&#8221;&#8221; header_font_size_last_edited=&#8221;on|phone&#8221; header_line_height_tablet=&#8221;&#8221; header_line_height_phone=&#8221;&#8221; header_line_height_last_edited=&#8221;on|desktop&#8221;]@ET-DC@eyJkeW5hbWljIjp0cnVlLCJjb250ZW50IjoicG9zdF90aXRsZSIsInNldHRpbmdzIjp7ImJlZm9yZSI6IiIsImFmdGVyIjoiIn19@[\/et_pb_text][\/et_pb_column][\/et_pb_row][et_pb_row column_structure=&#8221;3_4,1_4&#8243; _builder_version=&#8221;4.6.0&#8243; _module_preset=&#8221;default&#8221; background_color=&#8221;#ffffff&#8221; width=&#8221;95%&#8221; custom_margin=&#8221;20px||||false|false&#8221; custom_margin_tablet=&#8221;10px||||false|false&#8221; custom_margin_phone=&#8221;10px||||false|false&#8221; custom_margin_last_edited=&#8221;on|desktop&#8221; custom_padding=&#8221;50px|50px|50px|50px|true|true&#8221; box_shadow_style=&#8221;preset2&#8243;][et_pb_column type=&#8221;3_4&#8243; _builder_version=&#8221;4.6.0&#8243; _module_preset=&#8221;default&#8221;][et_pb_text _builder_version=&#8221;4.7.7&#8243; _module_preset=&#8221;default&#8221; link_font=&#8221;|600|||||||&#8221; header_2_text_align=&#8221;left&#8221; header_2_font_size=&#8221;30px&#8221; header_2_line_height=&#8221;1.2em&#8221; header_font_size_tablet=&#8221;48px&#8221; header_font_size_phone=&#8221;&#8221; header_font_size_last_edited=&#8221;on|tablet&#8221; header_2_font_size_tablet=&#8221;&#8221; header_2_font_size_phone=&#8221;25px&#8221; header_2_font_size_last_edited=&#8221;on|phone&#8221;]<\/p>\n<blockquote>\n<h2><span lang=\"RO\">Schimbul de cuno\u0219tin\u021be ale participan\u021bilor \u00een procesul de construc\u021bie<\/span><\/h2>\n<\/blockquote>\n<p>Platforma permite \u0219colarizarea utilizatorilor, proiectan\u021bilor \u0219i furnizorilor de servicii de consultan\u021b\u0103. Pe l\u00e2ng\u0103 referin\u021be \u0219i solu\u021bii de proiect existente, aceasta con\u021bine m\u0103suri care pot fi revizuite.<\/p>\n<blockquote>\n<h2><span lang=\"RO\">Platforma B2B cu documenta\u021bie complet\u0103<\/span><\/h2>\n<\/blockquote>\n<p>Platforma<a href=\"https:\/\/b2b.alarmautomatika.com\/\"> B2B a Alarm automatika<\/a> v\u0103 permite s\u0103 g\u0103si\u021bi cele mai bune produse \u0219i solu\u021bii pentru diferite tipuri de instala\u021bii. Con\u021bine un portofoliu complet, cu documenta\u021bia detaliat\u0103 necesar\u0103 pentru proiectarea, instalarea, integrarea \u0219i mentenan\u021ba sistemului Smart Safety.<\/p>\n<blockquote>\n<h2><span lang=\"RO\">O platform\u0103 B2B unic\u0103 pentru economisirea timpului<\/span><\/h2>\n<\/blockquote>\n<p><a href=\"https:\/\/b2b.alarmautomatika.com\/\">Platforma online B2B<\/a> a fost creat\u0103 pentru a le permite clien\u021bilor s\u0103 preg\u0103teasc\u0103 tot ce au nevoie pentru clien\u021bii lor &#8211; ofertele de cump\u0103rare, livrarea de echipamente \u0219i facturare &#8211; f\u0103r\u0103 a fi necesar\u0103 repetarea pa\u0219ilor. O ofert\u0103 de cump\u0103rare poate fi transformat\u0103 \u00een comand\u0103 de cump\u0103rare, o comand\u0103 \u00een factur\u0103 de v\u00e2nzare \u0219i o factur\u0103 \u00een bon de primire. Acest lucru cre\u0219te flexibilitatea \u0219i precizia, economise\u0219te timp \u0219i energie, cre\u0219te eficien\u021ba, prevenind \u00een acela\u0219i timp erorile de proces.<\/p>\n<p>.<\/p>\n<blockquote>\n<h2><span lang=\"RO\">Platforma interactiv\u0103 B2C alex.shop<\/span><\/h2>\n<\/blockquote>\n<p><a href=\"https:\/\/alex.shop\/\" target=\"_blank\" rel=\"noopener\">alex.shop<\/a> este o platform\u0103 online B2C care permite comandarea \u0219i plata online a solu\u021biilor de securitate, suport live prin chat,<a href=\"https:\/\/www.alarmautomatika.com\/ro\/software\/aplicatie-mobila-pentru-confirmarea-interventiei-agentilor-de-securitate\/\"> aplica\u021bia Alex<\/a> pentru notificarea de alarm\u0103 la Sta\u021bia Central\u0103 de Monitorizare \u0219i diverse pachete de servicii la alegerea utilizatorului.[\/et_pb_text][\/et_pb_column][et_pb_column type=&#8221;1_4&#8243; _builder_version=&#8221;4.6.0&#8243; _module_preset=&#8221;default&#8221; custom_padding_tablet=&#8221;&#8221; custom_padding_phone=&#8221;&#8221; custom_padding_last_edited=&#8221;on|phone&#8221;][\/et_pb_column][\/et_pb_row][\/et_pb_section]<\/p>\n","protected":false},"excerpt":{"rendered":"<p>Schimbul de cuno\u0219tin\u021be ale participan\u021bilor \u00een procesul de construc\u021bie Platforma permite \u0219colarizarea utilizatorilor, proiectan\u021bilor \u0219i furnizorilor de servicii de consultan\u021b\u0103. Pe l\u00e2ng\u0103 referin\u021be \u0219i solu\u021bii de proiect existente, aceasta con\u021bine m\u0103suri care pot fi revizuite. Platforma B2B cu documenta\u021bie complet\u0103 Platforma B2B a Alarm automatika v\u0103 permite s\u0103 g\u0103si\u021bi cele mai bune produse \u0219i solu\u021bii [&hellip;]<\/p>\n","protected":false},"author":15,"featured_media":0,"parent":0,"menu_order":0,"comment_status":"closed","ping_status":"closed","template":"","meta":{"_et_pb_use_builder":"on","_et_pb_old_content":"","_et_gb_content_width":"","footnotes":""},"class_list":["post-10877","page","type-page","status-publish","hentry"],"_links":{"self":[{"href":"https:\/\/www.alarmautomatika.com\/ro\/wp-json\/wp\/v2\/pages\/10877","targetHints":{"allow":["GET"]}}],"collection":[{"href":"https:\/\/www.alarmautomatika.com\/ro\/wp-json\/wp\/v2\/pages"}],"about":[{"href":"https:\/\/www.alarmautomatika.com\/ro\/wp-json\/wp\/v2\/types\/page"}],"author":[{"embeddable":true,"href":"https:\/\/www.alarmautomatika.com\/ro\/wp-json\/wp\/v2\/users\/15"}],"replies":[{"embeddable":true,"href":"https:\/\/www.alarmautomatika.com\/ro\/wp-json\/wp\/v2\/comments?post=10877"}],"version-history":[{"count":0,"href":"https:\/\/www.alarmautomatika.com\/ro\/wp-json\/wp\/v2\/pages\/10877\/revisions"}],"wp:attachment":[{"href":"https:\/\/www.alarmautomatika.com\/ro\/wp-json\/wp\/v2\/media?parent=10877"}],"curies":[{"name":"wp","href":"https:\/\/api.w.org\/{rel}","templated":true}]}}