{"id":10883,"date":"2020-08-20T13:39:24","date_gmt":"2020-08-20T11:39:24","guid":{"rendered":"https:\/\/www.alarmautomatika.com\/gestionare-si-control-inteligente\/"},"modified":"2024-11-13T09:45:50","modified_gmt":"2024-11-13T08:45:50","slug":"gestionare-si-control-inteligente","status":"publish","type":"page","link":"https:\/\/www.alarmautomatika.com\/ro\/software\/gestionare-si-control-inteligente\/","title":{"rendered":"Gestionare \u0219i control inteligente"},"content":{"rendered":"<p>[et_pb_section fb_built=&#8221;1&#8243; _builder_version=&#8221;4.16&#8243; _module_preset=&#8221;default&#8221; background_image=&#8221;https:\/\/www.alarmautomatika.com\/wp-content\/uploads\/2020\/09\/softverska-integracija.jpg&#8221; background_size=&#8221;initial&#8221; background_position=&#8221;top_center&#8221; global_colors_info=&#8221;{}&#8221;][et_pb_row _builder_version=&#8221;4.16&#8243; _module_preset=&#8221;default&#8221; width=&#8221;95%&#8221; global_colors_info=&#8221;{}&#8221;][et_pb_column type=&#8221;4_4&#8243; _builder_version=&#8221;4.16&#8243; _module_preset=&#8221;default&#8221; global_colors_info=&#8221;{}&#8221;][et_pb_text _builder_version=&#8221;4.16&#8243; _dynamic_attributes=&#8221;content&#8221; _module_preset=&#8221;default&#8221; text_font=&#8221;|600|||||||&#8221; text_text_color=&#8221;#ffffff&#8221; text_font_size=&#8221;48px&#8221; text_line_height=&#8221;1.2em&#8221; custom_padding=&#8221;80px|50px||50px|false|true&#8221; text_font_size_tablet=&#8221;40px&#8221; text_font_size_phone=&#8221;32px&#8221; text_font_size_last_edited=&#8221;on|desktop&#8221; text_line_height_tablet=&#8221;&#8221; text_line_height_phone=&#8221;&#8221; text_line_height_last_edited=&#8221;on|phone&#8221; header_font_tablet=&#8221;&#8221; header_font_phone=&#8221;&#8221; header_font_last_edited=&#8221;on|phone&#8221; header_font_size_tablet=&#8221;&#8221; header_font_size_phone=&#8221;&#8221; header_font_size_last_edited=&#8221;on|phone&#8221; header_line_height_tablet=&#8221;&#8221; header_line_height_phone=&#8221;&#8221; header_line_height_last_edited=&#8221;on|desktop&#8221; global_colors_info=&#8221;{}&#8221;]@ET-DC@eyJkeW5hbWljIjp0cnVlLCJjb250ZW50IjoicG9zdF90aXRsZSIsInNldHRpbmdzIjp7ImJlZm9yZSI6IiIsImFmdGVyIjoiIn19@[\/et_pb_text][\/et_pb_column][\/et_pb_row][et_pb_row column_structure=&#8221;3_4,1_4&#8243; _builder_version=&#8221;4.16&#8243; _module_preset=&#8221;default&#8221; background_color=&#8221;#ffffff&#8221; width=&#8221;95%&#8221; custom_margin=&#8221;20px||||false|false&#8221; custom_margin_tablet=&#8221;10px||||false|false&#8221; custom_margin_phone=&#8221;10px||||false|false&#8221; custom_margin_last_edited=&#8221;on|desktop&#8221; custom_padding=&#8221;50px|50px|50px|50px|true|true&#8221; box_shadow_style=&#8221;preset2&#8243; global_colors_info=&#8221;{}&#8221;][et_pb_column type=&#8221;3_4&#8243; _builder_version=&#8221;4.16&#8243; _module_preset=&#8221;default&#8221; global_colors_info=&#8221;{}&#8221;][et_pb_text _builder_version=&#8221;4.16&#8243; _module_preset=&#8221;default&#8221; link_font=&#8221;|600|||||||&#8221; header_2_text_align=&#8221;left&#8221; header_2_font_size=&#8221;30px&#8221; header_2_line_height=&#8221;1.2em&#8221; header_font_size_tablet=&#8221;48px&#8221; header_font_size_phone=&#8221;&#8221; header_font_size_last_edited=&#8221;on|tablet&#8221; header_2_font_size_tablet=&#8221;&#8221; header_2_font_size_phone=&#8221;25px&#8221; header_2_font_size_last_edited=&#8221;on|phone&#8221; global_colors_info=&#8221;{}&#8221;]<\/p>\n<blockquote>\n<h2 id=\"izdavanje-ulaznica\">Gestionarea biletelor \u0219i a accesului<\/h2>\n<\/blockquote>\n<p>Software-ul <a href=\"https:\/\/www.alarmautomatika.com\/en\/softwares\/absistem-ticketing\/\">ABsistemTicketin<\/a>g gestioneaz\u0103 intrarea persoanelor \u00een stadioane \u0219i <a href=\"https:\/\/www.alarmautomatika.com\/ro\/clientii\/cladiri-publice-si-unitati-comerciale\/\">facilit\u0103\u021bi publi<\/a>ce. Acesta integreaz\u0103 v\u00e2nz\u0103rile de bilete online, terminale de control al accesului \u0219i bariere, supraveghere video \u0219i software de management al afacerilor.<\/p>\n<p>[\/et_pb_text][et_pb_button button_url=&#8221;https:\/\/www.alarmautomatika.com\/hr\/softveri\/absistem-ticketing\/&#8221; button_text=&#8221; Afla\u021bi mai multe&#8221; button_alignment=&#8221;center&#8221; disabled_on=&#8221;off|off|off&#8221; _builder_version=&#8221;4.16&#8243; _module_preset=&#8221;default&#8221; custom_button=&#8221;on&#8221; button_text_size=&#8221;14px&#8221; button_font=&#8221;|600|||||||&#8221; button_use_icon=&#8221;off&#8221; custom_padding=&#8221;14px|53px|14px|53px|true|true&#8221; global_colors_info=&#8221;{}&#8221;][\/et_pb_button][et_pb_text _builder_version=&#8221;4.16&#8243; _module_preset=&#8221;default&#8221; link_font=&#8221;|600|||||||&#8221; header_2_text_align=&#8221;left&#8221; header_2_font_size=&#8221;30px&#8221; header_2_line_height=&#8221;1.2em&#8221; custom_padding=&#8221;||1px|||&#8221; header_font_size_tablet=&#8221;48px&#8221; header_font_size_phone=&#8221;&#8221; header_font_size_last_edited=&#8221;on|tablet&#8221; header_2_font_size_tablet=&#8221;&#8221; header_2_font_size_phone=&#8221;25px&#8221; header_2_font_size_last_edited=&#8221;on|phone&#8221; global_colors_info=&#8221;{}&#8221;]<\/p>\n<blockquote>\n<h2 id=\"brojanje-ljudi\">Num\u0103rarea clien\u021bilor \u0219i a vizitatorilor<\/h2>\n<\/blockquote>\n<p>Software-ul <a href=\"https:\/\/www.alarmautomatika.com\/en\/softwares\/people-counting\/\">ABsistemCounter<\/a> num\u0103r\u0103 \u0219i \u00eenregistreaz\u0103 \u00een baza de date num\u0103rul de vizitatori care intr\u0103 sau ies din unitate prin supraveghere video IP. Prezentarea general\u0103 este centralizat\u0103, \u00een timp real sau ulterior, \u0219i permite numeroase analize comerciale.<\/p>\n<p>[\/et_pb_text][et_pb_button button_url=&#8221;https:\/\/www.alarmautomatika.com\/hr\/softveri\/brojenje-ljudi\/&#8221; button_text=&#8221; Afla\u021bi mai multe&#8221; button_alignment=&#8221;center&#8221; disabled_on=&#8221;off|off|off&#8221; _builder_version=&#8221;4.16&#8243; _module_preset=&#8221;default&#8221; custom_button=&#8221;on&#8221; button_text_size=&#8221;14px&#8221; button_font=&#8221;|600|||||||&#8221; button_use_icon=&#8221;off&#8221; custom_padding=&#8221;14px|53px|14px|53px|true|true&#8221; global_colors_info=&#8221;{}&#8221;][\/et_pb_button][et_pb_text _builder_version=&#8221;4.16&#8243; _module_preset=&#8221;default&#8221; link_font=&#8221;|600|||||||&#8221; header_2_text_align=&#8221;left&#8221; header_2_font_size=&#8221;30px&#8221; header_2_line_height=&#8221;1.2em&#8221; custom_padding=&#8221;||1px|||&#8221; header_font_size_tablet=&#8221;48px&#8221; header_font_size_phone=&#8221;&#8221; header_font_size_last_edited=&#8221;on|tablet&#8221; header_2_font_size_tablet=&#8221;&#8221; header_2_font_size_phone=&#8221;25px&#8221; header_2_font_size_last_edited=&#8221;on|phone&#8221; global_colors_info=&#8221;{}&#8221;]<\/p>\n<blockquote>\n<h2 id=\"parking-rjesenja\">Solu\u021bii de parcare<\/h2>\n<\/blockquote>\n<p>Software-ul <a href=\"https:\/\/www.alarmautomatika.com\/en\/softwares\/absistem-park\/\">ABsistemPark<\/a> gestioneaz\u0103<a href=\"https:\/\/www.alarmautomatika.com\/ro\/produse\/gestionarea-inteligenta-a-traficului-si-parcarii\/\"> controlul accesului vehiculelor \u00een parc\u0103ri<\/a>. Acesta integreaz\u0103 camere LPR, cititoare de control al accesului, comunicare intercom, recep\u021bia \u0219i alte software-uri de afaceri. Sunt disponibile diferite versiuni, cu clasificarea vehiculelor, taxe de parcare \u0219i indica\u021bii de locuri de parcare gratuite.<\/p>\n<p>[\/et_pb_text][et_pb_button button_url=&#8221;https:\/\/www.alarmautomatika.com\/hr\/softveri\/absistem-park\/&#8221; button_text=&#8221; Afla\u021bi mai multe&#8221; button_alignment=&#8221;center&#8221; disabled_on=&#8221;off|off|off&#8221; _builder_version=&#8221;4.16&#8243; _module_preset=&#8221;default&#8221; custom_button=&#8221;on&#8221; button_text_size=&#8221;14px&#8221; button_font=&#8221;|600|||||||&#8221; button_use_icon=&#8221;off&#8221; custom_padding=&#8221;14px|53px|14px|53px|true|true&#8221; global_colors_info=&#8221;{}&#8221;][\/et_pb_button][et_pb_text _builder_version=&#8221;4.16&#8243; _module_preset=&#8221;default&#8221; link_font=&#8221;|600|||||||&#8221; header_2_text_align=&#8221;left&#8221; header_2_font_size=&#8221;30px&#8221; header_2_line_height=&#8221;1.2em&#8221; custom_padding=&#8221;||1px|||&#8221; header_font_size_tablet=&#8221;48px&#8221; header_font_size_phone=&#8221;&#8221; header_font_size_last_edited=&#8221;on|tablet&#8221; header_2_font_size_tablet=&#8221;&#8221; header_2_font_size_phone=&#8221;25px&#8221; header_2_font_size_last_edited=&#8221;on|phone&#8221; global_colors_info=&#8221;{}&#8221;]<\/p>\n<blockquote>\n<h2 id=\"upravljanje-posjetiteljima\">Gestionarea \u0219i \u00eenregistrarea intr\u0103rilor<\/h2>\n<\/blockquote>\n<p>Software-ul <a href=\"https:\/\/www.alarmautomatika.com\/en\/softwares\/absistem-guest-manager\/\">ABsistemGuestManager<\/a> integreaz\u0103 <a href=\"https:\/\/www.alarmautomatika.com\/ro\/produse\/sisteme-avansate-de-control-al-accesului\/\">controlul accesului<\/a> cu un scaner de documente de identificare \u0219i imprimarea acredit\u0103rilor unui nivel de acces clasificat, \u00een unit\u0103\u021bile \u00een care identificarea este necesar\u0103 la intrare.<\/p>\n<p>[\/et_pb_text][et_pb_button button_url=&#8221;https:\/\/www.alarmautomatika.com\/hr\/softveri\/absistem-guest-manager\/&#8221; button_text=&#8221; Afla\u021bi mai multe&#8221; button_alignment=&#8221;center&#8221; disabled_on=&#8221;off|off|off&#8221; _builder_version=&#8221;4.16&#8243; _module_preset=&#8221;default&#8221; custom_button=&#8221;on&#8221; button_text_size=&#8221;14px&#8221; button_font=&#8221;|600|||||||&#8221; button_use_icon=&#8221;off&#8221; custom_padding=&#8221;14px|53px|14px|53px|true|true&#8221; global_colors_info=&#8221;{}&#8221;][\/et_pb_button][et_pb_text _builder_version=&#8221;4.16&#8243; _module_preset=&#8221;default&#8221; link_font=&#8221;|600|||||||&#8221; header_2_text_align=&#8221;left&#8221; header_2_font_size=&#8221;30px&#8221; header_2_line_height=&#8221;1.2em&#8221; custom_padding=&#8221;||1px|||&#8221; header_font_size_tablet=&#8221;48px&#8221; header_font_size_phone=&#8221;&#8221; header_font_size_last_edited=&#8221;on|tablet&#8221; header_2_font_size_tablet=&#8221;&#8221; header_2_font_size_phone=&#8221;25px&#8221; header_2_font_size_last_edited=&#8221;on|phone&#8221; global_colors_info=&#8221;{}&#8221;]<\/p>\n<blockquote>\n<h2 id=\"nadzor-na-pretovarnim-stanicama\">Supraveghere la Sta\u021biile de re\u00eenc\u0103rcare<\/h2>\n<\/blockquote>\n<p>Software-ul <a href=\"https:\/\/www.alarmautomatika.com\/en\/softwares\/absistem-green\/\">ABsistemGreen<\/a> este utilizat la re\u00eenc\u0103rcarea sta\u021biilor pentru a identifica \u0219oferii \u0219i vehiculele \u0219i pentru a imprima automat documentele necesare.\u00a0 Integreaz\u0103 controlul accesului, barierele, c\u00e2nt\u0103rirea vehiculelor, camerele LPR \u0219i semafoarele.<\/p>\n<p>[\/et_pb_text][et_pb_button button_url=&#8221;https:\/\/www.alarmautomatika.com\/hr\/softveri\/absistem-green\/&#8221; button_text=&#8221; Afla\u021bi mai multe&#8221; button_alignment=&#8221;center&#8221; disabled_on=&#8221;off|off|off&#8221; _builder_version=&#8221;4.16&#8243; _module_preset=&#8221;default&#8221; custom_button=&#8221;on&#8221; button_text_size=&#8221;14px&#8221; button_font=&#8221;|600|||||||&#8221; button_use_icon=&#8221;off&#8221; custom_padding=&#8221;14px|53px|14px|53px|true|true&#8221; global_colors_info=&#8221;{}&#8221;][\/et_pb_button][et_pb_text _builder_version=&#8221;4.16&#8243; _module_preset=&#8221;default&#8221; link_font=&#8221;|600|||||||&#8221; header_2_text_align=&#8221;left&#8221; header_2_font_size=&#8221;30px&#8221; header_2_line_height=&#8221;1.2em&#8221; custom_padding=&#8221;||1px|||&#8221; header_font_size_tablet=&#8221;48px&#8221; header_font_size_phone=&#8221;&#8221; header_font_size_last_edited=&#8221;on|tablet&#8221; header_2_font_size_tablet=&#8221;&#8221; header_2_font_size_phone=&#8221;25px&#8221; header_2_font_size_last_edited=&#8221;on|phone&#8221; global_colors_info=&#8221;{}&#8221;]<\/p>\n<blockquote>\n<h2 id=\"centralizirani-nadzor\">Centralizarea monitoriz\u0103rii cabinelor interlock<\/h2>\n<\/blockquote>\n<p><a href=\"https:\/\/www.alarmautomatika.com\/en\/softwares\/absistem-interlock\/\">ABsistemInterlock<\/a> este un software care permite monitorizarea \u0219i controlul local \u0219i de la distan\u021b\u0103 al cabinelor interlock. Cabinele aflate \u00een loca\u021bii \u00eendep\u0103rtate sunt operate \u00een timp real.<\/p>\n<p>[\/et_pb_text][et_pb_button button_url=&#8221;https:\/\/www.alarmautomatika.com\/hr\/softveri\/absistem-interlock\/&#8221; button_text=&#8221; Afla\u021bi mai multe&#8221; button_alignment=&#8221;center&#8221; disabled_on=&#8221;off|off|off&#8221; _builder_version=&#8221;4.16&#8243; _module_preset=&#8221;default&#8221; custom_button=&#8221;on&#8221; button_text_size=&#8221;14px&#8221; button_font=&#8221;|600|||||||&#8221; button_use_icon=&#8221;off&#8221; custom_padding=&#8221;14px|53px|14px|53px|true|true&#8221; global_colors_info=&#8221;{}&#8221;][\/et_pb_button][et_pb_text _builder_version=&#8221;4.16&#8243; _module_preset=&#8221;default&#8221; link_font=&#8221;|600|||||||&#8221; header_2_text_align=&#8221;left&#8221; header_2_font_size=&#8221;30px&#8221; header_2_line_height=&#8221;1.2em&#8221; custom_padding=&#8221;||1px|||&#8221; header_font_size_tablet=&#8221;48px&#8221; header_font_size_phone=&#8221;&#8221; header_font_size_last_edited=&#8221;on|tablet&#8221; header_2_font_size_tablet=&#8221;&#8221; header_2_font_size_phone=&#8221;25px&#8221; header_2_font_size_last_edited=&#8221;on|phone&#8221; locked=&#8221;off&#8221; global_colors_info=&#8221;{}&#8221;]<\/p>\n<blockquote>\n<h2 id=\"inteligentno-upravljanje\">Dezvoltarea de software pentru management \u0219i control inteligent<\/h2>\n<\/blockquote>\n<p>La Alarm automatika a fost dezvoltat\u0103 o gam\u0103 \u00eentreag\u0103 de software specializat pentru management \u0219i control inteligent \u2013 de exemplu, <strong>ABsistemLunch<\/strong> pentru comandarea mesei zilnice \u00een cadrul companiilor, <strong>ABsistemCafeteria<\/strong> pentru plata f\u0103r\u0103 numerar a meselor \u00een companii sau <strong>ABsistemRooms<\/strong> pentru rezervarea camerelor \u00een unit\u0103\u021bi de cazare mai mici.<\/p>\n<p>[\/et_pb_text][\/et_pb_column][et_pb_column type=&#8221;1_4&#8243; _builder_version=&#8221;4.16&#8243; _module_preset=&#8221;default&#8221; custom_padding_tablet=&#8221;&#8221; custom_padding_phone=&#8221;&#8221; custom_padding_last_edited=&#8221;on|phone&#8221; global_colors_info=&#8221;{}&#8221;][et_pb_image src=&#8221;https:\/\/www.alarmautomatika.com\/wp-content\/uploads\/2020\/10\/idea-solution-logo-home-banner.png&#8221; alt=&#8221;iDEA Solution&#8221; title_text=&#8221;iDEA Solution&#8221; align=&#8221;center&#8221; _builder_version=&#8221;4.16&#8243; _module_preset=&#8221;default&#8221; global_colors_info=&#8221;{}&#8221;][\/et_pb_image][et_pb_accordion module_class=&#8221;idea-value-propositions&#8221; _builder_version=&#8221;4.9.0&#8243; _module_preset=&#8221;default&#8221; global_module=&#8221;8292&#8243; global_colors_info=&#8221;{}&#8221;][et_pb_accordion_item title=&#8221;Blank&#8221; open=&#8221;on&#8221; _builder_version=&#8221;4.16&#8243; _module_preset=&#8221;default&#8221; custom_css_main_element=&#8221;display:none;&#8221; global_colors_info=&#8221;{}&#8221;][\/et_pb_accordion_item][et_pb_accordion_item title=&#8221;Clien\u021bi&#8221; _builder_version=&#8221;4.16&#8243; _module_preset=&#8221;default&#8221; global_colors_info=&#8221;{}&#8221; open=&#8221;off&#8221;]<\/p>\n<p><a href=\"https:\/\/www.alarmautomatika.com\/ro\/clientii\/institutii-bancare-si-financiare\/\">Institu\u021bii bancare \u0219i financiare<\/a><\/p>\n<p><a href=\"https:\/\/www.alarmautomatika.com\/ro\/clientii\/hoteluri\/\">Hoteluri<\/a><\/p>\n<p><a href=\"https:\/\/www.alarmautomatika.com\/ro\/clientii\/centrele-comerciale\/\">Centrele comerciale<\/a><\/p>\n<p><a href=\"https:\/\/www.alarmautomatika.com\/ro\/clientii\/cladiri-publice-si-unitati-comerciale\/\">Cl\u0103diri publice \u0219i unit\u0103\u021bi comerciale<\/a><\/p>\n<p><a href=\"https:\/\/www.alarmautomatika.com\/ro\/clientii\/spatii-industriale-si-infrastructura-de-mari-dimensiuni\/\">Spa\u021bii industriale \u0219i infrastructur\u0103 de mari dimensiuni<\/a><\/p>\n<p><a href=\"https:\/\/www.alarmautomatika.com\/ro\/clientii\/zone-si-facilitati-publice\/\">Zone \u0219i facilit\u0103\u021bi publice<\/a><\/p>\n<p>[\/et_pb_accordion_item][et_pb_accordion_item title=&#8221;Produse&#8221; _builder_version=&#8221;4.16&#8243; _module_preset=&#8221;default&#8221; global_colors_info=&#8221;{}&#8221; open=&#8221;off&#8221;]<\/p>\n<p><a href=\"https:\/\/www.alarmautomatika.com\/ro\/produse\/analiza-video-si-inteligenta-artificiala\/\">Analiza video \u0219i inteligen\u021ba artificial\u0103<\/a><\/p>\n<p><a href=\"https:\/\/www.alarmautomatika.com\/ro\/produse\/scanarea-termica-si-protejarea-perimetrului\/\">Scanarea termic\u0103 \u0219i protejarea perimetrului<\/a><\/p>\n<p><a href=\"https:\/\/www.alarmautomatika.com\/ro\/produse\/sisteme-avansate-de-control-al-accesului\/\">Sisteme avansate de control al accesului<\/a><\/p>\n<p><a href=\"https:\/\/www.alarmautomatika.com\/ro\/produse\/sisteme-de-supraveghere-electronica-a-articolelor\/\">Sisteme de supraveghere electronic\u0103 a articolelor (EAS)<\/a><\/p>\n<p><a href=\"https:\/\/www.alarmautomatika.com\/ro\/produse\/gestionarea-inteligenta-a-traficului-si-parcarii\/\">Gestionarea inteligent\u0103 a traficului \u0219i parc\u0103rii<\/a><\/p>\n<p><a href=\"https:\/\/www.alarmautomatika.com\/ro\/produse\/bms-si-sisteme-de-gestionare-a-locatiilor\/\">BMS i upravljanje susavima na objektu<\/a><\/p>\n<p>[\/et_pb_accordion_item][et_pb_accordion_item title=&#8221;Software&#8221; _builder_version=&#8221;4.16&#8243; _module_preset=&#8221;default&#8221; global_colors_info=&#8221;{}&#8221; open=&#8221;off&#8221;]<\/p>\n<p><a href=\"https:\/\/www.alarmautomatika.com\/ro\/software\/gestionare-si-control-inteligente\/#brojanje-ljudi\" data-et-has-event-already=\"true\">Num\u0103rarea persoanelor<\/a><\/p>\n<p><a href=\"https:\/\/www.alarmautomatika.com\/ro\/software\/gestionare-si-control-inteligente\/#rezervacija-soba\" data-et-has-event-already=\"true\">Rezervarea de camere<\/a><\/p>\n<p><a href=\"https:\/\/www.alarmautomatika.com\/ro\/software\/gestionare-si-control-inteligente\/#parking-rjesenja\" data-et-has-event-already=\"true\">Solu\u021bii de parcare<\/a><\/p>\n<p><a href=\"https:\/\/www.alarmautomatika.com\/ro\/software\/gestionare-si-control-inteligente\/#upravljanje-prometom\" data-et-has-event-already=\"true\">Gestionarea traficului<\/a><\/p>\n<p><a href=\"https:\/\/www.alarmautomatika.com\/ro\/software\/gestionare-si-control-inteligente\/#upravljanje-posjetiteljima\" data-et-has-event-already=\"true\">Gestionarea \u0219i \u00eenregistrarea intr\u0103rilor<\/a><\/p>\n<p><a href=\"https:\/\/www.alarmautomatika.com\/ro\/software\/gestionare-si-control-inteligente\/#nadzor-na-pretovarnim-stanicama\" data-et-has-event-already=\"true\">Supraveghere la Sta\u021biile de re\u00eenc\u0103rcare<\/a><\/p>\n<p>[\/et_pb_accordion_item][et_pb_accordion_item title=&#8221;Servicii&#8221; _builder_version=&#8221;4.16&#8243; _module_preset=&#8221;default&#8221; global_colors_info=&#8221;{}&#8221; open=&#8221;off&#8221;]<\/p>\n<p><a href=\"https:\/\/www.alarmautomatika.com\/ro\/servicii\/servicii-profesionale-pentru-proiecte-complexe\/#projektiranje\" data-et-has-event-already=\"true\">Proiectare<\/a><\/p>\n<p><a href=\"https:\/\/www.alarmautomatika.com\/ro\/servicii\/servicii-profesionale-pentru-proiecte-complexe\/#prosudba-ugrozenosti-i-elaborat-mjera-sigurnosti\" data-et-has-event-already=\"true\">Evaluarea vulnerabilit\u0103\u021bii securit\u0103\u021bii \u0219i studiul m\u0103surilor de securitate<\/a><\/p>\n<p><a href=\"https:\/\/www.alarmautomatika.com\/ro\/servicii\/servicii-profesionale-pentru-proiecte-complexe\/#konzalting\" data-et-has-event-already=\"true\">Consultan\u021b\u0103<\/a><\/p>\n<p><a href=\"https:\/\/www.alarmautomatika.com\/ro\/servicii\/servicii-profesionale-pentru-proiecte-complexe\/#nadzor-nad-izvodjenjem\" data-et-has-event-already=\"true\">Supervizarea proiectului<\/a><\/p>\n<p><a href=\"https:\/\/www.alarmautomatika.com\/ro\/servicii\/servicii-profesionale-pentru-proiecte-complexe\/#koordinacija-i-vodjenje-projekata\" data-et-has-event-already=\"true\">Coordonarea \u0219i managementul proiectului<\/a><\/p>\n<p><a href=\"https:\/\/www.alarmautomatika.com\/ro\/servicii\/servicii-profesionale-pentru-proiecte-complexe\/#softverska-integracija\" data-et-has-event-already=\"true\">Integrarea software-ului \u0219i integrarea cu structura comercial\u0103 a utilizatorului<\/a><\/p>\n<p>[\/et_pb_accordion_item][et_pb_accordion_item title=&#8221;Platforma de afaceri&#8221; _builder_version=&#8221;4.16&#8243; _module_preset=&#8221;default&#8221; global_colors_info=&#8221;{}&#8221; open=&#8221;off&#8221;]<\/p>\n<p><a href=\"https:\/\/www.alarmautomatika.com\/ro\/platforma-de-afaceri\/#razmjena-znanja\" data-et-has-event-already=\"true\">Schimbul de cuno\u0219tin\u021be ale participan\u021bilor \u00een procesul de construc\u021bie<\/a><\/p>\n<p>[\/et_pb_accordion_item][\/et_pb_accordion][\/et_pb_column][\/et_pb_row][\/et_pb_section]<\/p>\n","protected":false},"excerpt":{"rendered":"<p>Gestionarea biletelor \u0219i a accesului Software-ul ABsistemTicketing gestioneaz\u0103 intrarea persoanelor \u00een stadioane \u0219i facilit\u0103\u021bi publice. Acesta integreaz\u0103 v\u00e2nz\u0103rile de bilete online, terminale de control al accesului \u0219i bariere, supraveghere video \u0219i software de management al afacerilor. Num\u0103rarea clien\u021bilor \u0219i a vizitatorilor Software-ul ABsistemCounter num\u0103r\u0103 \u0219i \u00eenregistreaz\u0103 \u00een baza de date num\u0103rul de vizitatori care intr\u0103 [&hellip;]<\/p>\n","protected":false},"author":15,"featured_media":0,"parent":11357,"menu_order":0,"comment_status":"closed","ping_status":"closed","template":"","meta":{"_et_pb_use_builder":"on","_et_pb_old_content":"","_et_gb_content_width":"","footnotes":""},"class_list":["post-10883","page","type-page","status-publish","hentry"],"_links":{"self":[{"href":"https:\/\/www.alarmautomatika.com\/ro\/wp-json\/wp\/v2\/pages\/10883","targetHints":{"allow":["GET"]}}],"collection":[{"href":"https:\/\/www.alarmautomatika.com\/ro\/wp-json\/wp\/v2\/pages"}],"about":[{"href":"https:\/\/www.alarmautomatika.com\/ro\/wp-json\/wp\/v2\/types\/page"}],"author":[{"embeddable":true,"href":"https:\/\/www.alarmautomatika.com\/ro\/wp-json\/wp\/v2\/users\/15"}],"replies":[{"embeddable":true,"href":"https:\/\/www.alarmautomatika.com\/ro\/wp-json\/wp\/v2\/comments?post=10883"}],"version-history":[{"count":2,"href":"https:\/\/www.alarmautomatika.com\/ro\/wp-json\/wp\/v2\/pages\/10883\/revisions"}],"predecessor-version":[{"id":55793,"href":"https:\/\/www.alarmautomatika.com\/ro\/wp-json\/wp\/v2\/pages\/10883\/revisions\/55793"}],"up":[{"embeddable":true,"href":"https:\/\/www.alarmautomatika.com\/ro\/wp-json\/wp\/v2\/pages\/11357"}],"wp:attachment":[{"href":"https:\/\/www.alarmautomatika.com\/ro\/wp-json\/wp\/v2\/media?parent=10883"}],"curies":[{"name":"wp","href":"https:\/\/api.w.org\/{rel}","templated":true}]}}