{"id":11278,"date":"2020-08-20T14:07:08","date_gmt":"2020-08-20T12:07:08","guid":{"rendered":"https:\/\/www.alarmautomatika.com\/produse\/sisteme-de-evacuare-si-de-adresare-publica\/"},"modified":"2023-11-10T10:06:05","modified_gmt":"2023-11-10T09:06:05","slug":"sisteme-de-evacuare-si-de-adresare-publica","status":"publish","type":"page","link":"https:\/\/www.alarmautomatika.com\/ro\/produse\/sisteme-de-evacuare-si-de-adresare-publica\/","title":{"rendered":"Sisteme de evacuare (EVAC) \u0219i de adresare public\u0103 (PA)"},"content":{"rendered":"<p>[et_pb_section fb_built=&#8221;1&#8243; _builder_version=&#8221;4.6.2&#8243; _module_preset=&#8221;default&#8221; background_image=&#8221;https:\/\/www.alarmautomatika.com\/wp-content\/uploads\/2020\/09\/Evakuacijski-razglas.jpg&#8221; background_size=&#8221;initial&#8221; background_position=&#8221;top_center&#8221;][et_pb_row _builder_version=&#8221;4.6.0&#8243; _module_preset=&#8221;default&#8221; width=&#8221;95%&#8221;][et_pb_column type=&#8221;4_4&#8243; _builder_version=&#8221;4.6.0&#8243; _module_preset=&#8221;default&#8221;][et_pb_text _builder_version=&#8221;4.6.0&#8243; _dynamic_attributes=&#8221;content&#8221; _module_preset=&#8221;default&#8221; text_font=&#8221;|600|||||||&#8221; text_text_color=&#8221;#ffffff&#8221; text_font_size=&#8221;48px&#8221; text_line_height=&#8221;1.2em&#8221; custom_padding=&#8221;80px|50px||50px|false|true&#8221; text_font_size_tablet=&#8221;40px&#8221; text_font_size_phone=&#8221;32px&#8221; text_font_size_last_edited=&#8221;on|desktop&#8221; text_line_height_tablet=&#8221;&#8221; text_line_height_phone=&#8221;&#8221; text_line_height_last_edited=&#8221;on|phone&#8221; header_font_tablet=&#8221;&#8221; header_font_phone=&#8221;&#8221; header_font_last_edited=&#8221;on|phone&#8221; header_font_size_tablet=&#8221;&#8221; header_font_size_phone=&#8221;&#8221; header_font_size_last_edited=&#8221;on|phone&#8221; header_line_height_tablet=&#8221;&#8221; header_line_height_phone=&#8221;&#8221; header_line_height_last_edited=&#8221;on|desktop&#8221;]@ET-DC@eyJkeW5hbWljIjp0cnVlLCJjb250ZW50IjoicG9zdF90aXRsZSIsInNldHRpbmdzIjp7ImJlZm9yZSI6IiIsImFmdGVyIjoiIn19@[\/et_pb_text][\/et_pb_column][\/et_pb_row][et_pb_row column_structure=&#8221;3_4,1_4&#8243; _builder_version=&#8221;4.6.0&#8243; _module_preset=&#8221;default&#8221; background_color=&#8221;#ffffff&#8221; width=&#8221;95%&#8221; custom_margin=&#8221;20px||||false|false&#8221; custom_margin_tablet=&#8221;10px||||false|false&#8221; custom_margin_phone=&#8221;10px||||false|false&#8221; custom_margin_last_edited=&#8221;on|desktop&#8221; custom_padding=&#8221;50px|50px|50px|50px|true|true&#8221; box_shadow_style=&#8221;preset2&#8243;][et_pb_column type=&#8221;3_4&#8243; _builder_version=&#8221;4.6.0&#8243; _module_preset=&#8221;default&#8221;][et_pb_text _builder_version=&#8221;4.7.4&#8243; _module_preset=&#8221;default&#8221; link_font=&#8221;|600|||||||&#8221; header_2_text_align=&#8221;left&#8221; header_2_font_size=&#8221;30px&#8221; header_2_line_height=&#8221;1.2em&#8221; header_font_size_tablet=&#8221;48px&#8221; header_font_size_phone=&#8221;&#8221; header_font_size_last_edited=&#8221;on|tablet&#8221; header_2_font_size_tablet=&#8221;&#8221; header_2_font_size_phone=&#8221;25px&#8221; header_2_font_size_last_edited=&#8221;on|phone&#8221;]<\/p>\n<blockquote>\n<h2><span lang=\"RO\">Sisteme de sunet modulare MultiVes Ambient System<\/span><\/h2>\n<\/blockquote>\n<p><a href=\"https:\/\/ambientsystem.eu\/en\/product\/pava-multives\/\" target=\"_blank\" rel=\"noopener\">Sistemele modulare MultiVes EVAC\/PA<\/a> se caracterizeaz\u0103 prin flexibilitate \u0219i scalabilitate excelent\u0103. Acestea sunt utilizate \u00een aplicabilit\u0103\u021bi extinse, care constau \u00een mai multe puncte de lucru cu construc\u021bii separate, cum ar fi sta\u021biuni hoteliere, centre comerciale sau campusuri universitare. Elementele de sistem utilizate pentru EVAC sunt conforme cu standardul EN 54.<\/p>\n<blockquote>\n<h2><span lang=\"RO\">Sisteme de sunet compacte MiniVes Ambient System<\/span><\/h2>\n<\/blockquote>\n<p><a href=\"https:\/\/ambientsystem.eu\/en\/product\/minives-integrated-pava-unit-for-multi-purpose-architectures\/\" target=\"_blank\" rel=\"noopener\">Sistemele MiniVes compacte<\/a> sunt disponibile ca solu\u021bii independente sau \u00een re\u021bea. Sunt utilizate \u00een aplicabilit\u0103\u021bi mai mici, cum ar fi magazine sau \u0219coli. Elementele de sistem utilizate pentru EVAC sunt conforme cu standardul EN 54.<\/p>\n<blockquote>\n<h2><span lang=\"RO\">Boxe Ambient System<\/span><\/h2>\n<\/blockquote>\n<p><a href=\"https:\/\/ambientsystem.eu\/en\/products-pa-va\/#loudspeakers\" target=\"_blank\" rel=\"noopener\">O gam\u0103 larg\u0103 de tipuri de boxe<\/a> (perete, tavan, \u00een form\u0103 de trompet\u0103, pentru tuneluri, pentru \u00eenalt\u0103 tensiune, liniare) permite ob\u021binerea unui sunet de calitate \u00een toate spa\u021biile incluse. Boxele utilizate pentru alarma de incendiu sunt conforme cu standardul EN 54.<\/p>\n<blockquote>\n<h2><span lang=\"RO\">Amplificatoare Ambient System<\/span><\/h2>\n<\/blockquote>\n<p><a href=\"https:\/\/ambientsystem.eu\/en\/product\/network-power-amplifier-plugplay-netio\/\" target=\"_blank\" rel=\"noopener\">Gama larg\u0103 de amplificatoare de putere diferit\u0103<\/a> permite adaptarea la cerin\u021bele fiec\u0103rei aplicabilit\u0103\u021bi. Difuzoarele sunt conectate prin intermediul acestora \u0219i la sursele de sunet (unit\u0103\u021bi de muzic\u0103 de fundal, microfoane, microfoane rezistente la foc, dispozitive mp3), care sunt utilizate pentru a difuza mesaje \u0219i muzic\u0103 de fundal.<\/p>\n<h2>\u00a0<\/h2>\n<blockquote>\n<h2><span lang=\"RO\">Microfoane \u0219i accesorii<\/span><\/h2>\n<\/blockquote>\n<p>O gam\u0103 larg\u0103 de microfoane (de incendiu, sonice) \u0219i toate accesoriile necesare (surse de alimentare, controlere de volum) care permit utilizarea fiec\u0103rei aplicabilit\u0103\u021bi \u00een conformitate cu nevoile specifice.<\/p>\n<blockquote>\n<h2><span lang=\"RO\">Sisteme integrate de evacuare \u0219i sunet <\/span><\/h2>\n<\/blockquote>\n<p>EVAC poate fi utilizat ca sistem de sunet pentru redarea muzicii de fundal sau \u00een scopuri promo\u021bionale, datorit\u0103 caracteristicilor sale \u0219i, la fel de important, designului modern. Aceasta \u00eenseamn\u0103 c\u0103 sistemul EVAC \u00eenlocuie\u0219te ast\u0103zi adesea sistemele PA \u00een majoritatea punctelor de lucru \u0219i reprezint\u0103 \u00een cele din urm\u0103 o solu\u021bie mai eficient\u0103 din punct de vedere al costurilor.<\/p>\n<p>[\/et_pb_text][\/et_pb_column][et_pb_column type=&#8221;1_4&#8243; _builder_version=&#8221;4.6.0&#8243; _module_preset=&#8221;default&#8221; custom_padding_tablet=&#8221;&#8221; custom_padding_phone=&#8221;&#8221; custom_padding_last_edited=&#8221;on|phone&#8221;][et_pb_image src=&#8221;https:\/\/www.alarmautomatika.com\/wp-content\/uploads\/2020\/10\/idea-project-logo-home-banner.png&#8221; alt=&#8221;iDEA Project&#8221; title_text=&#8221;iDEA Project&#8221; align=&#8221;center&#8221; _builder_version=&#8221;4.7.4&#8243; _module_preset=&#8221;default&#8221;][\/et_pb_image][et_pb_accordion module_class=&#8221;idea-value-propositions&#8221; _builder_version=&#8221;4.9.4&#8243; _module_preset=&#8221;default&#8221; global_module=&#8221;8294&#8243;][et_pb_accordion_item title=&#8221;Blank&#8221; open=&#8221;on&#8221; _builder_version=&#8221;4.9.4&#8243; _module_preset=&#8221;default&#8221; custom_css_main_element=&#8221;display:none;&#8221;][\/et_pb_accordion_item][et_pb_accordion_item title=&#8221;Clien\u021bii&#8221; _builder_version=&#8221;4.9.0&#8243; _module_preset=&#8221;default&#8221; open=&#8221;off&#8221;]<\/p>\n<p><a href=\"https:\/\/www.alarmautomatika.com\/ro\/clientii\/arhitectii\/\">Arhitec\u021bii<\/a><\/p>\n<p><a href=\"https:\/\/www.alarmautomatika.com\/ro\/clientii\/proiectanti-electrici\/\">Proiectan\u021bi electrici<\/a><\/p>\n<p><a href=\"https:\/\/www.alarmautomatika.com\/ro\/clientii\/sectorul-constructiilor\/\">Sectorul construc\u021biilor<\/a><\/p>\n<p><a href=\"https:\/\/www.alarmautomatika.com\/ro\/clientii\/instalatori-electricieni\/\">Instalatori electricieni<\/a><\/p>\n<p><a href=\"https:\/\/www.alarmautomatika.com\/ro\/clientii\/integratoare-de-sisteme\/\">Integratoare de sisteme<\/a><\/p>\n<p>[\/et_pb_accordion_item][et_pb_accordion_item title=&#8221;Produse&#8221; _builder_version=&#8221;4.9.4&#8243; _module_preset=&#8221;default&#8221; open=&#8221;off&#8221;]<\/p>\n<p><a href=\"https:\/\/www.alarmautomatika.com\/ro\/produse\/alarma-de-incendiu\/\">Alarm\u0103 de incendiu<\/a><\/p>\n<p><a href=\"https:\/\/www.alarmautomatika.com\/ro\/produse\/alarma-pentru-detectarea-gazelor\/\">Alarm\u0103 pentru detectarea gazelor<\/a><\/p>\n<p><a href=\"https:\/\/www.alarmautomatika.com\/ro\/produse\/sisteme-de-stingere-a-incendiilor\/\">Sisteme de stingere a incendiilor<\/a><\/p>\n<p><a href=\"https:\/\/www.alarmautomatika.com\/ro\/produse\/sisteme-de-evacuare-si-de-adresare-publica\/\">Sisteme de evacuare (EVAC) \u0219i de adresare public\u0103 (PA)<\/a><\/p>\n<p><a href=\"https:\/\/www.alarmautomatika.com\/ro\/produse\/sisteme-de-extractie-si-ventilare-a-fumului-si-caldurii\/\">Sisteme de extrac\u021bie \u0219i ventilare a fumului \u0219i c\u0103ldurii<\/a><\/p>\n<p><a href=\"https:\/\/www.alarmautomatika.com\/ro\/produse\/iluminare-de-urgenta\/\">Iluminare de urgen\u021b\u0103<\/a><\/p>\n<p><a href=\"https:\/\/www.alarmautomatika.com\/ro\/produse\/securitate-tehnica\/\">Securitate tehnic\u0103<\/a><\/p>\n<p>[\/et_pb_accordion_item][et_pb_accordion_item title=&#8221;Software&#8221; _builder_version=&#8221;4.9.0&#8243; _module_preset=&#8221;default&#8221; open=&#8221;off&#8221;]<\/p>\n<p><a href=\"https:\/\/www.alarmautomatika.com\/ro\/software\/supravegherea-si-gestionarea-sistemelor-de-protectie\/\">Supravegherea \u0219i gestionarea sistemelor de protec\u021bie<\/a><\/p>\n<p>[\/et_pb_accordion_item][et_pb_accordion_item title=&#8221;Servicii&#8221; _builder_version=&#8221;4.9.0&#8243; _module_preset=&#8221;default&#8221; open=&#8221;off&#8221;]<\/p>\n<p><a href=\"https:\/\/www.alarmautomatika.com\/ro\/servicii\/profesionalism-ridicat-in-toate-etapele-proiectului\/#projektiranje-i-projektna-podrska\" already=\"true\">Proiectare \u0219i asisten\u021b\u0103 pentru proiect<\/a><\/p>\n<p><a href=\"https:\/\/www.alarmautomatika.com\/ro\/servicii\/profesionalism-ridicat-in-toate-etapele-proiectului\/#vodjenje-projekata\" already=\"true\">Management de proiect<\/a><\/p>\n<p><a href=\"https:\/\/www.alarmautomatika.com\/ro\/servicii\/profesionalism-ridicat-in-toate-etapele-proiectului\/#programiranje-i-integracija-sustava\" already=\"true\">Programare \u0219i integrare a sistemului<\/a><\/p>\n<p><a href=\"https:\/\/www.alarmautomatika.com\/ro\/servicii\/profesionalism-ridicat-in-toate-etapele-proiectului\/#pustanje-sustava-u-rad\">Punerea \u00een func\u021biune a sistemului<\/a><\/p>\n<p><a href=\"https:\/\/www.alarmautomatika.com\/ro\/servicii\/profesionalism-ridicat-in-toate-etapele-proiectului\/#certificiranje\" already=\"true\">Certificare<\/a> <a href=\"https:\/\/www.alarmautomatika.com\/ro\/servicii\/profesionalism-ridicat-in-toate-etapele-proiectului\/#idea-project-katalog-i-b2b-platforma\" already=\"true\">Catalog de proiecte \u0219i platform\u0103 B2B<\/a><\/p>\n<p>[\/et_pb_accordion_item][et_pb_accordion_item title=&#8221;Platforma de afaceri&#8221; _builder_version=&#8221;4.9.0&#8243; _module_preset=&#8221;default&#8221; open=&#8221;off&#8221;]<\/p>\n<p><a href=\"https:\/\/www.alarmautomatika.com\/ro\/platforma-de-afaceri\/#b2b-projektna-dokumentacija\" data-et-has-event-already=\"true\">Platforma B2B cu documenta\u021bie complet\u0103<\/a><\/p>\n<p>[\/et_pb_accordion_item][\/et_pb_accordion][\/et_pb_column][\/et_pb_row][\/et_pb_section]<\/p>\n","protected":false},"excerpt":{"rendered":"<p>Sisteme de sunet modulare MultiVes Ambient System Sistemele modulare MultiVes EVAC\/PA se caracterizeaz\u0103 prin flexibilitate \u0219i scalabilitate excelent\u0103. Acestea sunt utilizate \u00een aplicabilit\u0103\u021bi extinse, care constau \u00een mai multe puncte de lucru cu construc\u021bii separate, cum ar fi sta\u021biuni hoteliere, centre comerciale sau campusuri universitare. Elementele de sistem utilizate pentru EVAC sunt conforme cu standardul [&hellip;]<\/p>\n","protected":false},"author":15,"featured_media":0,"parent":11256,"menu_order":0,"comment_status":"closed","ping_status":"closed","template":"","meta":{"_et_pb_use_builder":"on","_et_pb_old_content":"","_et_gb_content_width":"","footnotes":""},"class_list":["post-11278","page","type-page","status-publish","hentry"],"_links":{"self":[{"href":"https:\/\/www.alarmautomatika.com\/ro\/wp-json\/wp\/v2\/pages\/11278","targetHints":{"allow":["GET"]}}],"collection":[{"href":"https:\/\/www.alarmautomatika.com\/ro\/wp-json\/wp\/v2\/pages"}],"about":[{"href":"https:\/\/www.alarmautomatika.com\/ro\/wp-json\/wp\/v2\/types\/page"}],"author":[{"embeddable":true,"href":"https:\/\/www.alarmautomatika.com\/ro\/wp-json\/wp\/v2\/users\/15"}],"replies":[{"embeddable":true,"href":"https:\/\/www.alarmautomatika.com\/ro\/wp-json\/wp\/v2\/comments?post=11278"}],"version-history":[{"count":2,"href":"https:\/\/www.alarmautomatika.com\/ro\/wp-json\/wp\/v2\/pages\/11278\/revisions"}],"predecessor-version":[{"id":50528,"href":"https:\/\/www.alarmautomatika.com\/ro\/wp-json\/wp\/v2\/pages\/11278\/revisions\/50528"}],"up":[{"embeddable":true,"href":"https:\/\/www.alarmautomatika.com\/ro\/wp-json\/wp\/v2\/pages\/11256"}],"wp:attachment":[{"href":"https:\/\/www.alarmautomatika.com\/ro\/wp-json\/wp\/v2\/media?parent=11278"}],"curies":[{"name":"wp","href":"https:\/\/api.w.org\/{rel}","templated":true}]}}