{"id":11345,"date":"2020-08-20T14:31:44","date_gmt":"2020-08-20T12:31:44","guid":{"rendered":"https:\/\/www.alarmautomatika.com\/produse\/supraveghere-video\/"},"modified":"2023-11-10T10:08:25","modified_gmt":"2023-11-10T09:08:25","slug":"supraveghere-video","status":"publish","type":"page","link":"https:\/\/www.alarmautomatika.com\/ro\/produse\/supraveghere-video\/","title":{"rendered":"Supraveghere video"},"content":{"rendered":"<p>[et_pb_section fb_built=&#8221;1&#8243; _builder_version=&#8221;4.6.3&#8243; _module_preset=&#8221;default&#8221; background_image=&#8221;https:\/\/www.alarmautomatika.com\/wp-content\/uploads\/2020\/09\/Videonadzor-dvc-green.jpg&#8221; background_size=&#8221;initial&#8221; background_position=&#8221;top_center&#8221;][et_pb_row _builder_version=&#8221;4.6.0&#8243; _module_preset=&#8221;default&#8221; width=&#8221;95%&#8221;][et_pb_column type=&#8221;4_4&#8243; _builder_version=&#8221;4.6.0&#8243; _module_preset=&#8221;default&#8221;][et_pb_text _builder_version=&#8221;4.6.0&#8243; _dynamic_attributes=&#8221;content&#8221; _module_preset=&#8221;default&#8221; text_font=&#8221;|600|||||||&#8221; text_text_color=&#8221;#ffffff&#8221; text_font_size=&#8221;48px&#8221; text_line_height=&#8221;1.2em&#8221; custom_padding=&#8221;80px|50px||50px|false|true&#8221; text_font_size_tablet=&#8221;40px&#8221; text_font_size_phone=&#8221;32px&#8221; text_font_size_last_edited=&#8221;on|desktop&#8221; text_line_height_tablet=&#8221;&#8221; text_line_height_phone=&#8221;&#8221; text_line_height_last_edited=&#8221;on|phone&#8221; header_font_tablet=&#8221;&#8221; header_font_phone=&#8221;&#8221; header_font_last_edited=&#8221;on|phone&#8221; header_font_size_tablet=&#8221;&#8221; header_font_size_phone=&#8221;&#8221; header_font_size_last_edited=&#8221;on|phone&#8221; header_line_height_tablet=&#8221;&#8221; header_line_height_phone=&#8221;&#8221; header_line_height_last_edited=&#8221;on|desktop&#8221;]@ET-DC@eyJkeW5hbWljIjp0cnVlLCJjb250ZW50IjoicG9zdF90aXRsZSIsInNldHRpbmdzIjp7ImJlZm9yZSI6IiIsImFmdGVyIjoiIn19@[\/et_pb_text][\/et_pb_column][\/et_pb_row][et_pb_row column_structure=&#8221;3_4,1_4&#8243; _builder_version=&#8221;4.6.0&#8243; _module_preset=&#8221;default&#8221; background_color=&#8221;#ffffff&#8221; width=&#8221;95%&#8221; custom_margin=&#8221;20px||||false|false&#8221; custom_margin_tablet=&#8221;10px||||false|false&#8221; custom_margin_phone=&#8221;10px||||false|false&#8221; custom_margin_last_edited=&#8221;on|desktop&#8221; custom_padding=&#8221;50px|50px|50px|50px|true|true&#8221; box_shadow_style=&#8221;preset2&#8243;][et_pb_column type=&#8221;3_4&#8243; _builder_version=&#8221;4.6.0&#8243; _module_preset=&#8221;default&#8221;][et_pb_text _builder_version=&#8221;4.7.4&#8243; _module_preset=&#8221;default&#8221; link_font=&#8221;|600|||||||&#8221; header_2_text_align=&#8221;left&#8221; header_2_font_size=&#8221;30px&#8221; header_2_line_height=&#8221;1.2em&#8221; header_font_size_tablet=&#8221;48px&#8221; header_font_size_phone=&#8221;&#8221; header_font_size_last_edited=&#8221;on|tablet&#8221; header_2_font_size_tablet=&#8221;&#8221; header_2_font_size_phone=&#8221;25px&#8221; header_2_font_size_last_edited=&#8221;on|phone&#8221;]<\/p>\n<blockquote>\n<h2><span lang=\"RO\">Supraveghere video DVC &#8211; tehnologie AHD \u0219i IP<\/span><\/h2>\n<\/blockquote>\n<p>Alarm automatika \u0219i-a dezvoltat propriul brand<a href=\"https:\/\/www.dvc.video\/\" target=\"_blank\" rel=\"noopener\"> DVC<\/a> \u00eencep\u00e2nd cu anul 2003, ca r\u0103spuns la nevoile pie\u021bei regionale pentru un produs care s\u0103 fie flexibil \u0219i de \u00eencredere. Dispun\u00e2nd de cea mai avansat\u0103 tehnologie \u0219i de componente fiabile (camere, dispozitive de \u00eenregistrare \u0219i accesorii), produsele <a href=\"https:\/\/www.dvc.video\/\" target=\"_blank\" rel=\"noopener\">DVC<\/a> ofer\u0103 cea mai \u00eenalt\u0103 performan\u021b\u0103 \u00een ambele tehnologii, at\u00e2t AHD c\u00e2t \u0219i IP.<\/p>\n<blockquote>\n<h2><span lang=\"RO\">Flexibilitatea sistemului DVC IP<\/span><\/h2>\n<\/blockquote>\n<p>Gama larg\u0103 \u0219i flexibilitatea produselor permit aplicarea lor \u00een cl\u0103diri de diferite dimensiuni \u0219i destina\u021bii &#8211; de la cl\u0103diri reziden\u021biale \u0219i birouri mici, p\u00e2n\u0103 la cl\u0103diri complexe, cu risc ridicat, care sunt utilizate de un num\u0103r mare de persoane. Complexitatea sistemului ar putea ajunge p\u00e2n\u0103 la 30.000 de camere. Camerele sunt clasificate \u00een cinci linii de produse diferite &#8211; Special, Supreme, Smart, Start \u0219i Speed \u0219i pot \u00eendeplini toate cerin\u021bele utilizatorilor, dup\u0103 criterii de pre\u021b, calitate \u0219i raport de performan\u021b\u0103. Camera panoramic\u0103 cu tehnologie <em>Starlight<\/em> se remarc\u0103 \u00een clasa Special. Con\u021bine patru camere individuale care sunt combinate \u00eentr-una singur\u0103, datorit\u0103 software-ului special. Senzorul <em>Starlight<\/em> permite func\u021bionarea pe timp de noapte cu o imagine color perfect\u0103 chiar \u0219i \u00een condi\u021bii de lumin\u0103 foarte sc\u0103zut\u0103.<\/p>\n<blockquote>\n<h2><span lang=\"RO\">Sisteme DVC AHD<\/span><\/h2>\n<\/blockquote>\n<p>Sistemele analogice de supraveghere video <a href=\"https:\/\/www.dvc.video\/\" target=\"_blank\" rel=\"noopener\">DVC<\/a> AHD \u00een rezolu\u021bie HD sunt cele mai utilizate pentru a proteja cl\u0103dirile reziden\u021biale \u0219i comerciale \u00een care utilizatorii doresc o tehnologie de \u00eenregistrare analogic\u0103 de \u00eenalt\u0103 calitate. Avantajul este acela c\u0103 se poate utiliza instala\u021bia existent\u0103.<\/p>\n<blockquote>\n<h2><span lang=\"RO\">Analize video \u00een solu\u021biile DVC<\/span><\/h2>\n<\/blockquote>\n<p>Protec\u021bia perimetral\u0103 \u0219i urm\u0103rirea obiectelor \u0219i a scenelor sunt activate de func\u021biile de analiz\u0103 video IA ale supravegherii video <a href=\"https:\/\/www.dvc.video\/\" target=\"_blank\" rel=\"noopener\">DVC<\/a>. \u00cen func\u021bie de tipul de camer\u0103, este posibil\u0103 monitorizarea detect\u0103rii trecerii limitei, p\u0103trunderile neautorizate \u00een spa\u021biu, num\u0103rarea persoanelor, recunoa\u0219terea persoanelor \u0219i vehiculelor, detectarea fe\u021bei, recunoa\u0219terea pl\u0103cu\u021belor de \u00eenmatriculare (LPR).<\/p>\n<blockquote>\n<h2><span lang=\"RO\">Software de management NVMS 2.0.<\/span><\/h2>\n<\/blockquote>\n<p>Sistemele <a href=\"https:\/\/www.dvc.video\/\" target=\"_blank\" rel=\"noopener\">DVC<\/a> pot fi gestionate de la distan\u021b\u0103 prin intermediul software-ului DVC NVMS 2.0 (LITE), dispozitivelor de \u00eenregistrare DVC, browserelor web \u0219i aplica\u021biilor mobile. Administratorul poate gestiona mai multe dispozitive de \u00eenregistrare simultan ( este asigurat\u0103 compatibilitatea cu sistemele Hikvison sau Dahua) \u0219i p\u00e2n\u0103 la 100 de camere.<\/p>\n<blockquote>\n<h2><span lang=\"RO\">Aplica\u021bia DVC Connect pentru vizualizarea camerei \u00een timp real<\/span><\/h2>\n<\/blockquote>\n<p>Toate dispozitivele de \u00eenregistrare DVC, indiferent de tehnologie, accept\u0103 noua aplica\u021bie mobil\u0103 unic\u0103, gratuit\u0103, DVC Connect. Aceasta permite vizionarea camerelor \u00een timp real de pe dispozitivul de \u00eenregistrare, precum \u0219i \u00eenregistrarea local\u0103 pe cardul SD al telefonului mobil \u0219i vizualizarea materialului \u00eenregistrat de pe cardul SD. Printre op\u021biuni se afl\u0103 \u0219i alertarea utilizatorului cu privire la evenimentele ini\u021biate prin detectarea mi\u0219c\u0103rii sau de intr\u0103rile de alarm\u0103 de pe dispozitivul de \u00eenregistrare.<\/p>\n<blockquote>\n<h2><span lang=\"RO\">Servere DVC pentru sta\u021bii de monitorizare a supravegherii video<\/span><\/h2>\n<\/blockquote>\n<p>Oferim o gam\u0103 larg\u0103 de servere pentru sta\u021bii de monitorizare a supravegherii video, special reglate pentru a func\u021biona cu sisteme de supraveghere video <a href=\"https:\/\/www.dvc.video\/\" target=\"_blank\" rel=\"noopener\">DVC<\/a> \u0219i software NVMS. Se pot monitoriza p\u00e2n\u0103 la 30.000 de camere care permit verificarea video a evenimentelor de alarm\u0103.<\/p>\n<blockquote>\n<h2>Sisteme DVC de m\u0103surare a temperaturii<\/h2>\n<\/blockquote>\n<p>Alarm automatika ofer\u0103 \u00een prezent cinci solu\u021bii inovatoare DVC pentru detectarea febrei f\u0103r\u0103 contact, drept contribu\u021bie la comportamentul public responsabil \u0219i la protec\u021bia s\u0103n\u0103t\u0103\u021bii. Principala diferen\u021biere \u00eentre aceste solu\u021bii este cantitatea de date care poate fi procesat\u0103 pe parcursul unei perioade.\u00a0 Pentru liniile de \u00eenalt\u0103 frecven\u021b\u0103 cu analize video inteligente, simultan, pot fi procesate p\u00e2n\u0103 la 30 de persoane, iar pentru liniile de frecven\u021b\u0103 medie pot fi procesate p\u00e2n\u0103 la 10 persoane \u00een acela\u0219i timp. Se remarc\u0103 solu\u021bia flexibil\u0103 DTC-24F, care, pe l\u00e2ng\u0103 m\u0103surarea temperaturii, poate recunoa\u0219te dac\u0103 o persoan\u0103 poart\u0103 masc\u0103.\u00a0 Acela\u0219i dispozitiv are capacitatea de a se conecta prin re\u021bea la sistemele de securitate (control de acces, interfon video, frecven\u021b\u0103 de timp), astfel \u00eenc\u00e2t modalit\u0103\u021bile sale de aplicare sunt foarte flexibile.<\/p>\n<p>[\/et_pb_text][\/et_pb_column][et_pb_column type=&#8221;1_4&#8243; _builder_version=&#8221;4.6.0&#8243; _module_preset=&#8221;default&#8221; custom_padding_tablet=&#8221;&#8221; custom_padding_phone=&#8221;&#8221; custom_padding_last_edited=&#8221;on|phone&#8221;][et_pb_image src=&#8221;https:\/\/www.alarmautomatika.com\/wp-content\/uploads\/2020\/10\/idea-classic-logo-home-banner.png&#8221; alt=&#8221;iDEA Classic&#8221; title_text=&#8221;iDEA Classic&#8221; align=&#8221;center&#8221; _builder_version=&#8221;4.7.4&#8243; _module_preset=&#8221;default&#8221;][\/et_pb_image][et_pb_accordion module_class=&#8221;idea-value-propositions&#8221; _builder_version=&#8221;4.9.0&#8243; _module_preset=&#8221;default&#8221; global_module=&#8221;8295&#8243;][et_pb_accordion_item title=&#8221;Blank&#8221; open=&#8221;on&#8221; _builder_version=&#8221;4.9.0&#8243; _module_preset=&#8221;default&#8221; custom_css_main_element=&#8221;display:none;&#8221;][\/et_pb_accordion_item][et_pb_accordion_item title=&#8221;Clien\u021bi&#8221; _builder_version=&#8221;4.9.0&#8243; _module_preset=&#8221;default&#8221; open=&#8221;off&#8221;]<\/p>\n<p><a href=\"https:\/\/www.alarmautomatika.com\/ro\/clientii\/instalatori-autorizati-de-sisteme-de-securitate\/\">Instalatori autoriza\u021bi de sisteme de securitate<\/a><\/p>\n<p><a href=\"https:\/\/www.alarmautomatika.com\/ro\/clientii\/statii-centrale-de-monitorizare\/\">Sta\u021bii centrale de monitorizare (CMS)<\/a><\/p>\n<p><a href=\"https:\/\/www.alarmautomatika.com\/ro\/clientii\/electricieni\/\">Electricieni<\/a><\/p>\n<p><a href=\"https:\/\/www.alarmautomatika.com\/ro\/clientii\/aparate-electrice-si-magazine-de-calculatoare-magazine-online\/\">Aparate electrice \u0219i magazine de calculatoare, magazine online<\/a><\/p>\n<p>[\/et_pb_accordion_item][et_pb_accordion_item title=&#8221;Produse &#8221; _builder_version=&#8221;4.9.0&#8243; _module_preset=&#8221;default&#8221; open=&#8221;off&#8221;]<\/p>\n<p><a href=\"https:\/\/www.alarmautomatika.com\/ro\/produse\/supraveghere-video\/\">Supraveghere video<\/a><\/p>\n<p><a href=\"https:\/\/www.alarmautomatika.com\/ro\/produse\/sisteme-anti-intruziune-si-antiefractie\/\">Sisteme anti-intruziune \u0219i antiefrac\u021bie<\/a><\/p>\n<p><a href=\"https:\/\/www.alarmautomatika.com\/ro\/produse\/interfoane-video\/\">Interfoane video<\/a><\/p>\n<p><a href=\"https:\/\/www.alarmautomatika.com\/ro\/produse\/controlul-accesului-si-al-duratei-accesului\/\">Controlul accesului \u0219i al duratei accesului<\/a><\/p>\n<p><a href=\"https:\/\/www.alarmautomatika.com\/ro\/produse\/solutii-audio\/\">Solu\u021bii audio<\/a><\/p>\n<p><a href=\"https:\/\/www.alarmautomatika.com\/ro\/produse\/automatizari-pentru-usi-si-rampe\/\">Rampe \u0219i u\u0219i automate<\/a><\/p>\n<p><a href=\"https:\/\/www.alarmautomatika.com\/ro\/produse\/echipamente-pentru-statii-centrale-de-monitorizare\/\">Echipamente pentru sta\u021bii centrale de monitorizare (CMS)<\/a><\/p>\n<p><a href=\"https:\/\/www.alarmautomatika.com\/ro\/produse\/sisteme-de-alarma-impotriva-incendiilor-si-gazelor\/\">Sisteme de alarm\u0103 \u00eempotriva incendiilor \u0219i gazelor<\/a><\/p>\n<p>[\/et_pb_accordion_item][et_pb_accordion_item title=&#8221;Software&#8221; _builder_version=&#8221;4.9.0&#8243; _module_preset=&#8221;default&#8221; open=&#8221;off&#8221;]<\/p>\n<p><a href=\"https:\/\/www.alarmautomatika.com\/ro\/software\/receptia-si-procesarea-semnalelor-de-alarma\/\">Recep\u021bia \u0219i procesarea semnalelor de alarm\u0103<\/a><\/p>\n<p>[\/et_pb_accordion_item][et_pb_accordion_item title=&#8221;Servicii&#8221; _builder_version=&#8221;4.9.0&#8243; _module_preset=&#8221;default&#8221; open=&#8221;off&#8221;]<\/p>\n<p><a href=\"https:\/\/www.alarmautomatika.com\/ro\/servicii\/conceptul-de-sursa-unica\/#prodajna-i-tehnicka-podrska\" data-et-has-event-already=\"true\">Asisten\u021b\u0103 tehnic\u0103 \u0219i pentru v\u00e2nz\u0103ri<\/a><\/p>\n<p><a href=\"https:\/\/www.alarmautomatika.com\/ro\/servicii\/conceptul-de-sursa-unica\/#oprema-na-skladistu\" data-et-has-event-already=\"true\">Produse \u00een stoc<\/a><\/p>\n<p><a href=\"https:\/\/www.alarmautomatika.com\/ro\/servicii\/conceptul-de-sursa-unica\/#edukacija-instalatera\" data-et-has-event-already=\"true\">Educarea instalatorilor<\/a><\/p>\n<p><a href=\"https:\/\/www.alarmautomatika.com\/ro\/servicii\/conceptul-de-sursa-unica\/#b2b-online-platforma\" data-et-has-event-already=\"true\">Platforma online B2B<\/a><\/p>\n<p><a href=\"https:\/\/www.alarmautomatika.com\/ro\/servicii\/conceptul-de-sursa-unica\/#servis\" data-et-has-event-already=\"true\">\u00centre\u021binerea \u0219i \u00eenlocuirea echipamentelor<\/a><\/p>\n<p><a href=\"https:\/\/www.alarmautomatika.com\/ro\/servicii\/conceptul-de-sursa-unica\/#idea-classic-katalog\" data-et-has-event-already=\"true\">Catalogul iDEA Classic<\/a><\/p>\n<p>[\/et_pb_accordion_item][et_pb_accordion_item title=&#8221;Platforma de afaceri&#8221; _builder_version=&#8221;4.9.0&#8243; _module_preset=&#8221;default&#8221; open=&#8221;off&#8221;]<\/p>\n<p><a href=\"https:\/\/www.alarmautomatika.com\/ro\/platforma-de-afaceri\/#b2b-platforma\" data-et-has-event-already=\"true\">O platform\u0103 B2B unic\u0103 pentru economisirea timpului<\/a><\/p>\n<p>[\/et_pb_accordion_item][\/et_pb_accordion][\/et_pb_column][\/et_pb_row][\/et_pb_section]<\/p>\n","protected":false},"excerpt":{"rendered":"<p>Supraveghere video DVC &#8211; tehnologie AHD \u0219i IP Alarm automatika \u0219i-a dezvoltat propriul brand DVC \u00eencep\u00e2nd cu anul 2003, ca r\u0103spuns la nevoile pie\u021bei regionale pentru un produs care s\u0103 fie flexibil \u0219i de \u00eencredere. Dispun\u00e2nd de cea mai avansat\u0103 tehnologie \u0219i de componente fiabile (camere, dispozitive de \u00eenregistrare \u0219i accesorii), produsele DVC ofer\u0103 cea [&hellip;]<\/p>\n","protected":false},"author":15,"featured_media":0,"parent":11256,"menu_order":0,"comment_status":"closed","ping_status":"closed","template":"","meta":{"_et_pb_use_builder":"on","_et_pb_old_content":"","_et_gb_content_width":"","footnotes":""},"class_list":["post-11345","page","type-page","status-publish","hentry"],"_links":{"self":[{"href":"https:\/\/www.alarmautomatika.com\/ro\/wp-json\/wp\/v2\/pages\/11345","targetHints":{"allow":["GET"]}}],"collection":[{"href":"https:\/\/www.alarmautomatika.com\/ro\/wp-json\/wp\/v2\/pages"}],"about":[{"href":"https:\/\/www.alarmautomatika.com\/ro\/wp-json\/wp\/v2\/types\/page"}],"author":[{"embeddable":true,"href":"https:\/\/www.alarmautomatika.com\/ro\/wp-json\/wp\/v2\/users\/15"}],"replies":[{"embeddable":true,"href":"https:\/\/www.alarmautomatika.com\/ro\/wp-json\/wp\/v2\/comments?post=11345"}],"version-history":[{"count":2,"href":"https:\/\/www.alarmautomatika.com\/ro\/wp-json\/wp\/v2\/pages\/11345\/revisions"}],"predecessor-version":[{"id":50537,"href":"https:\/\/www.alarmautomatika.com\/ro\/wp-json\/wp\/v2\/pages\/11345\/revisions\/50537"}],"up":[{"embeddable":true,"href":"https:\/\/www.alarmautomatika.com\/ro\/wp-json\/wp\/v2\/pages\/11256"}],"wp:attachment":[{"href":"https:\/\/www.alarmautomatika.com\/ro\/wp-json\/wp\/v2\/media?parent=11345"}],"curies":[{"name":"wp","href":"https:\/\/api.w.org\/{rel}","templated":true}]}}