{"id":55110,"date":"2024-09-17T14:38:22","date_gmt":"2024-09-17T12:38:22","guid":{"rendered":"https:\/\/www.alarmautomatika.com\/alarm-automatika-prezinta-un-ocean-de-posibilitati-la-romanian-security-fair\/"},"modified":"2024-10-03T12:38:47","modified_gmt":"2024-10-03T10:38:47","slug":"alarm-automatika-prezinta-un-ocean-de-posibilitati-la-romanian-security-fair","status":"publish","type":"page","link":"https:\/\/www.alarmautomatika.com\/ro\/alarm-automatika-prezinta-un-ocean-de-posibilitati-la-romanian-security-fair\/","title":{"rendered":"Alarm automatika prezint\u0103 un ocean de posibilit\u0103\u021bi la Romanian Security Fair!"},"content":{"rendered":"<p>[et_pb_section fb_built=&#8221;1&#8243; _builder_version=&#8221;4.27.0&#8243; _module_preset=&#8221;default&#8221; global_colors_info=&#8221;{}&#8221;][et_pb_row _builder_version=&#8221;4.27.0&#8243; _module_preset=&#8221;default&#8221; global_colors_info=&#8221;{}&#8221;][et_pb_column type=&#8221;4_4&#8243; _builder_version=&#8221;4.27.0&#8243; _module_preset=&#8221;default&#8221; global_colors_info=&#8221;{}&#8221;][et_pb_text _builder_version=&#8221;4.27.0&#8243; _module_preset=&#8221;default&#8221; header_font_size_tablet=&#8221;&#8221; header_font_size_phone=&#8221;33px&#8221; header_font_size_last_edited=&#8221;on|phone&#8221; global_colors_info=&#8221;{}&#8221;]<\/p>\n<h1>Alarm automatika prezint\u0103 un ocean de posibilit\u0103\u021bi la Romanian Security Fair!<\/h1>\n<p>[\/et_pb_text][et_pb_image src=&#8221;https:\/\/www.alarmautomatika.com\/wp-content\/uploads\/2024\/09\/RSF-2024-banner-1920&#215;1080-RO.jpg&#8221; title_text=&#8221;RSF-2024-banner-1920&#215;1080-HR&#8221; align=&#8221;center&#8221; _builder_version=&#8221;4.27.0&#8243; _module_preset=&#8221;default&#8221; global_colors_info=&#8221;{}&#8221;][\/et_pb_image][et_pb_text _builder_version=&#8221;4.27.2&#8243; _module_preset=&#8221;default&#8221; header_4_font_size=&#8221;24px&#8221; header_3_font_size_tablet=&#8221;&#8221; header_3_font_size_phone=&#8221;29px&#8221; header_3_font_size_last_edited=&#8221;on|phone&#8221; global_colors_info=&#8221;{}&#8221;]<\/p>\n<p>Alarm Automatika va fii prenzenta la Romanian Security Fair, cel mai relevant eveniment de securitate din Rom\u00e2nia, care va avea loc \u00een perioada <strong>16-18 octombrie \u00een Bucure\u0219ti<\/strong>. Vom prezenta <strong>un ocean de posibilit\u0103\u021bi<\/strong> pentru realizarea unor solu\u021bii eficiente de siguran\u021b\u0103 \u0219i securitate \u00een diverse tipuri de facilit\u0103\u021bi.<\/p>\n<p>Inova\u021bia, flexibilitatea, scalabilitatea, fiabilitatea \u0219i eficien\u021ba sunt caracteristici esen\u021biale ale unei game largi de oferte care vor satisface interesul tuturor celor implica\u021bi \u00een procesul de protec\u021bie \u2013 instalatori, centre de monitorizare, proiectan\u021bi, utilizatori finali.<\/p>\n<blockquote>\n<h3>Vizita\u021bi pavilionul B1 stand 6 \u0219i descoperi\u021bi solu\u021bii inteligente pentru afacerea dumneavoastr\u0103!<\/h3>\n<\/blockquote>\n<blockquote>\n<h4>Supraveghere inteligent\u0103<\/h4>\n<\/blockquote>\n<p>Sisteme destinate cre\u0219terii nivelului de securitate, monitoriz\u0103rii \u0219i \u00eembun\u0103t\u0103\u021birii proceselor de afaceri, \u00een special destinate utilizatorilor finali, precum b\u0103nci, hoteluri, retail \u0219i industrie.<\/p>\n<p>[\/et_pb_text][et_pb_image src=&#8221;https:\/\/www.alarmautomatika.com\/wp-content\/uploads\/2024\/09\/Smart-surveillance-logos.jpg&#8221; title_text=&#8221;Smart-surveillance-logos&#8221; align=&#8221;center&#8221; _builder_version=&#8221;4.27.0&#8243; _module_preset=&#8221;default&#8221; width=&#8221;60%&#8221; width_tablet=&#8221;60%&#8221; width_phone=&#8221;100%&#8221; width_last_edited=&#8221;on|phone&#8221; global_colors_info=&#8221;{}&#8221;][\/et_pb_image][et_pb_text _builder_version=&#8221;4.27.0&#8243; _module_preset=&#8221;default&#8221; header_2_font_size_tablet=&#8221;&#8221; header_2_font_size_phone=&#8221;33px&#8221; header_2_font_size_last_edited=&#8221;on|phone&#8221; global_colors_info=&#8221;{}&#8221;]<\/p>\n<blockquote>\n<h4>Siguran\u021b\u0103 inteligent\u0103<\/h4>\n<\/blockquote>\n<p>Sisteme pentru detectarea fiabil\u0103 a incendiilor \u0219i gazelor, semnalizare rapid\u0103 \u0219i evacuarea \u00een siguran\u021b\u0103 a persoanelor, \u00een special destinate proiectan\u021bilor de instala\u021bii electrice \u0219i instalatorilor.[\/et_pb_text][et_pb_image src=&#8221;https:\/\/www.alarmautomatika.com\/wp-content\/uploads\/2024\/09\/Smart-safety-logos.jpg&#8221; title_text=&#8221;Smart-safety-logos&#8221; align=&#8221;center&#8221; _builder_version=&#8221;4.27.0&#8243; _module_preset=&#8221;default&#8221; width=&#8221;60%&#8221; width_tablet=&#8221;60%&#8221; width_phone=&#8221;100%&#8221; width_last_edited=&#8221;on|phone&#8221; global_colors_info=&#8221;{}&#8221;][\/et_pb_image][et_pb_text _builder_version=&#8221;4.27.0&#8243; _module_preset=&#8221;default&#8221; header_2_font_size_tablet=&#8221;&#8221; header_2_font_size_phone=&#8221;33px&#8221; header_2_font_size_last_edited=&#8221;on|phone&#8221; global_colors_info=&#8221;{}&#8221;]<\/p>\n<blockquote>\n<h4>Securitate inteligent\u0103<\/h4>\n<\/blockquote>\n<p>O gam\u0103 larg\u0103 de sisteme \u0219i dispozitive de securitate bazate pe tehnologii de ultim\u0103 genera\u021bie, \u00een special destinate instalatorilor de securitate \u0219i centrelor de monitorizare centralizat\u0103.[\/et_pb_text][et_pb_image src=&#8221;https:\/\/www.alarmautomatika.com\/wp-content\/uploads\/2024\/09\/Smart-security-logos.jpg&#8221; title_text=&#8221;Smart-security-logos&#8221; align=&#8221;center&#8221; _builder_version=&#8221;4.27.0&#8243; _module_preset=&#8221;default&#8221; width=&#8221;60%&#8221; width_tablet=&#8221;60%&#8221; width_phone=&#8221;100%&#8221; width_last_edited=&#8221;on|phone&#8221; global_colors_info=&#8221;{}&#8221;][\/et_pb_image][et_pb_text _builder_version=&#8221;4.27.0&#8243; _module_preset=&#8221;default&#8221; header_2_font_size_tablet=&#8221;&#8221; header_2_font_size_phone=&#8221;33px&#8221; header_2_font_size_last_edited=&#8221;on|phone&#8221; global_colors_info=&#8221;{}&#8221;]<\/p>\n<blockquote>\n<h4>Automatizare inteligent\u0103<\/h4>\n<\/blockquote>\n<p>Sisteme pentru controlul facil al locuin\u021belor \u0219i spa\u021biilor comerciale, destinate \u00een principal proprietarilor \u0219i utilizatorilor de cl\u0103diri reziden\u021biale \u0219i comerciale mici.[\/et_pb_text][et_pb_image src=&#8221;https:\/\/www.alarmautomatika.com\/wp-content\/uploads\/2024\/09\/Smart-automation-logos.jpg&#8221; title_text=&#8221;Smart-automation-logos&#8221; align=&#8221;center&#8221; _builder_version=&#8221;4.27.0&#8243; _module_preset=&#8221;default&#8221; width=&#8221;60%&#8221; width_tablet=&#8221;60%&#8221; width_phone=&#8221;100%&#8221; width_last_edited=&#8221;on|phone&#8221; global_colors_info=&#8221;{}&#8221;][\/et_pb_image][et_pb_divider color=&#8221;#D7D7D7&#8243; divider_style=&#8221;dotted&#8221; _builder_version=&#8221;4.27.0&#8243; _module_preset=&#8221;default&#8221; global_colors_info=&#8221;{}&#8221;][\/et_pb_divider][et_pb_text _builder_version=&#8221;4.27.0&#8243; _module_preset=&#8221;default&#8221; header_2_font_size_tablet=&#8221;&#8221; header_2_font_size_phone=&#8221;33px&#8221; header_2_font_size_last_edited=&#8221;on|phone&#8221; global_colors_info=&#8221;{}&#8221;]<\/p>\n<blockquote>\n<h2>Alege\u021bi-v\u0103 cocktailul inteligent preferat \u00een timpul orelor de happy hour la standul Alarm automatika! <\/h2>\n<\/blockquote>\n<p>\u00cen fiecare zi la t\u00e2rg, preparate de barmani profesioni\u0219ti, din cele mai rafinate ingrediente, servite pe plaja Alarm automatika, tr\u0103i\u021bi experien\u021ba oceanului de posibilit\u0103\u021bi!<\/p>\n<p>[\/et_pb_text][et_pb_image src=&#8221;https:\/\/www.alarmautomatika.com\/wp-content\/uploads\/2024\/09\/2024-09_Coctail_Bar_RSF.jpg&#8221; title_text=&#8221;2024-09_Coctail_Bar_RSF&#8221; align=&#8221;center&#8221; _builder_version=&#8221;4.27.0&#8243; _module_preset=&#8221;default&#8221; width=&#8221;45%&#8221; width_tablet=&#8221;45%&#8221; width_phone=&#8221;100%&#8221; width_last_edited=&#8221;on|phone&#8221; global_colors_info=&#8221;{}&#8221;][\/et_pb_image][et_pb_divider color=&#8221;#D7D7D7&#8243; divider_style=&#8221;dotted&#8221; _builder_version=&#8221;4.27.0&#8243; _module_preset=&#8221;default&#8221; global_colors_info=&#8221;{}&#8221;][\/et_pb_divider][et_pb_text _builder_version=&#8221;4.27.0&#8243; _module_preset=&#8221;default&#8221; header_2_font_size_tablet=&#8221;&#8221; header_2_font_size_phone=&#8221;33px&#8221; header_2_font_size_last_edited=&#8221;on|phone&#8221; global_colors_info=&#8221;{}&#8221;]<\/p>\n<blockquote>\n<h2>Romanian Security Fair 2024.<\/h2>\n<\/blockquote>\n<p>&nbsp;<\/p>\n<p><img loading=\"lazy\" decoding=\"async\" class=\"alignleft\" src=\"https:\/\/www.alarmautomatika.com\/wp-content\/uploads\/2024\/09\/Romanian-Security-Fair.png\" width=\"162\" height=\"103\" \/><\/p>\n<p>Vizita\u021bi-ne la <strong><a href=\"https:\/\/www.romaniansecurityfair.eu\/en\/\" target=\"_blank\" rel=\"noopener\">Romanian Security Fair 2024,<\/a><\/strong> \u00een perioada 16-18 octombrie, la Romexpo, Bd. M\u0103r\u0103\u0219ti nr. 65-67, Bucure\u0219ti. Pentru un bilet gratuit, v\u0103 rug\u0103m s\u0103 v\u0103 <a href=\"https:\/\/myconnector.ro\/romanian-security-fair-2024\/1777\/details\" target=\"_blank\" rel=\"noopener\"><strong>\u00eenregistra\u021bi<\/strong><\/a> pe site-ul oficial al t\u00e2rgului!<\/p>\n<p>[\/et_pb_text][\/et_pb_column][\/et_pb_row][\/et_pb_section]<\/p>\n","protected":false},"excerpt":{"rendered":"<p>Alarm automatika prezint\u0103 un ocean de posibilit\u0103\u021bi la Romanian Security Fair!Alarm Automatika va fii prenzenta la Romanian Security Fair, cel mai relevant eveniment de securitate din Rom\u00e2nia, care va avea loc \u00een perioada 16-18 octombrie \u00een Bucure\u0219ti. Vom prezenta un ocean de posibilit\u0103\u021bi pentru realizarea unor solu\u021bii eficiente de siguran\u021b\u0103 \u0219i securitate \u00een diverse tipuri [&hellip;]<\/p>\n","protected":false},"author":14,"featured_media":0,"parent":0,"menu_order":0,"comment_status":"closed","ping_status":"closed","template":"","meta":{"_et_pb_use_builder":"on","_et_pb_old_content":"","_et_gb_content_width":"","footnotes":""},"class_list":["post-55110","page","type-page","status-publish","hentry"],"_links":{"self":[{"href":"https:\/\/www.alarmautomatika.com\/ro\/wp-json\/wp\/v2\/pages\/55110","targetHints":{"allow":["GET"]}}],"collection":[{"href":"https:\/\/www.alarmautomatika.com\/ro\/wp-json\/wp\/v2\/pages"}],"about":[{"href":"https:\/\/www.alarmautomatika.com\/ro\/wp-json\/wp\/v2\/types\/page"}],"author":[{"embeddable":true,"href":"https:\/\/www.alarmautomatika.com\/ro\/wp-json\/wp\/v2\/users\/14"}],"replies":[{"embeddable":true,"href":"https:\/\/www.alarmautomatika.com\/ro\/wp-json\/wp\/v2\/comments?post=55110"}],"version-history":[{"count":2,"href":"https:\/\/www.alarmautomatika.com\/ro\/wp-json\/wp\/v2\/pages\/55110\/revisions"}],"predecessor-version":[{"id":55293,"href":"https:\/\/www.alarmautomatika.com\/ro\/wp-json\/wp\/v2\/pages\/55110\/revisions\/55293"}],"wp:attachment":[{"href":"https:\/\/www.alarmautomatika.com\/ro\/wp-json\/wp\/v2\/media?parent=55110"}],"curies":[{"name":"wp","href":"https:\/\/api.w.org\/{rel}","templated":true}]}}