{"id":55809,"date":"2024-11-07T09:31:46","date_gmt":"2024-11-07T08:31:46","guid":{"rendered":"https:\/\/www.alarmautomatika.com\/smart-guard-patrol-software-si-aplicatie-mobila-pentru-monitorizarea-online-a-patrulelor-de-securitate\/"},"modified":"2024-11-13T15:18:45","modified_gmt":"2024-11-13T14:18:45","slug":"smart-guard-patrol-software-si-aplicatie-mobila-pentru-monitorizarea-online-a-patrulelor-de-securitate","status":"publish","type":"page","link":"https:\/\/www.alarmautomatika.com\/ro\/smart-guard-patrol-software-si-aplicatie-mobila-pentru-monitorizarea-online-a-patrulelor-de-securitate\/","title":{"rendered":"Smart Guard Patrol \u2013 Software \u0219i Aplica\u021bie Mobil\u0103 pentru Monitorizarea Online a Patrulelor de Securitate"},"content":{"rendered":"<p>[et_pb_section fb_built=&#8221;1&#8243; _builder_version=&#8221;4.27.2&#8243; _module_preset=&#8221;default&#8221; background_image=&#8221;https:\/\/www.alarmautomatika.com\/wp-content\/uploads\/2024\/11\/smart-guard-patrol-header-image-gradient.jpg&#8221; background_size=&#8221;initial&#8221; background_position=&#8221;top_center&#8221; global_colors_info=&#8221;{}&#8221;][et_pb_row _builder_version=&#8221;4.16&#8243; _module_preset=&#8221;_initial&#8221; width=&#8221;95%&#8221; global_colors_info=&#8221;{}&#8221;][et_pb_column type=&#8221;4_4&#8243; _builder_version=&#8221;4.16&#8243; _module_preset=&#8221;default&#8221; global_colors_info=&#8221;{}&#8221;][et_pb_text _builder_version=&#8221;4.27.2&#8243; _dynamic_attributes=&#8221;content&#8221; _module_preset=&#8221;_initial&#8221; text_font=&#8221;|600|||||||&#8221; text_text_color=&#8221;#ffffff&#8221; text_font_size=&#8221;48px&#8221; text_line_height=&#8221;1.2em&#8221; custom_padding=&#8221;80px|50px||50px|false|true&#8221; text_font_size_tablet=&#8221;40px&#8221; text_font_size_phone=&#8221;29px&#8221; text_font_size_last_edited=&#8221;on|phone&#8221; text_line_height_tablet=&#8221;&#8221; text_line_height_phone=&#8221;&#8221; text_line_height_last_edited=&#8221;on|phone&#8221; header_font_tablet=&#8221;&#8221; header_font_phone=&#8221;&#8221; header_font_last_edited=&#8221;on|tablet&#8221; header_font_size_tablet=&#8221;&#8221; header_font_size_phone=&#8221;&#8221; header_font_size_last_edited=&#8221;on|phone&#8221; header_line_height_tablet=&#8221;&#8221; header_line_height_phone=&#8221;&#8221; header_line_height_last_edited=&#8221;on|desktop&#8221; global_colors_info=&#8221;{}&#8221;]@ET-DC@eyJkeW5hbWljIjp0cnVlLCJjb250ZW50IjoicG9zdF90aXRsZSIsInNldHRpbmdzIjp7ImJlZm9yZSI6IiIsImFmdGVyIjoiIn19@[\/et_pb_text][\/et_pb_column][\/et_pb_row][et_pb_row column_structure=&#8221;3_4,1_4&#8243; _builder_version=&#8221;4.16&#8243; _module_preset=&#8221;_initial&#8221; background_color=&#8221;#ffffff&#8221; width=&#8221;95%&#8221; custom_margin=&#8221;20px||||false|false&#8221; custom_margin_tablet=&#8221;10px||||false|false&#8221; custom_margin_phone=&#8221;10px||||false|false&#8221; custom_margin_last_edited=&#8221;on|desktop&#8221; custom_padding=&#8221;43px|50px|43px|50px|true|true&#8221; box_shadow_style=&#8221;preset2&#8243; global_colors_info=&#8221;{}&#8221;][et_pb_column type=&#8221;3_4&#8243; _builder_version=&#8221;4.16&#8243; _module_preset=&#8221;default&#8221; global_colors_info=&#8221;{}&#8221;][et_pb_text _builder_version=&#8221;4.27.2&#8243; _module_preset=&#8221;_initial&#8221; hover_enabled=&#8221;0&#8243; header_2_font_size_tablet=&#8221;&#8221; header_2_font_size_phone=&#8221;32px&#8221; header_2_font_size_last_edited=&#8221;on|phone&#8221; header_3_font_size_tablet=&#8221;&#8221; header_3_font_size_phone=&#8221;24px&#8221; header_3_font_size_last_edited=&#8221;on|phone&#8221; global_colors_info=&#8221;{}&#8221; sticky_enabled=&#8221;0&#8243;]<\/p>\n<p><strong><em>Eficacitatea rondurilor de patrulare influen\u021beaz\u0103 direct eficien\u021ba securit\u0103\u021bii \u0219i respectarea procedurilor definite. La fel de important\u0103 este \u0219i capacitatea de a demonstra clientului final c\u0103 procedurile stabilite au fost respectate.<\/em><\/strong><\/p>\n<p><strong><em>Smart Guard Patrol poate cre\u0219te eficien\u021ba opera\u021bional\u0103 \u00een diverse industrii, verific\u00e2nd sosirile la timp pentru orice sarcin\u0103, cum ar fi vizitele la pacien\u021bi, cur\u0103\u021barea camerelor de hotel, \u00eentre\u021binerea echipamentelor sau managementul facilit\u0103\u021bilor.<\/em><\/strong><\/p>\n<p>Smart Guard Patrol este o solu\u021bie software puternic\u0103 \u0219i adaptabil\u0103 care permite monitorizarea online \u00een timp real a patrulelor de securitate din centrul de control. Include o interfa\u021b\u0103 web pentru centrul de control \u0219i o aplica\u021bie mobil\u0103 utilizat\u0103 de personalul de securitate \u00een timpul patrulelor.<\/p>\n<p>Utilizarea solu\u021biei Smart Guard Patrol este extrem de simpl\u0103. \u00cen timpul patrulelor, angaja\u021bii scaneaz\u0103 coduri QR sau etichete NFC pre-generate\/programate la fiecare punct de control, folosind telefoanele mobile. Aplica\u021bia mobil\u0103 trimite informa\u021biile c\u0103tre centrul de control, unde acestea sunt vizibile imediat \u0219i pot fi analizate dup\u0103 necesitate.<\/p>\n<blockquote>\n<h2>Solu\u021bie Independent\u0103 de Software-ul de Centralizare Folosit<\/h2>\n<\/blockquote>\n<p>Smart Guard Patrol ofer\u0103 toate func\u021biile esen\u021biale pentru monitorizarea patrulelor \u00eentr-o singur\u0103 platform\u0103, f\u0103r\u0103 a necesita module suplimentare sau upgrade-uri complexe, indiferent de software-ul de centralizare utilizat \u00een centrul de control. Func\u021bioneaz\u0103 ca o solu\u021bie autonom\u0103, dar dac\u0103 se folose\u0219te <a href=\"https:\/\/www.alarmautomatika.com\/ro\/software\/receptia-si-procesarea-semnalelor-de-alarma\/\"><strong>ABsistemDCNGv2<\/strong><\/a> pentru centralizare, software-ul se integreaz\u0103 pentru a valorifica pe deplin ambele solu\u021bii.<\/p>\n<p>[\/et_pb_text][et_pb_image src=&#8221;https:\/\/www.alarmautomatika.com\/wp-content\/uploads\/2024\/11\/Smart-Guard-Patrol-vizuallogo.jpg&#8221; alt=&#8221;ABsistemDC(NG)v2&#8243; title_text=&#8221;Smart-Guard-Patrol-vizual+logo&#8221; align=&#8221;center&#8221; _builder_version=&#8221;4.27.2&#8243; _module_preset=&#8221;default&#8221; width=&#8221;80%&#8221; global_colors_info=&#8221;{}&#8221;][\/et_pb_image][et_pb_text _builder_version=&#8221;4.27.2&#8243; _module_preset=&#8221;_initial&#8221; hover_enabled=&#8221;0&#8243; header_2_font_size_tablet=&#8221;&#8221; header_2_font_size_phone=&#8221;32px&#8221; header_2_font_size_last_edited=&#8221;on|phone&#8221; header_3_font_size_tablet=&#8221;&#8221; header_3_font_size_phone=&#8221;24px&#8221; header_3_font_size_last_edited=&#8221;on|phone&#8221; global_colors_info=&#8221;{}&#8221; sticky_enabled=&#8221;0&#8243;]<\/p>\n<blockquote>\n<h2>Avantajele Monitoriz\u0103rii Patrulelor cu Smart Guard Patrol <\/h2>\n<\/blockquote>\n<blockquote>\n<h3>Gestionare Eficient\u0103 a Patrulelor \u00een Timp Real<\/h3>\n<\/blockquote>\n<p>Rutele \u0219i punctele de control sunt predefinite, iar orice abatere de la procedur\u0103 alerteaz\u0103 imediat centrul de control. Software-ul poate genera rapoarte sau programe de patrulare.<\/p>\n<blockquote>\n<h3>Comunicare Avansat\u0103 cu Sens Dublu \u00eentre Centrul de Control \u0219i Personalul de pe Teren<\/h3>\n<\/blockquote>\n<ul>\n<li>Trimiterea de imagini, mesaje \u0219i informa\u021bii din teren c\u0103tre centrul de control.<\/li>\n<li>Mesaje standard sau de urgen\u021b\u0103 de la centru c\u0103tre indivizi sau grupuri. Fiecare gardian poate r\u0103spunde mesajelor \u00een acela\u0219i grup\/chat.<\/li>\n<li>Apeluri de urgen\u021b\u0103 pentru echipe de interven\u021bie prin mesaje audio-text urgente.<\/li>\n<li>Modul offline asigur\u0103 sincronizarea datelor c\u00e2nd conexiunea la internet este restabilit\u0103.<\/li>\n<\/ul>\n<blockquote>\n<h3>Rapoarte f\u0103r\u0103 Effort<\/h3>\n<\/blockquote>\n<p>Rapoartele detaliate despre mi\u0219care, incidente \u0219i activit\u0103\u021bi din timpul patrulelor sunt u\u0219or de generat, deoarece toate activit\u0103\u021bile sunt \u00eenregistrate automat. Exportarea rapoartelor \u00een format PDF simplific\u0103 partajarea informa\u021biilor \u0219i p\u0103strarea eviden\u021belor.<\/p>\n<p>[\/et_pb_text][et_pb_image src=&#8221;https:\/\/www.alarmautomatika.com\/wp-content\/uploads\/2024\/11\/Smart_Guard_Patrol_statistika_izvjestaji.jpg&#8221; alt=&#8221;ABsistemDC(NG)v2&#8243; title_text=&#8221;Smart_Guard_Patrol_statistika_izvjestaji&#8221; align=&#8221;center&#8221; _builder_version=&#8221;4.27.2&#8243; _module_preset=&#8221;default&#8221; global_colors_info=&#8221;{}&#8221;][\/et_pb_image][et_pb_text _builder_version=&#8221;4.27.2&#8243; _module_preset=&#8221;_initial&#8221; link_font=&#8221;|600|||||||&#8221; header_2_text_align=&#8221;left&#8221; header_2_font_size=&#8221;30px&#8221; header_2_line_height=&#8221;1.2em&#8221; header_font_size_tablet=&#8221;48px&#8221; header_font_size_phone=&#8221;&#8221; header_font_size_last_edited=&#8221;on|tablet&#8221; header_2_font_size_tablet=&#8221;&#8221; header_2_font_size_phone=&#8221;25px&#8221; header_2_font_size_last_edited=&#8221;on|phone&#8221; header_3_font_size_tablet=&#8221;&#8221; header_3_font_size_phone=&#8221;24px&#8221; header_3_font_size_last_edited=&#8221;on|phone&#8221; global_colors_info=&#8221;{}&#8221;]<\/p>\n<blockquote>\n<h3>Nivel Ridicat de Securitate, Integritate \u0219i Disponibilitate a Datelor<\/h3>\n<\/blockquote>\n<p>Toate datele sunt criptate conform standardelor \u0219i reglement\u0103rilor actuale (GDPR \u0219i ISO 27001). Acela\u0219i nivel \u00eenalt de securitate se aplic\u0103 \u0219i stoc\u0103rii \u00een cloud.<\/p>\n<blockquote>\n<h3>Securitate Sporit\u0103 pentru Gardieni \u0219i Al\u021bi Lucr\u0103tori din Teren<\/h3>\n<\/blockquote>\n<ul>\n<li>Apeluri SOS rapide printr-o simpl\u0103 mi\u0219care sau scuturarea telefonului.<\/li>\n<li>Func\u021bia &#8222;Man Down&#8221; detecteaz\u0103 c\u0103derile bru\u0219te ale gardianului.<\/li>\n<li>Func\u021bia &#8222;Lucr\u0103tor Izolat&#8221; pentru alerte automate \u00een cazul problemelor de internet, indic\u00e2nd c\u0103 gardianul este de necontactat sau nu s-a mi\u0219cat timp de 1 or\u0103.<\/li>\n<\/ul>\n<blockquote>\n<h3>Interfa\u021b\u0103 Multilingv\u0103 U\u0219or de Utilizat<\/h3>\n<\/blockquote>\n<p>Interfa\u021ba este conceput\u0103 pentru eficien\u021b\u0103 \u0219i u\u0219urin\u021b\u0103 \u00een navigare pentru to\u021bi membrii echipei, \u0219i poate fi personalizat\u0103 pentru a r\u0103spunde nevoilor utilizatorilor.<\/p>\n<p>[\/et_pb_text][et_pb_image src=&#8221;https:\/\/www.alarmautomatika.com\/wp-content\/uploads\/2024\/11\/google-play-badge_2024.jpg&#8221; alt=&#8221;ABsistemDC(NG)v2&#8243; title_text=&#8221;google-play-badge_2024&#8243; url=&#8221;https:\/\/play.google.com\/store\/apps\/details?id=com.alarmautomatika.smartGuardPatrol&amp;hl=hr&#8221; url_new_window=&#8221;on&#8221; align=&#8221;center&#8221; _builder_version=&#8221;4.27.2&#8243; _module_preset=&#8221;default&#8221; width=&#8221;30%&#8221; hover_enabled=&#8221;0&#8243; global_colors_info=&#8221;{}&#8221; sticky_enabled=&#8221;0&#8243;][\/et_pb_image][\/et_pb_column][et_pb_column type=&#8221;1_4&#8243; _builder_version=&#8221;4.16&#8243; _module_preset=&#8221;default&#8221; custom_padding_tablet=&#8221;&#8221; custom_padding_phone=&#8221;&#8221; custom_padding_last_edited=&#8221;on|phone&#8221; global_colors_info=&#8221;{}&#8221;][et_pb_image src=&#8221;https:\/\/www.alarmautomatika.com\/wp-content\/uploads\/2024\/11\/idea-classic-logo-home-banner.png&#8221; alt=&#8221;iDEA Classic&#8221; title_text=&#8221;iDEA Classic&#8221; align=&#8221;center&#8221; _builder_version=&#8221;4.16&#8243; _module_preset=&#8221;default&#8221; global_colors_info=&#8221;{}&#8221;][\/et_pb_image][et_pb_accordion module_class=&#8221;idea-value-propositions&#8221; _builder_version=&#8221;4.9.0&#8243; _module_preset=&#8221;default&#8221; global_module=&#8221;8295&#8243; global_colors_info=&#8221;{}&#8221;][et_pb_accordion_item title=&#8221;Blank&#8221; open=&#8221;on&#8221; _builder_version=&#8221;4.16&#8243; _module_preset=&#8221;default&#8221; custom_css_main_element=&#8221;display:none;&#8221; global_colors_info=&#8221;{}&#8221;][\/et_pb_accordion_item][et_pb_accordion_item title=&#8221;Clien\u021bii&#8221; _builder_version=&#8221;4.16&#8243; _module_preset=&#8221;default&#8221; global_colors_info=&#8221;{}&#8221; open=&#8221;off&#8221;]<\/p>\n<p><a href=\"https:\/\/www.alarmautomatika.com\/ro\/clientii\/instalatori-autorizati-de-sisteme-de-securitate\/\">Instalateri tehni\u010dke za\u0161tite<\/a><\/p>\n<p><a href=\"https:\/\/www.alarmautomatika.com\/ro\/clientii\/statii-centrale-de-monitorizare\/\">Dojavni centri<\/a><\/p>\n<p><a href=\"https:\/\/www.alarmautomatika.com\/ro\/clientii\/electricieni\/\">Elektri\u010dari<\/a><\/p>\n<p><a href=\"https:\/\/www.alarmautomatika.com\/ro\/clientii\/aparate-electrice-si-magazine-de-calculatoare-magazine-online\/\">Trgovine elektromaterijalom i IT opremom, internet trgovine<\/a><\/p>\n<p>[\/et_pb_accordion_item][et_pb_accordion_item title=&#8221;Produse&#8221; _builder_version=&#8221;4.16&#8243; _module_preset=&#8221;default&#8221; global_colors_info=&#8221;{}&#8221; open=&#8221;off&#8221;]<\/p>\n<p><a href=\"https:\/\/www.alarmautomatika.com\/ro\/produse\/supraveghere-video\/\">Videonadzor<\/a><\/p>\n<p><a href=\"https:\/\/www.alarmautomatika.com\/ro\/produse\/sisteme-anti-intruziune-si-antiefractie\/\">Protuprovala i protuprepad<\/a><\/p>\n<p><a href=\"https:\/\/www.alarmautomatika.com\/ro\/produse\/interfoane-video\/\">Videointerfoni<\/a><\/p>\n<p><a href=\"https:\/\/www.alarmautomatika.com\/ro\/produse\/controlul-accesului-si-al-duratei-accesului\/\">Kontrola pristupa i evidencija radnog vremena<\/a><\/p>\n<p><a href=\"https:\/\/www.alarmautomatika.com\/ro\/produse\/solutii-audio\/\">Audio rje\u0161enja<\/a><\/p>\n<p><a href=\"https:\/\/www.alarmautomatika.com\/proizvodi\/automatske-rampe-i-vrata\/\">Automatske rampe i vrata<\/a><\/p>\n<p><a href=\"https:\/\/www.alarmautomatika.com\/ro\/produse\/echipamente-pentru-statii-centrale-de-monitorizare\/\">Oprema za dojavne centre<\/a><\/p>\n<p><a href=\"https:\/\/www.alarmautomatika.com\/ro\/produse\/sisteme-de-alarma-impotriva-incendiilor-si-gazelor\/\">Dojava po\u017eara i plina<\/a><\/p>\n<p>[\/et_pb_accordion_item][et_pb_accordion_item title=&#8221;Software&#8221; _builder_version=&#8221;4.16&#8243; _module_preset=&#8221;default&#8221; global_colors_info=&#8221;{}&#8221; open=&#8221;off&#8221;]<\/p>\n<p><a href=\"https:\/\/www.alarmautomatika.com\/ro\/software\/receptia-si-procesarea-semnalelor-de-alarma\/\">Prijem i obrada signala alarma<\/a><\/p>\n<p>[\/et_pb_accordion_item][et_pb_accordion_item title=&#8221;Servicii&#8221; _builder_version=&#8221;4.16&#8243; _module_preset=&#8221;default&#8221; global_colors_info=&#8221;{}&#8221; open=&#8221;off&#8221;]<\/p>\n<p><a href=\"https:\/\/www.alarmautomatika.com\/ro\/servicii\/conceptul-de-sursa-unica\/#prodajna-i-tehnicka-podrska\" data-et-has-event-already=\"true\">Prodajna i tehni\u010dka podr\u0161ka<\/a><\/p>\n<p><a href=\"https:\/\/www.alarmautomatika.com\/ro\/servicii\/conceptul-de-sursa-unica\/#oprema-na-skladistu\" data-et-has-event-already=\"true\">Oprema na skladi\u0161tu<\/a><\/p>\n<p><a href=\"https:\/\/www.alarmautomatika.com\/ro\/servicii\/conceptul-de-sursa-unica\/#edukacija-instalatera\" data-et-has-event-already=\"true\">Edukacija instalatera<\/a><\/p>\n<p><a href=\"https:\/\/www.alarmautomatika.com\/ro\/servicii\/conceptul-de-sursa-unica\/#b2b-online-platforma\" data-et-has-event-already=\"true\">B2B online platforma<\/a><\/p>\n<p><a href=\"https:\/\/www.alarmautomatika.com\/ro\/servicii\/conceptul-de-sursa-unica\/#servis\" data-et-has-event-already=\"true\">Servis<\/a><\/p>\n<p><a href=\"https:\/\/www.alarmautomatika.com\/ro\/servicii\/conceptul-de-sursa-unica\/#idea-classic-katalog\" data-et-has-event-already=\"true\">iDEA Classic katalog<\/a><\/p>\n<p>[\/et_pb_accordion_item][et_pb_accordion_item title=&#8221;Platforma de afaceri&#8221; _builder_version=&#8221;4.16&#8243; _module_preset=&#8221;default&#8221; global_colors_info=&#8221;{}&#8221; open=&#8221;off&#8221;]<\/p>\n<p><a href=\"https:\/\/www.alarmautomatika.com\/ro\/platforma-de-afaceri\/#b2b-platforma\" data-et-has-event-already=\"true\">Jedinstvena B2B platforma koja \u0161tedi vrijeme<\/a><\/p>\n<p>[\/et_pb_accordion_item][\/et_pb_accordion][\/et_pb_column][\/et_pb_row][\/et_pb_section]<\/p>\n","protected":false},"excerpt":{"rendered":"<p>Eficacitatea rondurilor de patrulare influen\u021beaz\u0103 direct eficien\u021ba securit\u0103\u021bii \u0219i respectarea procedurilor definite. La fel de important\u0103 este \u0219i capacitatea de a demonstra clientului final c\u0103 procedurile stabilite au fost respectate. Smart Guard Patrol poate cre\u0219te eficien\u021ba opera\u021bional\u0103 \u00een diverse industrii, verific\u00e2nd sosirile la timp pentru orice sarcin\u0103, cum ar fi vizitele la pacien\u021bi, cur\u0103\u021barea camerelor [&hellip;]<\/p>\n","protected":false},"author":14,"featured_media":0,"parent":0,"menu_order":0,"comment_status":"closed","ping_status":"closed","template":"","meta":{"_et_pb_use_builder":"on","_et_pb_old_content":"","_et_gb_content_width":"","footnotes":""},"class_list":["post-55809","page","type-page","status-publish","hentry"],"_links":{"self":[{"href":"https:\/\/www.alarmautomatika.com\/ro\/wp-json\/wp\/v2\/pages\/55809","targetHints":{"allow":["GET"]}}],"collection":[{"href":"https:\/\/www.alarmautomatika.com\/ro\/wp-json\/wp\/v2\/pages"}],"about":[{"href":"https:\/\/www.alarmautomatika.com\/ro\/wp-json\/wp\/v2\/types\/page"}],"author":[{"embeddable":true,"href":"https:\/\/www.alarmautomatika.com\/ro\/wp-json\/wp\/v2\/users\/14"}],"replies":[{"embeddable":true,"href":"https:\/\/www.alarmautomatika.com\/ro\/wp-json\/wp\/v2\/comments?post=55809"}],"version-history":[{"count":2,"href":"https:\/\/www.alarmautomatika.com\/ro\/wp-json\/wp\/v2\/pages\/55809\/revisions"}],"predecessor-version":[{"id":55811,"href":"https:\/\/www.alarmautomatika.com\/ro\/wp-json\/wp\/v2\/pages\/55809\/revisions\/55811"}],"wp:attachment":[{"href":"https:\/\/www.alarmautomatika.com\/ro\/wp-json\/wp\/v2\/media?parent=55809"}],"curies":[{"name":"wp","href":"https:\/\/api.w.org\/{rel}","templated":true}]}}