{"id":58516,"date":"2025-10-07T14:28:07","date_gmt":"2025-10-07T12:28:07","guid":{"rendered":"https:\/\/www.alarmautomatika.com\/alarm-automatika-la-romanian-security-summit-pe-valul-securitatii\/"},"modified":"2025-10-28T13:00:04","modified_gmt":"2025-10-28T12:00:04","slug":"alarm-automatika-la-romanian-security-summit-pe-valul-securitatii","status":"publish","type":"page","link":"https:\/\/www.alarmautomatika.com\/ro\/alarm-automatika-la-romanian-security-summit-pe-valul-securitatii\/","title":{"rendered":"Alarm automatika la Romanian Security Summit \u2013 Pe valul securit\u0103\u021bii!"},"content":{"rendered":"<p>[et_pb_section fb_built=&#8221;1&#8243; _builder_version=&#8221;4.27.4&#8243; _module_preset=&#8221;default&#8221; global_colors_info=&#8221;{}&#8221;][et_pb_row _builder_version=&#8221;4.27.4&#8243; _module_preset=&#8221;default&#8221; global_colors_info=&#8221;{}&#8221;][et_pb_column type=&#8221;4_4&#8243; _builder_version=&#8221;4.27.4&#8243; _module_preset=&#8221;default&#8221; global_colors_info=&#8221;{}&#8221;][et_pb_text _builder_version=&#8221;4.27.4&#8243; _module_preset=&#8221;default&#8221; header_font_size=&#8221;46px&#8221; header_font_tablet=&#8221;&#8221; header_font_phone=&#8221;&#8221; header_font_last_edited=&#8221;on|desktop&#8221; header_font_size_tablet=&#8221;46px&#8221; header_font_size_phone=&#8221;35px&#8221; header_font_size_last_edited=&#8221;on|phone&#8221; global_colors_info=&#8221;{}&#8221;]<\/p>\n<blockquote>\n<h1>Alarm automatika la Romanian Security Summit \u2013 Pe valul securit\u0103\u021bii!<\/h1>\n<\/blockquote>\n<p>[\/et_pb_text][et_pb_image src=&#8221;https:\/\/www.alarmautomatika.com\/wp-content\/uploads\/2025\/10\/RSS_2025_banner-RO-FHD-1.jpg&#8221; title_text=&#8221;RSS_2025_banner-HR-FHD&#8221; align=&#8221;center&#8221; _builder_version=&#8221;4.27.4&#8243; _module_preset=&#8221;default&#8221; global_colors_info=&#8221;{}&#8221;][\/et_pb_image][et_pb_text _builder_version=&#8221;4.27.4&#8243; _module_preset=&#8221;default&#8221; header_5_font_size=&#8221;22px&#8221; header_2_font_size_tablet=&#8221;&#8221; header_2_font_size_phone=&#8221;30px&#8221; header_2_font_size_last_edited=&#8221;on|phone&#8221; global_colors_info=&#8221;{}&#8221;]<\/p>\n<p>Alarm automatika este <strong>Partener \u0219i Diamond Sponsor la Romanian Security Summit 2025<\/strong> \u2013 prima edi\u021bie a summitului regional de securitate din Rom\u00e2nia!<\/p>\n<p><\/p>\n<p><strong>Prezen\u021bi de peste 35 de ani \u00een regiune \u0219i 10 ani \u00een Rom\u00e2nia<\/strong>, navig\u0103m \u00eempreun\u0103 cu partenerii no\u0219tri de \u00eencredere <strong>pe valurile securit\u0103\u021bii<\/strong>! Cu sprijinul lor, prezent\u0103m o serie de solu\u021bii inovatoare \u0219i fiabile pentru siguran\u021b\u0103 \u0219i securitate, dedicate tuturor participan\u021bilor din procesul de protec\u021bie \u2013 instalatori, firme de monitorizare, integratori, proiectan\u021bi \u0219i utilizatori finali.<\/p>\n<p><\/p>\n<p>Vizita\u021bi <strong>standurile Alarm automatika 76, 77 \u0219i 78<\/strong>, precum \u0219i prezent\u0103rile noastre din cadrul Summitului, unde ve\u021bi putea descoperi solu\u021biile noastre complete de securitate \u0219i siguran\u021b\u0103!<\/p>\n<p><\/p>\n<blockquote>\n<h2>Keynote speech \u2013 Tendin\u021be \u00een solu\u021biile de Siguran\u021b\u0103 \u0219i Securitate<\/h2>\n<\/blockquote>\n<p><\/p>\n<blockquote>\n<h5>6 noiembrie 2025, 10:00 \u2013 10:20, Sala principal\u0103<\/h5>\n<\/blockquote>\n<p>[\/et_pb_text][et_pb_team_member name=&#8221;Boris Popovi\u0107, MBA, CEO Alarm automatika, Rijeka&#8221; image_url=&#8221;https:\/\/www.alarmautomatika.com\/wp-content\/uploads\/2025\/10\/Boris_Popovic_portret.png&#8221; _builder_version=&#8221;4.27.4&#8243; _module_preset=&#8221;default&#8221; header_font_size=&#8221;22px&#8221; global_colors_info=&#8221;{}&#8221;]<\/p>\n<p>Dezvoltarea rapid\u0103 a tehnologiei le-a permis profesioni\u0219tilor din domeniul siguran\u021bei \u0219i securit\u0103\u021bii s\u0103 fie extrem de creativi \u00een activitatea zilnic\u0103 de proiectare a solu\u021biilor pentru clien\u021bii lor. Interoperabilitatea tuturor sistemelor tehnice dintr-o cl\u0103dire a crescut semnificativ, ceea ce duce la posibilit\u0103\u021bi nelimitate de extindere a domeniului de aplicare a sistemelor tehnice de securitate \u00een zona managementului afacerii \u2013 de exemplu, consum de energie \u0219i ap\u0103, v\u00e2nz\u0103ri de bilete, parcare sau trafic. C\u00e2teva exemple practice demonstreaz\u0103 c\u0103 elementele de sistem folosite \u00een mod obi\u0219nuit pentru securitate tehnic\u0103 pot fi utilizate pentru mult mai mult dec\u00e2t scopul lor ini\u021bial.<\/p>\n<p>[\/et_pb_team_member][et_pb_text _builder_version=&#8221;4.27.4&#8243; _module_preset=&#8221;default&#8221; header_2_font_size=&#8221;30px&#8221; header_5_font_size=&#8221;22px&#8221; global_colors_info=&#8221;{}&#8221;]<\/p>\n<blockquote>\n<h2>Prezentare INIM Fire &amp; Safety \u2013 Protec\u021bie \u00een evolu\u021bie<\/h2>\n<\/blockquote>\n<p><\/p>\n<blockquote>\n<h5>5 noiembrie 2025, 14:00 \u2013 15:00, Sala James Bond<\/h5>\n<\/blockquote>\n<p><\/p>\n<h6><em><strong>Pentru proiectan\u021bi, inspectori de autorizare \u0219i integratori de sisteme de siguran\u021b\u0103<\/strong><\/em><\/h6>\n<p>[\/et_pb_text][et_pb_team_member name=&#8221;Paul Roman, Director \u0219i Vasile Onica, Project Sales Representative, Alarm automatika Rom\u00e2nia&#8221; image_url=&#8221;https:\/\/www.alarmautomatika.com\/wp-content\/uploads\/2025\/10\/Paul_Roman_Vasile_Onica_portret.png&#8221; _builder_version=&#8221;4.27.4&#8243; _module_preset=&#8221;default&#8221; header_font_size=&#8221;22px&#8221; global_colors_info=&#8221;{}&#8221;]<\/p>\n<p>Sistemele INIM Fire &amp; Safety sunt proiectate pentru a asigura o precizie ridicat\u0103 \u00een detectarea fumului \u0219i a gazelor, semnalizarea alarmelor, interven\u021bia pentru stingerea incendiilor \u0219i evacuarea \u00een siguran\u021b\u0103 a obiectivelor protejate.<\/p>\n<p><\/p>\n<ul>\n<li>Portofoliul de detec\u021bie incendiu \u2013 Gama Previdia: Centrale inteligente cu arhitectur\u0103 scalabil\u0103<\/li>\n<li>Sisteme de aspira\u021bie \u2013 Detec\u021bie timpurie a fumului prin e\u0219antionare continu\u0103 a aerului, ideale pentru medii critice sau cu valoare ridicat\u0103<\/li>\n<li>Sisteme de detec\u021bie wireless &amp; hibride \u2013 Comunicare fiabil\u0103 cu protocoale avansate de securitate, op\u021biune hibrid\u0103 pentru combinarea detectorilor cabla\u021bi \u0219i wireless<\/li>\n<li>Sisteme PAVA \u2013 Public Address &amp; Voice Alarm \u2013 Integrare cu detec\u021bia de incendiu pentru r\u0103spuns automatizat<\/li>\n<\/ul>\n<p>[\/et_pb_team_member][et_pb_button button_url=&#8221;https:\/\/forms.office.com\/e\/AJnx7deGMf&#8221; url_new_window=&#8221;on&#8221; button_text=&#8221;Inregistrati-va&#8221; button_alignment=&#8221;center&#8221; disabled_on=&#8221;off|off|off&#8221; _builder_version=&#8221;4.27.4&#8243; _module_preset=&#8221;default&#8221; custom_button=&#8221;on&#8221; button_text_size=&#8221;14px&#8221; button_font=&#8221;|600|||||||&#8221; button_use_icon=&#8221;off&#8221; custom_padding=&#8221;14px|53px|14px|53px|true|true&#8221; global_colors_info=&#8221;{}&#8221;][\/et_pb_button][et_pb_text _builder_version=&#8221;4.27.4&#8243; _module_preset=&#8221;default&#8221; header_2_font_size=&#8221;30px&#8221; header_5_font_size=&#8221;22px&#8221; global_colors_info=&#8221;{}&#8221;]<\/p>\n<blockquote>\n<h2>Prezentare Ajax \u2013 Noua linie EN54. Regulile respectate. Conven\u021biile dep\u0103\u0219ite.<\/h2>\n<\/blockquote>\n<p><\/p>\n<blockquote>\n<h5>6 noiembrie 2025, 12:00 \u2013 13:00, Sala Sherlock Holmes<\/h5>\n<\/blockquote>\n<p><\/p>\n<h6><em><strong>Pentru instalatori \u0219i firme de monitorizare<\/strong><\/em><\/h6>\n<p>[\/et_pb_text][et_pb_team_member name=&#8221;Alina Filipiuc, Country Manager Rom\u00e2nia, Ajax Systems&#8221; image_url=&#8221;https:\/\/www.alarmautomatika.com\/wp-content\/uploads\/2025\/10\/Alina_Filipiuc_Ajax_portret.png&#8221; _builder_version=&#8221;4.27.4&#8243; _module_preset=&#8221;default&#8221; header_font_size=&#8221;21px&#8221; header_font_size_tablet=&#8221;21px&#8221; header_font_size_phone=&#8221;22px&#8221; header_font_size_last_edited=&#8221;on|phone&#8221; global_colors_info=&#8221;{}&#8221;]<\/p>\n<ul>\n<li>Implementare rapid\u0103 \u2013 instalare \u00een doar c\u00e2teva ore, configurare prin aplica\u021bii intuitive \u0219i mentenan\u021b\u0103 la distan\u021b\u0103<\/li>\n<li>R\u0103spuns instantaneu \u2013 amenin\u021b\u0103rile reale sunt detectate imediat, alarmele false sunt ignorate, iar notific\u0103rile sosesc \u00een mai pu\u021bin de 3 secunde<\/li>\n<li>Un singur ecosistem \u2013 detec\u021bie incendiu, antiefrac\u021bie, video \u0219i automatizare care func\u021bioneaz\u0103 perfect \u00eempreun\u0103<\/li>\n<li>Mai mult dec\u00e2t siguran\u021b\u0103 la incendiu \u2013 certific\u0103ri EN 54 \u0219i EN 50131 (Grad 2) \u00eentr-un singur sistem, oferind protec\u021bie \u0219i func\u021bionalit\u0103\u021bi extinse<\/li>\n<\/ul>\n<p>[\/et_pb_team_member][et_pb_button button_url=&#8221;https:\/\/forms.office.com\/e\/AJnx7deGMf&#8221; url_new_window=&#8221;on&#8221; button_text=&#8221;Inregistrati-va&#8221; button_alignment=&#8221;center&#8221; disabled_on=&#8221;off|off|off&#8221; _builder_version=&#8221;4.27.4&#8243; _module_preset=&#8221;default&#8221; custom_button=&#8221;on&#8221; button_text_size=&#8221;14px&#8221; button_font=&#8221;|600|||||||&#8221; button_use_icon=&#8221;off&#8221; custom_padding=&#8221;14px|53px|14px|53px|true|true&#8221; global_colors_info=&#8221;{}&#8221;][\/et_pb_button][et_pb_text _builder_version=&#8221;4.27.4&#8243; _module_preset=&#8221;default&#8221; header_2_font_size=&#8221;30px&#8221; header_5_font_size=&#8221;23px&#8221; global_colors_info=&#8221;{}&#8221;]<\/p>\n<blockquote>\n<h2>Prezentare DVC \u2013 Solu\u021bie de securitate video complet integrat\u0103, conform\u0103 cu reglement\u0103rile UE &amp; NDAA<\/h2>\n<\/blockquote>\n<p><\/p>\n<blockquote>\n<h5>6 noiembrie 2025, 13:00 \u2013 14:00, Sala Sherlock Holmes<\/h5>\n<\/blockquote>\n<p><\/p>\n<h6><em><strong>Pentru instalatori \u0219i dispecerate video<\/strong><\/em><\/h6>\n<p>[\/et_pb_text][et_pb_team_member name=&#8221;Adrian Croitoru, Wholesale Manager Alarm automatika Rom\u00e2nia \u0219i Franjo Sviben, Technical Support, Alarm automatika Croa\u021bia&#8221; image_url=&#8221;https:\/\/www.alarmautomatika.com\/wp-content\/uploads\/2025\/10\/Adrian_Croitoru_Franjo_Sviben_RSS_2025.jpg&#8221; _builder_version=&#8221;4.27.4&#8243; _module_preset=&#8221;default&#8221; header_font_size=&#8221;22px&#8221; global_colors_info=&#8221;{}&#8221;]<\/p>\n<p>Prezentarea va fi axat\u0103 pe sistemele DVC, ca solu\u021bie de securitate video complet integrat\u0103, conform\u0103 cu reglement\u0103rile UE \u0219i NDAA. Vor fi eviden\u021biate detec\u021bia activ\u0103, iluminarea hibrid\u0103 inteligent\u0103 \u0219i super night vision, precum \u0219i solu\u021biile server NVMS 2.0 pentru sisteme de orice dimensiune.<\/p>\n<p><\/p>\n<ul>\n<li>Acces \u00een cloud<\/li>\n<li>Integrare videointerfonie \u0219i control acces<\/li>\n<li>Planuri de extindere \u0219i inovare pentru consolidarea brandului DVC pe pie\u021bele regionale \u0219i interna\u021bionale<\/li>\n<\/ul>\n<p>[\/et_pb_team_member][et_pb_button button_url=&#8221;https:\/\/forms.office.com\/e\/AJnx7deGMf&#8221; url_new_window=&#8221;on&#8221; button_text=&#8221;Inregistrati-va&#8221; button_alignment=&#8221;center&#8221; disabled_on=&#8221;off|off|off&#8221; _builder_version=&#8221;4.27.4&#8243; _module_preset=&#8221;default&#8221; custom_button=&#8221;on&#8221; button_text_size=&#8221;14px&#8221; button_font=&#8221;|600|||||||&#8221; button_use_icon=&#8221;off&#8221; custom_padding=&#8221;14px|53px|14px|53px|true|true&#8221; global_colors_info=&#8221;{}&#8221;][\/et_pb_button][et_pb_text _builder_version=&#8221;4.27.4&#8243; _module_preset=&#8221;default&#8221; header_2_font_size=&#8221;30px&#8221; header_text_color_tablet=&#8221;&#8221; header_text_color_phone=&#8221;&#8221; header_text_color_last_edited=&#8221;on|phone&#8221; global_colors_info=&#8221;{}&#8221;]<\/p>\n<blockquote>\n<h2>Expozi\u021bie<\/h2>\n<\/blockquote>\n<p><\/p>\n<p>\u00cen zona expozi\u021bional\u0103, vom prezenta at\u00e2t nout\u0103\u021bile din propria ofert\u0103, c\u00e2t \u0219i inova\u021biile partenerilor de \u00eencredere ai Alarm automatika.<\/p>\n<p>[\/et_pb_text][et_pb_image src=&#8221;https:\/\/www.alarmautomatika.com\/wp-content\/uploads\/2025\/10\/RSS-2025-landing-logos-1024px-short_new.jpg&#8221; title_text=&#8221;RSS-2025-landing-logos-1024px-short_new&#8221; align=&#8221;center&#8221; _builder_version=&#8221;4.27.4&#8243; _module_preset=&#8221;default&#8221; global_colors_info=&#8221;{}&#8221;][\/et_pb_image][et_pb_text _builder_version=&#8221;4.27.4&#8243; _module_preset=&#8221;default&#8221; global_colors_info=&#8221;{}&#8221;]<\/p>\n<p>Romanian Security Summit va avea loc \u00een perioada 5 \u2013 6 noiembrie 2025, <a href=\"https:\/\/maps.app.goo.gl\/iLRL9YpUewar4hdq8\" target=\"_blank\" rel=\"noopener\"><strong>Romexpo Exhibition Center, Bulevardul M\u0103r\u0103\u0219ti 65-67, Bucure\u0219ti<\/strong><\/a>, 011465, Rom\u00e2nia, Pavilion C2.<\/p>\n<p>[\/et_pb_text][et_pb_button button_url=&#8221;https:\/\/drive.google.com\/drive\/folders\/1kW4_0UqYZqkElAMStvat6LV6epgYlbU1?usp=sharing&#8221; url_new_window=&#8221;on&#8221; button_text=&#8221;Instruc\u021biunile de \u00eenregistrare&#8221; button_alignment=&#8221;center&#8221; disabled_on=&#8221;off|off|off&#8221; _builder_version=&#8221;4.27.4&#8243; _module_preset=&#8221;default&#8221; custom_button=&#8221;on&#8221; button_text_size=&#8221;14px&#8221; button_font=&#8221;|600|||||||&#8221; button_use_icon=&#8221;off&#8221; custom_padding=&#8221;14px|53px|14px|53px|true|true&#8221; hover_enabled=&#8221;0&#8243; global_colors_info=&#8221;{}&#8221; sticky_enabled=&#8221;0&#8243;][\/et_pb_button][\/et_pb_column][\/et_pb_row][\/et_pb_section]<\/p>\n","protected":false},"excerpt":{"rendered":"<p>Alarm automatika la Romanian Security Summit \u2013 Pe valul securit\u0103\u021bii! Alarm automatika este Partener \u0219i Diamond Sponsor la Romanian Security Summit 2025 \u2013 prima edi\u021bie a summitului regional de securitate din Rom\u00e2nia!Prezen\u021bi de peste 35 de ani \u00een regiune \u0219i 10 ani \u00een Rom\u00e2nia, navig\u0103m \u00eempreun\u0103 cu partenerii no\u0219tri de \u00eencredere pe valurile securit\u0103\u021bii! Cu [&hellip;]<\/p>\n","protected":false},"author":14,"featured_media":0,"parent":0,"menu_order":0,"comment_status":"closed","ping_status":"closed","template":"","meta":{"_et_pb_use_builder":"on","_et_pb_old_content":"","_et_gb_content_width":"","footnotes":""},"class_list":["post-58516","page","type-page","status-publish","hentry"],"_links":{"self":[{"href":"https:\/\/www.alarmautomatika.com\/ro\/wp-json\/wp\/v2\/pages\/58516","targetHints":{"allow":["GET"]}}],"collection":[{"href":"https:\/\/www.alarmautomatika.com\/ro\/wp-json\/wp\/v2\/pages"}],"about":[{"href":"https:\/\/www.alarmautomatika.com\/ro\/wp-json\/wp\/v2\/types\/page"}],"author":[{"embeddable":true,"href":"https:\/\/www.alarmautomatika.com\/ro\/wp-json\/wp\/v2\/users\/14"}],"replies":[{"embeddable":true,"href":"https:\/\/www.alarmautomatika.com\/ro\/wp-json\/wp\/v2\/comments?post=58516"}],"version-history":[{"count":2,"href":"https:\/\/www.alarmautomatika.com\/ro\/wp-json\/wp\/v2\/pages\/58516\/revisions"}],"predecessor-version":[{"id":58782,"href":"https:\/\/www.alarmautomatika.com\/ro\/wp-json\/wp\/v2\/pages\/58516\/revisions\/58782"}],"wp:attachment":[{"href":"https:\/\/www.alarmautomatika.com\/ro\/wp-json\/wp\/v2\/media?parent=58516"}],"curies":[{"name":"wp","href":"https:\/\/api.w.org\/{rel}","templated":true}]}}