{"id":27213,"date":"2020-08-20T14:22:10","date_gmt":"2020-08-20T12:22:10","guid":{"rendered":"https:\/\/www.alarmautomatika.com\/clients\/central-monitoring-stations\/"},"modified":"2023-11-10T09:51:49","modified_gmt":"2023-11-10T08:51:49","slug":"centralna-monitorovacia-stanica-cms","status":"publish","type":"page","link":"https:\/\/www.alarmautomatika.com\/sk\/clients\/centralna-monitorovacia-stanica-cms\/","title":{"rendered":"Centr\u00e1lna monitorovacia stanica (CMS)"},"content":{"rendered":"<p>[et_pb_section fb_built=&#8220;1&#8243; _builder_version=&#8220;4.6.2&#8243; _module_preset=&#8220;default&#8220; background_image=&#8220;https:\/\/www.alarmautomatika.com\/wp-content\/uploads\/2020\/09\/dojavni-centri.jpg&#8220; background_size=&#8220;initial&#8220; background_position=&#8220;top_center&#8220;][et_pb_row _builder_version=&#8220;4.6.0&#8243; _module_preset=&#8220;default&#8220; width=&#8220;95%&#8220;][et_pb_column type=&#8220;4_4&#8243; _builder_version=&#8220;4.6.0&#8243; _module_preset=&#8220;default&#8220;][et_pb_text _builder_version=&#8220;4.6.0&#8243; _dynamic_attributes=&#8220;content&#8220; _module_preset=&#8220;default&#8220; text_font=&#8220;|600|||||||&#8220; text_text_color=&#8220;#ffffff&#8220; text_font_size=&#8220;48px&#8220; text_line_height=&#8220;1.2em&#8220; custom_padding=&#8220;80px|50px||50px|false|true&#8220; text_font_size_tablet=&#8220;40px&#8220; text_font_size_phone=&#8220;32px&#8220; text_font_size_last_edited=&#8220;on|desktop&#8220; text_line_height_tablet=&#8220;&#8220; text_line_height_phone=&#8220;&#8220; text_line_height_last_edited=&#8220;on|phone&#8220; header_font_tablet=&#8220;&#8220; header_font_phone=&#8220;&#8220; header_font_last_edited=&#8220;on|phone&#8220; header_font_size_tablet=&#8220;&#8220; header_font_size_phone=&#8220;&#8220; header_font_size_last_edited=&#8220;on|phone&#8220; header_line_height_tablet=&#8220;&#8220; header_line_height_phone=&#8220;&#8220; header_line_height_last_edited=&#8220;on|desktop&#8220;]@ET-DC@eyJkeW5hbWljIjp0cnVlLCJjb250ZW50IjoicG9zdF90aXRsZSIsInNldHRpbmdzIjp7ImJlZm9yZSI6IiIsImFmdGVyIjoiIn19@[\/et_pb_text][\/et_pb_column][\/et_pb_row][et_pb_row column_structure=&#8220;3_4,1_4&#8243; _builder_version=&#8220;4.6.0&#8243; _module_preset=&#8220;default&#8220; background_color=&#8220;#ffffff&#8220; width=&#8220;95%&#8220; custom_margin=&#8220;20px||||false|false&#8220; custom_margin_tablet=&#8220;10px||||false|false&#8220; custom_margin_phone=&#8220;10px||||false|false&#8220; custom_margin_last_edited=&#8220;on|desktop&#8220; custom_padding=&#8220;50px|50px|50px|50px|true|true&#8220; box_shadow_style=&#8220;preset2&#8243;][et_pb_column type=&#8220;3_4&#8243; _builder_version=&#8220;4.6.0&#8243; _module_preset=&#8220;default&#8220;][et_pb_text _builder_version=&#8220;4.7.4&#8243; _module_preset=&#8220;default&#8220; link_font=&#8220;|600|||||||&#8220; header_2_text_align=&#8220;left&#8220; header_2_font_size=&#8220;30px&#8220; header_2_line_height=&#8220;1.2em&#8220; header_font_size_tablet=&#8220;48px&#8220; header_font_size_phone=&#8220;&#8220; header_font_size_last_edited=&#8220;on|tablet&#8220; header_2_font_size_tablet=&#8220;&#8220; header_2_font_size_phone=&#8220;25px&#8220; header_2_font_size_last_edited=&#8220;on|phone&#8220;]<\/p>\n<blockquote>\n<h2>Softv\u00e9r ABsistemDC (NG) na centraliz\u00e1ciu poplachov\u00fdch sign\u00e1lov<\/h2>\n<\/blockquote>\n<p>Softv\u00e9r ABsistemDC (NG) zabezpe\u010duje spo\u013eahliv\u00fd pr\u00edjem a spracovanie poplachov\u00fdch sign\u00e1lov v monitorovac\u00edch staniciach. Pou\u017e\u00edva ho v\u00e4\u010d\u0161ina CMS v regi\u00f3ne v\u010faka mo\u017enostiam prisp\u00f4sobenia potreb\u00e1m pou\u017e\u00edvate\u013eov a pokro\u010dil\u00fdm funkcionalit\u00e1m (overovanie videom, viacjazy\u010dnos\u0165, doh\u013ead bezpe\u010dnostnej slu\u017eby).<\/p>\n<blockquote>\n<h2>B2B online platforma<\/h2>\n<\/blockquote>\n<p>B2B online platforma u\u013eah\u010duje CMS poskytovanie slu\u017eieb in\u0161tal\u00e1cie technick\u00e9ho zabezpe\u010denia. Postupy objedn\u00e1vania a pr\u00edpravy cenov\u00fdch pon\u00fak s\u00fa naozaj zjednodu\u0161en\u00e9 a v\u0161etka potrebn\u00e1 dokument\u00e1cia je dostupn\u00e1 online na v\u0161etk\u00fdch zariadeniach a opera\u010dn\u00fdch syst\u00e9moch 24\/7\/365.<\/p>\n<blockquote>\n<h2>ABsistemDC (NG) software update<\/h2>\n<\/blockquote>\n<p>Aktualiz\u00e1cie softv\u00e9ru ABsistemDC (NG) o nov\u00e9 verzie a funkcie je mo\u017en\u00e9 vykon\u00e1va\u0165 online alebo v priestoroch CMS. Modul\u00e1rna koncepcia umo\u017e\u0148uje CMS aktualizova\u0165 softv\u00e9r alebo ho aktualizova\u0165 o nov\u00e9 funkcie, okam\u017eite, ke\u010f to bude potrebn\u00e9.<\/p>\n<blockquote>\n<h2>\u0160kolenia oper\u00e1torov pre pr\u00e1cu so softv\u00e9rom ABsistemDC (NG).<\/h2>\n<\/blockquote>\n<p>Po\u010das implement\u00e1cie softv\u00e9ru ABsistemDC (NG) prebieha aj \u0161kolenie oper\u00e1torov. V pr\u00edpade potreby sa m\u00f4\u017ee zorganizova\u0165 \u0161kolenie pre nov\u00fdch zamestnancov a na implement\u00e1ciu nov\u00fdch modulov a funkci\u00ed.<\/p>\n<blockquote>\n<h2>Technick\u00e1 Podpora<\/h2>\n<\/blockquote>\n<p>Oper\u00e1tori technickej bezpe\u010dnosti z CMS maj\u00fa pr\u00edstup ku kompletnej technickej podpore pre v\u0161etky syst\u00e9my v ponuke Alarm automatiz\u00e1cie. Okrem telefonickej a online podpory m\u00f4\u017eu by\u0165 inform\u00e1ce aj v zariadeniach koncov\u00fdch pou\u017e\u00edvate\u013eov.<\/p>\n<blockquote>\n<h2>\u0160irok\u00e1 ponuka technick\u00fdch bezpe\u010dnostn\u00fdch syst\u00e9mov na b\u00e1ze modern\u00fdch technol\u00f3gi\u00ed<\/h2>\n<\/blockquote>\n<p>Jeden zdroj ve\u013ekej ponuky zabezpe\u010dovac\u00edch zariaden\u00ed garantuje mont\u00e1\u017enikom, \u017ee na jednom mieste n\u00e1jdu v\u0161etko, \u010do potrebuj\u00fa na vytvorenie plne funk\u010dn\u00e9ho technick\u00e9ho zabezpe\u010dovacieho syst\u00e9mu. Technick\u00e9 oddelenie testuje spo\u013eahlivos\u0165 zariaden\u00ed a celkov\u00fa funk\u010dnos\u0165 v\u0161etk\u00fdch syst\u00e9mov, a preto sa na trh dost\u00e1vaj\u00fa len overen\u00e9 a spo\u013eahliv\u00e9 bezpe\u010dnostn\u00e9 rie\u0161enia. Kompletn\u00e1 ponuka je ka\u017edoro\u010dne spracovan\u00e1 vo forme katal\u00f3gu osved\u010den\u00fdch bezpe\u010dnostn\u00fdch rie\u0161en\u00ed iDEA Classic.<\/p>\n<blockquote>\n<h2>Servis a v\u00fdmena zariaden\u00ed<\/h2>\n<\/blockquote>\n<p>Alarm automatika ako v\u00fdrobca a autorizovan\u00fd distrib\u00fator zabezpe\u010duje servis v\u0161etk\u00fdch produktov v portf\u00f3liu v z\u00e1ru\u010dnej dobe aj mimo nej. Servis sa vykon\u00e1va na z\u00e1klade predpokladan\u00e9ho trvania a n\u00e1kladov na opravy. Ak je to potrebn\u00e9, m\u00f4\u017ee by\u0165 in\u0161tala\u010dnej firme poskytnut\u00fd n\u00e1hradn\u00fd produkt.<\/p>\n<blockquote>\n<h2>Technick\u00e1 a u\u017e\u00edvate\u013esk\u00e1 dokument\u00e1cia<\/h2>\n<\/blockquote>\n<p>Ku v\u0161etk\u00fdm pon\u00fakan\u00fdm produktom je poskytnut\u00e1 kompletn\u00e1 dokument\u00e1cia &#8211; o ich vlastnostiach, certifik\u00e1toch v\u00fdrobcu, vyhl\u00e1seniach o zhode, mont\u00e1\u017ei a n\u00e1vody pre koncov\u00e9ho u\u017e\u00edvate\u013ea.<\/p>\n<p>[\/et_pb_text][\/et_pb_column][et_pb_column type=&#8220;1_4&#8243; _builder_version=&#8220;4.6.0&#8243; _module_preset=&#8220;default&#8220; custom_padding_tablet=&#8220;&#8220; custom_padding_phone=&#8220;&#8220; custom_padding_last_edited=&#8220;on|phone&#8220;][et_pb_image src=&#8220;https:\/\/www.alarmautomatika.com\/wp-content\/uploads\/2020\/10\/idea-classic-logo-home-banner.png&#8220; alt=&#8220;iDEA Classic&#8220; title_text=&#8220;iDEA Classic&#8220; align=&#8220;center&#8220; _builder_version=&#8220;4.7.4&#8243; _module_preset=&#8220;default&#8220;][\/et_pb_image][et_pb_accordion module_class=&#8220;idea-value-propositions&#8220; _builder_version=&#8220;4.9.0&#8243; _module_preset=&#8220;default&#8220; global_module=&#8220;8295&#8243;][et_pb_accordion_item title=&#8220;Blank&#8220; open=&#8220;on&#8220; _builder_version=&#8220;4.9.0&#8243; _module_preset=&#8220;default&#8220; custom_css_main_element=&#8220;display:none;&#8220;][\/et_pb_accordion_item][et_pb_accordion_item title=&#8220;Clients&#8220; _builder_version=&#8220;4.9.0&#8243; _module_preset=&#8220;default&#8220;]<\/p>\n<p><a href=\"https:\/\/www.alarmautomatika.com\/sk\/clients\/montazne-firmy-s-licenciou\/\">Instalateri tehni\u010dke za\u0161tite<\/a><\/p>\n<p><a href=\"https:\/\/www.alarmautomatika.com\/sk\/clients\/centralna-monitorovacia-stanica-cms\/\">Dojavni centri<\/a><\/p>\n<p><a href=\"https:\/\/www.alarmautomatika.com\/sk\/clients\/electricians\/\">Elektri\u010dari<\/a><\/p>\n<p><a href=\"https:\/\/www.alarmautomatika.com\/sk\/clients\/electrical-appliances-and-computers-stores-web-shops\/\">Trgovine elektromaterijalom i IT opremom, internet trgovine<\/a><\/p>\n<p>[\/et_pb_accordion_item][et_pb_accordion_item title=&#8220;Products&#8220; _builder_version=&#8220;4.9.0&#8243; _module_preset=&#8220;default&#8220;]<\/p>\n<p><a href=\"https:\/\/www.alarmautomatika.com\/sk\/produkty\/video\/\">Videonadzor<\/a><\/p>\n<p><a href=\"https:\/\/www.alarmautomatika.com\/sk\/produkty\/systemy-proti-vniknutiu-a-vlamaniu\/\">Protuprovala i protuprepad<\/a><\/p>\n<p><a href=\"https:\/\/www.alarmautomatika.com\/sk\/produkty\/video-interkom\/\">Videointerfoni<\/a><\/p>\n<p><a href=\"https:\/\/www.alarmautomatika.com\/sk\/produkty\/access-and-time-attendance-control\/\">Kontrola pristupa i evidencija radnog vremena<\/a><\/p>\n<p><a href=\"https:\/\/www.alarmautomatika.com\/sk\/produkty\/audio-riesenia\/\">Audio rje\u0161enja<\/a><\/p>\n<p><a href=\"https:\/\/www.alarmautomatika.com\/sk\/produkty\/automation-for-gates-doors-and-barriers\/\">Automatske rampe i vrata<\/a><\/p>\n<p><a href=\"https:\/\/www.alarmautomatika.com\/sk\/produkty\/centralna-monitorovacia-stationica-cms\/\">Oprema za dojavne centre<\/a><\/p>\n<p><a href=\"https:\/\/www.alarmautomatika.com\/sk\/produkty\/poziarne-a-plynove-poplachove-systemy\/\">Dojava po\u017eara i plina<\/a><\/p>\n<p>[\/et_pb_accordion_item][et_pb_accordion_item title=&#8220;Softwares&#8220; _builder_version=&#8220;4.9.0&#8243; _module_preset=&#8220;default&#8220;]<\/p>\n<p><a href=\"https:\/\/www.alarmautomatika.com\/sk\/softwares\/reception-and-processing\/\">Prijem i obrada signala alarma<\/a><\/p>\n<p>[\/et_pb_accordion_item][et_pb_accordion_item title=&#8220;Services&#8220; _builder_version=&#8220;4.9.0&#8243; _module_preset=&#8220;default&#8220;]<\/p>\n<p><a href=\"https:\/\/www.alarmautomatika.com\/sk\/services\/the-one-stop-source-concept\/#prodajna-i-tehnicka-podrska\" data-et-has-event-already=\"true\">Prodajna i tehni\u010dka podr\u0161ka<\/a><\/p>\n<p><a href=\"https:\/\/www.alarmautomatika.com\/sk\/services\/the-one-stop-source-concept\/#oprema-na-skladistu\" data-et-has-event-already=\"true\">Oprema na skladi\u0161tu<\/a><\/p>\n<p><a href=\"https:\/\/www.alarmautomatika.com\/sk\/services\/the-one-stop-source-concept\/#edukacija-instalatera\" data-et-has-event-already=\"true\">Edukacija instalatera<\/a><\/p>\n<p><a href=\"https:\/\/www.alarmautomatika.com\/sk\/services\/the-one-stop-source-concept\/#b2b-online-platforma\" data-et-has-event-already=\"true\">B2B online platforma<\/a><\/p>\n<p><a href=\"https:\/\/www.alarmautomatika.com\/sk\/services\/the-one-stop-source-concept\/#servis\" data-et-has-event-already=\"true\">Servis<\/a><\/p>\n<p><a href=\"https:\/\/www.alarmautomatika.com\/sk\/services\/the-one-stop-source-concept\/#idea-classic-katalog\" data-et-has-event-already=\"true\">iDEA Classic katalog<\/a><\/p>\n<p>[\/et_pb_accordion_item][et_pb_accordion_item title=&#8220;Platform&#8220; _builder_version=&#8220;4.9.0&#8243; _module_preset=&#8220;default&#8220;]<\/p>\n<p><a href=\"https:\/\/www.alarmautomatika.com\/sk\/platforma\/#b2b-platforma\" data-et-has-event-already=\"true\">Jedinstvena B2B platforma koja \u0161tedi vrijeme<\/a><\/p>\n<p>[\/et_pb_accordion_item][\/et_pb_accordion][\/et_pb_column][\/et_pb_row][\/et_pb_section]<\/p>\n","protected":false},"excerpt":{"rendered":"<p>Softv\u00e9r ABsistemDC (NG) na centraliz\u00e1ciu poplachov\u00fdch sign\u00e1lov Softv\u00e9r ABsistemDC (NG) zabezpe\u010duje spo\u013eahliv\u00fd pr\u00edjem a spracovanie poplachov\u00fdch sign\u00e1lov v monitorovac\u00edch staniciach. Pou\u017e\u00edva ho v\u00e4\u010d\u0161ina CMS v regi\u00f3ne v\u010faka mo\u017enostiam prisp\u00f4sobenia potreb\u00e1m pou\u017e\u00edvate\u013eov a pokro\u010dil\u00fdm funkcionalit\u00e1m (overovanie videom, viacjazy\u010dnos\u0165, doh\u013ead bezpe\u010dnostnej slu\u017eby). B2B online platforma B2B online platforma u\u013eah\u010duje CMS poskytovanie slu\u017eieb in\u0161tal\u00e1cie technick\u00e9ho zabezpe\u010denia. Postupy objedn\u00e1vania [&hellip;]<\/p>\n","protected":false},"author":15,"featured_media":0,"parent":27206,"menu_order":0,"comment_status":"closed","ping_status":"closed","template":"","meta":{"_et_pb_use_builder":"on","_et_pb_old_content":"","_et_gb_content_width":"","footnotes":""},"class_list":["post-27213","page","type-page","status-publish","hentry"],"_links":{"self":[{"href":"https:\/\/www.alarmautomatika.com\/sk\/wp-json\/wp\/v2\/pages\/27213","targetHints":{"allow":["GET"]}}],"collection":[{"href":"https:\/\/www.alarmautomatika.com\/sk\/wp-json\/wp\/v2\/pages"}],"about":[{"href":"https:\/\/www.alarmautomatika.com\/sk\/wp-json\/wp\/v2\/types\/page"}],"author":[{"embeddable":true,"href":"https:\/\/www.alarmautomatika.com\/sk\/wp-json\/wp\/v2\/users\/15"}],"replies":[{"embeddable":true,"href":"https:\/\/www.alarmautomatika.com\/sk\/wp-json\/wp\/v2\/comments?post=27213"}],"version-history":[{"count":2,"href":"https:\/\/www.alarmautomatika.com\/sk\/wp-json\/wp\/v2\/pages\/27213\/revisions"}],"predecessor-version":[{"id":50431,"href":"https:\/\/www.alarmautomatika.com\/sk\/wp-json\/wp\/v2\/pages\/27213\/revisions\/50431"}],"up":[{"embeddable":true,"href":"https:\/\/www.alarmautomatika.com\/sk\/wp-json\/wp\/v2\/pages\/27206"}],"wp:attachment":[{"href":"https:\/\/www.alarmautomatika.com\/sk\/wp-json\/wp\/v2\/media?parent=27213"}],"curies":[{"name":"wp","href":"https:\/\/api.w.org\/{rel}","templated":true}]}}