{"id":27234,"date":"2020-08-20T13:23:53","date_gmt":"2020-08-20T11:23:53","guid":{"rendered":"https:\/\/www.alarmautomatika.com\/clients\/industry-and-large-infrastructure-facilities\/"},"modified":"2023-11-10T09:51:29","modified_gmt":"2023-11-10T08:51:29","slug":"priemysel-a-velke-infrastrukturne-zariadenia","status":"publish","type":"page","link":"https:\/\/www.alarmautomatika.com\/sk\/clients\/priemysel-a-velke-infrastrukturne-zariadenia\/","title":{"rendered":"Priemysel a ve\u013ek\u00e9 infra\u0161trukt\u00farne zariadenia"},"content":{"rendered":"<p>[et_pb_section fb_built=&#8220;1&#8243; _builder_version=&#8220;4.6.2&#8243; _module_preset=&#8220;default&#8220; background_image=&#8220;https:\/\/www.alarmautomatika.com\/wp-content\/uploads\/2020\/09\/kriticna-infrastruktura.jpg&#8220; background_size=&#8220;initial&#8220; background_position=&#8220;top_center&#8220; global_colors_info=&#8220;{}&#8220;][et_pb_row _builder_version=&#8220;4.6.0&#8243; _module_preset=&#8220;default&#8220; width=&#8220;95%&#8220; global_colors_info=&#8220;{}&#8220;][et_pb_column type=&#8220;4_4&#8243; _builder_version=&#8220;4.6.0&#8243; _module_preset=&#8220;default&#8220; global_colors_info=&#8220;{}&#8220;][et_pb_text _builder_version=&#8220;4.6.0&#8243; _dynamic_attributes=&#8220;content&#8220; _module_preset=&#8220;default&#8220; text_font=&#8220;|600|||||||&#8220; text_text_color=&#8220;#ffffff&#8220; text_font_size=&#8220;48px&#8220; text_line_height=&#8220;1.2em&#8220; custom_padding=&#8220;80px|50px||50px|false|true&#8220; text_font_size_tablet=&#8220;40px&#8220; text_font_size_phone=&#8220;32px&#8220; text_font_size_last_edited=&#8220;on|desktop&#8220; text_line_height_tablet=&#8220;&#8220; text_line_height_phone=&#8220;&#8220; text_line_height_last_edited=&#8220;on|phone&#8220; header_font_tablet=&#8220;&#8220; header_font_phone=&#8220;&#8220; header_font_last_edited=&#8220;on|phone&#8220; header_font_size_tablet=&#8220;&#8220; header_font_size_phone=&#8220;&#8220; header_font_size_last_edited=&#8220;on|phone&#8220; header_line_height_tablet=&#8220;&#8220; header_line_height_phone=&#8220;&#8220; header_line_height_last_edited=&#8220;on|desktop&#8220; global_colors_info=&#8220;{}&#8220;]@ET-DC@eyJkeW5hbWljIjp0cnVlLCJjb250ZW50IjoicG9zdF90aXRsZSIsInNldHRpbmdzIjp7ImJlZm9yZSI6IiIsImFmdGVyIjoiIn19@[\/et_pb_text][\/et_pb_column][\/et_pb_row][et_pb_row column_structure=&#8220;3_4,1_4&#8243; _builder_version=&#8220;4.6.0&#8243; _module_preset=&#8220;default&#8220; background_color=&#8220;#ffffff&#8220; width=&#8220;95%&#8220; custom_margin=&#8220;20px||||false|false&#8220; custom_margin_tablet=&#8220;10px||||false|false&#8220; custom_margin_phone=&#8220;10px||||false|false&#8220; custom_margin_last_edited=&#8220;on|desktop&#8220; custom_padding=&#8220;50px|50px|50px|50px|true|true&#8220; box_shadow_style=&#8220;preset2&#8243; global_colors_info=&#8220;{}&#8220;][et_pb_column type=&#8220;3_4&#8243; _builder_version=&#8220;4.6.0&#8243; _module_preset=&#8220;default&#8220; global_colors_info=&#8220;{}&#8220;][et_pb_text _builder_version=&#8220;4.14.7&#8243; _module_preset=&#8220;default&#8220; header_2_text_align=&#8220;left&#8220; header_2_font_size=&#8220;30px&#8220; header_2_line_height=&#8220;1.2em&#8220; hover_enabled=&#8220;0&#8243; header_font_size_tablet=&#8220;48px&#8220; header_font_size_phone=&#8220;&#8220; header_font_size_last_edited=&#8220;on|tablet&#8220; header_2_font_size_tablet=&#8220;&#8220; header_2_font_size_phone=&#8220;25px&#8220; header_2_font_size_last_edited=&#8220;on|phone&#8220; global_colors_info=&#8220;{}&#8220; sticky_enabled=&#8220;0&#8243;]<\/p>\n<blockquote>\n<h2>\u0160peci\u00e1lne navrhnut\u00e9 a certifikovan\u00e9 zariadenia<\/h2>\n<\/blockquote>\n<p>V\u0161etky zariadenia pou\u017e\u00edvan\u00e9 v priemyseln\u00fdch a ve\u013ek\u00fdch infra\u0161trukt\u00farnych zariadeniach by mali by\u0165 vhodn\u00e9 na pr\u00e1cu v n\u00e1ro\u010dn\u00fdch podmienkach a vonku. Pre ur\u010dit\u00e9 aplik\u00e1cie mus\u00ed ma\u0165 aj \u0161pecifick\u00e9 certifik\u00e1ty.<\/p>\n<blockquote>\n<h2>vozidiel na rampy a protiteroristick\u00e9 bari\u00e9ry<\/h2>\n<\/blockquote>\n<p>Okrem be\u017en\u00fdch z\u00e1bran sa v rizikov\u00fdch aplik\u00e1ci\u00e1ch pou\u017e\u00edvaj\u00fa mechanick\u00e9 z\u00e1brany r\u00f4znej odolnosti a vyhotovenia (pevn\u00e9, zdv\u00edhacie, posuvn\u00e9, protiteroristick\u00e9) na zastavenie neopr\u00e1vnen\u00fdch pokusov vozidiel vjazdu do zabezpe\u010den\u00e9ho perimetra.<\/p>\n<blockquote>\n<h2>Po\u010d\u00edtanie \u013eud\u00ed<\/h2>\n<\/blockquote>\n<p>ABsistemCounter poskytuje inform\u00e1cie o aktu\u00e1lnom po\u010dte os\u00f4b v zariaden\u00ed, ako aj r\u00f4zne n\u00e1sledn\u00e9 anal\u00fdzy. Zhroma\u017eden\u00e9 \u00fadaje umo\u017e\u0148uj\u00fa lep\u0161ie riadenie objektu z h\u013eadiska organiz\u00e1cie podnikania a zvy\u0161uj\u00fa \u00farove\u0148 bezpe\u010dnosti z h\u013eadiska riadenia evaku\u00e1cie po\u010das kr\u00edzov\u00fdch situ\u00e1ci\u00ed, kedy je d\u00f4le\u017eit\u00e9 vedie\u0165, ko\u013eko \u013eud\u00ed sa v ur\u010dit\u00fdch priestoroch nach\u00e1dza.<\/p>\n<blockquote>\n<h2>Obvodov\u00e1 ochrana<\/h2>\n<\/blockquote>\n<p>Na ochranu ve\u013ek\u00fdch otvoren\u00fdch priestorov a vzdialen\u00fdch perimetrov sa pou\u017e\u00edvaj\u00fa vibra\u010dn\u00e9 detektory namontovan\u00e9 na plotoch, videoanalytick\u00e9 alebo optick\u00e9 k\u00e1ble, ktor\u00e9 s\u00fa zakopan\u00e9 v zemi alebo umiestnen\u00e9 nad chr\u00e1nen\u00fdmi objektmi.<\/p>\n<blockquote>\n<h2>Termokamery<\/h2>\n<\/blockquote>\n<p>Termokamery monitoruj\u00fa ve\u013ek\u00e9 otvoren\u00e9 a slabo osvetlen\u00e9 priestory. Pou\u017e\u00edvaj\u00fa sa na hrani\u010dn\u00fd dozor (detekcia pohybu na ve\u013ek\u00e9 vzdialenosti v noci) alebo technologick\u00fd dozor tepeln\u00fdch elektr\u00e1rn\u00ed (deteguj\u00fa zv\u00fd\u0161enie teploty).<\/p>\n<blockquote>\n<h2>\u0160peci\u00e1lne met\u00f3dy detekcie po\u017eiaru (aspir\u00e1cia, OSID)<\/h2>\n<\/blockquote>\n<p>\u0160peci\u00e1lne met\u00f3dy detekcie po\u017eiaru, ako je aspir\u00e1cia (odber vzduchu) alebo OSID bari\u00e9ry pre ve\u013ek\u00e9 priestory sa pou\u017e\u00edvaj\u00fa v prev\u00e1dzkach a skladoch kv\u00f4li pr\u00edtomnosti ve\u013ek\u00e9ho mno\u017estva \u010dast\u00edc vo vzduchu.<\/p>\n<blockquote>\n<h2>Dokument\u00e1cia aplikovan\u00fdch bezpe\u010dnostn\u00fdch opatren\u00ed<\/h2>\n<\/blockquote>\n<p>Hodnotenie bezpe\u010dnostnej zranite\u013enosti a projekt technickej bezpe\u010dnosti s\u00fa z\u00e1kladom pre neskor\u0161ie aktualiz\u00e1cie a \u00fadr\u017ebu syst\u00e9mu. S\u00fa\u010das\u0165ou dokument\u00e1cie s\u00fa aj certifik\u00e1ty zariaden\u00ed, ako aj z\u00e1znamy a pracovn\u00e9 pr\u00edkazy s\u00favisiace s opravami a servisom.<\/p>\n<blockquote>\n<h2>\u00dadr\u017eba a centr\u00e1lne technick\u00e9 monitorovanie (CTM)<\/h2>\n<\/blockquote>\n<p>Dia\u013ekov\u00e9 monitorovanie spr\u00e1vnosti a stability bezpe\u010dnostn\u00fdch syst\u00e9mov prostredn\u00edctvom slu\u017eby CTM umo\u017e\u0148uje r\u00fdchle odstr\u00e1nenie v\u0161etk\u00fdch zisten\u00fdch nezrovnalost\u00ed. Technick\u00fa podporu a organiz\u00e1ciu opr\u00e1v zabezpe\u010duje t\u00edm \u00fadr\u017eby.<\/p>\n<p>[\/et_pb_text][\/et_pb_column][et_pb_column type=&#8220;1_4&#8243; _builder_version=&#8220;4.6.0&#8243; _module_preset=&#8220;default&#8220; custom_padding_tablet=&#8220;&#8220; custom_padding_phone=&#8220;&#8220; custom_padding_last_edited=&#8220;on|phone&#8220; global_colors_info=&#8220;{}&#8220;][et_pb_image src=&#8220;https:\/\/www.alarmautomatika.com\/wp-content\/uploads\/2020\/10\/idea-solution-logo-home-banner.png&#8220; alt=&#8220;iDEA Solution&#8220; title_text=&#8220;iDEA Solution&#8220; align=&#8220;center&#8220; _builder_version=&#8220;4.7.4&#8243; _module_preset=&#8220;default&#8220; global_colors_info=&#8220;{}&#8220;][\/et_pb_image][et_pb_accordion module_class=&#8220;idea-value-propositions&#8220; _builder_version=&#8220;4.9.0&#8243; _module_preset=&#8220;default&#8220; global_module=&#8220;8292&#8243; global_colors_info=&#8220;{}&#8220;][et_pb_accordion_item title=&#8220;Blank&#8220; open=&#8220;on&#8220; _builder_version=&#8220;4.9.0&#8243; _module_preset=&#8220;default&#8220; custom_css_main_element=&#8220;display:none;&#8220; global_colors_info=&#8220;{}&#8220;][\/et_pb_accordion_item][et_pb_accordion_item title=&#8220;Clients&#8220; _builder_version=&#8220;4.9.0&#8243; _module_preset=&#8220;default&#8220; global_colors_info=&#8220;{}&#8220; open=&#8220;off&#8220;]<\/p>\n<p><a href=\"https:\/\/www.alarmautomatika.com\/sk\/clients\/banky-a-financne-institucie\/\">Banke i financijske institucije<\/a><\/p>\n<p><a href=\"https:\/\/www.alarmautomatika.com\/sk\/clients\/hotely\/\">Hoteli<\/a><\/p>\n<p><a href=\"https:\/\/www.alarmautomatika.com\/sk\/clients\/nakupne-centra\/\">Trgova\u010dki centri<\/a><\/p>\n<p><a href=\"https:\/\/www.alarmautomatika.com\/sk\/clients\/verejne-a-obchodne-zariadenia\/\">Javni i poslovni objekti<\/a><\/p>\n<p><a href=\"https:\/\/www.alarmautomatika.com\/sk\/clients\/priemysel-a-velke-infrastrukturne-zariadenia\/\">Industrija i kriti\u010dna infrastruktura<\/a><\/p>\n<p><a href=\"https:\/\/www.alarmautomatika.com\/sk\/clients\/public-areas-and-facilities\/\">Javne povr\u0161ine i prostori<\/a><\/p>\n<p>[\/et_pb_accordion_item][et_pb_accordion_item title=&#8220;Products&#8220; _builder_version=&#8220;4.9.0&#8243; _module_preset=&#8220;default&#8220; global_colors_info=&#8220;{}&#8220; open=&#8220;off&#8220;]<\/p>\n<p><a href=\"https:\/\/www.alarmautomatika.com\/sk\/produkty\/analytika-videa-a-umela-inteligencia\/\">Videoanalitika i umjetna inteligencija<\/a><\/p>\n<p><a href=\"https:\/\/www.alarmautomatika.com\/sk\/produkty\/termovizia-a-obvodova-ochrana\/\">Termovizija i za\u0161tita perimetra<\/a><\/p>\n<p><a href=\"https:\/\/www.alarmautomatika.com\/sk\/produkty\/pokrocile-systemy-kontroly-pristupu\/\">Napredni sustavi kontrole pristupa<\/a><\/p>\n<p><a href=\"https:\/\/www.alarmautomatika.com\/en\/products\/electronic-article-surveillance\/\">Elektroni\u010dka za\u0161tita artikala od kra\u0111e<\/a><\/p>\n<p><a href=\"https:\/\/www.alarmautomatika.com\/sk\/produkty\/inteligentne-riadenie-dopravy-a-parkovania\/\">Inteligentno upravljanje prometom i parkingom<\/a><\/p>\n<p><a href=\"https:\/\/www.alarmautomatika.com\/sk\/produkty\/bms-a-systemy-facility-managementu\/\">BMS i upravljanje sustavima na objektu<\/a><\/p>\n<p>[\/et_pb_accordion_item][et_pb_accordion_item title=&#8220;Softwares&#8220; _builder_version=&#8220;4.9.0&#8243; _module_preset=&#8220;default&#8220; global_colors_info=&#8220;{}&#8220; open=&#8220;off&#8220;]<\/p>\n<p><a href=\"https:\/\/www.alarmautomatika.com\/sk\/softwares\/intelligent-management-and-control\/#izdavanje-ulaznica\" data-et-has-event-already=\"true\">Izdavanje ulaznica<\/a><\/p>\n<p><a href=\"https:\/\/www.alarmautomatika.com\/sk\/softwares\/intelligent-management-and-control\/#brojanje-ljudi\" data-et-has-event-already=\"true\">Brojanje ljudi<\/a><\/p>\n<p><a href=\"https:\/\/www.alarmautomatika.com\/sk\/softwares\/intelligent-management-and-control\/#rezervacija-soba\" data-et-has-event-already=\"true\">Rezervacija soba<\/a><\/p>\n<p><a href=\"https:\/\/www.alarmautomatika.com\/sk\/softwares\/intelligent-management-and-control\/#parking-rjesenja\" data-et-has-event-already=\"true\">Parking rje\u0161enja<\/a><\/p>\n<p><a href=\"https:\/\/www.alarmautomatika.com\/sk\/softwares\/intelligent-management-and-control\/#upravljanje-prometom\" data-et-has-event-already=\"true\">Upravljanje prometom<\/a><\/p>\n<p><a href=\"https:\/\/www.alarmautomatika.com\/sk\/softwares\/intelligent-management-and-control\/#upravljanje-posjetiteljima\" data-et-has-event-already=\"true\">Upravljanje posjetiteljima<\/a><\/p>\n<p><a href=\"https:\/\/www.alarmautomatika.com\/sk\/softwares\/intelligent-management-and-control\/#nadzor-na-pretovarnim-stanicama\" data-et-has-event-already=\"true\">Nadzor na pretovarnim stanicama<\/a><\/p>\n<p>[\/et_pb_accordion_item][et_pb_accordion_item title=&#8220;Services&#8220; _builder_version=&#8220;4.9.0&#8243; _module_preset=&#8220;default&#8220; global_colors_info=&#8220;{}&#8220; open=&#8220;off&#8220;]<\/p>\n<p><a href=\"https:\/\/www.alarmautomatika.com\/sk\/services\/professional-services-for-complex-projects\/#projektiranje\" data-et-has-event-already=\"true\">Projektiranje<\/a><\/p>\n<p><a href=\"https:\/\/www.alarmautomatika.com\/sk\/services\/professional-services-for-complex-projects\/#prosudba-ugrozenosti-i-elaborat-mjera-sigurnosti\" data-et-has-event-already=\"true\">Prosudba ugro\u017eenosti i elaborat mjera sigurnosti<\/a><\/p>\n<p><a href=\"https:\/\/www.alarmautomatika.com\/sk\/services\/professional-services-for-complex-projects\/#konzalting\" data-et-has-event-already=\"true\">Konzalting<\/a><\/p>\n<p><a href=\"https:\/\/www.alarmautomatika.com\/sk\/services\/professional-services-for-complex-projects\/#nadzor-nad-izvodjenjem\" data-et-has-event-already=\"true\">Nadzor nad izvo\u0111enjem<\/a><\/p>\n<p><a href=\"https:\/\/www.alarmautomatika.com\/sk\/services\/professional-services-for-complex-projects\/#koordinacija-i-vodjenje-projekata\" data-et-has-event-already=\"true\">Koordinacija i vo\u0111enje projekata<\/a><\/p>\n<p><a href=\"https:\/\/www.alarmautomatika.com\/sk\/services\/professional-services-for-complex-projects\/#softverska-integracija\" data-et-has-event-already=\"true\">Softverska integracija i ukla\u0161anje u IKT<\/a><\/p>\n<p>[\/et_pb_accordion_item][et_pb_accordion_item title=&#8220;Platform&#8220; _builder_version=&#8220;4.9.0&#8243; _module_preset=&#8220;default&#8220; global_colors_info=&#8220;{}&#8220; open=&#8220;off&#8220;]<\/p>\n<p><a href=\"https:\/\/www.alarmautomatika.com\/sk\/platform\/#razmjena-znanja\" data-et-has-event-already=\"true\">Platforma za razmjenu znanja sudionika procesa gra\u0111enja<\/a><\/p>\n<p>[\/et_pb_accordion_item][\/et_pb_accordion][\/et_pb_column][\/et_pb_row][\/et_pb_section]<\/p>\n","protected":false},"excerpt":{"rendered":"<p>\u0160peci\u00e1lne navrhnut\u00e9 a certifikovan\u00e9 zariadenia V\u0161etky zariadenia pou\u017e\u00edvan\u00e9 v priemyseln\u00fdch a ve\u013ek\u00fdch infra\u0161trukt\u00farnych zariadeniach by mali by\u0165 vhodn\u00e9 na pr\u00e1cu v n\u00e1ro\u010dn\u00fdch podmienkach a vonku. Pre ur\u010dit\u00e9 aplik\u00e1cie mus\u00ed ma\u0165 aj \u0161pecifick\u00e9 certifik\u00e1ty. vozidiel na rampy a protiteroristick\u00e9 bari\u00e9ry Okrem be\u017en\u00fdch z\u00e1bran sa v rizikov\u00fdch aplik\u00e1ci\u00e1ch pou\u017e\u00edvaj\u00fa mechanick\u00e9 z\u00e1brany r\u00f4znej odolnosti a vyhotovenia (pevn\u00e9, zdv\u00edhacie, [&hellip;]<\/p>\n","protected":false},"author":15,"featured_media":0,"parent":27206,"menu_order":0,"comment_status":"closed","ping_status":"closed","template":"","meta":{"_et_pb_use_builder":"on","_et_pb_old_content":"","_et_gb_content_width":"","footnotes":""},"class_list":["post-27234","page","type-page","status-publish","hentry"],"_links":{"self":[{"href":"https:\/\/www.alarmautomatika.com\/sk\/wp-json\/wp\/v2\/pages\/27234","targetHints":{"allow":["GET"]}}],"collection":[{"href":"https:\/\/www.alarmautomatika.com\/sk\/wp-json\/wp\/v2\/pages"}],"about":[{"href":"https:\/\/www.alarmautomatika.com\/sk\/wp-json\/wp\/v2\/types\/page"}],"author":[{"embeddable":true,"href":"https:\/\/www.alarmautomatika.com\/sk\/wp-json\/wp\/v2\/users\/15"}],"replies":[{"embeddable":true,"href":"https:\/\/www.alarmautomatika.com\/sk\/wp-json\/wp\/v2\/comments?post=27234"}],"version-history":[{"count":2,"href":"https:\/\/www.alarmautomatika.com\/sk\/wp-json\/wp\/v2\/pages\/27234\/revisions"}],"predecessor-version":[{"id":50425,"href":"https:\/\/www.alarmautomatika.com\/sk\/wp-json\/wp\/v2\/pages\/27234\/revisions\/50425"}],"up":[{"embeddable":true,"href":"https:\/\/www.alarmautomatika.com\/sk\/wp-json\/wp\/v2\/pages\/27206"}],"wp:attachment":[{"href":"https:\/\/www.alarmautomatika.com\/sk\/wp-json\/wp\/v2\/media?parent=27234"}],"curies":[{"name":"wp","href":"https:\/\/api.w.org\/{rel}","templated":true}]}}