{"id":27237,"date":"2020-08-20T14:21:54","date_gmt":"2020-08-20T12:21:54","guid":{"rendered":"https:\/\/www.alarmautomatika.com\/clients\/licensed-installers-of-security-systems\/"},"modified":"2023-11-10T09:51:49","modified_gmt":"2023-11-10T08:51:49","slug":"montazne-firmy-s-licenciou","status":"publish","type":"page","link":"https:\/\/www.alarmautomatika.com\/sk\/clients\/montazne-firmy-s-licenciou\/","title":{"rendered":"Mont\u00e1\u017ene firmy s licenciou"},"content":{"rendered":"<p>[et_pb_section fb_built=&#8220;1&#8243; _builder_version=&#8220;4.6.2&#8243; _module_preset=&#8220;default&#8220; background_image=&#8220;https:\/\/www.alarmautomatika.com\/wp-content\/uploads\/2020\/09\/Instalateri-tehnicke-zastite.jpg&#8220; background_size=&#8220;initial&#8220; background_position=&#8220;top_center&#8220;][et_pb_row _builder_version=&#8220;4.6.0&#8243; _module_preset=&#8220;default&#8220; width=&#8220;95%&#8220;][et_pb_column type=&#8220;4_4&#8243; _builder_version=&#8220;4.6.0&#8243; _module_preset=&#8220;default&#8220;][et_pb_text _builder_version=&#8220;4.6.0&#8243; _dynamic_attributes=&#8220;content&#8220; _module_preset=&#8220;default&#8220; text_font=&#8220;|600|||||||&#8220; text_text_color=&#8220;#ffffff&#8220; text_font_size=&#8220;48px&#8220; text_line_height=&#8220;1.2em&#8220; custom_padding=&#8220;80px|50px||50px|false|true&#8220; text_font_size_tablet=&#8220;40px&#8220; text_font_size_phone=&#8220;32px&#8220; text_font_size_last_edited=&#8220;on|desktop&#8220; text_line_height_tablet=&#8220;&#8220; text_line_height_phone=&#8220;&#8220; text_line_height_last_edited=&#8220;on|phone&#8220; header_font_tablet=&#8220;&#8220; header_font_phone=&#8220;&#8220; header_font_last_edited=&#8220;on|phone&#8220; header_font_size_tablet=&#8220;&#8220; header_font_size_phone=&#8220;&#8220; header_font_size_last_edited=&#8220;on|phone&#8220; header_line_height_tablet=&#8220;&#8220; header_line_height_phone=&#8220;&#8220; header_line_height_last_edited=&#8220;on|desktop&#8220;]@ET-DC@eyJkeW5hbWljIjp0cnVlLCJjb250ZW50IjoicG9zdF90aXRsZSIsInNldHRpbmdzIjp7ImJlZm9yZSI6IiIsImFmdGVyIjoiIn19@[\/et_pb_text][\/et_pb_column][\/et_pb_row][et_pb_row column_structure=&#8220;3_4,1_4&#8243; _builder_version=&#8220;4.6.0&#8243; _module_preset=&#8220;default&#8220; background_color=&#8220;#ffffff&#8220; width=&#8220;95%&#8220; custom_margin=&#8220;20px||||false|false&#8220; custom_margin_tablet=&#8220;10px||||false|false&#8220; custom_margin_phone=&#8220;10px||||false|false&#8220; custom_margin_last_edited=&#8220;on|desktop&#8220; custom_padding=&#8220;50px|50px|50px|50px|true|true&#8220; box_shadow_style=&#8220;preset2&#8243;][et_pb_column type=&#8220;3_4&#8243; _builder_version=&#8220;4.6.0&#8243; _module_preset=&#8220;default&#8220;][et_pb_text _builder_version=&#8220;4.7.4&#8243; _module_preset=&#8220;default&#8220; link_font=&#8220;|600|||||||&#8220; header_2_text_align=&#8220;left&#8220; header_2_font_size=&#8220;30px&#8220; header_2_line_height=&#8220;1.2em&#8220; header_font_size_tablet=&#8220;48px&#8220; header_font_size_phone=&#8220;&#8220; header_font_size_last_edited=&#8220;on|tablet&#8220; header_2_font_size_tablet=&#8220;&#8220; header_2_font_size_phone=&#8220;25px&#8220; header_2_font_size_last_edited=&#8220;on|phone&#8220;]<\/p>\n<blockquote>\n<h2>\u0160irok\u00e1 \u0161k\u00e1la technick\u00fdch bezpe\u010dnostn\u00fdch syst\u00e9mov na b\u00e1ze modern\u00fdch technol\u00f3gi\u00ed<\/h2>\n<\/blockquote>\n<p>Koncept jedn\u00e9ho zdroja \u0161irokej \u0161k\u00e1ly zabezpe\u010dovac\u00edch zariaden\u00ed garantuje mont\u00e1\u017enikom, \u017ee na jednom mieste n\u00e1jdu v\u0161etko, \u010do potrebuj\u00fa na vytvorenie plne funk\u010dn\u00e9ho technick\u00e9ho zabezpe\u010dovacieho syst\u00e9mu. Technick\u00e9 oddelenie testuje spo\u013eahlivos\u0165 zariaden\u00ed a celkov\u00fa funk\u010dnos\u0165 v\u0161etk\u00fdch syst\u00e9mov, a preto sa na pokryt\u00e9 trhy uv\u00e1dzaj\u00fa len overen\u00e9 a spo\u013eahliv\u00e9 bezpe\u010dnostn\u00e9 rie\u0161enia.<\/p>\n<blockquote>\n<h2>B2B online platforma<\/h2>\n<\/blockquote>\n<p>Proces objedn\u00e1vania je pre in\u0161talat\u00e9rov maxim\u00e1lne zjednodu\u0161en\u00fd vyu\u017eit\u00edm B2B online platformy. V\u0161etky funkcie v\u0161etk\u00fdch produktov s\u00fa dostupn\u00e9 na jednom mieste spolu so v\u0161etkou potrebnou dokument\u00e1ciou a skladovou dostupnos\u0165ou. Platforma tie\u017e pon\u00faka porovnanie produktov, pou\u017eite\u013enos\u0165 mobiln\u00fdch telef\u00f3nov a tabletov a pr\u00edpravu cenov\u00fdch pon\u00fak pre koncov\u00fdch pou\u017e\u00edvate\u013eov.<\/p>\n<blockquote>\n<h2>Technick\u00e1 Podpora<\/h2>\n<\/blockquote>\n<p>T\u00edm odborn\u00edkov \u0161pecializovan\u00fdch na r\u00f4zne oblasti technick\u00e9ho zabezpe\u010denia poskytuje technick\u00fa podporu sp\u00f4sobom, ktor\u00fd vyhovuje potreb\u00e1m in\u0161talat\u00e9rov \u2013 telefonicky, online alebo na mieste in\u0161tal\u00e1cie.<\/p>\n<blockquote>\n<h2>Nepretr\u017eit\u00e1 komunik\u00e1cia<\/h2>\n<\/blockquote>\n<p>Neust\u00e1la komunik\u00e1cia a informovanie spolupracovn\u00edkov a partnerov, o nov\u00fdch produktoch, nov\u00fdch technol\u00f3gi\u00e1ch v technickom zabezpe\u010den\u00ed a nov\u00fdch verzi\u00e1ch zariaden\u00ed a softv\u00e9ru. Komunik\u00e1cia prebieha prostredn\u00edctvom pravideln\u00fdch v\u00fdro\u010dn\u00fdch konferenci\u00ed, t\u00fd\u017edenn\u00fdch newsletterov a firemn\u00fdch a B2B webov\u00fdch str\u00e1nok.<\/p>\n<blockquote>\n<h2>Technick\u00e9 vzdel\u00e1vanie<\/h2>\n<\/blockquote>\n<p>\u00da\u010delom \u0161kolen\u00ed pre pr\u00e1cu so syst\u00e9mami v ponuke Alarm automatika je zabezpe\u010di\u0165 ich pln\u00fa funk\u010dnos\u0165. S\u00fa\u010das\u0165ou s\u00fa r\u00f4zne formy \u0161kolen\u00ed (workshopy, webin\u00e1re), pre in\u0161talat\u00e9rov z viacer\u00fdch firiem alebo pre konkr\u00e9tnu firmu po predch\u00e1dzaj\u00facej dohode.<\/p>\n<blockquote>\n<h2>Podpora predaja a marketingu<\/h2>\n<\/blockquote>\n<p>In\u0161talat\u00e9ri maj\u00fa k dispoz\u00edcii r\u00f4zne formy podpory predaja a marketingu \u2013 od flexibiln\u00fdch platobn\u00fdch podmienok a dodato\u010dn\u00fdch projektov\u00fdch zliav a\u017e po v\u00fdrobu r\u00f4znych propaga\u010dn\u00fdch materi\u00e1lov a spolo\u010dn\u00e9 prezent\u00e1cie najlep\u0161\u00edch rie\u0161en\u00ed investorom.<\/p>\n<blockquote>\n<h2>Servis a v\u00fdmena zariaden\u00ed<\/h2>\n<\/blockquote>\n<p>Alarm automatika ako v\u00fdrobca a autorizovan\u00fd distrib\u00fator zabezpe\u010duje servis v\u0161etk\u00fdch produktov v portf\u00f3liu v z\u00e1ru\u010dnej dobe aj mimo nej. Servis sa vykon\u00e1va na z\u00e1klade predpokladan\u00e9ho trvania a n\u00e1kladov na opravy. Ak je to potrebn\u00e9, m\u00f4\u017ee by\u0165 in\u0161tala\u010dnej firme poskytnut\u00fd n\u00e1hradn\u00fd produkt.<\/p>\n<blockquote>\n<h2>Technick\u00e1 a u\u017e\u00edvate\u013esk\u00e1 dokument\u00e1cia<\/h2>\n<\/blockquote>\n<p>Ku v\u0161etk\u00fdm pon\u00fakan\u00fdm produktom je poskytnut\u00e1 kompletn\u00e1 dokument\u00e1cia &#8211; o ich vlastnostiach, certifik\u00e1toch v\u00fdrobcu, vyhl\u00e1seniach o zhode, mont\u00e1\u017ei a n\u00e1vody pre koncov\u00e9ho u\u017e\u00edvate\u013ea.<\/p>\n<p>[\/et_pb_text][\/et_pb_column][et_pb_column type=&#8220;1_4&#8243; _builder_version=&#8220;4.6.0&#8243; _module_preset=&#8220;default&#8220; custom_padding_tablet=&#8220;&#8220; custom_padding_phone=&#8220;&#8220; custom_padding_last_edited=&#8220;on|phone&#8220;][et_pb_image src=&#8220;https:\/\/www.alarmautomatika.com\/wp-content\/uploads\/2020\/10\/idea-classic-logo-home-banner.png&#8220; alt=&#8220;iDEA Classic&#8220; title_text=&#8220;iDEA Classic&#8220; align=&#8220;center&#8220; _builder_version=&#8220;4.7.4&#8243; _module_preset=&#8220;default&#8220;][\/et_pb_image][et_pb_accordion module_class=&#8220;idea-value-propositions&#8220; _builder_version=&#8220;4.9.0&#8243; _module_preset=&#8220;default&#8220; global_module=&#8220;8295&#8243;][et_pb_accordion_item title=&#8220;Blank&#8220; open=&#8220;on&#8220; _builder_version=&#8220;4.9.0&#8243; _module_preset=&#8220;default&#8220; custom_css_main_element=&#8220;display:none;&#8220;][\/et_pb_accordion_item][et_pb_accordion_item title=&#8220;Clients&#8220; _builder_version=&#8220;4.9.0&#8243; _module_preset=&#8220;default&#8220; open=&#8220;off&#8220;]<\/p>\n<p><a href=\"https:\/\/www.alarmautomatika.com\/sk\/clients\/montazne-firmy-s-licenciou\/\">Instalateri tehni\u010dke za\u0161tite<\/a><\/p>\n<p><a href=\"https:\/\/www.alarmautomatika.com\/sk\/clients\/central-monitoring-stations\/\">Dojavni centri<\/a><\/p>\n<p><a href=\"https:\/\/www.alarmautomatika.com\/sk\/clients\/electricians\/\">Elektri\u010dari<\/a><\/p>\n<p><a href=\"https:\/\/www.alarmautomatika.com\/sk\/clients\/electrical-appliances-and-computers-stores-web-shops\/\">Trgovine elektromaterijalom i IT opremom, internet trgovine<\/a><\/p>\n<p>[\/et_pb_accordion_item][et_pb_accordion_item title=&#8220;Products&#8220; _builder_version=&#8220;4.9.0&#8243; _module_preset=&#8220;default&#8220; open=&#8220;off&#8220;]<\/p>\n<p><a href=\"https:\/\/www.alarmautomatika.com\/sk\/produkty\/video\/\">Videonadzor<\/a><\/p>\n<p><a href=\"https:\/\/www.alarmautomatika.com\/sk\/produkty\/systemy-proti-vniknutiu-a-vlamaniu\/\">Protuprovala i protuprepad<\/a><\/p>\n<p><a href=\"https:\/\/www.alarmautomatika.com\/sk\/produkty\/video-interkom\/\">Videointerfoni<\/a><\/p>\n<p><a href=\"https:\/\/www.alarmautomatika.com\/sk\/produkty\/access-and-time-attendance-control\/\">Kontrola pristupa i evidencija radnog vremena<\/a><\/p>\n<p><a href=\"https:\/\/www.alarmautomatika.com\/sk\/produkty\/audio-riesenia\/\">Audio rje\u0161enja<\/a><\/p>\n<p><a href=\"https:\/\/www.alarmautomatika.com\/sk\/produkty\/automation-for-gates-doors-and-barriers\/\">Automatske rampe i vrata<\/a><\/p>\n<p><a href=\"https:\/\/www.alarmautomatika.com\/sk\/produkty\/centralna-monitorovacia-stationica-cms\/\">Oprema za dojavne centre<\/a><\/p>\n<p><a href=\"https:\/\/www.alarmautomatika.com\/sk\/produkty\/poziarne-a-plynove-poplachove-systemy\/\">Dojava po\u017eara i plina<\/a><\/p>\n<p>[\/et_pb_accordion_item][et_pb_accordion_item title=&#8220;Softwares&#8220; _builder_version=&#8220;4.9.0&#8243; _module_preset=&#8220;default&#8220; open=&#8220;off&#8220;]<\/p>\n<p><a href=\"https:\/\/www.alarmautomatika.com\/sk\/softwares\/reception-and-processing\/\">Prijem i obrada signala alarma<\/a><\/p>\n<p>[\/et_pb_accordion_item][et_pb_accordion_item title=&#8220;Services&#8220; _builder_version=&#8220;4.9.0&#8243; _module_preset=&#8220;default&#8220; open=&#8220;off&#8220;]<\/p>\n<p><a href=\"https:\/\/www.alarmautomatika.com\/sk\/services\/the-one-stop-source-concept\/#prodajna-i-tehnicka-podrska\" data-et-has-event-already=\"true\">Prodajna i tehni\u010dka podr\u0161ka<\/a><\/p>\n<p><a href=\"https:\/\/www.alarmautomatika.com\/sk\/services\/the-one-stop-source-concept\/#oprema-na-skladistu\" data-et-has-event-already=\"true\">Oprema na skladi\u0161tu<\/a><\/p>\n<p><a href=\"https:\/\/www.alarmautomatika.com\/sk\/services\/the-one-stop-source-concept\/#edukacija-instalatera\" data-et-has-event-already=\"true\">Edukacija instalatera<\/a><\/p>\n<p><a href=\"https:\/\/www.alarmautomatika.com\/sk\/services\/the-one-stop-source-concept\/#b2b-online-platforma\" data-et-has-event-already=\"true\">B2B online platforma<\/a><\/p>\n<p><a href=\"https:\/\/www.alarmautomatika.com\/sk\/services\/the-one-stop-source-concept\/#servis\" data-et-has-event-already=\"true\">Servis<\/a><\/p>\n<p><a href=\"https:\/\/www.alarmautomatika.com\/sk\/services\/the-one-stop-source-concept\/#idea-classic-katalog\" data-et-has-event-already=\"true\">iDEA Classic katalog<\/a><\/p>\n<p>[\/et_pb_accordion_item][et_pb_accordion_item title=&#8220;Platform&#8220; _builder_version=&#8220;4.9.0&#8243; _module_preset=&#8220;default&#8220; open=&#8220;off&#8220;]<\/p>\n<p><a href=\"https:\/\/www.alarmautomatika.com\/sk\/platforma\/#b2b-platforma\" data-et-has-event-already=\"true\">Jedinstvena B2B platforma koja \u0161tedi vrijeme<\/a><\/p>\n<p>[\/et_pb_accordion_item][\/et_pb_accordion][\/et_pb_column][\/et_pb_row][\/et_pb_section]<\/p>\n","protected":false},"excerpt":{"rendered":"<p>\u0160irok\u00e1 \u0161k\u00e1la technick\u00fdch bezpe\u010dnostn\u00fdch syst\u00e9mov na b\u00e1ze modern\u00fdch technol\u00f3gi\u00ed Koncept jedn\u00e9ho zdroja \u0161irokej \u0161k\u00e1ly zabezpe\u010dovac\u00edch zariaden\u00ed garantuje mont\u00e1\u017enikom, \u017ee na jednom mieste n\u00e1jdu v\u0161etko, \u010do potrebuj\u00fa na vytvorenie plne funk\u010dn\u00e9ho technick\u00e9ho zabezpe\u010dovacieho syst\u00e9mu. Technick\u00e9 oddelenie testuje spo\u013eahlivos\u0165 zariaden\u00ed a celkov\u00fa funk\u010dnos\u0165 v\u0161etk\u00fdch syst\u00e9mov, a preto sa na pokryt\u00e9 trhy uv\u00e1dzaj\u00fa len overen\u00e9 a spo\u013eahliv\u00e9 bezpe\u010dnostn\u00e9 [&hellip;]<\/p>\n","protected":false},"author":15,"featured_media":0,"parent":27206,"menu_order":0,"comment_status":"closed","ping_status":"closed","template":"","meta":{"_et_pb_use_builder":"on","_et_pb_old_content":"","_et_gb_content_width":"","footnotes":""},"class_list":["post-27237","page","type-page","status-publish","hentry"],"_links":{"self":[{"href":"https:\/\/www.alarmautomatika.com\/sk\/wp-json\/wp\/v2\/pages\/27237","targetHints":{"allow":["GET"]}}],"collection":[{"href":"https:\/\/www.alarmautomatika.com\/sk\/wp-json\/wp\/v2\/pages"}],"about":[{"href":"https:\/\/www.alarmautomatika.com\/sk\/wp-json\/wp\/v2\/types\/page"}],"author":[{"embeddable":true,"href":"https:\/\/www.alarmautomatika.com\/sk\/wp-json\/wp\/v2\/users\/15"}],"replies":[{"embeddable":true,"href":"https:\/\/www.alarmautomatika.com\/sk\/wp-json\/wp\/v2\/comments?post=27237"}],"version-history":[{"count":2,"href":"https:\/\/www.alarmautomatika.com\/sk\/wp-json\/wp\/v2\/pages\/27237\/revisions"}],"predecessor-version":[{"id":50434,"href":"https:\/\/www.alarmautomatika.com\/sk\/wp-json\/wp\/v2\/pages\/27237\/revisions\/50434"}],"up":[{"embeddable":true,"href":"https:\/\/www.alarmautomatika.com\/sk\/wp-json\/wp\/v2\/pages\/27206"}],"wp:attachment":[{"href":"https:\/\/www.alarmautomatika.com\/sk\/wp-json\/wp\/v2\/media?parent=27237"}],"curies":[{"name":"wp","href":"https:\/\/api.w.org\/{rel}","templated":true}]}}