{"id":27240,"date":"2020-08-20T13:23:19","date_gmt":"2020-08-20T11:23:19","guid":{"rendered":"https:\/\/www.alarmautomatika.com\/clients\/public-and-business-facilities\/"},"modified":"2023-11-10T09:51:29","modified_gmt":"2023-11-10T08:51:29","slug":"verejne-a-obchodne-zariadenia","status":"publish","type":"page","link":"https:\/\/www.alarmautomatika.com\/sk\/clients\/verejne-a-obchodne-zariadenia\/","title":{"rendered":"Verejn\u00e9 a obchodn\u00e9 zariadenia"},"content":{"rendered":"<p>[et_pb_section fb_built=&#8220;1&#8243; _builder_version=&#8220;4.6.2&#8243; _module_preset=&#8220;default&#8220; background_image=&#8220;https:\/\/www.alarmautomatika.com\/wp-content\/uploads\/2020\/09\/javni-i-poslovni-objekti.jpg&#8220; background_size=&#8220;initial&#8220; background_position=&#8220;top_center&#8220; global_colors_info=&#8220;{}&#8220;][et_pb_row _builder_version=&#8220;4.6.0&#8243; _module_preset=&#8220;default&#8220; width=&#8220;95%&#8220; global_colors_info=&#8220;{}&#8220;][et_pb_column type=&#8220;4_4&#8243; _builder_version=&#8220;4.6.0&#8243; _module_preset=&#8220;default&#8220; global_colors_info=&#8220;{}&#8220;][et_pb_text _builder_version=&#8220;4.6.0&#8243; _dynamic_attributes=&#8220;content&#8220; _module_preset=&#8220;default&#8220; text_font=&#8220;|600|||||||&#8220; text_text_color=&#8220;#ffffff&#8220; text_font_size=&#8220;48px&#8220; text_line_height=&#8220;1.2em&#8220; custom_padding=&#8220;80px|50px||50px|false|true&#8220; text_font_size_tablet=&#8220;40px&#8220; text_font_size_phone=&#8220;32px&#8220; text_font_size_last_edited=&#8220;on|desktop&#8220; text_line_height_tablet=&#8220;&#8220; text_line_height_phone=&#8220;&#8220; text_line_height_last_edited=&#8220;on|phone&#8220; header_font_tablet=&#8220;&#8220; header_font_phone=&#8220;&#8220; header_font_last_edited=&#8220;on|phone&#8220; header_font_size_tablet=&#8220;&#8220; header_font_size_phone=&#8220;&#8220; header_font_size_last_edited=&#8220;on|phone&#8220; header_line_height_tablet=&#8220;&#8220; header_line_height_phone=&#8220;&#8220; header_line_height_last_edited=&#8220;on|desktop&#8220; global_colors_info=&#8220;{}&#8220;]@ET-DC@eyJkeW5hbWljIjp0cnVlLCJjb250ZW50IjoicG9zdF90aXRsZSIsInNldHRpbmdzIjp7ImJlZm9yZSI6IiIsImFmdGVyIjoiIn19@[\/et_pb_text][\/et_pb_column][\/et_pb_row][et_pb_row column_structure=&#8220;3_4,1_4&#8243; _builder_version=&#8220;4.6.0&#8243; _module_preset=&#8220;default&#8220; background_color=&#8220;#ffffff&#8220; width=&#8220;95%&#8220; custom_margin=&#8220;20px||||false|false&#8220; custom_margin_tablet=&#8220;10px||||false|false&#8220; custom_margin_phone=&#8220;10px||||false|false&#8220; custom_margin_last_edited=&#8220;on|desktop&#8220; custom_padding=&#8220;50px|50px|50px|50px|true|true&#8220; box_shadow_style=&#8220;preset2&#8243; global_colors_info=&#8220;{}&#8220;][et_pb_column type=&#8220;3_4&#8243; _builder_version=&#8220;4.6.0&#8243; _module_preset=&#8220;default&#8220; global_colors_info=&#8220;{}&#8220;][et_pb_text _builder_version=&#8220;4.14.7&#8243; _module_preset=&#8220;default&#8220; link_font=&#8220;|600|||||||&#8220; header_2_text_align=&#8220;left&#8220; header_2_font_size=&#8220;30px&#8220; header_2_line_height=&#8220;1.2em&#8220; hover_enabled=&#8220;0&#8243; header_font_size_tablet=&#8220;48px&#8220; header_font_size_phone=&#8220;&#8220; header_font_size_last_edited=&#8220;on|tablet&#8220; header_2_font_size_tablet=&#8220;&#8220; header_2_font_size_phone=&#8220;25px&#8220; header_2_font_size_last_edited=&#8220;on|phone&#8220; global_colors_info=&#8220;{}&#8220; sticky_enabled=&#8220;0&#8243;]<\/p>\n<blockquote>\n<h2>Protipo\u017eiarna a plynov\u00e1 prevencia, n\u00fadzov\u00e9 osvetlenie, evakua\u010dn\u00fd syst\u00e9m, syst\u00e9my odvodu dymu a tepla<\/h2>\n<\/blockquote>\n<p>Protipo\u017eiarne opatrenia sa uplat\u0148uj\u00fa na bezpe\u010dnos\u0165 \u013eud\u00ed v pr\u00edpade po\u017eiaru. Pre lep\u0161iu efektivitu a ovl\u00e1danie s\u00fa po\u017eiarne a plynov\u00e9 poplachov\u00e9 syst\u00e9my integrovan\u00e9 s evakua\u010dn\u00fdmi syst\u00e9mami (n\u00fadzov\u00e9 osvetlenie, evakua\u010dn\u00fd syst\u00e9m, syst\u00e9my na odvod dymu a tepla).<\/p>\n<blockquote>\n<h2>Kontrola pr\u00edstupu a spr\u00e1va<\/h2>\n<\/blockquote>\n<p>Proces identifik\u00e1cie os\u00f4b a vyd\u00e1vania povolen\u00ed pri vstupe do obchodn\u00fdch priestorov ur\u00fdch\u013euje softv\u00e9r ABsistemGuestManager, ktor\u00fd integruje riadenie pr\u00edstupu, skenovanie dokumentov, evidenciu n\u00e1v\u0161tevn\u00edkov a tla\u010d akredit\u00e1ci\u00ed.<\/p>\n<blockquote>\n<h2>Po\u010d\u00edtanie \u013eud\u00ed<\/h2>\n<\/blockquote>\n<p>ABsistemCounter poskytuje inform\u00e1cie o aktu\u00e1lnom po\u010dte os\u00f4b v zariaden\u00ed a anal\u00fdzu po\u010dtu os\u00f4b vo vz\u0165ahu k dennej dobe, d\u0148u v t\u00fd\u017edni alebo poveternostn\u00fdm podmienkam. Zhroma\u017eden\u00e9 \u00fadaje umo\u017e\u0148uj\u00fa lep\u0161ie riadenie z h\u013eadiska organiz\u00e1cie podnikania (optimaliz\u00e1cia po\u010dtu zamestnancov v zmen\u00e1ch, v\u00fdber \u010dasu na opravy \u010di upratovanie), zv\u00fd\u0161enie \u00farovne bezpe\u010dnosti (riadenie evaku\u00e1cie) a zabr\u00e1nenie \u0161\u00edreniu epid\u00e9mie.<\/p>\n<blockquote>\n<h2>Video doh\u013ead a anal\u00fdza videa<\/h2>\n<\/blockquote>\n<p>Videodoh\u013ead verejn\u00fdch priestorov \u00fa\u010dinne predch\u00e1dza \u0161kodliv\u00fdm udalostiam a umo\u017e\u0148uje ich n\u00e1sledn\u00fa rekon\u0161trukciu. Pomocou funkci\u00ed video anal\u00fdzy je mo\u017en\u00e9 generova\u0165 alarm v preddefinovan\u00fdch situ\u00e1ci\u00e1ch ( napr. detekcia \u013eav\u00e9ho objektu).<\/p>\n<blockquote>\n<h2>ABsistemTicketing pre zariadenia s ve\u013ek\u00fdm po\u010dtom n\u00e1v\u0161tevn\u00edkov<\/h2>\n<\/blockquote>\n<p>Softv\u00e9r ABsistemTicketing integruje predaj l\u00edstkov (online \/ offline) s bari\u00e9rami na vstupoch a m\u00fdtnych termin\u00e1loch. S konkr\u00e9tnym typom l\u00edstka sa d\u00e1 vst\u00fapi\u0165 len v ur\u010ditom \u010dase a cez ur\u010dit\u00fa bari\u00e9ru.<\/p>\n<blockquote>\n<h2>Rie\u0161enia pre \u0161tadi\u00f3ny<\/h2>\n<\/blockquote>\n<p>Okrem kamerov\u00e9ho sledovania perimetra a priechodov, ktor\u00fdmi sa \u013eudia pohybuj\u00fa, rie\u0161enie zah\u0155\u0148a kamerov\u00e9 sledovanie n\u00e1v\u0161tevn\u00edkov v rozl\u00ed\u0161en\u00ed, ktor\u00e9 umo\u017e\u0148uje rozpoznanie\/identifik\u00e1ciu os\u00f4b. Kontrola vstupu integruje online predaj vstupeniek s bari\u00e9rami pri vchode cez ABsistemTicketing, \u010do umo\u017e\u0148uje aj online po\u010d\u00edtanie div\u00e1kov. Syst\u00e9my sp\u013a\u0148aj\u00fa najvy\u0161\u0161ie \u0161tandardy UEFA.<\/p>\n<blockquote>\n<h2>Dokument\u00e1cia aplikovan\u00fdch bezpe\u010dnostn\u00fdch opatren\u00ed<\/h2>\n<\/blockquote>\n<p>Hodnotenie bezpe\u010dnostnej zranite\u013enosti a projekt technickej bezpe\u010dnosti s\u00fa z\u00e1kladom pre neskor\u0161ie aktualiz\u00e1cie a \u00fadr\u017ebu syst\u00e9mu. S\u00fa\u010das\u0165ou dokument\u00e1cie s\u00fa aj certifik\u00e1ty zariaden\u00ed, ako aj z\u00e1znamy a pracovn\u00e9 pr\u00edkazy s\u00favisiace s opravami a servisom.<\/p>\n<blockquote>\n<h2>\u00dadr\u017eba a centr\u00e1lne technick\u00e9 monitorovanie (CTM)<\/h2>\n<\/blockquote>\n<p>Dia\u013ekov\u00e9 monitorovanie spr\u00e1vnosti a stability bezpe\u010dnostn\u00fdch syst\u00e9mov prostredn\u00edctvom slu\u017eby CTM umo\u017e\u0148uje r\u00fdchle odstr\u00e1nenie v\u0161etk\u00fdch zisten\u00fdch nezrovnalost\u00ed. Technick\u00fa podporu a organiz\u00e1ciu opr\u00e1v zabezpe\u010duje t\u00edm \u00fadr\u017eby.<\/p>\n<p>[\/et_pb_text][\/et_pb_column][et_pb_column type=&#8220;1_4&#8243; _builder_version=&#8220;4.6.0&#8243; _module_preset=&#8220;default&#8220; custom_padding_tablet=&#8220;&#8220; custom_padding_phone=&#8220;&#8220; custom_padding_last_edited=&#8220;on|phone&#8220; global_colors_info=&#8220;{}&#8220;][et_pb_image src=&#8220;https:\/\/www.alarmautomatika.com\/wp-content\/uploads\/2020\/10\/idea-solution-logo-home-banner.png&#8220; alt=&#8220;iDEA Solution&#8220; title_text=&#8220;iDEA Solution&#8220; align=&#8220;center&#8220; _builder_version=&#8220;4.7.4&#8243; _module_preset=&#8220;default&#8220; global_colors_info=&#8220;{}&#8220;][\/et_pb_image][et_pb_accordion module_class=&#8220;idea-value-propositions&#8220; _builder_version=&#8220;4.9.0&#8243; _module_preset=&#8220;default&#8220; global_module=&#8220;8292&#8243; global_colors_info=&#8220;{}&#8220;][et_pb_accordion_item title=&#8220;Blank&#8220; open=&#8220;on&#8220; _builder_version=&#8220;4.9.0&#8243; _module_preset=&#8220;default&#8220; custom_css_main_element=&#8220;display:none;&#8220; global_colors_info=&#8220;{}&#8220;][\/et_pb_accordion_item][et_pb_accordion_item title=&#8220;Clients&#8220; _builder_version=&#8220;4.9.0&#8243; _module_preset=&#8220;default&#8220; global_colors_info=&#8220;{}&#8220; open=&#8220;off&#8220;]<\/p>\n<p><a href=\"https:\/\/www.alarmautomatika.com\/sk\/clients\/banky-a-financne-institucie\/\">Banke i financijske institucije<\/a><\/p>\n<p><a href=\"https:\/\/www.alarmautomatika.com\/sk\/clients\/hotely\/\">Hoteli<\/a><\/p>\n<p><a href=\"https:\/\/www.alarmautomatika.com\/sk\/clients\/nakupne-centra\/\">Trgova\u010dki centri<\/a><\/p>\n<p><a href=\"https:\/\/www.alarmautomatika.com\/sk\/clients\/verejne-a-obchodne-zariadenia\/\">Javni i poslovni objekti<\/a><\/p>\n<p><a href=\"https:\/\/www.alarmautomatika.com\/sk\/clients\/industry-and-large-infrastructure-facilities\/\">Industrija i kriti\u010dna infrastruktura<\/a><\/p>\n<p><a href=\"https:\/\/www.alarmautomatika.com\/sk\/clients\/public-areas-and-facilities\/\">Javne povr\u0161ine i prostori<\/a><\/p>\n<p>[\/et_pb_accordion_item][et_pb_accordion_item title=&#8220;Products&#8220; _builder_version=&#8220;4.9.0&#8243; _module_preset=&#8220;default&#8220; global_colors_info=&#8220;{}&#8220; open=&#8220;off&#8220;]<\/p>\n<p><a href=\"https:\/\/www.alarmautomatika.com\/sk\/produkty\/analytika-videa-a-umela-inteligencia\/\">Videoanalitika i umjetna inteligencija<\/a><\/p>\n<p><a href=\"https:\/\/www.alarmautomatika.com\/sk\/produkty\/termovizia-a-obvodova-ochrana\/\">Termovizija i za\u0161tita perimetra<\/a><\/p>\n<p><a href=\"https:\/\/www.alarmautomatika.com\/sk\/produkty\/pokrocile-systemy-kontroly-pristupu\/\">Napredni sustavi kontrole pristupa<\/a><\/p>\n<p><a href=\"https:\/\/www.alarmautomatika.com\/en\/products\/electronic-article-surveillance\/\">Elektroni\u010dka za\u0161tita artikala od kra\u0111e<\/a><\/p>\n<p><a href=\"https:\/\/www.alarmautomatika.com\/sk\/produkty\/inteligentne-riadenie-dopravy-a-parkovania\/\">Inteligentno upravljanje prometom i parkingom<\/a><\/p>\n<p><a href=\"https:\/\/www.alarmautomatika.com\/sk\/produkty\/bms-a-systemy-facility-managementu\/\">BMS i upravljanje sustavima na objektu<\/a><\/p>\n<p>[\/et_pb_accordion_item][et_pb_accordion_item title=&#8220;Softwares&#8220; _builder_version=&#8220;4.9.0&#8243; _module_preset=&#8220;default&#8220; global_colors_info=&#8220;{}&#8220; open=&#8220;off&#8220;]<\/p>\n<p><a href=\"https:\/\/www.alarmautomatika.com\/sk\/softwares\/intelligent-management-and-control\/#izdavanje-ulaznica\" data-et-has-event-already=\"true\">Izdavanje ulaznica<\/a><\/p>\n<p><a href=\"https:\/\/www.alarmautomatika.com\/sk\/softwares\/intelligent-management-and-control\/#brojanje-ljudi\" data-et-has-event-already=\"true\">Brojanje ljudi<\/a><\/p>\n<p><a href=\"https:\/\/www.alarmautomatika.com\/sk\/softwares\/intelligent-management-and-control\/#rezervacija-soba\" data-et-has-event-already=\"true\">Rezervacija soba<\/a><\/p>\n<p><a href=\"https:\/\/www.alarmautomatika.com\/sk\/softwares\/intelligent-management-and-control\/#parking-rjesenja\" data-et-has-event-already=\"true\">Parking rje\u0161enja<\/a><\/p>\n<p><a href=\"https:\/\/www.alarmautomatika.com\/sk\/softwares\/intelligent-management-and-control\/#upravljanje-prometom\" data-et-has-event-already=\"true\">Upravljanje prometom<\/a><\/p>\n<p><a href=\"https:\/\/www.alarmautomatika.com\/sk\/softwares\/intelligent-management-and-control\/#upravljanje-posjetiteljima\" data-et-has-event-already=\"true\">Upravljanje posjetiteljima<\/a><\/p>\n<p><a href=\"https:\/\/www.alarmautomatika.com\/sk\/softwares\/intelligent-management-and-control\/#nadzor-na-pretovarnim-stanicama\" data-et-has-event-already=\"true\">Nadzor na pretovarnim stanicama<\/a><\/p>\n<p>[\/et_pb_accordion_item][et_pb_accordion_item title=&#8220;Services&#8220; _builder_version=&#8220;4.9.0&#8243; _module_preset=&#8220;default&#8220; global_colors_info=&#8220;{}&#8220; open=&#8220;off&#8220;]<\/p>\n<p><a href=\"https:\/\/www.alarmautomatika.com\/sk\/services\/professional-services-for-complex-projects\/#projektiranje\" data-et-has-event-already=\"true\">Projektiranje<\/a><\/p>\n<p><a href=\"https:\/\/www.alarmautomatika.com\/sk\/services\/professional-services-for-complex-projects\/#prosudba-ugrozenosti-i-elaborat-mjera-sigurnosti\" data-et-has-event-already=\"true\">Prosudba ugro\u017eenosti i elaborat mjera sigurnosti<\/a><\/p>\n<p><a href=\"https:\/\/www.alarmautomatika.com\/sk\/services\/professional-services-for-complex-projects\/#konzalting\" data-et-has-event-already=\"true\">Konzalting<\/a><\/p>\n<p><a href=\"https:\/\/www.alarmautomatika.com\/sk\/services\/professional-services-for-complex-projects\/#nadzor-nad-izvodjenjem\" data-et-has-event-already=\"true\">Nadzor nad izvo\u0111enjem<\/a><\/p>\n<p><a href=\"https:\/\/www.alarmautomatika.com\/sk\/services\/professional-services-for-complex-projects\/#koordinacija-i-vodjenje-projekata\" data-et-has-event-already=\"true\">Koordinacija i vo\u0111enje projekata<\/a><\/p>\n<p><a href=\"https:\/\/www.alarmautomatika.com\/sk\/services\/professional-services-for-complex-projects\/#softverska-integracija\" data-et-has-event-already=\"true\">Softverska integracija i ukla\u0161anje u IKT<\/a><\/p>\n<p>[\/et_pb_accordion_item][et_pb_accordion_item title=&#8220;Platform&#8220; _builder_version=&#8220;4.9.0&#8243; _module_preset=&#8220;default&#8220; global_colors_info=&#8220;{}&#8220; open=&#8220;off&#8220;]<\/p>\n<p><a href=\"https:\/\/www.alarmautomatika.com\/sk\/platform\/#razmjena-znanja\" data-et-has-event-already=\"true\">Platforma za razmjenu znanja sudionika procesa gra\u0111enja<\/a><\/p>\n<p>[\/et_pb_accordion_item][\/et_pb_accordion][\/et_pb_column][\/et_pb_row][\/et_pb_section]<\/p>\n","protected":false},"excerpt":{"rendered":"<p>Protipo\u017eiarna a plynov\u00e1 prevencia, n\u00fadzov\u00e9 osvetlenie, evakua\u010dn\u00fd syst\u00e9m, syst\u00e9my odvodu dymu a tepla Protipo\u017eiarne opatrenia sa uplat\u0148uj\u00fa na bezpe\u010dnos\u0165 \u013eud\u00ed v pr\u00edpade po\u017eiaru. Pre lep\u0161iu efektivitu a ovl\u00e1danie s\u00fa po\u017eiarne a plynov\u00e9 poplachov\u00e9 syst\u00e9my integrovan\u00e9 s evakua\u010dn\u00fdmi syst\u00e9mami (n\u00fadzov\u00e9 osvetlenie, evakua\u010dn\u00fd syst\u00e9m, syst\u00e9my na odvod dymu a tepla). Kontrola pr\u00edstupu a spr\u00e1va Proces identifik\u00e1cie os\u00f4b [&hellip;]<\/p>\n","protected":false},"author":15,"featured_media":0,"parent":27206,"menu_order":0,"comment_status":"closed","ping_status":"closed","template":"","meta":{"_et_pb_use_builder":"on","_et_pb_old_content":"","_et_gb_content_width":"","footnotes":""},"class_list":["post-27240","page","type-page","status-publish","hentry"],"_links":{"self":[{"href":"https:\/\/www.alarmautomatika.com\/sk\/wp-json\/wp\/v2\/pages\/27240","targetHints":{"allow":["GET"]}}],"collection":[{"href":"https:\/\/www.alarmautomatika.com\/sk\/wp-json\/wp\/v2\/pages"}],"about":[{"href":"https:\/\/www.alarmautomatika.com\/sk\/wp-json\/wp\/v2\/types\/page"}],"author":[{"embeddable":true,"href":"https:\/\/www.alarmautomatika.com\/sk\/wp-json\/wp\/v2\/users\/15"}],"replies":[{"embeddable":true,"href":"https:\/\/www.alarmautomatika.com\/sk\/wp-json\/wp\/v2\/comments?post=27240"}],"version-history":[{"count":2,"href":"https:\/\/www.alarmautomatika.com\/sk\/wp-json\/wp\/v2\/pages\/27240\/revisions"}],"predecessor-version":[{"id":50426,"href":"https:\/\/www.alarmautomatika.com\/sk\/wp-json\/wp\/v2\/pages\/27240\/revisions\/50426"}],"up":[{"embeddable":true,"href":"https:\/\/www.alarmautomatika.com\/sk\/wp-json\/wp\/v2\/pages\/27206"}],"wp:attachment":[{"href":"https:\/\/www.alarmautomatika.com\/sk\/wp-json\/wp\/v2\/media?parent=27240"}],"curies":[{"name":"wp","href":"https:\/\/api.w.org\/{rel}","templated":true}]}}