{"id":27243,"date":"2020-08-20T14:54:23","date_gmt":"2020-08-20T12:54:23","guid":{"rendered":"https:\/\/www.alarmautomatika.com\/clients\/residential-and-small-business-buildings-owners\/"},"modified":"2023-11-10T09:50:39","modified_gmt":"2023-11-10T08:50:39","slug":"majitelia-bytovych-a-malych-budov","status":"publish","type":"page","link":"https:\/\/www.alarmautomatika.com\/sk\/clients\/majitelia-bytovych-a-malych-budov\/","title":{"rendered":"Majitelia bytov\u00fdch a mal\u00fdch budov"},"content":{"rendered":"<p>[et_pb_section fb_built=&#8220;1&#8243; _builder_version=&#8220;4.6.2&#8243; _module_preset=&#8220;default&#8220; background_image=&#8220;https:\/\/www.alarmautomatika.com\/wp-content\/uploads\/2020\/09\/Vlasnici-stambenih-i-manjih-poslovnih-objekata.jpg&#8220; background_size=&#8220;initial&#8220; background_position=&#8220;top_center&#8220;][et_pb_row _builder_version=&#8220;4.6.0&#8243; _module_preset=&#8220;default&#8220; width=&#8220;95%&#8220;][et_pb_column type=&#8220;4_4&#8243; _builder_version=&#8220;4.6.0&#8243; _module_preset=&#8220;default&#8220;][et_pb_text _builder_version=&#8220;4.6.0&#8243; _dynamic_attributes=&#8220;content&#8220; _module_preset=&#8220;default&#8220; text_font=&#8220;|600|||||||&#8220; text_text_color=&#8220;#ffffff&#8220; text_font_size=&#8220;48px&#8220; text_line_height=&#8220;1.2em&#8220; custom_padding=&#8220;80px|50px||50px|false|true&#8220; text_font_size_tablet=&#8220;40px&#8220; text_font_size_phone=&#8220;32px&#8220; text_font_size_last_edited=&#8220;on|desktop&#8220; text_line_height_tablet=&#8220;&#8220; text_line_height_phone=&#8220;&#8220; text_line_height_last_edited=&#8220;on|phone&#8220; header_font_tablet=&#8220;&#8220; header_font_phone=&#8220;&#8220; header_font_last_edited=&#8220;on|phone&#8220; header_font_size_tablet=&#8220;&#8220; header_font_size_phone=&#8220;&#8220; header_font_size_last_edited=&#8220;on|phone&#8220; header_line_height_tablet=&#8220;&#8220; header_line_height_phone=&#8220;&#8220; header_line_height_last_edited=&#8220;on|desktop&#8220;]@ET-DC@eyJkeW5hbWljIjp0cnVlLCJjb250ZW50IjoicG9zdF90aXRsZSIsInNldHRpbmdzIjp7ImJlZm9yZSI6IiIsImFmdGVyIjoiIn19@[\/et_pb_text][\/et_pb_column][\/et_pb_row][et_pb_row column_structure=&#8220;3_4,1_4&#8243; _builder_version=&#8220;4.6.0&#8243; _module_preset=&#8220;default&#8220; background_color=&#8220;#ffffff&#8220; width=&#8220;95%&#8220; custom_margin=&#8220;20px||||false|false&#8220; custom_margin_tablet=&#8220;10px||||false|false&#8220; custom_margin_phone=&#8220;10px||||false|false&#8220; custom_margin_last_edited=&#8220;on|desktop&#8220; custom_padding=&#8220;50px|50px|50px|50px|true|true&#8220; box_shadow_style=&#8220;preset2&#8243;][et_pb_column type=&#8220;3_4&#8243; _builder_version=&#8220;4.6.0&#8243; _module_preset=&#8220;default&#8220;][et_pb_text _builder_version=&#8220;4.8.1&#8243; _module_preset=&#8220;default&#8220; link_font=&#8220;|600|||||||&#8220; header_2_text_align=&#8220;left&#8220; header_2_font_size=&#8220;30px&#8220; header_2_line_height=&#8220;1.2em&#8220; header_font_size_tablet=&#8220;48px&#8220; header_font_size_phone=&#8220;&#8220; header_font_size_last_edited=&#8220;on|tablet&#8220; header_2_font_size_tablet=&#8220;&#8220; header_2_font_size_phone=&#8220;25px&#8220; header_2_font_size_last_edited=&#8220;on|phone&#8220;]<\/p>\n<blockquote>\n<h2>Bezdr\u00f4tov\u00e9 DIY rie\u0161enia pre dom\u00e1cich majstrov pre inteligentn\u00fd a bezpe\u010dn\u00fd domov<\/h2>\n<\/blockquote>\n<p>Z\u00e1kazn\u00edci si m\u00f4\u017eu samostatne nain\u0161talova\u0165 a nakonfigurova\u0165 bezpe\u010dnostn\u00fd syst\u00e9m pomocou DIY (do-it-yourself) rie\u0161en\u00ed pre inteligentn\u00fd a bezpe\u010dn\u00fd domov, ktor\u00fd zabezpe\u010d\u00ed ich domov alebo kancel\u00e1riu pred vl\u00e1man\u00edm. Tieto rie\u0161enia minimalizuj\u00fa neporiadok pri in\u0161tal\u00e1cii, preto\u017ee komunikuj\u00fa bezdr\u00f4tovo.<\/p>\n<blockquote>\n<h2>Monitorovanie a spr\u00e1va cez mobiln\u00e9 zariadenia<\/h2>\n<\/blockquote>\n<p>Rie\u0161enia inteligentnej a bezpe\u010dnej dom\u00e1cnosti sa jednoducho spravuj\u00fa prostredn\u00edctvom mobiln\u00fdch aplik\u00e1ci\u00ed. V\u0161etky notifik\u00e1cie zo syst\u00e9mu sa automaticky preposielaj\u00fa na mobiln\u00e9 telef\u00f3ny a pou\u017e\u00edvatelia cez ne m\u00f4\u017eu zariadenia na dia\u013eku ovl\u00e1da\u0165.<\/p>\n<blockquote>\n<h2>Panikov\u00e9 tla\u010didl\u00e1 pre deti a star\u0161\u00edch \u013eud\u00ed<\/h2>\n<\/blockquote>\n<p>Bezdr\u00f4tov\u00e9 n\u00fadzov\u00e9 tla\u010didl\u00e1 umo\u017e\u0148uj\u00fa de\u0165om alebo star\u0161\u00edm \u013eu\u010fom r\u00fdchlo a jednoducho informova\u0165 \u010dlenov rodiny, \u017ee potrebuj\u00fa pomoc. Poplachov\u00fd sign\u00e1l bude okam\u017eite odoslan\u00fd na mobiln\u00e9 telef\u00f3ny rodinn\u00fdch pr\u00edslu\u0161n\u00edkov a bud\u00fa schopn\u00ed poskytn\u00fa\u0165 r\u00fdchlu reakciu a pomoc.<\/p>\n<blockquote>\n<h2>Prezerajte si vide\u00e1 v re\u00e1lnom \u010dase<\/h2>\n<\/blockquote>\n<p>Pou\u017e\u00edvatelia m\u00f4\u017eu na svojich mobiln\u00fdch zariadeniach sledova\u0165, \u010do sa deje v zabezpe\u010denej oblasti v re\u00e1lnom \u010dase.<\/p>\n<blockquote>\n<h2>Overenie poplachu cez foto a video verifik\u00e1ciu<\/h2>\n<\/blockquote>\n<p>Poplach prijat\u00fd cez mobiln\u00fd telef\u00f3n je mo\u017en\u00e9 overi\u0165 pomocou rie\u0161en\u00ed, ktor\u00e9 umo\u017e\u0148uj\u00fa prenos video sign\u00e1lu (prostredn\u00edctvom kamier pripojen\u00fdch k syst\u00e9mu dom\u00e1cej automatiz\u00e1cie) a fotografi\u00ed (prostredn\u00edctvom detektorov proti kr\u00e1de\u017ei so zabudovan\u00fdmi kamerami) z chr\u00e1nen\u00fdch priestorov.<\/p>\n<blockquote>\n<h2>Monitorovacia stanica na dlani<\/h2>\n<\/blockquote>\n<p>Pou\u017e\u00edvate\u013e si m\u00f4\u017ee cez mobiln\u00fa aplik\u00e1ciu ALEX pri prijat\u00ed poplachov\u00e9ho upozornenia zo zabezpe\u010dovacieho syst\u00e9mu na mobilnom zariaden\u00ed vybra\u0165, \u010di chce upozorni\u0165 pult centr\u00e1lnej ochrany (PCO). Vyhnete sa tak zbyto\u010dn\u00fdm a n\u00e1kladn\u00fdm z\u00e1sahom profesion\u00e1lneho monitorovacieho person\u00e1lu 24 hod\u00edn denne, 7 dn\u00ed v t\u00fd\u017edni.<\/p>\n<blockquote>\n<h2>Pou\u017e\u00edvate\u013esk\u00e9 bal\u00ed\u010dky<\/h2>\n<\/blockquote>\n<p>Pou\u017e\u00edvate\u013esk\u00e9 bal\u00edky z\u00e1visia od ve\u013ekosti syst\u00e9mu a zvolen\u00fdch slu\u017eieb, tak\u017ee si ka\u017ed\u00fd pou\u017e\u00edvate\u013e m\u00f4\u017ee vybra\u0165 bal\u00edk, ktor\u00fd zodpoved\u00e1 aktu\u00e1lnym potreb\u00e1m a v priebehu \u010dasu ho meni\u0165.<\/p>\n<blockquote>\n<h2>Dom\u00e1ca automatiz\u00e1cia<\/h2>\n<\/blockquote>\n<p>Integr\u00e1cia zariaden\u00ed dom\u00e1cej automatiz\u00e1cie umo\u017e\u0148uje jednoduch\u00fa spr\u00e1vu spotreby energie, vykurovania, osvetlenia a klimatiz\u00e1cie prostredn\u00edctvom mobiln\u00fdch zariaden\u00ed.<\/p>\n<blockquote>\n<h3>alex.shop<\/h3>\n<\/blockquote>\n<p>alex.shop poskytuje r\u00fdchly, ale informovan\u00fd v\u00fdber, n\u00e1kup a doru\u010denie bezpe\u010dnostn\u00e9ho rie\u0161enia priamo na adresu pou\u017e\u00edvate\u013eov. Transakcia s internetov\u00fdm obchodom je kompletne zabezpe\u010den\u00e1 prostredn\u00edctvom Corvus Pay \u2013 internetovou platobnou br\u00e1nou.<\/p>\n<blockquote>\n<h2>Podpora \u017eiv\u00e9ho chatu<\/h2>\n<\/blockquote>\n<p>Pri v\u00fdbere zariaden\u00ed, ich nastavovan\u00ed a pou\u017e\u00edvan\u00ed je poskytovan\u00e1 podpora prostredn\u00edctvom \u017eiv\u00e9ho chatu.<\/p>\n<p>[\/et_pb_text][\/et_pb_column][et_pb_column type=&#8220;1_4&#8243; _builder_version=&#8220;4.6.0&#8243; _module_preset=&#8220;default&#8220; custom_padding_tablet=&#8220;&#8220; custom_padding_phone=&#8220;&#8220; custom_padding_last_edited=&#8220;on|phone&#8220;][et_pb_image src=&#8220;https:\/\/www.alarmautomatika.com\/wp-content\/uploads\/2020\/10\/idea-express-logo-home-banner.png&#8220; alt=&#8220;iDEA Express&#8220; title_text=&#8220;iDEA Express&#8220; align=&#8220;center&#8220; _builder_version=&#8220;4.7.4&#8243; _module_preset=&#8220;default&#8220;][\/et_pb_image][et_pb_accordion module_class=&#8220;idea-value-propositions&#8220; _builder_version=&#8220;4.9.0&#8243; _module_preset=&#8220;default&#8220; global_module=&#8220;8296&#8243;][et_pb_accordion_item title=&#8220;Blank&#8220; open=&#8220;on&#8220; _builder_version=&#8220;4.9.0&#8243; _module_preset=&#8220;default&#8220; custom_css_main_element=&#8220;display:none;&#8220;][\/et_pb_accordion_item][et_pb_accordion_item title=&#8220;Clients&#8220; _builder_version=&#8220;4.9.0&#8243; _module_preset=&#8220;default&#8220; open=&#8220;off&#8220;]<\/p>\n<p><a href=\"https:\/\/www.alarmautomatika.com\/sk\/clients\/majitelia-bytovych-a-malych-budov\/\">Vlasnici stambenih i manjih poslovnih objekata<\/a><\/p>\n<p>[\/et_pb_accordion_item][et_pb_accordion_item title=&#8220;Products&#8220; _builder_version=&#8220;4.9.0&#8243; _module_preset=&#8220;default&#8220; open=&#8220;off&#8220;]<\/p>\n<p><a href=\"https:\/\/www.alarmautomatika.com\/sk\/produkty\/riadenie-spotreby-energie\/\">Upravljanje potro\u0161njom energije<\/a><\/p>\n<p><a href=\"https:\/\/www.alarmautomatika.com\/sk\/produkty\/ovladanie-osvetlenia\/\">Upravljanje rasvjetom<\/a><\/p>\n<p><a href=\"https:\/\/www.alarmautomatika.com\/sk\/produkty\/ochrana-proti-vlamaniu-s-foto-verifikaciou\/\">Protuprovala s videoverifikacijom<\/a><\/p>\n<p><a href=\"https:\/\/www.alarmautomatika.com\/sk\/produkty\/prevencia-poziaru-zaplavenia-a-uniku-plynu\/\">Prevencija po\u017eara, poplave i istjecanja plina<\/a><\/p>\n<p><a href=\"https:\/\/www.alarmautomatika.com\/sk\/produkty\/zamykanie-dveri\/\">Pametne brave<\/a><\/p>\n<p><a href=\"https:\/\/www.alarmautomatika.com\/sk\/produkty\/sos-lekarske-alarmy\/\">SOS medicinski alarmi<\/a><\/p>\n<p><a href=\"https:\/\/www.alarmautomatika.com\/sk\/produkty\/inteligentny-domaci-video-dohlad\/\">Videonadzor pametnog doma<\/a><\/p>\n<p>[\/et_pb_accordion_item][et_pb_accordion_item title=&#8220;Softwares&#8220; _builder_version=&#8220;4.9.0&#8243; _module_preset=&#8220;default&#8220; open=&#8220;off&#8220;]<\/p>\n<p><a href=\"https:\/\/www.alarmautomatika.com\/sk\/softwares\/mobile-app-for-confirmation-of-security-guards-intervention\/\">Mobilna aplikacija za potvrdu za\u0161titarske intervencije<\/a><\/p>\n<p>[\/et_pb_accordion_item][et_pb_accordion_item title=&#8220;Services&#8220; _builder_version=&#8220;4.9.0&#8243; _module_preset=&#8220;default&#8220; open=&#8220;off&#8220;]<\/p>\n<p><a href=\"https:\/\/www.alarmautomatika.com\/sk\/services\/tailored-to-the-user\/#paketi-prilagodjeni-potrebama-korisnika\" data-et-has-event-already=\"true\">Paketi prilago\u0111eni potrebama korisnika<\/a><\/p>\n<p><a href=\"https:\/\/www.alarmautomatika.com\/sk\/services\/tailored-to-the-user\/#dojava-alarma-na-mobitel\" data-et-has-event-already=\"true\">Dojava alarma na mobitel<\/a><\/p>\n<p><a href=\"https:\/\/www.alarmautomatika.com\/sk\/services\/tailored-to-the-user\/#servis-uredjaja\" data-et-has-event-already=\"true\">Servis ure\u0111aja<\/a><\/p>\n<p><a href=\"https:\/\/www.alarmautomatika.com\/sk\/services\/tailored-to-the-user\/#monitoring-sustava\" data-et-has-event-already=\"true\">Monitoring sustava<\/a><\/p>\n<p><a href=\"https:\/\/www.alarmautomatika.com\/sk\/services\/tailored-to-the-user\/#zastitarska-intervencija\" data-et-has-event-already=\"true\">Za\u0161titarska intervencija<\/a><\/p>\n<p>[\/et_pb_accordion_item][et_pb_accordion_item title=&#8220;Platform&#8220; _builder_version=&#8220;4.9.0&#8243; _module_preset=&#8220;default&#8220; open=&#8220;off&#8220;]<\/p>\n<p><a href=\"https:\/\/www.alarmautomatika.com\/sk\/platforma\/#b2c-platforma\" data-et-has-event-already=\"true\">Interaktivna B2C platforma<\/a><\/p>\n<p>[\/et_pb_accordion_item][\/et_pb_accordion][\/et_pb_column][\/et_pb_row][\/et_pb_section]<\/p>\n","protected":false},"excerpt":{"rendered":"<p>Bezdr\u00f4tov\u00e9 DIY rie\u0161enia pre dom\u00e1cich majstrov pre inteligentn\u00fd a bezpe\u010dn\u00fd domov Z\u00e1kazn\u00edci si m\u00f4\u017eu samostatne nain\u0161talova\u0165 a nakonfigurova\u0165 bezpe\u010dnostn\u00fd syst\u00e9m pomocou DIY (do-it-yourself) rie\u0161en\u00ed pre inteligentn\u00fd a bezpe\u010dn\u00fd domov, ktor\u00fd zabezpe\u010d\u00ed ich domov alebo kancel\u00e1riu pred vl\u00e1man\u00edm. Tieto rie\u0161enia minimalizuj\u00fa neporiadok pri in\u0161tal\u00e1cii, preto\u017ee komunikuj\u00fa bezdr\u00f4tovo. Monitorovanie a spr\u00e1va cez mobiln\u00e9 zariadenia Rie\u0161enia inteligentnej a [&hellip;]<\/p>\n","protected":false},"author":15,"featured_media":0,"parent":27206,"menu_order":0,"comment_status":"closed","ping_status":"closed","template":"","meta":{"_et_pb_use_builder":"on","_et_pb_old_content":"","_et_gb_content_width":"","footnotes":""},"class_list":["post-27243","page","type-page","status-publish","hentry"],"_links":{"self":[{"href":"https:\/\/www.alarmautomatika.com\/sk\/wp-json\/wp\/v2\/pages\/27243","targetHints":{"allow":["GET"]}}],"collection":[{"href":"https:\/\/www.alarmautomatika.com\/sk\/wp-json\/wp\/v2\/pages"}],"about":[{"href":"https:\/\/www.alarmautomatika.com\/sk\/wp-json\/wp\/v2\/types\/page"}],"author":[{"embeddable":true,"href":"https:\/\/www.alarmautomatika.com\/sk\/wp-json\/wp\/v2\/users\/15"}],"replies":[{"embeddable":true,"href":"https:\/\/www.alarmautomatika.com\/sk\/wp-json\/wp\/v2\/comments?post=27243"}],"version-history":[{"count":2,"href":"https:\/\/www.alarmautomatika.com\/sk\/wp-json\/wp\/v2\/pages\/27243\/revisions"}],"predecessor-version":[{"id":50413,"href":"https:\/\/www.alarmautomatika.com\/sk\/wp-json\/wp\/v2\/pages\/27243\/revisions\/50413"}],"up":[{"embeddable":true,"href":"https:\/\/www.alarmautomatika.com\/sk\/wp-json\/wp\/v2\/pages\/27206"}],"wp:attachment":[{"href":"https:\/\/www.alarmautomatika.com\/sk\/wp-json\/wp\/v2\/media?parent=27243"}],"curies":[{"name":"wp","href":"https:\/\/api.w.org\/{rel}","templated":true}]}}