{"id":27246,"date":"2020-08-20T13:21:57","date_gmt":"2020-08-20T11:21:57","guid":{"rendered":"https:\/\/www.alarmautomatika.com\/clients\/shopping-malls\/"},"modified":"2023-11-10T09:51:29","modified_gmt":"2023-11-10T08:51:29","slug":"nakupne-centra","status":"publish","type":"page","link":"https:\/\/www.alarmautomatika.com\/sk\/clients\/nakupne-centra\/","title":{"rendered":"N\u00e1kupn\u00e9 centr\u00e1"},"content":{"rendered":"<p>[et_pb_section fb_built=&#8220;1&#8243; _builder_version=&#8220;4.6.2&#8243; _module_preset=&#8220;default&#8220; background_image=&#8220;https:\/\/www.alarmautomatika.com\/wp-content\/uploads\/2020\/09\/trgovacki-centri.jpg&#8220; background_size=&#8220;initial&#8220; background_position=&#8220;top_center&#8220; global_colors_info=&#8220;{}&#8220;][et_pb_row _builder_version=&#8220;4.6.0&#8243; _module_preset=&#8220;default&#8220; width=&#8220;95%&#8220; global_colors_info=&#8220;{}&#8220;][et_pb_column type=&#8220;4_4&#8243; _builder_version=&#8220;4.6.0&#8243; _module_preset=&#8220;default&#8220; global_colors_info=&#8220;{}&#8220;][et_pb_text _builder_version=&#8220;4.6.0&#8243; _dynamic_attributes=&#8220;content&#8220; _module_preset=&#8220;default&#8220; text_font=&#8220;|600|||||||&#8220; text_text_color=&#8220;#ffffff&#8220; text_font_size=&#8220;48px&#8220; text_line_height=&#8220;1.2em&#8220; custom_padding=&#8220;80px|50px||50px|false|true&#8220; text_font_size_tablet=&#8220;40px&#8220; text_font_size_phone=&#8220;32px&#8220; text_font_size_last_edited=&#8220;on|desktop&#8220; text_line_height_tablet=&#8220;&#8220; text_line_height_phone=&#8220;&#8220; text_line_height_last_edited=&#8220;on|phone&#8220; header_font_tablet=&#8220;&#8220; header_font_phone=&#8220;&#8220; header_font_last_edited=&#8220;on|phone&#8220; header_font_size_tablet=&#8220;&#8220; header_font_size_phone=&#8220;&#8220; header_font_size_last_edited=&#8220;on|phone&#8220; header_line_height_tablet=&#8220;&#8220; header_line_height_phone=&#8220;&#8220; header_line_height_last_edited=&#8220;on|desktop&#8220; global_colors_info=&#8220;{}&#8220;]@ET-DC@eyJkeW5hbWljIjp0cnVlLCJjb250ZW50IjoicG9zdF90aXRsZSIsInNldHRpbmdzIjp7ImJlZm9yZSI6IiIsImFmdGVyIjoiIn19@[\/et_pb_text][\/et_pb_column][\/et_pb_row][et_pb_row column_structure=&#8220;3_4,1_4&#8243; _builder_version=&#8220;4.6.0&#8243; _module_preset=&#8220;default&#8220; background_color=&#8220;#ffffff&#8220; width=&#8220;95%&#8220; custom_margin=&#8220;20px||||false|false&#8220; custom_margin_tablet=&#8220;10px||||false|false&#8220; custom_margin_phone=&#8220;10px||||false|false&#8220; custom_margin_last_edited=&#8220;on|desktop&#8220; custom_padding=&#8220;50px|50px|50px|50px|true|true&#8220; box_shadow_style=&#8220;preset2&#8243; global_colors_info=&#8220;{}&#8220;][et_pb_column type=&#8220;3_4&#8243; _builder_version=&#8220;4.6.0&#8243; _module_preset=&#8220;default&#8220; global_colors_info=&#8220;{}&#8220;][et_pb_text _builder_version=&#8220;4.14.7&#8243; _module_preset=&#8220;default&#8220; link_font=&#8220;|600|||||||&#8220; header_2_text_align=&#8220;left&#8220; header_2_font_size=&#8220;30px&#8220; header_2_line_height=&#8220;1.2em&#8220; hover_enabled=&#8220;0&#8243; header_font_size_tablet=&#8220;48px&#8220; header_font_size_phone=&#8220;&#8220; header_font_size_last_edited=&#8220;on|tablet&#8220; header_2_font_size_tablet=&#8220;&#8220; header_2_font_size_phone=&#8220;25px&#8220; header_2_font_size_last_edited=&#8220;on|phone&#8220; global_colors_info=&#8220;{}&#8220; sticky_enabled=&#8220;0&#8243;]<\/p>\n<blockquote>\n<h2>Elektronick\u00fd syst\u00e9m ochrany tovaru (EAS)<\/h2>\n<\/blockquote>\n<p>EAS je naj\u00fa\u010dinnej\u0161\u00ed syst\u00e9m v prevencii kr\u00e1de\u017e\u00ed v obchodoch. Umo\u017e\u0148uje vystavenie a okam\u017eit\u00fa dostupnos\u0165 tovaru priamo z\u00e1kazn\u00edkom, bez potreby zvy\u0161ovania po\u010dtu predajcov. Pou\u017e\u00edva sa aj na efekt\u00edvnej\u0161ie riadenie maloobchodn\u00fdch procesov.<\/p>\n<blockquote>\n<h2>Integr\u00e1cia IP videa s POS pokladnicami<\/h2>\n<\/blockquote>\n<p>Video sa vyh\u013ead\u00e1va pod\u013ea k\u013e\u00fa\u010dov\u00fdch slov (d\u00e1tum, polo\u017eka, suma, predajca) a inform\u00e1ci\u00ed o transakcii kartou. Umo\u017e\u0148uje automatick\u00e9 generovanie alarmov v pr\u00edpade odmietnut\u00fdch transakci\u00ed, zobrazenie \u00fadajov z POS termin\u00e1lov na viacer\u00fdch miestach a export alebo archiv\u00e1ciu videoklipu alebo sporn\u00fdch z\u00e1znamov transakci\u00ed.<\/p>\n<blockquote>\n<h2>Po\u010d\u00edtanie z\u00e1kazn\u00edkov a anal\u00fdza obchodu<\/h2>\n<\/blockquote>\n<p><a href=\"https:\/\/www.alarmautomatika.com\/sk\/softwares\/people-counting\/#analitika_za_trgovine\">ABsistemSmartRetail<\/a> umo\u017e\u0148uje maloobchodn\u00edkom po\u010d\u00edta\u0165 z\u00e1kazn\u00edkov, sledova\u0165 ich spr\u00e1vanie v predajni (tepeln\u00e9 mapy) a zbiera\u0165 na jednom mieste \u00fadaje o po\u010dte z\u00e1kazn\u00edkov v s\u00favislosti s marketingov\u00fdmi kampa\u0148ami, inform\u00e1cie o spr\u00e1van\u00ed z\u00e1kazn\u00edkov v predajniach na r\u00f4znych miestach, analyzova\u0165 vz\u0165ah medzi po\u010das\u00edm podmienky a spr\u00e1vanie z\u00e1kazn\u00edkov a kontrolova\u0165 davy..<\/p>\n<blockquote>\n<h2>Rybie oko, tepeln\u00e9 mapy, z\u00e1znam na \u00farovni tv\u00e1re<\/h2>\n<\/blockquote>\n<p>Kamery typu rybie oko nahr\u00e1dzaj\u00fa viacero kamier pre sledovanie v\u00e4\u010d\u0161ieho priestoru bez straty detailov obrazu. Pou\u017e\u00edvaj\u00fa sa aj na anal\u00fdzu tepeln\u00fdch m\u00e1p spr\u00e1vania z\u00e1kazn\u00edkov v predajni . Na sledovanie reg\u00e1lov s tovarom sa pou\u017e\u00edvaj\u00fa \u0161peci\u00e1lne kamery, ktor\u00e9 sn\u00edmaj\u00fa na \u00farovni tv\u00e1re.<\/p>\n<blockquote>\n<h2>Bezpe\u010dnostn\u00e9 syst\u00e9my s\u00fa povinn\u00e9<\/h2>\n<\/blockquote>\n<p>Bezpe\u010dnostn\u00e9 syst\u00e9my zabezpe\u010duj\u00fa r\u00fdchle vyrozumenie a bezpe\u010dn\u00fa evaku\u00e1ciu v pr\u00edpade po\u017eiaru. M\u00f4\u017eu zn\u00ed\u017ei\u0165 celkov\u00e9 invest\u00edcie do stavebn\u00fdch protipo\u017eiarnych opatren\u00ed a nov\u00e9 technol\u00f3gie umo\u017e\u0148uj\u00fa zosie\u0165ovanie \u00fastredn\u00ed, kompatibilitu hl\u00e1si\u010dov od r\u00f4znych v\u00fdrobcov \u010di pr\u00edstup cez internet.<\/p>\n<blockquote>\n<h2>Integr\u00e1cia a centraliz\u00e1cia syst\u00e9mov na mieste<\/h2>\n<\/blockquote>\n<p>Softv\u00e9rov\u00e1 integr\u00e1cia technick\u00fdch bezpe\u010dnostn\u00fdch syst\u00e9mov na objekte umo\u017e\u0148uje jednoduch\u0161ie monitorovanie, riadenie a centraliz\u00e1ciu sign\u00e1lov z dislokovan\u00fdch objektov. Rie\u0161enie je roz\u0161\u00edrite\u013en\u00e9 o prid\u00e1vanie zariaden\u00ed, n\u00e1sledn\u00fa integr\u00e1ciu r\u00f4znych technick\u00fdch syst\u00e9mov ( napr. klimatiz\u00e1cia) a nov\u00fdch funkcional\u00edt (napr. ovl\u00e1danie parkovac\u00edch r\u00e1mp).<\/p>\n<blockquote>\n<h2>Dokument\u00e1cia aplikovan\u00fdch bezpe\u010dnostn\u00fdch opatren\u00ed<\/h2>\n<\/blockquote>\n<p>Hodnotenie bezpe\u010dnostnej zranite\u013enosti a projekt technickej bezpe\u010dnosti s\u00fa z\u00e1kladom pre neskor\u0161ie aktualiz\u00e1cie a \u00fadr\u017ebu syst\u00e9mu. S\u00fa\u010das\u0165ou dokument\u00e1cie s\u00fa aj certifik\u00e1ty zariaden\u00ed, ako aj z\u00e1znamy a pracovn\u00e9 pr\u00edkazy s\u00favisiace s opravami a servisom.<\/p>\n<blockquote>\n<h2>\u00dadr\u017eba a centr\u00e1lne technick\u00e9 monitorovanie (CTM)<\/h2>\n<\/blockquote>\n<p>Dia\u013ekov\u00e9 monitorovanie spr\u00e1vnosti a stability bezpe\u010dnostn\u00fdch syst\u00e9mov prostredn\u00edctvom slu\u017eby CTM umo\u017e\u0148uje r\u00fdchle odstr\u00e1nenie v\u0161etk\u00fdch zisten\u00fdch nezrovnalost\u00ed. Technick\u00fa podporu a organiz\u00e1ciu opr\u00e1v zabezpe\u010duje t\u00edm \u00fadr\u017eby.<\/p>\n<p>[\/et_pb_text][\/et_pb_column][et_pb_column type=&#8220;1_4&#8243; _builder_version=&#8220;4.6.0&#8243; _module_preset=&#8220;default&#8220; custom_padding_tablet=&#8220;&#8220; custom_padding_phone=&#8220;&#8220; custom_padding_last_edited=&#8220;on|phone&#8220; global_colors_info=&#8220;{}&#8220;][et_pb_image src=&#8220;https:\/\/www.alarmautomatika.com\/wp-content\/uploads\/2020\/10\/idea-solution-logo-home-banner.png&#8220; alt=&#8220;iDEA Solution&#8220; title_text=&#8220;iDEA Solution&#8220; align=&#8220;center&#8220; _builder_version=&#8220;4.7.4&#8243; _module_preset=&#8220;default&#8220; global_colors_info=&#8220;{}&#8220;][\/et_pb_image][et_pb_accordion module_class=&#8220;idea-value-propositions&#8220; _builder_version=&#8220;4.9.0&#8243; _module_preset=&#8220;default&#8220; global_module=&#8220;8292&#8243; global_colors_info=&#8220;{}&#8220;][et_pb_accordion_item title=&#8220;Blank&#8220; open=&#8220;on&#8220; _builder_version=&#8220;4.9.0&#8243; _module_preset=&#8220;default&#8220; custom_css_main_element=&#8220;display:none;&#8220; global_colors_info=&#8220;{}&#8220;][\/et_pb_accordion_item][et_pb_accordion_item title=&#8220;Clients&#8220; _builder_version=&#8220;4.9.0&#8243; _module_preset=&#8220;default&#8220; global_colors_info=&#8220;{}&#8220; open=&#8220;off&#8220;]<\/p>\n<p><a href=\"https:\/\/www.alarmautomatika.com\/sk\/clients\/banky-a-financne-institucie\/\">Banke i financijske institucije<\/a><\/p>\n<p><a href=\"https:\/\/www.alarmautomatika.com\/sk\/clients\/hotely\/\">Hoteli<\/a><\/p>\n<p><a href=\"https:\/\/www.alarmautomatika.com\/sk\/clients\/nakupne-centra\/\">Trgova\u010dki centri<\/a><\/p>\n<p><a href=\"https:\/\/www.alarmautomatika.com\/sk\/clients\/public-and-business-facilities\/\">Javni i poslovni objekti<\/a><\/p>\n<p><a href=\"https:\/\/www.alarmautomatika.com\/sk\/clients\/industry-and-large-infrastructure-facilities\/\">Industrija i kriti\u010dna infrastruktura<\/a><\/p>\n<p><a href=\"https:\/\/www.alarmautomatika.com\/sk\/clients\/public-areas-and-facilities\/\">Javne povr\u0161ine i prostori<\/a><\/p>\n<p>[\/et_pb_accordion_item][et_pb_accordion_item title=&#8220;Products&#8220; _builder_version=&#8220;4.9.0&#8243; _module_preset=&#8220;default&#8220; global_colors_info=&#8220;{}&#8220; open=&#8220;off&#8220;]<\/p>\n<p><a href=\"https:\/\/www.alarmautomatika.com\/sk\/produkty\/analytika-videa-a-umela-inteligencia\/\">Videoanalitika i umjetna inteligencija<\/a><\/p>\n<p><a href=\"https:\/\/www.alarmautomatika.com\/sk\/produkty\/termovizia-a-obvodova-ochrana\/\">Termovizija i za\u0161tita perimetra<\/a><\/p>\n<p><a href=\"https:\/\/www.alarmautomatika.com\/sk\/produkty\/pokrocile-systemy-kontroly-pristupu\/\">Napredni sustavi kontrole pristupa<\/a><\/p>\n<p><a href=\"https:\/\/www.alarmautomatika.com\/en\/products\/electronic-article-surveillance\/\">Elektroni\u010dka za\u0161tita artikala od kra\u0111e<\/a><\/p>\n<p><a href=\"https:\/\/www.alarmautomatika.com\/sk\/produkty\/inteligentne-riadenie-dopravy-a-parkovania\/\">Inteligentno upravljanje prometom i parkingom<\/a><\/p>\n<p><a href=\"https:\/\/www.alarmautomatika.com\/sk\/produkty\/bms-a-systemy-facility-managementu\/\">BMS i upravljanje sustavima na objektu<\/a><\/p>\n<p>[\/et_pb_accordion_item][et_pb_accordion_item title=&#8220;Softwares&#8220; _builder_version=&#8220;4.9.0&#8243; _module_preset=&#8220;default&#8220; global_colors_info=&#8220;{}&#8220; open=&#8220;off&#8220;]<\/p>\n<p><a href=\"https:\/\/www.alarmautomatika.com\/sk\/softwares\/intelligent-management-and-control\/#izdavanje-ulaznica\" data-et-has-event-already=\"true\">Izdavanje ulaznica<\/a><\/p>\n<p><a href=\"https:\/\/www.alarmautomatika.com\/sk\/softwares\/intelligent-management-and-control\/#brojanje-ljudi\" data-et-has-event-already=\"true\">Brojanje ljudi<\/a><\/p>\n<p><a href=\"https:\/\/www.alarmautomatika.com\/sk\/softwares\/intelligent-management-and-control\/#rezervacija-soba\" data-et-has-event-already=\"true\">Rezervacija soba<\/a><\/p>\n<p><a href=\"https:\/\/www.alarmautomatika.com\/sk\/softwares\/intelligent-management-and-control\/#parking-rjesenja\" data-et-has-event-already=\"true\">Parking rje\u0161enja<\/a><\/p>\n<p><a href=\"https:\/\/www.alarmautomatika.com\/sk\/softwares\/intelligent-management-and-control\/#upravljanje-prometom\" data-et-has-event-already=\"true\">Upravljanje prometom<\/a><\/p>\n<p><a href=\"https:\/\/www.alarmautomatika.com\/sk\/softwares\/intelligent-management-and-control\/#upravljanje-posjetiteljima\" data-et-has-event-already=\"true\">Upravljanje posjetiteljima<\/a><\/p>\n<p><a href=\"https:\/\/www.alarmautomatika.com\/sk\/softwares\/intelligent-management-and-control\/#nadzor-na-pretovarnim-stanicama\" data-et-has-event-already=\"true\">Nadzor na pretovarnim stanicama<\/a><\/p>\n<p>[\/et_pb_accordion_item][et_pb_accordion_item title=&#8220;Services&#8220; _builder_version=&#8220;4.9.0&#8243; _module_preset=&#8220;default&#8220; global_colors_info=&#8220;{}&#8220; open=&#8220;off&#8220;]<\/p>\n<p><a href=\"https:\/\/www.alarmautomatika.com\/sk\/services\/professional-services-for-complex-projects\/#projektiranje\" data-et-has-event-already=\"true\">Projektiranje<\/a><\/p>\n<p><a href=\"https:\/\/www.alarmautomatika.com\/sk\/services\/professional-services-for-complex-projects\/#prosudba-ugrozenosti-i-elaborat-mjera-sigurnosti\" data-et-has-event-already=\"true\">Prosudba ugro\u017eenosti i elaborat mjera sigurnosti<\/a><\/p>\n<p><a href=\"https:\/\/www.alarmautomatika.com\/sk\/services\/professional-services-for-complex-projects\/#konzalting\" data-et-has-event-already=\"true\">Konzalting<\/a><\/p>\n<p><a href=\"https:\/\/www.alarmautomatika.com\/sk\/services\/professional-services-for-complex-projects\/#nadzor-nad-izvodjenjem\" data-et-has-event-already=\"true\">Nadzor nad izvo\u0111enjem<\/a><\/p>\n<p><a href=\"https:\/\/www.alarmautomatika.com\/sk\/services\/professional-services-for-complex-projects\/#koordinacija-i-vodjenje-projekata\" data-et-has-event-already=\"true\">Koordinacija i vo\u0111enje projekata<\/a><\/p>\n<p><a href=\"https:\/\/www.alarmautomatika.com\/sk\/services\/professional-services-for-complex-projects\/#softverska-integracija\" data-et-has-event-already=\"true\">Softverska integracija i ukla\u0161anje u IKT<\/a><\/p>\n<p>[\/et_pb_accordion_item][et_pb_accordion_item title=&#8220;Platform&#8220; _builder_version=&#8220;4.9.0&#8243; _module_preset=&#8220;default&#8220; global_colors_info=&#8220;{}&#8220; open=&#8220;off&#8220;]<\/p>\n<p><a href=\"https:\/\/www.alarmautomatika.com\/sk\/platform\/#razmjena-znanja\" data-et-has-event-already=\"true\">Platforma za razmjenu znanja sudionika procesa gra\u0111enja<\/a><\/p>\n<p>[\/et_pb_accordion_item][\/et_pb_accordion][\/et_pb_column][\/et_pb_row][\/et_pb_section]<\/p>\n","protected":false},"excerpt":{"rendered":"<p>Elektronick\u00fd syst\u00e9m ochrany tovaru (EAS) EAS je naj\u00fa\u010dinnej\u0161\u00ed syst\u00e9m v prevencii kr\u00e1de\u017e\u00ed v obchodoch. Umo\u017e\u0148uje vystavenie a okam\u017eit\u00fa dostupnos\u0165 tovaru priamo z\u00e1kazn\u00edkom, bez potreby zvy\u0161ovania po\u010dtu predajcov. Pou\u017e\u00edva sa aj na efekt\u00edvnej\u0161ie riadenie maloobchodn\u00fdch procesov. Integr\u00e1cia IP videa s POS pokladnicami Video sa vyh\u013ead\u00e1va pod\u013ea k\u013e\u00fa\u010dov\u00fdch slov (d\u00e1tum, polo\u017eka, suma, predajca) a inform\u00e1ci\u00ed o transakcii [&hellip;]<\/p>\n","protected":false},"author":15,"featured_media":0,"parent":27206,"menu_order":0,"comment_status":"closed","ping_status":"closed","template":"","meta":{"_et_pb_use_builder":"on","_et_pb_old_content":"","_et_gb_content_width":"","footnotes":""},"class_list":["post-27246","page","type-page","status-publish","hentry"],"_links":{"self":[{"href":"https:\/\/www.alarmautomatika.com\/sk\/wp-json\/wp\/v2\/pages\/27246","targetHints":{"allow":["GET"]}}],"collection":[{"href":"https:\/\/www.alarmautomatika.com\/sk\/wp-json\/wp\/v2\/pages"}],"about":[{"href":"https:\/\/www.alarmautomatika.com\/sk\/wp-json\/wp\/v2\/types\/page"}],"author":[{"embeddable":true,"href":"https:\/\/www.alarmautomatika.com\/sk\/wp-json\/wp\/v2\/users\/15"}],"replies":[{"embeddable":true,"href":"https:\/\/www.alarmautomatika.com\/sk\/wp-json\/wp\/v2\/comments?post=27246"}],"version-history":[{"count":2,"href":"https:\/\/www.alarmautomatika.com\/sk\/wp-json\/wp\/v2\/pages\/27246\/revisions"}],"predecessor-version":[{"id":50427,"href":"https:\/\/www.alarmautomatika.com\/sk\/wp-json\/wp\/v2\/pages\/27246\/revisions\/50427"}],"up":[{"embeddable":true,"href":"https:\/\/www.alarmautomatika.com\/sk\/wp-json\/wp\/v2\/pages\/27206"}],"wp:attachment":[{"href":"https:\/\/www.alarmautomatika.com\/sk\/wp-json\/wp\/v2\/media?parent=27246"}],"curies":[{"name":"wp","href":"https:\/\/api.w.org\/{rel}","templated":true}]}}