{"id":27249,"date":"2020-08-20T13:53:48","date_gmt":"2020-08-20T11:53:48","guid":{"rendered":"https:\/\/www.alarmautomatika.com\/clients\/system-integrators\/"},"modified":"2023-11-10T09:48:08","modified_gmt":"2023-11-10T08:48:08","slug":"systemovi-integratori","status":"publish","type":"page","link":"https:\/\/www.alarmautomatika.com\/sk\/clients\/systemovi-integratori\/","title":{"rendered":"Syst\u00e9mov\u00ed integr\u00e1tori"},"content":{"rendered":"<p>[et_pb_section fb_built=&#8220;1&#8243; _builder_version=&#8220;4.6.2&#8243; _module_preset=&#8220;default&#8220; background_image=&#8220;https:\/\/www.alarmautomatika.com\/wp-content\/uploads\/2020\/09\/Sistem-integratori.jpg&#8220; background_size=&#8220;initial&#8220; background_position=&#8220;top_center&#8220; global_colors_info=&#8220;{}&#8220;][et_pb_row _builder_version=&#8220;4.6.0&#8243; _module_preset=&#8220;default&#8220; width=&#8220;95%&#8220; global_colors_info=&#8220;{}&#8220;][et_pb_column type=&#8220;4_4&#8243; _builder_version=&#8220;4.6.0&#8243; _module_preset=&#8220;default&#8220; global_colors_info=&#8220;{}&#8220;][et_pb_text _builder_version=&#8220;4.6.0&#8243; _dynamic_attributes=&#8220;content&#8220; _module_preset=&#8220;default&#8220; text_font=&#8220;|600|||||||&#8220; text_text_color=&#8220;#ffffff&#8220; text_font_size=&#8220;48px&#8220; text_line_height=&#8220;1.2em&#8220; custom_padding=&#8220;80px|50px||50px|false|true&#8220; text_font_size_tablet=&#8220;40px&#8220; text_font_size_phone=&#8220;32px&#8220; text_font_size_last_edited=&#8220;on|desktop&#8220; text_line_height_tablet=&#8220;&#8220; text_line_height_phone=&#8220;&#8220; text_line_height_last_edited=&#8220;on|phone&#8220; header_font_tablet=&#8220;&#8220; header_font_phone=&#8220;&#8220; header_font_last_edited=&#8220;on|phone&#8220; header_font_size_tablet=&#8220;&#8220; header_font_size_phone=&#8220;&#8220; header_font_size_last_edited=&#8220;on|phone&#8220; header_line_height_tablet=&#8220;&#8220; header_line_height_phone=&#8220;&#8220; header_line_height_last_edited=&#8220;on|desktop&#8220; global_colors_info=&#8220;{}&#8220;]@ET-DC@eyJkeW5hbWljIjp0cnVlLCJjb250ZW50IjoicG9zdF90aXRsZSIsInNldHRpbmdzIjp7ImJlZm9yZSI6IiIsImFmdGVyIjoiIn19@[\/et_pb_text][\/et_pb_column][\/et_pb_row][et_pb_row column_structure=&#8220;3_4,1_4&#8243; _builder_version=&#8220;4.6.0&#8243; _module_preset=&#8220;default&#8220; background_color=&#8220;#ffffff&#8220; width=&#8220;95%&#8220; custom_margin=&#8220;20px||||false|false&#8220; custom_margin_tablet=&#8220;10px||||false|false&#8220; custom_margin_phone=&#8220;10px||||false|false&#8220; custom_margin_last_edited=&#8220;on|desktop&#8220; custom_padding=&#8220;50px|50px|50px|50px|true|true&#8220; box_shadow_style=&#8220;preset2&#8243; global_colors_info=&#8220;{}&#8220;][et_pb_column type=&#8220;3_4&#8243; _builder_version=&#8220;4.6.0&#8243; _module_preset=&#8220;default&#8220; global_colors_info=&#8220;{}&#8220;][et_pb_text _builder_version=&#8220;4.10.5&#8243; _module_preset=&#8220;default&#8220; link_font=&#8220;|600|||||||&#8220; header_2_text_align=&#8220;left&#8220; header_2_font_size=&#8220;30px&#8220; header_2_line_height=&#8220;1.2em&#8220; hover_enabled=&#8220;0&#8243; header_font_size_tablet=&#8220;48px&#8220; header_font_size_phone=&#8220;&#8220; header_font_size_last_edited=&#8220;on|tablet&#8220; header_2_font_size_tablet=&#8220;&#8220; header_2_font_size_phone=&#8220;25px&#8220; header_2_font_size_last_edited=&#8220;on|phone&#8220; global_colors_info=&#8220;{}&#8220; sticky_enabled=&#8220;0&#8243;]<\/p>\n<blockquote>\n<h2>Zariadenia a technick\u00e1 dokument\u00e1cia<\/h2>\n<\/blockquote>\n<p>V\u0161etky bezpe\u010dnostn\u00e9 a zabezpe\u010dovacie zariadenia v portf\u00f3liu Alarm automatiky s\u00fa v s\u00falade s platn\u00fdmi normami a predpismi a je k nim prilo\u017een\u00e1 aj v\u0161etka potrebn\u00e1 technick\u00e1 dokument\u00e1cia a certifik\u00e1ty.<\/p>\n<blockquote>\n<h2>Projektov\u00e1 a technick\u00e1 podpora<\/h2>\n<\/blockquote>\n<p>Slu\u017eby projektovej a technickej podpory zah\u0155\u0148aj\u00fa podporu pri vypracovan\u00ed projektovej a s\u00fa\u0165a\u017enej dokument\u00e1cie, konzult\u00e1cie, kore\u0161pondenciu so zainteresovan\u00fdmi stranami projektu, odovzdanie a pr\u00edpravu \u010fal\u0161ej potrebnej dokument\u00e1cie.<\/p>\n<blockquote>\n<h2>Programovanie syst\u00e9mu a uvedenie do prev\u00e1dzky<\/h2>\n<\/blockquote>\n<p>Profesion\u00e1lne programovanie syst\u00e9mu a uvedenie do prev\u00e1dzky rie\u0161i probl\u00e9my, ktor\u00e9 m\u00f4\u017eu nasta\u0165 v d\u00f4sledku por\u00fach s\u00favisiacich s telef\u00f3nnou linkou, elektroin\u0161tal\u00e1ciou alebo pripojen\u00edm komponentov a definovan\u00edm z\u00f3n.<\/p>\n<blockquote>\n<h2>Syst\u00e9mov\u00e1 integr\u00e1cia<\/h2>\n<\/blockquote>\n<p>Profesion\u00e1lne vykonan\u00e1 syst\u00e9mov\u00e1 integr\u00e1cia v mieste in\u0161tal\u00e1cie zaru\u010duje, \u017ee investor z\u00edska funk\u010dn\u00e9 rie\u0161enie, ktor\u00e9 mu umo\u017en\u00ed dohliada\u0165 a riadi\u0165 cel\u00e9 zariadenie.<\/p>\n<blockquote>\n<h2>\u0160kolenia a certifik\u00e1ty<\/h2>\n<\/blockquote>\n<p>Pravidelne sa organizuj\u00fa \u0161kolenia a workshopy. Partnersk\u00e9 spolo\u010dnosti m\u00f4\u017eu z\u00edska\u0165 r\u00f4zne certifik\u00e1ty, ktor\u00e9 dokazuj\u00fa ich schopnosti a kompetencie pre pr\u00e1cu s dan\u00fdm sortimentom.<\/p>\n<p>[\/et_pb_text][\/et_pb_column][et_pb_column type=&#8220;1_4&#8243; _builder_version=&#8220;4.6.0&#8243; _module_preset=&#8220;default&#8220; custom_padding_tablet=&#8220;&#8220; custom_padding_phone=&#8220;&#8220; custom_padding_last_edited=&#8220;on|phone&#8220; global_colors_info=&#8220;{}&#8220;][et_pb_image src=&#8220;https:\/\/www.alarmautomatika.com\/wp-content\/uploads\/2020\/10\/idea-project-logo-home-banner.png&#8220; alt=&#8220;iDEA Project&#8220; title_text=&#8220;iDEA Project&#8220; align=&#8220;center&#8220; _builder_version=&#8220;4.7.4&#8243; _module_preset=&#8220;default&#8220; global_colors_info=&#8220;{}&#8220;][\/et_pb_image][et_pb_accordion module_class=&#8220;idea-value-propositions&#8220; _builder_version=&#8220;4.9.4&#8243; _module_preset=&#8220;default&#8220; global_module=&#8220;8294&#8243; global_colors_info=&#8220;{}&#8220;][et_pb_accordion_item title=&#8220;Blank&#8220; open=&#8220;on&#8220; _builder_version=&#8220;4.9.4&#8243; _module_preset=&#8220;default&#8220; custom_css_main_element=&#8220;display:none;&#8220; global_colors_info=&#8220;{}&#8220;][\/et_pb_accordion_item][et_pb_accordion_item title=&#8220;Clients&#8220; _builder_version=&#8220;4.9.0&#8243; _module_preset=&#8220;default&#8220; global_colors_info=&#8220;{}&#8220; open=&#8220;off&#8220;]<\/p>\n<p><a href=\"https:\/\/www.alarmautomatika.com\/sk\/clients\/architekti\/\">Arhitekti<\/a><\/p>\n<p><a href=\"https:\/\/www.alarmautomatika.com\/sk\/clients\/elektrotechnicki-dizajneri\/\">Elektro projektanti<\/a><\/p>\n<p><a href=\"https:\/\/www.alarmautomatika.com\/sk\/clients\/stavebnictvo-a-stavebny-sektor\/\">Gra\u0111evinari<\/a><\/p>\n<p><a href=\"https:\/\/www.alarmautomatika.com\/sk\/clients\/elektrotechnici\/\">Elektro instalateri<\/a><\/p>\n<p><a href=\"https:\/\/www.alarmautomatika.com\/sk\/clients\/systemovi-integratori\/\">Sistem integratori<\/a><\/p>\n<p>[\/et_pb_accordion_item][et_pb_accordion_item title=&#8220;Products&#8220; _builder_version=&#8220;4.9.4&#8243; _module_preset=&#8220;default&#8220; global_colors_info=&#8220;{}&#8220; open=&#8220;off&#8220;]<\/p>\n<p><a href=\"https:\/\/www.alarmautomatika.com\/en\/products\/inim-previdia\/\">Dojava po\u017eara<\/a><\/p>\n<p><a href=\"https:\/\/www.alarmautomatika.com\/sk\/produkty\/plynovy-poplach\/\">Dojava plina<\/a><\/p>\n<p><a href=\"https:\/\/www.alarmautomatika.com\/sk\/produkty\/hasiace-systemy\/\">Sustavi ga\u0161enja po\u017eara<\/a><\/p>\n<p><a href=\"https:\/\/www.alarmautomatika.com\/sk\/produkty\/evacuation-and-public-address-systems\/\">Evakuacijski (EVAC) i javni (PA) razglas<\/a><\/p>\n<p><a href=\"https:\/\/www.alarmautomatika.com\/sk\/produkty\/systemy-odvodu-dymu-a-tepla-a-ventilacie\/\">Odvo\u0111enje dima i topline i upravljanje po\u017earnim sektorima<\/a><\/p>\n<p><a href=\"https:\/\/www.alarmautomatika.com\/sk\/produkty\/nudzove-osvetlenie\/\">Panik rasvjeta<\/a><\/p>\n<p><a href=\"https:\/\/www.alarmautomatika.com\/sk\/produkty\/technicke-zabezpecenie\/\">Tehni\u010dka za\u0161tita<\/a><\/p>\n<p>[\/et_pb_accordion_item][et_pb_accordion_item title=&#8220;Softwares&#8220; _builder_version=&#8220;4.9.0&#8243; _module_preset=&#8220;default&#8220; global_colors_info=&#8220;{}&#8220; open=&#8220;off&#8220;]<\/p>\n<p><a href=\"https:\/\/www.alarmautomatika.com\/sk\/softwares\/supervision-and-management-of-technical-security-systems\/\">Nadzor i upravljanje sustavima za\u0161tite<\/a><\/p>\n<p>[\/et_pb_accordion_item][et_pb_accordion_item title=&#8220;Services&#8220; _builder_version=&#8220;4.9.0&#8243; _module_preset=&#8220;default&#8220; global_colors_info=&#8220;{}&#8220; open=&#8220;off&#8220;]<\/p>\n<p><a href=\"https:\/\/www.alarmautomatika.com\/sk\/services\/high-professionalism-in-all-project-phases\/#projektiranje-i-projektna-podrska\" data-et-has-event-already=\"true\">Projektiranje i projektna podr\u0161ka<\/a><\/p>\n<p><a href=\"https:\/\/www.alarmautomatika.com\/sk\/services\/high-professionalism-in-all-project-phases\/#vodjenje-projekata\" data-et-has-event-already=\"true\">Vo\u0111enje projekata<\/a><\/p>\n<p><a href=\"https:\/\/www.alarmautomatika.com\/sk\/services\/high-professionalism-in-all-project-phases\/#programiranje-i-integracija-sustava\" data-et-has-event-already=\"true\">Programiranje i integracija sustava<\/a><\/p>\n<p><a href=\"https:\/\/www.alarmautomatika.com\/sk\/services\/vysoka-profesionalita-vo-vsetkych-fazach-projektu\/#pustanje-sustava-u-rad\">Pu\u0161tanje sustava u rad<\/a><\/p>\n<p><a href=\"https:\/\/www.alarmautomatika.com\/sk\/services\/high-professionalism-in-all-project-phases\/#certificiranje\" data-et-has-event-already=\"true\">Certificiranje<\/a><\/p>\n<p><a href=\"https:\/\/www.alarmautomatika.com\/sk\/services\/high-professionalism-in-all-project-phases\/#idea-project-katalog-i-b2b-platforma\" data-et-has-event-already=\"true\">Projektni katalog i B2B platforma<\/a><\/p>\n<p>[\/et_pb_accordion_item][et_pb_accordion_item title=&#8220;Platform&#8220; _builder_version=&#8220;4.9.0&#8243; _module_preset=&#8220;default&#8220; global_colors_info=&#8220;{}&#8220; open=&#8220;off&#8220;]<\/p>\n<p><a href=\"https:\/\/www.alarmautomatika.com\/sk\/platforma\/#b2b-projektna-dokumentacija\" data-et-has-event-already=\"true\">B2B platforma s cjelokupnom dokumentacijom<\/a><\/p>\n<p>[\/et_pb_accordion_item][\/et_pb_accordion][\/et_pb_column][\/et_pb_row][\/et_pb_section]<\/p>\n","protected":false},"excerpt":{"rendered":"<p>Zariadenia a technick\u00e1 dokument\u00e1cia V\u0161etky bezpe\u010dnostn\u00e9 a zabezpe\u010dovacie zariadenia v portf\u00f3liu Alarm automatiky s\u00fa v s\u00falade s platn\u00fdmi normami a predpismi a je k nim prilo\u017een\u00e1 aj v\u0161etka potrebn\u00e1 technick\u00e1 dokument\u00e1cia a certifik\u00e1ty. Projektov\u00e1 a technick\u00e1 podpora Slu\u017eby projektovej a technickej podpory zah\u0155\u0148aj\u00fa podporu pri vypracovan\u00ed projektovej a s\u00fa\u0165a\u017enej dokument\u00e1cie, konzult\u00e1cie, kore\u0161pondenciu so zainteresovan\u00fdmi stranami [&hellip;]<\/p>\n","protected":false},"author":15,"featured_media":0,"parent":27206,"menu_order":0,"comment_status":"closed","ping_status":"closed","template":"","meta":{"_et_pb_use_builder":"on","_et_pb_old_content":"","_et_gb_content_width":"","footnotes":""},"class_list":["post-27249","page","type-page","status-publish","hentry"],"_links":{"self":[{"href":"https:\/\/www.alarmautomatika.com\/sk\/wp-json\/wp\/v2\/pages\/27249","targetHints":{"allow":["GET"]}}],"collection":[{"href":"https:\/\/www.alarmautomatika.com\/sk\/wp-json\/wp\/v2\/pages"}],"about":[{"href":"https:\/\/www.alarmautomatika.com\/sk\/wp-json\/wp\/v2\/types\/page"}],"author":[{"embeddable":true,"href":"https:\/\/www.alarmautomatika.com\/sk\/wp-json\/wp\/v2\/users\/15"}],"replies":[{"embeddable":true,"href":"https:\/\/www.alarmautomatika.com\/sk\/wp-json\/wp\/v2\/comments?post=27249"}],"version-history":[{"count":2,"href":"https:\/\/www.alarmautomatika.com\/sk\/wp-json\/wp\/v2\/pages\/27249\/revisions"}],"predecessor-version":[{"id":50368,"href":"https:\/\/www.alarmautomatika.com\/sk\/wp-json\/wp\/v2\/pages\/27249\/revisions\/50368"}],"up":[{"embeddable":true,"href":"https:\/\/www.alarmautomatika.com\/sk\/wp-json\/wp\/v2\/pages\/27206"}],"wp:attachment":[{"href":"https:\/\/www.alarmautomatika.com\/sk\/wp-json\/wp\/v2\/media?parent=27249"}],"curies":[{"name":"wp","href":"https:\/\/api.w.org\/{rel}","templated":true}]}}