{"id":27259,"date":"2020-08-20T14:32:57","date_gmt":"2020-08-20T12:32:57","guid":{"rendered":"https:\/\/www.alarmautomatika.com\/access-and-time-attendance-control\/"},"modified":"2023-11-10T09:51:49","modified_gmt":"2023-11-10T08:51:49","slug":"access-and-time-attendance-control","status":"publish","type":"page","link":"https:\/\/www.alarmautomatika.com\/sk\/produkty\/access-and-time-attendance-control\/","title":{"rendered":"Kontrola pr\u00edstupu a doch\u00e1dzky"},"content":{"rendered":"<p>[et_pb_section fb_built=&#8220;1&#8243; _builder_version=&#8220;4.6.2&#8243; _module_preset=&#8220;default&#8220; background_image=&#8220;https:\/\/www.alarmautomatika.com\/wp-content\/uploads\/2020\/09\/Kontrola-pristupa-i-evidencija-radnog-vremena.jpg&#8220; background_size=&#8220;initial&#8220; background_position=&#8220;top_center&#8220;][et_pb_row _builder_version=&#8220;4.6.0&#8243; _module_preset=&#8220;default&#8220; width=&#8220;95%&#8220;][et_pb_column type=&#8220;4_4&#8243; _builder_version=&#8220;4.6.0&#8243; _module_preset=&#8220;default&#8220;][et_pb_text _builder_version=&#8220;4.6.0&#8243; _dynamic_attributes=&#8220;content&#8220; _module_preset=&#8220;default&#8220; text_font=&#8220;|600|||||||&#8220; text_text_color=&#8220;#ffffff&#8220; text_font_size=&#8220;48px&#8220; text_line_height=&#8220;1.2em&#8220; custom_padding=&#8220;80px|50px||50px|false|true&#8220; text_font_size_tablet=&#8220;40px&#8220; text_font_size_phone=&#8220;32px&#8220; text_font_size_last_edited=&#8220;on|desktop&#8220; text_line_height_tablet=&#8220;&#8220; text_line_height_phone=&#8220;&#8220; text_line_height_last_edited=&#8220;on|phone&#8220; header_font_tablet=&#8220;&#8220; header_font_phone=&#8220;&#8220; header_font_last_edited=&#8220;on|phone&#8220; header_font_size_tablet=&#8220;&#8220; header_font_size_phone=&#8220;&#8220; header_font_size_last_edited=&#8220;on|phone&#8220; header_line_height_tablet=&#8220;&#8220; header_line_height_phone=&#8220;&#8220; header_line_height_last_edited=&#8220;on|desktop&#8220;]@ET-DC@eyJkeW5hbWljIjp0cnVlLCJjb250ZW50IjoicG9zdF90aXRsZSIsInNldHRpbmdzIjp7ImJlZm9yZSI6IiIsImFmdGVyIjoiIn19@[\/et_pb_text][\/et_pb_column][\/et_pb_row][et_pb_row column_structure=&#8220;3_4,1_4&#8243; _builder_version=&#8220;4.6.0&#8243; _module_preset=&#8220;default&#8220; background_color=&#8220;#ffffff&#8220; width=&#8220;95%&#8220; custom_margin=&#8220;20px||||false|false&#8220; custom_margin_tablet=&#8220;10px||||false|false&#8220; custom_margin_phone=&#8220;10px||||false|false&#8220; custom_margin_last_edited=&#8220;on|desktop&#8220; custom_padding=&#8220;50px|50px|50px|50px|true|true&#8220; box_shadow_style=&#8220;preset2&#8243;][et_pb_column type=&#8220;3_4&#8243; _builder_version=&#8220;4.6.0&#8243; _module_preset=&#8220;default&#8220;][et_pb_text _builder_version=&#8220;4.7.4&#8243; _module_preset=&#8220;default&#8220; link_font=&#8220;|600|||||||&#8220; header_2_text_align=&#8220;left&#8220; header_2_font_size=&#8220;30px&#8220; header_2_line_height=&#8220;1.2em&#8220; header_font_size_tablet=&#8220;48px&#8220; header_font_size_phone=&#8220;&#8220; header_font_size_last_edited=&#8220;on|tablet&#8220; header_2_font_size_tablet=&#8220;&#8220; header_2_font_size_phone=&#8220;25px&#8220; header_2_font_size_last_edited=&#8220;on|phone&#8220;]<\/p>\n<blockquote>\n<h2>Samostatn\u00e9 \u010d\u00edta\u010dky a ovl\u00e1da\u010de In-Out<\/h2>\n<\/blockquote>\n<p>Samostatn\u00e9 syst\u00e9my, kde je ovl\u00e1da\u010d a \u010d\u00edta\u010dka zjednoten\u00e9 v jednom kryte, s\u00fa vhodn\u00e9 do obytn\u00fdch alebo mal\u00fdch firemn\u00fdch priestorov v\u010faka dostupnej cene a jednoduchej in\u0161tal\u00e1cii. Sortiment In-Out syst\u00e9mov zah\u0155\u0148a nieko\u013eko typov \u010d\u00edta\u010diek, s r\u00f4znymi sp\u00f4sobmi identifik\u00e1cie &#8211; kartou, kl\u00e1vesnicou, odtla\u010dkom prsta a to v\u0161etko v antivandal preveden\u00ed.<\/p>\n<blockquote>\n<h2>Samostatn\u00e9 \u010d\u00edta\u010dky a ovl\u00e1da\u010de Jantar<\/h2>\n<\/blockquote>\n<p>Samostatn\u00e9 rie\u0161enia riadenia pr\u00edstupu Jantar je mo\u017en\u00e9 ovl\u00e1da\u0165 na dia\u013eku s trval\u00fdm alebo do\u010dasn\u00fdm pride\u013eovan\u00edm pr\u00edstupov\u00fdch k\u00f3dov. K dispoz\u00edcii je nieko\u013eko verzi\u00ed \u010d\u00edta\u010diek &#8211; s TCP\/IP protokolom alebo bez neho, ktor\u00e9 dok\u00e1\u017eu komunikova\u0165 s identifika\u010dn\u00fdmi m\u00e9diami r\u00f4znych typov (karty, visa\u010dky, PIN).<\/p>\n<blockquote>\n<h2>Jantar pokro\u010dil\u00e9 riadenie pr\u00edstupu<\/h2>\n<\/blockquote>\n<p>K dispoz\u00edcii s\u00fa r\u00f4zne verzie ovl\u00e1da\u010dov a \u010d\u00edta\u010diek Jantar, ktor\u00e9 dok\u00e1\u017eu ovl\u00e1da\u0165 viacero dver\u00ed pripojen\u00fdch k syst\u00e9mu. Hardv\u00e9r syst\u00e9mu je pripojen\u00fd k serveru, na ktorom je spusten\u00fd softv\u00e9r na riadenie pr\u00edstupu.<\/p>\n<blockquote>\n<h2>Jantar Codex aplik\u00e1cia pre doch\u00e1dzku<\/h2>\n<\/blockquote>\n<p>Kontrola pr\u00edstupu sa \u010dasto kombinuje s doch\u00e1dzkou, preto\u017ee syst\u00e9my s\u00fa logicky prepojen\u00e9 z h\u013eadiska identifik\u00e1cie a umiestnenia kontroln\u00fdch bodov. Dostupn\u00e9 s\u00fa r\u00f4zne verzie softv\u00e9ru Jantar Codex v z\u00e1vislosti od po\u010dtu zamestnancov a miesta registr\u00e1cie. Umo\u017e\u0148uj\u00fa mnoho pokro\u010dil\u00fdch funkci\u00ed a flexibiln\u00e9 riadenie \u013eudsk\u00fdch zdrojov.<\/p>\n<blockquote>\n<h2>Security Guard Tour &#8211; obch\u00f4dzkov\u00fd syst\u00e9m<\/h2>\n<\/blockquote>\n<p>S\u00faprava In-Out security Guard Tour pozost\u00e1va z prenosnej \u010d\u00edta\u010dky, pomocou ktorej str\u00e1\u017enik zaznamen\u00e1va svoju pr\u00edtomnos\u0165 na\u010d\u00edtan\u00edm \u0161t\u00edtkov kontroln\u00fdch bodov pozd\u013a\u017e miesta prehliadky. \u00dadaje z \u010d\u00edta\u010dky sa potom na\u010d\u00edtaj\u00fa do softv\u00e9ru na monitorovanie tr\u00e1s po n\u00e1vrate do monitorovacej stanice.<\/p>\n<p>[\/et_pb_text][\/et_pb_column][et_pb_column type=&#8220;1_4&#8243; _builder_version=&#8220;4.6.0&#8243; _module_preset=&#8220;default&#8220; custom_padding_tablet=&#8220;&#8220; custom_padding_phone=&#8220;&#8220; custom_padding_last_edited=&#8220;on|phone&#8220;][et_pb_image src=&#8220;https:\/\/www.alarmautomatika.com\/wp-content\/uploads\/2020\/10\/idea-classic-logo-home-banner.png&#8220; alt=&#8220;iDEA Classic&#8220; title_text=&#8220;iDEA Classic&#8220; align=&#8220;center&#8220; _builder_version=&#8220;4.7.4&#8243; _module_preset=&#8220;default&#8220;][\/et_pb_image][et_pb_accordion module_class=&#8220;idea-value-propositions&#8220; _builder_version=&#8220;4.9.0&#8243; _module_preset=&#8220;default&#8220; global_module=&#8220;8295&#8243;][et_pb_accordion_item title=&#8220;Blank&#8220; open=&#8220;on&#8220; _builder_version=&#8220;4.9.0&#8243; _module_preset=&#8220;default&#8220; custom_css_main_element=&#8220;display:none;&#8220;][\/et_pb_accordion_item][et_pb_accordion_item title=&#8220;Clients&#8220; _builder_version=&#8220;4.9.0&#8243; _module_preset=&#8220;default&#8220; open=&#8220;off&#8220;]<\/p>\n<p><a href=\"https:\/\/www.alarmautomatika.com\/sk\/clients\/montazne-firmy-s-licenciou\/\">Instalateri tehni\u010dke za\u0161tite<\/a><\/p>\n<p><a href=\"https:\/\/www.alarmautomatika.com\/sk\/clients\/centralna-monitorovacia-stanica-cms\/\">Dojavni centri<\/a><\/p>\n<p><a href=\"https:\/\/www.alarmautomatika.com\/sk\/clients\/instalateri\/\">Elektri\u010dari<\/a><\/p>\n<p><a href=\"https:\/\/www.alarmautomatika.com\/sk\/clients\/predajne-elektrospotrebicov-a-pocitacov-internetove-obchody\/\">Trgovine elektromaterijalom i IT opremom, internet trgovine<\/a><\/p>\n<p>[\/et_pb_accordion_item][et_pb_accordion_item title=&#8220;Products&#8220; _builder_version=&#8220;4.9.0&#8243; _module_preset=&#8220;default&#8220; open=&#8220;off&#8220;]<\/p>\n<p><a href=\"https:\/\/www.alarmautomatika.com\/sk\/produkty\/video\/\">Videonadzor<\/a><\/p>\n<p><a href=\"https:\/\/www.alarmautomatika.com\/sk\/produkty\/systemy-proti-vniknutiu-a-vlamaniu\/\">Protuprovala i protuprepad<\/a><\/p>\n<p><a href=\"https:\/\/www.alarmautomatika.com\/sk\/produkty\/video-interkom\/\">Videointerfoni<\/a><\/p>\n<p><a href=\"https:\/\/www.alarmautomatika.com\/sk\/produkty\/access-and-time-attendance-control\/\">Kontrola pristupa i evidencija radnog vremena<\/a><\/p>\n<p><a href=\"https:\/\/www.alarmautomatika.com\/sk\/produkty\/audio-riesenia\/\">Audio rje\u0161enja<\/a><\/p>\n<p><a href=\"https:\/\/www.alarmautomatika.com\/sk\/produkty\/automation-for-gates-doors-and-barriers\/\">Automatske rampe i vrata<\/a><\/p>\n<p><a href=\"https:\/\/www.alarmautomatika.com\/sk\/produkty\/centralna-monitorovacia-stationica-cms\/\">Oprema za dojavne centre<\/a><\/p>\n<p><a href=\"https:\/\/www.alarmautomatika.com\/sk\/produkty\/poziarne-a-plynove-poplachove-systemy\/\">Dojava po\u017eara i plina<\/a><\/p>\n<p>[\/et_pb_accordion_item][et_pb_accordion_item title=&#8220;Softwares&#8220; _builder_version=&#8220;4.9.0&#8243; _module_preset=&#8220;default&#8220; open=&#8220;off&#8220;]<\/p>\n<p><a href=\"https:\/\/www.alarmautomatika.com\/sk\/softwares\/reception-and-processing\/\">Prijem i obrada signala alarma<\/a><\/p>\n<p>[\/et_pb_accordion_item][et_pb_accordion_item title=&#8220;Services&#8220; _builder_version=&#8220;4.9.0&#8243; _module_preset=&#8220;default&#8220; open=&#8220;off&#8220;]<\/p>\n<p><a href=\"https:\/\/www.alarmautomatika.com\/sk\/services\/the-one-stop-source-concept\/#prodajna-i-tehnicka-podrska\" data-et-has-event-already=\"true\">Prodajna i tehni\u010dka podr\u0161ka<\/a><\/p>\n<p><a href=\"https:\/\/www.alarmautomatika.com\/sk\/services\/the-one-stop-source-concept\/#oprema-na-skladistu\" data-et-has-event-already=\"true\">Oprema na skladi\u0161tu<\/a><\/p>\n<p><a href=\"https:\/\/www.alarmautomatika.com\/sk\/services\/the-one-stop-source-concept\/#edukacija-instalatera\" data-et-has-event-already=\"true\">Edukacija instalatera<\/a><\/p>\n<p><a href=\"https:\/\/www.alarmautomatika.com\/sk\/services\/the-one-stop-source-concept\/#b2b-online-platforma\" data-et-has-event-already=\"true\">B2B online platforma<\/a><\/p>\n<p><a href=\"https:\/\/www.alarmautomatika.com\/sk\/services\/the-one-stop-source-concept\/#servis\" data-et-has-event-already=\"true\">Servis<\/a><\/p>\n<p><a href=\"https:\/\/www.alarmautomatika.com\/sk\/services\/the-one-stop-source-concept\/#idea-classic-katalog\" data-et-has-event-already=\"true\">iDEA Classic katalog<\/a><\/p>\n<p>[\/et_pb_accordion_item][et_pb_accordion_item title=&#8220;Platform&#8220; _builder_version=&#8220;4.9.0&#8243; _module_preset=&#8220;default&#8220; open=&#8220;off&#8220;]<\/p>\n<p><a href=\"https:\/\/www.alarmautomatika.com\/sk\/platforma\/#b2b-platforma\" data-et-has-event-already=\"true\">Jedinstvena B2B platforma koja \u0161tedi vrijeme<\/a><\/p>\n<p>[\/et_pb_accordion_item][\/et_pb_accordion][\/et_pb_column][\/et_pb_row][\/et_pb_section]<\/p>\n","protected":false},"excerpt":{"rendered":"<p>Samostatn\u00e9 \u010d\u00edta\u010dky a ovl\u00e1da\u010de In-Out Samostatn\u00e9 syst\u00e9my, kde je ovl\u00e1da\u010d a \u010d\u00edta\u010dka zjednoten\u00e9 v jednom kryte, s\u00fa vhodn\u00e9 do obytn\u00fdch alebo mal\u00fdch firemn\u00fdch priestorov v\u010faka dostupnej cene a jednoduchej in\u0161tal\u00e1cii. Sortiment In-Out syst\u00e9mov zah\u0155\u0148a nieko\u013eko typov \u010d\u00edta\u010diek, s r\u00f4znymi sp\u00f4sobmi identifik\u00e1cie &#8211; kartou, kl\u00e1vesnicou, odtla\u010dkom prsta a to v\u0161etko v antivandal preveden\u00ed. Samostatn\u00e9 \u010d\u00edta\u010dky a [&hellip;]<\/p>\n","protected":false},"author":15,"featured_media":0,"parent":41454,"menu_order":0,"comment_status":"closed","ping_status":"closed","template":"","meta":{"_et_pb_use_builder":"on","_et_pb_old_content":"","_et_gb_content_width":"","footnotes":""},"class_list":["post-27259","page","type-page","status-publish","hentry"],"_links":{"self":[{"href":"https:\/\/www.alarmautomatika.com\/sk\/wp-json\/wp\/v2\/pages\/27259","targetHints":{"allow":["GET"]}}],"collection":[{"href":"https:\/\/www.alarmautomatika.com\/sk\/wp-json\/wp\/v2\/pages"}],"about":[{"href":"https:\/\/www.alarmautomatika.com\/sk\/wp-json\/wp\/v2\/types\/page"}],"author":[{"embeddable":true,"href":"https:\/\/www.alarmautomatika.com\/sk\/wp-json\/wp\/v2\/users\/15"}],"replies":[{"embeddable":true,"href":"https:\/\/www.alarmautomatika.com\/sk\/wp-json\/wp\/v2\/comments?post=27259"}],"version-history":[{"count":2,"href":"https:\/\/www.alarmautomatika.com\/sk\/wp-json\/wp\/v2\/pages\/27259\/revisions"}],"predecessor-version":[{"id":50435,"href":"https:\/\/www.alarmautomatika.com\/sk\/wp-json\/wp\/v2\/pages\/27259\/revisions\/50435"}],"up":[{"embeddable":true,"href":"https:\/\/www.alarmautomatika.com\/sk\/wp-json\/wp\/v2\/pages\/41454"}],"wp:attachment":[{"href":"https:\/\/www.alarmautomatika.com\/sk\/wp-json\/wp\/v2\/media?parent=27259"}],"curies":[{"name":"wp","href":"https:\/\/api.w.org\/{rel}","templated":true}]}}