{"id":27262,"date":"2020-10-26T15:24:17","date_gmt":"2020-10-26T14:24:17","guid":{"rendered":"https:\/\/www.alarmautomatika.com\/education\/"},"modified":"2023-03-13T11:36:10","modified_gmt":"2023-03-13T10:36:10","slug":"skolenia","status":"publish","type":"page","link":"https:\/\/www.alarmautomatika.com\/sk\/skolenia\/","title":{"rendered":"\u0160kolenia na in\u0161tal\u00e1ciu syst\u00e9mov a softv\u00e9ru z portf\u00f3lia Alarm automatika"},"content":{"rendered":"<p>[et_pb_section fb_built=&#8220;1&#8243; _builder_version=&#8220;4.6.6&#8243; _module_preset=&#8220;default&#8220; background_image=&#8220;https:\/\/www.alarmautomatika.com\/wp-content\/uploads\/2020\/10\/edukacija.jpg&#8220; background_size=&#8220;initial&#8220; background_position=&#8220;top_center&#8220;][et_pb_row _builder_version=&#8220;4.6.0&#8243; _module_preset=&#8220;default&#8220; width=&#8220;95%&#8220;][et_pb_column type=&#8220;4_4&#8243; _builder_version=&#8220;4.6.0&#8243; _module_preset=&#8220;default&#8220;][et_pb_text _builder_version=&#8220;4.6.0&#8243; _dynamic_attributes=&#8220;content&#8220; _module_preset=&#8220;default&#8220; text_font=&#8220;|600|||||||&#8220; text_text_color=&#8220;#ffffff&#8220; text_font_size=&#8220;48px&#8220; text_line_height=&#8220;1.2em&#8220; custom_padding=&#8220;80px|50px||50px|false|true&#8220; text_font_size_tablet=&#8220;40px&#8220; text_font_size_phone=&#8220;32px&#8220; text_font_size_last_edited=&#8220;on|desktop&#8220; text_line_height_tablet=&#8220;&#8220; text_line_height_phone=&#8220;&#8220; text_line_height_last_edited=&#8220;on|phone&#8220; header_font_tablet=&#8220;&#8220; header_font_phone=&#8220;&#8220; header_font_last_edited=&#8220;on|phone&#8220; header_font_size_tablet=&#8220;&#8220; header_font_size_phone=&#8220;&#8220; header_font_size_last_edited=&#8220;on|phone&#8220; header_line_height_tablet=&#8220;&#8220; header_line_height_phone=&#8220;&#8220; header_line_height_last_edited=&#8220;on|desktop&#8220;]@ET-DC@eyJkeW5hbWljIjp0cnVlLCJjb250ZW50IjoicG9zdF90aXRsZSIsInNldHRpbmdzIjp7ImJlZm9yZSI6IiIsImFmdGVyIjoiIn19@[\/et_pb_text][\/et_pb_column][\/et_pb_row][et_pb_row _builder_version=&#8220;4.6.0&#8243; _module_preset=&#8220;default&#8220; background_color=&#8220;#ffffff&#8220; width=&#8220;95%&#8220; custom_margin=&#8220;20px||||false|false&#8220; custom_margin_tablet=&#8220;10px||||false|false&#8220; custom_margin_phone=&#8220;10px||||false|false&#8220; custom_margin_last_edited=&#8220;on|desktop&#8220; custom_padding=&#8220;50px|50px|50px|50px|true|true&#8220; box_shadow_style=&#8220;preset2&#8243;][et_pb_column type=&#8220;4_4&#8243; _builder_version=&#8220;4.6.0&#8243; _module_preset=&#8220;default&#8220;][et_pb_text _builder_version=&#8220;4.6.6&#8243; _module_preset=&#8220;default&#8220; header_2_text_align=&#8220;left&#8220; header_2_font_size=&#8220;30px&#8220; header_2_line_height=&#8220;1.2em&#8220; header_font_size_tablet=&#8220;48px&#8220; header_font_size_phone=&#8220;&#8220; header_font_size_last_edited=&#8220;on|tablet&#8220; header_2_font_size_tablet=&#8220;&#8220; header_2_font_size_phone=&#8220;25px&#8220; header_2_font_size_last_edited=&#8220;on|phone&#8220;]<\/p>\n<p>Pre svojich z\u00e1kazn\u00edkov a partnerov, Alarm automatika pravidelne organizuje \u0161kolenia na pou\u017e\u00edvanie a programovanie syst\u00e9mov technick\u00e9ho zabezpe\u010denia. Ich hlavn\u00fdm cie\u013eom je zv\u00fd\u0161i\u0165 kvalitu slu\u017eieb poskytovan\u00fdch koncov\u00fdm u\u017e\u00edvate\u013eom. \u0160kolenia sa v z\u00e1sade t\u00fdkaj\u00fa konkr\u00e9tneho v\u00fdrobcu zariaden\u00ed (DVC, Inim, Ajax, DSC, Jantar at\u010f.) a s\u00fa prisp\u00f4soben\u00e9 syst\u00e9mom, ktor\u00fdm sa \u00fa\u010dastn\u00edci venuj\u00fa (mont\u00e9ri technick\u00e9ho zabezpe\u010denia, oper\u00e1tori bezpe\u010dnostn\u00fdch CSM, elektroin\u0161talat\u00e9ri).<\/p>\n<h2>Model \u0161kolen\u00ed a po\u010det \u00fa\u010dastn\u00edkov<\/h2>\n<p>Modely \u0161kolen\u00ed s\u00fa prisp\u00f4soben\u00e9 po\u017eiadavk\u00e1m \u00fa\u010dastn\u00edkov a zameran\u00e9 na praktick\u00fa pr\u00e1cu s produktmi, syst\u00e9mami a softv\u00e9rom. V\u00e4\u010d\u0161inou ide o workshopov\u00fd typ, \u010do znamen\u00e1, \u017ee \u00fa\u010dastn\u00edci po \u00favodnej prezent\u00e1cii in\u0161truktora pracuj\u00fa samostatne so zariadeniami a softv\u00e9rom a m\u00f4\u017eu ich ihne\u010f zap\u00e1ja\u0165, programova\u0165 \u010di ladi\u0165. Po\u010det \u00fa\u010dastn\u00edkov je obmedzen\u00fd na osem os\u00f4b, aby sa zabezpe\u010dilo, \u017ee ka\u017ed\u00fd \u00fa\u010dastn\u00edk bude m\u00f4c\u0165 samostatne pracova\u0165 so \u0161pecifick\u00fdm vybaven\u00edm.<\/p>\n<h2>Aplik\u00e1cie<\/h2>\n<p>Implement\u00e1cia ka\u017ed\u00e9ho programu sa organizuje vtedy, ke\u010f sa prihl\u00e1si dostato\u010dn\u00fd po\u010det \u00fa\u010dastn\u00edkov. Kedyko\u013evek po\u010das roka m\u00f4\u017eete prejavi\u0165 z\u00e1ujem o niektor\u00fd vzdel\u00e1vac\u00ed program e-mailom zaslan\u00fdm na va\u0161u kontaktn\u00fa osobu v Alarm automatike. Nasleduje sp\u00e4tn\u00e1 v\u00e4zba o prvom dostupnom term\u00edne, v ktorom sa bude konkr\u00e9tny program realizova\u0165. Miesta v diel\u0148ach sa obsadzuj\u00fa pod\u013ea poradia prij\u00edmania prihl\u00e1\u0161ok.<\/p>\n<h2>Certifik\u00e1ty<\/h2>\n<p>Po \u00faspe\u0161nom absolvovan\u00ed programu dostan\u00fa \u00fa\u010dastn\u00edci Certifik\u00e1t o \u00fa\u010dasti.<\/p>\n<p>[\/et_pb_text][\/et_pb_column][\/et_pb_row][\/et_pb_section]<\/p>\n","protected":false},"excerpt":{"rendered":"<p>Pre svojich z\u00e1kazn\u00edkov a partnerov, Alarm automatika pravidelne organizuje \u0161kolenia na pou\u017e\u00edvanie a programovanie syst\u00e9mov technick\u00e9ho zabezpe\u010denia. Ich hlavn\u00fdm cie\u013eom je zv\u00fd\u0161i\u0165 kvalitu slu\u017eieb poskytovan\u00fdch koncov\u00fdm u\u017e\u00edvate\u013eom. \u0160kolenia sa v z\u00e1sade t\u00fdkaj\u00fa konkr\u00e9tneho v\u00fdrobcu zariaden\u00ed (DVC, Inim, Ajax, DSC, Jantar at\u010f.) a s\u00fa prisp\u00f4soben\u00e9 syst\u00e9mom, ktor\u00fdm sa \u00fa\u010dastn\u00edci venuj\u00fa (mont\u00e9ri technick\u00e9ho zabezpe\u010denia, oper\u00e1tori bezpe\u010dnostn\u00fdch CSM, [&hellip;]<\/p>\n","protected":false},"author":15,"featured_media":0,"parent":0,"menu_order":0,"comment_status":"closed","ping_status":"closed","template":"","meta":{"_et_pb_use_builder":"on","_et_pb_old_content":"","_et_gb_content_width":"","footnotes":""},"class_list":["post-27262","page","type-page","status-publish","hentry"],"_links":{"self":[{"href":"https:\/\/www.alarmautomatika.com\/sk\/wp-json\/wp\/v2\/pages\/27262","targetHints":{"allow":["GET"]}}],"collection":[{"href":"https:\/\/www.alarmautomatika.com\/sk\/wp-json\/wp\/v2\/pages"}],"about":[{"href":"https:\/\/www.alarmautomatika.com\/sk\/wp-json\/wp\/v2\/types\/page"}],"author":[{"embeddable":true,"href":"https:\/\/www.alarmautomatika.com\/sk\/wp-json\/wp\/v2\/users\/15"}],"replies":[{"embeddable":true,"href":"https:\/\/www.alarmautomatika.com\/sk\/wp-json\/wp\/v2\/comments?post=27262"}],"version-history":[{"count":0,"href":"https:\/\/www.alarmautomatika.com\/sk\/wp-json\/wp\/v2\/pages\/27262\/revisions"}],"wp:attachment":[{"href":"https:\/\/www.alarmautomatika.com\/sk\/wp-json\/wp\/v2\/media?parent=27262"}],"curies":[{"name":"wp","href":"https:\/\/api.w.org\/{rel}","templated":true}]}}