{"id":27268,"date":"2020-08-20T13:25:29","date_gmt":"2020-08-20T11:25:29","guid":{"rendered":"https:\/\/www.alarmautomatika.com\/advanced-access-control-systems\/"},"modified":"2023-11-10T09:50:58","modified_gmt":"2023-11-10T08:50:58","slug":"pokrocile-systemy-kontroly-pristupu","status":"publish","type":"page","link":"https:\/\/www.alarmautomatika.com\/sk\/produkty\/pokrocile-systemy-kontroly-pristupu\/","title":{"rendered":"Pokro\u010dil\u00e9 syst\u00e9my kontroly pr\u00edstupu"},"content":{"rendered":"<p>[et_pb_section fb_built=&#8220;1&#8243; _builder_version=&#8220;4.6.2&#8243; _module_preset=&#8220;default&#8220; background_image=&#8220;https:\/\/www.alarmautomatika.com\/wp-content\/uploads\/2020\/09\/napredni-sustavi-kontrole-pristupa.jpg&#8220; background_size=&#8220;initial&#8220; background_position=&#8220;top_center&#8220; global_colors_info=&#8220;{}&#8220;][et_pb_row _builder_version=&#8220;4.6.0&#8243; _module_preset=&#8220;default&#8220; width=&#8220;95%&#8220; global_colors_info=&#8220;{}&#8220;][et_pb_column type=&#8220;4_4&#8243; _builder_version=&#8220;4.6.0&#8243; _module_preset=&#8220;default&#8220; global_colors_info=&#8220;{}&#8220;][et_pb_text _builder_version=&#8220;4.6.0&#8243; _dynamic_attributes=&#8220;content&#8220; _module_preset=&#8220;default&#8220; text_font=&#8220;|600|||||||&#8220; text_text_color=&#8220;#ffffff&#8220; text_font_size=&#8220;48px&#8220; text_line_height=&#8220;1.2em&#8220; custom_padding=&#8220;80px|50px||50px|false|true&#8220; text_font_size_tablet=&#8220;40px&#8220; text_font_size_phone=&#8220;32px&#8220; text_font_size_last_edited=&#8220;on|desktop&#8220; text_line_height_tablet=&#8220;&#8220; text_line_height_phone=&#8220;&#8220; text_line_height_last_edited=&#8220;on|phone&#8220; header_font_tablet=&#8220;&#8220; header_font_phone=&#8220;&#8220; header_font_last_edited=&#8220;on|phone&#8220; header_font_size_tablet=&#8220;&#8220; header_font_size_phone=&#8220;&#8220; header_font_size_last_edited=&#8220;on|phone&#8220; header_line_height_tablet=&#8220;&#8220; header_line_height_phone=&#8220;&#8220; header_line_height_last_edited=&#8220;on|desktop&#8220; global_colors_info=&#8220;{}&#8220;]@ET-DC@eyJkeW5hbWljIjp0cnVlLCJjb250ZW50IjoicG9zdF90aXRsZSIsInNldHRpbmdzIjp7ImJlZm9yZSI6IiIsImFmdGVyIjoiIn19@[\/et_pb_text][\/et_pb_column][\/et_pb_row][et_pb_row column_structure=&#8220;3_4,1_4&#8243; _builder_version=&#8220;4.6.0&#8243; _module_preset=&#8220;default&#8220; background_color=&#8220;#ffffff&#8220; width=&#8220;95%&#8220; custom_margin=&#8220;20px||||false|false&#8220; custom_margin_tablet=&#8220;10px||||false|false&#8220; custom_margin_phone=&#8220;10px||||false|false&#8220; custom_margin_last_edited=&#8220;on|desktop&#8220; custom_padding=&#8220;50px|50px|50px|50px|true|true&#8220; box_shadow_style=&#8220;preset2&#8243; global_colors_info=&#8220;{}&#8220;][et_pb_column type=&#8220;3_4&#8243; _builder_version=&#8220;4.6.0&#8243; _module_preset=&#8220;default&#8220; global_colors_info=&#8220;{}&#8220;][et_pb_text _builder_version=&#8220;4.14.7&#8243; _module_preset=&#8220;default&#8220; link_font=&#8220;|600|||||||&#8220; header_2_text_align=&#8220;left&#8220; header_2_font_size=&#8220;30px&#8220; header_2_line_height=&#8220;1.2em&#8220; hover_enabled=&#8220;0&#8243; header_font_size_tablet=&#8220;48px&#8220; header_font_size_phone=&#8220;&#8220; header_font_size_last_edited=&#8220;on|tablet&#8220; header_2_font_size_tablet=&#8220;&#8220; header_2_font_size_phone=&#8220;25px&#8220; header_2_font_size_last_edited=&#8220;on|phone&#8220; global_colors_info=&#8220;{}&#8220; sticky_enabled=&#8220;0&#8243;]<\/p>\n<blockquote>\n<h2>Identifik\u00e1cia odtla\u010dkov prstov<\/h2>\n<\/blockquote>\n<p>Identifik\u00e1cia odtla\u010dkom prsta je najpou\u017e\u00edvanej\u0161ou met\u00f3dou biometrickej kontroly pr\u00edstupu pre svoju pohodlnos\u0165 a r\u00fdchlu identifik\u00e1ciu osoby. Pou\u017e\u00edva sa v zariadeniach, kde je d\u00f4le\u017eit\u00e9 presne ur\u010di\u0165 toto\u017enos\u0165 osoby vstupuj\u00facej do chr\u00e1nen\u00e9ho priestoru.<\/p>\n<blockquote>\n<h2>Rozpozn\u00e1vanie tv\u00e1re<\/h2>\n<\/blockquote>\n<p>Rozpoznanie tv\u00e1re cez IP video doh\u013ead sa pou\u017e\u00edva na riadenie pr\u00edstupu do vysoko zabezpe\u010den\u00fdch oblast\u00ed. Syst\u00e9m porovn\u00e1va sn\u00edmku osoby s fotografiami ulo\u017een\u00fdmi v datab\u00e1ze, os\u00f4b, ktor\u00e9 maj\u00fa povolenie na vstup. T\u00e1to funkcia z\u00e1rove\u0148 zabra\u0148uje zneu\u017eitiu ob\u010dianskych preukazov.<\/p>\n<blockquote>\n<h2>Centralizovan\u00e1 kontrola pr\u00edstupu a \u010dasov\u00e1 doch\u00e1dzka<\/h2>\n<\/blockquote>\n<p>Riadenie pr\u00edstupu a \u010dasov\u00e1 doch\u00e1dzka na b\u00e1ze IP umo\u017e\u0148uj\u00fa centralizovan\u00fa spr\u00e1vu syst\u00e9mov s viacer\u00fdmi dislokovan\u00fdmi objektmi. Prid\u00e1vanie pou\u017e\u00edvate\u013eov a pride\u013eovanie opr\u00e1vnen\u00ed (\u00farovne pr\u00edstupu) sa vykon\u00e1va na dia\u013eku a zber \u00fadajov o pracovnej dobe je centralizovan\u00fd. To v\u00fdrazne ur\u00fdch\u013euje mnoh\u00e9 administrat\u00edvne \u00fakony, ako je napr\u00edklad v\u00fdpo\u010det miezd.<\/p>\n<blockquote>\n<h2>Bari\u00e9ry pre \u013eud\u00ed a vozidl\u00e1<\/h2>\n<\/blockquote>\n<p>Ke\u010f je potrebn\u00e9 zabezpe\u010di\u0165, aby cez syst\u00e9m kontroly vstupu pre\u0161la iba jedna osoba pomocou iba jednej karty, pou\u017e\u00edvaj\u00fa sa r\u00f4zne z\u00e1vory alebo pre vy\u0161\u0161iu \u00farove\u0148 bezpe\u010dnosti oto\u010dn\u00e9 turnikety v plnej v\u00fd\u0161ke. Cestn\u00e9 z\u00e1brany s\u00fa najbe\u017enej\u0161\u00edm prostriedkom kontroly vjazdu vozidla a pri v\u00fdbere pr\u00edslu\u0161enstva treba dba\u0165 na jej spo\u013eahlivos\u0165 a \u017eivotnos\u0165, pracovn\u00fd cyklus a bezpe\u010dnos\u0165 pou\u017e\u00edvania.<\/p>\n<blockquote>\n<h2>Vyd\u00e1vanie l\u00edstkov<\/h2>\n<\/blockquote>\n<p>Proces vyd\u00e1vania l\u00edstkov je mo\u017en\u00e9 v\u00fdrazne ur\u00fdchli\u0165 online predajom a pou\u017e\u00edvan\u00edm automatov na l\u00edstky. ABsmartKiosk umo\u017e\u0148uje vyd\u00e1vanie a platbu l\u00edstkov v hotovosti alebo platobn\u00fdmi kartami a tie\u017e \u010d\u00edtanie \u010diarov\u00fdch k\u00f3dov online vystaven\u00fdch l\u00edstkov. Integr\u00e1cia prostredn\u00edctvom softv\u00e9ru ABsistemTicketing umo\u017e\u0148uje dodato\u010dn\u00fa integr\u00e1ciu so syst\u00e9mami kontroly pr\u00edstupu pri vchodoch, ako aj so softv\u00e9rom pre video doh\u013ead a riadenie podniku.<\/p>\n<p>[\/et_pb_text][\/et_pb_column][et_pb_column type=&#8220;1_4&#8243; _builder_version=&#8220;4.6.0&#8243; _module_preset=&#8220;default&#8220; custom_padding_tablet=&#8220;&#8220; custom_padding_phone=&#8220;&#8220; custom_padding_last_edited=&#8220;on|phone&#8220; global_colors_info=&#8220;{}&#8220;][et_pb_image src=&#8220;https:\/\/www.alarmautomatika.com\/wp-content\/uploads\/2020\/10\/idea-solution-logo-home-banner.png&#8220; alt=&#8220;iDEA Solution&#8220; title_text=&#8220;iDEA Solution&#8220; align=&#8220;center&#8220; _builder_version=&#8220;4.7.4&#8243; _module_preset=&#8220;default&#8220; global_colors_info=&#8220;{}&#8220;][\/et_pb_image][et_pb_accordion module_class=&#8220;idea-value-propositions&#8220; _builder_version=&#8220;4.9.0&#8243; _module_preset=&#8220;default&#8220; global_module=&#8220;8292&#8243; global_colors_info=&#8220;{}&#8220;][et_pb_accordion_item title=&#8220;Blank&#8220; open=&#8220;on&#8220; _builder_version=&#8220;4.9.0&#8243; _module_preset=&#8220;default&#8220; custom_css_main_element=&#8220;display:none;&#8220; global_colors_info=&#8220;{}&#8220;][\/et_pb_accordion_item][et_pb_accordion_item title=&#8220;Clients&#8220; _builder_version=&#8220;4.9.0&#8243; _module_preset=&#8220;default&#8220; global_colors_info=&#8220;{}&#8220; open=&#8220;off&#8220;]<\/p>\n<p><a href=\"https:\/\/www.alarmautomatika.com\/sk\/clients\/banky-a-financne-institucie\/\">Banke i financijske institucije<\/a><\/p>\n<p><a href=\"https:\/\/www.alarmautomatika.com\/sk\/clients\/hotely\/\">Hoteli<\/a><\/p>\n<p><a href=\"https:\/\/www.alarmautomatika.com\/sk\/clients\/nakupne-centra\/\">Trgova\u010dki centri<\/a><\/p>\n<p><a href=\"https:\/\/www.alarmautomatika.com\/sk\/clients\/verejne-a-obchodne-zariadenia\/\">Javni i poslovni objekti<\/a><\/p>\n<p><a href=\"https:\/\/www.alarmautomatika.com\/sk\/clients\/priemysel-a-velke-infrastrukturne-zariadenia\/\">Industrija i kriti\u010dna infrastruktura<\/a><\/p>\n<p><a href=\"https:\/\/www.alarmautomatika.com\/sk\/clients\/verejne-priestory-a-zariadenia\/\">Javne povr\u0161ine i prostori<\/a><\/p>\n<p>[\/et_pb_accordion_item][et_pb_accordion_item title=&#8220;Products&#8220; _builder_version=&#8220;4.9.0&#8243; _module_preset=&#8220;default&#8220; global_colors_info=&#8220;{}&#8220; open=&#8220;off&#8220;]<\/p>\n<p><a href=\"https:\/\/www.alarmautomatika.com\/sk\/produkty\/analytika-videa-a-umela-inteligencia\/\">Videoanalitika i umjetna inteligencija<\/a><\/p>\n<p><a href=\"https:\/\/www.alarmautomatika.com\/sk\/produkty\/termovizia-a-obvodova-ochrana\/\">Termovizija i za\u0161tita perimetra<\/a><\/p>\n<p><a href=\"https:\/\/www.alarmautomatika.com\/sk\/produkty\/pokrocile-systemy-kontroly-pristupu\/\">Napredni sustavi kontrole pristupa<\/a><\/p>\n<p><a href=\"https:\/\/www.alarmautomatika.com\/en\/products\/electronic-article-surveillance\/\">Elektroni\u010dka za\u0161tita artikala od kra\u0111e<\/a><\/p>\n<p><a href=\"https:\/\/www.alarmautomatika.com\/sk\/produkty\/inteligentne-riadenie-dopravy-a-parkovania\/\">Inteligentno upravljanje prometom i parkingom<\/a><\/p>\n<p><a href=\"https:\/\/www.alarmautomatika.com\/sk\/produkty\/bms-a-systemy-facility-managementu\/\">BMS i upravljanje sustavima na objektu<\/a><\/p>\n<p>[\/et_pb_accordion_item][et_pb_accordion_item title=&#8220;Softwares&#8220; _builder_version=&#8220;4.9.0&#8243; _module_preset=&#8220;default&#8220; global_colors_info=&#8220;{}&#8220; open=&#8220;off&#8220;]<\/p>\n<p><a href=\"https:\/\/www.alarmautomatika.com\/sk\/softwares\/intelligent-management-and-control\/#izdavanje-ulaznica\" data-et-has-event-already=\"true\">Izdavanje ulaznica<\/a><\/p>\n<p><a href=\"https:\/\/www.alarmautomatika.com\/sk\/softwares\/intelligent-management-and-control\/#brojanje-ljudi\" data-et-has-event-already=\"true\">Brojanje ljudi<\/a><\/p>\n<p><a href=\"https:\/\/www.alarmautomatika.com\/sk\/softwares\/intelligent-management-and-control\/#rezervacija-soba\" data-et-has-event-already=\"true\">Rezervacija soba<\/a><\/p>\n<p><a href=\"https:\/\/www.alarmautomatika.com\/sk\/softwares\/intelligent-management-and-control\/#parking-rjesenja\" data-et-has-event-already=\"true\">Parking rje\u0161enja<\/a><\/p>\n<p><a href=\"https:\/\/www.alarmautomatika.com\/sk\/softwares\/intelligent-management-and-control\/#upravljanje-prometom\" data-et-has-event-already=\"true\">Upravljanje prometom<\/a><\/p>\n<p><a href=\"https:\/\/www.alarmautomatika.com\/sk\/softwares\/intelligent-management-and-control\/#upravljanje-posjetiteljima\" data-et-has-event-already=\"true\">Upravljanje posjetiteljima<\/a><\/p>\n<p><a href=\"https:\/\/www.alarmautomatika.com\/sk\/softwares\/intelligent-management-and-control\/#nadzor-na-pretovarnim-stanicama\" data-et-has-event-already=\"true\">Nadzor na pretovarnim stanicama<\/a><\/p>\n<p>[\/et_pb_accordion_item][et_pb_accordion_item title=&#8220;Services&#8220; _builder_version=&#8220;4.9.0&#8243; _module_preset=&#8220;default&#8220; global_colors_info=&#8220;{}&#8220; open=&#8220;off&#8220;]<\/p>\n<p><a href=\"https:\/\/www.alarmautomatika.com\/sk\/services\/professional-services-for-complex-projects\/#projektiranje\" data-et-has-event-already=\"true\">Projektiranje<\/a><\/p>\n<p><a href=\"https:\/\/www.alarmautomatika.com\/sk\/services\/professional-services-for-complex-projects\/#prosudba-ugrozenosti-i-elaborat-mjera-sigurnosti\" data-et-has-event-already=\"true\">Prosudba ugro\u017eenosti i elaborat mjera sigurnosti<\/a><\/p>\n<p><a href=\"https:\/\/www.alarmautomatika.com\/sk\/services\/professional-services-for-complex-projects\/#konzalting\" data-et-has-event-already=\"true\">Konzalting<\/a><\/p>\n<p><a href=\"https:\/\/www.alarmautomatika.com\/sk\/services\/professional-services-for-complex-projects\/#nadzor-nad-izvodjenjem\" data-et-has-event-already=\"true\">Nadzor nad izvo\u0111enjem<\/a><\/p>\n<p><a href=\"https:\/\/www.alarmautomatika.com\/sk\/services\/professional-services-for-complex-projects\/#koordinacija-i-vodjenje-projekata\" data-et-has-event-already=\"true\">Koordinacija i vo\u0111enje projekata<\/a><\/p>\n<p><a href=\"https:\/\/www.alarmautomatika.com\/sk\/services\/professional-services-for-complex-projects\/#softverska-integracija\" data-et-has-event-already=\"true\">Softverska integracija i ukla\u0161anje u IKT<\/a><\/p>\n<p>[\/et_pb_accordion_item][et_pb_accordion_item title=&#8220;Platform&#8220; _builder_version=&#8220;4.9.0&#8243; _module_preset=&#8220;default&#8220; global_colors_info=&#8220;{}&#8220; open=&#8220;off&#8220;]<\/p>\n<p><a href=\"https:\/\/www.alarmautomatika.com\/sk\/platform\/#razmjena-znanja\" data-et-has-event-already=\"true\">Platforma za razmjenu znanja sudionika procesa gra\u0111enja<\/a><\/p>\n<p>[\/et_pb_accordion_item][\/et_pb_accordion][\/et_pb_column][\/et_pb_row][\/et_pb_section]<\/p>\n","protected":false},"excerpt":{"rendered":"<p>Identifik\u00e1cia odtla\u010dkov prstov Identifik\u00e1cia odtla\u010dkom prsta je najpou\u017e\u00edvanej\u0161ou met\u00f3dou biometrickej kontroly pr\u00edstupu pre svoju pohodlnos\u0165 a r\u00fdchlu identifik\u00e1ciu osoby. Pou\u017e\u00edva sa v zariadeniach, kde je d\u00f4le\u017eit\u00e9 presne ur\u010di\u0165 toto\u017enos\u0165 osoby vstupuj\u00facej do chr\u00e1nen\u00e9ho priestoru. Rozpozn\u00e1vanie tv\u00e1re Rozpoznanie tv\u00e1re cez IP video doh\u013ead sa pou\u017e\u00edva na riadenie pr\u00edstupu do vysoko zabezpe\u010den\u00fdch oblast\u00ed. Syst\u00e9m porovn\u00e1va sn\u00edmku osoby [&hellip;]<\/p>\n","protected":false},"author":15,"featured_media":0,"parent":41454,"menu_order":0,"comment_status":"closed","ping_status":"closed","template":"","meta":{"_et_pb_use_builder":"on","_et_pb_old_content":"","_et_gb_content_width":"","footnotes":""},"class_list":["post-27268","page","type-page","status-publish","hentry"],"_links":{"self":[{"href":"https:\/\/www.alarmautomatika.com\/sk\/wp-json\/wp\/v2\/pages\/27268","targetHints":{"allow":["GET"]}}],"collection":[{"href":"https:\/\/www.alarmautomatika.com\/sk\/wp-json\/wp\/v2\/pages"}],"about":[{"href":"https:\/\/www.alarmautomatika.com\/sk\/wp-json\/wp\/v2\/types\/page"}],"author":[{"embeddable":true,"href":"https:\/\/www.alarmautomatika.com\/sk\/wp-json\/wp\/v2\/users\/15"}],"replies":[{"embeddable":true,"href":"https:\/\/www.alarmautomatika.com\/sk\/wp-json\/wp\/v2\/comments?post=27268"}],"version-history":[{"count":2,"href":"https:\/\/www.alarmautomatika.com\/sk\/wp-json\/wp\/v2\/pages\/27268\/revisions"}],"predecessor-version":[{"id":50416,"href":"https:\/\/www.alarmautomatika.com\/sk\/wp-json\/wp\/v2\/pages\/27268\/revisions\/50416"}],"up":[{"embeddable":true,"href":"https:\/\/www.alarmautomatika.com\/sk\/wp-json\/wp\/v2\/pages\/41454"}],"wp:attachment":[{"href":"https:\/\/www.alarmautomatika.com\/sk\/wp-json\/wp\/v2\/media?parent=27268"}],"curies":[{"name":"wp","href":"https:\/\/api.w.org\/{rel}","templated":true}]}}