{"id":27274,"date":"2020-08-20T14:31:31","date_gmt":"2020-08-20T12:31:31","guid":{"rendered":"https:\/\/www.alarmautomatika.com\/anti-intrusion-and-anti-burglary-systems\/"},"modified":"2023-11-10T09:51:50","modified_gmt":"2023-11-10T08:51:50","slug":"systemy-proti-vniknutiu-a-vlamaniu","status":"publish","type":"page","link":"https:\/\/www.alarmautomatika.com\/sk\/produkty\/systemy-proti-vniknutiu-a-vlamaniu\/","title":{"rendered":"Syst\u00e9my proti vniknutiu a vl\u00e1maniu"},"content":{"rendered":"<p>[et_pb_section fb_built=&#8220;1&#8243; _builder_version=&#8220;4.15&#8243; _module_preset=&#8220;default&#8220; background_image=&#8220;https:\/\/www.alarmautomatika.com\/wp-content\/uploads\/2020\/09\/Protuprovala-i-protuprepad.jpg&#8220; background_size=&#8220;initial&#8220; background_position=&#8220;top_center&#8220; global_colors_info=&#8220;{}&#8220;][et_pb_row _builder_version=&#8220;4.15&#8243; _module_preset=&#8220;default&#8220; width=&#8220;95%&#8220; global_colors_info=&#8220;{}&#8220;][et_pb_column type=&#8220;4_4&#8243; _builder_version=&#8220;4.15&#8243; _module_preset=&#8220;default&#8220; global_colors_info=&#8220;{}&#8220;][et_pb_text _builder_version=&#8220;4.15&#8243; _dynamic_attributes=&#8220;content&#8220; _module_preset=&#8220;default&#8220; text_font=&#8220;|600|||||||&#8220; text_text_color=&#8220;#ffffff&#8220; text_font_size=&#8220;48px&#8220; text_line_height=&#8220;1.2em&#8220; custom_padding=&#8220;80px|50px||50px|false|true&#8220; text_font_size_tablet=&#8220;40px&#8220; text_font_size_phone=&#8220;32px&#8220; text_font_size_last_edited=&#8220;on|desktop&#8220; text_line_height_tablet=&#8220;&#8220; text_line_height_phone=&#8220;&#8220; text_line_height_last_edited=&#8220;on|phone&#8220; header_font_tablet=&#8220;&#8220; header_font_phone=&#8220;&#8220; header_font_last_edited=&#8220;on|phone&#8220; header_font_size_tablet=&#8220;&#8220; header_font_size_phone=&#8220;&#8220; header_font_size_last_edited=&#8220;on|phone&#8220; header_line_height_tablet=&#8220;&#8220; header_line_height_phone=&#8220;&#8220; header_line_height_last_edited=&#8220;on|desktop&#8220; global_colors_info=&#8220;{}&#8220;]@ET-DC@eyJkeW5hbWljIjp0cnVlLCJjb250ZW50IjoicG9zdF90aXRsZSIsInNldHRpbmdzIjp7ImJlZm9yZSI6IiIsImFmdGVyIjoiIn19@[\/et_pb_text][\/et_pb_column][\/et_pb_row][et_pb_row column_structure=&#8220;3_4,1_4&#8243; _builder_version=&#8220;4.15&#8243; _module_preset=&#8220;default&#8220; background_color=&#8220;#ffffff&#8220; width=&#8220;95%&#8220; custom_margin=&#8220;20px||||false|false&#8220; custom_margin_tablet=&#8220;10px||||false|false&#8220; custom_margin_phone=&#8220;10px||||false|false&#8220; custom_margin_last_edited=&#8220;on|desktop&#8220; custom_padding=&#8220;50px|50px|50px|50px|true|true&#8220; box_shadow_style=&#8220;preset2&#8243; global_colors_info=&#8220;{}&#8220;][et_pb_column type=&#8220;3_4&#8243; _builder_version=&#8220;4.15&#8243; _module_preset=&#8220;default&#8220; global_colors_info=&#8220;{}&#8220;][et_pb_text _builder_version=&#8220;4.15&#8243; _module_preset=&#8220;default&#8220; link_font=&#8220;|600|||||||&#8220; header_2_text_align=&#8220;left&#8220; header_2_font_size=&#8220;30px&#8220; header_2_line_height=&#8220;1.2em&#8220; header_font_size_tablet=&#8220;48px&#8220; header_font_size_phone=&#8220;&#8220; header_font_size_last_edited=&#8220;on|tablet&#8220; header_2_font_size_tablet=&#8220;&#8220; header_2_font_size_phone=&#8220;25px&#8220; header_2_font_size_last_edited=&#8220;on|phone&#8220; global_colors_info=&#8220;{}&#8220;]<\/p>\n<blockquote>\n<h2>Bezdr\u00f4tov\u00e9 syst\u00e9my Ajax \u2013 \u201eKe\u010f je bezpe\u010dnos\u0165 umenie\u201d<\/h2>\n<\/blockquote>\n<p>Inteligentn\u00fd bezdr\u00f4tov\u00fd syst\u00e9m Ajax poskytuje nov\u00fd z\u00e1\u017eitok pre u\u017e\u00edvate\u013eov aj in\u0161talat\u00e9rov bezpe\u010dnostn\u00fdch zariaden\u00ed, pri\u010dom kombinuje \u0161pi\u010dkov\u00fd dizajn s pokro\u010dil\u00fdmi high-tech rie\u0161eniami. Bezdr\u00f4tov\u00e9 syst\u00e9my Ajax sa \u013eahko in\u0161taluj\u00fa, ale s\u00fa spo\u013eahliv\u00e9 ako k\u00e1blov\u00e9. Alarm automatika je v\u00fdhradn\u00fdm z\u00e1stupcom zna\u010dky Ajax v Chorv\u00e1tsku, Slovinsku, Bosne a Hercegovine, Ma\u010farsku, Bulharsku, Maced\u00f3nsku, Srbsku, Alb\u00e1nsku a \u010ciernej Hore.<\/p>\n<p>[\/et_pb_text][et_pb_button button_url=&#8220;https:\/\/www.alarmautomatika.com\/sk\/ajax\/&#8220; button_text=&#8220;Ajax intelligent wireless system&#8220; button_alignment=&#8220;center&#8220; _builder_version=&#8220;4.15.0&#8243; _module_preset=&#8220;default&#8220; hover_enabled=&#8220;0&#8243; global_colors_info=&#8220;{}&#8220; sticky_enabled=&#8220;0&#8243;][\/et_pb_button][et_pb_text _builder_version=&#8220;4.15.0&#8243; _module_preset=&#8220;default&#8220; hover_enabled=&#8220;0&#8243; global_colors_info=&#8220;{}&#8220; sticky_enabled=&#8220;0&#8243;]<\/p>\n<blockquote>\n<h2>Mobiln\u00e1 aplik\u00e1cia Ajax<\/h2>\n<\/blockquote>\n<p>Prin\u00e1\u0161a ve\u013ea noviniek do sveta bezpe\u010dnosti. Pou\u017e\u00edvate\u013e spravuje bezpe\u010dnostn\u00fd syst\u00e9m Ajax jedn\u00fdm kliknut\u00edm a protokol udalost\u00ed umo\u017e\u0148uje sledovanie alarmov a aktiv\u00edt a\u017e pre 50 pou\u017e\u00edvate\u013eov. Jeho in\u0161tal\u00e1cia je pre in\u0161talat\u00e9rov mimoriadne jednoduch\u00e1 a umo\u017e\u0148uje in\u0161tal\u00e1ciu syst\u00e9mu za 30 min\u00fat.<\/p>\n<blockquote>\n<h2>Hybridn\u00e9 zabezpe\u010dovacie \u00fastredne DSC PowerSeries Neo<\/h2>\n<\/blockquote>\n<p>Poplachov\u00e9 \u00fastredne s hybridnou technol\u00f3giou so 16, 32, 64 alebo 128 z\u00f3nami s\u00fa dostupn\u00e9 pre r\u00f4zne ve\u013ekosti aplik\u00e1ci\u00ed. V\u0161etky panely s\u00fa dod\u00e1van\u00e9 s obojsmernou technol\u00f3giou PowerG pre v\u00e4\u010d\u0161iu spo\u013eahlivos\u0165 a ochranu bezdr\u00f4tov\u00e9ho prenosu poplachov\u00e9ho sign\u00e1lu.<\/p>\n<blockquote>\n<h2>Detektory DSC PowerSeries Neo<\/h2>\n<\/blockquote>\n<p>K dispoz\u00edcii je \u0161irok\u00e1 \u0161k\u00e1la detektorov pre detekciu vn\u00fatorn\u00fdch a vonkaj\u0161\u00edch naru\u0161ite\u013eov a detekciu stavu prostredia. Dostupn\u00e9 s\u00fa detektory s imunitou vo\u010di zvierat\u00e1m, ako aj detektory, ktor\u00e9 umo\u017e\u0148uj\u00fa overenie videa, mont\u00e1\u017e na strop a funkciu antimasking.<\/p>\n<blockquote>\n<h2>Riadenie syst\u00e9mov DSC PowerSeries Neo<\/h2>\n<\/blockquote>\n<p>Bezpe\u010dnostn\u00e9 syst\u00e9my DSC Neo mo\u017eno ovl\u00e1da\u0165 pomocou k\u00e1blov\u00fdch a bezdr\u00f4tov\u00fdch LCD alebo dotykov\u00fdch kl\u00e1vesn\u00edc. DSC Neo m\u00f4\u017ee fungova\u0165 aj ako syst\u00e9m osobnej ochrany pri pou\u017eit\u00ed n\u00fadzov\u00fdch tla\u010didiel.<\/p>\n<blockquote>\n<h2>Univerz\u00e1lne detektory a proti vl\u00e1maniu a komunik\u00e1tory<\/h2>\n<\/blockquote>\n<p>K dispoz\u00edcii je tie\u017e \u0161irok\u00fd v\u00fdber perif\u00e9rnych zariaden\u00ed proti vl\u00e1maniu od r\u00f4znych v\u00fdrobcov, ako s\u00fa DSC, S-Link, Inim, Menvier, AMC, Politec, Belt, Bentel a Enigma.<\/p>\n<p>[\/et_pb_text][\/et_pb_column][et_pb_column type=&#8220;1_4&#8243; _builder_version=&#8220;4.15&#8243; _module_preset=&#8220;default&#8220; custom_padding_tablet=&#8220;&#8220; custom_padding_phone=&#8220;&#8220; custom_padding_last_edited=&#8220;on|phone&#8220; global_colors_info=&#8220;{}&#8220;][et_pb_image src=&#8220;https:\/\/www.alarmautomatika.com\/wp-content\/uploads\/2020\/10\/idea-classic-logo-home-banner.png&#8220; alt=&#8220;iDEA Classic&#8220; title_text=&#8220;iDEA Classic&#8220; align=&#8220;center&#8220; _builder_version=&#8220;4.15&#8243; _module_preset=&#8220;default&#8220; global_colors_info=&#8220;{}&#8220;][\/et_pb_image][et_pb_accordion module_class=&#8220;idea-value-propositions&#8220; _builder_version=&#8220;4.9.0&#8243; _module_preset=&#8220;default&#8220; global_module=&#8220;8295&#8243; global_colors_info=&#8220;{}&#8220;][et_pb_accordion_item title=&#8220;Blank&#8220; open=&#8220;on&#8220; _builder_version=&#8220;4.15&#8243; _module_preset=&#8220;default&#8220; custom_css_main_element=&#8220;display:none;&#8220; global_colors_info=&#8220;{}&#8220;][\/et_pb_accordion_item][et_pb_accordion_item title=&#8220;Clients&#8220; _builder_version=&#8220;4.15&#8243; _module_preset=&#8220;default&#8220; global_colors_info=&#8220;{}&#8220; open=&#8220;off&#8220;]<\/p>\n<p><a href=\"https:\/\/www.alarmautomatika.com\/sk\/clients\/montazne-firmy-s-licenciou\/\">Instalateri tehni\u010dke za\u0161tite<\/a><\/p>\n<p><a href=\"https:\/\/www.alarmautomatika.com\/sk\/clients\/centralna-monitorovacia-stanica-cms\/\">Dojavni centri<\/a><\/p>\n<p><a href=\"https:\/\/www.alarmautomatika.com\/sk\/clients\/instalateri\/\">Elektri\u010dari<\/a><\/p>\n<p><a href=\"https:\/\/www.alarmautomatika.com\/sk\/clients\/predajne-elektrospotrebicov-a-pocitacov-internetove-obchody\/\">Trgovine elektromaterijalom i IT opremom, internet trgovine<\/a><\/p>\n<p>[\/et_pb_accordion_item][et_pb_accordion_item title=&#8220;Products&#8220; _builder_version=&#8220;4.15&#8243; _module_preset=&#8220;default&#8220; global_colors_info=&#8220;{}&#8220; open=&#8220;off&#8220;]<\/p>\n<p><a href=\"https:\/\/www.alarmautomatika.com\/sk\/produkty\/video\/\">Videonadzor<\/a><\/p>\n<p><a href=\"https:\/\/www.alarmautomatika.com\/sk\/produkty\/systemy-proti-vniknutiu-a-vlamaniu\/\">Protuprovala i protuprepad<\/a><\/p>\n<p><a href=\"https:\/\/www.alarmautomatika.com\/sk\/produkty\/video-interkom\/\">Videointerfoni<\/a><\/p>\n<p><a href=\"https:\/\/www.alarmautomatika.com\/sk\/produkty\/access-and-time-attendance-control\/\">Kontrola pristupa i evidencija radnog vremena<\/a><\/p>\n<p><a href=\"https:\/\/www.alarmautomatika.com\/sk\/produkty\/audio-riesenia\/\">Audio rje\u0161enja<\/a><\/p>\n<p><a href=\"https:\/\/www.alarmautomatika.com\/sk\/produkty\/automation-for-gates-doors-and-barriers\/\">Automatske rampe i vrata<\/a><\/p>\n<p><a href=\"https:\/\/www.alarmautomatika.com\/sk\/produkty\/centralna-monitorovacia-stationica-cms\/\">Oprema za dojavne centre<\/a><\/p>\n<p><a href=\"https:\/\/www.alarmautomatika.com\/sk\/produkty\/poziarne-a-plynove-poplachove-systemy\/\">Dojava po\u017eara i plina<\/a><\/p>\n<p>[\/et_pb_accordion_item][et_pb_accordion_item title=&#8220;Softwares&#8220; _builder_version=&#8220;4.15&#8243; _module_preset=&#8220;default&#8220; global_colors_info=&#8220;{}&#8220; open=&#8220;off&#8220;]<\/p>\n<p><a href=\"https:\/\/www.alarmautomatika.com\/sk\/softwares\/reception-and-processing\/\">Prijem i obrada signala alarma<\/a><\/p>\n<p>[\/et_pb_accordion_item][et_pb_accordion_item title=&#8220;Services&#8220; _builder_version=&#8220;4.15&#8243; _module_preset=&#8220;default&#8220; global_colors_info=&#8220;{}&#8220; open=&#8220;off&#8220;]<\/p>\n<p><a href=\"https:\/\/www.alarmautomatika.com\/sk\/services\/the-one-stop-source-concept\/#prodajna-i-tehnicka-podrska\" data-et-has-event-already=\"true\">Prodajna i tehni\u010dka podr\u0161ka<\/a><\/p>\n<p><a href=\"https:\/\/www.alarmautomatika.com\/sk\/services\/the-one-stop-source-concept\/#oprema-na-skladistu\" data-et-has-event-already=\"true\">Oprema na skladi\u0161tu<\/a><\/p>\n<p><a href=\"https:\/\/www.alarmautomatika.com\/sk\/services\/the-one-stop-source-concept\/#edukacija-instalatera\" data-et-has-event-already=\"true\">Edukacija instalatera<\/a><\/p>\n<p><a href=\"https:\/\/www.alarmautomatika.com\/sk\/services\/the-one-stop-source-concept\/#b2b-online-platforma\" data-et-has-event-already=\"true\">B2B online platforma<\/a><\/p>\n<p><a href=\"https:\/\/www.alarmautomatika.com\/sk\/services\/the-one-stop-source-concept\/#servis\" data-et-has-event-already=\"true\">Servis<\/a><\/p>\n<p><a href=\"https:\/\/www.alarmautomatika.com\/sk\/services\/the-one-stop-source-concept\/#idea-classic-katalog\" data-et-has-event-already=\"true\">iDEA Classic katalog<\/a><\/p>\n<p>[\/et_pb_accordion_item][et_pb_accordion_item title=&#8220;Platform&#8220; _builder_version=&#8220;4.15&#8243; _module_preset=&#8220;default&#8220; global_colors_info=&#8220;{}&#8220; open=&#8220;off&#8220;]<\/p>\n<p><a href=\"https:\/\/www.alarmautomatika.com\/sk\/platforma\/#b2b-platforma\" data-et-has-event-already=\"true\">Jedinstvena B2B platforma koja \u0161tedi vrijeme<\/a><\/p>\n<p>[\/et_pb_accordion_item][\/et_pb_accordion][\/et_pb_column][\/et_pb_row][\/et_pb_section]<\/p>\n","protected":false},"excerpt":{"rendered":"<p>Bezdr\u00f4tov\u00e9 syst\u00e9my Ajax \u2013 \u201eKe\u010f je bezpe\u010dnos\u0165 umenie\u201d Inteligentn\u00fd bezdr\u00f4tov\u00fd syst\u00e9m Ajax poskytuje nov\u00fd z\u00e1\u017eitok pre u\u017e\u00edvate\u013eov aj in\u0161talat\u00e9rov bezpe\u010dnostn\u00fdch zariaden\u00ed, pri\u010dom kombinuje \u0161pi\u010dkov\u00fd dizajn s pokro\u010dil\u00fdmi high-tech rie\u0161eniami. Bezdr\u00f4tov\u00e9 syst\u00e9my Ajax sa \u013eahko in\u0161taluj\u00fa, ale s\u00fa spo\u013eahliv\u00e9 ako k\u00e1blov\u00e9. Alarm automatika je v\u00fdhradn\u00fdm z\u00e1stupcom zna\u010dky Ajax v Chorv\u00e1tsku, Slovinsku, Bosne a Hercegovine, Ma\u010farsku, Bulharsku, [&hellip;]<\/p>\n","protected":false},"author":15,"featured_media":0,"parent":41454,"menu_order":0,"comment_status":"closed","ping_status":"closed","template":"","meta":{"_et_pb_use_builder":"on","_et_pb_old_content":"","_et_gb_content_width":"","footnotes":""},"class_list":["post-27274","page","type-page","status-publish","hentry"],"_links":{"self":[{"href":"https:\/\/www.alarmautomatika.com\/sk\/wp-json\/wp\/v2\/pages\/27274","targetHints":{"allow":["GET"]}}],"collection":[{"href":"https:\/\/www.alarmautomatika.com\/sk\/wp-json\/wp\/v2\/pages"}],"about":[{"href":"https:\/\/www.alarmautomatika.com\/sk\/wp-json\/wp\/v2\/types\/page"}],"author":[{"embeddable":true,"href":"https:\/\/www.alarmautomatika.com\/sk\/wp-json\/wp\/v2\/users\/15"}],"replies":[{"embeddable":true,"href":"https:\/\/www.alarmautomatika.com\/sk\/wp-json\/wp\/v2\/comments?post=27274"}],"version-history":[{"count":2,"href":"https:\/\/www.alarmautomatika.com\/sk\/wp-json\/wp\/v2\/pages\/27274\/revisions"}],"predecessor-version":[{"id":50436,"href":"https:\/\/www.alarmautomatika.com\/sk\/wp-json\/wp\/v2\/pages\/27274\/revisions\/50436"}],"up":[{"embeddable":true,"href":"https:\/\/www.alarmautomatika.com\/sk\/wp-json\/wp\/v2\/pages\/41454"}],"wp:attachment":[{"href":"https:\/\/www.alarmautomatika.com\/sk\/wp-json\/wp\/v2\/media?parent=27274"}],"curies":[{"name":"wp","href":"https:\/\/api.w.org\/{rel}","templated":true}]}}