{"id":27306,"date":"2020-08-20T14:57:01","date_gmt":"2020-08-20T12:57:01","guid":{"rendered":"https:\/\/www.alarmautomatika.com\/energy-consumption-management\/"},"modified":"2023-11-10T09:50:39","modified_gmt":"2023-11-10T08:50:39","slug":"riadenie-spotreby-energie","status":"publish","type":"page","link":"https:\/\/www.alarmautomatika.com\/sk\/produkty\/riadenie-spotreby-energie\/","title":{"rendered":"Riadenie spotreby energie"},"content":{"rendered":"<p>[et_pb_section fb_built=&#8220;1&#8243; _builder_version=&#8220;4.6.2&#8243; _module_preset=&#8220;default&#8220; background_image=&#8220;https:\/\/www.alarmautomatika.com\/wp-content\/uploads\/2020\/09\/Upravljanje-potrosnjom-energije.jpg&#8220; background_size=&#8220;initial&#8220; background_position=&#8220;top_center&#8220;][et_pb_row _builder_version=&#8220;4.6.0&#8243; _module_preset=&#8220;default&#8220; width=&#8220;95%&#8220;][et_pb_column type=&#8220;4_4&#8243; _builder_version=&#8220;4.6.0&#8243; _module_preset=&#8220;default&#8220;][et_pb_text _builder_version=&#8220;4.6.0&#8243; _dynamic_attributes=&#8220;content&#8220; _module_preset=&#8220;default&#8220; text_font=&#8220;|600|||||||&#8220; text_text_color=&#8220;#ffffff&#8220; text_font_size=&#8220;48px&#8220; text_line_height=&#8220;1.2em&#8220; custom_padding=&#8220;80px|50px||50px|false|true&#8220; text_font_size_tablet=&#8220;40px&#8220; text_font_size_phone=&#8220;32px&#8220; text_font_size_last_edited=&#8220;on|desktop&#8220; text_line_height_tablet=&#8220;&#8220; text_line_height_phone=&#8220;&#8220; text_line_height_last_edited=&#8220;on|phone&#8220; header_font_tablet=&#8220;&#8220; header_font_phone=&#8220;&#8220; header_font_last_edited=&#8220;on|phone&#8220; header_font_size_tablet=&#8220;&#8220; header_font_size_phone=&#8220;&#8220; header_font_size_last_edited=&#8220;on|phone&#8220; header_line_height_tablet=&#8220;&#8220; header_line_height_phone=&#8220;&#8220; header_line_height_last_edited=&#8220;on|desktop&#8220;]@ET-DC@eyJkeW5hbWljIjp0cnVlLCJjb250ZW50IjoicG9zdF90aXRsZSIsInNldHRpbmdzIjp7ImJlZm9yZSI6IiIsImFmdGVyIjoiIn19@[\/et_pb_text][\/et_pb_column][\/et_pb_row][et_pb_row column_structure=&#8220;3_4,1_4&#8243; _builder_version=&#8220;4.6.0&#8243; _module_preset=&#8220;default&#8220; background_color=&#8220;#ffffff&#8220; width=&#8220;95%&#8220; custom_margin=&#8220;20px||||false|false&#8220; custom_margin_tablet=&#8220;10px||||false|false&#8220; custom_margin_phone=&#8220;10px||||false|false&#8220; custom_margin_last_edited=&#8220;on|desktop&#8220; custom_padding=&#8220;50px|50px|50px|50px|true|true&#8220; box_shadow_style=&#8220;preset2&#8243;][et_pb_column type=&#8220;3_4&#8243; _builder_version=&#8220;4.6.0&#8243; _module_preset=&#8220;default&#8220;][et_pb_text _builder_version=&#8220;4.7.4&#8243; _module_preset=&#8220;default&#8220; link_font=&#8220;|600|||||||&#8220; header_2_text_align=&#8220;left&#8220; header_2_font_size=&#8220;30px&#8220; header_2_line_height=&#8220;1.2em&#8220; header_font_size_tablet=&#8220;48px&#8220; header_font_size_phone=&#8220;&#8220; header_font_size_last_edited=&#8220;on|tablet&#8220; header_2_font_size_tablet=&#8220;&#8220; header_2_font_size_phone=&#8220;25px&#8220; header_2_font_size_last_edited=&#8220;on|phone&#8220;]<\/p>\n<blockquote>\n<h2>Inteligentn\u00e9 z\u00e1suvky<\/h2>\n<\/blockquote>\n<p>Bezdr\u00f4tov\u00e9 inteligentn\u00e9 z\u00e1suvky s monitorovan\u00edm spotreby energie. Zariadenie chr\u00e1nia pred pre\u0165a\u017een\u00edm a skratom. S\u00fa vhodn\u00e9 na pripojenie v\u0161etk\u00fdch dom\u00e1cich spotrebi\u010dov, kompatibiln\u00e9 s EU z\u00e1suvkami typu F. Umo\u017e\u0148uj\u00fa zasielanie upozornen\u00ed v\u00fdpadkov pr\u00fadu prostredn\u00edctvom SMS alebo push notifik\u00e1cie na mobiln\u00fd telef\u00f3n pou\u017e\u00edvate\u013ea.<\/p>\n<blockquote>\n<h2>Bezdr\u00f4tov\u00e9 vyp\u00edna\u010de<\/h2>\n<\/blockquote>\n<p>Pomocou t\u00fdchto n\u00e1stenn\u00fdch vyp\u00edna\u010dov m\u00f4\u017eete jednoducho ovl\u00e1da\u0165 osvetlenie a in\u00e9 elektrick\u00e9 zariadenia. Bezdr\u00f4tov\u00e9 n\u00e1stenn\u00e9 vyp\u00edna\u010de sa jednoducho namontuj\u00fa ako n\u00e1hrada existuj\u00facich n\u00e1stenn\u00fdch vyp\u00edna\u010dov alebo sa daj\u00fa umiestni\u0165 na ak\u00fdko\u013evek rovn\u00fd povrch pomocou lepiacich p\u00e1sok.<\/p>\n<p>Bezdr\u00f4tov\u00e9 mini prep\u00edna\u010de nevy\u017eaduj\u00fa k\u00e1blov\u00e9 pripojenie a v\u010faka svojmu miniat\u00farnemu dizajnu dobre zapadn\u00fa do r\u00f4znych prostred\u00ed.<\/p>\n<blockquote>\n<h2>Rel\u00e9<\/h2>\n<\/blockquote>\n<p>Bezdr\u00f4tov\u00e9 rel\u00e9 umo\u017e\u0148uj\u00fa dia\u013ekov\u00e9 ovl\u00e1danie vysokonap\u00e4\u0165ov\u00fdch a n\u00edzkonap\u00e4\u0165ov\u00fdch zariaden\u00ed. Pou\u017e\u00edvaj\u00fa sa na zap\u00ednanie\/vyp\u00ednanie \u017eehli\u010diek, gar\u00e1\u017eov\u00fdch br\u00e1n, ohrieva\u010dov vody a vyhrievania podl\u00e1h. Zariadenia s\u00fa chr\u00e1nen\u00e9 proti prep\u00e4tiu a prehriatiu. Mo\u017eno ich pou\u017ei\u0165 aj na aktiv\u00e1ciu elektrick\u00fdch z\u00e1mkov, vchodov\u00fdch a rolovac\u00edch dver\u00ed, \u017eal\u00fazi\u00ed a z\u00e1vesov a na re\u0161tartovanie modemov a routrov. Bezpe\u010dnos\u0165 pou\u017e\u00edvania zariaden\u00ed je zaru\u010den\u00e1 autentifik\u00e1ciou, detekciou ru\u0161enia a \u0161ifrovan\u00edm komunika\u010dn\u00fdch kan\u00e1lov.<\/p>\n<p>[\/et_pb_text][\/et_pb_column][et_pb_column type=&#8220;1_4&#8243; _builder_version=&#8220;4.6.0&#8243; _module_preset=&#8220;default&#8220; custom_padding_tablet=&#8220;&#8220; custom_padding_phone=&#8220;&#8220; custom_padding_last_edited=&#8220;on|phone&#8220;][et_pb_image src=&#8220;https:\/\/www.alarmautomatika.com\/wp-content\/uploads\/2020\/10\/idea-express-logo-home-banner.png&#8220; alt=&#8220;iDEA Express&#8220; title_text=&#8220;iDEA Express&#8220; align=&#8220;center&#8220; _builder_version=&#8220;4.7.4&#8243; _module_preset=&#8220;default&#8220;][\/et_pb_image][et_pb_accordion module_class=&#8220;idea-value-propositions&#8220; _builder_version=&#8220;4.9.0&#8243; _module_preset=&#8220;default&#8220; global_module=&#8220;8296&#8243;][et_pb_accordion_item title=&#8220;Blank&#8220; open=&#8220;on&#8220; _builder_version=&#8220;4.9.0&#8243; _module_preset=&#8220;default&#8220; custom_css_main_element=&#8220;display:none;&#8220;][\/et_pb_accordion_item][et_pb_accordion_item title=&#8220;Clients&#8220; _builder_version=&#8220;4.9.0&#8243; _module_preset=&#8220;default&#8220; open=&#8220;off&#8220;]<\/p>\n<p><a href=\"https:\/\/www.alarmautomatika.com\/sk\/clients\/majitelia-bytovych-a-malych-budov\/\">Vlasnici stambenih i manjih poslovnih objekata<\/a><\/p>\n<p>[\/et_pb_accordion_item][et_pb_accordion_item title=&#8220;Products&#8220; _builder_version=&#8220;4.9.0&#8243; _module_preset=&#8220;default&#8220; open=&#8220;off&#8220;]<\/p>\n<p><a href=\"https:\/\/www.alarmautomatika.com\/sk\/produkty\/riadenie-spotreby-energie\/\">Upravljanje potro\u0161njom energije<\/a><\/p>\n<p><a href=\"https:\/\/www.alarmautomatika.com\/sk\/produkty\/ovladanie-osvetlenia\/\">Upravljanje rasvjetom<\/a><\/p>\n<p><a href=\"https:\/\/www.alarmautomatika.com\/sk\/produkty\/ochrana-proti-vlamaniu-s-foto-verifikaciou\/\">Protuprovala s videoverifikacijom<\/a><\/p>\n<p><a href=\"https:\/\/www.alarmautomatika.com\/sk\/produkty\/prevencia-poziaru-zaplavenia-a-uniku-plynu\/\">Prevencija po\u017eara, poplave i istjecanja plina<\/a><\/p>\n<p><a href=\"https:\/\/www.alarmautomatika.com\/sk\/produkty\/zamykanie-dveri\/\">Pametne brave<\/a><\/p>\n<p><a href=\"https:\/\/www.alarmautomatika.com\/sk\/produkty\/sos-lekarske-alarmy\/\">SOS medicinski alarmi<\/a><\/p>\n<p><a href=\"https:\/\/www.alarmautomatika.com\/sk\/produkty\/inteligentny-domaci-video-dohlad\/\">Videonadzor pametnog doma<\/a><\/p>\n<p>[\/et_pb_accordion_item][et_pb_accordion_item title=&#8220;Softwares&#8220; _builder_version=&#8220;4.9.0&#8243; _module_preset=&#8220;default&#8220; open=&#8220;off&#8220;]<\/p>\n<p><a href=\"https:\/\/www.alarmautomatika.com\/sk\/softwares\/mobile-app-for-confirmation-of-security-guards-intervention\/\">Mobilna aplikacija za potvrdu za\u0161titarske intervencije<\/a><\/p>\n<p>[\/et_pb_accordion_item][et_pb_accordion_item title=&#8220;Services&#8220; _builder_version=&#8220;4.9.0&#8243; _module_preset=&#8220;default&#8220; open=&#8220;off&#8220;]<\/p>\n<p><a href=\"https:\/\/www.alarmautomatika.com\/sk\/services\/tailored-to-the-user\/#paketi-prilagodjeni-potrebama-korisnika\" data-et-has-event-already=\"true\">Paketi prilago\u0111eni potrebama korisnika<\/a><\/p>\n<p><a href=\"https:\/\/www.alarmautomatika.com\/sk\/services\/tailored-to-the-user\/#dojava-alarma-na-mobitel\" data-et-has-event-already=\"true\">Dojava alarma na mobitel<\/a><\/p>\n<p><a href=\"https:\/\/www.alarmautomatika.com\/sk\/services\/tailored-to-the-user\/#servis-uredjaja\" data-et-has-event-already=\"true\">Servis ure\u0111aja<\/a><\/p>\n<p><a href=\"https:\/\/www.alarmautomatika.com\/sk\/services\/tailored-to-the-user\/#monitoring-sustava\" data-et-has-event-already=\"true\">Monitoring sustava<\/a><\/p>\n<p><a href=\"https:\/\/www.alarmautomatika.com\/sk\/services\/tailored-to-the-user\/#zastitarska-intervencija\" data-et-has-event-already=\"true\">Za\u0161titarska intervencija<\/a><\/p>\n<p>[\/et_pb_accordion_item][et_pb_accordion_item title=&#8220;Platform&#8220; _builder_version=&#8220;4.9.0&#8243; _module_preset=&#8220;default&#8220; open=&#8220;off&#8220;]<\/p>\n<p><a href=\"https:\/\/www.alarmautomatika.com\/sk\/platforma\/#b2c-platforma\" data-et-has-event-already=\"true\">Interaktivna B2C platforma<\/a><\/p>\n<p>[\/et_pb_accordion_item][\/et_pb_accordion][\/et_pb_column][\/et_pb_row][\/et_pb_section]<\/p>\n","protected":false},"excerpt":{"rendered":"<p>Inteligentn\u00e9 z\u00e1suvky Bezdr\u00f4tov\u00e9 inteligentn\u00e9 z\u00e1suvky s monitorovan\u00edm spotreby energie. Zariadenie chr\u00e1nia pred pre\u0165a\u017een\u00edm a skratom. S\u00fa vhodn\u00e9 na pripojenie v\u0161etk\u00fdch dom\u00e1cich spotrebi\u010dov, kompatibiln\u00e9 s EU z\u00e1suvkami typu F. Umo\u017e\u0148uj\u00fa zasielanie upozornen\u00ed v\u00fdpadkov pr\u00fadu prostredn\u00edctvom SMS alebo push notifik\u00e1cie na mobiln\u00fd telef\u00f3n pou\u017e\u00edvate\u013ea. Bezdr\u00f4tov\u00e9 vyp\u00edna\u010de Pomocou t\u00fdchto n\u00e1stenn\u00fdch vyp\u00edna\u010dov m\u00f4\u017eete jednoducho ovl\u00e1da\u0165 osvetlenie a in\u00e9 elektrick\u00e9 [&hellip;]<\/p>\n","protected":false},"author":15,"featured_media":0,"parent":41454,"menu_order":0,"comment_status":"closed","ping_status":"closed","template":"","meta":{"_et_pb_use_builder":"on","_et_pb_old_content":"","_et_gb_content_width":"","footnotes":""},"class_list":["post-27306","page","type-page","status-publish","hentry"],"_links":{"self":[{"href":"https:\/\/www.alarmautomatika.com\/sk\/wp-json\/wp\/v2\/pages\/27306","targetHints":{"allow":["GET"]}}],"collection":[{"href":"https:\/\/www.alarmautomatika.com\/sk\/wp-json\/wp\/v2\/pages"}],"about":[{"href":"https:\/\/www.alarmautomatika.com\/sk\/wp-json\/wp\/v2\/types\/page"}],"author":[{"embeddable":true,"href":"https:\/\/www.alarmautomatika.com\/sk\/wp-json\/wp\/v2\/users\/15"}],"replies":[{"embeddable":true,"href":"https:\/\/www.alarmautomatika.com\/sk\/wp-json\/wp\/v2\/comments?post=27306"}],"version-history":[{"count":2,"href":"https:\/\/www.alarmautomatika.com\/sk\/wp-json\/wp\/v2\/pages\/27306\/revisions"}],"predecessor-version":[{"id":50414,"href":"https:\/\/www.alarmautomatika.com\/sk\/wp-json\/wp\/v2\/pages\/27306\/revisions\/50414"}],"up":[{"embeddable":true,"href":"https:\/\/www.alarmautomatika.com\/sk\/wp-json\/wp\/v2\/pages\/41454"}],"wp:attachment":[{"href":"https:\/\/www.alarmautomatika.com\/sk\/wp-json\/wp\/v2\/media?parent=27306"}],"curies":[{"name":"wp","href":"https:\/\/api.w.org\/{rel}","templated":true}]}}