{"id":27309,"date":"2020-08-20T14:07:08","date_gmt":"2020-08-20T12:07:08","guid":{"rendered":"https:\/\/www.alarmautomatika.com\/evacuation-and-public-address-systems\/"},"modified":"2023-11-10T09:48:07","modified_gmt":"2023-11-10T08:48:07","slug":"evacuation-and-public-address-systems","status":"publish","type":"page","link":"https:\/\/www.alarmautomatika.com\/sk\/produkty\/evacuation-and-public-address-systems\/","title":{"rendered":"Ozn\u00e1menie o evaku\u00e1cii (EVAC)"},"content":{"rendered":"<p>[et_pb_section fb_built=&#8220;1&#8243; _builder_version=&#8220;4.16&#8243; _module_preset=&#8220;default&#8220; background_image=&#8220;https:\/\/www.alarmautomatika.com\/wp-content\/uploads\/2020\/09\/Evakuacijski-razglas.jpg&#8220; background_size=&#8220;initial&#8220; background_position=&#8220;top_center&#8220; global_colors_info=&#8220;{}&#8220;][et_pb_row _builder_version=&#8220;4.16&#8243; _module_preset=&#8220;default&#8220; width=&#8220;95%&#8220; global_colors_info=&#8220;{}&#8220;][et_pb_column type=&#8220;4_4&#8243; _builder_version=&#8220;4.16&#8243; _module_preset=&#8220;default&#8220; global_colors_info=&#8220;{}&#8220;][et_pb_text _builder_version=&#8220;4.16&#8243; _dynamic_attributes=&#8220;content&#8220; _module_preset=&#8220;default&#8220; text_font=&#8220;|600|||||||&#8220; text_text_color=&#8220;#ffffff&#8220; text_font_size=&#8220;48px&#8220; text_line_height=&#8220;1.2em&#8220; custom_padding=&#8220;80px|50px||50px|false|true&#8220; hover_enabled=&#8220;0&#8243; text_font_size_tablet=&#8220;40px&#8220; text_font_size_phone=&#8220;32px&#8220; text_font_size_last_edited=&#8220;on|desktop&#8220; text_line_height_tablet=&#8220;&#8220; text_line_height_phone=&#8220;&#8220; text_line_height_last_edited=&#8220;on|phone&#8220; header_font_tablet=&#8220;&#8220; header_font_phone=&#8220;&#8220; header_font_last_edited=&#8220;on|phone&#8220; header_font_size_tablet=&#8220;&#8220; header_font_size_phone=&#8220;&#8220; header_font_size_last_edited=&#8220;on|phone&#8220; header_line_height_tablet=&#8220;&#8220; header_line_height_phone=&#8220;&#8220; header_line_height_last_edited=&#8220;on|desktop&#8220; global_colors_info=&#8220;{}&#8220; sticky_enabled=&#8220;0&#8243;]@ET-DC@eyJkeW5hbWljIjp0cnVlLCJjb250ZW50IjoicG9zdF90aXRsZSIsInNldHRpbmdzIjp7ImJlZm9yZSI6IiIsImFmdGVyIjoiIn19@[\/et_pb_text][\/et_pb_column][\/et_pb_row][et_pb_row column_structure=&#8220;3_4,1_4&#8243; _builder_version=&#8220;4.16&#8243; _module_preset=&#8220;default&#8220; background_color=&#8220;#ffffff&#8220; width=&#8220;95%&#8220; custom_margin=&#8220;20px||||false|false&#8220; custom_margin_tablet=&#8220;10px||||false|false&#8220; custom_margin_phone=&#8220;10px||||false|false&#8220; custom_margin_last_edited=&#8220;on|desktop&#8220; custom_padding=&#8220;50px|50px|50px|50px|true|true&#8220; box_shadow_style=&#8220;preset2&#8243; global_colors_info=&#8220;{}&#8220;][et_pb_column type=&#8220;3_4&#8243; _builder_version=&#8220;4.16&#8243; _module_preset=&#8220;default&#8220; global_colors_info=&#8220;{}&#8220;][et_pb_text _builder_version=&#8220;4.20.2&#8243; _module_preset=&#8220;default&#8220; link_font=&#8220;|600|||||||&#8220; header_2_text_align=&#8220;left&#8220; header_2_font_size=&#8220;30px&#8220; header_2_line_height=&#8220;1.2em&#8220; header_font_size_tablet=&#8220;48px&#8220; header_font_size_phone=&#8220;&#8220; header_font_size_last_edited=&#8220;on|tablet&#8220; header_2_font_size_tablet=&#8220;&#8220; header_2_font_size_phone=&#8220;25px&#8220; header_2_font_size_last_edited=&#8220;on|phone&#8220; global_colors_info=&#8220;{}&#8220;]<\/p>\n<blockquote>\n<h2>Modul\u00e1rne zvukov\u00e9 syst\u00e9my Ambient System MultiVes<\/h2>\n<\/blockquote>\n<p>Modul\u00e1rne syst\u00e9my MultiVes EVAC \/ PA sa vyzna\u010duj\u00fa ve\u013ekou flexibilitou a \u0161k\u00e1lovate\u013enos\u0165ou. Pou\u017e\u00edvaj\u00fa sa vo ve\u013ek\u00fdch aplik\u00e1ci\u00e1ch, ktor\u00e9 pozost\u00e1vaj\u00fa z viacer\u00fdch stavebne oddelen\u00fdch zariaden\u00ed, ako s\u00fa hotelov\u00e9 rezorty, n\u00e1kupn\u00e9 centr\u00e1 alebo univerzitn\u00e9 are\u00e1ly. Prvky syst\u00e9mu pou\u017eit\u00e9 pre EVAC zodpovedaj\u00fa norme EN 54.<\/p>\n<blockquote>\n<h2>Kompaktn\u00e9 zvukov\u00e9 syst\u00e9my Ambient System MiniVes<\/h2>\n<\/blockquote>\n<p>Kompaktn\u00e9 syst\u00e9my MiniVes s\u00fa dostupn\u00e9 ako samostatn\u00e9 alebo sie\u0165ov\u00e9 rie\u0161enia. Pou\u017e\u00edvaj\u00fa sa v men\u0161\u00edch aplik\u00e1ci\u00e1ch, ako s\u00fa obchody alebo \u0161koly. Prvky syst\u00e9mu pou\u017eit\u00e9 pre EVAC zodpovedaj\u00fa norme EN 54.<\/p>\n<blockquote>\n<h2>Reproduktory Ambient System<\/h2>\n<\/blockquote>\n<p>\u0160irok\u00e1 \u0161k\u00e1la typov reproduktorov (n\u00e1stenn\u00e9, stropn\u00e9, tr\u00fabkov\u00e9, do tunelov, pre vysok\u00e9 nap\u00e4tie, line\u00e1rne) umo\u017e\u0148uje dosiahnu\u0165 kvalitn\u00fd zvuk vo v\u0161etk\u00fdch zahrnut\u00fdch priestoroch. Reproduktory pou\u017e\u00edvan\u00e9 na po\u017eiarnu signaliz\u00e1ciu s\u00fa v s\u00falade s normou EN 54.<\/p>\n<blockquote>\n<h2>Zosil\u0148ova\u010de okolit\u00e9ho syst\u00e9mu<\/h2>\n<\/blockquote>\n<p>\u0160irok\u00e1 \u0161k\u00e1la zosil\u0148ova\u010dov r\u00f4zneho v\u00fdkonu umo\u017e\u0148uje prisp\u00f4sobenie po\u017eiadavk\u00e1m ka\u017edej aplik\u00e1cie. Prostredn\u00edctvom nich s\u00fa pripojen\u00e9 reproduktory a zdroje zvuku (hudobn\u00e9 jednotky na pozad\u00ed, mikrof\u00f3ny, po\u017eiarne mikrof\u00f3ny, mp3 zariadenia), ktor\u00e9 sa pou\u017e\u00edvaj\u00fa na vysielanie spr\u00e1v a hudby na pozad\u00ed.<\/p>\n<blockquote>\n<h2>Mikrof\u00f3ny a pr\u00edslu\u0161enstvo<\/h2>\n<\/blockquote>\n<p>\u0160irok\u00e1 \u0161k\u00e1la mikrof\u00f3nov (po\u017eiarne, zvukov\u00e9) a v\u0161etko potrebn\u00e9 pr\u00edslu\u0161enstvo (nap\u00e1jacie zdroje, ovl\u00e1da\u010de hlasitosti) umo\u017e\u0148uj\u00face vykon\u00e1va\u0165 ka\u017ed\u00fa aplik\u00e1ciu pod\u013ea \u0161pecifick\u00fdch potrieb.<\/p>\n<blockquote>\n<h2>Integrovan\u00e9 evakua\u010dn\u00e9 a zvukov\u00e9 syst\u00e9my<\/h2>\n<\/blockquote>\n<p>EVAC je mo\u017en\u00e9 pou\u017ei\u0165 ako ozvu\u010denie na prehr\u00e1vanie hudby na pozad\u00ed alebo na reklamn\u00e9 \u00fa\u010dely, v\u010faka svojim vlastnostiam a, \u010do je rovnako d\u00f4le\u017eit\u00e9, modern\u00e9mu dizajnu. To znamen\u00e1, \u017ee syst\u00e9m EVAC dnes \u010dasto nahr\u00e1dza PA syst\u00e9my vo v\u00e4\u010d\u0161ine zariaden\u00ed a v kone\u010dnom d\u00f4sledku predstavuje lep\u0161ie cenovo efekt\u00edvne rie\u0161enie.<\/p>\n<p>[\/et_pb_text][\/et_pb_column][et_pb_column type=&#8220;1_4&#8243; _builder_version=&#8220;4.16&#8243; _module_preset=&#8220;default&#8220; custom_padding_tablet=&#8220;&#8220; custom_padding_phone=&#8220;&#8220; custom_padding_last_edited=&#8220;on|phone&#8220; global_colors_info=&#8220;{}&#8220;][et_pb_image src=&#8220;https:\/\/www.alarmautomatika.com\/wp-content\/uploads\/2020\/10\/idea-project-logo-home-banner.png&#8220; alt=&#8220;iDEA Project&#8220; title_text=&#8220;iDEA Project&#8220; align=&#8220;center&#8220; _builder_version=&#8220;4.16&#8243; _module_preset=&#8220;default&#8220; global_colors_info=&#8220;{}&#8220;][\/et_pb_image][et_pb_accordion disabled_on=&#8220;off|off|off&#8220; module_class=&#8220;idea-value-propositions&#8220; _builder_version=&#8220;4.17.4&#8243; _module_preset=&#8220;default&#8220; global_module=&#8220;8363&#8243; global_colors_info=&#8220;{}&#8220;][et_pb_accordion_item title=&#8220;Blank&#8220; open=&#8220;on&#8220; _builder_version=&#8220;4.16&#8243; _module_preset=&#8220;default&#8220; custom_css_main_element=&#8220;display:none;&#8220; global_colors_info=&#8220;{}&#8220;][\/et_pb_accordion_item][et_pb_accordion_item title=&#8220;Klientov&#8220; _builder_version=&#8220;4.17.4&#8243; _module_preset=&#8220;default&#8220; global_colors_info=&#8220;{}&#8220; open=&#8220;off&#8220;]<\/p>\n<p><a href=\"https:\/\/www.alarmautomatika.com\/sk\/clients\/architects\/\">Architects<\/a><\/p>\n<p><a href=\"https:\/\/www.alarmautomatika.com\/sk\/clients\/electrical-designers\/\">Electrical designers<\/a><\/p>\n<p><a href=\"https:\/\/www.alarmautomatika.com\/sk\/clients\/builders\/\">Construction &amp; building sector<\/a><\/p>\n<p><a href=\"https:\/\/www.alarmautomatika.com\/sk\/clients\/electrical-installers\/\">Electrical installers<\/a><\/p>\n<p><a href=\"https:\/\/www.alarmautomatika.com\/sk\/clients\/system-integrators\/\" aria-current=\"page\">System integrators<\/a><\/p>\n<p>[\/et_pb_accordion_item][et_pb_accordion_item title=&#8220;Produkty&#8220; _builder_version=&#8220;4.16&#8243; _module_preset=&#8220;default&#8220; global_colors_info=&#8220;{}&#8220; open=&#8220;off&#8220;]<\/p>\n<p><a href=\"https:\/\/www.alarmautomatika.com\/en\/products\/inim-previdia\/\">Fire alarm<\/a><\/p>\n<p><a href=\"https:\/\/www.alarmautomatika.com\/sk\/produkty\/plynovy-poplach\/\">Gas alarm<\/a><\/p>\n<p><a href=\"https:\/\/www.alarmautomatika.com\/sk\/produkty\/hasiace-systemy\/\">Fire extinguishing systems<\/a><\/p>\n<p><a href=\"https:\/\/www.alarmautomatika.com\/sk\/produkty\/evacuation-and-public-address-systems\/\">Evacuation (EVAC) and public address (PA) systems<\/a><\/p>\n<p><a href=\"https:\/\/www.alarmautomatika.com\/sk\/produkty\/systemy-odvodu-dymu-a-tepla-a-ventilacie\/\">Smoke and heat extraction and ventilation systems<\/a><\/p>\n<p><a href=\"https:\/\/www.alarmautomatika.com\/sk\/produkty\/nudzove-osvetlenie\/\">Emergency lighting<\/a><\/p>\n<p><a href=\"https:\/\/www.alarmautomatika.com\/sk\/produkty\/technicke-zabezpecenie\/\">Technical security<\/a><\/p>\n<p>[\/et_pb_accordion_item][et_pb_accordion_item title=&#8220;Softv\u00e9r&#8220; _builder_version=&#8220;4.17.4&#8243; _module_preset=&#8220;default&#8220; global_colors_info=&#8220;{}&#8220; open=&#8220;off&#8220;]<\/p>\n<p><a href=\"https:\/\/www.alarmautomatika.com\/sk\/softwares\/supervision-and-management-of-technical-security-systems\/\">ABsistemDCi integration software<\/a><\/p>\n<p>[\/et_pb_accordion_item][et_pb_accordion_item title=&#8220;Slu\u017eby&#8220; _builder_version=&#8220;4.16&#8243; _module_preset=&#8220;default&#8220; global_colors_info=&#8220;{}&#8220; open=&#8220;off&#8220;]<\/p>\n<p><a href=\"https:\/\/www.alarmautomatika.com\/sk\/services\/high-professionalism-in-all-project-phases\/#projektiranje-i-projektna-podrska\" data-et-has-event-already=\"true\">Design and project support<\/a><\/p>\n<p><a href=\"https:\/\/www.alarmautomatika.com\/sk\/services\/high-professionalism-in-all-project-phases\/#vodjenje-projekata\" data-et-has-event-already=\"true\">Project management<\/a><\/p>\n<p><a href=\"https:\/\/www.alarmautomatika.com\/sk\/services\/high-professionalism-in-all-project-phases\/#programiranje-i-integracija-sustava\" data-et-has-event-already=\"true\">System programming and integration<\/a><\/p>\n<p><a href=\"https:\/\/www.alarmautomatika.com\/sk\/services\/high-professionalism-in-all-project-phases\/#pustanje-sustava-u-rad\" data-et-has-event-already=\"true\">System commissioning<\/a><\/p>\n<p><a href=\"https:\/\/www.alarmautomatika.com\/sk\/services\/high-professionalism-in-all-project-phases\/#certificiranje\" data-et-has-event-already=\"true\">Certification<\/a><\/p>\n<p><a href=\"https:\/\/www.alarmautomatika.com\/sk\/services\/high-professionalism-in-all-project-phases\/#idea-project-katalog-i-b2b-platforma\" data-et-has-event-already=\"true\">Project catalogue and B2B platform<\/a><\/p>\n<p>[\/et_pb_accordion_item][et_pb_accordion_item title=&#8220;Plo\u0161ina&#8220; _builder_version=&#8220;4.16&#8243; _module_preset=&#8220;default&#8220; global_colors_info=&#8220;{}&#8220; open=&#8220;off&#8220;]<\/p>\n<p><a href=\"https:\/\/www.alarmautomatika.com\/sk\/platform\/#b2b-projektna-dokumentacija\" data-et-has-event-already=\"true\">B2B platform with complete documentation<\/a><\/p>\n<p>[\/et_pb_accordion_item][\/et_pb_accordion][\/et_pb_column][\/et_pb_row][\/et_pb_section]<\/p>\n","protected":false},"excerpt":{"rendered":"<p>Modul\u00e1rne zvukov\u00e9 syst\u00e9my Ambient System MultiVes Modul\u00e1rne syst\u00e9my MultiVes EVAC \/ PA sa vyzna\u010duj\u00fa ve\u013ekou flexibilitou a \u0161k\u00e1lovate\u013enos\u0165ou. Pou\u017e\u00edvaj\u00fa sa vo ve\u013ek\u00fdch aplik\u00e1ci\u00e1ch, ktor\u00e9 pozost\u00e1vaj\u00fa z viacer\u00fdch stavebne oddelen\u00fdch zariaden\u00ed, ako s\u00fa hotelov\u00e9 rezorty, n\u00e1kupn\u00e9 centr\u00e1 alebo univerzitn\u00e9 are\u00e1ly. Prvky syst\u00e9mu pou\u017eit\u00e9 pre EVAC zodpovedaj\u00fa norme EN 54. Kompaktn\u00e9 zvukov\u00e9 syst\u00e9my Ambient System MiniVes Kompaktn\u00e9 [&hellip;]<\/p>\n","protected":false},"author":15,"featured_media":0,"parent":41454,"menu_order":0,"comment_status":"closed","ping_status":"closed","template":"","meta":{"_et_pb_use_builder":"on","_et_pb_old_content":"","_et_gb_content_width":"","footnotes":""},"class_list":["post-27309","page","type-page","status-publish","hentry"],"_links":{"self":[{"href":"https:\/\/www.alarmautomatika.com\/sk\/wp-json\/wp\/v2\/pages\/27309","targetHints":{"allow":["GET"]}}],"collection":[{"href":"https:\/\/www.alarmautomatika.com\/sk\/wp-json\/wp\/v2\/pages"}],"about":[{"href":"https:\/\/www.alarmautomatika.com\/sk\/wp-json\/wp\/v2\/types\/page"}],"author":[{"embeddable":true,"href":"https:\/\/www.alarmautomatika.com\/sk\/wp-json\/wp\/v2\/users\/15"}],"replies":[{"embeddable":true,"href":"https:\/\/www.alarmautomatika.com\/sk\/wp-json\/wp\/v2\/comments?post=27309"}],"version-history":[{"count":2,"href":"https:\/\/www.alarmautomatika.com\/sk\/wp-json\/wp\/v2\/pages\/27309\/revisions"}],"predecessor-version":[{"id":50360,"href":"https:\/\/www.alarmautomatika.com\/sk\/wp-json\/wp\/v2\/pages\/27309\/revisions\/50360"}],"up":[{"embeddable":true,"href":"https:\/\/www.alarmautomatika.com\/sk\/wp-json\/wp\/v2\/pages\/41454"}],"wp:attachment":[{"href":"https:\/\/www.alarmautomatika.com\/sk\/wp-json\/wp\/v2\/media?parent=27309"}],"curies":[{"name":"wp","href":"https:\/\/api.w.org\/{rel}","templated":true}]}}