{"id":27333,"date":"2020-08-20T15:08:54","date_gmt":"2020-08-20T13:08:54","guid":{"rendered":"https:\/\/www.alarmautomatika.com\/smart-home-video-surveillance\/"},"modified":"2023-11-10T09:43:43","modified_gmt":"2023-11-10T08:43:43","slug":"inteligentny-domaci-video-dohlad","status":"publish","type":"page","link":"https:\/\/www.alarmautomatika.com\/sk\/produkty\/inteligentny-domaci-video-dohlad\/","title":{"rendered":"Inteligentn\u00fd dom\u00e1ci video doh\u013ead"},"content":{"rendered":"<p>[et_pb_section fb_built=&#8220;1&#8243; _builder_version=&#8220;4.6.2&#8243; _module_preset=&#8220;default&#8220; background_image=&#8220;https:\/\/www.alarmautomatika.com\/wp-content\/uploads\/2020\/09\/Videonadzor-pametnog-doma.jpg&#8220; background_size=&#8220;initial&#8220; background_position=&#8220;top_center&#8220;][et_pb_row _builder_version=&#8220;4.6.0&#8243; _module_preset=&#8220;default&#8220; width=&#8220;95%&#8220;][et_pb_column type=&#8220;4_4&#8243; _builder_version=&#8220;4.6.0&#8243; _module_preset=&#8220;default&#8220;][et_pb_text _builder_version=&#8220;4.6.0&#8243; _dynamic_attributes=&#8220;content&#8220; _module_preset=&#8220;default&#8220; text_font=&#8220;|600|||||||&#8220; text_text_color=&#8220;#ffffff&#8220; text_font_size=&#8220;48px&#8220; text_line_height=&#8220;1.2em&#8220; custom_padding=&#8220;80px|50px||50px|false|true&#8220; text_font_size_tablet=&#8220;40px&#8220; text_font_size_phone=&#8220;32px&#8220; text_font_size_last_edited=&#8220;on|desktop&#8220; text_line_height_tablet=&#8220;&#8220; text_line_height_phone=&#8220;&#8220; text_line_height_last_edited=&#8220;on|phone&#8220; header_font_tablet=&#8220;&#8220; header_font_phone=&#8220;&#8220; header_font_last_edited=&#8220;on|phone&#8220; header_font_size_tablet=&#8220;&#8220; header_font_size_phone=&#8220;&#8220; header_font_size_last_edited=&#8220;on|phone&#8220; header_line_height_tablet=&#8220;&#8220; header_line_height_phone=&#8220;&#8220; header_line_height_last_edited=&#8220;on|desktop&#8220;]@ET-DC@eyJkeW5hbWljIjp0cnVlLCJjb250ZW50IjoicG9zdF90aXRsZSIsInNldHRpbmdzIjp7ImJlZm9yZSI6IiIsImFmdGVyIjoiIn19@[\/et_pb_text][\/et_pb_column][\/et_pb_row][et_pb_row column_structure=&#8220;3_4,1_4&#8243; _builder_version=&#8220;4.6.0&#8243; _module_preset=&#8220;default&#8220; background_color=&#8220;#ffffff&#8220; width=&#8220;95%&#8220; custom_margin=&#8220;20px||||false|false&#8220; custom_margin_tablet=&#8220;10px||||false|false&#8220; custom_margin_phone=&#8220;10px||||false|false&#8220; custom_margin_last_edited=&#8220;on|desktop&#8220; custom_padding=&#8220;50px|50px|50px|50px|true|true&#8220; box_shadow_style=&#8220;preset2&#8243;][et_pb_column type=&#8220;3_4&#8243; _builder_version=&#8220;4.6.0&#8243; _module_preset=&#8220;default&#8220;][et_pb_text _builder_version=&#8220;4.7.4&#8243; _module_preset=&#8220;default&#8220; link_font=&#8220;|600|||||||&#8220; header_2_text_align=&#8220;left&#8220; header_2_font_size=&#8220;30px&#8220; header_2_line_height=&#8220;1.2em&#8220; header_font_size_tablet=&#8220;48px&#8220; header_font_size_phone=&#8220;&#8220; header_font_size_last_edited=&#8220;on|tablet&#8220; header_2_font_size_tablet=&#8220;&#8220; header_2_font_size_phone=&#8220;25px&#8220; header_2_font_size_last_edited=&#8220;on|phone&#8220;]<\/p>\n<blockquote>\n<h2>Bat\u00e9riov\u00e9 a sol\u00e1rne monitorovacie kamery<\/h2>\n<\/blockquote>\n<p>Bat\u00e9riov\u00e9 a sol\u00e1rne nap\u00e1jan\u00e9 kamery sa ve\u013emi \u013eahko nastavuj\u00fa, pres\u00favaj\u00fa a udr\u017eiavaj\u00fa. Bat\u00e9rie sa nab\u00edjaj\u00fa cez micro USB k\u00e1bel, zatia\u013e \u010do sol\u00e1rne verzie s\u00fa nap\u00e1jan\u00e9 pripojen\u00edm k panelu. Dostupn\u00e9 s\u00fa vo verzi\u00e1ch pre vonkaj\u0161ie aj vn\u00fatorn\u00e9 pou\u017eitie a vo vlastnostiach nech\u00fdba HD rozl\u00ed\u0161enie, detekcia pohybu, obojsmern\u00e1 audio komunik\u00e1cia, no\u010dn\u00e9 nahr\u00e1vanie a bezdr\u00f4tov\u00e9 pripojenie.<\/p>\n<blockquote>\n<h2>Wi-Fi kamery<\/h2>\n<\/blockquote>\n<p>Wi-Fi kamery sa \u013eahko nastavuj\u00fa, maj\u00fa ve\u013ek\u00fd dosah a pou\u017e\u00edvaj\u00fa sa v dom\u00e1cich aj firemn\u00fdch aplik\u00e1ci\u00e1ch. Dostupn\u00e9 s\u00fa modely s pevn\u00fdmi alebo varifok\u00e1lnymi objekt\u00edvmi pre vonkaj\u0161ie aj vn\u00fatorn\u00e9 pou\u017eitie. Poskytuj\u00fa rozl\u00ed\u0161enie z\u00e1znamu a\u017e 5 MP, obojsmern\u00fa zvukov\u00fa komunik\u00e1ciu, no\u010dn\u00e9 nahr\u00e1vanie a ukladanie videa na SD kartu alebo rekord\u00e9r. Priestor je mo\u017en\u00e9 monitorova\u0165 aj na dia\u013eku cez mobiln\u00fd telef\u00f3n.<\/p>\n<blockquote>\n<h2>PoE IP kamery<\/h2>\n<\/blockquote>\n<p>Na nap\u00e1janie PoE kamier nie s\u00fa potrebn\u00e9 \u017eiadne \u010fal\u0161ie k\u00e1ble ani adapt\u00e9ry a ich nastavenie je jednoduch\u00e9. Pevn\u00e9 a mobiln\u00e9 kamery s vysok\u00fdm rozl\u00ed\u0161en\u00edm (4K \/ 5 MP) s\u00fa dostupn\u00e9 s vodotesn\u00fdm puzdrom a mo\u017enos\u0165ou no\u010dn\u00e9ho a zvukov\u00e9ho z\u00e1znamu.<\/p>\n<blockquote>\n<h2>PoE a Wi-Fi CCTV s\u00fapravy<\/h2>\n<\/blockquote>\n<p>S\u00fapravy pozost\u00e1vaj\u00fa z r\u00f4znych typov kamier a rekord\u00e9rov. Umo\u017e\u0148uj\u00fa v\u00e1m bezpe\u010dne uklada\u0165 vide\u00e1 na neskor\u0161ie prezeranie. S\u00fapravy m\u00f4\u017eu pracova\u0165 s pripojen\u00edm na internet aj bez neho, in\u0161tal\u00e1cia je \u201ePlug &amp; Play\u201c a k syst\u00e9mu je mo\u017en\u00e9 pristupova\u0165 lok\u00e1lne aj vzdialene.<\/p>\n<blockquote>\n<h2>Bezdr\u00f4tov\u00e9 4G kamery<\/h2>\n<\/blockquote>\n<p>Bezdr\u00f4tov\u00e1 4G kamera je perfektnou vo\u013ebou pre dom\u00e1cnosti, chaty, vonkaj\u0161ie priestory, obchody, stavenisk\u00e1, kempy, lode alebo parkovisk\u00e1. Je ide\u00e1lna pre ka\u017ed\u00e9 miesto, kde nie je elektrina ani WiFi sign\u00e1l. Pou\u017e\u00edvate\u013e si m\u00f4\u017ee kameru nain\u0161talova\u0165 s\u00e1m na zvolen\u00e9 miesto a do kamery s nab\u00edjate\u013enou bat\u00e9riou jednoducho vlo\u017e\u00ed SIM kartu s 3G alebo 4G LTE sie\u0165ou. Kamery maj\u00fa PIR pohybov\u00fd senzor, ktor\u00fd sp\u00fa\u0161\u0165a nahr\u00e1vanie pohybom \u010dloveka, bez falo\u0161n\u00fdch poplachov. V\u010faka dizajnu odoln\u00e9mu vo\u010di poveternostn\u00fdm vplyvom je mo\u017en\u00e9 kameru \u013eahko a jednoducho nain\u0161talova\u0165 na ak\u00e9ko\u013evek po\u017eadovan\u00e9 miesto.<\/p>\n<p>[\/et_pb_text][\/et_pb_column][et_pb_column type=&#8220;1_4&#8243; _builder_version=&#8220;4.6.0&#8243; _module_preset=&#8220;default&#8220; custom_padding_tablet=&#8220;&#8220; custom_padding_phone=&#8220;&#8220; custom_padding_last_edited=&#8220;on|phone&#8220;][et_pb_image src=&#8220;https:\/\/www.alarmautomatika.com\/wp-content\/uploads\/2020\/10\/idea-express-logo-home-banner.png&#8220; alt=&#8220;iDEA Express&#8220; title_text=&#8220;iDEA Express&#8220; align=&#8220;center&#8220; _builder_version=&#8220;4.7.4&#8243; _module_preset=&#8220;default&#8220;][\/et_pb_image][et_pb_accordion module_class=&#8220;idea-value-propositions&#8220; _builder_version=&#8220;4.9.0&#8243; _module_preset=&#8220;default&#8220; global_module=&#8220;8296&#8243;][et_pb_accordion_item title=&#8220;Blank&#8220; open=&#8220;on&#8220; _builder_version=&#8220;4.9.0&#8243; _module_preset=&#8220;default&#8220; custom_css_main_element=&#8220;display:none;&#8220;][\/et_pb_accordion_item][et_pb_accordion_item title=&#8220;Clients&#8220; _builder_version=&#8220;4.9.0&#8243; _module_preset=&#8220;default&#8220; open=&#8220;off&#8220;]<\/p>\n<p><a href=\"https:\/\/www.alarmautomatika.com\/sk\/clients\/majitelia-bytovych-a-malych-budov\/\">Vlasnici stambenih i manjih poslovnih objekata<\/a><\/p>\n<p>[\/et_pb_accordion_item][et_pb_accordion_item title=&#8220;Products&#8220; _builder_version=&#8220;4.9.0&#8243; _module_preset=&#8220;default&#8220; open=&#8220;off&#8220;]<\/p>\n<p><a href=\"https:\/\/www.alarmautomatika.com\/sk\/produkty\/riadenie-spotreby-energie\/\">Upravljanje potro\u0161njom energije<\/a><\/p>\n<p><a href=\"https:\/\/www.alarmautomatika.com\/sk\/produkty\/ovladanie-osvetlenia\/\">Upravljanje rasvjetom<\/a><\/p>\n<p><a href=\"https:\/\/www.alarmautomatika.com\/sk\/produkty\/ochrana-proti-vlamaniu-s-foto-verifikaciou\/\">Protuprovala s videoverifikacijom<\/a><\/p>\n<p><a href=\"https:\/\/www.alarmautomatika.com\/sk\/produkty\/prevencia-poziaru-zaplavenia-a-uniku-plynu\/\">Prevencija po\u017eara, poplave i istjecanja plina<\/a><\/p>\n<p><a href=\"https:\/\/www.alarmautomatika.com\/sk\/produkty\/zamykanie-dveri\/\">Pametne brave<\/a><\/p>\n<p><a href=\"https:\/\/www.alarmautomatika.com\/sk\/produkty\/sos-lekarske-alarmy\/\">SOS medicinski alarmi<\/a><\/p>\n<p><a href=\"https:\/\/www.alarmautomatika.com\/sk\/produkty\/inteligentny-domaci-video-dohlad\/\">Videonadzor pametnog doma<\/a><\/p>\n<p>[\/et_pb_accordion_item][et_pb_accordion_item title=&#8220;Softwares&#8220; _builder_version=&#8220;4.9.0&#8243; _module_preset=&#8220;default&#8220; open=&#8220;off&#8220;]<\/p>\n<p><a href=\"https:\/\/www.alarmautomatika.com\/sk\/softwares\/mobile-app-for-confirmation-of-security-guards-intervention\/\">Mobilna aplikacija za potvrdu za\u0161titarske intervencije<\/a><\/p>\n<p>[\/et_pb_accordion_item][et_pb_accordion_item title=&#8220;Services&#8220; _builder_version=&#8220;4.9.0&#8243; _module_preset=&#8220;default&#8220; open=&#8220;off&#8220;]<\/p>\n<p><a href=\"https:\/\/www.alarmautomatika.com\/sk\/services\/tailored-to-the-user\/#paketi-prilagodjeni-potrebama-korisnika\" data-et-has-event-already=\"true\">Paketi prilago\u0111eni potrebama korisnika<\/a><\/p>\n<p><a href=\"https:\/\/www.alarmautomatika.com\/sk\/services\/tailored-to-the-user\/#dojava-alarma-na-mobitel\" data-et-has-event-already=\"true\">Dojava alarma na mobitel<\/a><\/p>\n<p><a href=\"https:\/\/www.alarmautomatika.com\/sk\/services\/tailored-to-the-user\/#servis-uredjaja\" data-et-has-event-already=\"true\">Servis ure\u0111aja<\/a><\/p>\n<p><a href=\"https:\/\/www.alarmautomatika.com\/sk\/services\/tailored-to-the-user\/#monitoring-sustava\" data-et-has-event-already=\"true\">Monitoring sustava<\/a><\/p>\n<p><a href=\"https:\/\/www.alarmautomatika.com\/sk\/services\/tailored-to-the-user\/#zastitarska-intervencija\" data-et-has-event-already=\"true\">Za\u0161titarska intervencija<\/a><\/p>\n<p>[\/et_pb_accordion_item][et_pb_accordion_item title=&#8220;Platform&#8220; _builder_version=&#8220;4.9.0&#8243; _module_preset=&#8220;default&#8220; open=&#8220;off&#8220;]<\/p>\n<p><a href=\"https:\/\/www.alarmautomatika.com\/sk\/platforma\/#b2c-platforma\" data-et-has-event-already=\"true\">Interaktivna B2C platforma<\/a><\/p>\n<p>[\/et_pb_accordion_item][\/et_pb_accordion][\/et_pb_column][\/et_pb_row][\/et_pb_section]<\/p>\n","protected":false},"excerpt":{"rendered":"<p>Bat\u00e9riov\u00e9 a sol\u00e1rne monitorovacie kamery Bat\u00e9riov\u00e9 a sol\u00e1rne nap\u00e1jan\u00e9 kamery sa ve\u013emi \u013eahko nastavuj\u00fa, pres\u00favaj\u00fa a udr\u017eiavaj\u00fa. Bat\u00e9rie sa nab\u00edjaj\u00fa cez micro USB k\u00e1bel, zatia\u013e \u010do sol\u00e1rne verzie s\u00fa nap\u00e1jan\u00e9 pripojen\u00edm k panelu. Dostupn\u00e9 s\u00fa vo verzi\u00e1ch pre vonkaj\u0161ie aj vn\u00fatorn\u00e9 pou\u017eitie a vo vlastnostiach nech\u00fdba HD rozl\u00ed\u0161enie, detekcia pohybu, obojsmern\u00e1 audio komunik\u00e1cia, no\u010dn\u00e9 nahr\u00e1vanie [&hellip;]<\/p>\n","protected":false},"author":15,"featured_media":0,"parent":41454,"menu_order":0,"comment_status":"closed","ping_status":"closed","template":"","meta":{"_et_pb_use_builder":"on","_et_pb_old_content":"","_et_gb_content_width":"","footnotes":""},"class_list":["post-27333","page","type-page","status-publish","hentry"],"_links":{"self":[{"href":"https:\/\/www.alarmautomatika.com\/sk\/wp-json\/wp\/v2\/pages\/27333","targetHints":{"allow":["GET"]}}],"collection":[{"href":"https:\/\/www.alarmautomatika.com\/sk\/wp-json\/wp\/v2\/pages"}],"about":[{"href":"https:\/\/www.alarmautomatika.com\/sk\/wp-json\/wp\/v2\/types\/page"}],"author":[{"embeddable":true,"href":"https:\/\/www.alarmautomatika.com\/sk\/wp-json\/wp\/v2\/users\/15"}],"replies":[{"embeddable":true,"href":"https:\/\/www.alarmautomatika.com\/sk\/wp-json\/wp\/v2\/comments?post=27333"}],"version-history":[{"count":2,"href":"https:\/\/www.alarmautomatika.com\/sk\/wp-json\/wp\/v2\/pages\/27333\/revisions"}],"predecessor-version":[{"id":50310,"href":"https:\/\/www.alarmautomatika.com\/sk\/wp-json\/wp\/v2\/pages\/27333\/revisions\/50310"}],"up":[{"embeddable":true,"href":"https:\/\/www.alarmautomatika.com\/sk\/wp-json\/wp\/v2\/pages\/41454"}],"wp:attachment":[{"href":"https:\/\/www.alarmautomatika.com\/sk\/wp-json\/wp\/v2\/media?parent=27333"}],"curies":[{"name":"wp","href":"https:\/\/api.w.org\/{rel}","templated":true}]}}