{"id":27342,"date":"2020-08-20T14:09:53","date_gmt":"2020-08-20T12:09:53","guid":{"rendered":"https:\/\/www.alarmautomatika.com\/technical-security\/"},"modified":"2023-11-10T09:47:25","modified_gmt":"2023-11-10T08:47:25","slug":"technicke-zabezpecenie","status":"publish","type":"page","link":"https:\/\/www.alarmautomatika.com\/sk\/produkty\/technicke-zabezpecenie\/","title":{"rendered":"Technick\u00e9 zabezpe\u010denie"},"content":{"rendered":"<p>[et_pb_section fb_built=&#8220;1&#8243; _builder_version=&#8220;4.6.2&#8243; _module_preset=&#8220;default&#8220; background_image=&#8220;https:\/\/www.alarmautomatika.com\/wp-content\/uploads\/2020\/09\/tehnicka-zastita.jpg&#8220; background_size=&#8220;initial&#8220; background_position=&#8220;top_center&#8220; global_colors_info=&#8220;{}&#8220;][et_pb_row _builder_version=&#8220;4.6.0&#8243; _module_preset=&#8220;default&#8220; width=&#8220;95%&#8220; global_colors_info=&#8220;{}&#8220;][et_pb_column type=&#8220;4_4&#8243; _builder_version=&#8220;4.6.0&#8243; _module_preset=&#8220;default&#8220; global_colors_info=&#8220;{}&#8220;][et_pb_text _builder_version=&#8220;4.6.0&#8243; _dynamic_attributes=&#8220;content&#8220; _module_preset=&#8220;default&#8220; text_font=&#8220;|600|||||||&#8220; text_text_color=&#8220;#ffffff&#8220; text_font_size=&#8220;48px&#8220; text_line_height=&#8220;1.2em&#8220; custom_padding=&#8220;80px|50px||50px|false|true&#8220; text_font_size_tablet=&#8220;40px&#8220; text_font_size_phone=&#8220;32px&#8220; text_font_size_last_edited=&#8220;on|desktop&#8220; text_line_height_tablet=&#8220;&#8220; text_line_height_phone=&#8220;&#8220; text_line_height_last_edited=&#8220;on|phone&#8220; header_font_tablet=&#8220;&#8220; header_font_phone=&#8220;&#8220; header_font_last_edited=&#8220;on|phone&#8220; header_font_size_tablet=&#8220;&#8220; header_font_size_phone=&#8220;&#8220; header_font_size_last_edited=&#8220;on|phone&#8220; header_line_height_tablet=&#8220;&#8220; header_line_height_phone=&#8220;&#8220; header_line_height_last_edited=&#8220;on|desktop&#8220; global_colors_info=&#8220;{}&#8220;]@ET-DC@eyJkeW5hbWljIjp0cnVlLCJjb250ZW50IjoicG9zdF90aXRsZSIsInNldHRpbmdzIjp7ImJlZm9yZSI6IiIsImFmdGVyIjoiIn19@[\/et_pb_text][\/et_pb_column][\/et_pb_row][et_pb_row column_structure=&#8220;3_4,1_4&#8243; _builder_version=&#8220;4.6.0&#8243; _module_preset=&#8220;default&#8220; background_color=&#8220;#ffffff&#8220; width=&#8220;95%&#8220; custom_margin=&#8220;20px||||false|false&#8220; custom_margin_tablet=&#8220;10px||||false|false&#8220; custom_margin_phone=&#8220;10px||||false|false&#8220; custom_margin_last_edited=&#8220;on|desktop&#8220; custom_padding=&#8220;50px|50px|50px|50px|true|true&#8220; box_shadow_style=&#8220;preset2&#8243; global_colors_info=&#8220;{}&#8220;][et_pb_column type=&#8220;3_4&#8243; _builder_version=&#8220;4.6.0&#8243; _module_preset=&#8220;default&#8220; global_colors_info=&#8220;{}&#8220;][et_pb_text _builder_version=&#8220;4.10.2&#8243; _module_preset=&#8220;default&#8220; link_font=&#8220;|600|||||||&#8220; header_2_text_align=&#8220;left&#8220; header_2_font_size=&#8220;30px&#8220; header_2_line_height=&#8220;1.2em&#8220; hover_enabled=&#8220;0&#8243; header_font_size_tablet=&#8220;48px&#8220; header_font_size_phone=&#8220;&#8220; header_font_size_last_edited=&#8220;on|tablet&#8220; header_2_font_size_tablet=&#8220;&#8220; header_2_font_size_phone=&#8220;25px&#8220; header_2_font_size_last_edited=&#8220;on|phone&#8220; global_colors_info=&#8220;{}&#8220; sticky_enabled=&#8220;0&#8243;]<\/p>\n<blockquote>\n<h2>Idis &#8211; rie\u0161enie video monitorovania<\/h2>\n<\/blockquote>\n<p>Rie\u0161enia Idis s\u00fa zalo\u017een\u00e9 na technol\u00f3gii DirectIP\u00ae, ktor\u00e1 umo\u017e\u0148uje nastavenie syst\u00e9mu Plug &amp; Play (IP kamery, rekord\u00e9ry, sie\u0165ov\u00e9 zariadenia) bez zlo\u017eitej konfigur\u00e1cie. D\u00f4le\u017eitou vlastnos\u0165ou je kri\u0161t\u00e1\u013eovo \u010dist\u00fd obraz.<\/p>\n<blockquote>\n<h2>Kantech &#8211; rie\u0161enia kontroly pr\u00edstupu<\/h2>\n<\/blockquote>\n<p>V\u010faka svojej flexibilite s\u00fa pr\u00edstupov\u00e9 syst\u00e9my Kantech vhodn\u00e9 najm\u00e4 pre ve\u013ek\u00e9, zlo\u017eit\u00e9 aplik\u00e1cie, kde je potrebn\u00e9 zabezpe\u010di\u0165 ve\u013ea funkci\u00ed.<\/p>\n<blockquote>\n<h2>Jantar &#8211; rie\u0161enia riadenia pr\u00edstupu a doch\u00e1dzky<\/h2>\n<\/blockquote>\n<p>Syst\u00e9my riadenia pr\u00edstupu Jantar s\u00fa vhodn\u00e9 pre be\u017en\u00e9 obchodn\u00e9 aplik\u00e1cie, najm\u00e4 tie, kde je \u017eiad\u00face kombinova\u0165 riadenie pr\u00edstupu s evidenciou doch\u00e1dzky.<\/p>\n<blockquote>\n<h2>Inim SmartLiving &#8211; zabezpe\u010denie proti vl\u00e1maniu<\/h2>\n<\/blockquote>\n<p>Hybridn\u00e9 (dr\u00f4tov\u00e9 a bezdr\u00f4tov\u00e9) syst\u00e9my Inim SmartLivig sa vyzna\u010duj\u00fa jednoduchou in\u0161tal\u00e1ciou a pou\u017e\u00edvan\u00edm, flexibilitou pri dimenzovan\u00ed rie\u0161en\u00ed, vysokou spo\u013eahlivos\u0165ou a mno\u017estvom funkci\u00ed. Syst\u00e9my proti vl\u00e1maniu Inim maj\u00fa stupe\u0148 bezpe\u010dnosti 3 pod\u013ea EN 50131.<\/p>\n<blockquote>\n<h2>ABsistemDCi softv\u00e9r pre integr\u00e1ciu bezpe\u010dnostn\u00fdch a zabezpe\u010dovac\u00edch syst\u00e9mov<\/h2>\n<\/blockquote>\n<p>Softv\u00e9r ABsistemDCi umo\u017e\u0148uje monitorovanie a spr\u00e1vu integrovan\u00fdch bezpe\u010dnostn\u00fdch a bezpe\u010dnostn\u00fdch syst\u00e9mov prostredn\u00edctvom integrovan\u00e9ho rozhrania.<\/p>\n<p>[\/et_pb_text][\/et_pb_column][et_pb_column type=&#8220;1_4&#8243; _builder_version=&#8220;4.6.0&#8243; _module_preset=&#8220;default&#8220; custom_padding_tablet=&#8220;&#8220; custom_padding_phone=&#8220;&#8220; custom_padding_last_edited=&#8220;on|phone&#8220; global_colors_info=&#8220;{}&#8220;][et_pb_image src=&#8220;https:\/\/www.alarmautomatika.com\/wp-content\/uploads\/2020\/10\/idea-project-logo-home-banner.png&#8220; alt=&#8220;iDEA Project&#8220; title_text=&#8220;iDEA Project&#8220; align=&#8220;center&#8220; _builder_version=&#8220;4.7.4&#8243; _module_preset=&#8220;default&#8220; global_colors_info=&#8220;{}&#8220;][\/et_pb_image][et_pb_accordion module_class=&#8220;idea-value-propositions&#8220; _builder_version=&#8220;4.9.4&#8243; _module_preset=&#8220;default&#8220; global_module=&#8220;8294&#8243; global_colors_info=&#8220;{}&#8220;][et_pb_accordion_item title=&#8220;Blank&#8220; open=&#8220;on&#8220; _builder_version=&#8220;4.9.4&#8243; _module_preset=&#8220;default&#8220; custom_css_main_element=&#8220;display:none;&#8220; global_colors_info=&#8220;{}&#8220;][\/et_pb_accordion_item][et_pb_accordion_item title=&#8220;Clients&#8220; _builder_version=&#8220;4.9.0&#8243; _module_preset=&#8220;default&#8220; global_colors_info=&#8220;{}&#8220; open=&#8220;off&#8220;]<\/p>\n<p><a href=\"https:\/\/www.alarmautomatika.com\/sk\/clients\/architekti\/\">Arhitekti<\/a><\/p>\n<p><a href=\"https:\/\/www.alarmautomatika.com\/sk\/clients\/elektrotechnicki-dizajneri\/\">Elektro projektanti<\/a><\/p>\n<p><a href=\"https:\/\/www.alarmautomatika.com\/sk\/clients\/stavebnictvo-a-stavebny-sektor\/\">Gra\u0111evinari<\/a><\/p>\n<p><a href=\"https:\/\/www.alarmautomatika.com\/sk\/clients\/elektrotechnici\/\">Elektro instalateri<\/a><\/p>\n<p><a href=\"https:\/\/www.alarmautomatika.com\/sk\/clients\/systemovi-integratori\/\">Sistem integratori<\/a><\/p>\n<p>[\/et_pb_accordion_item][et_pb_accordion_item title=&#8220;Products&#8220; _builder_version=&#8220;4.9.4&#8243; _module_preset=&#8220;default&#8220; global_colors_info=&#8220;{}&#8220; open=&#8220;off&#8220;]<\/p>\n<p><a href=\"https:\/\/www.alarmautomatika.com\/en\/products\/inim-previdia\/\">Dojava po\u017eara<\/a><\/p>\n<p><a href=\"https:\/\/www.alarmautomatika.com\/sk\/produkty\/plynovy-poplach\/\">Dojava plina<\/a><\/p>\n<p><a href=\"https:\/\/www.alarmautomatika.com\/sk\/produkty\/hasiace-systemy\/\">Sustavi ga\u0161enja po\u017eara<\/a><\/p>\n<p><a href=\"https:\/\/www.alarmautomatika.com\/sk\/produkty\/evacuation-and-public-address-systems\/\">Evakuacijski (EVAC) i javni (PA) razglas<\/a><\/p>\n<p><a href=\"https:\/\/www.alarmautomatika.com\/sk\/produkty\/systemy-odvodu-dymu-a-tepla-a-ventilacie\/\">Odvo\u0111enje dima i topline i upravljanje po\u017earnim sektorima<\/a><\/p>\n<p><a href=\"https:\/\/www.alarmautomatika.com\/sk\/produkty\/nudzove-osvetlenie\/\">Panik rasvjeta<\/a><\/p>\n<p><a href=\"https:\/\/www.alarmautomatika.com\/sk\/produkty\/technicke-zabezpecenie\/\">Tehni\u010dka za\u0161tita<\/a><\/p>\n<p>[\/et_pb_accordion_item][et_pb_accordion_item title=&#8220;Softwares&#8220; _builder_version=&#8220;4.9.0&#8243; _module_preset=&#8220;default&#8220; global_colors_info=&#8220;{}&#8220; open=&#8220;off&#8220;]<\/p>\n<p><a href=\"https:\/\/www.alarmautomatika.com\/sk\/softwares\/supervision-and-management-of-technical-security-systems\/\">Nadzor i upravljanje sustavima za\u0161tite<\/a><\/p>\n<p>[\/et_pb_accordion_item][et_pb_accordion_item title=&#8220;Services&#8220; _builder_version=&#8220;4.9.0&#8243; _module_preset=&#8220;default&#8220; global_colors_info=&#8220;{}&#8220; open=&#8220;off&#8220;]<\/p>\n<p><a href=\"https:\/\/www.alarmautomatika.com\/sk\/services\/high-professionalism-in-all-project-phases\/#projektiranje-i-projektna-podrska\" data-et-has-event-already=\"true\">Projektiranje i projektna podr\u0161ka<\/a><\/p>\n<p><a href=\"https:\/\/www.alarmautomatika.com\/sk\/services\/high-professionalism-in-all-project-phases\/#vodjenje-projekata\" data-et-has-event-already=\"true\">Vo\u0111enje projekata<\/a><\/p>\n<p><a href=\"https:\/\/www.alarmautomatika.com\/sk\/services\/high-professionalism-in-all-project-phases\/#programiranje-i-integracija-sustava\" data-et-has-event-already=\"true\">Programiranje i integracija sustava<\/a><\/p>\n<p><a href=\"https:\/\/www.alarmautomatika.com\/sk\/services\/vysoka-profesionalita-vo-vsetkych-fazach-projektu\/#pustanje-sustava-u-rad\">Pu\u0161tanje sustava u rad<\/a><\/p>\n<p><a href=\"https:\/\/www.alarmautomatika.com\/sk\/services\/high-professionalism-in-all-project-phases\/#certificiranje\" data-et-has-event-already=\"true\">Certificiranje<\/a><\/p>\n<p><a href=\"https:\/\/www.alarmautomatika.com\/sk\/services\/high-professionalism-in-all-project-phases\/#idea-project-katalog-i-b2b-platforma\" data-et-has-event-already=\"true\">Projektni katalog i B2B platforma<\/a><\/p>\n<p>[\/et_pb_accordion_item][et_pb_accordion_item title=&#8220;Platform&#8220; _builder_version=&#8220;4.9.0&#8243; _module_preset=&#8220;default&#8220; global_colors_info=&#8220;{}&#8220; open=&#8220;off&#8220;]<\/p>\n<p><a href=\"https:\/\/www.alarmautomatika.com\/sk\/platforma\/#b2b-projektna-dokumentacija\" data-et-has-event-already=\"true\">B2B platforma s cjelokupnom dokumentacijom<\/a><\/p>\n<p>[\/et_pb_accordion_item][\/et_pb_accordion][\/et_pb_column][\/et_pb_row][\/et_pb_section]<\/p>\n","protected":false},"excerpt":{"rendered":"<p>Idis &#8211; rie\u0161enie video monitorovania Rie\u0161enia Idis s\u00fa zalo\u017een\u00e9 na technol\u00f3gii DirectIP\u00ae, ktor\u00e1 umo\u017e\u0148uje nastavenie syst\u00e9mu Plug &amp; Play (IP kamery, rekord\u00e9ry, sie\u0165ov\u00e9 zariadenia) bez zlo\u017eitej konfigur\u00e1cie. D\u00f4le\u017eitou vlastnos\u0165ou je kri\u0161t\u00e1\u013eovo \u010dist\u00fd obraz. Kantech &#8211; rie\u0161enia kontroly pr\u00edstupu V\u010faka svojej flexibilite s\u00fa pr\u00edstupov\u00e9 syst\u00e9my Kantech vhodn\u00e9 najm\u00e4 pre ve\u013ek\u00e9, zlo\u017eit\u00e9 aplik\u00e1cie, kde je potrebn\u00e9 zabezpe\u010di\u0165 [&hellip;]<\/p>\n","protected":false},"author":15,"featured_media":0,"parent":41454,"menu_order":0,"comment_status":"closed","ping_status":"closed","template":"","meta":{"_et_pb_use_builder":"on","_et_pb_old_content":"","_et_gb_content_width":"","footnotes":""},"class_list":["post-27342","page","type-page","status-publish","hentry"],"_links":{"self":[{"href":"https:\/\/www.alarmautomatika.com\/sk\/wp-json\/wp\/v2\/pages\/27342","targetHints":{"allow":["GET"]}}],"collection":[{"href":"https:\/\/www.alarmautomatika.com\/sk\/wp-json\/wp\/v2\/pages"}],"about":[{"href":"https:\/\/www.alarmautomatika.com\/sk\/wp-json\/wp\/v2\/types\/page"}],"author":[{"embeddable":true,"href":"https:\/\/www.alarmautomatika.com\/sk\/wp-json\/wp\/v2\/users\/15"}],"replies":[{"embeddable":true,"href":"https:\/\/www.alarmautomatika.com\/sk\/wp-json\/wp\/v2\/comments?post=27342"}],"version-history":[{"count":2,"href":"https:\/\/www.alarmautomatika.com\/sk\/wp-json\/wp\/v2\/pages\/27342\/revisions"}],"predecessor-version":[{"id":50354,"href":"https:\/\/www.alarmautomatika.com\/sk\/wp-json\/wp\/v2\/pages\/27342\/revisions\/50354"}],"up":[{"embeddable":true,"href":"https:\/\/www.alarmautomatika.com\/sk\/wp-json\/wp\/v2\/pages\/41454"}],"wp:attachment":[{"href":"https:\/\/www.alarmautomatika.com\/sk\/wp-json\/wp\/v2\/media?parent=27342"}],"curies":[{"name":"wp","href":"https:\/\/api.w.org\/{rel}","templated":true}]}}